{"id":14799,"date":"2026-03-26T11:46:05","date_gmt":"2026-03-26T11:46:05","guid":{"rendered":"https:\/\/eshop.pitenis.eu\/?post_type=product&#038;p=14799"},"modified":"2026-03-26T12:01:02","modified_gmt":"2026-03-26T12:01:02","slug":"set-de-biere","status":"publish","type":"product","link":"https:\/\/staging.pitenis.eu\/fr\/produit\/set-de-biere\/","title":{"rendered":"Set de Bi\u00e8re"},"content":{"rendered":"<p data-start=\"87\" data-end=\"391\"><strong data-start=\"87\" data-end=\"181\">Nous avons tout ce qu\u2019il vous faut pour chaque soir\u00e9e football \u2013 et bien plus encore ! \u26bd<\/strong><br data-start=\"181\" data-end=\"184\" \/>D\u00e9couvrez notre <strong data-start=\"200\" data-end=\"217\">Coffret Bi\u00e8re<\/strong> sur notre eshop pour seulement <strong data-start=\"249\" data-end=\"260\">45,18 \u20ac<\/strong>, profitez de la <strong data-start=\"277\" data-end=\"299\">livraison gratuite<\/strong> et laissez-vous s\u00e9duire par des saveurs uniques qui ne vous laisseront pas indiff\u00e9rent(e) !<\/p>\n<p data-start=\"393\" data-end=\"417\"><strong data-start=\"393\" data-end=\"417\">Contenu du coffret :<\/strong><\/p>\n<ul data-start=\"418\" data-end=\"795\">\n<li data-section-id=\"1mtd2vd\" data-start=\"418\" data-end=\"441\">Sauce \u00e9pic\u00e9e (2 kg)<\/li>\n<li data-section-id=\"1f1tbsr\" data-start=\"442\" data-end=\"481\">Moutarde au miel et au thym (220 g)<\/li>\n<li data-section-id=\"1ivibuy\" data-start=\"482\" data-end=\"519\">Mayonnaise au jaune d\u2019\u0153uf (480 g)<\/li>\n<li data-section-id=\"n5s6bb\" data-start=\"520\" data-end=\"570\">Tartinade de feta \u00e9pic\u00e9e (Tyrokafteri) (200 g)<\/li>\n<li data-section-id=\"1ygz4ra\" data-start=\"571\" data-end=\"597\">Sauce barbecue (480 g)<\/li>\n<li data-section-id=\"1c0juy0\" data-start=\"598\" data-end=\"629\">Salade d\u2019aubergines (200 g)<\/li>\n<li data-section-id=\"1l53eb2\" data-start=\"630\" data-end=\"655\">Sauce cheddar (480 g)<\/li>\n<li data-section-id=\"d6ki1\" data-start=\"656\" data-end=\"684\">Salade du jardin (200 g)<\/li>\n<li data-section-id=\"1lg1geh\" data-start=\"685\" data-end=\"717\">Sp\u00e9cialit\u00e9 hongroise (200 g)<\/li>\n<li data-section-id=\"cfyt9i\" data-start=\"718\" data-end=\"746\">Salade de jambon (200 g)<\/li>\n<li data-section-id=\"1ssd8op\" data-start=\"747\" data-end=\"795\">Feuilles de vigne farcies \u00e0 la grenade (475 g)<\/li>\n<\/ul>\n","protected":false},"excerpt":{"rendered":"<p data-start=\"87\" data-end=\"391\"><strong data-start=\"87\" data-end=\"181\">Nous avons tout ce qu\u2019il vous faut pour chaque soir\u00e9e football \u2013 et bien plus encore ! \u26bd<\/strong><br data-start=\"181\" data-end=\"184\" \/>D\u00e9couvrez notre <strong data-start=\"200\" data-end=\"217\">Coffret Bi\u00e8re<\/strong> sur notre eshop pour seulement <strong data-start=\"249\" data-end=\"260\">45,18 \u20ac<\/strong>, profitez de la <strong data-start=\"277\" data-end=\"299\">livraison gratuite<\/strong> et laissez-vous s\u00e9duire par des saveurs uniques qui ne vous laisseront pas indiff\u00e9rent(e) !<\/p>\n<p data-start=\"393\" data-end=\"417\"><strong data-start=\"393\" data-end=\"417\">Contenu du coffret :<\/strong><\/p>\n<ul data-start=\"418\" data-end=\"795\">\n<li data-section-id=\"1mtd2vd\" data-start=\"418\" data-end=\"441\">Sauce \u00e9pic\u00e9e (2 kg)<\/li>\n<li data-section-id=\"1f1tbsr\" data-start=\"442\" data-end=\"481\">Moutarde au miel et au thym (220 g)<\/li>\n<li data-section-id=\"1ivibuy\" data-start=\"482\" data-end=\"519\">Mayonnaise au jaune d\u2019\u0153uf (480 g)<\/li>\n<li data-section-id=\"n5s6bb\" data-start=\"520\" data-end=\"570\">Tartinade de feta \u00e9pic\u00e9e (Tyrokafteri) (200 g)<\/li>\n<li data-section-id=\"1ygz4ra\" data-start=\"571\" data-end=\"597\">Sauce barbecue (480 g)<\/li>\n<li data-section-id=\"1c0juy0\" data-start=\"598\" data-end=\"629\">Salade d\u2019aubergines (200 g)<\/li>\n<li data-section-id=\"1l53eb2\" data-start=\"630\" data-end=\"655\">Sauce cheddar (480 g)<\/li>\n<li data-section-id=\"d6ki1\" data-start=\"656\" data-end=\"684\">Salade du jardin (200 g)<\/li>\n<li data-section-id=\"1lg1geh\" data-start=\"685\" data-end=\"717\">Sp\u00e9cialit\u00e9 hongroise (200 g)<\/li>\n<li data-section-id=\"cfyt9i\" data-start=\"718\" data-end=\"746\">Salade de jambon (200 g)<\/li>\n<li data-section-id=\"1ssd8op\" data-start=\"747\" data-end=\"795\">Feuilles de vigne farcies \u00e0 la grenade (475 g)<\/li>\n<\/ul>\n","protected":false},"featured_media":14775,"comment_status":"open","ping_status":"closed","template":"","meta":{"_acf_changed":false},"product_cat":[399],"product_tag":[],"class_list":{"0":"post-14799","1":"product","2":"type-product","3":"status-publish","4":"has-post-thumbnail","6":"product_cat-offrir-des-forfaits","8":"first","9":"instock","10":"sale","11":"taxable","12":"shipping-taxable","13":"purchasable","14":"product-type-simple"},"acf":[],"yoast_head":"<!-- This site is optimized with the Yoast SEO plugin v27.4 - https:\/\/yoast.com\/product\/yoast-seo-wordpress\/ -->\n<title>Set de Bi\u00e8re - Pitenis Shop | &#039;\u0395\u03c4\u03bf\u03b9\u03bc\u03b5\u03c2 \u03c3\u03b1\u03bb\u03ac\u03c4\u03b5\u03c2<\/title>\n<meta name=\"robots\" content=\"index, follow, max-snippet:-1, max-image-preview:large, max-video-preview:-1\" \/>\n<link rel=\"canonical\" href=\"https:\/\/staging.pitenis.eu\/fr\/produit\/set-de-biere\/\" \/>\n<meta property=\"og:locale\" content=\"fr_FR\" \/>\n<meta property=\"og:type\" content=\"article\" \/>\n<meta property=\"og:title\" content=\"Set de Bi\u00e8re - Pitenis Shop | &#039;\u0395\u03c4\u03bf\u03b9\u03bc\u03b5\u03c2 \u03c3\u03b1\u03bb\u03ac\u03c4\u03b5\u03c2\" \/>\n<meta property=\"og:description\" content=\"Nous avons tout ce qu\u2019il vous faut pour chaque soir\u00e9e football \u2013 et bien plus encore ! \u26bdD\u00e9couvrez notre Coffret Bi\u00e8re sur notre eshop pour seulement 45,18 \u20ac, profitez de la livraison gratuite et laissez-vous s\u00e9duire par des saveurs uniques qui ne vous laisseront pas indiff\u00e9rent(e) ! Contenu du coffret :    Sauce \u00e9pic\u00e9e (2 kg)  Moutarde au miel et au thym (220 g)  Mayonnaise au jaune d\u2019\u0153uf (480 g)  Tartinade de feta \u00e9pic\u00e9e (Tyrokafteri) (200 g)  Sauce barbecue (480 g)  Salade d\u2019aubergines (200 g)  Sauce cheddar (480 g)  Salade du jardin (200 g)  Sp\u00e9cialit\u00e9 hongroise (200 g)  Salade de jambon (200 g)  Feuilles de vigne farcies \u00e0 la grenade (475 g)\" \/>\n<meta property=\"og:url\" content=\"https:\/\/staging.pitenis.eu\/fr\/produit\/set-de-biere\/\" \/>\n<meta property=\"og:site_name\" content=\"Pitenis Shop | &#039;\u0395\u03c4\u03bf\u03b9\u03bc\u03b5\u03c2 \u03c3\u03b1\u03bb\u03ac\u03c4\u03b5\u03c2\" \/>\n<meta property=\"article:modified_time\" content=\"2026-03-26T12:01:02+00:00\" \/>\n<meta property=\"og:image\" content=\"https:\/\/staging.pitenis.eu\/wp-content\/uploads\/2026\/03\/BEER-SET_GR_2\u0392.jpg\" \/>\n\t<meta property=\"og:image:width\" content=\"2251\" \/>\n\t<meta property=\"og:image:height\" content=\"2251\" \/>\n\t<meta property=\"og:image:type\" content=\"image\/jpeg\" \/>\n<meta name=\"twitter:card\" content=\"summary_large_image\" \/>\n<meta name=\"twitter:label1\" content=\"Dur\u00e9e de lecture estim\u00e9e\" \/>\n\t<meta name=\"twitter:data1\" content=\"1 minute\" \/>\n<script type=\"application\/ld+json\" class=\"yoast-schema-graph\">{\"@context\":\"https:\\\/\\\/schema.org\",\"@graph\":[{\"@type\":\"WebPage\",\"@id\":\"https:\\\/\\\/staging.pitenis.eu\\\/fr\\\/produit\\\/set-de-biere\\\/\",\"url\":\"https:\\\/\\\/staging.pitenis.eu\\\/fr\\\/produit\\\/set-de-biere\\\/\",\"name\":\"Set de Bi\u00e8re - Pitenis Shop | &#039;\u0395\u03c4\u03bf\u03b9\u03bc\u03b5\u03c2 \u03c3\u03b1\u03bb\u03ac\u03c4\u03b5\u03c2\",\"isPartOf\":{\"@id\":\"https:\\\/\\\/staging.pitenis.eu\\\/fr\\\/#website\"},\"primaryImageOfPage\":{\"@id\":\"https:\\\/\\\/staging.pitenis.eu\\\/fr\\\/produit\\\/set-de-biere\\\/#primaryimage\"},\"image\":{\"@id\":\"https:\\\/\\\/staging.pitenis.eu\\\/fr\\\/produit\\\/set-de-biere\\\/#primaryimage\"},\"thumbnailUrl\":\"https:\\\/\\\/staging.pitenis.eu\\\/wp-content\\\/uploads\\\/2026\\\/03\\\/BEER-SET_GR_2\u0392.jpg\",\"datePublished\":\"2026-03-26T11:46:05+00:00\",\"dateModified\":\"2026-03-26T12:01:02+00:00\",\"breadcrumb\":{\"@id\":\"https:\\\/\\\/staging.pitenis.eu\\\/fr\\\/produit\\\/set-de-biere\\\/#breadcrumb\"},\"inLanguage\":\"fr-FR\",\"potentialAction\":[{\"@type\":\"ReadAction\",\"target\":[\"https:\\\/\\\/staging.pitenis.eu\\\/fr\\\/produit\\\/set-de-biere\\\/\"]}]},{\"@type\":\"ImageObject\",\"inLanguage\":\"fr-FR\",\"@id\":\"https:\\\/\\\/staging.pitenis.eu\\\/fr\\\/produit\\\/set-de-biere\\\/#primaryimage\",\"url\":\"https:\\\/\\\/staging.pitenis.eu\\\/wp-content\\\/uploads\\\/2026\\\/03\\\/BEER-SET_GR_2\u0392.jpg\",\"contentUrl\":\"https:\\\/\\\/staging.pitenis.eu\\\/wp-content\\\/uploads\\\/2026\\\/03\\\/BEER-SET_GR_2\u0392.jpg\",\"width\":2251,\"height\":2251},{\"@type\":\"BreadcrumbList\",\"@id\":\"https:\\\/\\\/staging.pitenis.eu\\\/fr\\\/produit\\\/set-de-biere\\\/#breadcrumb\",\"itemListElement\":[{\"@type\":\"ListItem\",\"position\":1,\"name\":\"Home\",\"item\":\"https:\\\/\\\/staging.pitenis.eu\\\/fr\\\/\"},{\"@type\":\"ListItem\",\"position\":2,\"name\":\"Boutique\",\"item\":\"https:\\\/\\\/staging.pitenis.eu\\\/%ce%ba%ce%b1%cf%84%ce%ac%cf%83%cf%84%ce%b7%ce%bc%ce%b1\\\/\"},{\"@type\":\"ListItem\",\"position\":3,\"name\":\"Set de Bi\u00e8re\"}]},{\"@type\":\"WebSite\",\"@id\":\"https:\\\/\\\/staging.pitenis.eu\\\/fr\\\/#website\",\"url\":\"https:\\\/\\\/staging.pitenis.eu\\\/fr\\\/\",\"name\":\"Pitenis Shop | &#039;\u0395\u03c4\u03bf\u03b9\u03bc\u03b5\u03c2 \u03c3\u03b1\u03bb\u03ac\u03c4\u03b5\u03c2\",\"description\":\"\u03b1\u03bb\u03bf\u03b9\u03c6\u03ad\u03c2, \u03c8\u03b1\u03c1\u03b9\u03ba\u03ac, \u03c4\u03bf\u03c5\u03c1\u03c3\u03ac\u03ba\u03b9\u03b1\",\"publisher\":{\"@id\":\"https:\\\/\\\/staging.pitenis.eu\\\/fr\\\/#organization\"},\"potentialAction\":[{\"@type\":\"SearchAction\",\"target\":{\"@type\":\"EntryPoint\",\"urlTemplate\":\"https:\\\/\\\/staging.pitenis.eu\\\/fr\\\/?s={search_term_string}\"},\"query-input\":{\"@type\":\"PropertyValueSpecification\",\"valueRequired\":true,\"valueName\":\"search_term_string\"}}],\"inLanguage\":\"fr-FR\"},{\"@type\":\"Organization\",\"@id\":\"https:\\\/\\\/staging.pitenis.eu\\\/fr\\\/#organization\",\"name\":\"Pitenis Shop | &#039;\u0395\u03c4\u03bf\u03b9\u03bc\u03b5\u03c2 \u03c3\u03b1\u03bb\u03ac\u03c4\u03b5\u03c2\",\"url\":\"https:\\\/\\\/staging.pitenis.eu\\\/fr\\\/\",\"logo\":{\"@type\":\"ImageObject\",\"inLanguage\":\"fr-FR\",\"@id\":\"https:\\\/\\\/staging.pitenis.eu\\\/fr\\\/#\\\/schema\\\/logo\\\/image\\\/\",\"url\":\"https:\\\/\\\/staging.pitenis.eu\\\/wp-content\\\/uploads\\\/2025\\\/04\\\/cropped-pitenis_logo.png\",\"contentUrl\":\"https:\\\/\\\/staging.pitenis.eu\\\/wp-content\\\/uploads\\\/2025\\\/04\\\/cropped-pitenis_logo.png\",\"width\":172,\"height\":74,\"caption\":\"Pitenis Shop | &#039;\u0395\u03c4\u03bf\u03b9\u03bc\u03b5\u03c2 \u03c3\u03b1\u03bb\u03ac\u03c4\u03b5\u03c2\"},\"image\":{\"@id\":\"https:\\\/\\\/staging.pitenis.eu\\\/fr\\\/#\\\/schema\\\/logo\\\/image\\\/\"}}]}<\/script>\n<!-- \/ Yoast SEO plugin. -->","yoast_head_json":{"title":"Set de Bi\u00e8re - Pitenis Shop | &#039;\u0395\u03c4\u03bf\u03b9\u03bc\u03b5\u03c2 \u03c3\u03b1\u03bb\u03ac\u03c4\u03b5\u03c2","robots":{"index":"index","follow":"follow","max-snippet":"max-snippet:-1","max-image-preview":"max-image-preview:large","max-video-preview":"max-video-preview:-1"},"canonical":"https:\/\/staging.pitenis.eu\/fr\/produit\/set-de-biere\/","og_locale":"fr_FR","og_type":"article","og_title":"Set de Bi\u00e8re - Pitenis Shop | &#039;\u0395\u03c4\u03bf\u03b9\u03bc\u03b5\u03c2 \u03c3\u03b1\u03bb\u03ac\u03c4\u03b5\u03c2","og_description":"Nous avons tout ce qu\u2019il vous faut pour chaque soir\u00e9e football \u2013 et bien plus encore ! \u26bdD\u00e9couvrez notre Coffret Bi\u00e8re sur notre eshop pour seulement 45,18 \u20ac, profitez de la livraison gratuite et laissez-vous s\u00e9duire par des saveurs uniques qui ne vous laisseront pas indiff\u00e9rent(e) ! Contenu du coffret :    Sauce \u00e9pic\u00e9e (2 kg)  Moutarde au miel et au thym (220 g)  Mayonnaise au jaune d\u2019\u0153uf (480 g)  Tartinade de feta \u00e9pic\u00e9e (Tyrokafteri) (200 g)  Sauce barbecue (480 g)  Salade d\u2019aubergines (200 g)  Sauce cheddar (480 g)  Salade du jardin (200 g)  Sp\u00e9cialit\u00e9 hongroise (200 g)  Salade de jambon (200 g)  Feuilles de vigne farcies \u00e0 la grenade (475 g)","og_url":"https:\/\/staging.pitenis.eu\/fr\/produit\/set-de-biere\/","og_site_name":"Pitenis Shop | &#039;\u0395\u03c4\u03bf\u03b9\u03bc\u03b5\u03c2 \u03c3\u03b1\u03bb\u03ac\u03c4\u03b5\u03c2","article_modified_time":"2026-03-26T12:01:02+00:00","og_image":[{"width":2251,"height":2251,"url":"https:\/\/staging.pitenis.eu\/wp-content\/uploads\/2026\/03\/BEER-SET_GR_2\u0392.jpg","type":"image\/jpeg"}],"twitter_card":"summary_large_image","twitter_misc":{"Dur\u00e9e de lecture estim\u00e9e":"1 minute"},"schema":{"@context":"https:\/\/schema.org","@graph":[{"@type":"WebPage","@id":"https:\/\/staging.pitenis.eu\/fr\/produit\/set-de-biere\/","url":"https:\/\/staging.pitenis.eu\/fr\/produit\/set-de-biere\/","name":"Set de Bi\u00e8re - Pitenis Shop | &#039;\u0395\u03c4\u03bf\u03b9\u03bc\u03b5\u03c2 \u03c3\u03b1\u03bb\u03ac\u03c4\u03b5\u03c2","isPartOf":{"@id":"https:\/\/staging.pitenis.eu\/fr\/#website"},"primaryImageOfPage":{"@id":"https:\/\/staging.pitenis.eu\/fr\/produit\/set-de-biere\/#primaryimage"},"image":{"@id":"https:\/\/staging.pitenis.eu\/fr\/produit\/set-de-biere\/#primaryimage"},"thumbnailUrl":"https:\/\/staging.pitenis.eu\/wp-content\/uploads\/2026\/03\/BEER-SET_GR_2\u0392.jpg","datePublished":"2026-03-26T11:46:05+00:00","dateModified":"2026-03-26T12:01:02+00:00","breadcrumb":{"@id":"https:\/\/staging.pitenis.eu\/fr\/produit\/set-de-biere\/#breadcrumb"},"inLanguage":"fr-FR","potentialAction":[{"@type":"ReadAction","target":["https:\/\/staging.pitenis.eu\/fr\/produit\/set-de-biere\/"]}]},{"@type":"ImageObject","inLanguage":"fr-FR","@id":"https:\/\/staging.pitenis.eu\/fr\/produit\/set-de-biere\/#primaryimage","url":"https:\/\/staging.pitenis.eu\/wp-content\/uploads\/2026\/03\/BEER-SET_GR_2\u0392.jpg","contentUrl":"https:\/\/staging.pitenis.eu\/wp-content\/uploads\/2026\/03\/BEER-SET_GR_2\u0392.jpg","width":2251,"height":2251},{"@type":"BreadcrumbList","@id":"https:\/\/staging.pitenis.eu\/fr\/produit\/set-de-biere\/#breadcrumb","itemListElement":[{"@type":"ListItem","position":1,"name":"Home","item":"https:\/\/staging.pitenis.eu\/fr\/"},{"@type":"ListItem","position":2,"name":"Boutique","item":"https:\/\/staging.pitenis.eu\/%ce%ba%ce%b1%cf%84%ce%ac%cf%83%cf%84%ce%b7%ce%bc%ce%b1\/"},{"@type":"ListItem","position":3,"name":"Set de Bi\u00e8re"}]},{"@type":"WebSite","@id":"https:\/\/staging.pitenis.eu\/fr\/#website","url":"https:\/\/staging.pitenis.eu\/fr\/","name":"Pitenis Shop | &#039;\u0395\u03c4\u03bf\u03b9\u03bc\u03b5\u03c2 \u03c3\u03b1\u03bb\u03ac\u03c4\u03b5\u03c2","description":"\u03b1\u03bb\u03bf\u03b9\u03c6\u03ad\u03c2, \u03c8\u03b1\u03c1\u03b9\u03ba\u03ac, \u03c4\u03bf\u03c5\u03c1\u03c3\u03ac\u03ba\u03b9\u03b1","publisher":{"@id":"https:\/\/staging.pitenis.eu\/fr\/#organization"},"potentialAction":[{"@type":"SearchAction","target":{"@type":"EntryPoint","urlTemplate":"https:\/\/staging.pitenis.eu\/fr\/?s={search_term_string}"},"query-input":{"@type":"PropertyValueSpecification","valueRequired":true,"valueName":"search_term_string"}}],"inLanguage":"fr-FR"},{"@type":"Organization","@id":"https:\/\/staging.pitenis.eu\/fr\/#organization","name":"Pitenis Shop | &#039;\u0395\u03c4\u03bf\u03b9\u03bc\u03b5\u03c2 \u03c3\u03b1\u03bb\u03ac\u03c4\u03b5\u03c2","url":"https:\/\/staging.pitenis.eu\/fr\/","logo":{"@type":"ImageObject","inLanguage":"fr-FR","@id":"https:\/\/staging.pitenis.eu\/fr\/#\/schema\/logo\/image\/","url":"https:\/\/staging.pitenis.eu\/wp-content\/uploads\/2025\/04\/cropped-pitenis_logo.png","contentUrl":"https:\/\/staging.pitenis.eu\/wp-content\/uploads\/2025\/04\/cropped-pitenis_logo.png","width":172,"height":74,"caption":"Pitenis Shop | &#039;\u0395\u03c4\u03bf\u03b9\u03bc\u03b5\u03c2 \u03c3\u03b1\u03bb\u03ac\u03c4\u03b5\u03c2"},"image":{"@id":"https:\/\/staging.pitenis.eu\/fr\/#\/schema\/logo\/image\/"}}]}},"_links":{"self":[{"href":"https:\/\/staging.pitenis.eu\/fr\/wp-json\/wp\/v2\/product\/14799","targetHints":{"allow":["GET"]}}],"collection":[{"href":"https:\/\/staging.pitenis.eu\/fr\/wp-json\/wp\/v2\/product"}],"about":[{"href":"https:\/\/staging.pitenis.eu\/fr\/wp-json\/wp\/v2\/types\/product"}],"replies":[{"embeddable":true,"href":"https:\/\/staging.pitenis.eu\/fr\/wp-json\/wp\/v2\/comments?post=14799"}],"wp:featuredmedia":[{"embeddable":true,"href":"https:\/\/staging.pitenis.eu\/fr\/wp-json\/wp\/v2\/media\/14775"}],"wp:attachment":[{"href":"https:\/\/staging.pitenis.eu\/fr\/wp-json\/wp\/v2\/media?parent=14799"}],"wp:term":[{"taxonomy":"product_cat","embeddable":true,"href":"https:\/\/staging.pitenis.eu\/fr\/wp-json\/wp\/v2\/product_cat?post=14799"},{"taxonomy":"product_tag","embeddable":true,"href":"https:\/\/staging.pitenis.eu\/fr\/wp-json\/wp\/v2\/product_tag?post=14799"}],"curies":[{"name":"wp","href":"https:\/\/api.w.org\/{rel}","templated":true}]}}