{"id":14703,"date":"2026-03-24T12:12:27","date_gmt":"2026-03-24T12:12:27","guid":{"rendered":"https:\/\/eshop.pitenis.eu\/?post_type=product&#038;p=14703"},"modified":"2026-03-24T12:30:07","modified_gmt":"2026-03-24T12:30:07","slug":"premium-set","status":"publish","type":"product","link":"https:\/\/staging.pitenis.eu\/fr\/produit\/premium-set\/","title":{"rendered":"Premium Set"},"content":{"rendered":"<ul>\n<li data-section-id=\"16d7bgp\" data-start=\"60\" data-end=\"88\">Pastrami de poisson 100g<\/li>\n<li data-section-id=\"1avhe8z\" data-start=\"89\" data-end=\"107\">Sauce BBQ 480g<\/li>\n<li data-section-id=\"11pcnxq\" data-start=\"108\" data-end=\"139\">Ketchup au jaune d&rsquo;\u0153uf 250g<\/li>\n<li data-section-id=\"96uvi\" data-start=\"140\" data-end=\"168\">Moutarde aux herbes 250g<\/li>\n<li data-section-id=\"6bq5z3\" data-start=\"169\" data-end=\"211\">Moutarde \u00e0 la tomate et \u00e0 l\u2019olive 250g<\/li>\n<li data-section-id=\"psii9m\" data-start=\"212\" data-end=\"262\">Piments doux aigre-doux farcis au fromage 410g<\/li>\n<li data-section-id=\"o7pl66\" data-start=\"263\" data-end=\"299\">Poivrons de Florina (bocal) 470g<\/li>\n<li data-section-id=\"9r0p1t\" data-start=\"300\" data-end=\"322\">Poivron farci 200g<\/li>\n<li data-section-id=\"11l6xgf\" data-start=\"323\" data-end=\"359\">Feta piquante (Tyrokafteri) 200g<\/li>\n<li data-section-id=\"gagmbh\" data-start=\"360\" data-end=\"382\">Fromage Tulum 200g<\/li>\n<li data-section-id=\"11hz73z\" data-start=\"383\" data-end=\"399\">Tzatziki 1kg<\/li>\n<li data-section-id=\"1t3yri9\" data-start=\"400\" data-end=\"421\">Salade russe 200g<\/li>\n<li data-section-id=\"rbmxd\" data-start=\"422\" data-end=\"439\">Coleslaw 200g<\/li>\n<li data-section-id=\"1tez2wy\" data-start=\"440\" data-end=\"466\">Caviar d\u2019aubergine 1kg<\/li>\n<li data-section-id=\"lo4sgd\" data-start=\"467\" data-end=\"483\">Paprika 200g<\/li>\n<li data-section-id=\"1m7r8yz\" data-start=\"484\" data-end=\"503\">Bougiourdi 250g<\/li>\n<li data-section-id=\"1wack1q\" data-start=\"504\" data-end=\"538\">Mayonnaise au jaune d&rsquo;\u0153uf 250g<\/li>\n<\/ul>\n","protected":false},"excerpt":{"rendered":"<ul>\n<li data-section-id=\"16d7bgp\" data-start=\"60\" data-end=\"88\">Pastrami de poisson 100g<\/li>\n<li data-section-id=\"1avhe8z\" data-start=\"89\" data-end=\"107\">Sauce BBQ 480g<\/li>\n<li data-section-id=\"11pcnxq\" data-start=\"108\" data-end=\"139\">Ketchup au jaune d&rsquo;\u0153uf 250g<\/li>\n<li data-section-id=\"96uvi\" data-start=\"140\" data-end=\"168\">Moutarde aux herbes 250g<\/li>\n<li data-section-id=\"6bq5z3\" data-start=\"169\" data-end=\"211\">Moutarde \u00e0 la tomate et \u00e0 l\u2019olive 250g<\/li>\n<li data-section-id=\"psii9m\" data-start=\"212\" data-end=\"262\">Piments doux aigre-doux farcis au fromage 410g<\/li>\n<li data-section-id=\"o7pl66\" data-start=\"263\" data-end=\"299\">Poivrons de Florina (bocal) 470g<\/li>\n<li data-section-id=\"9r0p1t\" data-start=\"300\" data-end=\"322\">Poivron farci 200g<\/li>\n<li data-section-id=\"11l6xgf\" data-start=\"323\" data-end=\"359\">Feta piquante (Tyrokafteri) 200g<\/li>\n<li data-section-id=\"gagmbh\" data-start=\"360\" data-end=\"382\">Fromage Tulum 200g<\/li>\n<li data-section-id=\"11hz73z\" data-start=\"383\" data-end=\"399\">Tzatziki 1kg<\/li>\n<li data-section-id=\"1t3yri9\" data-start=\"400\" data-end=\"421\">Salade russe 200g<\/li>\n<li data-section-id=\"rbmxd\" data-start=\"422\" data-end=\"439\">Coleslaw 200g<\/li>\n<li data-section-id=\"1tez2wy\" data-start=\"440\" data-end=\"466\">Caviar d\u2019aubergine 1kg<\/li>\n<li data-section-id=\"lo4sgd\" data-start=\"467\" data-end=\"483\">Paprika 200g<\/li>\n<li data-section-id=\"1m7r8yz\" data-start=\"484\" data-end=\"503\">Bougiourdi 250g<\/li>\n<li data-section-id=\"1wack1q\" data-start=\"504\" data-end=\"538\">Mayonnaise au jaune d&rsquo;\u0153uf 250g<\/li>\n<\/ul>\n","protected":false},"featured_media":15238,"comment_status":"open","ping_status":"closed","template":"","meta":{"_acf_changed":false},"product_cat":[399],"product_tag":[],"class_list":{"0":"post-14703","1":"product","2":"type-product","3":"status-publish","4":"has-post-thumbnail","6":"product_cat-offrir-des-forfaits","8":"first","9":"instock","10":"sale","11":"taxable","12":"shipping-taxable","13":"purchasable","14":"product-type-simple"},"acf":[],"yoast_head":"<!-- This site is optimized with the Yoast SEO plugin v27.4 - https:\/\/yoast.com\/product\/yoast-seo-wordpress\/ -->\n<title>Premium Set - Pitenis Shop | &#039;\u0395\u03c4\u03bf\u03b9\u03bc\u03b5\u03c2 \u03c3\u03b1\u03bb\u03ac\u03c4\u03b5\u03c2<\/title>\n<meta name=\"robots\" content=\"index, follow, max-snippet:-1, max-image-preview:large, max-video-preview:-1\" \/>\n<link rel=\"canonical\" href=\"https:\/\/staging.pitenis.eu\/fr\/produit\/premium-set\/\" \/>\n<meta property=\"og:locale\" content=\"fr_FR\" \/>\n<meta property=\"og:type\" content=\"article\" \/>\n<meta property=\"og:title\" content=\"Premium Set - Pitenis Shop | &#039;\u0395\u03c4\u03bf\u03b9\u03bc\u03b5\u03c2 \u03c3\u03b1\u03bb\u03ac\u03c4\u03b5\u03c2\" \/>\n<meta property=\"og:description\" content=\"Pastrami de poisson 100g  Sauce BBQ 480g  Ketchup au jaune d&#039;\u0153uf 250g  Moutarde aux herbes 250g  Moutarde \u00e0 la tomate et \u00e0 l\u2019olive 250g  Piments doux aigre-doux farcis au fromage 410g  Poivrons de Florina (bocal) 470g  Poivron farci 200g  Feta piquante (Tyrokafteri) 200g  Fromage Tulum 200g  Tzatziki 1kg  Salade russe 200g  Coleslaw 200g  Caviar d\u2019aubergine 1kg  Paprika 200g  Bougiourdi 250g  Mayonnaise au jaune d&#039;\u0153uf 250g\" \/>\n<meta property=\"og:url\" content=\"https:\/\/staging.pitenis.eu\/fr\/produit\/premium-set\/\" \/>\n<meta property=\"og:site_name\" content=\"Pitenis Shop | &#039;\u0395\u03c4\u03bf\u03b9\u03bc\u03b5\u03c2 \u03c3\u03b1\u03bb\u03ac\u03c4\u03b5\u03c2\" \/>\n<meta property=\"article:modified_time\" content=\"2026-03-24T12:30:07+00:00\" \/>\n<meta property=\"og:image\" content=\"https:\/\/staging.pitenis.eu\/wp-content\/uploads\/2026\/03\/Banner_02_GR02-2-1024x1024.jpg\" \/>\n\t<meta property=\"og:image:width\" content=\"1024\" \/>\n\t<meta property=\"og:image:height\" content=\"1024\" \/>\n\t<meta property=\"og:image:type\" content=\"image\/jpeg\" \/>\n<meta name=\"twitter:card\" content=\"summary_large_image\" \/>\n<meta name=\"twitter:label1\" content=\"Dur\u00e9e de lecture estim\u00e9e\" \/>\n\t<meta name=\"twitter:data1\" content=\"1 minute\" \/>\n<script type=\"application\/ld+json\" class=\"yoast-schema-graph\">{\"@context\":\"https:\\\/\\\/schema.org\",\"@graph\":[{\"@type\":\"WebPage\",\"@id\":\"https:\\\/\\\/staging.pitenis.eu\\\/fr\\\/produit\\\/premium-set\\\/\",\"url\":\"https:\\\/\\\/staging.pitenis.eu\\\/fr\\\/produit\\\/premium-set\\\/\",\"name\":\"Premium Set - Pitenis Shop | &#039;\u0395\u03c4\u03bf\u03b9\u03bc\u03b5\u03c2 \u03c3\u03b1\u03bb\u03ac\u03c4\u03b5\u03c2\",\"isPartOf\":{\"@id\":\"https:\\\/\\\/staging.pitenis.eu\\\/fr\\\/#website\"},\"primaryImageOfPage\":{\"@id\":\"https:\\\/\\\/staging.pitenis.eu\\\/fr\\\/produit\\\/premium-set\\\/#primaryimage\"},\"image\":{\"@id\":\"https:\\\/\\\/staging.pitenis.eu\\\/fr\\\/produit\\\/premium-set\\\/#primaryimage\"},\"thumbnailUrl\":\"https:\\\/\\\/staging.pitenis.eu\\\/wp-content\\\/uploads\\\/2026\\\/03\\\/Banner_02_GR02-2.jpg\",\"datePublished\":\"2026-03-24T12:12:27+00:00\",\"dateModified\":\"2026-03-24T12:30:07+00:00\",\"breadcrumb\":{\"@id\":\"https:\\\/\\\/staging.pitenis.eu\\\/fr\\\/produit\\\/premium-set\\\/#breadcrumb\"},\"inLanguage\":\"fr-FR\",\"potentialAction\":[{\"@type\":\"ReadAction\",\"target\":[\"https:\\\/\\\/staging.pitenis.eu\\\/fr\\\/produit\\\/premium-set\\\/\"]}]},{\"@type\":\"ImageObject\",\"inLanguage\":\"fr-FR\",\"@id\":\"https:\\\/\\\/staging.pitenis.eu\\\/fr\\\/produit\\\/premium-set\\\/#primaryimage\",\"url\":\"https:\\\/\\\/staging.pitenis.eu\\\/wp-content\\\/uploads\\\/2026\\\/03\\\/Banner_02_GR02-2.jpg\",\"contentUrl\":\"https:\\\/\\\/staging.pitenis.eu\\\/wp-content\\\/uploads\\\/2026\\\/03\\\/Banner_02_GR02-2.jpg\",\"width\":2251,\"height\":2251},{\"@type\":\"BreadcrumbList\",\"@id\":\"https:\\\/\\\/staging.pitenis.eu\\\/fr\\\/produit\\\/premium-set\\\/#breadcrumb\",\"itemListElement\":[{\"@type\":\"ListItem\",\"position\":1,\"name\":\"Home\",\"item\":\"https:\\\/\\\/staging.pitenis.eu\\\/fr\\\/\"},{\"@type\":\"ListItem\",\"position\":2,\"name\":\"Boutique\",\"item\":\"https:\\\/\\\/staging.pitenis.eu\\\/%ce%ba%ce%b1%cf%84%ce%ac%cf%83%cf%84%ce%b7%ce%bc%ce%b1\\\/\"},{\"@type\":\"ListItem\",\"position\":3,\"name\":\"Premium Set\"}]},{\"@type\":\"WebSite\",\"@id\":\"https:\\\/\\\/staging.pitenis.eu\\\/fr\\\/#website\",\"url\":\"https:\\\/\\\/staging.pitenis.eu\\\/fr\\\/\",\"name\":\"Pitenis Shop | &#039;\u0395\u03c4\u03bf\u03b9\u03bc\u03b5\u03c2 \u03c3\u03b1\u03bb\u03ac\u03c4\u03b5\u03c2\",\"description\":\"\u03b1\u03bb\u03bf\u03b9\u03c6\u03ad\u03c2, \u03c8\u03b1\u03c1\u03b9\u03ba\u03ac, \u03c4\u03bf\u03c5\u03c1\u03c3\u03ac\u03ba\u03b9\u03b1\",\"publisher\":{\"@id\":\"https:\\\/\\\/staging.pitenis.eu\\\/fr\\\/#organization\"},\"potentialAction\":[{\"@type\":\"SearchAction\",\"target\":{\"@type\":\"EntryPoint\",\"urlTemplate\":\"https:\\\/\\\/staging.pitenis.eu\\\/fr\\\/?s={search_term_string}\"},\"query-input\":{\"@type\":\"PropertyValueSpecification\",\"valueRequired\":true,\"valueName\":\"search_term_string\"}}],\"inLanguage\":\"fr-FR\"},{\"@type\":\"Organization\",\"@id\":\"https:\\\/\\\/staging.pitenis.eu\\\/fr\\\/#organization\",\"name\":\"Pitenis Shop | &#039;\u0395\u03c4\u03bf\u03b9\u03bc\u03b5\u03c2 \u03c3\u03b1\u03bb\u03ac\u03c4\u03b5\u03c2\",\"url\":\"https:\\\/\\\/staging.pitenis.eu\\\/fr\\\/\",\"logo\":{\"@type\":\"ImageObject\",\"inLanguage\":\"fr-FR\",\"@id\":\"https:\\\/\\\/staging.pitenis.eu\\\/fr\\\/#\\\/schema\\\/logo\\\/image\\\/\",\"url\":\"https:\\\/\\\/staging.pitenis.eu\\\/wp-content\\\/uploads\\\/2025\\\/04\\\/cropped-pitenis_logo.png\",\"contentUrl\":\"https:\\\/\\\/staging.pitenis.eu\\\/wp-content\\\/uploads\\\/2025\\\/04\\\/cropped-pitenis_logo.png\",\"width\":172,\"height\":74,\"caption\":\"Pitenis Shop | &#039;\u0395\u03c4\u03bf\u03b9\u03bc\u03b5\u03c2 \u03c3\u03b1\u03bb\u03ac\u03c4\u03b5\u03c2\"},\"image\":{\"@id\":\"https:\\\/\\\/staging.pitenis.eu\\\/fr\\\/#\\\/schema\\\/logo\\\/image\\\/\"}}]}<\/script>\n<!-- \/ Yoast SEO plugin. -->","yoast_head_json":{"title":"Premium Set - Pitenis Shop | &#039;\u0395\u03c4\u03bf\u03b9\u03bc\u03b5\u03c2 \u03c3\u03b1\u03bb\u03ac\u03c4\u03b5\u03c2","robots":{"index":"index","follow":"follow","max-snippet":"max-snippet:-1","max-image-preview":"max-image-preview:large","max-video-preview":"max-video-preview:-1"},"canonical":"https:\/\/staging.pitenis.eu\/fr\/produit\/premium-set\/","og_locale":"fr_FR","og_type":"article","og_title":"Premium Set - Pitenis Shop | &#039;\u0395\u03c4\u03bf\u03b9\u03bc\u03b5\u03c2 \u03c3\u03b1\u03bb\u03ac\u03c4\u03b5\u03c2","og_description":"Pastrami de poisson 100g  Sauce BBQ 480g  Ketchup au jaune d'\u0153uf 250g  Moutarde aux herbes 250g  Moutarde \u00e0 la tomate et \u00e0 l\u2019olive 250g  Piments doux aigre-doux farcis au fromage 410g  Poivrons de Florina (bocal) 470g  Poivron farci 200g  Feta piquante (Tyrokafteri) 200g  Fromage Tulum 200g  Tzatziki 1kg  Salade russe 200g  Coleslaw 200g  Caviar d\u2019aubergine 1kg  Paprika 200g  Bougiourdi 250g  Mayonnaise au jaune d'\u0153uf 250g","og_url":"https:\/\/staging.pitenis.eu\/fr\/produit\/premium-set\/","og_site_name":"Pitenis Shop | &#039;\u0395\u03c4\u03bf\u03b9\u03bc\u03b5\u03c2 \u03c3\u03b1\u03bb\u03ac\u03c4\u03b5\u03c2","article_modified_time":"2026-03-24T12:30:07+00:00","og_image":[{"width":1024,"height":1024,"url":"https:\/\/staging.pitenis.eu\/wp-content\/uploads\/2026\/03\/Banner_02_GR02-2-1024x1024.jpg","type":"image\/jpeg"}],"twitter_card":"summary_large_image","twitter_misc":{"Dur\u00e9e de lecture estim\u00e9e":"1 minute"},"schema":{"@context":"https:\/\/schema.org","@graph":[{"@type":"WebPage","@id":"https:\/\/staging.pitenis.eu\/fr\/produit\/premium-set\/","url":"https:\/\/staging.pitenis.eu\/fr\/produit\/premium-set\/","name":"Premium Set - Pitenis Shop | &#039;\u0395\u03c4\u03bf\u03b9\u03bc\u03b5\u03c2 \u03c3\u03b1\u03bb\u03ac\u03c4\u03b5\u03c2","isPartOf":{"@id":"https:\/\/staging.pitenis.eu\/fr\/#website"},"primaryImageOfPage":{"@id":"https:\/\/staging.pitenis.eu\/fr\/produit\/premium-set\/#primaryimage"},"image":{"@id":"https:\/\/staging.pitenis.eu\/fr\/produit\/premium-set\/#primaryimage"},"thumbnailUrl":"https:\/\/staging.pitenis.eu\/wp-content\/uploads\/2026\/03\/Banner_02_GR02-2.jpg","datePublished":"2026-03-24T12:12:27+00:00","dateModified":"2026-03-24T12:30:07+00:00","breadcrumb":{"@id":"https:\/\/staging.pitenis.eu\/fr\/produit\/premium-set\/#breadcrumb"},"inLanguage":"fr-FR","potentialAction":[{"@type":"ReadAction","target":["https:\/\/staging.pitenis.eu\/fr\/produit\/premium-set\/"]}]},{"@type":"ImageObject","inLanguage":"fr-FR","@id":"https:\/\/staging.pitenis.eu\/fr\/produit\/premium-set\/#primaryimage","url":"https:\/\/staging.pitenis.eu\/wp-content\/uploads\/2026\/03\/Banner_02_GR02-2.jpg","contentUrl":"https:\/\/staging.pitenis.eu\/wp-content\/uploads\/2026\/03\/Banner_02_GR02-2.jpg","width":2251,"height":2251},{"@type":"BreadcrumbList","@id":"https:\/\/staging.pitenis.eu\/fr\/produit\/premium-set\/#breadcrumb","itemListElement":[{"@type":"ListItem","position":1,"name":"Home","item":"https:\/\/staging.pitenis.eu\/fr\/"},{"@type":"ListItem","position":2,"name":"Boutique","item":"https:\/\/staging.pitenis.eu\/%ce%ba%ce%b1%cf%84%ce%ac%cf%83%cf%84%ce%b7%ce%bc%ce%b1\/"},{"@type":"ListItem","position":3,"name":"Premium Set"}]},{"@type":"WebSite","@id":"https:\/\/staging.pitenis.eu\/fr\/#website","url":"https:\/\/staging.pitenis.eu\/fr\/","name":"Pitenis Shop | &#039;\u0395\u03c4\u03bf\u03b9\u03bc\u03b5\u03c2 \u03c3\u03b1\u03bb\u03ac\u03c4\u03b5\u03c2","description":"\u03b1\u03bb\u03bf\u03b9\u03c6\u03ad\u03c2, \u03c8\u03b1\u03c1\u03b9\u03ba\u03ac, \u03c4\u03bf\u03c5\u03c1\u03c3\u03ac\u03ba\u03b9\u03b1","publisher":{"@id":"https:\/\/staging.pitenis.eu\/fr\/#organization"},"potentialAction":[{"@type":"SearchAction","target":{"@type":"EntryPoint","urlTemplate":"https:\/\/staging.pitenis.eu\/fr\/?s={search_term_string}"},"query-input":{"@type":"PropertyValueSpecification","valueRequired":true,"valueName":"search_term_string"}}],"inLanguage":"fr-FR"},{"@type":"Organization","@id":"https:\/\/staging.pitenis.eu\/fr\/#organization","name":"Pitenis Shop | &#039;\u0395\u03c4\u03bf\u03b9\u03bc\u03b5\u03c2 \u03c3\u03b1\u03bb\u03ac\u03c4\u03b5\u03c2","url":"https:\/\/staging.pitenis.eu\/fr\/","logo":{"@type":"ImageObject","inLanguage":"fr-FR","@id":"https:\/\/staging.pitenis.eu\/fr\/#\/schema\/logo\/image\/","url":"https:\/\/staging.pitenis.eu\/wp-content\/uploads\/2025\/04\/cropped-pitenis_logo.png","contentUrl":"https:\/\/staging.pitenis.eu\/wp-content\/uploads\/2025\/04\/cropped-pitenis_logo.png","width":172,"height":74,"caption":"Pitenis Shop | &#039;\u0395\u03c4\u03bf\u03b9\u03bc\u03b5\u03c2 \u03c3\u03b1\u03bb\u03ac\u03c4\u03b5\u03c2"},"image":{"@id":"https:\/\/staging.pitenis.eu\/fr\/#\/schema\/logo\/image\/"}}]}},"_links":{"self":[{"href":"https:\/\/staging.pitenis.eu\/fr\/wp-json\/wp\/v2\/product\/14703","targetHints":{"allow":["GET"]}}],"collection":[{"href":"https:\/\/staging.pitenis.eu\/fr\/wp-json\/wp\/v2\/product"}],"about":[{"href":"https:\/\/staging.pitenis.eu\/fr\/wp-json\/wp\/v2\/types\/product"}],"replies":[{"embeddable":true,"href":"https:\/\/staging.pitenis.eu\/fr\/wp-json\/wp\/v2\/comments?post=14703"}],"wp:featuredmedia":[{"embeddable":true,"href":"https:\/\/staging.pitenis.eu\/fr\/wp-json\/wp\/v2\/media\/15238"}],"wp:attachment":[{"href":"https:\/\/staging.pitenis.eu\/fr\/wp-json\/wp\/v2\/media?parent=14703"}],"wp:term":[{"taxonomy":"product_cat","embeddable":true,"href":"https:\/\/staging.pitenis.eu\/fr\/wp-json\/wp\/v2\/product_cat?post=14703"},{"taxonomy":"product_tag","embeddable":true,"href":"https:\/\/staging.pitenis.eu\/fr\/wp-json\/wp\/v2\/product_tag?post=14703"}],"curies":[{"name":"wp","href":"https:\/\/api.w.org\/{rel}","templated":true}]}}