{"id":12861,"date":"2025-07-31T10:02:25","date_gmt":"2025-07-31T10:02:25","guid":{"rendered":"https:\/\/eshop.pitenis.eu\/?post_type=product&#038;p=12861"},"modified":"2025-08-14T10:01:06","modified_gmt":"2025-08-14T10:01:06","slug":"paquet-festif-%ce%b1%ce%bd%cf%84%ce%b9%ce%b3%cf%81%ce%b1%cf%86%ce%ae-%ce%b1%ce%bd%cf%84%ce%b9%ce%b3%cf%81%ce%b1%cf%86%ce%ae","status":"publish","type":"product","link":"https:\/\/staging.pitenis.eu\/fr\/produit\/paquet-festif-%ce%b1%ce%bd%cf%84%ce%b9%ce%b3%cf%81%ce%b1%cf%86%ce%ae-%ce%b1%ce%bd%cf%84%ce%b9%ce%b3%cf%81%ce%b1%cf%86%ce%ae\/","title":{"rendered":"Hot Dog Set"},"content":{"rendered":"<p>Nous t\u2019avons pr\u00e9par\u00e9 un colis rempli de nos d\u00e9licieuses sp\u00e9cialit\u00e9s, pour que tu puisses pr\u00e9parer les meilleurs Hot Dogs et Sandwichs \u2014 avec les sauces et salades PITENIS, bien s\u00fbr !<\/p>\n<p>\u25aa 1 pi\u00e8ce Coleslaw 200g<br \/>\n\u25aa 1 pi\u00e8ce Mayonnaise 480g<br \/>\n\u25aa 1 pi\u00e8ce Ketchup \u00e0 la Tomate 480g<br \/>\n\u25aa 1 pi\u00e8ce Moutarde 480g<br \/>\n\u25aa 1 pi\u00e8ce Poivrons Piquants en Bocal<br \/>\n\u25aa 1 pi\u00e8ce Sauce BBQ 480g<br \/>\n\u25aa 1 pi\u00e8ce Fromage \u00c9pic\u00e9 200g<br \/>\n\u25aa 1 pi\u00e8ce Salade du Jardinier 200g      <\/p>\n","protected":false},"excerpt":{"rendered":"<p>Nous t\u2019avons pr\u00e9par\u00e9 un colis rempli de nos d\u00e9licieuses sp\u00e9cialit\u00e9s, pour que tu puisses pr\u00e9parer les meilleurs Hot Dogs et Sandwichs \u2014 avec les sauces et salades PITENIS, bien s\u00fbr !<\/p>\n<p>\u25aa 1 pi\u00e8ce Coleslaw 200g<br \/>\n\u25aa 1 pi\u00e8ce Mayonnaise 480g<br \/>\n\u25aa 1 pi\u00e8ce Ketchup \u00e0 la Tomate 480g<br \/>\n\u25aa 1 pi\u00e8ce Moutarde 480g<br \/>\n\u25aa 1 pi\u00e8ce Poivrons Piquants en Bocal<br \/>\n\u25aa 1 pi\u00e8ce Sauce BBQ 480g<br \/>\n\u25aa 1 pi\u00e8ce Fromage \u00c9pic\u00e9 200g<br \/>\n\u25aa 1 pi\u00e8ce Salade du Jardinier 200g      <\/p>\n<p>&nbsp;<\/p>\n","protected":false},"featured_media":12908,"comment_status":"closed","ping_status":"closed","template":"","meta":{"_acf_changed":false},"product_cat":[399],"product_tag":[],"class_list":{"0":"post-12861","1":"product","2":"type-product","3":"status-publish","4":"has-post-thumbnail","6":"product_cat-offrir-des-forfaits","8":"first","9":"instock","10":"sale","11":"taxable","12":"shipping-taxable","13":"purchasable","14":"product-type-simple"},"acf":[],"yoast_head":"<!-- This site is optimized with the Yoast SEO plugin v27.4 - https:\/\/yoast.com\/product\/yoast-seo-wordpress\/ -->\n<title>Hot Dog Set - Pitenis Shop | &#039;\u0395\u03c4\u03bf\u03b9\u03bc\u03b5\u03c2 \u03c3\u03b1\u03bb\u03ac\u03c4\u03b5\u03c2<\/title>\n<meta name=\"robots\" content=\"index, follow, max-snippet:-1, max-image-preview:large, max-video-preview:-1\" \/>\n<link rel=\"canonical\" href=\"https:\/\/staging.pitenis.eu\/fr\/produit\/paquet-festif-%ce%b1%ce%bd%cf%84%ce%b9%ce%b3%cf%81%ce%b1%cf%86%ce%ae-%ce%b1%ce%bd%cf%84%ce%b9%ce%b3%cf%81%ce%b1%cf%86%ce%ae\/\" \/>\n<meta property=\"og:locale\" content=\"fr_FR\" \/>\n<meta property=\"og:type\" content=\"article\" \/>\n<meta property=\"og:title\" content=\"Hot Dog Set - Pitenis Shop | &#039;\u0395\u03c4\u03bf\u03b9\u03bc\u03b5\u03c2 \u03c3\u03b1\u03bb\u03ac\u03c4\u03b5\u03c2\" \/>\n<meta property=\"og:description\" content=\"Nous t\u2019avons pr\u00e9par\u00e9 un colis rempli de nos d\u00e9licieuses sp\u00e9cialit\u00e9s, pour que tu puisses pr\u00e9parer les meilleurs Hot Dogs et Sandwichs \u2014 avec les sauces et salades PITENIS, bien s\u00fbr ! \u25aa 1 pi\u00e8ce Coleslaw 200g \u25aa 1 pi\u00e8ce Mayonnaise 480g \u25aa 1 pi\u00e8ce Ketchup \u00e0 la Tomate 480g \u25aa 1 pi\u00e8ce Moutarde 480g \u25aa 1 pi\u00e8ce Poivrons Piquants en Bocal \u25aa 1 pi\u00e8ce Sauce BBQ 480g \u25aa 1 pi\u00e8ce Fromage \u00c9pic\u00e9 200g \u25aa 1 pi\u00e8ce Salade du Jardinier 200g    &nbsp;\" \/>\n<meta property=\"og:url\" content=\"https:\/\/staging.pitenis.eu\/fr\/produit\/paquet-festif-%ce%b1%ce%bd%cf%84%ce%b9%ce%b3%cf%81%ce%b1%cf%86%ce%ae-%ce%b1%ce%bd%cf%84%ce%b9%ce%b3%cf%81%ce%b1%cf%86%ce%ae\/\" \/>\n<meta property=\"og:site_name\" content=\"Pitenis Shop | &#039;\u0395\u03c4\u03bf\u03b9\u03bc\u03b5\u03c2 \u03c3\u03b1\u03bb\u03ac\u03c4\u03b5\u03c2\" \/>\n<meta property=\"article:modified_time\" content=\"2025-08-14T10:01:06+00:00\" \/>\n<meta property=\"og:image\" content=\"https:\/\/staging.pitenis.eu\/wp-content\/uploads\/2025\/07\/1080x1080_GR3.jpg\" \/>\n\t<meta property=\"og:image:width\" content=\"2251\" \/>\n\t<meta property=\"og:image:height\" content=\"2251\" \/>\n\t<meta property=\"og:image:type\" content=\"image\/jpeg\" \/>\n<meta name=\"twitter:card\" content=\"summary_large_image\" \/>\n<script type=\"application\/ld+json\" class=\"yoast-schema-graph\">{\"@context\":\"https:\\\/\\\/schema.org\",\"@graph\":[{\"@type\":\"WebPage\",\"@id\":\"https:\\\/\\\/staging.pitenis.eu\\\/fr\\\/produit\\\/paquet-festif-%ce%b1%ce%bd%cf%84%ce%b9%ce%b3%cf%81%ce%b1%cf%86%ce%ae-%ce%b1%ce%bd%cf%84%ce%b9%ce%b3%cf%81%ce%b1%cf%86%ce%ae\\\/\",\"url\":\"https:\\\/\\\/staging.pitenis.eu\\\/fr\\\/produit\\\/paquet-festif-%ce%b1%ce%bd%cf%84%ce%b9%ce%b3%cf%81%ce%b1%cf%86%ce%ae-%ce%b1%ce%bd%cf%84%ce%b9%ce%b3%cf%81%ce%b1%cf%86%ce%ae\\\/\",\"name\":\"Hot Dog Set - Pitenis Shop | &#039;\u0395\u03c4\u03bf\u03b9\u03bc\u03b5\u03c2 \u03c3\u03b1\u03bb\u03ac\u03c4\u03b5\u03c2\",\"isPartOf\":{\"@id\":\"https:\\\/\\\/staging.pitenis.eu\\\/fr\\\/#website\"},\"primaryImageOfPage\":{\"@id\":\"https:\\\/\\\/staging.pitenis.eu\\\/fr\\\/produit\\\/paquet-festif-%ce%b1%ce%bd%cf%84%ce%b9%ce%b3%cf%81%ce%b1%cf%86%ce%ae-%ce%b1%ce%bd%cf%84%ce%b9%ce%b3%cf%81%ce%b1%cf%86%ce%ae\\\/#primaryimage\"},\"image\":{\"@id\":\"https:\\\/\\\/staging.pitenis.eu\\\/fr\\\/produit\\\/paquet-festif-%ce%b1%ce%bd%cf%84%ce%b9%ce%b3%cf%81%ce%b1%cf%86%ce%ae-%ce%b1%ce%bd%cf%84%ce%b9%ce%b3%cf%81%ce%b1%cf%86%ce%ae\\\/#primaryimage\"},\"thumbnailUrl\":\"https:\\\/\\\/staging.pitenis.eu\\\/wp-content\\\/uploads\\\/2025\\\/07\\\/1080x1080_GR3.jpg\",\"datePublished\":\"2025-07-31T10:02:25+00:00\",\"dateModified\":\"2025-08-14T10:01:06+00:00\",\"breadcrumb\":{\"@id\":\"https:\\\/\\\/staging.pitenis.eu\\\/fr\\\/produit\\\/paquet-festif-%ce%b1%ce%bd%cf%84%ce%b9%ce%b3%cf%81%ce%b1%cf%86%ce%ae-%ce%b1%ce%bd%cf%84%ce%b9%ce%b3%cf%81%ce%b1%cf%86%ce%ae\\\/#breadcrumb\"},\"inLanguage\":\"fr-FR\",\"potentialAction\":[{\"@type\":\"ReadAction\",\"target\":[\"https:\\\/\\\/staging.pitenis.eu\\\/fr\\\/produit\\\/paquet-festif-%ce%b1%ce%bd%cf%84%ce%b9%ce%b3%cf%81%ce%b1%cf%86%ce%ae-%ce%b1%ce%bd%cf%84%ce%b9%ce%b3%cf%81%ce%b1%cf%86%ce%ae\\\/\"]}]},{\"@type\":\"ImageObject\",\"inLanguage\":\"fr-FR\",\"@id\":\"https:\\\/\\\/staging.pitenis.eu\\\/fr\\\/produit\\\/paquet-festif-%ce%b1%ce%bd%cf%84%ce%b9%ce%b3%cf%81%ce%b1%cf%86%ce%ae-%ce%b1%ce%bd%cf%84%ce%b9%ce%b3%cf%81%ce%b1%cf%86%ce%ae\\\/#primaryimage\",\"url\":\"https:\\\/\\\/staging.pitenis.eu\\\/wp-content\\\/uploads\\\/2025\\\/07\\\/1080x1080_GR3.jpg\",\"contentUrl\":\"https:\\\/\\\/staging.pitenis.eu\\\/wp-content\\\/uploads\\\/2025\\\/07\\\/1080x1080_GR3.jpg\",\"width\":2251,\"height\":2251},{\"@type\":\"BreadcrumbList\",\"@id\":\"https:\\\/\\\/staging.pitenis.eu\\\/fr\\\/produit\\\/paquet-festif-%ce%b1%ce%bd%cf%84%ce%b9%ce%b3%cf%81%ce%b1%cf%86%ce%ae-%ce%b1%ce%bd%cf%84%ce%b9%ce%b3%cf%81%ce%b1%cf%86%ce%ae\\\/#breadcrumb\",\"itemListElement\":[{\"@type\":\"ListItem\",\"position\":1,\"name\":\"Home\",\"item\":\"https:\\\/\\\/staging.pitenis.eu\\\/fr\\\/\"},{\"@type\":\"ListItem\",\"position\":2,\"name\":\"Boutique\",\"item\":\"https:\\\/\\\/staging.pitenis.eu\\\/%ce%ba%ce%b1%cf%84%ce%ac%cf%83%cf%84%ce%b7%ce%bc%ce%b1\\\/\"},{\"@type\":\"ListItem\",\"position\":3,\"name\":\"Hot Dog Set\"}]},{\"@type\":\"WebSite\",\"@id\":\"https:\\\/\\\/staging.pitenis.eu\\\/fr\\\/#website\",\"url\":\"https:\\\/\\\/staging.pitenis.eu\\\/fr\\\/\",\"name\":\"Pitenis Shop | &#039;\u0395\u03c4\u03bf\u03b9\u03bc\u03b5\u03c2 \u03c3\u03b1\u03bb\u03ac\u03c4\u03b5\u03c2\",\"description\":\"\u03b1\u03bb\u03bf\u03b9\u03c6\u03ad\u03c2, \u03c8\u03b1\u03c1\u03b9\u03ba\u03ac, \u03c4\u03bf\u03c5\u03c1\u03c3\u03ac\u03ba\u03b9\u03b1\",\"publisher\":{\"@id\":\"https:\\\/\\\/staging.pitenis.eu\\\/fr\\\/#organization\"},\"potentialAction\":[{\"@type\":\"SearchAction\",\"target\":{\"@type\":\"EntryPoint\",\"urlTemplate\":\"https:\\\/\\\/staging.pitenis.eu\\\/fr\\\/?s={search_term_string}\"},\"query-input\":{\"@type\":\"PropertyValueSpecification\",\"valueRequired\":true,\"valueName\":\"search_term_string\"}}],\"inLanguage\":\"fr-FR\"},{\"@type\":\"Organization\",\"@id\":\"https:\\\/\\\/staging.pitenis.eu\\\/fr\\\/#organization\",\"name\":\"Pitenis Shop | &#039;\u0395\u03c4\u03bf\u03b9\u03bc\u03b5\u03c2 \u03c3\u03b1\u03bb\u03ac\u03c4\u03b5\u03c2\",\"url\":\"https:\\\/\\\/staging.pitenis.eu\\\/fr\\\/\",\"logo\":{\"@type\":\"ImageObject\",\"inLanguage\":\"fr-FR\",\"@id\":\"https:\\\/\\\/staging.pitenis.eu\\\/fr\\\/#\\\/schema\\\/logo\\\/image\\\/\",\"url\":\"https:\\\/\\\/staging.pitenis.eu\\\/wp-content\\\/uploads\\\/2025\\\/04\\\/cropped-pitenis_logo.png\",\"contentUrl\":\"https:\\\/\\\/staging.pitenis.eu\\\/wp-content\\\/uploads\\\/2025\\\/04\\\/cropped-pitenis_logo.png\",\"width\":172,\"height\":74,\"caption\":\"Pitenis Shop | &#039;\u0395\u03c4\u03bf\u03b9\u03bc\u03b5\u03c2 \u03c3\u03b1\u03bb\u03ac\u03c4\u03b5\u03c2\"},\"image\":{\"@id\":\"https:\\\/\\\/staging.pitenis.eu\\\/fr\\\/#\\\/schema\\\/logo\\\/image\\\/\"}}]}<\/script>\n<!-- \/ Yoast SEO plugin. -->","yoast_head_json":{"title":"Hot Dog Set - Pitenis Shop | &#039;\u0395\u03c4\u03bf\u03b9\u03bc\u03b5\u03c2 \u03c3\u03b1\u03bb\u03ac\u03c4\u03b5\u03c2","robots":{"index":"index","follow":"follow","max-snippet":"max-snippet:-1","max-image-preview":"max-image-preview:large","max-video-preview":"max-video-preview:-1"},"canonical":"https:\/\/staging.pitenis.eu\/fr\/produit\/paquet-festif-%ce%b1%ce%bd%cf%84%ce%b9%ce%b3%cf%81%ce%b1%cf%86%ce%ae-%ce%b1%ce%bd%cf%84%ce%b9%ce%b3%cf%81%ce%b1%cf%86%ce%ae\/","og_locale":"fr_FR","og_type":"article","og_title":"Hot Dog Set - Pitenis Shop | &#039;\u0395\u03c4\u03bf\u03b9\u03bc\u03b5\u03c2 \u03c3\u03b1\u03bb\u03ac\u03c4\u03b5\u03c2","og_description":"Nous t\u2019avons pr\u00e9par\u00e9 un colis rempli de nos d\u00e9licieuses sp\u00e9cialit\u00e9s, pour que tu puisses pr\u00e9parer les meilleurs Hot Dogs et Sandwichs \u2014 avec les sauces et salades PITENIS, bien s\u00fbr ! \u25aa 1 pi\u00e8ce Coleslaw 200g \u25aa 1 pi\u00e8ce Mayonnaise 480g \u25aa 1 pi\u00e8ce Ketchup \u00e0 la Tomate 480g \u25aa 1 pi\u00e8ce Moutarde 480g \u25aa 1 pi\u00e8ce Poivrons Piquants en Bocal \u25aa 1 pi\u00e8ce Sauce BBQ 480g \u25aa 1 pi\u00e8ce Fromage \u00c9pic\u00e9 200g \u25aa 1 pi\u00e8ce Salade du Jardinier 200g    &nbsp;","og_url":"https:\/\/staging.pitenis.eu\/fr\/produit\/paquet-festif-%ce%b1%ce%bd%cf%84%ce%b9%ce%b3%cf%81%ce%b1%cf%86%ce%ae-%ce%b1%ce%bd%cf%84%ce%b9%ce%b3%cf%81%ce%b1%cf%86%ce%ae\/","og_site_name":"Pitenis Shop | &#039;\u0395\u03c4\u03bf\u03b9\u03bc\u03b5\u03c2 \u03c3\u03b1\u03bb\u03ac\u03c4\u03b5\u03c2","article_modified_time":"2025-08-14T10:01:06+00:00","og_image":[{"width":2251,"height":2251,"url":"https:\/\/staging.pitenis.eu\/wp-content\/uploads\/2025\/07\/1080x1080_GR3.jpg","type":"image\/jpeg"}],"twitter_card":"summary_large_image","schema":{"@context":"https:\/\/schema.org","@graph":[{"@type":"WebPage","@id":"https:\/\/staging.pitenis.eu\/fr\/produit\/paquet-festif-%ce%b1%ce%bd%cf%84%ce%b9%ce%b3%cf%81%ce%b1%cf%86%ce%ae-%ce%b1%ce%bd%cf%84%ce%b9%ce%b3%cf%81%ce%b1%cf%86%ce%ae\/","url":"https:\/\/staging.pitenis.eu\/fr\/produit\/paquet-festif-%ce%b1%ce%bd%cf%84%ce%b9%ce%b3%cf%81%ce%b1%cf%86%ce%ae-%ce%b1%ce%bd%cf%84%ce%b9%ce%b3%cf%81%ce%b1%cf%86%ce%ae\/","name":"Hot Dog Set - Pitenis Shop | &#039;\u0395\u03c4\u03bf\u03b9\u03bc\u03b5\u03c2 \u03c3\u03b1\u03bb\u03ac\u03c4\u03b5\u03c2","isPartOf":{"@id":"https:\/\/staging.pitenis.eu\/fr\/#website"},"primaryImageOfPage":{"@id":"https:\/\/staging.pitenis.eu\/fr\/produit\/paquet-festif-%ce%b1%ce%bd%cf%84%ce%b9%ce%b3%cf%81%ce%b1%cf%86%ce%ae-%ce%b1%ce%bd%cf%84%ce%b9%ce%b3%cf%81%ce%b1%cf%86%ce%ae\/#primaryimage"},"image":{"@id":"https:\/\/staging.pitenis.eu\/fr\/produit\/paquet-festif-%ce%b1%ce%bd%cf%84%ce%b9%ce%b3%cf%81%ce%b1%cf%86%ce%ae-%ce%b1%ce%bd%cf%84%ce%b9%ce%b3%cf%81%ce%b1%cf%86%ce%ae\/#primaryimage"},"thumbnailUrl":"https:\/\/staging.pitenis.eu\/wp-content\/uploads\/2025\/07\/1080x1080_GR3.jpg","datePublished":"2025-07-31T10:02:25+00:00","dateModified":"2025-08-14T10:01:06+00:00","breadcrumb":{"@id":"https:\/\/staging.pitenis.eu\/fr\/produit\/paquet-festif-%ce%b1%ce%bd%cf%84%ce%b9%ce%b3%cf%81%ce%b1%cf%86%ce%ae-%ce%b1%ce%bd%cf%84%ce%b9%ce%b3%cf%81%ce%b1%cf%86%ce%ae\/#breadcrumb"},"inLanguage":"fr-FR","potentialAction":[{"@type":"ReadAction","target":["https:\/\/staging.pitenis.eu\/fr\/produit\/paquet-festif-%ce%b1%ce%bd%cf%84%ce%b9%ce%b3%cf%81%ce%b1%cf%86%ce%ae-%ce%b1%ce%bd%cf%84%ce%b9%ce%b3%cf%81%ce%b1%cf%86%ce%ae\/"]}]},{"@type":"ImageObject","inLanguage":"fr-FR","@id":"https:\/\/staging.pitenis.eu\/fr\/produit\/paquet-festif-%ce%b1%ce%bd%cf%84%ce%b9%ce%b3%cf%81%ce%b1%cf%86%ce%ae-%ce%b1%ce%bd%cf%84%ce%b9%ce%b3%cf%81%ce%b1%cf%86%ce%ae\/#primaryimage","url":"https:\/\/staging.pitenis.eu\/wp-content\/uploads\/2025\/07\/1080x1080_GR3.jpg","contentUrl":"https:\/\/staging.pitenis.eu\/wp-content\/uploads\/2025\/07\/1080x1080_GR3.jpg","width":2251,"height":2251},{"@type":"BreadcrumbList","@id":"https:\/\/staging.pitenis.eu\/fr\/produit\/paquet-festif-%ce%b1%ce%bd%cf%84%ce%b9%ce%b3%cf%81%ce%b1%cf%86%ce%ae-%ce%b1%ce%bd%cf%84%ce%b9%ce%b3%cf%81%ce%b1%cf%86%ce%ae\/#breadcrumb","itemListElement":[{"@type":"ListItem","position":1,"name":"Home","item":"https:\/\/staging.pitenis.eu\/fr\/"},{"@type":"ListItem","position":2,"name":"Boutique","item":"https:\/\/staging.pitenis.eu\/%ce%ba%ce%b1%cf%84%ce%ac%cf%83%cf%84%ce%b7%ce%bc%ce%b1\/"},{"@type":"ListItem","position":3,"name":"Hot Dog Set"}]},{"@type":"WebSite","@id":"https:\/\/staging.pitenis.eu\/fr\/#website","url":"https:\/\/staging.pitenis.eu\/fr\/","name":"Pitenis Shop | &#039;\u0395\u03c4\u03bf\u03b9\u03bc\u03b5\u03c2 \u03c3\u03b1\u03bb\u03ac\u03c4\u03b5\u03c2","description":"\u03b1\u03bb\u03bf\u03b9\u03c6\u03ad\u03c2, \u03c8\u03b1\u03c1\u03b9\u03ba\u03ac, \u03c4\u03bf\u03c5\u03c1\u03c3\u03ac\u03ba\u03b9\u03b1","publisher":{"@id":"https:\/\/staging.pitenis.eu\/fr\/#organization"},"potentialAction":[{"@type":"SearchAction","target":{"@type":"EntryPoint","urlTemplate":"https:\/\/staging.pitenis.eu\/fr\/?s={search_term_string}"},"query-input":{"@type":"PropertyValueSpecification","valueRequired":true,"valueName":"search_term_string"}}],"inLanguage":"fr-FR"},{"@type":"Organization","@id":"https:\/\/staging.pitenis.eu\/fr\/#organization","name":"Pitenis Shop | &#039;\u0395\u03c4\u03bf\u03b9\u03bc\u03b5\u03c2 \u03c3\u03b1\u03bb\u03ac\u03c4\u03b5\u03c2","url":"https:\/\/staging.pitenis.eu\/fr\/","logo":{"@type":"ImageObject","inLanguage":"fr-FR","@id":"https:\/\/staging.pitenis.eu\/fr\/#\/schema\/logo\/image\/","url":"https:\/\/staging.pitenis.eu\/wp-content\/uploads\/2025\/04\/cropped-pitenis_logo.png","contentUrl":"https:\/\/staging.pitenis.eu\/wp-content\/uploads\/2025\/04\/cropped-pitenis_logo.png","width":172,"height":74,"caption":"Pitenis Shop | &#039;\u0395\u03c4\u03bf\u03b9\u03bc\u03b5\u03c2 \u03c3\u03b1\u03bb\u03ac\u03c4\u03b5\u03c2"},"image":{"@id":"https:\/\/staging.pitenis.eu\/fr\/#\/schema\/logo\/image\/"}}]}},"_links":{"self":[{"href":"https:\/\/staging.pitenis.eu\/fr\/wp-json\/wp\/v2\/product\/12861","targetHints":{"allow":["GET"]}}],"collection":[{"href":"https:\/\/staging.pitenis.eu\/fr\/wp-json\/wp\/v2\/product"}],"about":[{"href":"https:\/\/staging.pitenis.eu\/fr\/wp-json\/wp\/v2\/types\/product"}],"replies":[{"embeddable":true,"href":"https:\/\/staging.pitenis.eu\/fr\/wp-json\/wp\/v2\/comments?post=12861"}],"wp:featuredmedia":[{"embeddable":true,"href":"https:\/\/staging.pitenis.eu\/fr\/wp-json\/wp\/v2\/media\/12908"}],"wp:attachment":[{"href":"https:\/\/staging.pitenis.eu\/fr\/wp-json\/wp\/v2\/media?parent=12861"}],"wp:term":[{"taxonomy":"product_cat","embeddable":true,"href":"https:\/\/staging.pitenis.eu\/fr\/wp-json\/wp\/v2\/product_cat?post=12861"},{"taxonomy":"product_tag","embeddable":true,"href":"https:\/\/staging.pitenis.eu\/fr\/wp-json\/wp\/v2\/product_tag?post=12861"}],"curies":[{"name":"wp","href":"https:\/\/api.w.org\/{rel}","templated":true}]}}