{"id":12858,"date":"2025-07-31T09:56:43","date_gmt":"2025-07-31T09:56:43","guid":{"rendered":"https:\/\/eshop.pitenis.eu\/?post_type=product&#038;p=12858"},"modified":"2026-04-02T14:21:26","modified_gmt":"2026-04-02T14:21:26","slug":"paquet-festif-%ce%b1%ce%bd%cf%84%ce%b9%ce%b3%cf%81%ce%b1%cf%86%ce%ae","status":"publish","type":"product","link":"https:\/\/staging.pitenis.eu\/fr\/produit\/paquet-festif-%ce%b1%ce%bd%cf%84%ce%b9%ce%b3%cf%81%ce%b1%cf%86%ce%ae\/","title":{"rendered":"Set de produits de Car\u00eame"},"content":{"rendered":"<p><span style=\"font-weight: 400\">Tu veux quelque chose de maigre (de car\u00eame), sans faire aucune concession sur le go\u00fbt ?<\/span><span style=\"font-weight: 400\"><br \/>\n<\/span><span style=\"font-weight: 400\"> Nous t\u2019avons pr\u00e9par\u00e9 un colis rempli de d\u00e9lices de car\u00eame et de salades PITENIS, pour rendre ta table g\u00e9n\u00e9reuse, savoureuse et parfaitement adapt\u00e9e au je\u00fbne \u2013 sans aucun compromis !<\/span><\/p>\n<p>\u25aa 2 pi\u00e8ces Salade de Pommes de Terre de Car\u00eame 200g<br \/>\n\u25aa 1 pi\u00e8ce Salade Mont Athos 200g<br \/>\n\u25aa 1 pi\u00e8ce M\u00e9lange de la Mer 100g<br \/>\n\u25aa 1 pi\u00e8ce Moutarde aux Herbes et Miel 250g<br \/>\n\u25aa 1 pi\u00e8ce Poivrons Florina en Bocal 470g<br \/>\n\u25aa 1 pi\u00e8ce Betteraves en Bocal 500g<br \/>\n\u25aa 1 pi\u00e8ce Mini Feuilles de Vigne Farcies au Grenade 1kg (42 pi\u00e8ces)<br \/>\n\u25aa 1 pi\u00e8ce Tarama Blanc 1kg<br \/>\n\u25aa 1 pi\u00e8ce Salade \u00c9pic\u00e9e 2kg<\/p>\n","protected":false},"excerpt":{"rendered":"<p><span style=\"font-weight: 400\">Tu veux quelque chose de maigre (de car\u00eame), sans faire aucune concession sur le go\u00fbt ?<\/span><span style=\"font-weight: 400\"><br \/>\n<\/span><span style=\"font-weight: 400\"> Nous t\u2019avons pr\u00e9par\u00e9 un colis rempli de d\u00e9lices de car\u00eame et de salades PITENIS, pour rendre ta table g\u00e9n\u00e9reuse, savoureuse et parfaitement adapt\u00e9e au je\u00fbne \u2013 sans aucun compromis !<\/span><\/p>\n<p>\u25aa 2 pi\u00e8ces Salade de Pommes de Terre de Car\u00eame 200g<br \/>\n\u25aa 1 pi\u00e8ce Salade Mont Athos 200g<br \/>\n\u25aa 1 pi\u00e8ce M\u00e9lange de la Mer 100g<br \/>\n\u25aa 1 pi\u00e8ce Moutarde aux Herbes et Miel 250g<br \/>\n\u25aa 1 pi\u00e8ce Poivrons Florina en Bocal 470g<br \/>\n\u25aa 1 pi\u00e8ce Betteraves en Bocal 500g<br \/>\n\u25aa 1 pi\u00e8ce Mini Feuilles de Vigne Farcies au Grenade 1kg (42 pi\u00e8ces)<br \/>\n\u25aa 1 pi\u00e8ce Tarama Blanc 1kg<br \/>\n\u25aa 1 pi\u00e8ce Salade \u00c9pic\u00e9e 2kg<\/p>\n","protected":false},"featured_media":15052,"comment_status":"closed","ping_status":"closed","template":"","meta":{"_acf_changed":false},"product_cat":[340,399],"product_tag":[],"class_list":{"0":"post-12858","1":"product","2":"type-product","3":"status-publish","4":"has-post-thumbnail","6":"product_cat-lenten-dishes-fr","7":"product_cat-offrir-des-forfaits","9":"first","10":"instock","11":"sale","12":"taxable","13":"shipping-taxable","14":"purchasable","15":"product-type-simple"},"acf":[],"yoast_head":"<!-- This site is optimized with the Yoast SEO plugin v27.4 - https:\/\/yoast.com\/product\/yoast-seo-wordpress\/ -->\n<title>Set de produits de Car\u00eame - Pitenis Shop | &#039;\u0395\u03c4\u03bf\u03b9\u03bc\u03b5\u03c2 \u03c3\u03b1\u03bb\u03ac\u03c4\u03b5\u03c2<\/title>\n<meta name=\"robots\" content=\"index, follow, max-snippet:-1, max-image-preview:large, max-video-preview:-1\" \/>\n<link rel=\"canonical\" href=\"https:\/\/staging.pitenis.eu\/fr\/produit\/paquet-festif-%ce%b1%ce%bd%cf%84%ce%b9%ce%b3%cf%81%ce%b1%cf%86%ce%ae\/\" \/>\n<meta property=\"og:locale\" content=\"fr_FR\" \/>\n<meta property=\"og:type\" content=\"article\" \/>\n<meta property=\"og:title\" content=\"Set de produits de Car\u00eame - Pitenis Shop | &#039;\u0395\u03c4\u03bf\u03b9\u03bc\u03b5\u03c2 \u03c3\u03b1\u03bb\u03ac\u03c4\u03b5\u03c2\" \/>\n<meta property=\"og:description\" content=\"Tu veux quelque chose de maigre (de car\u00eame), sans faire aucune concession sur le go\u00fbt ?  Nous t\u2019avons pr\u00e9par\u00e9 un colis rempli de d\u00e9lices de car\u00eame et de salades PITENIS, pour rendre ta table g\u00e9n\u00e9reuse, savoureuse et parfaitement adapt\u00e9e au je\u00fbne \u2013 sans aucun compromis !  \u25aa 2 pi\u00e8ces Salade de Pommes de Terre de Car\u00eame 200g \u25aa 1 pi\u00e8ce Salade Mont Athos 200g \u25aa 1 pi\u00e8ce M\u00e9lange de la Mer 100g \u25aa 1 pi\u00e8ce Moutarde aux Herbes et Miel 250g \u25aa 1 pi\u00e8ce Poivrons Florina en Bocal 470g \u25aa 1 pi\u00e8ce Betteraves en Bocal 500g \u25aa 1 pi\u00e8ce Mini Feuilles de Vigne Farcies au Grenade 1kg (42 pi\u00e8ces) \u25aa 1 pi\u00e8ce Tarama Blanc 1kg \u25aa 1 pi\u00e8ce Salade \u00c9pic\u00e9e 2kg\" \/>\n<meta property=\"og:url\" content=\"https:\/\/staging.pitenis.eu\/fr\/produit\/paquet-festif-%ce%b1%ce%bd%cf%84%ce%b9%ce%b3%cf%81%ce%b1%cf%86%ce%ae\/\" \/>\n<meta property=\"og:site_name\" content=\"Pitenis Shop | &#039;\u0395\u03c4\u03bf\u03b9\u03bc\u03b5\u03c2 \u03c3\u03b1\u03bb\u03ac\u03c4\u03b5\u03c2\" \/>\n<meta property=\"article:modified_time\" content=\"2026-04-02T14:21:26+00:00\" \/>\n<meta property=\"og:image\" content=\"https:\/\/staging.pitenis.eu\/wp-content\/uploads\/2025\/07\/Set-\u039d\u03b7\u03c3\u03c4\u03af\u03c3\u03b9\u03bc\u03b1_GR_02-1024x1024.jpg\" \/>\n\t<meta property=\"og:image:width\" content=\"1024\" \/>\n\t<meta property=\"og:image:height\" content=\"1024\" \/>\n\t<meta property=\"og:image:type\" content=\"image\/jpeg\" \/>\n<meta name=\"twitter:card\" content=\"summary_large_image\" \/>\n<meta name=\"twitter:label1\" content=\"Dur\u00e9e de lecture estim\u00e9e\" \/>\n\t<meta name=\"twitter:data1\" content=\"1 minute\" \/>\n<script type=\"application\/ld+json\" class=\"yoast-schema-graph\">{\"@context\":\"https:\\\/\\\/schema.org\",\"@graph\":[{\"@type\":\"WebPage\",\"@id\":\"https:\\\/\\\/staging.pitenis.eu\\\/fr\\\/produit\\\/paquet-festif-%ce%b1%ce%bd%cf%84%ce%b9%ce%b3%cf%81%ce%b1%cf%86%ce%ae\\\/\",\"url\":\"https:\\\/\\\/staging.pitenis.eu\\\/fr\\\/produit\\\/paquet-festif-%ce%b1%ce%bd%cf%84%ce%b9%ce%b3%cf%81%ce%b1%cf%86%ce%ae\\\/\",\"name\":\"Set de produits de Car\u00eame - Pitenis Shop | &#039;\u0395\u03c4\u03bf\u03b9\u03bc\u03b5\u03c2 \u03c3\u03b1\u03bb\u03ac\u03c4\u03b5\u03c2\",\"isPartOf\":{\"@id\":\"https:\\\/\\\/staging.pitenis.eu\\\/fr\\\/#website\"},\"primaryImageOfPage\":{\"@id\":\"https:\\\/\\\/staging.pitenis.eu\\\/fr\\\/produit\\\/paquet-festif-%ce%b1%ce%bd%cf%84%ce%b9%ce%b3%cf%81%ce%b1%cf%86%ce%ae\\\/#primaryimage\"},\"image\":{\"@id\":\"https:\\\/\\\/staging.pitenis.eu\\\/fr\\\/produit\\\/paquet-festif-%ce%b1%ce%bd%cf%84%ce%b9%ce%b3%cf%81%ce%b1%cf%86%ce%ae\\\/#primaryimage\"},\"thumbnailUrl\":\"https:\\\/\\\/staging.pitenis.eu\\\/wp-content\\\/uploads\\\/2025\\\/07\\\/Set-\u039d\u03b7\u03c3\u03c4\u03af\u03c3\u03b9\u03bc\u03b1_GR_02.jpg\",\"datePublished\":\"2025-07-31T09:56:43+00:00\",\"dateModified\":\"2026-04-02T14:21:26+00:00\",\"breadcrumb\":{\"@id\":\"https:\\\/\\\/staging.pitenis.eu\\\/fr\\\/produit\\\/paquet-festif-%ce%b1%ce%bd%cf%84%ce%b9%ce%b3%cf%81%ce%b1%cf%86%ce%ae\\\/#breadcrumb\"},\"inLanguage\":\"fr-FR\",\"potentialAction\":[{\"@type\":\"ReadAction\",\"target\":[\"https:\\\/\\\/staging.pitenis.eu\\\/fr\\\/produit\\\/paquet-festif-%ce%b1%ce%bd%cf%84%ce%b9%ce%b3%cf%81%ce%b1%cf%86%ce%ae\\\/\"]}]},{\"@type\":\"ImageObject\",\"inLanguage\":\"fr-FR\",\"@id\":\"https:\\\/\\\/staging.pitenis.eu\\\/fr\\\/produit\\\/paquet-festif-%ce%b1%ce%bd%cf%84%ce%b9%ce%b3%cf%81%ce%b1%cf%86%ce%ae\\\/#primaryimage\",\"url\":\"https:\\\/\\\/staging.pitenis.eu\\\/wp-content\\\/uploads\\\/2025\\\/07\\\/Set-\u039d\u03b7\u03c3\u03c4\u03af\u03c3\u03b9\u03bc\u03b1_GR_02.jpg\",\"contentUrl\":\"https:\\\/\\\/staging.pitenis.eu\\\/wp-content\\\/uploads\\\/2025\\\/07\\\/Set-\u039d\u03b7\u03c3\u03c4\u03af\u03c3\u03b9\u03bc\u03b1_GR_02.jpg\",\"width\":2251,\"height\":2250},{\"@type\":\"BreadcrumbList\",\"@id\":\"https:\\\/\\\/staging.pitenis.eu\\\/fr\\\/produit\\\/paquet-festif-%ce%b1%ce%bd%cf%84%ce%b9%ce%b3%cf%81%ce%b1%cf%86%ce%ae\\\/#breadcrumb\",\"itemListElement\":[{\"@type\":\"ListItem\",\"position\":1,\"name\":\"Home\",\"item\":\"https:\\\/\\\/staging.pitenis.eu\\\/fr\\\/\"},{\"@type\":\"ListItem\",\"position\":2,\"name\":\"Boutique\",\"item\":\"https:\\\/\\\/staging.pitenis.eu\\\/%ce%ba%ce%b1%cf%84%ce%ac%cf%83%cf%84%ce%b7%ce%bc%ce%b1\\\/\"},{\"@type\":\"ListItem\",\"position\":3,\"name\":\"Set de produits de Car\u00eame\"}]},{\"@type\":\"WebSite\",\"@id\":\"https:\\\/\\\/staging.pitenis.eu\\\/fr\\\/#website\",\"url\":\"https:\\\/\\\/staging.pitenis.eu\\\/fr\\\/\",\"name\":\"Pitenis Shop | &#039;\u0395\u03c4\u03bf\u03b9\u03bc\u03b5\u03c2 \u03c3\u03b1\u03bb\u03ac\u03c4\u03b5\u03c2\",\"description\":\"\u03b1\u03bb\u03bf\u03b9\u03c6\u03ad\u03c2, \u03c8\u03b1\u03c1\u03b9\u03ba\u03ac, \u03c4\u03bf\u03c5\u03c1\u03c3\u03ac\u03ba\u03b9\u03b1\",\"publisher\":{\"@id\":\"https:\\\/\\\/staging.pitenis.eu\\\/fr\\\/#organization\"},\"potentialAction\":[{\"@type\":\"SearchAction\",\"target\":{\"@type\":\"EntryPoint\",\"urlTemplate\":\"https:\\\/\\\/staging.pitenis.eu\\\/fr\\\/?s={search_term_string}\"},\"query-input\":{\"@type\":\"PropertyValueSpecification\",\"valueRequired\":true,\"valueName\":\"search_term_string\"}}],\"inLanguage\":\"fr-FR\"},{\"@type\":\"Organization\",\"@id\":\"https:\\\/\\\/staging.pitenis.eu\\\/fr\\\/#organization\",\"name\":\"Pitenis Shop | &#039;\u0395\u03c4\u03bf\u03b9\u03bc\u03b5\u03c2 \u03c3\u03b1\u03bb\u03ac\u03c4\u03b5\u03c2\",\"url\":\"https:\\\/\\\/staging.pitenis.eu\\\/fr\\\/\",\"logo\":{\"@type\":\"ImageObject\",\"inLanguage\":\"fr-FR\",\"@id\":\"https:\\\/\\\/staging.pitenis.eu\\\/fr\\\/#\\\/schema\\\/logo\\\/image\\\/\",\"url\":\"https:\\\/\\\/staging.pitenis.eu\\\/wp-content\\\/uploads\\\/2025\\\/04\\\/cropped-pitenis_logo.png\",\"contentUrl\":\"https:\\\/\\\/staging.pitenis.eu\\\/wp-content\\\/uploads\\\/2025\\\/04\\\/cropped-pitenis_logo.png\",\"width\":172,\"height\":74,\"caption\":\"Pitenis Shop | &#039;\u0395\u03c4\u03bf\u03b9\u03bc\u03b5\u03c2 \u03c3\u03b1\u03bb\u03ac\u03c4\u03b5\u03c2\"},\"image\":{\"@id\":\"https:\\\/\\\/staging.pitenis.eu\\\/fr\\\/#\\\/schema\\\/logo\\\/image\\\/\"}}]}<\/script>\n<!-- \/ Yoast SEO plugin. -->","yoast_head_json":{"title":"Set de produits de Car\u00eame - Pitenis Shop | &#039;\u0395\u03c4\u03bf\u03b9\u03bc\u03b5\u03c2 \u03c3\u03b1\u03bb\u03ac\u03c4\u03b5\u03c2","robots":{"index":"index","follow":"follow","max-snippet":"max-snippet:-1","max-image-preview":"max-image-preview:large","max-video-preview":"max-video-preview:-1"},"canonical":"https:\/\/staging.pitenis.eu\/fr\/produit\/paquet-festif-%ce%b1%ce%bd%cf%84%ce%b9%ce%b3%cf%81%ce%b1%cf%86%ce%ae\/","og_locale":"fr_FR","og_type":"article","og_title":"Set de produits de Car\u00eame - Pitenis Shop | &#039;\u0395\u03c4\u03bf\u03b9\u03bc\u03b5\u03c2 \u03c3\u03b1\u03bb\u03ac\u03c4\u03b5\u03c2","og_description":"Tu veux quelque chose de maigre (de car\u00eame), sans faire aucune concession sur le go\u00fbt ?  Nous t\u2019avons pr\u00e9par\u00e9 un colis rempli de d\u00e9lices de car\u00eame et de salades PITENIS, pour rendre ta table g\u00e9n\u00e9reuse, savoureuse et parfaitement adapt\u00e9e au je\u00fbne \u2013 sans aucun compromis !  \u25aa 2 pi\u00e8ces Salade de Pommes de Terre de Car\u00eame 200g \u25aa 1 pi\u00e8ce Salade Mont Athos 200g \u25aa 1 pi\u00e8ce M\u00e9lange de la Mer 100g \u25aa 1 pi\u00e8ce Moutarde aux Herbes et Miel 250g \u25aa 1 pi\u00e8ce Poivrons Florina en Bocal 470g \u25aa 1 pi\u00e8ce Betteraves en Bocal 500g \u25aa 1 pi\u00e8ce Mini Feuilles de Vigne Farcies au Grenade 1kg (42 pi\u00e8ces) \u25aa 1 pi\u00e8ce Tarama Blanc 1kg \u25aa 1 pi\u00e8ce Salade \u00c9pic\u00e9e 2kg","og_url":"https:\/\/staging.pitenis.eu\/fr\/produit\/paquet-festif-%ce%b1%ce%bd%cf%84%ce%b9%ce%b3%cf%81%ce%b1%cf%86%ce%ae\/","og_site_name":"Pitenis Shop | &#039;\u0395\u03c4\u03bf\u03b9\u03bc\u03b5\u03c2 \u03c3\u03b1\u03bb\u03ac\u03c4\u03b5\u03c2","article_modified_time":"2026-04-02T14:21:26+00:00","og_image":[{"width":1024,"height":1024,"url":"https:\/\/staging.pitenis.eu\/wp-content\/uploads\/2025\/07\/Set-\u039d\u03b7\u03c3\u03c4\u03af\u03c3\u03b9\u03bc\u03b1_GR_02-1024x1024.jpg","type":"image\/jpeg"}],"twitter_card":"summary_large_image","twitter_misc":{"Dur\u00e9e de lecture estim\u00e9e":"1 minute"},"schema":{"@context":"https:\/\/schema.org","@graph":[{"@type":"WebPage","@id":"https:\/\/staging.pitenis.eu\/fr\/produit\/paquet-festif-%ce%b1%ce%bd%cf%84%ce%b9%ce%b3%cf%81%ce%b1%cf%86%ce%ae\/","url":"https:\/\/staging.pitenis.eu\/fr\/produit\/paquet-festif-%ce%b1%ce%bd%cf%84%ce%b9%ce%b3%cf%81%ce%b1%cf%86%ce%ae\/","name":"Set de produits de Car\u00eame - Pitenis Shop | &#039;\u0395\u03c4\u03bf\u03b9\u03bc\u03b5\u03c2 \u03c3\u03b1\u03bb\u03ac\u03c4\u03b5\u03c2","isPartOf":{"@id":"https:\/\/staging.pitenis.eu\/fr\/#website"},"primaryImageOfPage":{"@id":"https:\/\/staging.pitenis.eu\/fr\/produit\/paquet-festif-%ce%b1%ce%bd%cf%84%ce%b9%ce%b3%cf%81%ce%b1%cf%86%ce%ae\/#primaryimage"},"image":{"@id":"https:\/\/staging.pitenis.eu\/fr\/produit\/paquet-festif-%ce%b1%ce%bd%cf%84%ce%b9%ce%b3%cf%81%ce%b1%cf%86%ce%ae\/#primaryimage"},"thumbnailUrl":"https:\/\/staging.pitenis.eu\/wp-content\/uploads\/2025\/07\/Set-\u039d\u03b7\u03c3\u03c4\u03af\u03c3\u03b9\u03bc\u03b1_GR_02.jpg","datePublished":"2025-07-31T09:56:43+00:00","dateModified":"2026-04-02T14:21:26+00:00","breadcrumb":{"@id":"https:\/\/staging.pitenis.eu\/fr\/produit\/paquet-festif-%ce%b1%ce%bd%cf%84%ce%b9%ce%b3%cf%81%ce%b1%cf%86%ce%ae\/#breadcrumb"},"inLanguage":"fr-FR","potentialAction":[{"@type":"ReadAction","target":["https:\/\/staging.pitenis.eu\/fr\/produit\/paquet-festif-%ce%b1%ce%bd%cf%84%ce%b9%ce%b3%cf%81%ce%b1%cf%86%ce%ae\/"]}]},{"@type":"ImageObject","inLanguage":"fr-FR","@id":"https:\/\/staging.pitenis.eu\/fr\/produit\/paquet-festif-%ce%b1%ce%bd%cf%84%ce%b9%ce%b3%cf%81%ce%b1%cf%86%ce%ae\/#primaryimage","url":"https:\/\/staging.pitenis.eu\/wp-content\/uploads\/2025\/07\/Set-\u039d\u03b7\u03c3\u03c4\u03af\u03c3\u03b9\u03bc\u03b1_GR_02.jpg","contentUrl":"https:\/\/staging.pitenis.eu\/wp-content\/uploads\/2025\/07\/Set-\u039d\u03b7\u03c3\u03c4\u03af\u03c3\u03b9\u03bc\u03b1_GR_02.jpg","width":2251,"height":2250},{"@type":"BreadcrumbList","@id":"https:\/\/staging.pitenis.eu\/fr\/produit\/paquet-festif-%ce%b1%ce%bd%cf%84%ce%b9%ce%b3%cf%81%ce%b1%cf%86%ce%ae\/#breadcrumb","itemListElement":[{"@type":"ListItem","position":1,"name":"Home","item":"https:\/\/staging.pitenis.eu\/fr\/"},{"@type":"ListItem","position":2,"name":"Boutique","item":"https:\/\/staging.pitenis.eu\/%ce%ba%ce%b1%cf%84%ce%ac%cf%83%cf%84%ce%b7%ce%bc%ce%b1\/"},{"@type":"ListItem","position":3,"name":"Set de produits de Car\u00eame"}]},{"@type":"WebSite","@id":"https:\/\/staging.pitenis.eu\/fr\/#website","url":"https:\/\/staging.pitenis.eu\/fr\/","name":"Pitenis Shop | &#039;\u0395\u03c4\u03bf\u03b9\u03bc\u03b5\u03c2 \u03c3\u03b1\u03bb\u03ac\u03c4\u03b5\u03c2","description":"\u03b1\u03bb\u03bf\u03b9\u03c6\u03ad\u03c2, \u03c8\u03b1\u03c1\u03b9\u03ba\u03ac, \u03c4\u03bf\u03c5\u03c1\u03c3\u03ac\u03ba\u03b9\u03b1","publisher":{"@id":"https:\/\/staging.pitenis.eu\/fr\/#organization"},"potentialAction":[{"@type":"SearchAction","target":{"@type":"EntryPoint","urlTemplate":"https:\/\/staging.pitenis.eu\/fr\/?s={search_term_string}"},"query-input":{"@type":"PropertyValueSpecification","valueRequired":true,"valueName":"search_term_string"}}],"inLanguage":"fr-FR"},{"@type":"Organization","@id":"https:\/\/staging.pitenis.eu\/fr\/#organization","name":"Pitenis Shop | &#039;\u0395\u03c4\u03bf\u03b9\u03bc\u03b5\u03c2 \u03c3\u03b1\u03bb\u03ac\u03c4\u03b5\u03c2","url":"https:\/\/staging.pitenis.eu\/fr\/","logo":{"@type":"ImageObject","inLanguage":"fr-FR","@id":"https:\/\/staging.pitenis.eu\/fr\/#\/schema\/logo\/image\/","url":"https:\/\/staging.pitenis.eu\/wp-content\/uploads\/2025\/04\/cropped-pitenis_logo.png","contentUrl":"https:\/\/staging.pitenis.eu\/wp-content\/uploads\/2025\/04\/cropped-pitenis_logo.png","width":172,"height":74,"caption":"Pitenis Shop | &#039;\u0395\u03c4\u03bf\u03b9\u03bc\u03b5\u03c2 \u03c3\u03b1\u03bb\u03ac\u03c4\u03b5\u03c2"},"image":{"@id":"https:\/\/staging.pitenis.eu\/fr\/#\/schema\/logo\/image\/"}}]}},"_links":{"self":[{"href":"https:\/\/staging.pitenis.eu\/fr\/wp-json\/wp\/v2\/product\/12858","targetHints":{"allow":["GET"]}}],"collection":[{"href":"https:\/\/staging.pitenis.eu\/fr\/wp-json\/wp\/v2\/product"}],"about":[{"href":"https:\/\/staging.pitenis.eu\/fr\/wp-json\/wp\/v2\/types\/product"}],"replies":[{"embeddable":true,"href":"https:\/\/staging.pitenis.eu\/fr\/wp-json\/wp\/v2\/comments?post=12858"}],"wp:featuredmedia":[{"embeddable":true,"href":"https:\/\/staging.pitenis.eu\/fr\/wp-json\/wp\/v2\/media\/15052"}],"wp:attachment":[{"href":"https:\/\/staging.pitenis.eu\/fr\/wp-json\/wp\/v2\/media?parent=12858"}],"wp:term":[{"taxonomy":"product_cat","embeddable":true,"href":"https:\/\/staging.pitenis.eu\/fr\/wp-json\/wp\/v2\/product_cat?post=12858"},{"taxonomy":"product_tag","embeddable":true,"href":"https:\/\/staging.pitenis.eu\/fr\/wp-json\/wp\/v2\/product_tag?post=12858"}],"curies":[{"name":"wp","href":"https:\/\/api.w.org\/{rel}","templated":true}]}}