{"id":12405,"date":"2025-06-03T22:13:18","date_gmt":"2025-06-03T22:13:18","guid":{"rendered":"https:\/\/e-shop.advonpitenis.eu\/product\/taramosalata-traditionnelle-blanche\/"},"modified":"2025-08-14T09:57:06","modified_gmt":"2025-08-14T09:57:06","slug":"taramosalata-traditionnelle-blanche","status":"publish","type":"product","link":"https:\/\/staging.pitenis.eu\/fr\/produit\/taramosalata-traditionnelle-blanche\/","title":{"rendered":"Taramosalata traditionnelle blanche"},"content":{"rendered":"<p><span style=\"font-weight: bold;\">Ingr\u00e9dients<\/span><br \/><span style='font-weight: bold; '> Ingr\u00e9dients :<\/span> huile v\u00e9g\u00e9tale (huile de soja ou de tournesol), eau, 6,5% taramas (\u0153ufs de <span style='font-weight: bold; '>poisson<\/span> conserv\u00e9s \u00e0 100%, sel, sucre), pur\u00e9e de pommes de terre (pommes de terre d\u00e9shydrat\u00e9es 99%, conservateur :<span style='font-weight: bold; '> m\u00e9tabisulfite de sodium<\/span>), HUILE PARATIQUE EXTRAORDINAIRE 3,2%, poudre d&rsquo;oignon, r\u00e9gulateur d&rsquo;acidit\u00e9 : acide citrique, sel, conservateurs : E202, E211. Peut contenir des traces d&rsquo;<span style='font-weight: bold; '>\u0153uf, de fromage, de moutarde<\/span><span style=\"font-weight: bold;\">.<\/span><\/p>\n<p><span style=\"font-weight: bold;\">Combinaisons &#8211; suggestions d&rsquo;utilisation<\/span><br \/>La taramosalata traditionnelle est la star de toutes les tables grecques du Car\u00eame.<br \/>\n&#8211; Vous pouvez la d\u00e9guster sur des gressins ou des gressins aux \u00e9pinards.<br \/>\n&#8211; Elle est \u00e9galement id\u00e9ale pour tartiner des tranches de pain, des toasts ou des sandwichs.<br \/>\n&#8211; Elle peut \u00eatre utilis\u00e9e comme trempette pour des l\u00e9gumes tels que les carottes ou les concombres.<br \/>\n&#8211; C&rsquo;est aussi une excellente garniture pour les tartes ou les salades.<br \/>\n&#8211; Enfin, elle peut accompagner vos poissons et fruits de mer de fa\u00e7on remarquable.<\/p>\n","protected":false},"excerpt":{"rendered":"<p>La taramosalata traditionnelle est une recette grecque devenue c\u00e9l\u00e8bre dans le monde entier. Elle est compos\u00e9e \u00e0 100 % d&rsquo;\u0153ufs de cabillaud, de flocons de pommes de terre et d&rsquo;huile d&rsquo;olive extra vierge et a une riche saveur de citron. Elle est pr\u00e9par\u00e9e sans colorant, offrant ainsi une exp\u00e9rience gustative authentique et saine.<\/p>\n","protected":false},"featured_media":14985,"comment_status":"closed","ping_status":"closed","template":"","meta":{"_acf_changed":false},"product_cat":[340,320],"product_tag":[345],"class_list":{"0":"post-12405","1":"product","2":"type-product","3":"status-publish","4":"has-post-thumbnail","6":"product_cat-lenten-dishes-fr","7":"product_cat-salades","8":"product_tag-featured-home-fr","10":"first","11":"instock","12":"taxable","13":"shipping-taxable","14":"purchasable","15":"product-type-variable"},"acf":[],"yoast_head":"<!-- This site is optimized with the Yoast SEO plugin v27.4 - https:\/\/yoast.com\/product\/yoast-seo-wordpress\/ -->\n<title>Taramosalata traditionnelle blanche - Pitenis Shop | &#039;\u0395\u03c4\u03bf\u03b9\u03bc\u03b5\u03c2 \u03c3\u03b1\u03bb\u03ac\u03c4\u03b5\u03c2<\/title>\n<meta name=\"robots\" content=\"index, follow, max-snippet:-1, max-image-preview:large, max-video-preview:-1\" \/>\n<link rel=\"canonical\" href=\"https:\/\/staging.pitenis.eu\/fr\/produit\/taramosalata-traditionnelle-blanche\/\" \/>\n<meta property=\"og:locale\" content=\"fr_FR\" \/>\n<meta property=\"og:type\" content=\"article\" \/>\n<meta property=\"og:title\" content=\"Taramosalata traditionnelle blanche - Pitenis Shop | &#039;\u0395\u03c4\u03bf\u03b9\u03bc\u03b5\u03c2 \u03c3\u03b1\u03bb\u03ac\u03c4\u03b5\u03c2\" \/>\n<meta property=\"og:description\" content=\"La taramosalata traditionnelle est une recette grecque devenue c\u00e9l\u00e8bre dans le monde entier. Elle est compos\u00e9e \u00e0 100 % d&#039;\u0153ufs de cabillaud, de flocons de pommes de terre et d&#039;huile d&#039;olive extra vierge et a une riche saveur de citron. Elle est pr\u00e9par\u00e9e sans colorant, offrant ainsi une exp\u00e9rience gustative authentique et saine.\" \/>\n<meta property=\"og:url\" content=\"https:\/\/staging.pitenis.eu\/fr\/produit\/taramosalata-traditionnelle-blanche\/\" \/>\n<meta property=\"og:site_name\" content=\"Pitenis Shop | &#039;\u0395\u03c4\u03bf\u03b9\u03bc\u03b5\u03c2 \u03c3\u03b1\u03bb\u03ac\u03c4\u03b5\u03c2\" \/>\n<meta property=\"article:modified_time\" content=\"2025-08-14T09:57:06+00:00\" \/>\n<meta property=\"og:image\" content=\"https:\/\/staging.pitenis.eu\/wp-content\/uploads\/2025\/06\/\u03a4\u0391\u03a1\u0391\u039c\u039f\u03a3\u0391\u039b\u0391\u03a4\u0391_\u03a0\u0391\u03a1\u0391\u0394\u039f\u03a3\u0399\u0391\u039a\u0397.png\" \/>\n\t<meta property=\"og:image:width\" content=\"1000\" \/>\n\t<meta property=\"og:image:height\" content=\"1000\" \/>\n\t<meta property=\"og:image:type\" content=\"image\/png\" \/>\n<meta name=\"twitter:card\" content=\"summary_large_image\" \/>\n<meta name=\"twitter:label1\" content=\"Dur\u00e9e de lecture estim\u00e9e\" \/>\n\t<meta name=\"twitter:data1\" content=\"1 minute\" \/>\n<script type=\"application\/ld+json\" class=\"yoast-schema-graph\">{\"@context\":\"https:\\\/\\\/schema.org\",\"@graph\":[{\"@type\":\"WebPage\",\"@id\":\"https:\\\/\\\/staging.pitenis.eu\\\/fr\\\/produit\\\/taramosalata-traditionnelle-blanche\\\/\",\"url\":\"https:\\\/\\\/staging.pitenis.eu\\\/fr\\\/produit\\\/taramosalata-traditionnelle-blanche\\\/\",\"name\":\"Taramosalata traditionnelle blanche - Pitenis Shop | &#039;\u0395\u03c4\u03bf\u03b9\u03bc\u03b5\u03c2 \u03c3\u03b1\u03bb\u03ac\u03c4\u03b5\u03c2\",\"isPartOf\":{\"@id\":\"https:\\\/\\\/staging.pitenis.eu\\\/fr\\\/#website\"},\"primaryImageOfPage\":{\"@id\":\"https:\\\/\\\/staging.pitenis.eu\\\/fr\\\/produit\\\/taramosalata-traditionnelle-blanche\\\/#primaryimage\"},\"image\":{\"@id\":\"https:\\\/\\\/staging.pitenis.eu\\\/fr\\\/produit\\\/taramosalata-traditionnelle-blanche\\\/#primaryimage\"},\"thumbnailUrl\":\"https:\\\/\\\/staging.pitenis.eu\\\/wp-content\\\/uploads\\\/2025\\\/06\\\/\u03a4\u0391\u03a1\u0391\u039c\u039f\u03a3\u0391\u039b\u0391\u03a4\u0391_\u03a0\u0391\u03a1\u0391\u0394\u039f\u03a3\u0399\u0391\u039a\u0397.png\",\"datePublished\":\"2025-06-03T22:13:18+00:00\",\"dateModified\":\"2025-08-14T09:57:06+00:00\",\"breadcrumb\":{\"@id\":\"https:\\\/\\\/staging.pitenis.eu\\\/fr\\\/produit\\\/taramosalata-traditionnelle-blanche\\\/#breadcrumb\"},\"inLanguage\":\"fr-FR\",\"potentialAction\":[{\"@type\":\"ReadAction\",\"target\":[\"https:\\\/\\\/staging.pitenis.eu\\\/fr\\\/produit\\\/taramosalata-traditionnelle-blanche\\\/\"]}]},{\"@type\":\"ImageObject\",\"inLanguage\":\"fr-FR\",\"@id\":\"https:\\\/\\\/staging.pitenis.eu\\\/fr\\\/produit\\\/taramosalata-traditionnelle-blanche\\\/#primaryimage\",\"url\":\"https:\\\/\\\/staging.pitenis.eu\\\/wp-content\\\/uploads\\\/2025\\\/06\\\/\u03a4\u0391\u03a1\u0391\u039c\u039f\u03a3\u0391\u039b\u0391\u03a4\u0391_\u03a0\u0391\u03a1\u0391\u0394\u039f\u03a3\u0399\u0391\u039a\u0397.png\",\"contentUrl\":\"https:\\\/\\\/staging.pitenis.eu\\\/wp-content\\\/uploads\\\/2025\\\/06\\\/\u03a4\u0391\u03a1\u0391\u039c\u039f\u03a3\u0391\u039b\u0391\u03a4\u0391_\u03a0\u0391\u03a1\u0391\u0394\u039f\u03a3\u0399\u0391\u039a\u0397.png\",\"width\":1000,\"height\":1000},{\"@type\":\"BreadcrumbList\",\"@id\":\"https:\\\/\\\/staging.pitenis.eu\\\/fr\\\/produit\\\/taramosalata-traditionnelle-blanche\\\/#breadcrumb\",\"itemListElement\":[{\"@type\":\"ListItem\",\"position\":1,\"name\":\"Home\",\"item\":\"https:\\\/\\\/staging.pitenis.eu\\\/fr\\\/\"},{\"@type\":\"ListItem\",\"position\":2,\"name\":\"Boutique\",\"item\":\"https:\\\/\\\/staging.pitenis.eu\\\/%ce%ba%ce%b1%cf%84%ce%ac%cf%83%cf%84%ce%b7%ce%bc%ce%b1\\\/\"},{\"@type\":\"ListItem\",\"position\":3,\"name\":\"Taramosalata traditionnelle blanche\"}]},{\"@type\":\"WebSite\",\"@id\":\"https:\\\/\\\/staging.pitenis.eu\\\/fr\\\/#website\",\"url\":\"https:\\\/\\\/staging.pitenis.eu\\\/fr\\\/\",\"name\":\"Pitenis Shop | &#039;\u0395\u03c4\u03bf\u03b9\u03bc\u03b5\u03c2 \u03c3\u03b1\u03bb\u03ac\u03c4\u03b5\u03c2\",\"description\":\"\u03b1\u03bb\u03bf\u03b9\u03c6\u03ad\u03c2, \u03c8\u03b1\u03c1\u03b9\u03ba\u03ac, \u03c4\u03bf\u03c5\u03c1\u03c3\u03ac\u03ba\u03b9\u03b1\",\"publisher\":{\"@id\":\"https:\\\/\\\/staging.pitenis.eu\\\/fr\\\/#organization\"},\"potentialAction\":[{\"@type\":\"SearchAction\",\"target\":{\"@type\":\"EntryPoint\",\"urlTemplate\":\"https:\\\/\\\/staging.pitenis.eu\\\/fr\\\/?s={search_term_string}\"},\"query-input\":{\"@type\":\"PropertyValueSpecification\",\"valueRequired\":true,\"valueName\":\"search_term_string\"}}],\"inLanguage\":\"fr-FR\"},{\"@type\":\"Organization\",\"@id\":\"https:\\\/\\\/staging.pitenis.eu\\\/fr\\\/#organization\",\"name\":\"Pitenis Shop | &#039;\u0395\u03c4\u03bf\u03b9\u03bc\u03b5\u03c2 \u03c3\u03b1\u03bb\u03ac\u03c4\u03b5\u03c2\",\"url\":\"https:\\\/\\\/staging.pitenis.eu\\\/fr\\\/\",\"logo\":{\"@type\":\"ImageObject\",\"inLanguage\":\"fr-FR\",\"@id\":\"https:\\\/\\\/staging.pitenis.eu\\\/fr\\\/#\\\/schema\\\/logo\\\/image\\\/\",\"url\":\"https:\\\/\\\/staging.pitenis.eu\\\/wp-content\\\/uploads\\\/2025\\\/04\\\/cropped-pitenis_logo.png\",\"contentUrl\":\"https:\\\/\\\/staging.pitenis.eu\\\/wp-content\\\/uploads\\\/2025\\\/04\\\/cropped-pitenis_logo.png\",\"width\":172,\"height\":74,\"caption\":\"Pitenis Shop | &#039;\u0395\u03c4\u03bf\u03b9\u03bc\u03b5\u03c2 \u03c3\u03b1\u03bb\u03ac\u03c4\u03b5\u03c2\"},\"image\":{\"@id\":\"https:\\\/\\\/staging.pitenis.eu\\\/fr\\\/#\\\/schema\\\/logo\\\/image\\\/\"}}]}<\/script>\n<!-- \/ Yoast SEO plugin. -->","yoast_head_json":{"title":"Taramosalata traditionnelle blanche - Pitenis Shop | &#039;\u0395\u03c4\u03bf\u03b9\u03bc\u03b5\u03c2 \u03c3\u03b1\u03bb\u03ac\u03c4\u03b5\u03c2","robots":{"index":"index","follow":"follow","max-snippet":"max-snippet:-1","max-image-preview":"max-image-preview:large","max-video-preview":"max-video-preview:-1"},"canonical":"https:\/\/staging.pitenis.eu\/fr\/produit\/taramosalata-traditionnelle-blanche\/","og_locale":"fr_FR","og_type":"article","og_title":"Taramosalata traditionnelle blanche - Pitenis Shop | &#039;\u0395\u03c4\u03bf\u03b9\u03bc\u03b5\u03c2 \u03c3\u03b1\u03bb\u03ac\u03c4\u03b5\u03c2","og_description":"La taramosalata traditionnelle est une recette grecque devenue c\u00e9l\u00e8bre dans le monde entier. Elle est compos\u00e9e \u00e0 100 % d'\u0153ufs de cabillaud, de flocons de pommes de terre et d'huile d'olive extra vierge et a une riche saveur de citron. Elle est pr\u00e9par\u00e9e sans colorant, offrant ainsi une exp\u00e9rience gustative authentique et saine.","og_url":"https:\/\/staging.pitenis.eu\/fr\/produit\/taramosalata-traditionnelle-blanche\/","og_site_name":"Pitenis Shop | &#039;\u0395\u03c4\u03bf\u03b9\u03bc\u03b5\u03c2 \u03c3\u03b1\u03bb\u03ac\u03c4\u03b5\u03c2","article_modified_time":"2025-08-14T09:57:06+00:00","og_image":[{"width":1000,"height":1000,"url":"https:\/\/staging.pitenis.eu\/wp-content\/uploads\/2025\/06\/\u03a4\u0391\u03a1\u0391\u039c\u039f\u03a3\u0391\u039b\u0391\u03a4\u0391_\u03a0\u0391\u03a1\u0391\u0394\u039f\u03a3\u0399\u0391\u039a\u0397.png","type":"image\/png"}],"twitter_card":"summary_large_image","twitter_misc":{"Dur\u00e9e de lecture estim\u00e9e":"1 minute"},"schema":{"@context":"https:\/\/schema.org","@graph":[{"@type":"WebPage","@id":"https:\/\/staging.pitenis.eu\/fr\/produit\/taramosalata-traditionnelle-blanche\/","url":"https:\/\/staging.pitenis.eu\/fr\/produit\/taramosalata-traditionnelle-blanche\/","name":"Taramosalata traditionnelle blanche - Pitenis Shop | &#039;\u0395\u03c4\u03bf\u03b9\u03bc\u03b5\u03c2 \u03c3\u03b1\u03bb\u03ac\u03c4\u03b5\u03c2","isPartOf":{"@id":"https:\/\/staging.pitenis.eu\/fr\/#website"},"primaryImageOfPage":{"@id":"https:\/\/staging.pitenis.eu\/fr\/produit\/taramosalata-traditionnelle-blanche\/#primaryimage"},"image":{"@id":"https:\/\/staging.pitenis.eu\/fr\/produit\/taramosalata-traditionnelle-blanche\/#primaryimage"},"thumbnailUrl":"https:\/\/staging.pitenis.eu\/wp-content\/uploads\/2025\/06\/\u03a4\u0391\u03a1\u0391\u039c\u039f\u03a3\u0391\u039b\u0391\u03a4\u0391_\u03a0\u0391\u03a1\u0391\u0394\u039f\u03a3\u0399\u0391\u039a\u0397.png","datePublished":"2025-06-03T22:13:18+00:00","dateModified":"2025-08-14T09:57:06+00:00","breadcrumb":{"@id":"https:\/\/staging.pitenis.eu\/fr\/produit\/taramosalata-traditionnelle-blanche\/#breadcrumb"},"inLanguage":"fr-FR","potentialAction":[{"@type":"ReadAction","target":["https:\/\/staging.pitenis.eu\/fr\/produit\/taramosalata-traditionnelle-blanche\/"]}]},{"@type":"ImageObject","inLanguage":"fr-FR","@id":"https:\/\/staging.pitenis.eu\/fr\/produit\/taramosalata-traditionnelle-blanche\/#primaryimage","url":"https:\/\/staging.pitenis.eu\/wp-content\/uploads\/2025\/06\/\u03a4\u0391\u03a1\u0391\u039c\u039f\u03a3\u0391\u039b\u0391\u03a4\u0391_\u03a0\u0391\u03a1\u0391\u0394\u039f\u03a3\u0399\u0391\u039a\u0397.png","contentUrl":"https:\/\/staging.pitenis.eu\/wp-content\/uploads\/2025\/06\/\u03a4\u0391\u03a1\u0391\u039c\u039f\u03a3\u0391\u039b\u0391\u03a4\u0391_\u03a0\u0391\u03a1\u0391\u0394\u039f\u03a3\u0399\u0391\u039a\u0397.png","width":1000,"height":1000},{"@type":"BreadcrumbList","@id":"https:\/\/staging.pitenis.eu\/fr\/produit\/taramosalata-traditionnelle-blanche\/#breadcrumb","itemListElement":[{"@type":"ListItem","position":1,"name":"Home","item":"https:\/\/staging.pitenis.eu\/fr\/"},{"@type":"ListItem","position":2,"name":"Boutique","item":"https:\/\/staging.pitenis.eu\/%ce%ba%ce%b1%cf%84%ce%ac%cf%83%cf%84%ce%b7%ce%bc%ce%b1\/"},{"@type":"ListItem","position":3,"name":"Taramosalata traditionnelle blanche"}]},{"@type":"WebSite","@id":"https:\/\/staging.pitenis.eu\/fr\/#website","url":"https:\/\/staging.pitenis.eu\/fr\/","name":"Pitenis Shop | &#039;\u0395\u03c4\u03bf\u03b9\u03bc\u03b5\u03c2 \u03c3\u03b1\u03bb\u03ac\u03c4\u03b5\u03c2","description":"\u03b1\u03bb\u03bf\u03b9\u03c6\u03ad\u03c2, \u03c8\u03b1\u03c1\u03b9\u03ba\u03ac, \u03c4\u03bf\u03c5\u03c1\u03c3\u03ac\u03ba\u03b9\u03b1","publisher":{"@id":"https:\/\/staging.pitenis.eu\/fr\/#organization"},"potentialAction":[{"@type":"SearchAction","target":{"@type":"EntryPoint","urlTemplate":"https:\/\/staging.pitenis.eu\/fr\/?s={search_term_string}"},"query-input":{"@type":"PropertyValueSpecification","valueRequired":true,"valueName":"search_term_string"}}],"inLanguage":"fr-FR"},{"@type":"Organization","@id":"https:\/\/staging.pitenis.eu\/fr\/#organization","name":"Pitenis Shop | &#039;\u0395\u03c4\u03bf\u03b9\u03bc\u03b5\u03c2 \u03c3\u03b1\u03bb\u03ac\u03c4\u03b5\u03c2","url":"https:\/\/staging.pitenis.eu\/fr\/","logo":{"@type":"ImageObject","inLanguage":"fr-FR","@id":"https:\/\/staging.pitenis.eu\/fr\/#\/schema\/logo\/image\/","url":"https:\/\/staging.pitenis.eu\/wp-content\/uploads\/2025\/04\/cropped-pitenis_logo.png","contentUrl":"https:\/\/staging.pitenis.eu\/wp-content\/uploads\/2025\/04\/cropped-pitenis_logo.png","width":172,"height":74,"caption":"Pitenis Shop | &#039;\u0395\u03c4\u03bf\u03b9\u03bc\u03b5\u03c2 \u03c3\u03b1\u03bb\u03ac\u03c4\u03b5\u03c2"},"image":{"@id":"https:\/\/staging.pitenis.eu\/fr\/#\/schema\/logo\/image\/"}}]}},"_links":{"self":[{"href":"https:\/\/staging.pitenis.eu\/fr\/wp-json\/wp\/v2\/product\/12405","targetHints":{"allow":["GET"]}}],"collection":[{"href":"https:\/\/staging.pitenis.eu\/fr\/wp-json\/wp\/v2\/product"}],"about":[{"href":"https:\/\/staging.pitenis.eu\/fr\/wp-json\/wp\/v2\/types\/product"}],"replies":[{"embeddable":true,"href":"https:\/\/staging.pitenis.eu\/fr\/wp-json\/wp\/v2\/comments?post=12405"}],"wp:featuredmedia":[{"embeddable":true,"href":"https:\/\/staging.pitenis.eu\/fr\/wp-json\/wp\/v2\/media\/14985"}],"wp:attachment":[{"href":"https:\/\/staging.pitenis.eu\/fr\/wp-json\/wp\/v2\/media?parent=12405"}],"wp:term":[{"taxonomy":"product_cat","embeddable":true,"href":"https:\/\/staging.pitenis.eu\/fr\/wp-json\/wp\/v2\/product_cat?post=12405"},{"taxonomy":"product_tag","embeddable":true,"href":"https:\/\/staging.pitenis.eu\/fr\/wp-json\/wp\/v2\/product_tag?post=12405"}],"curies":[{"name":"wp","href":"https:\/\/api.w.org\/{rel}","templated":true}]}}