{"id":12329,"date":"2025-06-03T22:12:39","date_gmt":"2025-06-03T22:12:39","guid":{"rendered":"https:\/\/e-shop.advonpitenis.eu\/product\/paprika\/"},"modified":"2025-08-14T09:52:35","modified_gmt":"2025-08-14T09:52:35","slug":"paprika","status":"publish","type":"product","link":"https:\/\/staging.pitenis.eu\/fr\/produit\/paprika\/","title":{"rendered":"Paprika"},"content":{"rendered":"<p><span style=\"font-weight: bold;\">Ingr\u00e9dients<\/span><br \/><span style='font-weight: bold; '>Ingr\u00e9dients : <\/span>P\u00e2te de tomates, <span style='font-weight: bold; '>moutarde<\/span> 32% (eau, vinaigre, <span style='font-weight: bold; '>moutarde<\/span>, moutarde, amidon naturel de ma\u00efs, sel, sucre, ar\u00f4me de moutarde), <span style='font-weight: bold; '>mayonnaise<\/span> 13% (huile v\u00e9g\u00e9tale (huile de soja ou de tournesol), eau, jaune d&rsquo;<span style='font-weight: bold; '> \u0153uf <\/span>pasteuris\u00e9, <span style='font-weight: bold; '>moutarde<\/span> 1%, conservateurs : E202, E211, fibres), poivre Florina (poivre Florina, eau, sel, vinaigre, sucre),<span style='font-weight: bold; '> chapelure<\/span> <span style='font-weight: bold; '>(<\/span>farine de <span style='font-weight: bold; '>bl\u00e9<\/span>, levure, sel), <span style='font-weight: bold; '>fromage FETA <\/span>2,5%<span style='font-weight: bold; '> <\/span>( <span style='font-weight: bold; '>lait de<\/span> brebis, pr\u00e9sure, culture acide, sel), sel, correcteur d&rsquo;acidit\u00e9 : acide citrique. Contient probablement des traces de <span style='font-weight: bold; '>c\u00e9leri<\/span>, de<span style='font-weight: bold; '> s\u00e9same<\/span>.<\/p>\n<p><span style=\"font-weight: bold;\">Combinaisons &#8211; suggestions d&rsquo;utilisation<\/span><br \/>Salade &#8211; sauce aux utilisations infinies ! Salade fra\u00eeche pour le barbecue ou pour un sandwich \u00e0 la viande grill\u00e9e. La touche parfaite sur un spatchcock et la sauce ultime pour une cr\u00eape de poulet ou de porc. M\u00eame chaude, comme sauce, dans des spaghettis avec des olives et <\/span>Tomates s\u00e9ch\u00e9es au soleil &lsquo;<\/span>Pitenis<\/span>&lsquo;<\/span>est un produit \u00e0 base de p\u00e2tes pour des repas rapides et savoureux.                                                                                                   Recette :<\/span> Poulet au paprika et \u00e0 la moutarde<br \/>Ingr\u00e9dients<br \/><\/span>&#8211; 3 cuill\u00e8res \u00e0 soupe d&rsquo;huile d&rsquo;olive<br \/>&#8211; 8 petites cuisses de poulet, en bas, d\u00e9soss\u00e9es<br \/>&#8211; 1 oignon finement \u00e9minc\u00e9<br \/>&#8211; 2 gousses d&rsquo;ail \u00e9cras\u00e9es<br \/>&#8211; 500 g de pommes de terre pel\u00e9es et coup\u00e9es en d\u00e9s<br \/>&#8211; 1 cuill\u00e8re \u00e0 soupe de tomates pel\u00e9es et coup\u00e9es en d\u00e9s &#8211; 1 cuill\u00e8re \u00e0 soupe de tomates pel\u00e9es et coup\u00e9es en d\u00e9s.1 cuill\u00e8re \u00e0 soupe de moutarde de Dijon<br \/>&#8211; 1 cuill\u00e8re \u00e0 soupe de concentr\u00e9 de tomates<br \/>&#8211; 1 cuill\u00e8re \u00e0 caf\u00e9 de paprika<br \/>&#8211; 2 cuill\u00e8res \u00e0 soupe de vinaigre de vin rouge<br \/>&#8211; 100 ml de cerises s\u00e8ches<br \/>&#8211; 300 ml de bouillon de poulet<br \/>&#8211; 4 cuill\u00e8res \u00e0 soupe de yaourt \u00e9goutt\u00e9<br \/>&#8211; Persil finement hach\u00e9<br \/>Ex\u00e9cution<br \/><\/span>1. Faites chauffer 1 cuill\u00e8re \u00e0 soupe d&rsquo;huile dans une po\u00eale profonde avec un couvercle \u00e0 feu moyen.<br \/>2. Assaisonnez les c\u00f4telettes avec du sel et du poivre et faites-les sauter jusqu&rsquo;\u00e0 ce qu&rsquo;elles soient dor\u00e9es de tous les c\u00f4t\u00e9s.<br \/>3. Retirez-les de la po\u00eale et gardez-les au chaud.<br \/>4. chauffer le reste de l&rsquo;huile dans la po\u00eale et faire revenir les oignons pendant 3 minutes jusqu&rsquo;\u00e0 ce qu&rsquo;ils soient ramollis.<br \/>5. ajouter l&rsquo;ail et continuer pendant 1 minute.<br \/>6. puis les cubes de pommes de terre, la moutarde, le concentr\u00e9 de tomates &#8211; remuer et laisser cuire pendant 1 minute.<br \/>7. saupoudrer de paprika et ajouter la cerise, le vinaigre et le bouillon de poulet.<br \/>8. augmenter le feu, laisser la sauce bouillir pendant 2 minutes.<br \/>9. ajouter le poulet, couvrir la po\u00eale, baisser le feu et laisser cuire pendant 10 minutes.<br \/>10. poursuivre la cuisson pendant encore 8 minutes \u00e0 d\u00e9couvert jusqu&rsquo;\u00e0 ce que la sauce \u00e9paississe et que le poulet et les pommes de terre soient cuits.<br \/>11. Servir dans des assiettes en d\u00e9posant une cuiller\u00e9e de yaourt sur le dessus de chaque portion et en saupoudrant de persil.<\/p>\n","protected":false},"excerpt":{"rendered":"<p>Le paprika est un tr\u00e9sor savoureux au go\u00fbt prononc\u00e9 de concentr\u00e9 de tomates et de moutarde. La riche mayonnaise est associ\u00e9e au fromage de Toulouse, offrant une combinaison de saveurs parfaitement \u00e9quilibr\u00e9e. Le paprika ajoute de la profondeur et une saveur riche, ce qui le rend parfait pour am\u00e9liorer les sandwichs, les hamburgers ou m\u00eame les salades.<\/p>\n","protected":false},"featured_media":14952,"comment_status":"closed","ping_status":"closed","template":"","meta":{"_acf_changed":false},"product_cat":[320],"product_tag":[],"class_list":{"0":"post-12329","1":"product","2":"type-product","3":"status-publish","4":"has-post-thumbnail","6":"product_cat-salades","8":"first","9":"instock","10":"taxable","11":"shipping-taxable","12":"purchasable","13":"product-type-variable"},"acf":[],"yoast_head":"<!-- This site is optimized with the Yoast SEO plugin v27.4 - https:\/\/yoast.com\/product\/yoast-seo-wordpress\/ -->\n<title>Paprika - Pitenis Shop | &#039;\u0395\u03c4\u03bf\u03b9\u03bc\u03b5\u03c2 \u03c3\u03b1\u03bb\u03ac\u03c4\u03b5\u03c2<\/title>\n<meta name=\"robots\" content=\"index, follow, max-snippet:-1, max-image-preview:large, max-video-preview:-1\" \/>\n<link rel=\"canonical\" href=\"https:\/\/staging.pitenis.eu\/fr\/produit\/paprika\/\" \/>\n<meta property=\"og:locale\" content=\"fr_FR\" \/>\n<meta property=\"og:type\" content=\"article\" \/>\n<meta property=\"og:title\" content=\"Paprika - Pitenis Shop | &#039;\u0395\u03c4\u03bf\u03b9\u03bc\u03b5\u03c2 \u03c3\u03b1\u03bb\u03ac\u03c4\u03b5\u03c2\" \/>\n<meta property=\"og:description\" content=\"Le paprika est un tr\u00e9sor savoureux au go\u00fbt prononc\u00e9 de concentr\u00e9 de tomates et de moutarde. La riche mayonnaise est associ\u00e9e au fromage de Toulouse, offrant une combinaison de saveurs parfaitement \u00e9quilibr\u00e9e. Le paprika ajoute de la profondeur et une saveur riche, ce qui le rend parfait pour am\u00e9liorer les sandwichs, les hamburgers ou m\u00eame les salades.\" \/>\n<meta property=\"og:url\" content=\"https:\/\/staging.pitenis.eu\/fr\/produit\/paprika\/\" \/>\n<meta property=\"og:site_name\" content=\"Pitenis Shop | &#039;\u0395\u03c4\u03bf\u03b9\u03bc\u03b5\u03c2 \u03c3\u03b1\u03bb\u03ac\u03c4\u03b5\u03c2\" \/>\n<meta property=\"article:modified_time\" content=\"2025-08-14T09:52:35+00:00\" \/>\n<meta property=\"og:image\" content=\"https:\/\/staging.pitenis.eu\/wp-content\/uploads\/2025\/06\/\u03a0\u0391\u03a0\u03a1\u0399\u039a\u0391.png\" \/>\n\t<meta property=\"og:image:width\" content=\"1000\" \/>\n\t<meta property=\"og:image:height\" content=\"1000\" \/>\n\t<meta property=\"og:image:type\" content=\"image\/png\" \/>\n<meta name=\"twitter:card\" content=\"summary_large_image\" \/>\n<meta name=\"twitter:label1\" content=\"Dur\u00e9e de lecture estim\u00e9e\" \/>\n\t<meta name=\"twitter:data1\" content=\"2 minutes\" \/>\n<script type=\"application\/ld+json\" class=\"yoast-schema-graph\">{\"@context\":\"https:\\\/\\\/schema.org\",\"@graph\":[{\"@type\":\"WebPage\",\"@id\":\"https:\\\/\\\/staging.pitenis.eu\\\/fr\\\/produit\\\/paprika\\\/\",\"url\":\"https:\\\/\\\/staging.pitenis.eu\\\/fr\\\/produit\\\/paprika\\\/\",\"name\":\"Paprika - Pitenis Shop | &#039;\u0395\u03c4\u03bf\u03b9\u03bc\u03b5\u03c2 \u03c3\u03b1\u03bb\u03ac\u03c4\u03b5\u03c2\",\"isPartOf\":{\"@id\":\"https:\\\/\\\/staging.pitenis.eu\\\/fr\\\/#website\"},\"primaryImageOfPage\":{\"@id\":\"https:\\\/\\\/staging.pitenis.eu\\\/fr\\\/produit\\\/paprika\\\/#primaryimage\"},\"image\":{\"@id\":\"https:\\\/\\\/staging.pitenis.eu\\\/fr\\\/produit\\\/paprika\\\/#primaryimage\"},\"thumbnailUrl\":\"https:\\\/\\\/staging.pitenis.eu\\\/wp-content\\\/uploads\\\/2025\\\/06\\\/\u03a0\u0391\u03a0\u03a1\u0399\u039a\u0391.png\",\"datePublished\":\"2025-06-03T22:12:39+00:00\",\"dateModified\":\"2025-08-14T09:52:35+00:00\",\"breadcrumb\":{\"@id\":\"https:\\\/\\\/staging.pitenis.eu\\\/fr\\\/produit\\\/paprika\\\/#breadcrumb\"},\"inLanguage\":\"fr-FR\",\"potentialAction\":[{\"@type\":\"ReadAction\",\"target\":[\"https:\\\/\\\/staging.pitenis.eu\\\/fr\\\/produit\\\/paprika\\\/\"]}]},{\"@type\":\"ImageObject\",\"inLanguage\":\"fr-FR\",\"@id\":\"https:\\\/\\\/staging.pitenis.eu\\\/fr\\\/produit\\\/paprika\\\/#primaryimage\",\"url\":\"https:\\\/\\\/staging.pitenis.eu\\\/wp-content\\\/uploads\\\/2025\\\/06\\\/\u03a0\u0391\u03a0\u03a1\u0399\u039a\u0391.png\",\"contentUrl\":\"https:\\\/\\\/staging.pitenis.eu\\\/wp-content\\\/uploads\\\/2025\\\/06\\\/\u03a0\u0391\u03a0\u03a1\u0399\u039a\u0391.png\",\"width\":1000,\"height\":1000},{\"@type\":\"BreadcrumbList\",\"@id\":\"https:\\\/\\\/staging.pitenis.eu\\\/fr\\\/produit\\\/paprika\\\/#breadcrumb\",\"itemListElement\":[{\"@type\":\"ListItem\",\"position\":1,\"name\":\"Home\",\"item\":\"https:\\\/\\\/staging.pitenis.eu\\\/fr\\\/\"},{\"@type\":\"ListItem\",\"position\":2,\"name\":\"Boutique\",\"item\":\"https:\\\/\\\/staging.pitenis.eu\\\/%ce%ba%ce%b1%cf%84%ce%ac%cf%83%cf%84%ce%b7%ce%bc%ce%b1\\\/\"},{\"@type\":\"ListItem\",\"position\":3,\"name\":\"Paprika\"}]},{\"@type\":\"WebSite\",\"@id\":\"https:\\\/\\\/staging.pitenis.eu\\\/fr\\\/#website\",\"url\":\"https:\\\/\\\/staging.pitenis.eu\\\/fr\\\/\",\"name\":\"Pitenis Shop | &#039;\u0395\u03c4\u03bf\u03b9\u03bc\u03b5\u03c2 \u03c3\u03b1\u03bb\u03ac\u03c4\u03b5\u03c2\",\"description\":\"\u03b1\u03bb\u03bf\u03b9\u03c6\u03ad\u03c2, \u03c8\u03b1\u03c1\u03b9\u03ba\u03ac, \u03c4\u03bf\u03c5\u03c1\u03c3\u03ac\u03ba\u03b9\u03b1\",\"publisher\":{\"@id\":\"https:\\\/\\\/staging.pitenis.eu\\\/fr\\\/#organization\"},\"potentialAction\":[{\"@type\":\"SearchAction\",\"target\":{\"@type\":\"EntryPoint\",\"urlTemplate\":\"https:\\\/\\\/staging.pitenis.eu\\\/fr\\\/?s={search_term_string}\"},\"query-input\":{\"@type\":\"PropertyValueSpecification\",\"valueRequired\":true,\"valueName\":\"search_term_string\"}}],\"inLanguage\":\"fr-FR\"},{\"@type\":\"Organization\",\"@id\":\"https:\\\/\\\/staging.pitenis.eu\\\/fr\\\/#organization\",\"name\":\"Pitenis Shop | &#039;\u0395\u03c4\u03bf\u03b9\u03bc\u03b5\u03c2 \u03c3\u03b1\u03bb\u03ac\u03c4\u03b5\u03c2\",\"url\":\"https:\\\/\\\/staging.pitenis.eu\\\/fr\\\/\",\"logo\":{\"@type\":\"ImageObject\",\"inLanguage\":\"fr-FR\",\"@id\":\"https:\\\/\\\/staging.pitenis.eu\\\/fr\\\/#\\\/schema\\\/logo\\\/image\\\/\",\"url\":\"https:\\\/\\\/staging.pitenis.eu\\\/wp-content\\\/uploads\\\/2025\\\/04\\\/cropped-pitenis_logo.png\",\"contentUrl\":\"https:\\\/\\\/staging.pitenis.eu\\\/wp-content\\\/uploads\\\/2025\\\/04\\\/cropped-pitenis_logo.png\",\"width\":172,\"height\":74,\"caption\":\"Pitenis Shop | &#039;\u0395\u03c4\u03bf\u03b9\u03bc\u03b5\u03c2 \u03c3\u03b1\u03bb\u03ac\u03c4\u03b5\u03c2\"},\"image\":{\"@id\":\"https:\\\/\\\/staging.pitenis.eu\\\/fr\\\/#\\\/schema\\\/logo\\\/image\\\/\"}}]}<\/script>\n<!-- \/ Yoast SEO plugin. -->","yoast_head_json":{"title":"Paprika - Pitenis Shop | &#039;\u0395\u03c4\u03bf\u03b9\u03bc\u03b5\u03c2 \u03c3\u03b1\u03bb\u03ac\u03c4\u03b5\u03c2","robots":{"index":"index","follow":"follow","max-snippet":"max-snippet:-1","max-image-preview":"max-image-preview:large","max-video-preview":"max-video-preview:-1"},"canonical":"https:\/\/staging.pitenis.eu\/fr\/produit\/paprika\/","og_locale":"fr_FR","og_type":"article","og_title":"Paprika - Pitenis Shop | &#039;\u0395\u03c4\u03bf\u03b9\u03bc\u03b5\u03c2 \u03c3\u03b1\u03bb\u03ac\u03c4\u03b5\u03c2","og_description":"Le paprika est un tr\u00e9sor savoureux au go\u00fbt prononc\u00e9 de concentr\u00e9 de tomates et de moutarde. La riche mayonnaise est associ\u00e9e au fromage de Toulouse, offrant une combinaison de saveurs parfaitement \u00e9quilibr\u00e9e. Le paprika ajoute de la profondeur et une saveur riche, ce qui le rend parfait pour am\u00e9liorer les sandwichs, les hamburgers ou m\u00eame les salades.","og_url":"https:\/\/staging.pitenis.eu\/fr\/produit\/paprika\/","og_site_name":"Pitenis Shop | &#039;\u0395\u03c4\u03bf\u03b9\u03bc\u03b5\u03c2 \u03c3\u03b1\u03bb\u03ac\u03c4\u03b5\u03c2","article_modified_time":"2025-08-14T09:52:35+00:00","og_image":[{"width":1000,"height":1000,"url":"https:\/\/staging.pitenis.eu\/wp-content\/uploads\/2025\/06\/\u03a0\u0391\u03a0\u03a1\u0399\u039a\u0391.png","type":"image\/png"}],"twitter_card":"summary_large_image","twitter_misc":{"Dur\u00e9e de lecture estim\u00e9e":"2 minutes"},"schema":{"@context":"https:\/\/schema.org","@graph":[{"@type":"WebPage","@id":"https:\/\/staging.pitenis.eu\/fr\/produit\/paprika\/","url":"https:\/\/staging.pitenis.eu\/fr\/produit\/paprika\/","name":"Paprika - Pitenis Shop | &#039;\u0395\u03c4\u03bf\u03b9\u03bc\u03b5\u03c2 \u03c3\u03b1\u03bb\u03ac\u03c4\u03b5\u03c2","isPartOf":{"@id":"https:\/\/staging.pitenis.eu\/fr\/#website"},"primaryImageOfPage":{"@id":"https:\/\/staging.pitenis.eu\/fr\/produit\/paprika\/#primaryimage"},"image":{"@id":"https:\/\/staging.pitenis.eu\/fr\/produit\/paprika\/#primaryimage"},"thumbnailUrl":"https:\/\/staging.pitenis.eu\/wp-content\/uploads\/2025\/06\/\u03a0\u0391\u03a0\u03a1\u0399\u039a\u0391.png","datePublished":"2025-06-03T22:12:39+00:00","dateModified":"2025-08-14T09:52:35+00:00","breadcrumb":{"@id":"https:\/\/staging.pitenis.eu\/fr\/produit\/paprika\/#breadcrumb"},"inLanguage":"fr-FR","potentialAction":[{"@type":"ReadAction","target":["https:\/\/staging.pitenis.eu\/fr\/produit\/paprika\/"]}]},{"@type":"ImageObject","inLanguage":"fr-FR","@id":"https:\/\/staging.pitenis.eu\/fr\/produit\/paprika\/#primaryimage","url":"https:\/\/staging.pitenis.eu\/wp-content\/uploads\/2025\/06\/\u03a0\u0391\u03a0\u03a1\u0399\u039a\u0391.png","contentUrl":"https:\/\/staging.pitenis.eu\/wp-content\/uploads\/2025\/06\/\u03a0\u0391\u03a0\u03a1\u0399\u039a\u0391.png","width":1000,"height":1000},{"@type":"BreadcrumbList","@id":"https:\/\/staging.pitenis.eu\/fr\/produit\/paprika\/#breadcrumb","itemListElement":[{"@type":"ListItem","position":1,"name":"Home","item":"https:\/\/staging.pitenis.eu\/fr\/"},{"@type":"ListItem","position":2,"name":"Boutique","item":"https:\/\/staging.pitenis.eu\/%ce%ba%ce%b1%cf%84%ce%ac%cf%83%cf%84%ce%b7%ce%bc%ce%b1\/"},{"@type":"ListItem","position":3,"name":"Paprika"}]},{"@type":"WebSite","@id":"https:\/\/staging.pitenis.eu\/fr\/#website","url":"https:\/\/staging.pitenis.eu\/fr\/","name":"Pitenis Shop | &#039;\u0395\u03c4\u03bf\u03b9\u03bc\u03b5\u03c2 \u03c3\u03b1\u03bb\u03ac\u03c4\u03b5\u03c2","description":"\u03b1\u03bb\u03bf\u03b9\u03c6\u03ad\u03c2, \u03c8\u03b1\u03c1\u03b9\u03ba\u03ac, \u03c4\u03bf\u03c5\u03c1\u03c3\u03ac\u03ba\u03b9\u03b1","publisher":{"@id":"https:\/\/staging.pitenis.eu\/fr\/#organization"},"potentialAction":[{"@type":"SearchAction","target":{"@type":"EntryPoint","urlTemplate":"https:\/\/staging.pitenis.eu\/fr\/?s={search_term_string}"},"query-input":{"@type":"PropertyValueSpecification","valueRequired":true,"valueName":"search_term_string"}}],"inLanguage":"fr-FR"},{"@type":"Organization","@id":"https:\/\/staging.pitenis.eu\/fr\/#organization","name":"Pitenis Shop | &#039;\u0395\u03c4\u03bf\u03b9\u03bc\u03b5\u03c2 \u03c3\u03b1\u03bb\u03ac\u03c4\u03b5\u03c2","url":"https:\/\/staging.pitenis.eu\/fr\/","logo":{"@type":"ImageObject","inLanguage":"fr-FR","@id":"https:\/\/staging.pitenis.eu\/fr\/#\/schema\/logo\/image\/","url":"https:\/\/staging.pitenis.eu\/wp-content\/uploads\/2025\/04\/cropped-pitenis_logo.png","contentUrl":"https:\/\/staging.pitenis.eu\/wp-content\/uploads\/2025\/04\/cropped-pitenis_logo.png","width":172,"height":74,"caption":"Pitenis Shop | &#039;\u0395\u03c4\u03bf\u03b9\u03bc\u03b5\u03c2 \u03c3\u03b1\u03bb\u03ac\u03c4\u03b5\u03c2"},"image":{"@id":"https:\/\/staging.pitenis.eu\/fr\/#\/schema\/logo\/image\/"}}]}},"_links":{"self":[{"href":"https:\/\/staging.pitenis.eu\/fr\/wp-json\/wp\/v2\/product\/12329","targetHints":{"allow":["GET"]}}],"collection":[{"href":"https:\/\/staging.pitenis.eu\/fr\/wp-json\/wp\/v2\/product"}],"about":[{"href":"https:\/\/staging.pitenis.eu\/fr\/wp-json\/wp\/v2\/types\/product"}],"replies":[{"embeddable":true,"href":"https:\/\/staging.pitenis.eu\/fr\/wp-json\/wp\/v2\/comments?post=12329"}],"wp:featuredmedia":[{"embeddable":true,"href":"https:\/\/staging.pitenis.eu\/fr\/wp-json\/wp\/v2\/media\/14952"}],"wp:attachment":[{"href":"https:\/\/staging.pitenis.eu\/fr\/wp-json\/wp\/v2\/media?parent=12329"}],"wp:term":[{"taxonomy":"product_cat","embeddable":true,"href":"https:\/\/staging.pitenis.eu\/fr\/wp-json\/wp\/v2\/product_cat?post=12329"},{"taxonomy":"product_tag","embeddable":true,"href":"https:\/\/staging.pitenis.eu\/fr\/wp-json\/wp\/v2\/product_tag?post=12329"}],"curies":[{"name":"wp","href":"https:\/\/api.w.org\/{rel}","templated":true}]}}