{"id":12323,"date":"2025-06-03T22:12:39","date_gmt":"2025-06-03T22:12:39","guid":{"rendered":"https:\/\/e-shop.advonpitenis.eu\/product\/salade-russe\/"},"modified":"2025-08-14T09:52:33","modified_gmt":"2025-08-14T09:52:33","slug":"salade-russe","status":"publish","type":"product","link":"https:\/\/staging.pitenis.eu\/fr\/produit\/salade-russe\/","title":{"rendered":"Salade russe"},"content":{"rendered":"<p><span style=\"font-weight: bold;\">Ingr\u00e9dients<\/span><br \/><span style='font-weight: bold; '>Ingr\u00e9dients :<\/span> <span style='font-weight: bold; '>Mayonnaise<\/span> 50% (Huile v\u00e9g\u00e9tale (huile de soja ou de tournesol), eau, jaune d&rsquo;<span style='font-weight: bold; '> \u0153uf <\/span>pasteuris\u00e9, <span style='font-weight: bold; '>moutarde<\/span>, fibres v\u00e9g\u00e9tales), l\u00e9gumes en proportions variables 59% [pomme de terre fra\u00eeche, carotte, concombre (sel, vinaigre, sucre, \u00e9pices, ar\u00f4mes, r\u00e9gulateur d&rsquo;acidit\u00e9 : E509), petits pois], HUILE DE COTON EXTRAORDINAIRE 3,3%, <span style='font-weight: bold; '>Moutarde<\/span> (eau, vinaigre, <span style='font-weight: bold; '>moutarde<\/span>, amidon naturel de ma\u00efs, sel, sucre, ar\u00f4me de moutarde), bouillon de l\u00e9gumes<span style='font-weight: bold; '> <\/span><span style='font-weight: bold; '>(soja<\/span>, <span style='font-weight: bold; '>c\u00e9leri<\/span>), sucre, sel, vinaigre, r\u00e9gulateur d&rsquo;acidit\u00e9 : acide citrique, conservateurs : E202, E211. Contient probablement des traces de <span style='font-weight: bold; '>fromage<\/span><span style=\"font-weight: bold;\">.<\/span><\/p>\n<p><span style=\"font-weight: bold;\">Combinaisons &#8211; suggestions d&rsquo;utilisation<\/span><br \/>La salade russe, invent\u00e9e par Lucien Olivier, est un accompagnement ind\u00e9modable de toutes les tables dans tous les pays des Balkans. <br \/>&#8211; Essayez-la avec du poisson bouilli dans une \u00e9vocation de la salade ath\u00e9nienne ou dans une proposition plus moderne avec de la truite fum\u00e9e &lsquo;Pitenis&rsquo;. <br \/>&#8211; Servez-la dans un bol en entr\u00e9e ou en accompagnement d&rsquo;un repas. <br \/>&#8211; Ajoutez la salade russe \u00e0 un sandwich, un toast ou une pizza pour donner de la saveur \u00e0 votre en-cas. <br \/>&#8211; Utilisez la salade russe comme garniture pour les p\u00e2tes ou le riz. <br \/>&#8211; Ajoutez-la \u00e0 une salade verte feuillue pour ajouter de la saveur et de la vari\u00e9t\u00e9. <br \/>&#8211; Servez la salade russe avec de la viande ou du poisson pour un repas complet. <br \/>&#8211; Pour les plus aventureux, essayez-la dans une tarte au fromage fum\u00e9 et au bacon !                              <br \/> <\/span> <\/p>\n<p><\/span><\/p>\n<p>Recette. 1 cuill\u00e8re \u00e0 caf\u00e9 de c\u00e2pres finement hach\u00e9es<br \/>&#8211; 2 branches de c\u00e9leri hach\u00e9<br \/>&#8211; \u00bd pomme acide coup\u00e9e en d\u00e9s<br \/>&#8211; 1 pinc\u00e9e de curry jaune<br \/>&#8211; 8 fines tranches de jambon<br \/>Pr\u00e9paration<br \/><\/span>M\u00e9langer la salade russe avec le chou, les c\u00e2pres, le c\u00e9leri, la pomme et le curry dans un bol. D\u00e9poser environ 1 cuill\u00e8re \u00e0 soupe de salade au centre de chaque tranche de jambon et rouler les rouleaux. Servez avec beaucoup de poivre fra\u00eechement moulu.<br \/>Conseils<br \/><\/span>Si vous n&rsquo;aimez pas le jambon de porc, vous pouvez pr\u00e9parer les rouleaux avec du jarret de b\u0153uf fum\u00e9.<\/p>\n","protected":false},"excerpt":{"rendered":"<p>La salade russe est un d\u00e9licieux m\u00e9lange de l\u00e9gumes fra\u00eechement cuits tels que pommes de terre, carottes, concombres et petits pois, associ\u00e9s au go\u00fbt velout\u00e9 de la mayonnaise Pitenis de premi\u00e8re qualit\u00e9. Cette combinaison unique offre un m\u00e9lange harmonieux de saveurs et de textures. La salade russe est id\u00e9ale pour les pique-niques, les buffets ou comme plat d&rsquo;accompagnement lors de d\u00eeners et de rassemblements festifs.<\/p>\n","protected":false},"featured_media":14961,"comment_status":"closed","ping_status":"closed","template":"","meta":{"_acf_changed":false},"product_cat":[320],"product_tag":[345],"class_list":{"0":"post-12323","1":"product","2":"type-product","3":"status-publish","4":"has-post-thumbnail","6":"product_cat-salades","7":"product_tag-featured-home-fr","9":"first","10":"instock","11":"taxable","12":"shipping-taxable","13":"purchasable","14":"product-type-variable"},"acf":[],"yoast_head":"<!-- This site is optimized with the Yoast SEO plugin v27.4 - https:\/\/yoast.com\/product\/yoast-seo-wordpress\/ -->\n<title>Salade russe - Pitenis Shop | &#039;\u0395\u03c4\u03bf\u03b9\u03bc\u03b5\u03c2 \u03c3\u03b1\u03bb\u03ac\u03c4\u03b5\u03c2<\/title>\n<meta name=\"robots\" content=\"index, follow, max-snippet:-1, max-image-preview:large, max-video-preview:-1\" \/>\n<link rel=\"canonical\" href=\"https:\/\/staging.pitenis.eu\/fr\/produit\/salade-russe\/\" \/>\n<meta property=\"og:locale\" content=\"fr_FR\" \/>\n<meta property=\"og:type\" content=\"article\" \/>\n<meta property=\"og:title\" content=\"Salade russe - Pitenis Shop | &#039;\u0395\u03c4\u03bf\u03b9\u03bc\u03b5\u03c2 \u03c3\u03b1\u03bb\u03ac\u03c4\u03b5\u03c2\" \/>\n<meta property=\"og:description\" content=\"La salade russe est un d\u00e9licieux m\u00e9lange de l\u00e9gumes fra\u00eechement cuits tels que pommes de terre, carottes, concombres et petits pois, associ\u00e9s au go\u00fbt velout\u00e9 de la mayonnaise Pitenis de premi\u00e8re qualit\u00e9. Cette combinaison unique offre un m\u00e9lange harmonieux de saveurs et de textures. La salade russe est id\u00e9ale pour les pique-niques, les buffets ou comme plat d&#039;accompagnement lors de d\u00eeners et de rassemblements festifs.\" \/>\n<meta property=\"og:url\" content=\"https:\/\/staging.pitenis.eu\/fr\/produit\/salade-russe\/\" \/>\n<meta property=\"og:site_name\" content=\"Pitenis Shop | &#039;\u0395\u03c4\u03bf\u03b9\u03bc\u03b5\u03c2 \u03c3\u03b1\u03bb\u03ac\u03c4\u03b5\u03c2\" \/>\n<meta property=\"article:modified_time\" content=\"2025-08-14T09:52:33+00:00\" \/>\n<meta property=\"og:image\" content=\"https:\/\/staging.pitenis.eu\/wp-content\/uploads\/2025\/06\/\u03a1\u03a9\u03a3\u0399\u039a\u0397_\u03a3\u0391\u039b\u0391\u03a4\u0391.png\" \/>\n\t<meta property=\"og:image:width\" content=\"1000\" \/>\n\t<meta property=\"og:image:height\" content=\"1000\" \/>\n\t<meta property=\"og:image:type\" content=\"image\/png\" \/>\n<meta name=\"twitter:card\" content=\"summary_large_image\" \/>\n<meta name=\"twitter:label1\" content=\"Dur\u00e9e de lecture estim\u00e9e\" \/>\n\t<meta name=\"twitter:data1\" content=\"2 minutes\" \/>\n<script type=\"application\/ld+json\" class=\"yoast-schema-graph\">{\"@context\":\"https:\\\/\\\/schema.org\",\"@graph\":[{\"@type\":\"WebPage\",\"@id\":\"https:\\\/\\\/staging.pitenis.eu\\\/fr\\\/produit\\\/salade-russe\\\/\",\"url\":\"https:\\\/\\\/staging.pitenis.eu\\\/fr\\\/produit\\\/salade-russe\\\/\",\"name\":\"Salade russe - Pitenis Shop | &#039;\u0395\u03c4\u03bf\u03b9\u03bc\u03b5\u03c2 \u03c3\u03b1\u03bb\u03ac\u03c4\u03b5\u03c2\",\"isPartOf\":{\"@id\":\"https:\\\/\\\/staging.pitenis.eu\\\/fr\\\/#website\"},\"primaryImageOfPage\":{\"@id\":\"https:\\\/\\\/staging.pitenis.eu\\\/fr\\\/produit\\\/salade-russe\\\/#primaryimage\"},\"image\":{\"@id\":\"https:\\\/\\\/staging.pitenis.eu\\\/fr\\\/produit\\\/salade-russe\\\/#primaryimage\"},\"thumbnailUrl\":\"https:\\\/\\\/staging.pitenis.eu\\\/wp-content\\\/uploads\\\/2025\\\/06\\\/\u03a1\u03a9\u03a3\u0399\u039a\u0397_\u03a3\u0391\u039b\u0391\u03a4\u0391.png\",\"datePublished\":\"2025-06-03T22:12:39+00:00\",\"dateModified\":\"2025-08-14T09:52:33+00:00\",\"breadcrumb\":{\"@id\":\"https:\\\/\\\/staging.pitenis.eu\\\/fr\\\/produit\\\/salade-russe\\\/#breadcrumb\"},\"inLanguage\":\"fr-FR\",\"potentialAction\":[{\"@type\":\"ReadAction\",\"target\":[\"https:\\\/\\\/staging.pitenis.eu\\\/fr\\\/produit\\\/salade-russe\\\/\"]}]},{\"@type\":\"ImageObject\",\"inLanguage\":\"fr-FR\",\"@id\":\"https:\\\/\\\/staging.pitenis.eu\\\/fr\\\/produit\\\/salade-russe\\\/#primaryimage\",\"url\":\"https:\\\/\\\/staging.pitenis.eu\\\/wp-content\\\/uploads\\\/2025\\\/06\\\/\u03a1\u03a9\u03a3\u0399\u039a\u0397_\u03a3\u0391\u039b\u0391\u03a4\u0391.png\",\"contentUrl\":\"https:\\\/\\\/staging.pitenis.eu\\\/wp-content\\\/uploads\\\/2025\\\/06\\\/\u03a1\u03a9\u03a3\u0399\u039a\u0397_\u03a3\u0391\u039b\u0391\u03a4\u0391.png\",\"width\":1000,\"height\":1000},{\"@type\":\"BreadcrumbList\",\"@id\":\"https:\\\/\\\/staging.pitenis.eu\\\/fr\\\/produit\\\/salade-russe\\\/#breadcrumb\",\"itemListElement\":[{\"@type\":\"ListItem\",\"position\":1,\"name\":\"Home\",\"item\":\"https:\\\/\\\/staging.pitenis.eu\\\/fr\\\/\"},{\"@type\":\"ListItem\",\"position\":2,\"name\":\"Boutique\",\"item\":\"https:\\\/\\\/staging.pitenis.eu\\\/%ce%ba%ce%b1%cf%84%ce%ac%cf%83%cf%84%ce%b7%ce%bc%ce%b1\\\/\"},{\"@type\":\"ListItem\",\"position\":3,\"name\":\"Salade russe\"}]},{\"@type\":\"WebSite\",\"@id\":\"https:\\\/\\\/staging.pitenis.eu\\\/fr\\\/#website\",\"url\":\"https:\\\/\\\/staging.pitenis.eu\\\/fr\\\/\",\"name\":\"Pitenis Shop | &#039;\u0395\u03c4\u03bf\u03b9\u03bc\u03b5\u03c2 \u03c3\u03b1\u03bb\u03ac\u03c4\u03b5\u03c2\",\"description\":\"\u03b1\u03bb\u03bf\u03b9\u03c6\u03ad\u03c2, \u03c8\u03b1\u03c1\u03b9\u03ba\u03ac, \u03c4\u03bf\u03c5\u03c1\u03c3\u03ac\u03ba\u03b9\u03b1\",\"publisher\":{\"@id\":\"https:\\\/\\\/staging.pitenis.eu\\\/fr\\\/#organization\"},\"potentialAction\":[{\"@type\":\"SearchAction\",\"target\":{\"@type\":\"EntryPoint\",\"urlTemplate\":\"https:\\\/\\\/staging.pitenis.eu\\\/fr\\\/?s={search_term_string}\"},\"query-input\":{\"@type\":\"PropertyValueSpecification\",\"valueRequired\":true,\"valueName\":\"search_term_string\"}}],\"inLanguage\":\"fr-FR\"},{\"@type\":\"Organization\",\"@id\":\"https:\\\/\\\/staging.pitenis.eu\\\/fr\\\/#organization\",\"name\":\"Pitenis Shop | &#039;\u0395\u03c4\u03bf\u03b9\u03bc\u03b5\u03c2 \u03c3\u03b1\u03bb\u03ac\u03c4\u03b5\u03c2\",\"url\":\"https:\\\/\\\/staging.pitenis.eu\\\/fr\\\/\",\"logo\":{\"@type\":\"ImageObject\",\"inLanguage\":\"fr-FR\",\"@id\":\"https:\\\/\\\/staging.pitenis.eu\\\/fr\\\/#\\\/schema\\\/logo\\\/image\\\/\",\"url\":\"https:\\\/\\\/staging.pitenis.eu\\\/wp-content\\\/uploads\\\/2025\\\/04\\\/cropped-pitenis_logo.png\",\"contentUrl\":\"https:\\\/\\\/staging.pitenis.eu\\\/wp-content\\\/uploads\\\/2025\\\/04\\\/cropped-pitenis_logo.png\",\"width\":172,\"height\":74,\"caption\":\"Pitenis Shop | &#039;\u0395\u03c4\u03bf\u03b9\u03bc\u03b5\u03c2 \u03c3\u03b1\u03bb\u03ac\u03c4\u03b5\u03c2\"},\"image\":{\"@id\":\"https:\\\/\\\/staging.pitenis.eu\\\/fr\\\/#\\\/schema\\\/logo\\\/image\\\/\"}}]}<\/script>\n<!-- \/ Yoast SEO plugin. -->","yoast_head_json":{"title":"Salade russe - Pitenis Shop | &#039;\u0395\u03c4\u03bf\u03b9\u03bc\u03b5\u03c2 \u03c3\u03b1\u03bb\u03ac\u03c4\u03b5\u03c2","robots":{"index":"index","follow":"follow","max-snippet":"max-snippet:-1","max-image-preview":"max-image-preview:large","max-video-preview":"max-video-preview:-1"},"canonical":"https:\/\/staging.pitenis.eu\/fr\/produit\/salade-russe\/","og_locale":"fr_FR","og_type":"article","og_title":"Salade russe - Pitenis Shop | &#039;\u0395\u03c4\u03bf\u03b9\u03bc\u03b5\u03c2 \u03c3\u03b1\u03bb\u03ac\u03c4\u03b5\u03c2","og_description":"La salade russe est un d\u00e9licieux m\u00e9lange de l\u00e9gumes fra\u00eechement cuits tels que pommes de terre, carottes, concombres et petits pois, associ\u00e9s au go\u00fbt velout\u00e9 de la mayonnaise Pitenis de premi\u00e8re qualit\u00e9. Cette combinaison unique offre un m\u00e9lange harmonieux de saveurs et de textures. La salade russe est id\u00e9ale pour les pique-niques, les buffets ou comme plat d'accompagnement lors de d\u00eeners et de rassemblements festifs.","og_url":"https:\/\/staging.pitenis.eu\/fr\/produit\/salade-russe\/","og_site_name":"Pitenis Shop | &#039;\u0395\u03c4\u03bf\u03b9\u03bc\u03b5\u03c2 \u03c3\u03b1\u03bb\u03ac\u03c4\u03b5\u03c2","article_modified_time":"2025-08-14T09:52:33+00:00","og_image":[{"width":1000,"height":1000,"url":"https:\/\/staging.pitenis.eu\/wp-content\/uploads\/2025\/06\/\u03a1\u03a9\u03a3\u0399\u039a\u0397_\u03a3\u0391\u039b\u0391\u03a4\u0391.png","type":"image\/png"}],"twitter_card":"summary_large_image","twitter_misc":{"Dur\u00e9e de lecture estim\u00e9e":"2 minutes"},"schema":{"@context":"https:\/\/schema.org","@graph":[{"@type":"WebPage","@id":"https:\/\/staging.pitenis.eu\/fr\/produit\/salade-russe\/","url":"https:\/\/staging.pitenis.eu\/fr\/produit\/salade-russe\/","name":"Salade russe - Pitenis Shop | &#039;\u0395\u03c4\u03bf\u03b9\u03bc\u03b5\u03c2 \u03c3\u03b1\u03bb\u03ac\u03c4\u03b5\u03c2","isPartOf":{"@id":"https:\/\/staging.pitenis.eu\/fr\/#website"},"primaryImageOfPage":{"@id":"https:\/\/staging.pitenis.eu\/fr\/produit\/salade-russe\/#primaryimage"},"image":{"@id":"https:\/\/staging.pitenis.eu\/fr\/produit\/salade-russe\/#primaryimage"},"thumbnailUrl":"https:\/\/staging.pitenis.eu\/wp-content\/uploads\/2025\/06\/\u03a1\u03a9\u03a3\u0399\u039a\u0397_\u03a3\u0391\u039b\u0391\u03a4\u0391.png","datePublished":"2025-06-03T22:12:39+00:00","dateModified":"2025-08-14T09:52:33+00:00","breadcrumb":{"@id":"https:\/\/staging.pitenis.eu\/fr\/produit\/salade-russe\/#breadcrumb"},"inLanguage":"fr-FR","potentialAction":[{"@type":"ReadAction","target":["https:\/\/staging.pitenis.eu\/fr\/produit\/salade-russe\/"]}]},{"@type":"ImageObject","inLanguage":"fr-FR","@id":"https:\/\/staging.pitenis.eu\/fr\/produit\/salade-russe\/#primaryimage","url":"https:\/\/staging.pitenis.eu\/wp-content\/uploads\/2025\/06\/\u03a1\u03a9\u03a3\u0399\u039a\u0397_\u03a3\u0391\u039b\u0391\u03a4\u0391.png","contentUrl":"https:\/\/staging.pitenis.eu\/wp-content\/uploads\/2025\/06\/\u03a1\u03a9\u03a3\u0399\u039a\u0397_\u03a3\u0391\u039b\u0391\u03a4\u0391.png","width":1000,"height":1000},{"@type":"BreadcrumbList","@id":"https:\/\/staging.pitenis.eu\/fr\/produit\/salade-russe\/#breadcrumb","itemListElement":[{"@type":"ListItem","position":1,"name":"Home","item":"https:\/\/staging.pitenis.eu\/fr\/"},{"@type":"ListItem","position":2,"name":"Boutique","item":"https:\/\/staging.pitenis.eu\/%ce%ba%ce%b1%cf%84%ce%ac%cf%83%cf%84%ce%b7%ce%bc%ce%b1\/"},{"@type":"ListItem","position":3,"name":"Salade russe"}]},{"@type":"WebSite","@id":"https:\/\/staging.pitenis.eu\/fr\/#website","url":"https:\/\/staging.pitenis.eu\/fr\/","name":"Pitenis Shop | &#039;\u0395\u03c4\u03bf\u03b9\u03bc\u03b5\u03c2 \u03c3\u03b1\u03bb\u03ac\u03c4\u03b5\u03c2","description":"\u03b1\u03bb\u03bf\u03b9\u03c6\u03ad\u03c2, \u03c8\u03b1\u03c1\u03b9\u03ba\u03ac, \u03c4\u03bf\u03c5\u03c1\u03c3\u03ac\u03ba\u03b9\u03b1","publisher":{"@id":"https:\/\/staging.pitenis.eu\/fr\/#organization"},"potentialAction":[{"@type":"SearchAction","target":{"@type":"EntryPoint","urlTemplate":"https:\/\/staging.pitenis.eu\/fr\/?s={search_term_string}"},"query-input":{"@type":"PropertyValueSpecification","valueRequired":true,"valueName":"search_term_string"}}],"inLanguage":"fr-FR"},{"@type":"Organization","@id":"https:\/\/staging.pitenis.eu\/fr\/#organization","name":"Pitenis Shop | &#039;\u0395\u03c4\u03bf\u03b9\u03bc\u03b5\u03c2 \u03c3\u03b1\u03bb\u03ac\u03c4\u03b5\u03c2","url":"https:\/\/staging.pitenis.eu\/fr\/","logo":{"@type":"ImageObject","inLanguage":"fr-FR","@id":"https:\/\/staging.pitenis.eu\/fr\/#\/schema\/logo\/image\/","url":"https:\/\/staging.pitenis.eu\/wp-content\/uploads\/2025\/04\/cropped-pitenis_logo.png","contentUrl":"https:\/\/staging.pitenis.eu\/wp-content\/uploads\/2025\/04\/cropped-pitenis_logo.png","width":172,"height":74,"caption":"Pitenis Shop | &#039;\u0395\u03c4\u03bf\u03b9\u03bc\u03b5\u03c2 \u03c3\u03b1\u03bb\u03ac\u03c4\u03b5\u03c2"},"image":{"@id":"https:\/\/staging.pitenis.eu\/fr\/#\/schema\/logo\/image\/"}}]}},"_links":{"self":[{"href":"https:\/\/staging.pitenis.eu\/fr\/wp-json\/wp\/v2\/product\/12323","targetHints":{"allow":["GET"]}}],"collection":[{"href":"https:\/\/staging.pitenis.eu\/fr\/wp-json\/wp\/v2\/product"}],"about":[{"href":"https:\/\/staging.pitenis.eu\/fr\/wp-json\/wp\/v2\/types\/product"}],"replies":[{"embeddable":true,"href":"https:\/\/staging.pitenis.eu\/fr\/wp-json\/wp\/v2\/comments?post=12323"}],"wp:featuredmedia":[{"embeddable":true,"href":"https:\/\/staging.pitenis.eu\/fr\/wp-json\/wp\/v2\/media\/14961"}],"wp:attachment":[{"href":"https:\/\/staging.pitenis.eu\/fr\/wp-json\/wp\/v2\/media?parent=12323"}],"wp:term":[{"taxonomy":"product_cat","embeddable":true,"href":"https:\/\/staging.pitenis.eu\/fr\/wp-json\/wp\/v2\/product_cat?post=12323"},{"taxonomy":"product_tag","embeddable":true,"href":"https:\/\/staging.pitenis.eu\/fr\/wp-json\/wp\/v2\/product_tag?post=12323"}],"curies":[{"name":"wp","href":"https:\/\/api.w.org\/{rel}","templated":true}]}}