{"id":12291,"date":"2025-06-03T22:12:50","date_gmt":"2025-06-03T22:12:50","guid":{"rendered":"https:\/\/e-shop.advonpitenis.eu\/product\/mayonnaise-au-concombre\/"},"modified":"2025-08-14T09:52:40","modified_gmt":"2025-08-14T09:52:40","slug":"mayonnaise-au-concombre","status":"publish","type":"product","link":"https:\/\/staging.pitenis.eu\/fr\/produit\/mayonnaise-au-concombre\/","title":{"rendered":"Mayonnaise au concombre"},"content":{"rendered":"<p><span style=\"font-weight: bold;\">Ingr\u00e9dients<\/span><br \/><span style='font-weight: bold; '>Ingr\u00e9dients : Mayonnaise<\/span> 45% [Huile v\u00e9g\u00e9tale (huile de soja ou de tournesol), eau, jaune d&rsquo;<span style='font-weight: bold; '> \u0153uf <\/span>pasteuris\u00e9, <span style='font-weight: bold; '>moutarde<\/span> 3% (eau, vinaigre, <span style='font-weight: bold; '>moutarde<\/span>, amidon naturel de ma\u00efs, sel, sucre, ar\u00f4me de moutarde), fibres], concombre 39% (concombre, sel, vinaigre, sucre, \u00e9pices, ar\u00f4me, r\u00e9gulateur d&rsquo;acidit\u00e9 : E509), <span style='font-weight: bold; '>vinaigrette<\/span><span style='font-weight: bold; '>(lait <\/span>\u00e9cr\u00e9m\u00e9, huile de palme, prot\u00e9ines de<span style='font-weight: bold; '> lait<\/span>, culture, coagulant : g\u00e9latine), <span style='font-weight: bold; '>moutarde <\/span>5%, vinaigre, sucre, aneth, r\u00e9gulateur d&rsquo;acidit\u00e9 : acide citrique, conservateurs : E202, E211. Peut contenir des traces de <span style='font-weight: bold; '>c\u00e9leri<\/span>, de<span style='font-weight: bold; '> s\u00e9same<\/span>.<\/p>\n<p><span style=\"font-weight: bold;\">Combinaisons &#8211; suggestions d&rsquo;utilisation<\/span><br \/>La mayonnaise au concombre est une combinaison fra\u00eeche et aromatique qui ajoute de la fra\u00eecheur et de la saveur \u00e0 de nombreux plats.      <br \/>&#8211; Elle peut \u00eatre utilis\u00e9e comme une excellente sauce pour les sandwichs, les wraps et les burgers. <br \/>&#8211; Elle peut \u00e9galement \u00eatre utilis\u00e9e comme vinaigrette pour les salades vertes, comme trempette pour les l\u00e9gumes et les saut\u00e9s, ou m\u00eame comme vinaigrette pour les crevettes et les fruits de mer.                                                                                                                                                                                                   Recette :<\/span> Hamburger maison<br \/>Ingr\u00e9dients<br \/><\/span>&#8211; 8 pains ronds<br \/>&#8211; 1 c. de b\u0153uf hach\u00e9<br \/>&#8211; 1 oignon r\u00e2p\u00e9<br \/>&#8211; 3 c. \u00e0 soupe de chapelure, r\u00e2p\u00e9e<br \/>&#8211; 1\/2 tasse d&rsquo;huile d&rsquo;olive<br \/>&#8211; 1 c. \u00e0 soupe de basilic frais, finement hach\u00e9.<br \/>1 cuill\u00e8re \u00e0 soupe de basilic frais, finement hach\u00e9<br \/>&#8211; 1 cuill\u00e8re \u00e0 soupe de menthe, finement hach\u00e9e<br \/>&#8211; 1 \u0153uf<br \/>&#8211; sel, poivre<br \/>&#8211; mayonnaise aux anchois Pitenis<br \/>Ex\u00e9cution<br \/><\/span>P\u00e9trissez tous les ingr\u00e9dients. Fa\u00e7onner les hamburgers et les faire griller. Couper les pains en deux, placer une feuille de laitue, le burger et recouvrir avec le pain. Ajouter une tranche de gouda. Garnir de chips, de ketchup et de mayo au concombre.<\/p>\n","protected":false},"excerpt":{"rendered":"<p>La mayonnaise au concombre est une recette unique qui associe l&rsquo;excellente qualit\u00e9 de la mayonnaise Pitenis \u00e0 la fra\u00eecheur du yaourt et \u00e0 la note aromatique du concombre marin\u00e9 et de l&rsquo;aneth. Cette combinaison cr\u00e9e une salade rafra\u00eechissante, id\u00e9ale pour accompagner les viandes, les poissons ou comme sauce pour les sandwichs et les wraps.<\/p>\n","protected":false},"featured_media":14937,"comment_status":"closed","ping_status":"closed","template":"","meta":{"_acf_changed":false},"product_cat":[320],"product_tag":[],"class_list":{"0":"post-12291","1":"product","2":"type-product","3":"status-publish","4":"has-post-thumbnail","6":"product_cat-salades","8":"first","9":"instock","10":"taxable","11":"shipping-taxable","12":"purchasable","13":"product-type-variable"},"acf":[],"yoast_head":"<!-- This site is optimized with the Yoast SEO plugin v27.4 - https:\/\/yoast.com\/product\/yoast-seo-wordpress\/ -->\n<title>Mayonnaise au concombre - Pitenis Shop | &#039;\u0395\u03c4\u03bf\u03b9\u03bc\u03b5\u03c2 \u03c3\u03b1\u03bb\u03ac\u03c4\u03b5\u03c2<\/title>\n<meta name=\"robots\" content=\"index, follow, max-snippet:-1, max-image-preview:large, max-video-preview:-1\" \/>\n<link rel=\"canonical\" href=\"https:\/\/staging.pitenis.eu\/fr\/produit\/mayonnaise-au-concombre\/\" \/>\n<meta property=\"og:locale\" content=\"fr_FR\" \/>\n<meta property=\"og:type\" content=\"article\" \/>\n<meta property=\"og:title\" content=\"Mayonnaise au concombre - Pitenis Shop | &#039;\u0395\u03c4\u03bf\u03b9\u03bc\u03b5\u03c2 \u03c3\u03b1\u03bb\u03ac\u03c4\u03b5\u03c2\" \/>\n<meta property=\"og:description\" content=\"La mayonnaise au concombre est une recette unique qui associe l&#039;excellente qualit\u00e9 de la mayonnaise Pitenis \u00e0 la fra\u00eecheur du yaourt et \u00e0 la note aromatique du concombre marin\u00e9 et de l&#039;aneth. Cette combinaison cr\u00e9e une salade rafra\u00eechissante, id\u00e9ale pour accompagner les viandes, les poissons ou comme sauce pour les sandwichs et les wraps.\" \/>\n<meta property=\"og:url\" content=\"https:\/\/staging.pitenis.eu\/fr\/produit\/mayonnaise-au-concombre\/\" \/>\n<meta property=\"og:site_name\" content=\"Pitenis Shop | &#039;\u0395\u03c4\u03bf\u03b9\u03bc\u03b5\u03c2 \u03c3\u03b1\u03bb\u03ac\u03c4\u03b5\u03c2\" \/>\n<meta property=\"article:modified_time\" content=\"2025-08-14T09:52:40+00:00\" \/>\n<meta property=\"og:image\" content=\"https:\/\/staging.pitenis.eu\/wp-content\/uploads\/2025\/06\/\u0391\u0393\u0393\u039f\u03a5\u03a1\u039f\u039c\u0391\u0393\u0399\u039f\u039d\u0395\u0396\u0391.png\" \/>\n\t<meta property=\"og:image:width\" content=\"1000\" \/>\n\t<meta property=\"og:image:height\" content=\"1000\" \/>\n\t<meta property=\"og:image:type\" content=\"image\/png\" \/>\n<meta name=\"twitter:card\" content=\"summary_large_image\" \/>\n<meta name=\"twitter:label1\" content=\"Dur\u00e9e de lecture estim\u00e9e\" \/>\n\t<meta name=\"twitter:data1\" content=\"1 minute\" \/>\n<script type=\"application\/ld+json\" class=\"yoast-schema-graph\">{\"@context\":\"https:\\\/\\\/schema.org\",\"@graph\":[{\"@type\":\"WebPage\",\"@id\":\"https:\\\/\\\/staging.pitenis.eu\\\/fr\\\/produit\\\/mayonnaise-au-concombre\\\/\",\"url\":\"https:\\\/\\\/staging.pitenis.eu\\\/fr\\\/produit\\\/mayonnaise-au-concombre\\\/\",\"name\":\"Mayonnaise au concombre - Pitenis Shop | &#039;\u0395\u03c4\u03bf\u03b9\u03bc\u03b5\u03c2 \u03c3\u03b1\u03bb\u03ac\u03c4\u03b5\u03c2\",\"isPartOf\":{\"@id\":\"https:\\\/\\\/staging.pitenis.eu\\\/fr\\\/#website\"},\"primaryImageOfPage\":{\"@id\":\"https:\\\/\\\/staging.pitenis.eu\\\/fr\\\/produit\\\/mayonnaise-au-concombre\\\/#primaryimage\"},\"image\":{\"@id\":\"https:\\\/\\\/staging.pitenis.eu\\\/fr\\\/produit\\\/mayonnaise-au-concombre\\\/#primaryimage\"},\"thumbnailUrl\":\"https:\\\/\\\/staging.pitenis.eu\\\/wp-content\\\/uploads\\\/2025\\\/06\\\/\u0391\u0393\u0393\u039f\u03a5\u03a1\u039f\u039c\u0391\u0393\u0399\u039f\u039d\u0395\u0396\u0391.png\",\"datePublished\":\"2025-06-03T22:12:50+00:00\",\"dateModified\":\"2025-08-14T09:52:40+00:00\",\"breadcrumb\":{\"@id\":\"https:\\\/\\\/staging.pitenis.eu\\\/fr\\\/produit\\\/mayonnaise-au-concombre\\\/#breadcrumb\"},\"inLanguage\":\"fr-FR\",\"potentialAction\":[{\"@type\":\"ReadAction\",\"target\":[\"https:\\\/\\\/staging.pitenis.eu\\\/fr\\\/produit\\\/mayonnaise-au-concombre\\\/\"]}]},{\"@type\":\"ImageObject\",\"inLanguage\":\"fr-FR\",\"@id\":\"https:\\\/\\\/staging.pitenis.eu\\\/fr\\\/produit\\\/mayonnaise-au-concombre\\\/#primaryimage\",\"url\":\"https:\\\/\\\/staging.pitenis.eu\\\/wp-content\\\/uploads\\\/2025\\\/06\\\/\u0391\u0393\u0393\u039f\u03a5\u03a1\u039f\u039c\u0391\u0393\u0399\u039f\u039d\u0395\u0396\u0391.png\",\"contentUrl\":\"https:\\\/\\\/staging.pitenis.eu\\\/wp-content\\\/uploads\\\/2025\\\/06\\\/\u0391\u0393\u0393\u039f\u03a5\u03a1\u039f\u039c\u0391\u0393\u0399\u039f\u039d\u0395\u0396\u0391.png\",\"width\":1000,\"height\":1000},{\"@type\":\"BreadcrumbList\",\"@id\":\"https:\\\/\\\/staging.pitenis.eu\\\/fr\\\/produit\\\/mayonnaise-au-concombre\\\/#breadcrumb\",\"itemListElement\":[{\"@type\":\"ListItem\",\"position\":1,\"name\":\"Home\",\"item\":\"https:\\\/\\\/staging.pitenis.eu\\\/fr\\\/\"},{\"@type\":\"ListItem\",\"position\":2,\"name\":\"Boutique\",\"item\":\"https:\\\/\\\/staging.pitenis.eu\\\/%ce%ba%ce%b1%cf%84%ce%ac%cf%83%cf%84%ce%b7%ce%bc%ce%b1\\\/\"},{\"@type\":\"ListItem\",\"position\":3,\"name\":\"Mayonnaise au concombre\"}]},{\"@type\":\"WebSite\",\"@id\":\"https:\\\/\\\/staging.pitenis.eu\\\/fr\\\/#website\",\"url\":\"https:\\\/\\\/staging.pitenis.eu\\\/fr\\\/\",\"name\":\"Pitenis Shop | &#039;\u0395\u03c4\u03bf\u03b9\u03bc\u03b5\u03c2 \u03c3\u03b1\u03bb\u03ac\u03c4\u03b5\u03c2\",\"description\":\"\u03b1\u03bb\u03bf\u03b9\u03c6\u03ad\u03c2, \u03c8\u03b1\u03c1\u03b9\u03ba\u03ac, \u03c4\u03bf\u03c5\u03c1\u03c3\u03ac\u03ba\u03b9\u03b1\",\"publisher\":{\"@id\":\"https:\\\/\\\/staging.pitenis.eu\\\/fr\\\/#organization\"},\"potentialAction\":[{\"@type\":\"SearchAction\",\"target\":{\"@type\":\"EntryPoint\",\"urlTemplate\":\"https:\\\/\\\/staging.pitenis.eu\\\/fr\\\/?s={search_term_string}\"},\"query-input\":{\"@type\":\"PropertyValueSpecification\",\"valueRequired\":true,\"valueName\":\"search_term_string\"}}],\"inLanguage\":\"fr-FR\"},{\"@type\":\"Organization\",\"@id\":\"https:\\\/\\\/staging.pitenis.eu\\\/fr\\\/#organization\",\"name\":\"Pitenis Shop | &#039;\u0395\u03c4\u03bf\u03b9\u03bc\u03b5\u03c2 \u03c3\u03b1\u03bb\u03ac\u03c4\u03b5\u03c2\",\"url\":\"https:\\\/\\\/staging.pitenis.eu\\\/fr\\\/\",\"logo\":{\"@type\":\"ImageObject\",\"inLanguage\":\"fr-FR\",\"@id\":\"https:\\\/\\\/staging.pitenis.eu\\\/fr\\\/#\\\/schema\\\/logo\\\/image\\\/\",\"url\":\"https:\\\/\\\/staging.pitenis.eu\\\/wp-content\\\/uploads\\\/2025\\\/04\\\/cropped-pitenis_logo.png\",\"contentUrl\":\"https:\\\/\\\/staging.pitenis.eu\\\/wp-content\\\/uploads\\\/2025\\\/04\\\/cropped-pitenis_logo.png\",\"width\":172,\"height\":74,\"caption\":\"Pitenis Shop | &#039;\u0395\u03c4\u03bf\u03b9\u03bc\u03b5\u03c2 \u03c3\u03b1\u03bb\u03ac\u03c4\u03b5\u03c2\"},\"image\":{\"@id\":\"https:\\\/\\\/staging.pitenis.eu\\\/fr\\\/#\\\/schema\\\/logo\\\/image\\\/\"}}]}<\/script>\n<!-- \/ Yoast SEO plugin. -->","yoast_head_json":{"title":"Mayonnaise au concombre - Pitenis Shop | &#039;\u0395\u03c4\u03bf\u03b9\u03bc\u03b5\u03c2 \u03c3\u03b1\u03bb\u03ac\u03c4\u03b5\u03c2","robots":{"index":"index","follow":"follow","max-snippet":"max-snippet:-1","max-image-preview":"max-image-preview:large","max-video-preview":"max-video-preview:-1"},"canonical":"https:\/\/staging.pitenis.eu\/fr\/produit\/mayonnaise-au-concombre\/","og_locale":"fr_FR","og_type":"article","og_title":"Mayonnaise au concombre - Pitenis Shop | &#039;\u0395\u03c4\u03bf\u03b9\u03bc\u03b5\u03c2 \u03c3\u03b1\u03bb\u03ac\u03c4\u03b5\u03c2","og_description":"La mayonnaise au concombre est une recette unique qui associe l'excellente qualit\u00e9 de la mayonnaise Pitenis \u00e0 la fra\u00eecheur du yaourt et \u00e0 la note aromatique du concombre marin\u00e9 et de l'aneth. Cette combinaison cr\u00e9e une salade rafra\u00eechissante, id\u00e9ale pour accompagner les viandes, les poissons ou comme sauce pour les sandwichs et les wraps.","og_url":"https:\/\/staging.pitenis.eu\/fr\/produit\/mayonnaise-au-concombre\/","og_site_name":"Pitenis Shop | &#039;\u0395\u03c4\u03bf\u03b9\u03bc\u03b5\u03c2 \u03c3\u03b1\u03bb\u03ac\u03c4\u03b5\u03c2","article_modified_time":"2025-08-14T09:52:40+00:00","og_image":[{"width":1000,"height":1000,"url":"https:\/\/staging.pitenis.eu\/wp-content\/uploads\/2025\/06\/\u0391\u0393\u0393\u039f\u03a5\u03a1\u039f\u039c\u0391\u0393\u0399\u039f\u039d\u0395\u0396\u0391.png","type":"image\/png"}],"twitter_card":"summary_large_image","twitter_misc":{"Dur\u00e9e de lecture estim\u00e9e":"1 minute"},"schema":{"@context":"https:\/\/schema.org","@graph":[{"@type":"WebPage","@id":"https:\/\/staging.pitenis.eu\/fr\/produit\/mayonnaise-au-concombre\/","url":"https:\/\/staging.pitenis.eu\/fr\/produit\/mayonnaise-au-concombre\/","name":"Mayonnaise au concombre - Pitenis Shop | &#039;\u0395\u03c4\u03bf\u03b9\u03bc\u03b5\u03c2 \u03c3\u03b1\u03bb\u03ac\u03c4\u03b5\u03c2","isPartOf":{"@id":"https:\/\/staging.pitenis.eu\/fr\/#website"},"primaryImageOfPage":{"@id":"https:\/\/staging.pitenis.eu\/fr\/produit\/mayonnaise-au-concombre\/#primaryimage"},"image":{"@id":"https:\/\/staging.pitenis.eu\/fr\/produit\/mayonnaise-au-concombre\/#primaryimage"},"thumbnailUrl":"https:\/\/staging.pitenis.eu\/wp-content\/uploads\/2025\/06\/\u0391\u0393\u0393\u039f\u03a5\u03a1\u039f\u039c\u0391\u0393\u0399\u039f\u039d\u0395\u0396\u0391.png","datePublished":"2025-06-03T22:12:50+00:00","dateModified":"2025-08-14T09:52:40+00:00","breadcrumb":{"@id":"https:\/\/staging.pitenis.eu\/fr\/produit\/mayonnaise-au-concombre\/#breadcrumb"},"inLanguage":"fr-FR","potentialAction":[{"@type":"ReadAction","target":["https:\/\/staging.pitenis.eu\/fr\/produit\/mayonnaise-au-concombre\/"]}]},{"@type":"ImageObject","inLanguage":"fr-FR","@id":"https:\/\/staging.pitenis.eu\/fr\/produit\/mayonnaise-au-concombre\/#primaryimage","url":"https:\/\/staging.pitenis.eu\/wp-content\/uploads\/2025\/06\/\u0391\u0393\u0393\u039f\u03a5\u03a1\u039f\u039c\u0391\u0393\u0399\u039f\u039d\u0395\u0396\u0391.png","contentUrl":"https:\/\/staging.pitenis.eu\/wp-content\/uploads\/2025\/06\/\u0391\u0393\u0393\u039f\u03a5\u03a1\u039f\u039c\u0391\u0393\u0399\u039f\u039d\u0395\u0396\u0391.png","width":1000,"height":1000},{"@type":"BreadcrumbList","@id":"https:\/\/staging.pitenis.eu\/fr\/produit\/mayonnaise-au-concombre\/#breadcrumb","itemListElement":[{"@type":"ListItem","position":1,"name":"Home","item":"https:\/\/staging.pitenis.eu\/fr\/"},{"@type":"ListItem","position":2,"name":"Boutique","item":"https:\/\/staging.pitenis.eu\/%ce%ba%ce%b1%cf%84%ce%ac%cf%83%cf%84%ce%b7%ce%bc%ce%b1\/"},{"@type":"ListItem","position":3,"name":"Mayonnaise au concombre"}]},{"@type":"WebSite","@id":"https:\/\/staging.pitenis.eu\/fr\/#website","url":"https:\/\/staging.pitenis.eu\/fr\/","name":"Pitenis Shop | &#039;\u0395\u03c4\u03bf\u03b9\u03bc\u03b5\u03c2 \u03c3\u03b1\u03bb\u03ac\u03c4\u03b5\u03c2","description":"\u03b1\u03bb\u03bf\u03b9\u03c6\u03ad\u03c2, \u03c8\u03b1\u03c1\u03b9\u03ba\u03ac, \u03c4\u03bf\u03c5\u03c1\u03c3\u03ac\u03ba\u03b9\u03b1","publisher":{"@id":"https:\/\/staging.pitenis.eu\/fr\/#organization"},"potentialAction":[{"@type":"SearchAction","target":{"@type":"EntryPoint","urlTemplate":"https:\/\/staging.pitenis.eu\/fr\/?s={search_term_string}"},"query-input":{"@type":"PropertyValueSpecification","valueRequired":true,"valueName":"search_term_string"}}],"inLanguage":"fr-FR"},{"@type":"Organization","@id":"https:\/\/staging.pitenis.eu\/fr\/#organization","name":"Pitenis Shop | &#039;\u0395\u03c4\u03bf\u03b9\u03bc\u03b5\u03c2 \u03c3\u03b1\u03bb\u03ac\u03c4\u03b5\u03c2","url":"https:\/\/staging.pitenis.eu\/fr\/","logo":{"@type":"ImageObject","inLanguage":"fr-FR","@id":"https:\/\/staging.pitenis.eu\/fr\/#\/schema\/logo\/image\/","url":"https:\/\/staging.pitenis.eu\/wp-content\/uploads\/2025\/04\/cropped-pitenis_logo.png","contentUrl":"https:\/\/staging.pitenis.eu\/wp-content\/uploads\/2025\/04\/cropped-pitenis_logo.png","width":172,"height":74,"caption":"Pitenis Shop | &#039;\u0395\u03c4\u03bf\u03b9\u03bc\u03b5\u03c2 \u03c3\u03b1\u03bb\u03ac\u03c4\u03b5\u03c2"},"image":{"@id":"https:\/\/staging.pitenis.eu\/fr\/#\/schema\/logo\/image\/"}}]}},"_links":{"self":[{"href":"https:\/\/staging.pitenis.eu\/fr\/wp-json\/wp\/v2\/product\/12291","targetHints":{"allow":["GET"]}}],"collection":[{"href":"https:\/\/staging.pitenis.eu\/fr\/wp-json\/wp\/v2\/product"}],"about":[{"href":"https:\/\/staging.pitenis.eu\/fr\/wp-json\/wp\/v2\/types\/product"}],"replies":[{"embeddable":true,"href":"https:\/\/staging.pitenis.eu\/fr\/wp-json\/wp\/v2\/comments?post=12291"}],"wp:featuredmedia":[{"embeddable":true,"href":"https:\/\/staging.pitenis.eu\/fr\/wp-json\/wp\/v2\/media\/14937"}],"wp:attachment":[{"href":"https:\/\/staging.pitenis.eu\/fr\/wp-json\/wp\/v2\/media?parent=12291"}],"wp:term":[{"taxonomy":"product_cat","embeddable":true,"href":"https:\/\/staging.pitenis.eu\/fr\/wp-json\/wp\/v2\/product_cat?post=12291"},{"taxonomy":"product_tag","embeddable":true,"href":"https:\/\/staging.pitenis.eu\/fr\/wp-json\/wp\/v2\/product_tag?post=12291"}],"curies":[{"name":"wp","href":"https:\/\/api.w.org\/{rel}","templated":true}]}}