{"id":12283,"date":"2025-06-03T22:12:50","date_gmt":"2025-06-03T22:12:50","guid":{"rendered":"https:\/\/e-shop.advonpitenis.eu\/product\/salade-de-betteraves-2\/"},"modified":"2025-08-14T09:52:36","modified_gmt":"2025-08-14T09:52:36","slug":"salade-de-betteraves-2","status":"publish","type":"product","link":"https:\/\/staging.pitenis.eu\/fr\/produit\/salade-de-betteraves-2\/","title":{"rendered":"Salade de betteraves"},"content":{"rendered":"<p><span style=\"font-weight: bold;\">Ingr\u00e9dients<\/span><br \/><span style='font-weight: bold; '>Ingr\u00e9dients :<\/span> Betterave 43%, <span style='font-weight: bold; '>Mayonnaise<\/span> 33% [Huile v\u00e9g\u00e9tale (huile de soja ou de tournesol), eau, jaune d&rsquo;<span style='font-weight: bold; '> \u0153uf <\/span>pasteuris\u00e9, <span style='font-weight: bold; '>Moutarde<\/span> 2% (eau, vinaigre, <span style='font-weight: bold; '>moutarde<\/span>, amidon naturel de ma\u00efs, ar\u00f4me de moutarde), fibres], <span style='font-weight: bold; '>vinaigrette<\/span><span style='font-weight: bold; '>(lait <\/span>\u00e9cr\u00e9m\u00e9 \u00e9cr\u00e9m\u00e9, d\u00e9shydrat\u00e9, huile de palme, prot\u00e9ines de<span style='font-weight: bold; '> lait<\/span>, culture, \u00e9paississant : g\u00e9latine), persil, ail, sel, vinaigre, sucre, r\u00e9gulateur d&rsquo;acidit\u00e9 : acide citrique, conservateurs : E202, E211. Peut contenir des traces de <span style='font-weight: bold; '>c\u00e9leri<\/span>.<\/p>\n<p><span style=\"font-weight: bold;\">Combinaisons &#8211; suggestions d&rsquo;utilisation<\/span><br \/>La salade de betteraves est un choix id\u00e9al pour toutes les saisons, que ce soit en hiver ou en \u00e9t\u00e9.<br \/>\n&#8211; Vous pouvez la servir avec des noix grill\u00e9es pour ajouter de la texture et rafra\u00eechir la saveur. La pomme acidul\u00e9e offre un \u00e9quilibre harmonieux des saveurs, tandis que le persil frais apporte de la fra\u00eecheur.<br \/>\n&#8211; Utilisez la salade de betteraves comme accompagnement d&rsquo;un repas de viande ou de poisson.<br \/>\n&#8211; Ajoutez-la \u00e0 des sandwichs ou des hamburgers pour lui donner un go\u00fbt diff\u00e9rent et rafra\u00eechissant.<br \/>\n&#8211; Ajoutez la salade de betteraves \u00e0 une tarte, un croissant ou un bagel pour ajouter de la couleur et de la saveur.<br \/>\n&#8211; Servez la salade de betteraves avec de la cr\u00e8me ou du yaourt comme une salade d&rsquo;\u00e9t\u00e9 rafra\u00eechissante.<br \/>\n&#8211; Ajoutez-la \u00e0 une pizza pour une exp\u00e9rience gustative diff\u00e9rente.<br \/>\n&#8211; Utilisez la salade de betterave comme garniture sur des p\u00e2tes ou du risotto pour ajouter de la fra\u00eecheur et de la couleur.<br \/>\n&#8211; Servez-la avec du pain frais ou des toasts pour un en-cas rapide et savoureux.<br \/>\n&#8211; Pour une variante aventureuse, vous pouvez envelopper la salade de betteraves dans une cro\u00fbte et l&rsquo;accompagner de la sauce au yaourt Pitenis pour une exp\u00e9rience gustative d\u00e9licieuse et originale.<\/p>\n","protected":false},"excerpt":{"rendered":"<p>La salade de betteraves combine la qualit\u00e9 de la mayonnaise Pitenis avec le go\u00fbt doux et frais du yaourt, offrant une sensation de l\u00e9g\u00e8ret\u00e9 et de fra\u00eecheur. L&rsquo;ail rehausse le tout de sa saveur unique, ajoutant un \u00e9l\u00e9ment aromatique et rafra\u00eechissant. La salade de betteraves est une option fra\u00eeche qui offre une harmonie de saveurs et une agr\u00e9able sensation de fra\u00eecheur.<\/p>\n","protected":false},"featured_media":14958,"comment_status":"closed","ping_status":"closed","template":"","meta":{"_acf_changed":false},"product_cat":[320],"product_tag":[],"class_list":{"0":"post-12283","1":"product","2":"type-product","3":"status-publish","4":"has-post-thumbnail","6":"product_cat-salades","8":"first","9":"instock","10":"taxable","11":"shipping-taxable","12":"purchasable","13":"product-type-variable"},"acf":[],"yoast_head":"<!-- This site is optimized with the Yoast SEO plugin v27.4 - https:\/\/yoast.com\/product\/yoast-seo-wordpress\/ -->\n<title>Salade de betteraves - Pitenis Shop | &#039;\u0395\u03c4\u03bf\u03b9\u03bc\u03b5\u03c2 \u03c3\u03b1\u03bb\u03ac\u03c4\u03b5\u03c2<\/title>\n<meta name=\"robots\" content=\"index, follow, max-snippet:-1, max-image-preview:large, max-video-preview:-1\" \/>\n<link rel=\"canonical\" href=\"https:\/\/staging.pitenis.eu\/fr\/produit\/salade-de-betteraves-2\/\" \/>\n<meta property=\"og:locale\" content=\"fr_FR\" \/>\n<meta property=\"og:type\" content=\"article\" \/>\n<meta property=\"og:title\" content=\"Salade de betteraves - Pitenis Shop | &#039;\u0395\u03c4\u03bf\u03b9\u03bc\u03b5\u03c2 \u03c3\u03b1\u03bb\u03ac\u03c4\u03b5\u03c2\" \/>\n<meta property=\"og:description\" content=\"La salade de betteraves combine la qualit\u00e9 de la mayonnaise Pitenis avec le go\u00fbt doux et frais du yaourt, offrant une sensation de l\u00e9g\u00e8ret\u00e9 et de fra\u00eecheur. L&#039;ail rehausse le tout de sa saveur unique, ajoutant un \u00e9l\u00e9ment aromatique et rafra\u00eechissant. La salade de betteraves est une option fra\u00eeche qui offre une harmonie de saveurs et une agr\u00e9able sensation de fra\u00eecheur.\" \/>\n<meta property=\"og:url\" content=\"https:\/\/staging.pitenis.eu\/fr\/produit\/salade-de-betteraves-2\/\" \/>\n<meta property=\"og:site_name\" content=\"Pitenis Shop | &#039;\u0395\u03c4\u03bf\u03b9\u03bc\u03b5\u03c2 \u03c3\u03b1\u03bb\u03ac\u03c4\u03b5\u03c2\" \/>\n<meta property=\"article:modified_time\" content=\"2025-08-14T09:52:36+00:00\" \/>\n<meta property=\"og:image\" content=\"https:\/\/staging.pitenis.eu\/wp-content\/uploads\/2025\/06\/\u03a0\u0391\u03a4\u0396\u0391\u03a1\u039f\u03a3\u0391\u039b\u0391\u03a4\u0391.png\" \/>\n\t<meta property=\"og:image:width\" content=\"1000\" \/>\n\t<meta property=\"og:image:height\" content=\"1000\" \/>\n\t<meta property=\"og:image:type\" content=\"image\/png\" \/>\n<meta name=\"twitter:card\" content=\"summary_large_image\" \/>\n<meta name=\"twitter:label1\" content=\"Dur\u00e9e de lecture estim\u00e9e\" \/>\n\t<meta name=\"twitter:data1\" content=\"1 minute\" \/>\n<script type=\"application\/ld+json\" class=\"yoast-schema-graph\">{\"@context\":\"https:\\\/\\\/schema.org\",\"@graph\":[{\"@type\":\"WebPage\",\"@id\":\"https:\\\/\\\/staging.pitenis.eu\\\/fr\\\/produit\\\/salade-de-betteraves-2\\\/\",\"url\":\"https:\\\/\\\/staging.pitenis.eu\\\/fr\\\/produit\\\/salade-de-betteraves-2\\\/\",\"name\":\"Salade de betteraves - Pitenis Shop | &#039;\u0395\u03c4\u03bf\u03b9\u03bc\u03b5\u03c2 \u03c3\u03b1\u03bb\u03ac\u03c4\u03b5\u03c2\",\"isPartOf\":{\"@id\":\"https:\\\/\\\/staging.pitenis.eu\\\/fr\\\/#website\"},\"primaryImageOfPage\":{\"@id\":\"https:\\\/\\\/staging.pitenis.eu\\\/fr\\\/produit\\\/salade-de-betteraves-2\\\/#primaryimage\"},\"image\":{\"@id\":\"https:\\\/\\\/staging.pitenis.eu\\\/fr\\\/produit\\\/salade-de-betteraves-2\\\/#primaryimage\"},\"thumbnailUrl\":\"https:\\\/\\\/staging.pitenis.eu\\\/wp-content\\\/uploads\\\/2025\\\/06\\\/\u03a0\u0391\u03a4\u0396\u0391\u03a1\u039f\u03a3\u0391\u039b\u0391\u03a4\u0391.png\",\"datePublished\":\"2025-06-03T22:12:50+00:00\",\"dateModified\":\"2025-08-14T09:52:36+00:00\",\"breadcrumb\":{\"@id\":\"https:\\\/\\\/staging.pitenis.eu\\\/fr\\\/produit\\\/salade-de-betteraves-2\\\/#breadcrumb\"},\"inLanguage\":\"fr-FR\",\"potentialAction\":[{\"@type\":\"ReadAction\",\"target\":[\"https:\\\/\\\/staging.pitenis.eu\\\/fr\\\/produit\\\/salade-de-betteraves-2\\\/\"]}]},{\"@type\":\"ImageObject\",\"inLanguage\":\"fr-FR\",\"@id\":\"https:\\\/\\\/staging.pitenis.eu\\\/fr\\\/produit\\\/salade-de-betteraves-2\\\/#primaryimage\",\"url\":\"https:\\\/\\\/staging.pitenis.eu\\\/wp-content\\\/uploads\\\/2025\\\/06\\\/\u03a0\u0391\u03a4\u0396\u0391\u03a1\u039f\u03a3\u0391\u039b\u0391\u03a4\u0391.png\",\"contentUrl\":\"https:\\\/\\\/staging.pitenis.eu\\\/wp-content\\\/uploads\\\/2025\\\/06\\\/\u03a0\u0391\u03a4\u0396\u0391\u03a1\u039f\u03a3\u0391\u039b\u0391\u03a4\u0391.png\",\"width\":1000,\"height\":1000},{\"@type\":\"BreadcrumbList\",\"@id\":\"https:\\\/\\\/staging.pitenis.eu\\\/fr\\\/produit\\\/salade-de-betteraves-2\\\/#breadcrumb\",\"itemListElement\":[{\"@type\":\"ListItem\",\"position\":1,\"name\":\"Home\",\"item\":\"https:\\\/\\\/staging.pitenis.eu\\\/fr\\\/\"},{\"@type\":\"ListItem\",\"position\":2,\"name\":\"Boutique\",\"item\":\"https:\\\/\\\/staging.pitenis.eu\\\/%ce%ba%ce%b1%cf%84%ce%ac%cf%83%cf%84%ce%b7%ce%bc%ce%b1\\\/\"},{\"@type\":\"ListItem\",\"position\":3,\"name\":\"Salade de betteraves\"}]},{\"@type\":\"WebSite\",\"@id\":\"https:\\\/\\\/staging.pitenis.eu\\\/fr\\\/#website\",\"url\":\"https:\\\/\\\/staging.pitenis.eu\\\/fr\\\/\",\"name\":\"Pitenis Shop | &#039;\u0395\u03c4\u03bf\u03b9\u03bc\u03b5\u03c2 \u03c3\u03b1\u03bb\u03ac\u03c4\u03b5\u03c2\",\"description\":\"\u03b1\u03bb\u03bf\u03b9\u03c6\u03ad\u03c2, \u03c8\u03b1\u03c1\u03b9\u03ba\u03ac, \u03c4\u03bf\u03c5\u03c1\u03c3\u03ac\u03ba\u03b9\u03b1\",\"publisher\":{\"@id\":\"https:\\\/\\\/staging.pitenis.eu\\\/fr\\\/#organization\"},\"potentialAction\":[{\"@type\":\"SearchAction\",\"target\":{\"@type\":\"EntryPoint\",\"urlTemplate\":\"https:\\\/\\\/staging.pitenis.eu\\\/fr\\\/?s={search_term_string}\"},\"query-input\":{\"@type\":\"PropertyValueSpecification\",\"valueRequired\":true,\"valueName\":\"search_term_string\"}}],\"inLanguage\":\"fr-FR\"},{\"@type\":\"Organization\",\"@id\":\"https:\\\/\\\/staging.pitenis.eu\\\/fr\\\/#organization\",\"name\":\"Pitenis Shop | &#039;\u0395\u03c4\u03bf\u03b9\u03bc\u03b5\u03c2 \u03c3\u03b1\u03bb\u03ac\u03c4\u03b5\u03c2\",\"url\":\"https:\\\/\\\/staging.pitenis.eu\\\/fr\\\/\",\"logo\":{\"@type\":\"ImageObject\",\"inLanguage\":\"fr-FR\",\"@id\":\"https:\\\/\\\/staging.pitenis.eu\\\/fr\\\/#\\\/schema\\\/logo\\\/image\\\/\",\"url\":\"https:\\\/\\\/staging.pitenis.eu\\\/wp-content\\\/uploads\\\/2025\\\/04\\\/cropped-pitenis_logo.png\",\"contentUrl\":\"https:\\\/\\\/staging.pitenis.eu\\\/wp-content\\\/uploads\\\/2025\\\/04\\\/cropped-pitenis_logo.png\",\"width\":172,\"height\":74,\"caption\":\"Pitenis Shop | &#039;\u0395\u03c4\u03bf\u03b9\u03bc\u03b5\u03c2 \u03c3\u03b1\u03bb\u03ac\u03c4\u03b5\u03c2\"},\"image\":{\"@id\":\"https:\\\/\\\/staging.pitenis.eu\\\/fr\\\/#\\\/schema\\\/logo\\\/image\\\/\"}}]}<\/script>\n<!-- \/ Yoast SEO plugin. -->","yoast_head_json":{"title":"Salade de betteraves - Pitenis Shop | &#039;\u0395\u03c4\u03bf\u03b9\u03bc\u03b5\u03c2 \u03c3\u03b1\u03bb\u03ac\u03c4\u03b5\u03c2","robots":{"index":"index","follow":"follow","max-snippet":"max-snippet:-1","max-image-preview":"max-image-preview:large","max-video-preview":"max-video-preview:-1"},"canonical":"https:\/\/staging.pitenis.eu\/fr\/produit\/salade-de-betteraves-2\/","og_locale":"fr_FR","og_type":"article","og_title":"Salade de betteraves - Pitenis Shop | &#039;\u0395\u03c4\u03bf\u03b9\u03bc\u03b5\u03c2 \u03c3\u03b1\u03bb\u03ac\u03c4\u03b5\u03c2","og_description":"La salade de betteraves combine la qualit\u00e9 de la mayonnaise Pitenis avec le go\u00fbt doux et frais du yaourt, offrant une sensation de l\u00e9g\u00e8ret\u00e9 et de fra\u00eecheur. L'ail rehausse le tout de sa saveur unique, ajoutant un \u00e9l\u00e9ment aromatique et rafra\u00eechissant. La salade de betteraves est une option fra\u00eeche qui offre une harmonie de saveurs et une agr\u00e9able sensation de fra\u00eecheur.","og_url":"https:\/\/staging.pitenis.eu\/fr\/produit\/salade-de-betteraves-2\/","og_site_name":"Pitenis Shop | &#039;\u0395\u03c4\u03bf\u03b9\u03bc\u03b5\u03c2 \u03c3\u03b1\u03bb\u03ac\u03c4\u03b5\u03c2","article_modified_time":"2025-08-14T09:52:36+00:00","og_image":[{"width":1000,"height":1000,"url":"https:\/\/staging.pitenis.eu\/wp-content\/uploads\/2025\/06\/\u03a0\u0391\u03a4\u0396\u0391\u03a1\u039f\u03a3\u0391\u039b\u0391\u03a4\u0391.png","type":"image\/png"}],"twitter_card":"summary_large_image","twitter_misc":{"Dur\u00e9e de lecture estim\u00e9e":"1 minute"},"schema":{"@context":"https:\/\/schema.org","@graph":[{"@type":"WebPage","@id":"https:\/\/staging.pitenis.eu\/fr\/produit\/salade-de-betteraves-2\/","url":"https:\/\/staging.pitenis.eu\/fr\/produit\/salade-de-betteraves-2\/","name":"Salade de betteraves - Pitenis Shop | &#039;\u0395\u03c4\u03bf\u03b9\u03bc\u03b5\u03c2 \u03c3\u03b1\u03bb\u03ac\u03c4\u03b5\u03c2","isPartOf":{"@id":"https:\/\/staging.pitenis.eu\/fr\/#website"},"primaryImageOfPage":{"@id":"https:\/\/staging.pitenis.eu\/fr\/produit\/salade-de-betteraves-2\/#primaryimage"},"image":{"@id":"https:\/\/staging.pitenis.eu\/fr\/produit\/salade-de-betteraves-2\/#primaryimage"},"thumbnailUrl":"https:\/\/staging.pitenis.eu\/wp-content\/uploads\/2025\/06\/\u03a0\u0391\u03a4\u0396\u0391\u03a1\u039f\u03a3\u0391\u039b\u0391\u03a4\u0391.png","datePublished":"2025-06-03T22:12:50+00:00","dateModified":"2025-08-14T09:52:36+00:00","breadcrumb":{"@id":"https:\/\/staging.pitenis.eu\/fr\/produit\/salade-de-betteraves-2\/#breadcrumb"},"inLanguage":"fr-FR","potentialAction":[{"@type":"ReadAction","target":["https:\/\/staging.pitenis.eu\/fr\/produit\/salade-de-betteraves-2\/"]}]},{"@type":"ImageObject","inLanguage":"fr-FR","@id":"https:\/\/staging.pitenis.eu\/fr\/produit\/salade-de-betteraves-2\/#primaryimage","url":"https:\/\/staging.pitenis.eu\/wp-content\/uploads\/2025\/06\/\u03a0\u0391\u03a4\u0396\u0391\u03a1\u039f\u03a3\u0391\u039b\u0391\u03a4\u0391.png","contentUrl":"https:\/\/staging.pitenis.eu\/wp-content\/uploads\/2025\/06\/\u03a0\u0391\u03a4\u0396\u0391\u03a1\u039f\u03a3\u0391\u039b\u0391\u03a4\u0391.png","width":1000,"height":1000},{"@type":"BreadcrumbList","@id":"https:\/\/staging.pitenis.eu\/fr\/produit\/salade-de-betteraves-2\/#breadcrumb","itemListElement":[{"@type":"ListItem","position":1,"name":"Home","item":"https:\/\/staging.pitenis.eu\/fr\/"},{"@type":"ListItem","position":2,"name":"Boutique","item":"https:\/\/staging.pitenis.eu\/%ce%ba%ce%b1%cf%84%ce%ac%cf%83%cf%84%ce%b7%ce%bc%ce%b1\/"},{"@type":"ListItem","position":3,"name":"Salade de betteraves"}]},{"@type":"WebSite","@id":"https:\/\/staging.pitenis.eu\/fr\/#website","url":"https:\/\/staging.pitenis.eu\/fr\/","name":"Pitenis Shop | &#039;\u0395\u03c4\u03bf\u03b9\u03bc\u03b5\u03c2 \u03c3\u03b1\u03bb\u03ac\u03c4\u03b5\u03c2","description":"\u03b1\u03bb\u03bf\u03b9\u03c6\u03ad\u03c2, \u03c8\u03b1\u03c1\u03b9\u03ba\u03ac, \u03c4\u03bf\u03c5\u03c1\u03c3\u03ac\u03ba\u03b9\u03b1","publisher":{"@id":"https:\/\/staging.pitenis.eu\/fr\/#organization"},"potentialAction":[{"@type":"SearchAction","target":{"@type":"EntryPoint","urlTemplate":"https:\/\/staging.pitenis.eu\/fr\/?s={search_term_string}"},"query-input":{"@type":"PropertyValueSpecification","valueRequired":true,"valueName":"search_term_string"}}],"inLanguage":"fr-FR"},{"@type":"Organization","@id":"https:\/\/staging.pitenis.eu\/fr\/#organization","name":"Pitenis Shop | &#039;\u0395\u03c4\u03bf\u03b9\u03bc\u03b5\u03c2 \u03c3\u03b1\u03bb\u03ac\u03c4\u03b5\u03c2","url":"https:\/\/staging.pitenis.eu\/fr\/","logo":{"@type":"ImageObject","inLanguage":"fr-FR","@id":"https:\/\/staging.pitenis.eu\/fr\/#\/schema\/logo\/image\/","url":"https:\/\/staging.pitenis.eu\/wp-content\/uploads\/2025\/04\/cropped-pitenis_logo.png","contentUrl":"https:\/\/staging.pitenis.eu\/wp-content\/uploads\/2025\/04\/cropped-pitenis_logo.png","width":172,"height":74,"caption":"Pitenis Shop | &#039;\u0395\u03c4\u03bf\u03b9\u03bc\u03b5\u03c2 \u03c3\u03b1\u03bb\u03ac\u03c4\u03b5\u03c2"},"image":{"@id":"https:\/\/staging.pitenis.eu\/fr\/#\/schema\/logo\/image\/"}}]}},"_links":{"self":[{"href":"https:\/\/staging.pitenis.eu\/fr\/wp-json\/wp\/v2\/product\/12283","targetHints":{"allow":["GET"]}}],"collection":[{"href":"https:\/\/staging.pitenis.eu\/fr\/wp-json\/wp\/v2\/product"}],"about":[{"href":"https:\/\/staging.pitenis.eu\/fr\/wp-json\/wp\/v2\/types\/product"}],"replies":[{"embeddable":true,"href":"https:\/\/staging.pitenis.eu\/fr\/wp-json\/wp\/v2\/comments?post=12283"}],"wp:featuredmedia":[{"embeddable":true,"href":"https:\/\/staging.pitenis.eu\/fr\/wp-json\/wp\/v2\/media\/14958"}],"wp:attachment":[{"href":"https:\/\/staging.pitenis.eu\/fr\/wp-json\/wp\/v2\/media?parent=12283"}],"wp:term":[{"taxonomy":"product_cat","embeddable":true,"href":"https:\/\/staging.pitenis.eu\/fr\/wp-json\/wp\/v2\/product_cat?post=12283"},{"taxonomy":"product_tag","embeddable":true,"href":"https:\/\/staging.pitenis.eu\/fr\/wp-json\/wp\/v2\/product_tag?post=12283"}],"curies":[{"name":"wp","href":"https:\/\/api.w.org\/{rel}","templated":true}]}}