{"id":12277,"date":"2025-06-03T22:12:57","date_gmt":"2025-06-03T22:12:57","guid":{"rendered":"https:\/\/e-shop.advonpitenis.eu\/product\/salade-de-fromage\/"},"modified":"2025-08-14T09:52:51","modified_gmt":"2025-08-14T09:52:51","slug":"salade-de-fromage","status":"publish","type":"product","link":"https:\/\/staging.pitenis.eu\/fr\/produit\/salade-de-fromage\/","title":{"rendered":"Salade de fromage"},"content":{"rendered":"<p><span style=\"font-weight: bold;\">Ingr\u00e9dients<\/span><br \/><span style='font-weight: bold; '> Ingr\u00e9dients : <\/span>M\u00e9lange de<span style='font-weight: bold; '> fromages <\/span>65%<span style='font-weight: bold; '>[mizithra<\/span><span style='font-weight: bold; '>(lait de fromage<\/span>, sel),<span style='font-weight: bold; '> fromage<\/span> Feta ( <span style='font-weight: bold; '>lait de<\/span> ch\u00e8vre, pr\u00e9sure, culture acide, sel)], <span style='font-weight: bold; '>mayonnaise <\/span>[eau, huile v\u00e9g\u00e9tale (huile de soja ou de tournesol), moutarde<span style='font-weight: bold; '>(moutarde)<\/span>, amidon de ma\u00efs modifi\u00e9, sucre, jaune d&rsquo;<span style='font-weight: bold; '>\u0153uf <\/span>pasteuris\u00e9, vinaigre, sel, coagulants : amidon modifi\u00e9, gomme de tare, gomme de guar et gomme de xanthane, r\u00e9gulateur d&rsquo;acidit\u00e9 : acide citrique], <span style='font-weight: bold; '>vinaigrette<\/span> ( <span style='font-weight: bold; '>lait de<\/span> vache d\u00e9shydrat\u00e9, prot\u00e9ines de <span style='font-weight: bold; '>lait<\/span>, huile de palme, amidon de ma\u00efs, stabilisateur : g\u00e9latine, culture), poivre doux, <span style='font-weight: bold; '>lait de<\/span> vache d\u00e9shydrat\u00e9 \u00e9cr\u00e9m\u00e9, sel, fibres, stabilisant (amidon de ma\u00efs modifi\u00e9, gomme guar, gomme xanthane, prot\u00e9ines de <span style='font-weight: bold; '>lait<\/span>), piment doux, conservateurs : E202, E211. Contient \u00e9ventuellement des traces de <span style='font-weight: bold; '>c\u00e9leri<\/span>.<\/p>\n<p><span style=\"font-weight: bold;\">Combinaisons &#8211; suggestions d&rsquo;utilisation<\/span><br \/>La salade de fromage peut \u00eatre utilis\u00e9e :<br \/>-Dans un repas, en accompagnement d&rsquo;une viande, d&rsquo;un poisson ou d&rsquo;une volaille.<br \/>-Dans un sandwich ou un toast, pour obtenir une sauce riche et savoureuse.<br \/>comme garniture dans les tortillas ou les wraps, ajoutant une riche saveur et une texture cr\u00e9meuse.<br \/>&#8211; Comme vinaigrette dans les salades de l\u00e9gumes, ajoutant une note fromag\u00e8re et savoureuse.<br \/>&#8211; Comme sauce d&rsquo;accompagnement pour les brochettes, le poulet ou les crevettes.<br \/>comme m\u00e9lange pour les poivrons farcis, pour une combinaison d\u00e9licieuse et savoureuse.<br \/>-Dans les sandwichs aux l\u00e9gumes et au fromage, apportant une touche \u00e9pic\u00e9e et cr\u00e9meuse.<br \/>-Comme trempette pour les noix ou les crackers, leur donnant une riche saveur de fromage.<br \/>comme garniture pour les cr\u00eapes, cr\u00e9ant une recette riche et d\u00e9lectable.<br \/>&#8211; Comme plat d&rsquo;accompagnement pour les amuse-gueules, combin\u00e9 avec des olives, des tomates et des tartes, offrant une exp\u00e9rience gustative riche.                                                                                                                                                                                                                                                                                                Recette : <\/span>Cornets de dinde avec salade de fromage<br \/>Ingr\u00e9dients<br \/><\/span>&#8211; tranches de dinde fum\u00e9e (6-12 tranches)<br \/>&#8211; salade de fromage Pitenis ou fromage en grains<br \/>Ex\u00e9cution<br \/><\/span>Formez des cornets avec les tranches et remplissez-les de salade de fromage ou de fromage en grains.<\/p>\n","protected":false},"excerpt":{"rendered":"<p>La salade de fromage est un m\u00e9lange de cr\u00e8me fra\u00eeche, de feta, de yaourt, de mayonnaise Pitenis et de poivron vert. La combinaison avec le piment doux offre un r\u00e9sultat parfait. La salade de fromage est une option fra\u00eeche et savoureuse qui offre un \u00e9quilibre parfait entre le go\u00fbt riche du fromage et la fra\u00eecheur l\u00e9g\u00e8re.<\/p>\n","protected":false},"featured_media":14928,"comment_status":"closed","ping_status":"closed","template":"","meta":{"_acf_changed":false},"product_cat":[320],"product_tag":[],"class_list":{"0":"post-12277","1":"product","2":"type-product","3":"status-publish","4":"has-post-thumbnail","6":"product_cat-salades","8":"first","9":"instock","10":"taxable","11":"shipping-taxable","12":"purchasable","13":"product-type-variable"},"acf":[],"yoast_head":"<!-- This site is optimized with the Yoast SEO plugin v27.4 - https:\/\/yoast.com\/product\/yoast-seo-wordpress\/ -->\n<title>Salade de fromage - Pitenis Shop | &#039;\u0395\u03c4\u03bf\u03b9\u03bc\u03b5\u03c2 \u03c3\u03b1\u03bb\u03ac\u03c4\u03b5\u03c2<\/title>\n<meta name=\"robots\" content=\"index, follow, max-snippet:-1, max-image-preview:large, max-video-preview:-1\" \/>\n<link rel=\"canonical\" href=\"https:\/\/staging.pitenis.eu\/fr\/produit\/salade-de-fromage\/\" \/>\n<meta property=\"og:locale\" content=\"fr_FR\" \/>\n<meta property=\"og:type\" content=\"article\" \/>\n<meta property=\"og:title\" content=\"Salade de fromage - Pitenis Shop | &#039;\u0395\u03c4\u03bf\u03b9\u03bc\u03b5\u03c2 \u03c3\u03b1\u03bb\u03ac\u03c4\u03b5\u03c2\" \/>\n<meta property=\"og:description\" content=\"La salade de fromage est un m\u00e9lange de cr\u00e8me fra\u00eeche, de feta, de yaourt, de mayonnaise Pitenis et de poivron vert. La combinaison avec le piment doux offre un r\u00e9sultat parfait. La salade de fromage est une option fra\u00eeche et savoureuse qui offre un \u00e9quilibre parfait entre le go\u00fbt riche du fromage et la fra\u00eecheur l\u00e9g\u00e8re.\" \/>\n<meta property=\"og:url\" content=\"https:\/\/staging.pitenis.eu\/fr\/produit\/salade-de-fromage\/\" \/>\n<meta property=\"og:site_name\" content=\"Pitenis Shop | &#039;\u0395\u03c4\u03bf\u03b9\u03bc\u03b5\u03c2 \u03c3\u03b1\u03bb\u03ac\u03c4\u03b5\u03c2\" \/>\n<meta property=\"article:modified_time\" content=\"2025-08-14T09:52:51+00:00\" \/>\n<meta property=\"og:image\" content=\"https:\/\/staging.pitenis.eu\/wp-content\/uploads\/2025\/06\/\u03a4\u03a5\u03a1\u039f\u03a3\u0391\u039b\u0391\u03a4\u0391.png\" \/>\n\t<meta property=\"og:image:width\" content=\"1000\" \/>\n\t<meta property=\"og:image:height\" content=\"1000\" \/>\n\t<meta property=\"og:image:type\" content=\"image\/png\" \/>\n<meta name=\"twitter:card\" content=\"summary_large_image\" \/>\n<meta name=\"twitter:label1\" content=\"Dur\u00e9e de lecture estim\u00e9e\" \/>\n\t<meta name=\"twitter:data1\" content=\"2 minutes\" \/>\n<script type=\"application\/ld+json\" class=\"yoast-schema-graph\">{\"@context\":\"https:\\\/\\\/schema.org\",\"@graph\":[{\"@type\":\"WebPage\",\"@id\":\"https:\\\/\\\/staging.pitenis.eu\\\/fr\\\/produit\\\/salade-de-fromage\\\/\",\"url\":\"https:\\\/\\\/staging.pitenis.eu\\\/fr\\\/produit\\\/salade-de-fromage\\\/\",\"name\":\"Salade de fromage - Pitenis Shop | &#039;\u0395\u03c4\u03bf\u03b9\u03bc\u03b5\u03c2 \u03c3\u03b1\u03bb\u03ac\u03c4\u03b5\u03c2\",\"isPartOf\":{\"@id\":\"https:\\\/\\\/staging.pitenis.eu\\\/fr\\\/#website\"},\"primaryImageOfPage\":{\"@id\":\"https:\\\/\\\/staging.pitenis.eu\\\/fr\\\/produit\\\/salade-de-fromage\\\/#primaryimage\"},\"image\":{\"@id\":\"https:\\\/\\\/staging.pitenis.eu\\\/fr\\\/produit\\\/salade-de-fromage\\\/#primaryimage\"},\"thumbnailUrl\":\"https:\\\/\\\/staging.pitenis.eu\\\/wp-content\\\/uploads\\\/2025\\\/06\\\/\u03a4\u03a5\u03a1\u039f\u03a3\u0391\u039b\u0391\u03a4\u0391.png\",\"datePublished\":\"2025-06-03T22:12:57+00:00\",\"dateModified\":\"2025-08-14T09:52:51+00:00\",\"breadcrumb\":{\"@id\":\"https:\\\/\\\/staging.pitenis.eu\\\/fr\\\/produit\\\/salade-de-fromage\\\/#breadcrumb\"},\"inLanguage\":\"fr-FR\",\"potentialAction\":[{\"@type\":\"ReadAction\",\"target\":[\"https:\\\/\\\/staging.pitenis.eu\\\/fr\\\/produit\\\/salade-de-fromage\\\/\"]}]},{\"@type\":\"ImageObject\",\"inLanguage\":\"fr-FR\",\"@id\":\"https:\\\/\\\/staging.pitenis.eu\\\/fr\\\/produit\\\/salade-de-fromage\\\/#primaryimage\",\"url\":\"https:\\\/\\\/staging.pitenis.eu\\\/wp-content\\\/uploads\\\/2025\\\/06\\\/\u03a4\u03a5\u03a1\u039f\u03a3\u0391\u039b\u0391\u03a4\u0391.png\",\"contentUrl\":\"https:\\\/\\\/staging.pitenis.eu\\\/wp-content\\\/uploads\\\/2025\\\/06\\\/\u03a4\u03a5\u03a1\u039f\u03a3\u0391\u039b\u0391\u03a4\u0391.png\",\"width\":1000,\"height\":1000},{\"@type\":\"BreadcrumbList\",\"@id\":\"https:\\\/\\\/staging.pitenis.eu\\\/fr\\\/produit\\\/salade-de-fromage\\\/#breadcrumb\",\"itemListElement\":[{\"@type\":\"ListItem\",\"position\":1,\"name\":\"Home\",\"item\":\"https:\\\/\\\/staging.pitenis.eu\\\/fr\\\/\"},{\"@type\":\"ListItem\",\"position\":2,\"name\":\"Boutique\",\"item\":\"https:\\\/\\\/staging.pitenis.eu\\\/%ce%ba%ce%b1%cf%84%ce%ac%cf%83%cf%84%ce%b7%ce%bc%ce%b1\\\/\"},{\"@type\":\"ListItem\",\"position\":3,\"name\":\"Salade de fromage\"}]},{\"@type\":\"WebSite\",\"@id\":\"https:\\\/\\\/staging.pitenis.eu\\\/fr\\\/#website\",\"url\":\"https:\\\/\\\/staging.pitenis.eu\\\/fr\\\/\",\"name\":\"Pitenis Shop | &#039;\u0395\u03c4\u03bf\u03b9\u03bc\u03b5\u03c2 \u03c3\u03b1\u03bb\u03ac\u03c4\u03b5\u03c2\",\"description\":\"\u03b1\u03bb\u03bf\u03b9\u03c6\u03ad\u03c2, \u03c8\u03b1\u03c1\u03b9\u03ba\u03ac, \u03c4\u03bf\u03c5\u03c1\u03c3\u03ac\u03ba\u03b9\u03b1\",\"publisher\":{\"@id\":\"https:\\\/\\\/staging.pitenis.eu\\\/fr\\\/#organization\"},\"potentialAction\":[{\"@type\":\"SearchAction\",\"target\":{\"@type\":\"EntryPoint\",\"urlTemplate\":\"https:\\\/\\\/staging.pitenis.eu\\\/fr\\\/?s={search_term_string}\"},\"query-input\":{\"@type\":\"PropertyValueSpecification\",\"valueRequired\":true,\"valueName\":\"search_term_string\"}}],\"inLanguage\":\"fr-FR\"},{\"@type\":\"Organization\",\"@id\":\"https:\\\/\\\/staging.pitenis.eu\\\/fr\\\/#organization\",\"name\":\"Pitenis Shop | &#039;\u0395\u03c4\u03bf\u03b9\u03bc\u03b5\u03c2 \u03c3\u03b1\u03bb\u03ac\u03c4\u03b5\u03c2\",\"url\":\"https:\\\/\\\/staging.pitenis.eu\\\/fr\\\/\",\"logo\":{\"@type\":\"ImageObject\",\"inLanguage\":\"fr-FR\",\"@id\":\"https:\\\/\\\/staging.pitenis.eu\\\/fr\\\/#\\\/schema\\\/logo\\\/image\\\/\",\"url\":\"https:\\\/\\\/staging.pitenis.eu\\\/wp-content\\\/uploads\\\/2025\\\/04\\\/cropped-pitenis_logo.png\",\"contentUrl\":\"https:\\\/\\\/staging.pitenis.eu\\\/wp-content\\\/uploads\\\/2025\\\/04\\\/cropped-pitenis_logo.png\",\"width\":172,\"height\":74,\"caption\":\"Pitenis Shop | &#039;\u0395\u03c4\u03bf\u03b9\u03bc\u03b5\u03c2 \u03c3\u03b1\u03bb\u03ac\u03c4\u03b5\u03c2\"},\"image\":{\"@id\":\"https:\\\/\\\/staging.pitenis.eu\\\/fr\\\/#\\\/schema\\\/logo\\\/image\\\/\"}}]}<\/script>\n<!-- \/ Yoast SEO plugin. -->","yoast_head_json":{"title":"Salade de fromage - Pitenis Shop | &#039;\u0395\u03c4\u03bf\u03b9\u03bc\u03b5\u03c2 \u03c3\u03b1\u03bb\u03ac\u03c4\u03b5\u03c2","robots":{"index":"index","follow":"follow","max-snippet":"max-snippet:-1","max-image-preview":"max-image-preview:large","max-video-preview":"max-video-preview:-1"},"canonical":"https:\/\/staging.pitenis.eu\/fr\/produit\/salade-de-fromage\/","og_locale":"fr_FR","og_type":"article","og_title":"Salade de fromage - Pitenis Shop | &#039;\u0395\u03c4\u03bf\u03b9\u03bc\u03b5\u03c2 \u03c3\u03b1\u03bb\u03ac\u03c4\u03b5\u03c2","og_description":"La salade de fromage est un m\u00e9lange de cr\u00e8me fra\u00eeche, de feta, de yaourt, de mayonnaise Pitenis et de poivron vert. La combinaison avec le piment doux offre un r\u00e9sultat parfait. La salade de fromage est une option fra\u00eeche et savoureuse qui offre un \u00e9quilibre parfait entre le go\u00fbt riche du fromage et la fra\u00eecheur l\u00e9g\u00e8re.","og_url":"https:\/\/staging.pitenis.eu\/fr\/produit\/salade-de-fromage\/","og_site_name":"Pitenis Shop | &#039;\u0395\u03c4\u03bf\u03b9\u03bc\u03b5\u03c2 \u03c3\u03b1\u03bb\u03ac\u03c4\u03b5\u03c2","article_modified_time":"2025-08-14T09:52:51+00:00","og_image":[{"width":1000,"height":1000,"url":"https:\/\/staging.pitenis.eu\/wp-content\/uploads\/2025\/06\/\u03a4\u03a5\u03a1\u039f\u03a3\u0391\u039b\u0391\u03a4\u0391.png","type":"image\/png"}],"twitter_card":"summary_large_image","twitter_misc":{"Dur\u00e9e de lecture estim\u00e9e":"2 minutes"},"schema":{"@context":"https:\/\/schema.org","@graph":[{"@type":"WebPage","@id":"https:\/\/staging.pitenis.eu\/fr\/produit\/salade-de-fromage\/","url":"https:\/\/staging.pitenis.eu\/fr\/produit\/salade-de-fromage\/","name":"Salade de fromage - Pitenis Shop | &#039;\u0395\u03c4\u03bf\u03b9\u03bc\u03b5\u03c2 \u03c3\u03b1\u03bb\u03ac\u03c4\u03b5\u03c2","isPartOf":{"@id":"https:\/\/staging.pitenis.eu\/fr\/#website"},"primaryImageOfPage":{"@id":"https:\/\/staging.pitenis.eu\/fr\/produit\/salade-de-fromage\/#primaryimage"},"image":{"@id":"https:\/\/staging.pitenis.eu\/fr\/produit\/salade-de-fromage\/#primaryimage"},"thumbnailUrl":"https:\/\/staging.pitenis.eu\/wp-content\/uploads\/2025\/06\/\u03a4\u03a5\u03a1\u039f\u03a3\u0391\u039b\u0391\u03a4\u0391.png","datePublished":"2025-06-03T22:12:57+00:00","dateModified":"2025-08-14T09:52:51+00:00","breadcrumb":{"@id":"https:\/\/staging.pitenis.eu\/fr\/produit\/salade-de-fromage\/#breadcrumb"},"inLanguage":"fr-FR","potentialAction":[{"@type":"ReadAction","target":["https:\/\/staging.pitenis.eu\/fr\/produit\/salade-de-fromage\/"]}]},{"@type":"ImageObject","inLanguage":"fr-FR","@id":"https:\/\/staging.pitenis.eu\/fr\/produit\/salade-de-fromage\/#primaryimage","url":"https:\/\/staging.pitenis.eu\/wp-content\/uploads\/2025\/06\/\u03a4\u03a5\u03a1\u039f\u03a3\u0391\u039b\u0391\u03a4\u0391.png","contentUrl":"https:\/\/staging.pitenis.eu\/wp-content\/uploads\/2025\/06\/\u03a4\u03a5\u03a1\u039f\u03a3\u0391\u039b\u0391\u03a4\u0391.png","width":1000,"height":1000},{"@type":"BreadcrumbList","@id":"https:\/\/staging.pitenis.eu\/fr\/produit\/salade-de-fromage\/#breadcrumb","itemListElement":[{"@type":"ListItem","position":1,"name":"Home","item":"https:\/\/staging.pitenis.eu\/fr\/"},{"@type":"ListItem","position":2,"name":"Boutique","item":"https:\/\/staging.pitenis.eu\/%ce%ba%ce%b1%cf%84%ce%ac%cf%83%cf%84%ce%b7%ce%bc%ce%b1\/"},{"@type":"ListItem","position":3,"name":"Salade de fromage"}]},{"@type":"WebSite","@id":"https:\/\/staging.pitenis.eu\/fr\/#website","url":"https:\/\/staging.pitenis.eu\/fr\/","name":"Pitenis Shop | &#039;\u0395\u03c4\u03bf\u03b9\u03bc\u03b5\u03c2 \u03c3\u03b1\u03bb\u03ac\u03c4\u03b5\u03c2","description":"\u03b1\u03bb\u03bf\u03b9\u03c6\u03ad\u03c2, \u03c8\u03b1\u03c1\u03b9\u03ba\u03ac, \u03c4\u03bf\u03c5\u03c1\u03c3\u03ac\u03ba\u03b9\u03b1","publisher":{"@id":"https:\/\/staging.pitenis.eu\/fr\/#organization"},"potentialAction":[{"@type":"SearchAction","target":{"@type":"EntryPoint","urlTemplate":"https:\/\/staging.pitenis.eu\/fr\/?s={search_term_string}"},"query-input":{"@type":"PropertyValueSpecification","valueRequired":true,"valueName":"search_term_string"}}],"inLanguage":"fr-FR"},{"@type":"Organization","@id":"https:\/\/staging.pitenis.eu\/fr\/#organization","name":"Pitenis Shop | &#039;\u0395\u03c4\u03bf\u03b9\u03bc\u03b5\u03c2 \u03c3\u03b1\u03bb\u03ac\u03c4\u03b5\u03c2","url":"https:\/\/staging.pitenis.eu\/fr\/","logo":{"@type":"ImageObject","inLanguage":"fr-FR","@id":"https:\/\/staging.pitenis.eu\/fr\/#\/schema\/logo\/image\/","url":"https:\/\/staging.pitenis.eu\/wp-content\/uploads\/2025\/04\/cropped-pitenis_logo.png","contentUrl":"https:\/\/staging.pitenis.eu\/wp-content\/uploads\/2025\/04\/cropped-pitenis_logo.png","width":172,"height":74,"caption":"Pitenis Shop | &#039;\u0395\u03c4\u03bf\u03b9\u03bc\u03b5\u03c2 \u03c3\u03b1\u03bb\u03ac\u03c4\u03b5\u03c2"},"image":{"@id":"https:\/\/staging.pitenis.eu\/fr\/#\/schema\/logo\/image\/"}}]}},"_links":{"self":[{"href":"https:\/\/staging.pitenis.eu\/fr\/wp-json\/wp\/v2\/product\/12277","targetHints":{"allow":["GET"]}}],"collection":[{"href":"https:\/\/staging.pitenis.eu\/fr\/wp-json\/wp\/v2\/product"}],"about":[{"href":"https:\/\/staging.pitenis.eu\/fr\/wp-json\/wp\/v2\/types\/product"}],"replies":[{"embeddable":true,"href":"https:\/\/staging.pitenis.eu\/fr\/wp-json\/wp\/v2\/comments?post=12277"}],"wp:featuredmedia":[{"embeddable":true,"href":"https:\/\/staging.pitenis.eu\/fr\/wp-json\/wp\/v2\/media\/14928"}],"wp:attachment":[{"href":"https:\/\/staging.pitenis.eu\/fr\/wp-json\/wp\/v2\/media?parent=12277"}],"wp:term":[{"taxonomy":"product_cat","embeddable":true,"href":"https:\/\/staging.pitenis.eu\/fr\/wp-json\/wp\/v2\/product_cat?post=12277"},{"taxonomy":"product_tag","embeddable":true,"href":"https:\/\/staging.pitenis.eu\/fr\/wp-json\/wp\/v2\/product_tag?post=12277"}],"curies":[{"name":"wp","href":"https:\/\/api.w.org\/{rel}","templated":true}]}}