{"id":12245,"date":"2025-06-03T22:13:03","date_gmt":"2025-06-03T22:13:03","guid":{"rendered":"https:\/\/e-shop.advonpitenis.eu\/product\/jajiki\/"},"modified":"2025-08-14T09:52:53","modified_gmt":"2025-08-14T09:52:53","slug":"jajiki","status":"publish","type":"product","link":"https:\/\/staging.pitenis.eu\/fr\/produit\/jajiki\/","title":{"rendered":"Jajiki"},"content":{"rendered":"<p><span style=\"font-weight: bold;\">Ingr\u00e9dients<\/span><br \/><span style='font-weight: bold; '> Ingr\u00e9dients : <\/span> <span style='font-weight: bold; '>Ingr\u00e9dients<\/span> 58% [eau, graisses v\u00e9g\u00e9tales partiellement hydrog\u00e9n\u00e9es (huile de coco, huile de palmiste, huile de palme en proportions variables), <span style='font-weight: bold; '>lait <\/span>\u00e9cr\u00e9m\u00e9 en poudre, prot\u00e9ines de <span style='font-weight: bold; '>lait,<\/span> amidon de pomme de terre modifi\u00e9, <span style='font-weight: bold; '>babeurre<\/span> en poudre, culture, stabilisateurs : g\u00e9latine, amidon de ma\u00efs modifi\u00e9], concombre frais 24%, <span style='font-weight: bold; '>yaourt<\/span> filtr\u00e9 15%, ail, sel, stabilisant (amidon modifi\u00e9 trait\u00e9 \u00e0 froid, gomme, guar, gomme xanthane, prot\u00e9ines de <span style='font-weight: bold; '>lait<\/span>), conservateurs : E202, E211. Contient \u00e9ventuellement des traces d&rsquo;<span style='font-weight: bold; '>\u0153uf, de c\u00e9leri, de moutarde, de fromage.<\/span><\/p>\n<p><span style=\"font-weight: bold;\">Combinaisons &#8211; suggestions d&rsquo;utilisation<\/span><br \/>Le tzatziki tant appr\u00e9ci\u00e9 des petits et des grands peut \u00eatre utilis\u00e9 :<br \/>-En tant que sauce pour les plats de viande, de poisson ou de volaille, offrant fra\u00eecheur et saveur.<br \/>comme trempette pour les noix, les chips ou les crackers, offrant une touche fra\u00eeche et aromatique.<br \/>&#8211; Comme sauce pour accompagner les plats de grignotage tels que les tartes au fromage, les boulettes de viande et les rouleaux de chou.<br \/>comme garniture pour les sandwichs, les wraps et les hamburgers, apportant une fra\u00eecheur et une vari\u00e9t\u00e9 de saveurs.<br \/>&#8211; Comme marinade pour le poulet ou le poisson, apportant une saveur et un soup\u00e7on de fra\u00eecheur.<br \/>comme garniture pour les plats \u00e0 base de noix, de pommes de terre au four ou de haricots, apportant saveur et fra\u00eecheur.<br \/>&#8211; Comme sauce d&rsquo;accompagnement pour les kebabs, pour les plats \u00e0 base d&rsquo;aubergine, apportant harmonie de saveurs et fra\u00eecheur.                                                                                                                                                                                                                                                                                                                                      Recette :<\/span> <br \/>Cuisses de poulet au tzatziki<br \/>Ingr\u00e9dients<br \/><\/span>&#8211; 10 cuisses de poulet<br \/>&#8211; sel<br \/>&#8211; paprika doux<br \/>&#8211; huile pour graisser la po\u00eale<br \/> Pour la marinade. huile d&rsquo;olive<br \/>&#8211; 2 cuill\u00e8res \u00e0 caf\u00e9 de moutarde<br \/>Pour la garniture :<br \/>&#8211; brins de persil<br \/>Pr\u00e9paration<br \/><\/span>Lavez les cuisses de poulet, essuyez-les avec du papier absorbant, mettez-les dans un bol et versez-y l&rsquo;huile et la moutarde en les m\u00e9langeant.<br \/>Couvrir le bol d&rsquo;un film plastique et le mettre au r\u00e9frig\u00e9rateur jusqu&rsquo;au lendemain.<br \/>Le lendemain, pr\u00e9chauffer le four \u00e0 180\u00b0C.<br \/>Sortir le bol du r\u00e9frig\u00e9rateur, \u00e9goutter les cuisses de poulet de la marinade et les saupoudrer de sel et de paprika.Placez-les sur une plaque de cuisson graiss\u00e9e avec de l&rsquo;huile et faites-les cuire au four pr\u00e9chauff\u00e9 pendant environ 40-45 minutes.<br \/>Lorsque les cuisses de poulet sont cuites, retirez-les du four et servez-les avec le tzatziki, saupoudr\u00e9 de persil hach\u00e9.<\/p>\n","protected":false},"excerpt":{"rendered":"<p>Le tzatziki est une saveur grecque traditionnelle connue dans le monde entier. Ce plat frais et irr\u00e9sistible, \u00e0 base de yaourt \u00e9goutt\u00e9, ne manque jamais sur nos tables. Le concombre frais et l&rsquo;ail vous rappelleront le tzatziki traditionnel fait maison. Appr\u00e9ciez le go\u00fbt authentique de la cuisine grecque avec ce plat frais et d\u00e9licieux.<\/p>\n","protected":false},"featured_media":14919,"comment_status":"closed","ping_status":"closed","template":"","meta":{"_acf_changed":false},"product_cat":[320],"product_tag":[],"class_list":{"0":"post-12245","1":"product","2":"type-product","3":"status-publish","4":"has-post-thumbnail","6":"product_cat-salades","8":"first","9":"instock","10":"taxable","11":"shipping-taxable","12":"purchasable","13":"product-type-variable"},"acf":[],"yoast_head":"<!-- This site is optimized with the Yoast SEO plugin v27.4 - https:\/\/yoast.com\/product\/yoast-seo-wordpress\/ -->\n<title>Jajiki - Pitenis Shop | &#039;\u0395\u03c4\u03bf\u03b9\u03bc\u03b5\u03c2 \u03c3\u03b1\u03bb\u03ac\u03c4\u03b5\u03c2<\/title>\n<meta name=\"robots\" content=\"index, follow, max-snippet:-1, max-image-preview:large, max-video-preview:-1\" \/>\n<link rel=\"canonical\" href=\"https:\/\/staging.pitenis.eu\/fr\/produit\/jajiki\/\" \/>\n<meta property=\"og:locale\" content=\"fr_FR\" \/>\n<meta property=\"og:type\" content=\"article\" \/>\n<meta property=\"og:title\" content=\"Jajiki - Pitenis Shop | &#039;\u0395\u03c4\u03bf\u03b9\u03bc\u03b5\u03c2 \u03c3\u03b1\u03bb\u03ac\u03c4\u03b5\u03c2\" \/>\n<meta property=\"og:description\" content=\"Le tzatziki est une saveur grecque traditionnelle connue dans le monde entier. Ce plat frais et irr\u00e9sistible, \u00e0 base de yaourt \u00e9goutt\u00e9, ne manque jamais sur nos tables. Le concombre frais et l&#039;ail vous rappelleront le tzatziki traditionnel fait maison. Appr\u00e9ciez le go\u00fbt authentique de la cuisine grecque avec ce plat frais et d\u00e9licieux.\" \/>\n<meta property=\"og:url\" content=\"https:\/\/staging.pitenis.eu\/fr\/produit\/jajiki\/\" \/>\n<meta property=\"og:site_name\" content=\"Pitenis Shop | &#039;\u0395\u03c4\u03bf\u03b9\u03bc\u03b5\u03c2 \u03c3\u03b1\u03bb\u03ac\u03c4\u03b5\u03c2\" \/>\n<meta property=\"article:modified_time\" content=\"2025-08-14T09:52:53+00:00\" \/>\n<meta property=\"og:image\" content=\"https:\/\/staging.pitenis.eu\/wp-content\/uploads\/2025\/06\/\u03a4\u0396\u0391\u03a4\u0396\u0399\u039a\u0399\u0399.png\" \/>\n\t<meta property=\"og:image:width\" content=\"1000\" \/>\n\t<meta property=\"og:image:height\" content=\"1000\" \/>\n\t<meta property=\"og:image:type\" content=\"image\/png\" \/>\n<meta name=\"twitter:card\" content=\"summary_large_image\" \/>\n<meta name=\"twitter:label1\" content=\"Dur\u00e9e de lecture estim\u00e9e\" \/>\n\t<meta name=\"twitter:data1\" content=\"2 minutes\" \/>\n<script type=\"application\/ld+json\" class=\"yoast-schema-graph\">{\"@context\":\"https:\\\/\\\/schema.org\",\"@graph\":[{\"@type\":\"WebPage\",\"@id\":\"https:\\\/\\\/staging.pitenis.eu\\\/fr\\\/produit\\\/jajiki\\\/\",\"url\":\"https:\\\/\\\/staging.pitenis.eu\\\/fr\\\/produit\\\/jajiki\\\/\",\"name\":\"Jajiki - Pitenis Shop | &#039;\u0395\u03c4\u03bf\u03b9\u03bc\u03b5\u03c2 \u03c3\u03b1\u03bb\u03ac\u03c4\u03b5\u03c2\",\"isPartOf\":{\"@id\":\"https:\\\/\\\/staging.pitenis.eu\\\/fr\\\/#website\"},\"primaryImageOfPage\":{\"@id\":\"https:\\\/\\\/staging.pitenis.eu\\\/fr\\\/produit\\\/jajiki\\\/#primaryimage\"},\"image\":{\"@id\":\"https:\\\/\\\/staging.pitenis.eu\\\/fr\\\/produit\\\/jajiki\\\/#primaryimage\"},\"thumbnailUrl\":\"https:\\\/\\\/staging.pitenis.eu\\\/wp-content\\\/uploads\\\/2025\\\/06\\\/\u03a4\u0396\u0391\u03a4\u0396\u0399\u039a\u0399\u0399.png\",\"datePublished\":\"2025-06-03T22:13:03+00:00\",\"dateModified\":\"2025-08-14T09:52:53+00:00\",\"breadcrumb\":{\"@id\":\"https:\\\/\\\/staging.pitenis.eu\\\/fr\\\/produit\\\/jajiki\\\/#breadcrumb\"},\"inLanguage\":\"fr-FR\",\"potentialAction\":[{\"@type\":\"ReadAction\",\"target\":[\"https:\\\/\\\/staging.pitenis.eu\\\/fr\\\/produit\\\/jajiki\\\/\"]}]},{\"@type\":\"ImageObject\",\"inLanguage\":\"fr-FR\",\"@id\":\"https:\\\/\\\/staging.pitenis.eu\\\/fr\\\/produit\\\/jajiki\\\/#primaryimage\",\"url\":\"https:\\\/\\\/staging.pitenis.eu\\\/wp-content\\\/uploads\\\/2025\\\/06\\\/\u03a4\u0396\u0391\u03a4\u0396\u0399\u039a\u0399\u0399.png\",\"contentUrl\":\"https:\\\/\\\/staging.pitenis.eu\\\/wp-content\\\/uploads\\\/2025\\\/06\\\/\u03a4\u0396\u0391\u03a4\u0396\u0399\u039a\u0399\u0399.png\",\"width\":1000,\"height\":1000},{\"@type\":\"BreadcrumbList\",\"@id\":\"https:\\\/\\\/staging.pitenis.eu\\\/fr\\\/produit\\\/jajiki\\\/#breadcrumb\",\"itemListElement\":[{\"@type\":\"ListItem\",\"position\":1,\"name\":\"Home\",\"item\":\"https:\\\/\\\/staging.pitenis.eu\\\/fr\\\/\"},{\"@type\":\"ListItem\",\"position\":2,\"name\":\"Boutique\",\"item\":\"https:\\\/\\\/staging.pitenis.eu\\\/%ce%ba%ce%b1%cf%84%ce%ac%cf%83%cf%84%ce%b7%ce%bc%ce%b1\\\/\"},{\"@type\":\"ListItem\",\"position\":3,\"name\":\"Jajiki\"}]},{\"@type\":\"WebSite\",\"@id\":\"https:\\\/\\\/staging.pitenis.eu\\\/fr\\\/#website\",\"url\":\"https:\\\/\\\/staging.pitenis.eu\\\/fr\\\/\",\"name\":\"Pitenis Shop | &#039;\u0395\u03c4\u03bf\u03b9\u03bc\u03b5\u03c2 \u03c3\u03b1\u03bb\u03ac\u03c4\u03b5\u03c2\",\"description\":\"\u03b1\u03bb\u03bf\u03b9\u03c6\u03ad\u03c2, \u03c8\u03b1\u03c1\u03b9\u03ba\u03ac, \u03c4\u03bf\u03c5\u03c1\u03c3\u03ac\u03ba\u03b9\u03b1\",\"publisher\":{\"@id\":\"https:\\\/\\\/staging.pitenis.eu\\\/fr\\\/#organization\"},\"potentialAction\":[{\"@type\":\"SearchAction\",\"target\":{\"@type\":\"EntryPoint\",\"urlTemplate\":\"https:\\\/\\\/staging.pitenis.eu\\\/fr\\\/?s={search_term_string}\"},\"query-input\":{\"@type\":\"PropertyValueSpecification\",\"valueRequired\":true,\"valueName\":\"search_term_string\"}}],\"inLanguage\":\"fr-FR\"},{\"@type\":\"Organization\",\"@id\":\"https:\\\/\\\/staging.pitenis.eu\\\/fr\\\/#organization\",\"name\":\"Pitenis Shop | &#039;\u0395\u03c4\u03bf\u03b9\u03bc\u03b5\u03c2 \u03c3\u03b1\u03bb\u03ac\u03c4\u03b5\u03c2\",\"url\":\"https:\\\/\\\/staging.pitenis.eu\\\/fr\\\/\",\"logo\":{\"@type\":\"ImageObject\",\"inLanguage\":\"fr-FR\",\"@id\":\"https:\\\/\\\/staging.pitenis.eu\\\/fr\\\/#\\\/schema\\\/logo\\\/image\\\/\",\"url\":\"https:\\\/\\\/staging.pitenis.eu\\\/wp-content\\\/uploads\\\/2025\\\/04\\\/cropped-pitenis_logo.png\",\"contentUrl\":\"https:\\\/\\\/staging.pitenis.eu\\\/wp-content\\\/uploads\\\/2025\\\/04\\\/cropped-pitenis_logo.png\",\"width\":172,\"height\":74,\"caption\":\"Pitenis Shop | &#039;\u0395\u03c4\u03bf\u03b9\u03bc\u03b5\u03c2 \u03c3\u03b1\u03bb\u03ac\u03c4\u03b5\u03c2\"},\"image\":{\"@id\":\"https:\\\/\\\/staging.pitenis.eu\\\/fr\\\/#\\\/schema\\\/logo\\\/image\\\/\"}}]}<\/script>\n<!-- \/ Yoast SEO plugin. -->","yoast_head_json":{"title":"Jajiki - Pitenis Shop | &#039;\u0395\u03c4\u03bf\u03b9\u03bc\u03b5\u03c2 \u03c3\u03b1\u03bb\u03ac\u03c4\u03b5\u03c2","robots":{"index":"index","follow":"follow","max-snippet":"max-snippet:-1","max-image-preview":"max-image-preview:large","max-video-preview":"max-video-preview:-1"},"canonical":"https:\/\/staging.pitenis.eu\/fr\/produit\/jajiki\/","og_locale":"fr_FR","og_type":"article","og_title":"Jajiki - Pitenis Shop | &#039;\u0395\u03c4\u03bf\u03b9\u03bc\u03b5\u03c2 \u03c3\u03b1\u03bb\u03ac\u03c4\u03b5\u03c2","og_description":"Le tzatziki est une saveur grecque traditionnelle connue dans le monde entier. Ce plat frais et irr\u00e9sistible, \u00e0 base de yaourt \u00e9goutt\u00e9, ne manque jamais sur nos tables. Le concombre frais et l'ail vous rappelleront le tzatziki traditionnel fait maison. Appr\u00e9ciez le go\u00fbt authentique de la cuisine grecque avec ce plat frais et d\u00e9licieux.","og_url":"https:\/\/staging.pitenis.eu\/fr\/produit\/jajiki\/","og_site_name":"Pitenis Shop | &#039;\u0395\u03c4\u03bf\u03b9\u03bc\u03b5\u03c2 \u03c3\u03b1\u03bb\u03ac\u03c4\u03b5\u03c2","article_modified_time":"2025-08-14T09:52:53+00:00","og_image":[{"width":1000,"height":1000,"url":"https:\/\/staging.pitenis.eu\/wp-content\/uploads\/2025\/06\/\u03a4\u0396\u0391\u03a4\u0396\u0399\u039a\u0399\u0399.png","type":"image\/png"}],"twitter_card":"summary_large_image","twitter_misc":{"Dur\u00e9e de lecture estim\u00e9e":"2 minutes"},"schema":{"@context":"https:\/\/schema.org","@graph":[{"@type":"WebPage","@id":"https:\/\/staging.pitenis.eu\/fr\/produit\/jajiki\/","url":"https:\/\/staging.pitenis.eu\/fr\/produit\/jajiki\/","name":"Jajiki - Pitenis Shop | &#039;\u0395\u03c4\u03bf\u03b9\u03bc\u03b5\u03c2 \u03c3\u03b1\u03bb\u03ac\u03c4\u03b5\u03c2","isPartOf":{"@id":"https:\/\/staging.pitenis.eu\/fr\/#website"},"primaryImageOfPage":{"@id":"https:\/\/staging.pitenis.eu\/fr\/produit\/jajiki\/#primaryimage"},"image":{"@id":"https:\/\/staging.pitenis.eu\/fr\/produit\/jajiki\/#primaryimage"},"thumbnailUrl":"https:\/\/staging.pitenis.eu\/wp-content\/uploads\/2025\/06\/\u03a4\u0396\u0391\u03a4\u0396\u0399\u039a\u0399\u0399.png","datePublished":"2025-06-03T22:13:03+00:00","dateModified":"2025-08-14T09:52:53+00:00","breadcrumb":{"@id":"https:\/\/staging.pitenis.eu\/fr\/produit\/jajiki\/#breadcrumb"},"inLanguage":"fr-FR","potentialAction":[{"@type":"ReadAction","target":["https:\/\/staging.pitenis.eu\/fr\/produit\/jajiki\/"]}]},{"@type":"ImageObject","inLanguage":"fr-FR","@id":"https:\/\/staging.pitenis.eu\/fr\/produit\/jajiki\/#primaryimage","url":"https:\/\/staging.pitenis.eu\/wp-content\/uploads\/2025\/06\/\u03a4\u0396\u0391\u03a4\u0396\u0399\u039a\u0399\u0399.png","contentUrl":"https:\/\/staging.pitenis.eu\/wp-content\/uploads\/2025\/06\/\u03a4\u0396\u0391\u03a4\u0396\u0399\u039a\u0399\u0399.png","width":1000,"height":1000},{"@type":"BreadcrumbList","@id":"https:\/\/staging.pitenis.eu\/fr\/produit\/jajiki\/#breadcrumb","itemListElement":[{"@type":"ListItem","position":1,"name":"Home","item":"https:\/\/staging.pitenis.eu\/fr\/"},{"@type":"ListItem","position":2,"name":"Boutique","item":"https:\/\/staging.pitenis.eu\/%ce%ba%ce%b1%cf%84%ce%ac%cf%83%cf%84%ce%b7%ce%bc%ce%b1\/"},{"@type":"ListItem","position":3,"name":"Jajiki"}]},{"@type":"WebSite","@id":"https:\/\/staging.pitenis.eu\/fr\/#website","url":"https:\/\/staging.pitenis.eu\/fr\/","name":"Pitenis Shop | &#039;\u0395\u03c4\u03bf\u03b9\u03bc\u03b5\u03c2 \u03c3\u03b1\u03bb\u03ac\u03c4\u03b5\u03c2","description":"\u03b1\u03bb\u03bf\u03b9\u03c6\u03ad\u03c2, \u03c8\u03b1\u03c1\u03b9\u03ba\u03ac, \u03c4\u03bf\u03c5\u03c1\u03c3\u03ac\u03ba\u03b9\u03b1","publisher":{"@id":"https:\/\/staging.pitenis.eu\/fr\/#organization"},"potentialAction":[{"@type":"SearchAction","target":{"@type":"EntryPoint","urlTemplate":"https:\/\/staging.pitenis.eu\/fr\/?s={search_term_string}"},"query-input":{"@type":"PropertyValueSpecification","valueRequired":true,"valueName":"search_term_string"}}],"inLanguage":"fr-FR"},{"@type":"Organization","@id":"https:\/\/staging.pitenis.eu\/fr\/#organization","name":"Pitenis Shop | &#039;\u0395\u03c4\u03bf\u03b9\u03bc\u03b5\u03c2 \u03c3\u03b1\u03bb\u03ac\u03c4\u03b5\u03c2","url":"https:\/\/staging.pitenis.eu\/fr\/","logo":{"@type":"ImageObject","inLanguage":"fr-FR","@id":"https:\/\/staging.pitenis.eu\/fr\/#\/schema\/logo\/image\/","url":"https:\/\/staging.pitenis.eu\/wp-content\/uploads\/2025\/04\/cropped-pitenis_logo.png","contentUrl":"https:\/\/staging.pitenis.eu\/wp-content\/uploads\/2025\/04\/cropped-pitenis_logo.png","width":172,"height":74,"caption":"Pitenis Shop | &#039;\u0395\u03c4\u03bf\u03b9\u03bc\u03b5\u03c2 \u03c3\u03b1\u03bb\u03ac\u03c4\u03b5\u03c2"},"image":{"@id":"https:\/\/staging.pitenis.eu\/fr\/#\/schema\/logo\/image\/"}}]}},"_links":{"self":[{"href":"https:\/\/staging.pitenis.eu\/fr\/wp-json\/wp\/v2\/product\/12245","targetHints":{"allow":["GET"]}}],"collection":[{"href":"https:\/\/staging.pitenis.eu\/fr\/wp-json\/wp\/v2\/product"}],"about":[{"href":"https:\/\/staging.pitenis.eu\/fr\/wp-json\/wp\/v2\/types\/product"}],"replies":[{"embeddable":true,"href":"https:\/\/staging.pitenis.eu\/fr\/wp-json\/wp\/v2\/comments?post=12245"}],"wp:featuredmedia":[{"embeddable":true,"href":"https:\/\/staging.pitenis.eu\/fr\/wp-json\/wp\/v2\/media\/14919"}],"wp:attachment":[{"href":"https:\/\/staging.pitenis.eu\/fr\/wp-json\/wp\/v2\/media?parent=12245"}],"wp:term":[{"taxonomy":"product_cat","embeddable":true,"href":"https:\/\/staging.pitenis.eu\/fr\/wp-json\/wp\/v2\/product_cat?post=12245"},{"taxonomy":"product_tag","embeddable":true,"href":"https:\/\/staging.pitenis.eu\/fr\/wp-json\/wp\/v2\/product_tag?post=12245"}],"curies":[{"name":"wp","href":"https:\/\/api.w.org\/{rel}","templated":true}]}}