{"id":12241,"date":"2025-06-03T22:13:11","date_gmt":"2025-06-03T22:13:11","guid":{"rendered":"https:\/\/e-shop.advonpitenis.eu\/product\/salade-de-pommes-de-terre-en-pate\/"},"modified":"2025-08-14T09:56:58","modified_gmt":"2025-08-14T09:56:58","slug":"salade-de-pommes-de-terre-en-pate","status":"publish","type":"product","link":"https:\/\/staging.pitenis.eu\/fr\/produit\/salade-de-pommes-de-terre-en-pate\/","title":{"rendered":"Salade de pommes de terre en p\u00e2te"},"content":{"rendered":"<p><span style=\"font-weight: bold;\">Ingr\u00e9dients<\/span><br \/><span style='font-weight: bold; '> Ingr\u00e9dients : <\/span>pommes de terre fra\u00eeches 78%, carottes (carottes, sel, vinaigre, sucre), oignons s\u00e9ch\u00e9s, huile v\u00e9g\u00e9tale (huile de soja ou de tournesol), bouillon de l\u00e9gumes <span style='font-weight: bold; '>(soja, c\u00e9leri)<\/span>, saumure de citron (eau, jus de citron concentr\u00e9, r\u00e9gulateur d&rsquo;acidit\u00e9 : acide citrique), persil, sel, pur\u00e9e de pommes de terre 1% (pommes de terre d\u00e9shydrat\u00e9es 99%, conservateur : <span style='font-weight: bold; '>m\u00e9tabisulfite de sodium<\/span>), \u00e9pices, conservateurs : E202, E211. Contient \u00e9ventuellement des traces de<span style='font-weight: bold; '> fromage, d&rsquo;\u0153uf<\/span><span style=\"font-weight: bold;\">.<\/span><\/p>\n<p><span style=\"font-weight: bold;\">Combinaisons &#8211; suggestions d&rsquo;utilisation<\/span><br \/>&#8211; Utilisez la salade de pommes de terre pour le je\u00fbne comme repas dans un menu de je\u00fbne complet.<br \/>\n&#8211; Servir comme plat d&rsquo;accompagnement lors d&rsquo;un repas ou d&rsquo;un buffet de je\u00fbne.<br \/>\n&#8211; Ajoutez la salade de pommes de terre \u00e0 des tartes, des toasts ou des sandwichs en guise de garniture.<br \/>\n&#8211; Utilisez-la comme trempette pour les l\u00e9gumes frais.<br \/>\n&#8211; Associez la salade de pommes de terre \u00e0 des l\u00e9gumes r\u00f4tis pour un repas d\u00e9licieux et sain.<br \/>\n&#8211; Ajoutez du poivre ou des \u00e9pices pour donner \u00e0 la salade de pommes de terre une saveur plus intense.<br \/>\n&#8211; Servez la salade de pommes de terre comme plat d&rsquo;accompagnement, pour la viande et le poisson, lors d&rsquo;un barbecue ou d&rsquo;un pique-nique.<br \/>\n&#8211; Ajoutez des herbes aromatiques telles que la menthe ou le basilic pour une saveur plus intense et du maquereau fum\u00e9 Pitenis pour une entr\u00e9e compl\u00e8te, avec du tsipouro ou de l&rsquo;ouzo. &#8211; Accompagnez-la \u00e9galement d&rsquo;un verre de bi\u00e8re fra\u00eeche.<br \/>\n&#8211; Servez la salade de pommes de terre avec des salades vertes pour un repas rafra\u00eechissant et nutritif.<\/p>\n","protected":false},"excerpt":{"rendered":"<p>La salade de pommes de terre pour le je\u00fbne est une version d\u00e9licieuse de l&rsquo;original, riche en saveurs et sans mayonnaise. Compos\u00e9e de pommes de terre fra\u00eeches, d&rsquo;oignons secs grossi\u00e8rement hach\u00e9s, de carottes et de persil frais, cette salade constitue une option saine et aromatique. La saveur distinctive du citron ajoute une note rafra\u00eechissante et met en valeur les autres ingr\u00e9dients.<\/p>\n","protected":false},"featured_media":14973,"comment_status":"closed","ping_status":"closed","template":"","meta":{"_acf_changed":false},"product_cat":[340,320],"product_tag":[],"class_list":{"0":"post-12241","1":"product","2":"type-product","3":"status-publish","4":"has-post-thumbnail","6":"product_cat-lenten-dishes-fr","7":"product_cat-salades","9":"first","10":"instock","11":"taxable","12":"shipping-taxable","13":"purchasable","14":"product-type-variable"},"acf":[],"yoast_head":"<!-- This site is optimized with the Yoast SEO plugin v27.4 - https:\/\/yoast.com\/product\/yoast-seo-wordpress\/ -->\n<title>Salade de pommes de terre en p\u00e2te - Pitenis Shop | &#039;\u0395\u03c4\u03bf\u03b9\u03bc\u03b5\u03c2 \u03c3\u03b1\u03bb\u03ac\u03c4\u03b5\u03c2<\/title>\n<meta name=\"robots\" content=\"index, follow, max-snippet:-1, max-image-preview:large, max-video-preview:-1\" \/>\n<link rel=\"canonical\" href=\"https:\/\/staging.pitenis.eu\/fr\/produit\/salade-de-pommes-de-terre-en-pate\/\" \/>\n<meta property=\"og:locale\" content=\"fr_FR\" \/>\n<meta property=\"og:type\" content=\"article\" \/>\n<meta property=\"og:title\" content=\"Salade de pommes de terre en p\u00e2te - Pitenis Shop | &#039;\u0395\u03c4\u03bf\u03b9\u03bc\u03b5\u03c2 \u03c3\u03b1\u03bb\u03ac\u03c4\u03b5\u03c2\" \/>\n<meta property=\"og:description\" content=\"La salade de pommes de terre pour le je\u00fbne est une version d\u00e9licieuse de l&#039;original, riche en saveurs et sans mayonnaise. Compos\u00e9e de pommes de terre fra\u00eeches, d&#039;oignons secs grossi\u00e8rement hach\u00e9s, de carottes et de persil frais, cette salade constitue une option saine et aromatique. La saveur distinctive du citron ajoute une note rafra\u00eechissante et met en valeur les autres ingr\u00e9dients.\" \/>\n<meta property=\"og:url\" content=\"https:\/\/staging.pitenis.eu\/fr\/produit\/salade-de-pommes-de-terre-en-pate\/\" \/>\n<meta property=\"og:site_name\" content=\"Pitenis Shop | &#039;\u0395\u03c4\u03bf\u03b9\u03bc\u03b5\u03c2 \u03c3\u03b1\u03bb\u03ac\u03c4\u03b5\u03c2\" \/>\n<meta property=\"article:modified_time\" content=\"2025-08-14T09:56:58+00:00\" \/>\n<meta property=\"og:image\" content=\"https:\/\/staging.pitenis.eu\/wp-content\/uploads\/2025\/06\/\u03a0\u0391\u03a4\u0391\u03a4\u039f\u03a3\u0391\u039b\u03a4\u0391_\u039d\u0397\u03a3\u03a4\u0399\u03a3\u0399\u039c\u0397.png\" \/>\n\t<meta property=\"og:image:width\" content=\"1000\" \/>\n\t<meta property=\"og:image:height\" content=\"1000\" \/>\n\t<meta property=\"og:image:type\" content=\"image\/png\" \/>\n<meta name=\"twitter:card\" content=\"summary_large_image\" \/>\n<meta name=\"twitter:label1\" content=\"Dur\u00e9e de lecture estim\u00e9e\" \/>\n\t<meta name=\"twitter:data1\" content=\"1 minute\" \/>\n<script type=\"application\/ld+json\" class=\"yoast-schema-graph\">{\"@context\":\"https:\\\/\\\/schema.org\",\"@graph\":[{\"@type\":\"WebPage\",\"@id\":\"https:\\\/\\\/staging.pitenis.eu\\\/fr\\\/produit\\\/salade-de-pommes-de-terre-en-pate\\\/\",\"url\":\"https:\\\/\\\/staging.pitenis.eu\\\/fr\\\/produit\\\/salade-de-pommes-de-terre-en-pate\\\/\",\"name\":\"Salade de pommes de terre en p\u00e2te - Pitenis Shop | &#039;\u0395\u03c4\u03bf\u03b9\u03bc\u03b5\u03c2 \u03c3\u03b1\u03bb\u03ac\u03c4\u03b5\u03c2\",\"isPartOf\":{\"@id\":\"https:\\\/\\\/staging.pitenis.eu\\\/fr\\\/#website\"},\"primaryImageOfPage\":{\"@id\":\"https:\\\/\\\/staging.pitenis.eu\\\/fr\\\/produit\\\/salade-de-pommes-de-terre-en-pate\\\/#primaryimage\"},\"image\":{\"@id\":\"https:\\\/\\\/staging.pitenis.eu\\\/fr\\\/produit\\\/salade-de-pommes-de-terre-en-pate\\\/#primaryimage\"},\"thumbnailUrl\":\"https:\\\/\\\/staging.pitenis.eu\\\/wp-content\\\/uploads\\\/2025\\\/06\\\/\u03a0\u0391\u03a4\u0391\u03a4\u039f\u03a3\u0391\u039b\u03a4\u0391_\u039d\u0397\u03a3\u03a4\u0399\u03a3\u0399\u039c\u0397.png\",\"datePublished\":\"2025-06-03T22:13:11+00:00\",\"dateModified\":\"2025-08-14T09:56:58+00:00\",\"breadcrumb\":{\"@id\":\"https:\\\/\\\/staging.pitenis.eu\\\/fr\\\/produit\\\/salade-de-pommes-de-terre-en-pate\\\/#breadcrumb\"},\"inLanguage\":\"fr-FR\",\"potentialAction\":[{\"@type\":\"ReadAction\",\"target\":[\"https:\\\/\\\/staging.pitenis.eu\\\/fr\\\/produit\\\/salade-de-pommes-de-terre-en-pate\\\/\"]}]},{\"@type\":\"ImageObject\",\"inLanguage\":\"fr-FR\",\"@id\":\"https:\\\/\\\/staging.pitenis.eu\\\/fr\\\/produit\\\/salade-de-pommes-de-terre-en-pate\\\/#primaryimage\",\"url\":\"https:\\\/\\\/staging.pitenis.eu\\\/wp-content\\\/uploads\\\/2025\\\/06\\\/\u03a0\u0391\u03a4\u0391\u03a4\u039f\u03a3\u0391\u039b\u03a4\u0391_\u039d\u0397\u03a3\u03a4\u0399\u03a3\u0399\u039c\u0397.png\",\"contentUrl\":\"https:\\\/\\\/staging.pitenis.eu\\\/wp-content\\\/uploads\\\/2025\\\/06\\\/\u03a0\u0391\u03a4\u0391\u03a4\u039f\u03a3\u0391\u039b\u03a4\u0391_\u039d\u0397\u03a3\u03a4\u0399\u03a3\u0399\u039c\u0397.png\",\"width\":1000,\"height\":1000},{\"@type\":\"BreadcrumbList\",\"@id\":\"https:\\\/\\\/staging.pitenis.eu\\\/fr\\\/produit\\\/salade-de-pommes-de-terre-en-pate\\\/#breadcrumb\",\"itemListElement\":[{\"@type\":\"ListItem\",\"position\":1,\"name\":\"Home\",\"item\":\"https:\\\/\\\/staging.pitenis.eu\\\/fr\\\/\"},{\"@type\":\"ListItem\",\"position\":2,\"name\":\"Boutique\",\"item\":\"https:\\\/\\\/staging.pitenis.eu\\\/%ce%ba%ce%b1%cf%84%ce%ac%cf%83%cf%84%ce%b7%ce%bc%ce%b1\\\/\"},{\"@type\":\"ListItem\",\"position\":3,\"name\":\"Salade de pommes de terre en p\u00e2te\"}]},{\"@type\":\"WebSite\",\"@id\":\"https:\\\/\\\/staging.pitenis.eu\\\/fr\\\/#website\",\"url\":\"https:\\\/\\\/staging.pitenis.eu\\\/fr\\\/\",\"name\":\"Pitenis Shop | &#039;\u0395\u03c4\u03bf\u03b9\u03bc\u03b5\u03c2 \u03c3\u03b1\u03bb\u03ac\u03c4\u03b5\u03c2\",\"description\":\"\u03b1\u03bb\u03bf\u03b9\u03c6\u03ad\u03c2, \u03c8\u03b1\u03c1\u03b9\u03ba\u03ac, \u03c4\u03bf\u03c5\u03c1\u03c3\u03ac\u03ba\u03b9\u03b1\",\"publisher\":{\"@id\":\"https:\\\/\\\/staging.pitenis.eu\\\/fr\\\/#organization\"},\"potentialAction\":[{\"@type\":\"SearchAction\",\"target\":{\"@type\":\"EntryPoint\",\"urlTemplate\":\"https:\\\/\\\/staging.pitenis.eu\\\/fr\\\/?s={search_term_string}\"},\"query-input\":{\"@type\":\"PropertyValueSpecification\",\"valueRequired\":true,\"valueName\":\"search_term_string\"}}],\"inLanguage\":\"fr-FR\"},{\"@type\":\"Organization\",\"@id\":\"https:\\\/\\\/staging.pitenis.eu\\\/fr\\\/#organization\",\"name\":\"Pitenis Shop | &#039;\u0395\u03c4\u03bf\u03b9\u03bc\u03b5\u03c2 \u03c3\u03b1\u03bb\u03ac\u03c4\u03b5\u03c2\",\"url\":\"https:\\\/\\\/staging.pitenis.eu\\\/fr\\\/\",\"logo\":{\"@type\":\"ImageObject\",\"inLanguage\":\"fr-FR\",\"@id\":\"https:\\\/\\\/staging.pitenis.eu\\\/fr\\\/#\\\/schema\\\/logo\\\/image\\\/\",\"url\":\"https:\\\/\\\/staging.pitenis.eu\\\/wp-content\\\/uploads\\\/2025\\\/04\\\/cropped-pitenis_logo.png\",\"contentUrl\":\"https:\\\/\\\/staging.pitenis.eu\\\/wp-content\\\/uploads\\\/2025\\\/04\\\/cropped-pitenis_logo.png\",\"width\":172,\"height\":74,\"caption\":\"Pitenis Shop | &#039;\u0395\u03c4\u03bf\u03b9\u03bc\u03b5\u03c2 \u03c3\u03b1\u03bb\u03ac\u03c4\u03b5\u03c2\"},\"image\":{\"@id\":\"https:\\\/\\\/staging.pitenis.eu\\\/fr\\\/#\\\/schema\\\/logo\\\/image\\\/\"}}]}<\/script>\n<!-- \/ Yoast SEO plugin. -->","yoast_head_json":{"title":"Salade de pommes de terre en p\u00e2te - Pitenis Shop | &#039;\u0395\u03c4\u03bf\u03b9\u03bc\u03b5\u03c2 \u03c3\u03b1\u03bb\u03ac\u03c4\u03b5\u03c2","robots":{"index":"index","follow":"follow","max-snippet":"max-snippet:-1","max-image-preview":"max-image-preview:large","max-video-preview":"max-video-preview:-1"},"canonical":"https:\/\/staging.pitenis.eu\/fr\/produit\/salade-de-pommes-de-terre-en-pate\/","og_locale":"fr_FR","og_type":"article","og_title":"Salade de pommes de terre en p\u00e2te - Pitenis Shop | &#039;\u0395\u03c4\u03bf\u03b9\u03bc\u03b5\u03c2 \u03c3\u03b1\u03bb\u03ac\u03c4\u03b5\u03c2","og_description":"La salade de pommes de terre pour le je\u00fbne est une version d\u00e9licieuse de l'original, riche en saveurs et sans mayonnaise. Compos\u00e9e de pommes de terre fra\u00eeches, d'oignons secs grossi\u00e8rement hach\u00e9s, de carottes et de persil frais, cette salade constitue une option saine et aromatique. La saveur distinctive du citron ajoute une note rafra\u00eechissante et met en valeur les autres ingr\u00e9dients.","og_url":"https:\/\/staging.pitenis.eu\/fr\/produit\/salade-de-pommes-de-terre-en-pate\/","og_site_name":"Pitenis Shop | &#039;\u0395\u03c4\u03bf\u03b9\u03bc\u03b5\u03c2 \u03c3\u03b1\u03bb\u03ac\u03c4\u03b5\u03c2","article_modified_time":"2025-08-14T09:56:58+00:00","og_image":[{"width":1000,"height":1000,"url":"https:\/\/staging.pitenis.eu\/wp-content\/uploads\/2025\/06\/\u03a0\u0391\u03a4\u0391\u03a4\u039f\u03a3\u0391\u039b\u03a4\u0391_\u039d\u0397\u03a3\u03a4\u0399\u03a3\u0399\u039c\u0397.png","type":"image\/png"}],"twitter_card":"summary_large_image","twitter_misc":{"Dur\u00e9e de lecture estim\u00e9e":"1 minute"},"schema":{"@context":"https:\/\/schema.org","@graph":[{"@type":"WebPage","@id":"https:\/\/staging.pitenis.eu\/fr\/produit\/salade-de-pommes-de-terre-en-pate\/","url":"https:\/\/staging.pitenis.eu\/fr\/produit\/salade-de-pommes-de-terre-en-pate\/","name":"Salade de pommes de terre en p\u00e2te - Pitenis Shop | &#039;\u0395\u03c4\u03bf\u03b9\u03bc\u03b5\u03c2 \u03c3\u03b1\u03bb\u03ac\u03c4\u03b5\u03c2","isPartOf":{"@id":"https:\/\/staging.pitenis.eu\/fr\/#website"},"primaryImageOfPage":{"@id":"https:\/\/staging.pitenis.eu\/fr\/produit\/salade-de-pommes-de-terre-en-pate\/#primaryimage"},"image":{"@id":"https:\/\/staging.pitenis.eu\/fr\/produit\/salade-de-pommes-de-terre-en-pate\/#primaryimage"},"thumbnailUrl":"https:\/\/staging.pitenis.eu\/wp-content\/uploads\/2025\/06\/\u03a0\u0391\u03a4\u0391\u03a4\u039f\u03a3\u0391\u039b\u03a4\u0391_\u039d\u0397\u03a3\u03a4\u0399\u03a3\u0399\u039c\u0397.png","datePublished":"2025-06-03T22:13:11+00:00","dateModified":"2025-08-14T09:56:58+00:00","breadcrumb":{"@id":"https:\/\/staging.pitenis.eu\/fr\/produit\/salade-de-pommes-de-terre-en-pate\/#breadcrumb"},"inLanguage":"fr-FR","potentialAction":[{"@type":"ReadAction","target":["https:\/\/staging.pitenis.eu\/fr\/produit\/salade-de-pommes-de-terre-en-pate\/"]}]},{"@type":"ImageObject","inLanguage":"fr-FR","@id":"https:\/\/staging.pitenis.eu\/fr\/produit\/salade-de-pommes-de-terre-en-pate\/#primaryimage","url":"https:\/\/staging.pitenis.eu\/wp-content\/uploads\/2025\/06\/\u03a0\u0391\u03a4\u0391\u03a4\u039f\u03a3\u0391\u039b\u03a4\u0391_\u039d\u0397\u03a3\u03a4\u0399\u03a3\u0399\u039c\u0397.png","contentUrl":"https:\/\/staging.pitenis.eu\/wp-content\/uploads\/2025\/06\/\u03a0\u0391\u03a4\u0391\u03a4\u039f\u03a3\u0391\u039b\u03a4\u0391_\u039d\u0397\u03a3\u03a4\u0399\u03a3\u0399\u039c\u0397.png","width":1000,"height":1000},{"@type":"BreadcrumbList","@id":"https:\/\/staging.pitenis.eu\/fr\/produit\/salade-de-pommes-de-terre-en-pate\/#breadcrumb","itemListElement":[{"@type":"ListItem","position":1,"name":"Home","item":"https:\/\/staging.pitenis.eu\/fr\/"},{"@type":"ListItem","position":2,"name":"Boutique","item":"https:\/\/staging.pitenis.eu\/%ce%ba%ce%b1%cf%84%ce%ac%cf%83%cf%84%ce%b7%ce%bc%ce%b1\/"},{"@type":"ListItem","position":3,"name":"Salade de pommes de terre en p\u00e2te"}]},{"@type":"WebSite","@id":"https:\/\/staging.pitenis.eu\/fr\/#website","url":"https:\/\/staging.pitenis.eu\/fr\/","name":"Pitenis Shop | &#039;\u0395\u03c4\u03bf\u03b9\u03bc\u03b5\u03c2 \u03c3\u03b1\u03bb\u03ac\u03c4\u03b5\u03c2","description":"\u03b1\u03bb\u03bf\u03b9\u03c6\u03ad\u03c2, \u03c8\u03b1\u03c1\u03b9\u03ba\u03ac, \u03c4\u03bf\u03c5\u03c1\u03c3\u03ac\u03ba\u03b9\u03b1","publisher":{"@id":"https:\/\/staging.pitenis.eu\/fr\/#organization"},"potentialAction":[{"@type":"SearchAction","target":{"@type":"EntryPoint","urlTemplate":"https:\/\/staging.pitenis.eu\/fr\/?s={search_term_string}"},"query-input":{"@type":"PropertyValueSpecification","valueRequired":true,"valueName":"search_term_string"}}],"inLanguage":"fr-FR"},{"@type":"Organization","@id":"https:\/\/staging.pitenis.eu\/fr\/#organization","name":"Pitenis Shop | &#039;\u0395\u03c4\u03bf\u03b9\u03bc\u03b5\u03c2 \u03c3\u03b1\u03bb\u03ac\u03c4\u03b5\u03c2","url":"https:\/\/staging.pitenis.eu\/fr\/","logo":{"@type":"ImageObject","inLanguage":"fr-FR","@id":"https:\/\/staging.pitenis.eu\/fr\/#\/schema\/logo\/image\/","url":"https:\/\/staging.pitenis.eu\/wp-content\/uploads\/2025\/04\/cropped-pitenis_logo.png","contentUrl":"https:\/\/staging.pitenis.eu\/wp-content\/uploads\/2025\/04\/cropped-pitenis_logo.png","width":172,"height":74,"caption":"Pitenis Shop | &#039;\u0395\u03c4\u03bf\u03b9\u03bc\u03b5\u03c2 \u03c3\u03b1\u03bb\u03ac\u03c4\u03b5\u03c2"},"image":{"@id":"https:\/\/staging.pitenis.eu\/fr\/#\/schema\/logo\/image\/"}}]}},"_links":{"self":[{"href":"https:\/\/staging.pitenis.eu\/fr\/wp-json\/wp\/v2\/product\/12241","targetHints":{"allow":["GET"]}}],"collection":[{"href":"https:\/\/staging.pitenis.eu\/fr\/wp-json\/wp\/v2\/product"}],"about":[{"href":"https:\/\/staging.pitenis.eu\/fr\/wp-json\/wp\/v2\/types\/product"}],"replies":[{"embeddable":true,"href":"https:\/\/staging.pitenis.eu\/fr\/wp-json\/wp\/v2\/comments?post=12241"}],"wp:featuredmedia":[{"embeddable":true,"href":"https:\/\/staging.pitenis.eu\/fr\/wp-json\/wp\/v2\/media\/14973"}],"wp:attachment":[{"href":"https:\/\/staging.pitenis.eu\/fr\/wp-json\/wp\/v2\/media?parent=12241"}],"wp:term":[{"taxonomy":"product_cat","embeddable":true,"href":"https:\/\/staging.pitenis.eu\/fr\/wp-json\/wp\/v2\/product_cat?post=12241"},{"taxonomy":"product_tag","embeddable":true,"href":"https:\/\/staging.pitenis.eu\/fr\/wp-json\/wp\/v2\/product_tag?post=12241"}],"curies":[{"name":"wp","href":"https:\/\/api.w.org\/{rel}","templated":true}]}}