{"id":12210,"date":"2025-06-03T22:13:25","date_gmt":"2025-06-03T22:13:25","guid":{"rendered":"https:\/\/e-shop.advonpitenis.eu\/product\/filet-danchois\/"},"modified":"2025-08-14T09:57:16","modified_gmt":"2025-08-14T09:57:16","slug":"filet-danchois","status":"publish","type":"product","link":"https:\/\/staging.pitenis.eu\/fr\/produit\/filet-danchois\/","title":{"rendered":"Filet d&rsquo;anchois"},"content":{"rendered":"<p><span style=\"font-weight: bold;\">Ingr\u00e9dients<\/span><br \/><span style='font-weight: bold; '>Ingr\u00e9dients :<\/span> Filet d&rsquo;<span style='font-weight: bold; '>anchois<\/span> (Engraulis encrasicolus), huile de tournesol, sel, \u00e9pices, poivre de Mac\u00e9doine, r\u00e9gulateur d&rsquo;acidit\u00e9 : acide citrique. Contient probablement des traces de<span style='font-weight: bold; '> crustac\u00e9s, soja, lait, c\u00e9leri, sulfites.<br class=\"new-line\"><\/span><br class=\"new-line\"><\/p>\n<p>Zone de <br class=\"new-line\">capture<br \/>.<br \/>&#8211; Ajoutez-la aux salades fra\u00eeches, pour une touche sal\u00e9e et \u00e9pic\u00e9e.<br \/>&#8211; Utilisez-la dans les sandwichs, avec des l\u00e9gumes frais et de la moutarde.<br \/>&#8211; Ajoutez-la \u00e0 la pizza, pour une saveur unique de fruits de mer.<br \/>&#8211; Accompagnez-la d&rsquo;\u00e9pis de ma\u00efs grill\u00e9s et d&rsquo;une sauce tomate fra\u00eeche pour un repas d\u00e9licieux. &#8211; Accompagnez-la d&rsquo;\u00e9pis de ma\u00efs grill\u00e9s et d&rsquo;une sauce tomate fra\u00eeche pour un repas d\u00e9licieux.                                                                                                                                           <\/span><\/p>\n<p> <\/span><\/p>\n<p>Recette. huile d&rsquo;olive<br \/>&#8211; 2\/3 tasse d&rsquo;huile d&rsquo;olive<br \/>&#8211; 1 tasse de pois chiches bouillis<br \/>&#8211; 2 gousses d&rsquo;ail pel\u00e9es et hach\u00e9es<br \/>&#8211; 1 grosse tomate ferme et m\u00fbre<br \/>&#8211; 1 cuill\u00e8re \u00e0 caf\u00e9 d&rsquo;origan<br \/>&#8211; sel et poivre noir fra\u00eechement moulu<br \/>&#8211; 2-3 cuill\u00e8res \u00e0 soupe de vinaigre de vin rouge<br \/>Pr\u00e9paration<br \/><\/span>1. Enlever la tige et le dos de chaque aubergine et les couper d&rsquo;abord dans le sens de la longueur, puis en cubes de 1,5 cm. Les mettre dans la passoire et les saler abondamment en couches, en pla\u00e7ant un poids dessus, et les laisser s&rsquo;\u00e9goutter pendant 30 minutes. Les rincer, les presser l\u00e9g\u00e8rement avec la main pour \u00e9liminer l&rsquo;eau exc\u00e9dentaire et les \u00e9ponger avec du papier absorbant.<br \/>2. Faire chauffer 1\/3 de tasse d&rsquo;huile dans une grande po\u00eale et y faire revenir les moiti\u00e9s d&rsquo;aubergine en remuant doucement \u00e0 feu moyen, jusqu&rsquo;\u00e0 ce qu&rsquo;elles brunissent et se ramollissent, mais sans devenir p\u00e2teuses. Retirer du feu et laisser refroidir l\u00e9g\u00e8rement. R\u00e9p\u00e9ter l&rsquo;op\u00e9ration avec le reste des aubergines et un autre tiers de tasse d&rsquo;huile.<br \/>3. Dans un grand bol, m\u00e9langer les aubergines, les pois chiches, l&rsquo;ail, les tomates, la pur\u00e9e d&rsquo;anchois et l&rsquo;origan. Ajouter le sel et le poivre, le vinaigre et l&rsquo;huile et laisser \u00ab\u00a0\u00e9paissir\u00a0\u00bb \u00e0 couvert \u00e0 temp\u00e9rature ambiante pendant 1 heure avant de servir.<\/p>\n","protected":false},"excerpt":{"rendered":"<p>Anchois coup\u00e9s en filets et marin\u00e9s dans de l&rsquo;huile de filet d&rsquo;anchois frais, de l&rsquo;huile de tournesol de qualit\u00e9 et des \u00e9pices, cr\u00e9ant ainsi une explosion de saveur. L&rsquo;anchois apporte une saveur riche et l\u00e9g\u00e8rement sal\u00e9e, tandis que la marinade ajoute des notes \u00e9pic\u00e9es et des ar\u00f4mes. D\u00e9gustez-le en entr\u00e9e, en l&rsquo;ajoutant \u00e0 une salade ou en le servant avec du pain frais.<\/p>\n","protected":false},"featured_media":15095,"comment_status":"closed","ping_status":"closed","template":"","meta":{"_acf_changed":false},"product_cat":[307],"product_tag":[],"class_list":{"0":"post-12210","1":"product","2":"type-product","3":"status-publish","4":"has-post-thumbnail","6":"product_cat-fruits-de-mer","8":"first","9":"instock","10":"taxable","11":"shipping-taxable","12":"purchasable","13":"product-type-variable"},"acf":[],"yoast_head":"<!-- This site is optimized with the Yoast SEO plugin v27.4 - https:\/\/yoast.com\/product\/yoast-seo-wordpress\/ -->\n<title>Filet d&#039;anchois - Pitenis Shop | &#039;\u0395\u03c4\u03bf\u03b9\u03bc\u03b5\u03c2 \u03c3\u03b1\u03bb\u03ac\u03c4\u03b5\u03c2<\/title>\n<meta name=\"robots\" content=\"index, follow, max-snippet:-1, max-image-preview:large, max-video-preview:-1\" \/>\n<link rel=\"canonical\" href=\"https:\/\/staging.pitenis.eu\/fr\/produit\/filet-danchois\/\" \/>\n<meta property=\"og:locale\" content=\"fr_FR\" \/>\n<meta property=\"og:type\" content=\"article\" \/>\n<meta property=\"og:title\" content=\"Filet d&#039;anchois - Pitenis Shop | &#039;\u0395\u03c4\u03bf\u03b9\u03bc\u03b5\u03c2 \u03c3\u03b1\u03bb\u03ac\u03c4\u03b5\u03c2\" \/>\n<meta property=\"og:description\" content=\"Anchois coup\u00e9s en filets et marin\u00e9s dans de l&#039;huile de filet d&#039;anchois frais, de l&#039;huile de tournesol de qualit\u00e9 et des \u00e9pices, cr\u00e9ant ainsi une explosion de saveur. L&#039;anchois apporte une saveur riche et l\u00e9g\u00e8rement sal\u00e9e, tandis que la marinade ajoute des notes \u00e9pic\u00e9es et des ar\u00f4mes. D\u00e9gustez-le en entr\u00e9e, en l&#039;ajoutant \u00e0 une salade ou en le servant avec du pain frais.\" \/>\n<meta property=\"og:url\" content=\"https:\/\/staging.pitenis.eu\/fr\/produit\/filet-danchois\/\" \/>\n<meta property=\"og:site_name\" content=\"Pitenis Shop | &#039;\u0395\u03c4\u03bf\u03b9\u03bc\u03b5\u03c2 \u03c3\u03b1\u03bb\u03ac\u03c4\u03b5\u03c2\" \/>\n<meta property=\"article:modified_time\" content=\"2025-08-14T09:57:16+00:00\" \/>\n<meta property=\"og:image\" content=\"https:\/\/staging.pitenis.eu\/wp-content\/uploads\/2025\/06\/\u0391\u039d\u03a4\u0396\u039f\u03a5\u0393\u0399\u0391_\u03a6\u0399\u039b\u0395\u03a4\u039f.png\" \/>\n\t<meta property=\"og:image:width\" content=\"1000\" \/>\n\t<meta property=\"og:image:height\" content=\"1000\" \/>\n\t<meta property=\"og:image:type\" content=\"image\/png\" \/>\n<meta name=\"twitter:card\" content=\"summary_large_image\" \/>\n<meta name=\"twitter:label1\" content=\"Dur\u00e9e de lecture estim\u00e9e\" \/>\n\t<meta name=\"twitter:data1\" content=\"2 minutes\" \/>\n<script type=\"application\/ld+json\" class=\"yoast-schema-graph\">{\"@context\":\"https:\\\/\\\/schema.org\",\"@graph\":[{\"@type\":\"WebPage\",\"@id\":\"https:\\\/\\\/staging.pitenis.eu\\\/fr\\\/produit\\\/filet-danchois\\\/\",\"url\":\"https:\\\/\\\/staging.pitenis.eu\\\/fr\\\/produit\\\/filet-danchois\\\/\",\"name\":\"Filet d'anchois - Pitenis Shop | &#039;\u0395\u03c4\u03bf\u03b9\u03bc\u03b5\u03c2 \u03c3\u03b1\u03bb\u03ac\u03c4\u03b5\u03c2\",\"isPartOf\":{\"@id\":\"https:\\\/\\\/staging.pitenis.eu\\\/fr\\\/#website\"},\"primaryImageOfPage\":{\"@id\":\"https:\\\/\\\/staging.pitenis.eu\\\/fr\\\/produit\\\/filet-danchois\\\/#primaryimage\"},\"image\":{\"@id\":\"https:\\\/\\\/staging.pitenis.eu\\\/fr\\\/produit\\\/filet-danchois\\\/#primaryimage\"},\"thumbnailUrl\":\"https:\\\/\\\/staging.pitenis.eu\\\/wp-content\\\/uploads\\\/2025\\\/06\\\/\u0391\u039d\u03a4\u0396\u039f\u03a5\u0393\u0399\u0391_\u03a6\u0399\u039b\u0395\u03a4\u039f.png\",\"datePublished\":\"2025-06-03T22:13:25+00:00\",\"dateModified\":\"2025-08-14T09:57:16+00:00\",\"breadcrumb\":{\"@id\":\"https:\\\/\\\/staging.pitenis.eu\\\/fr\\\/produit\\\/filet-danchois\\\/#breadcrumb\"},\"inLanguage\":\"fr-FR\",\"potentialAction\":[{\"@type\":\"ReadAction\",\"target\":[\"https:\\\/\\\/staging.pitenis.eu\\\/fr\\\/produit\\\/filet-danchois\\\/\"]}]},{\"@type\":\"ImageObject\",\"inLanguage\":\"fr-FR\",\"@id\":\"https:\\\/\\\/staging.pitenis.eu\\\/fr\\\/produit\\\/filet-danchois\\\/#primaryimage\",\"url\":\"https:\\\/\\\/staging.pitenis.eu\\\/wp-content\\\/uploads\\\/2025\\\/06\\\/\u0391\u039d\u03a4\u0396\u039f\u03a5\u0393\u0399\u0391_\u03a6\u0399\u039b\u0395\u03a4\u039f.png\",\"contentUrl\":\"https:\\\/\\\/staging.pitenis.eu\\\/wp-content\\\/uploads\\\/2025\\\/06\\\/\u0391\u039d\u03a4\u0396\u039f\u03a5\u0393\u0399\u0391_\u03a6\u0399\u039b\u0395\u03a4\u039f.png\",\"width\":1000,\"height\":1000},{\"@type\":\"BreadcrumbList\",\"@id\":\"https:\\\/\\\/staging.pitenis.eu\\\/fr\\\/produit\\\/filet-danchois\\\/#breadcrumb\",\"itemListElement\":[{\"@type\":\"ListItem\",\"position\":1,\"name\":\"Home\",\"item\":\"https:\\\/\\\/staging.pitenis.eu\\\/fr\\\/\"},{\"@type\":\"ListItem\",\"position\":2,\"name\":\"Boutique\",\"item\":\"https:\\\/\\\/staging.pitenis.eu\\\/%ce%ba%ce%b1%cf%84%ce%ac%cf%83%cf%84%ce%b7%ce%bc%ce%b1\\\/\"},{\"@type\":\"ListItem\",\"position\":3,\"name\":\"Filet d&#8217;anchois\"}]},{\"@type\":\"WebSite\",\"@id\":\"https:\\\/\\\/staging.pitenis.eu\\\/fr\\\/#website\",\"url\":\"https:\\\/\\\/staging.pitenis.eu\\\/fr\\\/\",\"name\":\"Pitenis Shop | &#039;\u0395\u03c4\u03bf\u03b9\u03bc\u03b5\u03c2 \u03c3\u03b1\u03bb\u03ac\u03c4\u03b5\u03c2\",\"description\":\"\u03b1\u03bb\u03bf\u03b9\u03c6\u03ad\u03c2, \u03c8\u03b1\u03c1\u03b9\u03ba\u03ac, \u03c4\u03bf\u03c5\u03c1\u03c3\u03ac\u03ba\u03b9\u03b1\",\"publisher\":{\"@id\":\"https:\\\/\\\/staging.pitenis.eu\\\/fr\\\/#organization\"},\"potentialAction\":[{\"@type\":\"SearchAction\",\"target\":{\"@type\":\"EntryPoint\",\"urlTemplate\":\"https:\\\/\\\/staging.pitenis.eu\\\/fr\\\/?s={search_term_string}\"},\"query-input\":{\"@type\":\"PropertyValueSpecification\",\"valueRequired\":true,\"valueName\":\"search_term_string\"}}],\"inLanguage\":\"fr-FR\"},{\"@type\":\"Organization\",\"@id\":\"https:\\\/\\\/staging.pitenis.eu\\\/fr\\\/#organization\",\"name\":\"Pitenis Shop | &#039;\u0395\u03c4\u03bf\u03b9\u03bc\u03b5\u03c2 \u03c3\u03b1\u03bb\u03ac\u03c4\u03b5\u03c2\",\"url\":\"https:\\\/\\\/staging.pitenis.eu\\\/fr\\\/\",\"logo\":{\"@type\":\"ImageObject\",\"inLanguage\":\"fr-FR\",\"@id\":\"https:\\\/\\\/staging.pitenis.eu\\\/fr\\\/#\\\/schema\\\/logo\\\/image\\\/\",\"url\":\"https:\\\/\\\/staging.pitenis.eu\\\/wp-content\\\/uploads\\\/2025\\\/04\\\/cropped-pitenis_logo.png\",\"contentUrl\":\"https:\\\/\\\/staging.pitenis.eu\\\/wp-content\\\/uploads\\\/2025\\\/04\\\/cropped-pitenis_logo.png\",\"width\":172,\"height\":74,\"caption\":\"Pitenis Shop | &#039;\u0395\u03c4\u03bf\u03b9\u03bc\u03b5\u03c2 \u03c3\u03b1\u03bb\u03ac\u03c4\u03b5\u03c2\"},\"image\":{\"@id\":\"https:\\\/\\\/staging.pitenis.eu\\\/fr\\\/#\\\/schema\\\/logo\\\/image\\\/\"}}]}<\/script>\n<!-- \/ Yoast SEO plugin. -->","yoast_head_json":{"title":"Filet d'anchois - Pitenis Shop | &#039;\u0395\u03c4\u03bf\u03b9\u03bc\u03b5\u03c2 \u03c3\u03b1\u03bb\u03ac\u03c4\u03b5\u03c2","robots":{"index":"index","follow":"follow","max-snippet":"max-snippet:-1","max-image-preview":"max-image-preview:large","max-video-preview":"max-video-preview:-1"},"canonical":"https:\/\/staging.pitenis.eu\/fr\/produit\/filet-danchois\/","og_locale":"fr_FR","og_type":"article","og_title":"Filet d'anchois - Pitenis Shop | &#039;\u0395\u03c4\u03bf\u03b9\u03bc\u03b5\u03c2 \u03c3\u03b1\u03bb\u03ac\u03c4\u03b5\u03c2","og_description":"Anchois coup\u00e9s en filets et marin\u00e9s dans de l'huile de filet d'anchois frais, de l'huile de tournesol de qualit\u00e9 et des \u00e9pices, cr\u00e9ant ainsi une explosion de saveur. L'anchois apporte une saveur riche et l\u00e9g\u00e8rement sal\u00e9e, tandis que la marinade ajoute des notes \u00e9pic\u00e9es et des ar\u00f4mes. D\u00e9gustez-le en entr\u00e9e, en l'ajoutant \u00e0 une salade ou en le servant avec du pain frais.","og_url":"https:\/\/staging.pitenis.eu\/fr\/produit\/filet-danchois\/","og_site_name":"Pitenis Shop | &#039;\u0395\u03c4\u03bf\u03b9\u03bc\u03b5\u03c2 \u03c3\u03b1\u03bb\u03ac\u03c4\u03b5\u03c2","article_modified_time":"2025-08-14T09:57:16+00:00","og_image":[{"width":1000,"height":1000,"url":"https:\/\/staging.pitenis.eu\/wp-content\/uploads\/2025\/06\/\u0391\u039d\u03a4\u0396\u039f\u03a5\u0393\u0399\u0391_\u03a6\u0399\u039b\u0395\u03a4\u039f.png","type":"image\/png"}],"twitter_card":"summary_large_image","twitter_misc":{"Dur\u00e9e de lecture estim\u00e9e":"2 minutes"},"schema":{"@context":"https:\/\/schema.org","@graph":[{"@type":"WebPage","@id":"https:\/\/staging.pitenis.eu\/fr\/produit\/filet-danchois\/","url":"https:\/\/staging.pitenis.eu\/fr\/produit\/filet-danchois\/","name":"Filet d'anchois - Pitenis Shop | &#039;\u0395\u03c4\u03bf\u03b9\u03bc\u03b5\u03c2 \u03c3\u03b1\u03bb\u03ac\u03c4\u03b5\u03c2","isPartOf":{"@id":"https:\/\/staging.pitenis.eu\/fr\/#website"},"primaryImageOfPage":{"@id":"https:\/\/staging.pitenis.eu\/fr\/produit\/filet-danchois\/#primaryimage"},"image":{"@id":"https:\/\/staging.pitenis.eu\/fr\/produit\/filet-danchois\/#primaryimage"},"thumbnailUrl":"https:\/\/staging.pitenis.eu\/wp-content\/uploads\/2025\/06\/\u0391\u039d\u03a4\u0396\u039f\u03a5\u0393\u0399\u0391_\u03a6\u0399\u039b\u0395\u03a4\u039f.png","datePublished":"2025-06-03T22:13:25+00:00","dateModified":"2025-08-14T09:57:16+00:00","breadcrumb":{"@id":"https:\/\/staging.pitenis.eu\/fr\/produit\/filet-danchois\/#breadcrumb"},"inLanguage":"fr-FR","potentialAction":[{"@type":"ReadAction","target":["https:\/\/staging.pitenis.eu\/fr\/produit\/filet-danchois\/"]}]},{"@type":"ImageObject","inLanguage":"fr-FR","@id":"https:\/\/staging.pitenis.eu\/fr\/produit\/filet-danchois\/#primaryimage","url":"https:\/\/staging.pitenis.eu\/wp-content\/uploads\/2025\/06\/\u0391\u039d\u03a4\u0396\u039f\u03a5\u0393\u0399\u0391_\u03a6\u0399\u039b\u0395\u03a4\u039f.png","contentUrl":"https:\/\/staging.pitenis.eu\/wp-content\/uploads\/2025\/06\/\u0391\u039d\u03a4\u0396\u039f\u03a5\u0393\u0399\u0391_\u03a6\u0399\u039b\u0395\u03a4\u039f.png","width":1000,"height":1000},{"@type":"BreadcrumbList","@id":"https:\/\/staging.pitenis.eu\/fr\/produit\/filet-danchois\/#breadcrumb","itemListElement":[{"@type":"ListItem","position":1,"name":"Home","item":"https:\/\/staging.pitenis.eu\/fr\/"},{"@type":"ListItem","position":2,"name":"Boutique","item":"https:\/\/staging.pitenis.eu\/%ce%ba%ce%b1%cf%84%ce%ac%cf%83%cf%84%ce%b7%ce%bc%ce%b1\/"},{"@type":"ListItem","position":3,"name":"Filet d&#8217;anchois"}]},{"@type":"WebSite","@id":"https:\/\/staging.pitenis.eu\/fr\/#website","url":"https:\/\/staging.pitenis.eu\/fr\/","name":"Pitenis Shop | &#039;\u0395\u03c4\u03bf\u03b9\u03bc\u03b5\u03c2 \u03c3\u03b1\u03bb\u03ac\u03c4\u03b5\u03c2","description":"\u03b1\u03bb\u03bf\u03b9\u03c6\u03ad\u03c2, \u03c8\u03b1\u03c1\u03b9\u03ba\u03ac, \u03c4\u03bf\u03c5\u03c1\u03c3\u03ac\u03ba\u03b9\u03b1","publisher":{"@id":"https:\/\/staging.pitenis.eu\/fr\/#organization"},"potentialAction":[{"@type":"SearchAction","target":{"@type":"EntryPoint","urlTemplate":"https:\/\/staging.pitenis.eu\/fr\/?s={search_term_string}"},"query-input":{"@type":"PropertyValueSpecification","valueRequired":true,"valueName":"search_term_string"}}],"inLanguage":"fr-FR"},{"@type":"Organization","@id":"https:\/\/staging.pitenis.eu\/fr\/#organization","name":"Pitenis Shop | &#039;\u0395\u03c4\u03bf\u03b9\u03bc\u03b5\u03c2 \u03c3\u03b1\u03bb\u03ac\u03c4\u03b5\u03c2","url":"https:\/\/staging.pitenis.eu\/fr\/","logo":{"@type":"ImageObject","inLanguage":"fr-FR","@id":"https:\/\/staging.pitenis.eu\/fr\/#\/schema\/logo\/image\/","url":"https:\/\/staging.pitenis.eu\/wp-content\/uploads\/2025\/04\/cropped-pitenis_logo.png","contentUrl":"https:\/\/staging.pitenis.eu\/wp-content\/uploads\/2025\/04\/cropped-pitenis_logo.png","width":172,"height":74,"caption":"Pitenis Shop | &#039;\u0395\u03c4\u03bf\u03b9\u03bc\u03b5\u03c2 \u03c3\u03b1\u03bb\u03ac\u03c4\u03b5\u03c2"},"image":{"@id":"https:\/\/staging.pitenis.eu\/fr\/#\/schema\/logo\/image\/"}}]}},"_links":{"self":[{"href":"https:\/\/staging.pitenis.eu\/fr\/wp-json\/wp\/v2\/product\/12210","targetHints":{"allow":["GET"]}}],"collection":[{"href":"https:\/\/staging.pitenis.eu\/fr\/wp-json\/wp\/v2\/product"}],"about":[{"href":"https:\/\/staging.pitenis.eu\/fr\/wp-json\/wp\/v2\/types\/product"}],"replies":[{"embeddable":true,"href":"https:\/\/staging.pitenis.eu\/fr\/wp-json\/wp\/v2\/comments?post=12210"}],"wp:featuredmedia":[{"embeddable":true,"href":"https:\/\/staging.pitenis.eu\/fr\/wp-json\/wp\/v2\/media\/15095"}],"wp:attachment":[{"href":"https:\/\/staging.pitenis.eu\/fr\/wp-json\/wp\/v2\/media?parent=12210"}],"wp:term":[{"taxonomy":"product_cat","embeddable":true,"href":"https:\/\/staging.pitenis.eu\/fr\/wp-json\/wp\/v2\/product_cat?post=12210"},{"taxonomy":"product_tag","embeddable":true,"href":"https:\/\/staging.pitenis.eu\/fr\/wp-json\/wp\/v2\/product_tag?post=12210"}],"curies":[{"name":"wp","href":"https:\/\/api.w.org\/{rel}","templated":true}]}}