{"id":12208,"date":"2025-06-03T22:13:25","date_gmt":"2025-06-03T22:13:25","guid":{"rendered":"https:\/\/e-shop.advonpitenis.eu\/product\/baccalaos-fumes\/"},"modified":"2025-08-14T09:57:14","modified_gmt":"2025-08-14T09:57:14","slug":"baccalaos-fumes","status":"publish","type":"product","link":"https:\/\/staging.pitenis.eu\/fr\/produit\/baccalaos-fumes\/","title":{"rendered":"Baccalaos fum\u00e9s"},"content":{"rendered":"<p><span style=\"font-weight: bold;\">Ingr\u00e9dients<\/span><br \/>\n<span style=\"font-weight: bold;\">Ingr\u00e9dients :<\/span> Filet de <span style=\"font-weight: bold;\">cabillaud <\/span>fum\u00e9 (Pollachius virens), huile de tournesol, sel, fum\u00e9e naturelle, r\u00e9gulateur d&rsquo;acidit\u00e9 : acide citrique. Peut contenir des traces de <span style=\"font-weight: bold;\">lait, c\u00e9leri, mollusques, soja, sulfites<\/span>.&lt;br class=\u00a0\u00bbnew-line\u00a0\u00bb&gt;P\u00each\u00e9 au chalut. FAO 27 Atlantique NE&lt;br class=\u00a0\u00bbnew-line\u00a0\u00bb&gt;&lt;br class=\u00a0\u00bbnew-line\u00a0\u00bb&gt;&lt;br class=\u00a0\u00bbnew-line\u00a0\u00bb&gt;&lt;br class=\u00a0\u00bbnew-line\u00a0\u00bb&gt;&lt;br class=\u00a0\u00bbnew-line\u00a0\u00bb&gt;&lt;br class=\u00a0\u00bbnew-line\u00a0\u00bb&gt;&lt;br class=\u00a0\u00bbnew-line\u00a0\u00bb&gt;.<\/p>\n<p><span style=\"font-weight: bold;\">Combinaisons &#8211; suggestions d&rsquo;utilisation<\/span><br \/>\n&#8211; D\u00e9gustez la morue fum\u00e9e en entr\u00e9e, servie avec de fines tranches de pain et du citron pour faire ressortir sa riche saveur.<br \/>\n&#8211; Ajoutez-la \u00e0 des sandwichs en utilisant des l\u00e9gumes frais tels que la tomate, le concombre et la laitue pour un repas savoureux et nutritif.<br \/>\n&#8211; Utilisez la morue fum\u00e9e dans les salades, en ajoutant de la saveur et de la texture au m\u00e9lange d&rsquo;ingr\u00e9dients frais.<br \/>\n&#8211; Servez-la comme repas avec des frites ou de la pur\u00e9e de pommes de terre.<br \/>\n&#8211; Utilisez-la dans les tartes ou les tartelettes, en ajoutant une saveur et une texture riches \u00e0 votre cr\u00e9ation culinaire.<br \/>\n&#8211; Ajoutez-le aux p\u00e2tes, telles que les spaghettis ou l&rsquo;orge, pour cr\u00e9er un plat d\u00e9lectable \u00e0 la saveur impressionnante.<br \/>\n&#8211; Utilisez-le dans le risotto, pour ajouter un d\u00e9licieux caract\u00e8re de fruits de mer au plat.<br \/>\n&#8211; Servez-la comme en-cas dans divers plats, en l&rsquo;accompagnant de charcuterie, de fromages et d&rsquo;olives.<\/p>\n","protected":false},"excerpt":{"rendered":"<p>Le cabillaud fum\u00e9 \u00e0 l&rsquo;huile de tournesol est un plat traditionnel au go\u00fbt raffin\u00e9. Le cabillaud frais est d\u00e9coup\u00e9 en filets et soigneusement fum\u00e9, ce qui lui conf\u00e8re une note aromatique. Il est ensuite marin\u00e9 dans de l&rsquo;huile de tournesol de qualit\u00e9, ce qui lui conf\u00e8re une saveur et une texture riches. Savourez la morue fum\u00e9e dans des sandwichs, des salades ou simplement en entr\u00e9e avec un verre d&rsquo;ouzo ou de tsipouro froid.<\/p>\n","protected":false},"featured_media":15112,"comment_status":"closed","ping_status":"closed","template":"","meta":{"_acf_changed":false},"product_cat":[307],"product_tag":[],"class_list":{"0":"post-12208","1":"product","2":"type-product","3":"status-publish","4":"has-post-thumbnail","6":"product_cat-fruits-de-mer","8":"first","9":"instock","10":"taxable","11":"shipping-taxable","12":"purchasable","13":"product-type-simple"},"acf":[],"yoast_head":"<!-- This site is optimized with the Yoast SEO plugin v27.4 - https:\/\/yoast.com\/product\/yoast-seo-wordpress\/ -->\n<title>Baccalaos fum\u00e9s - Pitenis Shop | &#039;\u0395\u03c4\u03bf\u03b9\u03bc\u03b5\u03c2 \u03c3\u03b1\u03bb\u03ac\u03c4\u03b5\u03c2<\/title>\n<meta name=\"robots\" content=\"index, follow, max-snippet:-1, max-image-preview:large, max-video-preview:-1\" \/>\n<link rel=\"canonical\" href=\"https:\/\/staging.pitenis.eu\/fr\/produit\/baccalaos-fumes\/\" \/>\n<meta property=\"og:locale\" content=\"fr_FR\" \/>\n<meta property=\"og:type\" content=\"article\" \/>\n<meta property=\"og:title\" content=\"Baccalaos fum\u00e9s - Pitenis Shop | &#039;\u0395\u03c4\u03bf\u03b9\u03bc\u03b5\u03c2 \u03c3\u03b1\u03bb\u03ac\u03c4\u03b5\u03c2\" \/>\n<meta property=\"og:description\" content=\"Le cabillaud fum\u00e9 \u00e0 l&#039;huile de tournesol est un plat traditionnel au go\u00fbt raffin\u00e9. Le cabillaud frais est d\u00e9coup\u00e9 en filets et soigneusement fum\u00e9, ce qui lui conf\u00e8re une note aromatique. Il est ensuite marin\u00e9 dans de l&#039;huile de tournesol de qualit\u00e9, ce qui lui conf\u00e8re une saveur et une texture riches. Savourez la morue fum\u00e9e dans des sandwichs, des salades ou simplement en entr\u00e9e avec un verre d&#039;ouzo ou de tsipouro froid.\" \/>\n<meta property=\"og:url\" content=\"https:\/\/staging.pitenis.eu\/fr\/produit\/baccalaos-fumes\/\" \/>\n<meta property=\"og:site_name\" content=\"Pitenis Shop | &#039;\u0395\u03c4\u03bf\u03b9\u03bc\u03b5\u03c2 \u03c3\u03b1\u03bb\u03ac\u03c4\u03b5\u03c2\" \/>\n<meta property=\"article:modified_time\" content=\"2025-08-14T09:57:14+00:00\" \/>\n<meta property=\"og:image\" content=\"https:\/\/staging.pitenis.eu\/wp-content\/uploads\/2025\/06\/\u0392\u0391\u039a\u0391\u039b\u0391\u039f_\u039a\u0391\u03a0\u039d\u0399\u03a3\u03a4\u039f\u03a3.png\" \/>\n\t<meta property=\"og:image:width\" content=\"1000\" \/>\n\t<meta property=\"og:image:height\" content=\"1000\" \/>\n\t<meta property=\"og:image:type\" content=\"image\/png\" \/>\n<meta name=\"twitter:card\" content=\"summary_large_image\" \/>\n<meta name=\"twitter:label1\" content=\"Dur\u00e9e de lecture estim\u00e9e\" \/>\n\t<meta name=\"twitter:data1\" content=\"1 minute\" \/>\n<script type=\"application\/ld+json\" class=\"yoast-schema-graph\">{\"@context\":\"https:\\\/\\\/schema.org\",\"@graph\":[{\"@type\":\"WebPage\",\"@id\":\"https:\\\/\\\/staging.pitenis.eu\\\/fr\\\/produit\\\/baccalaos-fumes\\\/\",\"url\":\"https:\\\/\\\/staging.pitenis.eu\\\/fr\\\/produit\\\/baccalaos-fumes\\\/\",\"name\":\"Baccalaos fum\u00e9s - Pitenis Shop | &#039;\u0395\u03c4\u03bf\u03b9\u03bc\u03b5\u03c2 \u03c3\u03b1\u03bb\u03ac\u03c4\u03b5\u03c2\",\"isPartOf\":{\"@id\":\"https:\\\/\\\/staging.pitenis.eu\\\/fr\\\/#website\"},\"primaryImageOfPage\":{\"@id\":\"https:\\\/\\\/staging.pitenis.eu\\\/fr\\\/produit\\\/baccalaos-fumes\\\/#primaryimage\"},\"image\":{\"@id\":\"https:\\\/\\\/staging.pitenis.eu\\\/fr\\\/produit\\\/baccalaos-fumes\\\/#primaryimage\"},\"thumbnailUrl\":\"https:\\\/\\\/staging.pitenis.eu\\\/wp-content\\\/uploads\\\/2025\\\/06\\\/\u0392\u0391\u039a\u0391\u039b\u0391\u039f_\u039a\u0391\u03a0\u039d\u0399\u03a3\u03a4\u039f\u03a3.png\",\"datePublished\":\"2025-06-03T22:13:25+00:00\",\"dateModified\":\"2025-08-14T09:57:14+00:00\",\"breadcrumb\":{\"@id\":\"https:\\\/\\\/staging.pitenis.eu\\\/fr\\\/produit\\\/baccalaos-fumes\\\/#breadcrumb\"},\"inLanguage\":\"fr-FR\",\"potentialAction\":[{\"@type\":\"ReadAction\",\"target\":[\"https:\\\/\\\/staging.pitenis.eu\\\/fr\\\/produit\\\/baccalaos-fumes\\\/\"]}]},{\"@type\":\"ImageObject\",\"inLanguage\":\"fr-FR\",\"@id\":\"https:\\\/\\\/staging.pitenis.eu\\\/fr\\\/produit\\\/baccalaos-fumes\\\/#primaryimage\",\"url\":\"https:\\\/\\\/staging.pitenis.eu\\\/wp-content\\\/uploads\\\/2025\\\/06\\\/\u0392\u0391\u039a\u0391\u039b\u0391\u039f_\u039a\u0391\u03a0\u039d\u0399\u03a3\u03a4\u039f\u03a3.png\",\"contentUrl\":\"https:\\\/\\\/staging.pitenis.eu\\\/wp-content\\\/uploads\\\/2025\\\/06\\\/\u0392\u0391\u039a\u0391\u039b\u0391\u039f_\u039a\u0391\u03a0\u039d\u0399\u03a3\u03a4\u039f\u03a3.png\",\"width\":1000,\"height\":1000},{\"@type\":\"BreadcrumbList\",\"@id\":\"https:\\\/\\\/staging.pitenis.eu\\\/fr\\\/produit\\\/baccalaos-fumes\\\/#breadcrumb\",\"itemListElement\":[{\"@type\":\"ListItem\",\"position\":1,\"name\":\"Home\",\"item\":\"https:\\\/\\\/staging.pitenis.eu\\\/fr\\\/\"},{\"@type\":\"ListItem\",\"position\":2,\"name\":\"Boutique\",\"item\":\"https:\\\/\\\/staging.pitenis.eu\\\/%ce%ba%ce%b1%cf%84%ce%ac%cf%83%cf%84%ce%b7%ce%bc%ce%b1\\\/\"},{\"@type\":\"ListItem\",\"position\":3,\"name\":\"Baccalaos fum\u00e9s\"}]},{\"@type\":\"WebSite\",\"@id\":\"https:\\\/\\\/staging.pitenis.eu\\\/fr\\\/#website\",\"url\":\"https:\\\/\\\/staging.pitenis.eu\\\/fr\\\/\",\"name\":\"Pitenis Shop | &#039;\u0395\u03c4\u03bf\u03b9\u03bc\u03b5\u03c2 \u03c3\u03b1\u03bb\u03ac\u03c4\u03b5\u03c2\",\"description\":\"\u03b1\u03bb\u03bf\u03b9\u03c6\u03ad\u03c2, \u03c8\u03b1\u03c1\u03b9\u03ba\u03ac, \u03c4\u03bf\u03c5\u03c1\u03c3\u03ac\u03ba\u03b9\u03b1\",\"publisher\":{\"@id\":\"https:\\\/\\\/staging.pitenis.eu\\\/fr\\\/#organization\"},\"potentialAction\":[{\"@type\":\"SearchAction\",\"target\":{\"@type\":\"EntryPoint\",\"urlTemplate\":\"https:\\\/\\\/staging.pitenis.eu\\\/fr\\\/?s={search_term_string}\"},\"query-input\":{\"@type\":\"PropertyValueSpecification\",\"valueRequired\":true,\"valueName\":\"search_term_string\"}}],\"inLanguage\":\"fr-FR\"},{\"@type\":\"Organization\",\"@id\":\"https:\\\/\\\/staging.pitenis.eu\\\/fr\\\/#organization\",\"name\":\"Pitenis Shop | &#039;\u0395\u03c4\u03bf\u03b9\u03bc\u03b5\u03c2 \u03c3\u03b1\u03bb\u03ac\u03c4\u03b5\u03c2\",\"url\":\"https:\\\/\\\/staging.pitenis.eu\\\/fr\\\/\",\"logo\":{\"@type\":\"ImageObject\",\"inLanguage\":\"fr-FR\",\"@id\":\"https:\\\/\\\/staging.pitenis.eu\\\/fr\\\/#\\\/schema\\\/logo\\\/image\\\/\",\"url\":\"https:\\\/\\\/staging.pitenis.eu\\\/wp-content\\\/uploads\\\/2025\\\/04\\\/cropped-pitenis_logo.png\",\"contentUrl\":\"https:\\\/\\\/staging.pitenis.eu\\\/wp-content\\\/uploads\\\/2025\\\/04\\\/cropped-pitenis_logo.png\",\"width\":172,\"height\":74,\"caption\":\"Pitenis Shop | &#039;\u0395\u03c4\u03bf\u03b9\u03bc\u03b5\u03c2 \u03c3\u03b1\u03bb\u03ac\u03c4\u03b5\u03c2\"},\"image\":{\"@id\":\"https:\\\/\\\/staging.pitenis.eu\\\/fr\\\/#\\\/schema\\\/logo\\\/image\\\/\"}}]}<\/script>\n<!-- \/ Yoast SEO plugin. -->","yoast_head_json":{"title":"Baccalaos fum\u00e9s - Pitenis Shop | &#039;\u0395\u03c4\u03bf\u03b9\u03bc\u03b5\u03c2 \u03c3\u03b1\u03bb\u03ac\u03c4\u03b5\u03c2","robots":{"index":"index","follow":"follow","max-snippet":"max-snippet:-1","max-image-preview":"max-image-preview:large","max-video-preview":"max-video-preview:-1"},"canonical":"https:\/\/staging.pitenis.eu\/fr\/produit\/baccalaos-fumes\/","og_locale":"fr_FR","og_type":"article","og_title":"Baccalaos fum\u00e9s - Pitenis Shop | &#039;\u0395\u03c4\u03bf\u03b9\u03bc\u03b5\u03c2 \u03c3\u03b1\u03bb\u03ac\u03c4\u03b5\u03c2","og_description":"Le cabillaud fum\u00e9 \u00e0 l'huile de tournesol est un plat traditionnel au go\u00fbt raffin\u00e9. Le cabillaud frais est d\u00e9coup\u00e9 en filets et soigneusement fum\u00e9, ce qui lui conf\u00e8re une note aromatique. Il est ensuite marin\u00e9 dans de l'huile de tournesol de qualit\u00e9, ce qui lui conf\u00e8re une saveur et une texture riches. Savourez la morue fum\u00e9e dans des sandwichs, des salades ou simplement en entr\u00e9e avec un verre d'ouzo ou de tsipouro froid.","og_url":"https:\/\/staging.pitenis.eu\/fr\/produit\/baccalaos-fumes\/","og_site_name":"Pitenis Shop | &#039;\u0395\u03c4\u03bf\u03b9\u03bc\u03b5\u03c2 \u03c3\u03b1\u03bb\u03ac\u03c4\u03b5\u03c2","article_modified_time":"2025-08-14T09:57:14+00:00","og_image":[{"width":1000,"height":1000,"url":"https:\/\/staging.pitenis.eu\/wp-content\/uploads\/2025\/06\/\u0392\u0391\u039a\u0391\u039b\u0391\u039f_\u039a\u0391\u03a0\u039d\u0399\u03a3\u03a4\u039f\u03a3.png","type":"image\/png"}],"twitter_card":"summary_large_image","twitter_misc":{"Dur\u00e9e de lecture estim\u00e9e":"1 minute"},"schema":{"@context":"https:\/\/schema.org","@graph":[{"@type":"WebPage","@id":"https:\/\/staging.pitenis.eu\/fr\/produit\/baccalaos-fumes\/","url":"https:\/\/staging.pitenis.eu\/fr\/produit\/baccalaos-fumes\/","name":"Baccalaos fum\u00e9s - Pitenis Shop | &#039;\u0395\u03c4\u03bf\u03b9\u03bc\u03b5\u03c2 \u03c3\u03b1\u03bb\u03ac\u03c4\u03b5\u03c2","isPartOf":{"@id":"https:\/\/staging.pitenis.eu\/fr\/#website"},"primaryImageOfPage":{"@id":"https:\/\/staging.pitenis.eu\/fr\/produit\/baccalaos-fumes\/#primaryimage"},"image":{"@id":"https:\/\/staging.pitenis.eu\/fr\/produit\/baccalaos-fumes\/#primaryimage"},"thumbnailUrl":"https:\/\/staging.pitenis.eu\/wp-content\/uploads\/2025\/06\/\u0392\u0391\u039a\u0391\u039b\u0391\u039f_\u039a\u0391\u03a0\u039d\u0399\u03a3\u03a4\u039f\u03a3.png","datePublished":"2025-06-03T22:13:25+00:00","dateModified":"2025-08-14T09:57:14+00:00","breadcrumb":{"@id":"https:\/\/staging.pitenis.eu\/fr\/produit\/baccalaos-fumes\/#breadcrumb"},"inLanguage":"fr-FR","potentialAction":[{"@type":"ReadAction","target":["https:\/\/staging.pitenis.eu\/fr\/produit\/baccalaos-fumes\/"]}]},{"@type":"ImageObject","inLanguage":"fr-FR","@id":"https:\/\/staging.pitenis.eu\/fr\/produit\/baccalaos-fumes\/#primaryimage","url":"https:\/\/staging.pitenis.eu\/wp-content\/uploads\/2025\/06\/\u0392\u0391\u039a\u0391\u039b\u0391\u039f_\u039a\u0391\u03a0\u039d\u0399\u03a3\u03a4\u039f\u03a3.png","contentUrl":"https:\/\/staging.pitenis.eu\/wp-content\/uploads\/2025\/06\/\u0392\u0391\u039a\u0391\u039b\u0391\u039f_\u039a\u0391\u03a0\u039d\u0399\u03a3\u03a4\u039f\u03a3.png","width":1000,"height":1000},{"@type":"BreadcrumbList","@id":"https:\/\/staging.pitenis.eu\/fr\/produit\/baccalaos-fumes\/#breadcrumb","itemListElement":[{"@type":"ListItem","position":1,"name":"Home","item":"https:\/\/staging.pitenis.eu\/fr\/"},{"@type":"ListItem","position":2,"name":"Boutique","item":"https:\/\/staging.pitenis.eu\/%ce%ba%ce%b1%cf%84%ce%ac%cf%83%cf%84%ce%b7%ce%bc%ce%b1\/"},{"@type":"ListItem","position":3,"name":"Baccalaos fum\u00e9s"}]},{"@type":"WebSite","@id":"https:\/\/staging.pitenis.eu\/fr\/#website","url":"https:\/\/staging.pitenis.eu\/fr\/","name":"Pitenis Shop | &#039;\u0395\u03c4\u03bf\u03b9\u03bc\u03b5\u03c2 \u03c3\u03b1\u03bb\u03ac\u03c4\u03b5\u03c2","description":"\u03b1\u03bb\u03bf\u03b9\u03c6\u03ad\u03c2, \u03c8\u03b1\u03c1\u03b9\u03ba\u03ac, \u03c4\u03bf\u03c5\u03c1\u03c3\u03ac\u03ba\u03b9\u03b1","publisher":{"@id":"https:\/\/staging.pitenis.eu\/fr\/#organization"},"potentialAction":[{"@type":"SearchAction","target":{"@type":"EntryPoint","urlTemplate":"https:\/\/staging.pitenis.eu\/fr\/?s={search_term_string}"},"query-input":{"@type":"PropertyValueSpecification","valueRequired":true,"valueName":"search_term_string"}}],"inLanguage":"fr-FR"},{"@type":"Organization","@id":"https:\/\/staging.pitenis.eu\/fr\/#organization","name":"Pitenis Shop | &#039;\u0395\u03c4\u03bf\u03b9\u03bc\u03b5\u03c2 \u03c3\u03b1\u03bb\u03ac\u03c4\u03b5\u03c2","url":"https:\/\/staging.pitenis.eu\/fr\/","logo":{"@type":"ImageObject","inLanguage":"fr-FR","@id":"https:\/\/staging.pitenis.eu\/fr\/#\/schema\/logo\/image\/","url":"https:\/\/staging.pitenis.eu\/wp-content\/uploads\/2025\/04\/cropped-pitenis_logo.png","contentUrl":"https:\/\/staging.pitenis.eu\/wp-content\/uploads\/2025\/04\/cropped-pitenis_logo.png","width":172,"height":74,"caption":"Pitenis Shop | &#039;\u0395\u03c4\u03bf\u03b9\u03bc\u03b5\u03c2 \u03c3\u03b1\u03bb\u03ac\u03c4\u03b5\u03c2"},"image":{"@id":"https:\/\/staging.pitenis.eu\/fr\/#\/schema\/logo\/image\/"}}]}},"_links":{"self":[{"href":"https:\/\/staging.pitenis.eu\/fr\/wp-json\/wp\/v2\/product\/12208","targetHints":{"allow":["GET"]}}],"collection":[{"href":"https:\/\/staging.pitenis.eu\/fr\/wp-json\/wp\/v2\/product"}],"about":[{"href":"https:\/\/staging.pitenis.eu\/fr\/wp-json\/wp\/v2\/types\/product"}],"replies":[{"embeddable":true,"href":"https:\/\/staging.pitenis.eu\/fr\/wp-json\/wp\/v2\/comments?post=12208"}],"wp:featuredmedia":[{"embeddable":true,"href":"https:\/\/staging.pitenis.eu\/fr\/wp-json\/wp\/v2\/media\/15112"}],"wp:attachment":[{"href":"https:\/\/staging.pitenis.eu\/fr\/wp-json\/wp\/v2\/media?parent=12208"}],"wp:term":[{"taxonomy":"product_cat","embeddable":true,"href":"https:\/\/staging.pitenis.eu\/fr\/wp-json\/wp\/v2\/product_cat?post=12208"},{"taxonomy":"product_tag","embeddable":true,"href":"https:\/\/staging.pitenis.eu\/fr\/wp-json\/wp\/v2\/product_tag?post=12208"}],"curies":[{"name":"wp","href":"https:\/\/api.w.org\/{rel}","templated":true}]}}