{"id":12204,"date":"2025-06-03T22:13:25","date_gmt":"2025-06-03T22:13:25","guid":{"rendered":"https:\/\/e-shop.advonpitenis.eu\/product\/ouzomisation-de-la-peche\/"},"modified":"2025-08-14T09:57:13","modified_gmt":"2025-08-14T09:57:13","slug":"ouzomisation-de-la-peche","status":"publish","type":"product","link":"https:\/\/staging.pitenis.eu\/fr\/produit\/ouzomisation-de-la-peche\/","title":{"rendered":"Ouzomisation de la p\u00eache"},"content":{"rendered":"<p><span style=\"font-weight: bold;\">Ingr\u00e9dients<\/span><br \/><span style='font-weight: bold; '>Ingr\u00e9dients : <\/span>Huile de tournesol, <span style='font-weight: bold; '>hareng <\/span><span style='font-weight: bold; '>[hareng <\/span>(Clupea harengus), eau, sel, fum\u00e9e naturelle, r\u00e9gulateur d&rsquo;acidit\u00e9 : acide citrique. Peut contenir des traces de <span style='font-weight: bold; '>mollusques, soja, lait, c\u00e9leri<\/span>] &amp; <span style='font-weight: bold; '>maquereau <\/span>(Scomber scombrus) bouch\u00e9es fum\u00e9es, pickles (chou-fleur, carotte, tomate, concombre, poivrons rouge et vert, eau, sel, correcteurs d&rsquo;acidit\u00e9 : acide citrique, E260, conservateurs : E211, E202, <span style='font-weight: bold; '>m\u00e9tabisulfite de sodium<\/span>), sel, poivre de Mac\u00e9doine, \u00e9pices<br class=\"new-line\">. P\u00eache au chalut et au chalut p\u00e9lagique avec des navires appari\u00e9s. FAO 27 NE Atlantic, Ireland.<br class=\"new-line\"><\/p>\n<p><span style=\"font-weight: bold;\">Combinaisons &#8211; suggestions d&rsquo;utilisation<\/span><br \/>&#8211; D\u00e9gustez l&rsquo;Ouzom\u00e9ze de poisson dans un bocal avec votre ouzo ou tsipouro pr\u00e9f\u00e9r\u00e9.<br \/>&#8211; Servez-la en entr\u00e9e avant le repas principal.<br \/>&#8211; Proposez l&rsquo;Ouzom\u00e9ze de poisson dans une vari\u00e9t\u00e9 d&rsquo;autres entr\u00e9es telles que le fromage en grains, le tzatziki et les l\u00e9gumes frais.<br \/>&#8211; Utilisez-le comme garniture pour vos salades, en ajoutant une riche saveur de fruits de mer.<br \/>&#8211; M\u00e9langez l&rsquo;Ouzom\u00e9ze de poisson avec de l&rsquo;avocat moulu et du citron pour obtenir une marinade fra\u00eeche et savoureuse pour votre poisson.    <\/p>\n","protected":false},"excerpt":{"rendered":"<p>Savourez la composition unique de la vari\u00e9t\u00e9 de fruits de mer avec du hareng fum\u00e9, du maquereau, du chiro et des cornichons, marin\u00e9s dans des \u00e9pices aromatiques. La riche saveur et la pr\u00e9sence combin\u00e9e de divers fruits de mer cr\u00e9ent une exp\u00e9rience gustative exceptionnelle. Id\u00e9al pour les ap\u00e9ritifs, les salades ou comme amuse-gueule traditionnel avec votre boisson pr\u00e9f\u00e9r\u00e9e.<\/p>\n","protected":false},"featured_media":15115,"comment_status":"closed","ping_status":"closed","template":"","meta":{"_acf_changed":false},"product_cat":[307],"product_tag":[],"class_list":{"0":"post-12204","1":"product","2":"type-product","3":"status-publish","4":"has-post-thumbnail","6":"product_cat-fruits-de-mer","8":"first","9":"instock","10":"taxable","11":"shipping-taxable","12":"purchasable","13":"product-type-variable"},"acf":[],"yoast_head":"<!-- This site is optimized with the Yoast SEO plugin v27.4 - https:\/\/yoast.com\/product\/yoast-seo-wordpress\/ -->\n<title>Ouzomisation de la p\u00eache - Pitenis Shop | &#039;\u0395\u03c4\u03bf\u03b9\u03bc\u03b5\u03c2 \u03c3\u03b1\u03bb\u03ac\u03c4\u03b5\u03c2<\/title>\n<meta name=\"robots\" content=\"index, follow, max-snippet:-1, max-image-preview:large, max-video-preview:-1\" \/>\n<link rel=\"canonical\" href=\"https:\/\/staging.pitenis.eu\/fr\/produit\/ouzomisation-de-la-peche\/\" \/>\n<meta property=\"og:locale\" content=\"fr_FR\" \/>\n<meta property=\"og:type\" content=\"article\" \/>\n<meta property=\"og:title\" content=\"Ouzomisation de la p\u00eache - Pitenis Shop | &#039;\u0395\u03c4\u03bf\u03b9\u03bc\u03b5\u03c2 \u03c3\u03b1\u03bb\u03ac\u03c4\u03b5\u03c2\" \/>\n<meta property=\"og:description\" content=\"Savourez la composition unique de la vari\u00e9t\u00e9 de fruits de mer avec du hareng fum\u00e9, du maquereau, du chiro et des cornichons, marin\u00e9s dans des \u00e9pices aromatiques. La riche saveur et la pr\u00e9sence combin\u00e9e de divers fruits de mer cr\u00e9ent une exp\u00e9rience gustative exceptionnelle. Id\u00e9al pour les ap\u00e9ritifs, les salades ou comme amuse-gueule traditionnel avec votre boisson pr\u00e9f\u00e9r\u00e9e.\" \/>\n<meta property=\"og:url\" content=\"https:\/\/staging.pitenis.eu\/fr\/produit\/ouzomisation-de-la-peche\/\" \/>\n<meta property=\"og:site_name\" content=\"Pitenis Shop | &#039;\u0395\u03c4\u03bf\u03b9\u03bc\u03b5\u03c2 \u03c3\u03b1\u03bb\u03ac\u03c4\u03b5\u03c2\" \/>\n<meta property=\"article:modified_time\" content=\"2025-08-14T09:57:13+00:00\" \/>\n<meta property=\"og:image\" content=\"https:\/\/staging.pitenis.eu\/wp-content\/uploads\/2025\/06\/\u039f\u03a5\u0396\u039f\u039c\u0395\u0396\u0395\u03a3_\u03a8\u0391\u03a1\u0399\u039a\u03a9\u039d.png\" \/>\n\t<meta property=\"og:image:width\" content=\"1000\" \/>\n\t<meta property=\"og:image:height\" content=\"1000\" \/>\n\t<meta property=\"og:image:type\" content=\"image\/png\" \/>\n<meta name=\"twitter:card\" content=\"summary_large_image\" \/>\n<meta name=\"twitter:label1\" content=\"Dur\u00e9e de lecture estim\u00e9e\" \/>\n\t<meta name=\"twitter:data1\" content=\"1 minute\" \/>\n<script type=\"application\/ld+json\" class=\"yoast-schema-graph\">{\"@context\":\"https:\\\/\\\/schema.org\",\"@graph\":[{\"@type\":\"WebPage\",\"@id\":\"https:\\\/\\\/staging.pitenis.eu\\\/fr\\\/produit\\\/ouzomisation-de-la-peche\\\/\",\"url\":\"https:\\\/\\\/staging.pitenis.eu\\\/fr\\\/produit\\\/ouzomisation-de-la-peche\\\/\",\"name\":\"Ouzomisation de la p\u00eache - Pitenis Shop | &#039;\u0395\u03c4\u03bf\u03b9\u03bc\u03b5\u03c2 \u03c3\u03b1\u03bb\u03ac\u03c4\u03b5\u03c2\",\"isPartOf\":{\"@id\":\"https:\\\/\\\/staging.pitenis.eu\\\/fr\\\/#website\"},\"primaryImageOfPage\":{\"@id\":\"https:\\\/\\\/staging.pitenis.eu\\\/fr\\\/produit\\\/ouzomisation-de-la-peche\\\/#primaryimage\"},\"image\":{\"@id\":\"https:\\\/\\\/staging.pitenis.eu\\\/fr\\\/produit\\\/ouzomisation-de-la-peche\\\/#primaryimage\"},\"thumbnailUrl\":\"https:\\\/\\\/staging.pitenis.eu\\\/wp-content\\\/uploads\\\/2025\\\/06\\\/\u039f\u03a5\u0396\u039f\u039c\u0395\u0396\u0395\u03a3_\u03a8\u0391\u03a1\u0399\u039a\u03a9\u039d.png\",\"datePublished\":\"2025-06-03T22:13:25+00:00\",\"dateModified\":\"2025-08-14T09:57:13+00:00\",\"breadcrumb\":{\"@id\":\"https:\\\/\\\/staging.pitenis.eu\\\/fr\\\/produit\\\/ouzomisation-de-la-peche\\\/#breadcrumb\"},\"inLanguage\":\"fr-FR\",\"potentialAction\":[{\"@type\":\"ReadAction\",\"target\":[\"https:\\\/\\\/staging.pitenis.eu\\\/fr\\\/produit\\\/ouzomisation-de-la-peche\\\/\"]}]},{\"@type\":\"ImageObject\",\"inLanguage\":\"fr-FR\",\"@id\":\"https:\\\/\\\/staging.pitenis.eu\\\/fr\\\/produit\\\/ouzomisation-de-la-peche\\\/#primaryimage\",\"url\":\"https:\\\/\\\/staging.pitenis.eu\\\/wp-content\\\/uploads\\\/2025\\\/06\\\/\u039f\u03a5\u0396\u039f\u039c\u0395\u0396\u0395\u03a3_\u03a8\u0391\u03a1\u0399\u039a\u03a9\u039d.png\",\"contentUrl\":\"https:\\\/\\\/staging.pitenis.eu\\\/wp-content\\\/uploads\\\/2025\\\/06\\\/\u039f\u03a5\u0396\u039f\u039c\u0395\u0396\u0395\u03a3_\u03a8\u0391\u03a1\u0399\u039a\u03a9\u039d.png\",\"width\":1000,\"height\":1000},{\"@type\":\"BreadcrumbList\",\"@id\":\"https:\\\/\\\/staging.pitenis.eu\\\/fr\\\/produit\\\/ouzomisation-de-la-peche\\\/#breadcrumb\",\"itemListElement\":[{\"@type\":\"ListItem\",\"position\":1,\"name\":\"Home\",\"item\":\"https:\\\/\\\/staging.pitenis.eu\\\/fr\\\/\"},{\"@type\":\"ListItem\",\"position\":2,\"name\":\"Boutique\",\"item\":\"https:\\\/\\\/staging.pitenis.eu\\\/%ce%ba%ce%b1%cf%84%ce%ac%cf%83%cf%84%ce%b7%ce%bc%ce%b1\\\/\"},{\"@type\":\"ListItem\",\"position\":3,\"name\":\"Ouzomisation de la p\u00eache\"}]},{\"@type\":\"WebSite\",\"@id\":\"https:\\\/\\\/staging.pitenis.eu\\\/fr\\\/#website\",\"url\":\"https:\\\/\\\/staging.pitenis.eu\\\/fr\\\/\",\"name\":\"Pitenis Shop | &#039;\u0395\u03c4\u03bf\u03b9\u03bc\u03b5\u03c2 \u03c3\u03b1\u03bb\u03ac\u03c4\u03b5\u03c2\",\"description\":\"\u03b1\u03bb\u03bf\u03b9\u03c6\u03ad\u03c2, \u03c8\u03b1\u03c1\u03b9\u03ba\u03ac, \u03c4\u03bf\u03c5\u03c1\u03c3\u03ac\u03ba\u03b9\u03b1\",\"publisher\":{\"@id\":\"https:\\\/\\\/staging.pitenis.eu\\\/fr\\\/#organization\"},\"potentialAction\":[{\"@type\":\"SearchAction\",\"target\":{\"@type\":\"EntryPoint\",\"urlTemplate\":\"https:\\\/\\\/staging.pitenis.eu\\\/fr\\\/?s={search_term_string}\"},\"query-input\":{\"@type\":\"PropertyValueSpecification\",\"valueRequired\":true,\"valueName\":\"search_term_string\"}}],\"inLanguage\":\"fr-FR\"},{\"@type\":\"Organization\",\"@id\":\"https:\\\/\\\/staging.pitenis.eu\\\/fr\\\/#organization\",\"name\":\"Pitenis Shop | &#039;\u0395\u03c4\u03bf\u03b9\u03bc\u03b5\u03c2 \u03c3\u03b1\u03bb\u03ac\u03c4\u03b5\u03c2\",\"url\":\"https:\\\/\\\/staging.pitenis.eu\\\/fr\\\/\",\"logo\":{\"@type\":\"ImageObject\",\"inLanguage\":\"fr-FR\",\"@id\":\"https:\\\/\\\/staging.pitenis.eu\\\/fr\\\/#\\\/schema\\\/logo\\\/image\\\/\",\"url\":\"https:\\\/\\\/staging.pitenis.eu\\\/wp-content\\\/uploads\\\/2025\\\/04\\\/cropped-pitenis_logo.png\",\"contentUrl\":\"https:\\\/\\\/staging.pitenis.eu\\\/wp-content\\\/uploads\\\/2025\\\/04\\\/cropped-pitenis_logo.png\",\"width\":172,\"height\":74,\"caption\":\"Pitenis Shop | &#039;\u0395\u03c4\u03bf\u03b9\u03bc\u03b5\u03c2 \u03c3\u03b1\u03bb\u03ac\u03c4\u03b5\u03c2\"},\"image\":{\"@id\":\"https:\\\/\\\/staging.pitenis.eu\\\/fr\\\/#\\\/schema\\\/logo\\\/image\\\/\"}}]}<\/script>\n<!-- \/ Yoast SEO plugin. -->","yoast_head_json":{"title":"Ouzomisation de la p\u00eache - Pitenis Shop | &#039;\u0395\u03c4\u03bf\u03b9\u03bc\u03b5\u03c2 \u03c3\u03b1\u03bb\u03ac\u03c4\u03b5\u03c2","robots":{"index":"index","follow":"follow","max-snippet":"max-snippet:-1","max-image-preview":"max-image-preview:large","max-video-preview":"max-video-preview:-1"},"canonical":"https:\/\/staging.pitenis.eu\/fr\/produit\/ouzomisation-de-la-peche\/","og_locale":"fr_FR","og_type":"article","og_title":"Ouzomisation de la p\u00eache - Pitenis Shop | &#039;\u0395\u03c4\u03bf\u03b9\u03bc\u03b5\u03c2 \u03c3\u03b1\u03bb\u03ac\u03c4\u03b5\u03c2","og_description":"Savourez la composition unique de la vari\u00e9t\u00e9 de fruits de mer avec du hareng fum\u00e9, du maquereau, du chiro et des cornichons, marin\u00e9s dans des \u00e9pices aromatiques. La riche saveur et la pr\u00e9sence combin\u00e9e de divers fruits de mer cr\u00e9ent une exp\u00e9rience gustative exceptionnelle. Id\u00e9al pour les ap\u00e9ritifs, les salades ou comme amuse-gueule traditionnel avec votre boisson pr\u00e9f\u00e9r\u00e9e.","og_url":"https:\/\/staging.pitenis.eu\/fr\/produit\/ouzomisation-de-la-peche\/","og_site_name":"Pitenis Shop | &#039;\u0395\u03c4\u03bf\u03b9\u03bc\u03b5\u03c2 \u03c3\u03b1\u03bb\u03ac\u03c4\u03b5\u03c2","article_modified_time":"2025-08-14T09:57:13+00:00","og_image":[{"width":1000,"height":1000,"url":"https:\/\/staging.pitenis.eu\/wp-content\/uploads\/2025\/06\/\u039f\u03a5\u0396\u039f\u039c\u0395\u0396\u0395\u03a3_\u03a8\u0391\u03a1\u0399\u039a\u03a9\u039d.png","type":"image\/png"}],"twitter_card":"summary_large_image","twitter_misc":{"Dur\u00e9e de lecture estim\u00e9e":"1 minute"},"schema":{"@context":"https:\/\/schema.org","@graph":[{"@type":"WebPage","@id":"https:\/\/staging.pitenis.eu\/fr\/produit\/ouzomisation-de-la-peche\/","url":"https:\/\/staging.pitenis.eu\/fr\/produit\/ouzomisation-de-la-peche\/","name":"Ouzomisation de la p\u00eache - Pitenis Shop | &#039;\u0395\u03c4\u03bf\u03b9\u03bc\u03b5\u03c2 \u03c3\u03b1\u03bb\u03ac\u03c4\u03b5\u03c2","isPartOf":{"@id":"https:\/\/staging.pitenis.eu\/fr\/#website"},"primaryImageOfPage":{"@id":"https:\/\/staging.pitenis.eu\/fr\/produit\/ouzomisation-de-la-peche\/#primaryimage"},"image":{"@id":"https:\/\/staging.pitenis.eu\/fr\/produit\/ouzomisation-de-la-peche\/#primaryimage"},"thumbnailUrl":"https:\/\/staging.pitenis.eu\/wp-content\/uploads\/2025\/06\/\u039f\u03a5\u0396\u039f\u039c\u0395\u0396\u0395\u03a3_\u03a8\u0391\u03a1\u0399\u039a\u03a9\u039d.png","datePublished":"2025-06-03T22:13:25+00:00","dateModified":"2025-08-14T09:57:13+00:00","breadcrumb":{"@id":"https:\/\/staging.pitenis.eu\/fr\/produit\/ouzomisation-de-la-peche\/#breadcrumb"},"inLanguage":"fr-FR","potentialAction":[{"@type":"ReadAction","target":["https:\/\/staging.pitenis.eu\/fr\/produit\/ouzomisation-de-la-peche\/"]}]},{"@type":"ImageObject","inLanguage":"fr-FR","@id":"https:\/\/staging.pitenis.eu\/fr\/produit\/ouzomisation-de-la-peche\/#primaryimage","url":"https:\/\/staging.pitenis.eu\/wp-content\/uploads\/2025\/06\/\u039f\u03a5\u0396\u039f\u039c\u0395\u0396\u0395\u03a3_\u03a8\u0391\u03a1\u0399\u039a\u03a9\u039d.png","contentUrl":"https:\/\/staging.pitenis.eu\/wp-content\/uploads\/2025\/06\/\u039f\u03a5\u0396\u039f\u039c\u0395\u0396\u0395\u03a3_\u03a8\u0391\u03a1\u0399\u039a\u03a9\u039d.png","width":1000,"height":1000},{"@type":"BreadcrumbList","@id":"https:\/\/staging.pitenis.eu\/fr\/produit\/ouzomisation-de-la-peche\/#breadcrumb","itemListElement":[{"@type":"ListItem","position":1,"name":"Home","item":"https:\/\/staging.pitenis.eu\/fr\/"},{"@type":"ListItem","position":2,"name":"Boutique","item":"https:\/\/staging.pitenis.eu\/%ce%ba%ce%b1%cf%84%ce%ac%cf%83%cf%84%ce%b7%ce%bc%ce%b1\/"},{"@type":"ListItem","position":3,"name":"Ouzomisation de la p\u00eache"}]},{"@type":"WebSite","@id":"https:\/\/staging.pitenis.eu\/fr\/#website","url":"https:\/\/staging.pitenis.eu\/fr\/","name":"Pitenis Shop | &#039;\u0395\u03c4\u03bf\u03b9\u03bc\u03b5\u03c2 \u03c3\u03b1\u03bb\u03ac\u03c4\u03b5\u03c2","description":"\u03b1\u03bb\u03bf\u03b9\u03c6\u03ad\u03c2, \u03c8\u03b1\u03c1\u03b9\u03ba\u03ac, \u03c4\u03bf\u03c5\u03c1\u03c3\u03ac\u03ba\u03b9\u03b1","publisher":{"@id":"https:\/\/staging.pitenis.eu\/fr\/#organization"},"potentialAction":[{"@type":"SearchAction","target":{"@type":"EntryPoint","urlTemplate":"https:\/\/staging.pitenis.eu\/fr\/?s={search_term_string}"},"query-input":{"@type":"PropertyValueSpecification","valueRequired":true,"valueName":"search_term_string"}}],"inLanguage":"fr-FR"},{"@type":"Organization","@id":"https:\/\/staging.pitenis.eu\/fr\/#organization","name":"Pitenis Shop | &#039;\u0395\u03c4\u03bf\u03b9\u03bc\u03b5\u03c2 \u03c3\u03b1\u03bb\u03ac\u03c4\u03b5\u03c2","url":"https:\/\/staging.pitenis.eu\/fr\/","logo":{"@type":"ImageObject","inLanguage":"fr-FR","@id":"https:\/\/staging.pitenis.eu\/fr\/#\/schema\/logo\/image\/","url":"https:\/\/staging.pitenis.eu\/wp-content\/uploads\/2025\/04\/cropped-pitenis_logo.png","contentUrl":"https:\/\/staging.pitenis.eu\/wp-content\/uploads\/2025\/04\/cropped-pitenis_logo.png","width":172,"height":74,"caption":"Pitenis Shop | &#039;\u0395\u03c4\u03bf\u03b9\u03bc\u03b5\u03c2 \u03c3\u03b1\u03bb\u03ac\u03c4\u03b5\u03c2"},"image":{"@id":"https:\/\/staging.pitenis.eu\/fr\/#\/schema\/logo\/image\/"}}]}},"_links":{"self":[{"href":"https:\/\/staging.pitenis.eu\/fr\/wp-json\/wp\/v2\/product\/12204","targetHints":{"allow":["GET"]}}],"collection":[{"href":"https:\/\/staging.pitenis.eu\/fr\/wp-json\/wp\/v2\/product"}],"about":[{"href":"https:\/\/staging.pitenis.eu\/fr\/wp-json\/wp\/v2\/types\/product"}],"replies":[{"embeddable":true,"href":"https:\/\/staging.pitenis.eu\/fr\/wp-json\/wp\/v2\/comments?post=12204"}],"wp:featuredmedia":[{"embeddable":true,"href":"https:\/\/staging.pitenis.eu\/fr\/wp-json\/wp\/v2\/media\/15115"}],"wp:attachment":[{"href":"https:\/\/staging.pitenis.eu\/fr\/wp-json\/wp\/v2\/media?parent=12204"}],"wp:term":[{"taxonomy":"product_cat","embeddable":true,"href":"https:\/\/staging.pitenis.eu\/fr\/wp-json\/wp\/v2\/product_cat?post=12204"},{"taxonomy":"product_tag","embeddable":true,"href":"https:\/\/staging.pitenis.eu\/fr\/wp-json\/wp\/v2\/product_tag?post=12204"}],"curies":[{"name":"wp","href":"https:\/\/api.w.org\/{rel}","templated":true}]}}