{"id":12192,"date":"2025-06-03T22:13:32","date_gmt":"2025-06-03T22:13:32","guid":{"rendered":"https:\/\/e-shop.advonpitenis.eu\/product\/octopus-plokami-poulpe-coupe-en-rondelles\/"},"modified":"2025-08-14T09:57:26","modified_gmt":"2025-08-14T09:57:26","slug":"octopus-plokami-poulpe-coupe-en-rondelles","status":"publish","type":"product","link":"https:\/\/staging.pitenis.eu\/fr\/produit\/octopus-plokami-poulpe-coupe-en-rondelles\/","title":{"rendered":"Octopus Plokami Poulpe coup\u00e9 en rondelles"},"content":{"rendered":"<p><span style=\"font-weight: bold;\">Ingr\u00e9dients<\/span><br \/><span style='font-weight: bold; '>Ingr\u00e9dients :<\/span> tentacule de <span style='font-weight: bold; '>poulpe<\/span> (Octapus vulgaris), huile de tournesol, vinaigre, poivre de Mac\u00e9doine, sel, sucre, \u00e9pices<br class=\"new-line\">.Zone de capture : FAO 34 CA AtlantiqueCapture<br class=\"new-line\">au chalut<br class=\"new-line\"><\/p>\n<p><span style=\"font-weight: bold;\">Combinaisons &#8211; suggestions d&rsquo;utilisation-<\/span><br \/>Savourez le tentacule de poulpe vinaigr\u00e9 en entr\u00e9e, servi avec du pain frais.<br \/>&#8211; Ajoutez le poulpe \u00e0 une salade avec des tomates, des concombres, des oignons et de l&rsquo;huile d&rsquo;olive extra vierge pour un repas d&rsquo;\u00e9t\u00e9 frais.<br \/>&#8211; Utilisez le poulpe en lamelles dans les p\u00e2tes ou le risotto pour ajouter une riche saveur de fruits de mer.<br \/>&#8211; Ajoutez le poulpe en lamelles \u00e0 une salade fra\u00eeche avec du ma\u00efs, des poireaux et de l&rsquo;huile de citron pour une option sophistiqu\u00e9e.<br \/>&#8211; Ajoutez le poulpe \u00e0 une pizza avec des tomates fra\u00eeches, de la feta et des herbes fra\u00eeches pour une exp\u00e9rience gastronomique unique.                                                                                                                                                &#8211; Le vinaigre de poulpe \u00e0 tentacules est un ap\u00e9ritif estival qui sent la mer, le soleil, l&rsquo;ouzo froid et la bonne compagnie !                                                                                                        <\/span>Recette : <\/span>Plokami Pitenis de poulpe avec salade de pommes de terre Nasty <br \/><\/span>Ingr\u00e9dients<br \/><\/span> &#8211; 400 g Plokami Pitenis de poulpe<br \/> &#8211; 200 g Sauce tomate maison Pitenis<br \/> &#8211; 100 g Ketchup Diamond Pitenis<br \/> &#8211; 100 g Oignon sec <br \/>&#8211; 70 g Poivre Florina Pitenis<br \/> &#8211; 50 g Tomates s\u00e9ch\u00e9es au soleil Pitenis<br \/>&#8211; 50 ml Tsipouro \u00e0 l&rsquo;anis &#8211; 40 ml Anis<br \/>&#8211; 40 ml d&rsquo;huile d&rsquo;olive extra vierge \u00ab\u00a0Erotokritos\u00a0\u00bb <br \/>&#8211; 20 g de pulpe d&rsquo;ail Pitenis<br \/>&#8211; Poivre rouge fum\u00e9 <br \/>&#8211; M\u00e9lange de poivres <br \/>&#8211; \u00c9pices de laurier <br \/>Ex\u00e9cution<br \/><\/span> Dans une po\u00eale antiadh\u00e9sive, ajoutez l&rsquo;huile d&rsquo;olive extra vierge \u00ab\u00a0Erotokritos\u00a0\u00bb.<br \/>Faire revenir l&rsquo;oignon sec, l&rsquo;ail, la tentacule de poulpe et ajouter le tsipouro anis\u00e9. <br \/>Laisser l&rsquo;alcool s&rsquo;\u00e9vaporer et ajouter la sauce maison, les tomates s\u00e9ch\u00e9es, le poivre Florina, le Ketchup Diamond, les \u00e9pices et porter \u00e0 \u00e9bullition. <br \/>Assaisonner la salade de pommes de terre avec l&rsquo;huile d&rsquo;olive et la mettre sur une assiette avec du persil hach\u00e9 et de l&rsquo;huile d&rsquo;olive.<\/p>\n","protected":false},"excerpt":{"rendered":"<p>Le poulpe Plokami Xidato est un mets unique au go\u00fbt d\u00e9licieux. Le poulpe est bouilli dans un bouillon au curry, puis marin\u00e9 avec des \u00e9pices et du poivre de Mac\u00e9doine pour une saveur intense. Ce processus combin\u00e9 conf\u00e8re au poulpe une acidit\u00e9 particuli\u00e8re et des saveurs riches qui en font un plat d\u00e9licieux pour toutes les occasions.<\/p>\n","protected":false},"featured_media":15124,"comment_status":"closed","ping_status":"closed","template":"","meta":{"_acf_changed":false},"product_cat":[307,340],"product_tag":[],"class_list":{"0":"post-12192","1":"product","2":"type-product","3":"status-publish","4":"has-post-thumbnail","6":"product_cat-fruits-de-mer","7":"product_cat-lenten-dishes-fr","9":"first","10":"instock","11":"taxable","12":"shipping-taxable","13":"purchasable","14":"product-type-variable"},"acf":[],"yoast_head":"<!-- This site is optimized with the Yoast SEO plugin v27.4 - https:\/\/yoast.com\/product\/yoast-seo-wordpress\/ -->\n<title>Octopus Plokami Poulpe coup\u00e9 en rondelles - Pitenis Shop | &#039;\u0395\u03c4\u03bf\u03b9\u03bc\u03b5\u03c2 \u03c3\u03b1\u03bb\u03ac\u03c4\u03b5\u03c2<\/title>\n<meta name=\"robots\" content=\"index, follow, max-snippet:-1, max-image-preview:large, max-video-preview:-1\" \/>\n<link rel=\"canonical\" href=\"https:\/\/staging.pitenis.eu\/fr\/produit\/octopus-plokami-poulpe-coupe-en-rondelles\/\" \/>\n<meta property=\"og:locale\" content=\"fr_FR\" \/>\n<meta property=\"og:type\" content=\"article\" \/>\n<meta property=\"og:title\" content=\"Octopus Plokami Poulpe coup\u00e9 en rondelles - Pitenis Shop | &#039;\u0395\u03c4\u03bf\u03b9\u03bc\u03b5\u03c2 \u03c3\u03b1\u03bb\u03ac\u03c4\u03b5\u03c2\" \/>\n<meta property=\"og:description\" content=\"Le poulpe Plokami Xidato est un mets unique au go\u00fbt d\u00e9licieux. Le poulpe est bouilli dans un bouillon au curry, puis marin\u00e9 avec des \u00e9pices et du poivre de Mac\u00e9doine pour une saveur intense. Ce processus combin\u00e9 conf\u00e8re au poulpe une acidit\u00e9 particuli\u00e8re et des saveurs riches qui en font un plat d\u00e9licieux pour toutes les occasions.\" \/>\n<meta property=\"og:url\" content=\"https:\/\/staging.pitenis.eu\/fr\/produit\/octopus-plokami-poulpe-coupe-en-rondelles\/\" \/>\n<meta property=\"og:site_name\" content=\"Pitenis Shop | &#039;\u0395\u03c4\u03bf\u03b9\u03bc\u03b5\u03c2 \u03c3\u03b1\u03bb\u03ac\u03c4\u03b5\u03c2\" \/>\n<meta property=\"article:modified_time\" content=\"2025-08-14T09:57:26+00:00\" \/>\n<meta property=\"og:image\" content=\"https:\/\/staging.pitenis.eu\/wp-content\/uploads\/2025\/06\/\u03a7\u03a4\u0391\u03a0\u039f\u0394\u0399_\u0392\u03a1\u0391\u03a3\u03a4\u039f.png\" \/>\n\t<meta property=\"og:image:width\" content=\"1000\" \/>\n\t<meta property=\"og:image:height\" content=\"1000\" \/>\n\t<meta property=\"og:image:type\" content=\"image\/png\" \/>\n<meta name=\"twitter:card\" content=\"summary_large_image\" \/>\n<meta name=\"twitter:label1\" content=\"Dur\u00e9e de lecture estim\u00e9e\" \/>\n\t<meta name=\"twitter:data1\" content=\"2 minutes\" \/>\n<script type=\"application\/ld+json\" class=\"yoast-schema-graph\">{\"@context\":\"https:\\\/\\\/schema.org\",\"@graph\":[{\"@type\":\"WebPage\",\"@id\":\"https:\\\/\\\/staging.pitenis.eu\\\/fr\\\/produit\\\/octopus-plokami-poulpe-coupe-en-rondelles\\\/\",\"url\":\"https:\\\/\\\/staging.pitenis.eu\\\/fr\\\/produit\\\/octopus-plokami-poulpe-coupe-en-rondelles\\\/\",\"name\":\"Octopus Plokami Poulpe coup\u00e9 en rondelles - Pitenis Shop | &#039;\u0395\u03c4\u03bf\u03b9\u03bc\u03b5\u03c2 \u03c3\u03b1\u03bb\u03ac\u03c4\u03b5\u03c2\",\"isPartOf\":{\"@id\":\"https:\\\/\\\/staging.pitenis.eu\\\/fr\\\/#website\"},\"primaryImageOfPage\":{\"@id\":\"https:\\\/\\\/staging.pitenis.eu\\\/fr\\\/produit\\\/octopus-plokami-poulpe-coupe-en-rondelles\\\/#primaryimage\"},\"image\":{\"@id\":\"https:\\\/\\\/staging.pitenis.eu\\\/fr\\\/produit\\\/octopus-plokami-poulpe-coupe-en-rondelles\\\/#primaryimage\"},\"thumbnailUrl\":\"https:\\\/\\\/staging.pitenis.eu\\\/wp-content\\\/uploads\\\/2025\\\/06\\\/\u03a7\u03a4\u0391\u03a0\u039f\u0394\u0399_\u0392\u03a1\u0391\u03a3\u03a4\u039f.png\",\"datePublished\":\"2025-06-03T22:13:32+00:00\",\"dateModified\":\"2025-08-14T09:57:26+00:00\",\"breadcrumb\":{\"@id\":\"https:\\\/\\\/staging.pitenis.eu\\\/fr\\\/produit\\\/octopus-plokami-poulpe-coupe-en-rondelles\\\/#breadcrumb\"},\"inLanguage\":\"fr-FR\",\"potentialAction\":[{\"@type\":\"ReadAction\",\"target\":[\"https:\\\/\\\/staging.pitenis.eu\\\/fr\\\/produit\\\/octopus-plokami-poulpe-coupe-en-rondelles\\\/\"]}]},{\"@type\":\"ImageObject\",\"inLanguage\":\"fr-FR\",\"@id\":\"https:\\\/\\\/staging.pitenis.eu\\\/fr\\\/produit\\\/octopus-plokami-poulpe-coupe-en-rondelles\\\/#primaryimage\",\"url\":\"https:\\\/\\\/staging.pitenis.eu\\\/wp-content\\\/uploads\\\/2025\\\/06\\\/\u03a7\u03a4\u0391\u03a0\u039f\u0394\u0399_\u0392\u03a1\u0391\u03a3\u03a4\u039f.png\",\"contentUrl\":\"https:\\\/\\\/staging.pitenis.eu\\\/wp-content\\\/uploads\\\/2025\\\/06\\\/\u03a7\u03a4\u0391\u03a0\u039f\u0394\u0399_\u0392\u03a1\u0391\u03a3\u03a4\u039f.png\",\"width\":1000,\"height\":1000},{\"@type\":\"BreadcrumbList\",\"@id\":\"https:\\\/\\\/staging.pitenis.eu\\\/fr\\\/produit\\\/octopus-plokami-poulpe-coupe-en-rondelles\\\/#breadcrumb\",\"itemListElement\":[{\"@type\":\"ListItem\",\"position\":1,\"name\":\"Home\",\"item\":\"https:\\\/\\\/staging.pitenis.eu\\\/fr\\\/\"},{\"@type\":\"ListItem\",\"position\":2,\"name\":\"Boutique\",\"item\":\"https:\\\/\\\/staging.pitenis.eu\\\/%ce%ba%ce%b1%cf%84%ce%ac%cf%83%cf%84%ce%b7%ce%bc%ce%b1\\\/\"},{\"@type\":\"ListItem\",\"position\":3,\"name\":\"Octopus Plokami Poulpe coup\u00e9 en rondelles\"}]},{\"@type\":\"WebSite\",\"@id\":\"https:\\\/\\\/staging.pitenis.eu\\\/fr\\\/#website\",\"url\":\"https:\\\/\\\/staging.pitenis.eu\\\/fr\\\/\",\"name\":\"Pitenis Shop | &#039;\u0395\u03c4\u03bf\u03b9\u03bc\u03b5\u03c2 \u03c3\u03b1\u03bb\u03ac\u03c4\u03b5\u03c2\",\"description\":\"\u03b1\u03bb\u03bf\u03b9\u03c6\u03ad\u03c2, \u03c8\u03b1\u03c1\u03b9\u03ba\u03ac, \u03c4\u03bf\u03c5\u03c1\u03c3\u03ac\u03ba\u03b9\u03b1\",\"publisher\":{\"@id\":\"https:\\\/\\\/staging.pitenis.eu\\\/fr\\\/#organization\"},\"potentialAction\":[{\"@type\":\"SearchAction\",\"target\":{\"@type\":\"EntryPoint\",\"urlTemplate\":\"https:\\\/\\\/staging.pitenis.eu\\\/fr\\\/?s={search_term_string}\"},\"query-input\":{\"@type\":\"PropertyValueSpecification\",\"valueRequired\":true,\"valueName\":\"search_term_string\"}}],\"inLanguage\":\"fr-FR\"},{\"@type\":\"Organization\",\"@id\":\"https:\\\/\\\/staging.pitenis.eu\\\/fr\\\/#organization\",\"name\":\"Pitenis Shop | &#039;\u0395\u03c4\u03bf\u03b9\u03bc\u03b5\u03c2 \u03c3\u03b1\u03bb\u03ac\u03c4\u03b5\u03c2\",\"url\":\"https:\\\/\\\/staging.pitenis.eu\\\/fr\\\/\",\"logo\":{\"@type\":\"ImageObject\",\"inLanguage\":\"fr-FR\",\"@id\":\"https:\\\/\\\/staging.pitenis.eu\\\/fr\\\/#\\\/schema\\\/logo\\\/image\\\/\",\"url\":\"https:\\\/\\\/staging.pitenis.eu\\\/wp-content\\\/uploads\\\/2025\\\/04\\\/cropped-pitenis_logo.png\",\"contentUrl\":\"https:\\\/\\\/staging.pitenis.eu\\\/wp-content\\\/uploads\\\/2025\\\/04\\\/cropped-pitenis_logo.png\",\"width\":172,\"height\":74,\"caption\":\"Pitenis Shop | &#039;\u0395\u03c4\u03bf\u03b9\u03bc\u03b5\u03c2 \u03c3\u03b1\u03bb\u03ac\u03c4\u03b5\u03c2\"},\"image\":{\"@id\":\"https:\\\/\\\/staging.pitenis.eu\\\/fr\\\/#\\\/schema\\\/logo\\\/image\\\/\"}}]}<\/script>\n<!-- \/ Yoast SEO plugin. -->","yoast_head_json":{"title":"Octopus Plokami Poulpe coup\u00e9 en rondelles - Pitenis Shop | &#039;\u0395\u03c4\u03bf\u03b9\u03bc\u03b5\u03c2 \u03c3\u03b1\u03bb\u03ac\u03c4\u03b5\u03c2","robots":{"index":"index","follow":"follow","max-snippet":"max-snippet:-1","max-image-preview":"max-image-preview:large","max-video-preview":"max-video-preview:-1"},"canonical":"https:\/\/staging.pitenis.eu\/fr\/produit\/octopus-plokami-poulpe-coupe-en-rondelles\/","og_locale":"fr_FR","og_type":"article","og_title":"Octopus Plokami Poulpe coup\u00e9 en rondelles - Pitenis Shop | &#039;\u0395\u03c4\u03bf\u03b9\u03bc\u03b5\u03c2 \u03c3\u03b1\u03bb\u03ac\u03c4\u03b5\u03c2","og_description":"Le poulpe Plokami Xidato est un mets unique au go\u00fbt d\u00e9licieux. Le poulpe est bouilli dans un bouillon au curry, puis marin\u00e9 avec des \u00e9pices et du poivre de Mac\u00e9doine pour une saveur intense. Ce processus combin\u00e9 conf\u00e8re au poulpe une acidit\u00e9 particuli\u00e8re et des saveurs riches qui en font un plat d\u00e9licieux pour toutes les occasions.","og_url":"https:\/\/staging.pitenis.eu\/fr\/produit\/octopus-plokami-poulpe-coupe-en-rondelles\/","og_site_name":"Pitenis Shop | &#039;\u0395\u03c4\u03bf\u03b9\u03bc\u03b5\u03c2 \u03c3\u03b1\u03bb\u03ac\u03c4\u03b5\u03c2","article_modified_time":"2025-08-14T09:57:26+00:00","og_image":[{"width":1000,"height":1000,"url":"https:\/\/staging.pitenis.eu\/wp-content\/uploads\/2025\/06\/\u03a7\u03a4\u0391\u03a0\u039f\u0394\u0399_\u0392\u03a1\u0391\u03a3\u03a4\u039f.png","type":"image\/png"}],"twitter_card":"summary_large_image","twitter_misc":{"Dur\u00e9e de lecture estim\u00e9e":"2 minutes"},"schema":{"@context":"https:\/\/schema.org","@graph":[{"@type":"WebPage","@id":"https:\/\/staging.pitenis.eu\/fr\/produit\/octopus-plokami-poulpe-coupe-en-rondelles\/","url":"https:\/\/staging.pitenis.eu\/fr\/produit\/octopus-plokami-poulpe-coupe-en-rondelles\/","name":"Octopus Plokami Poulpe coup\u00e9 en rondelles - Pitenis Shop | &#039;\u0395\u03c4\u03bf\u03b9\u03bc\u03b5\u03c2 \u03c3\u03b1\u03bb\u03ac\u03c4\u03b5\u03c2","isPartOf":{"@id":"https:\/\/staging.pitenis.eu\/fr\/#website"},"primaryImageOfPage":{"@id":"https:\/\/staging.pitenis.eu\/fr\/produit\/octopus-plokami-poulpe-coupe-en-rondelles\/#primaryimage"},"image":{"@id":"https:\/\/staging.pitenis.eu\/fr\/produit\/octopus-plokami-poulpe-coupe-en-rondelles\/#primaryimage"},"thumbnailUrl":"https:\/\/staging.pitenis.eu\/wp-content\/uploads\/2025\/06\/\u03a7\u03a4\u0391\u03a0\u039f\u0394\u0399_\u0392\u03a1\u0391\u03a3\u03a4\u039f.png","datePublished":"2025-06-03T22:13:32+00:00","dateModified":"2025-08-14T09:57:26+00:00","breadcrumb":{"@id":"https:\/\/staging.pitenis.eu\/fr\/produit\/octopus-plokami-poulpe-coupe-en-rondelles\/#breadcrumb"},"inLanguage":"fr-FR","potentialAction":[{"@type":"ReadAction","target":["https:\/\/staging.pitenis.eu\/fr\/produit\/octopus-plokami-poulpe-coupe-en-rondelles\/"]}]},{"@type":"ImageObject","inLanguage":"fr-FR","@id":"https:\/\/staging.pitenis.eu\/fr\/produit\/octopus-plokami-poulpe-coupe-en-rondelles\/#primaryimage","url":"https:\/\/staging.pitenis.eu\/wp-content\/uploads\/2025\/06\/\u03a7\u03a4\u0391\u03a0\u039f\u0394\u0399_\u0392\u03a1\u0391\u03a3\u03a4\u039f.png","contentUrl":"https:\/\/staging.pitenis.eu\/wp-content\/uploads\/2025\/06\/\u03a7\u03a4\u0391\u03a0\u039f\u0394\u0399_\u0392\u03a1\u0391\u03a3\u03a4\u039f.png","width":1000,"height":1000},{"@type":"BreadcrumbList","@id":"https:\/\/staging.pitenis.eu\/fr\/produit\/octopus-plokami-poulpe-coupe-en-rondelles\/#breadcrumb","itemListElement":[{"@type":"ListItem","position":1,"name":"Home","item":"https:\/\/staging.pitenis.eu\/fr\/"},{"@type":"ListItem","position":2,"name":"Boutique","item":"https:\/\/staging.pitenis.eu\/%ce%ba%ce%b1%cf%84%ce%ac%cf%83%cf%84%ce%b7%ce%bc%ce%b1\/"},{"@type":"ListItem","position":3,"name":"Octopus Plokami Poulpe coup\u00e9 en rondelles"}]},{"@type":"WebSite","@id":"https:\/\/staging.pitenis.eu\/fr\/#website","url":"https:\/\/staging.pitenis.eu\/fr\/","name":"Pitenis Shop | &#039;\u0395\u03c4\u03bf\u03b9\u03bc\u03b5\u03c2 \u03c3\u03b1\u03bb\u03ac\u03c4\u03b5\u03c2","description":"\u03b1\u03bb\u03bf\u03b9\u03c6\u03ad\u03c2, \u03c8\u03b1\u03c1\u03b9\u03ba\u03ac, \u03c4\u03bf\u03c5\u03c1\u03c3\u03ac\u03ba\u03b9\u03b1","publisher":{"@id":"https:\/\/staging.pitenis.eu\/fr\/#organization"},"potentialAction":[{"@type":"SearchAction","target":{"@type":"EntryPoint","urlTemplate":"https:\/\/staging.pitenis.eu\/fr\/?s={search_term_string}"},"query-input":{"@type":"PropertyValueSpecification","valueRequired":true,"valueName":"search_term_string"}}],"inLanguage":"fr-FR"},{"@type":"Organization","@id":"https:\/\/staging.pitenis.eu\/fr\/#organization","name":"Pitenis Shop | &#039;\u0395\u03c4\u03bf\u03b9\u03bc\u03b5\u03c2 \u03c3\u03b1\u03bb\u03ac\u03c4\u03b5\u03c2","url":"https:\/\/staging.pitenis.eu\/fr\/","logo":{"@type":"ImageObject","inLanguage":"fr-FR","@id":"https:\/\/staging.pitenis.eu\/fr\/#\/schema\/logo\/image\/","url":"https:\/\/staging.pitenis.eu\/wp-content\/uploads\/2025\/04\/cropped-pitenis_logo.png","contentUrl":"https:\/\/staging.pitenis.eu\/wp-content\/uploads\/2025\/04\/cropped-pitenis_logo.png","width":172,"height":74,"caption":"Pitenis Shop | &#039;\u0395\u03c4\u03bf\u03b9\u03bc\u03b5\u03c2 \u03c3\u03b1\u03bb\u03ac\u03c4\u03b5\u03c2"},"image":{"@id":"https:\/\/staging.pitenis.eu\/fr\/#\/schema\/logo\/image\/"}}]}},"_links":{"self":[{"href":"https:\/\/staging.pitenis.eu\/fr\/wp-json\/wp\/v2\/product\/12192","targetHints":{"allow":["GET"]}}],"collection":[{"href":"https:\/\/staging.pitenis.eu\/fr\/wp-json\/wp\/v2\/product"}],"about":[{"href":"https:\/\/staging.pitenis.eu\/fr\/wp-json\/wp\/v2\/types\/product"}],"replies":[{"embeddable":true,"href":"https:\/\/staging.pitenis.eu\/fr\/wp-json\/wp\/v2\/comments?post=12192"}],"wp:featuredmedia":[{"embeddable":true,"href":"https:\/\/staging.pitenis.eu\/fr\/wp-json\/wp\/v2\/media\/15124"}],"wp:attachment":[{"href":"https:\/\/staging.pitenis.eu\/fr\/wp-json\/wp\/v2\/media?parent=12192"}],"wp:term":[{"taxonomy":"product_cat","embeddable":true,"href":"https:\/\/staging.pitenis.eu\/fr\/wp-json\/wp\/v2\/product_cat?post=12192"},{"taxonomy":"product_tag","embeddable":true,"href":"https:\/\/staging.pitenis.eu\/fr\/wp-json\/wp\/v2\/product_tag?post=12192"}],"curies":[{"name":"wp","href":"https:\/\/api.w.org\/{rel}","templated":true}]}}