{"id":12188,"date":"2025-06-03T22:13:32","date_gmt":"2025-06-03T22:13:32","guid":{"rendered":"https:\/\/e-shop.advonpitenis.eu\/product\/variete-de-fruits-de-mer\/"},"modified":"2025-08-14T09:57:24","modified_gmt":"2025-08-14T09:57:24","slug":"variete-de-fruits-de-mer","status":"publish","type":"product","link":"https:\/\/staging.pitenis.eu\/fr\/produit\/variete-de-fruits-de-mer\/","title":{"rendered":"Vari\u00e9t\u00e9 de fruits de mer"},"content":{"rendered":"<p><span style=\"font-weight: bold;\">Ingr\u00e9dients<\/span><br \/><span style='font-weight: bold; '> Ingr\u00e9dients :<\/span> Huile de tournesol, 24% de<span style='font-weight: bold; '>morue<\/span> du Pacifique Sud-Est p\u00each\u00e9e librement \u00e0 la ligne<span style='font-weight: bold; '>(morue<\/span>, eau, sel, stabilisants) : acide citrique, E331, E450) &amp;<span style='font-weight: bold; '> poulpe <\/span>14% (Octapus vulgaris) du chalut de l&rsquo;Atlantique Nord-Est marin\u00e9, surimi de <span style='font-weight: bold; '>crabe<\/span> 11% [ <span style='font-weight: bold; '>poisson <\/span> blanc (Nemipterus bleekeri) du chalut du Pacifique Nord-Ouest, amidon de <span style='font-weight: bold; '>bl\u00e9<\/span>, de ma\u00efs, de pomme de terre et de tapioca, prot\u00e9ine de<span style='font-weight: bold; '> soja<\/span>, ar\u00f4me et extrait de <span style='font-weight: bold; '>crabe<\/span>, huile de soja, blanc d&rsquo;<span style='font-weight: bold; '>\u0153uf<\/span>, colorants : E120, E160c], surimi de <span style='font-weight: bold; '>crevette<\/span> 6%<span style='font-weight: bold; '>[ <\/span> 48% de<span style='font-weight: bold; '>poisson <\/span> du Pacifique Nord-Ouest (milieu hygroscopique : E420, sucre, blanc d&rsquo;<span style='font-weight: bold; '>\u0153uf<\/span>, \u00e9mulsifiants : E450iii, E451i), extrait de<span style='font-weight: bold; '> crevette<\/span>, eau, amidon de <span style='font-weight: bold; '>bl\u00e9<\/span>, prot\u00e9ine de <span style='font-weight: bold; '>soja<\/span>, colorants : E120, E170], cornichons (chou-fleur, carotte, tomate, concombre, poivrons rouges et verts, eau, sel, r\u00e9gulateurs d&rsquo;acidit\u00e9 : acide citrique, E260, conservateurs : E211, E202, <span style='font-weight: bold; '>m\u00e9tabisulfite de sodium<\/span>), vinaigre, sel, sucre, vin de riz, poivre de Mac\u00e9doine, \u00e9pices.<br class=\"new-line\"><br class=\"new-line\"><\/p>\n<p><span style=\"font-weight: bold;\">Combinaisons &#8211; suggestions d&rsquo;utilisation<\/span><br \/>&#8211; D\u00e9gustez la vari\u00e9t\u00e9 de fruits de mer directement du bocal en guise d&rsquo;ap\u00e9ritif.<br \/>&#8211; Ajoutez la vari\u00e9t\u00e9 de fruits de mer aux plats de p\u00e2tes en risotto ou en pilaf pour un repas riche et savoureux.<br \/>&#8211; Ajoutez la vari\u00e9t\u00e9 de fruits de mer \u00e0 des l\u00e9gumes r\u00f4tis pour un repas plus riche en prot\u00e9ines.<br \/>&#8211; Pr\u00e9parez une salade de fruits de mer avec la vari\u00e9t\u00e9 de fruits de mer, des l\u00e9gumes frais et des herbes aromatiques pour un repas d&rsquo;\u00e9t\u00e9 frais.<br \/>&#8211; Utilisez la vari\u00e9t\u00e9 de fruits de mer dans des sandwichs ou des tapas pour un en-cas d\u00e9licieux et nutritif.<br \/>&#8211; Ajoutez la vari\u00e9t\u00e9 de fruits de mer \u00e0 des plats de riz ou \u00e0 des cuisines d&rsquo;influence asiatique pour un voyage gustatif exotique.<br \/>&#8211; Proposez la vari\u00e9t\u00e9 de fruits de mer dans un plateau de fruits de mer pour accompagner votre boisson.<br \/>&#8211; Utilisez la vari\u00e9t\u00e9 de fruits de mer comme ingr\u00e9dient dans les sauces aux fruits de mer pour une combinaison d\u00e9lectable de saveurs.                                                                                                                          Recette :<\/span> Casserole aux fruits de mer<br \/>Ingr\u00e9dients<br \/><\/span>&#8211; 200 g de fruits de mer Pitenis<br \/>&#8211; 50 g de tomates s\u00e9ch\u00e9es Pitenis<br \/>&#8211; 150 g de salade paysanne Pitenis<br \/>&#8211; 40 ml d&rsquo;huile d&rsquo;olive extra vierge Erotokritos<br \/>&#8211; 150 g d&rsquo;orge moyen<br \/>&#8211; 1 oignon de printemps<br \/>&#8211; 1 oignon s\u00e9ch\u00e9<br \/>&#8211; 1 cuill\u00e8re \u00e0 caf\u00e9 d&rsquo;ail &#8211; Un peu d&rsquo;huile d&rsquo;olive et d&rsquo;huile d&rsquo;olive sont n\u00e9cessaires pour la pr\u00e9paration de la salade. ail<br \/>&#8211; Un peu de fenouil<br \/>&#8211; 30 ml de vin rouge<br \/>&#8211; Sucre<br \/>&#8211; Paprika fum\u00e9<br \/>&#8211; Graines de marathos<br \/>&#8211; Sel, poivre<br \/>&#8211; Bouillon de l\u00e9gumes<br \/>Ex\u00e9cution<br \/><\/span>Mettez l&rsquo;huile d&rsquo;olive dans une po\u00eale et faites-y revenir la ciboule, l&rsquo;oignon sec et le fenouil.<br \/>Coupez la vari\u00e9t\u00e9 de fruits de mer Pitenis en tranches et faites-la sauter l\u00e9g\u00e8rement.<br \/>Ajoutez l&rsquo;orzo.<br \/>Ajoutez le vin et ajoutez les tomates s\u00e9ch\u00e9es au soleil Pitenis coup\u00e9es en lani\u00e8res.<br \/>Ajouter le bouillon, la salade paysanne Pitenis, les graines de fenouil \u00e9cras\u00e9es et le paprika fum\u00e9.<br \/>Faire bouillir jusqu&rsquo;\u00e0 ce que l&rsquo;orzo remonte \u00e0 la surface.<br \/>Saler, poivrer et servir.<\/p>\n","protected":false},"excerpt":{"rendered":"<p>La vari\u00e9t\u00e9 unique des fruits de mer offre une exp\u00e9rience gastronomique unique. Le poulpe et le calmar sont bouillis et marin\u00e9s dans du vinaigre de vin, des cornichons et du surimi de crabe, tandis que le homard et les crevettes sont marin\u00e9s dans des \u00e9pices. Le r\u00e9sultat est une combinaison id\u00e9ale de saveurs qui satisfait les sens.<\/p>\n","protected":false},"featured_media":15127,"comment_status":"closed","ping_status":"closed","template":"","meta":{"_acf_changed":false},"product_cat":[307,340],"product_tag":[],"class_list":{"0":"post-12188","1":"product","2":"type-product","3":"status-publish","4":"has-post-thumbnail","6":"product_cat-fruits-de-mer","7":"product_cat-lenten-dishes-fr","9":"first","10":"instock","11":"taxable","12":"shipping-taxable","13":"purchasable","14":"product-type-variable"},"acf":[],"yoast_head":"<!-- This site is optimized with the Yoast SEO plugin v27.4 - https:\/\/yoast.com\/product\/yoast-seo-wordpress\/ -->\n<title>Vari\u00e9t\u00e9 de fruits de mer - Pitenis Shop | &#039;\u0395\u03c4\u03bf\u03b9\u03bc\u03b5\u03c2 \u03c3\u03b1\u03bb\u03ac\u03c4\u03b5\u03c2<\/title>\n<meta name=\"robots\" content=\"index, follow, max-snippet:-1, max-image-preview:large, max-video-preview:-1\" \/>\n<link rel=\"canonical\" href=\"https:\/\/staging.pitenis.eu\/fr\/produit\/variete-de-fruits-de-mer\/\" \/>\n<meta property=\"og:locale\" content=\"fr_FR\" \/>\n<meta property=\"og:type\" content=\"article\" \/>\n<meta property=\"og:title\" content=\"Vari\u00e9t\u00e9 de fruits de mer - Pitenis Shop | &#039;\u0395\u03c4\u03bf\u03b9\u03bc\u03b5\u03c2 \u03c3\u03b1\u03bb\u03ac\u03c4\u03b5\u03c2\" \/>\n<meta property=\"og:description\" content=\"La vari\u00e9t\u00e9 unique des fruits de mer offre une exp\u00e9rience gastronomique unique. Le poulpe et le calmar sont bouillis et marin\u00e9s dans du vinaigre de vin, des cornichons et du surimi de crabe, tandis que le homard et les crevettes sont marin\u00e9s dans des \u00e9pices. Le r\u00e9sultat est une combinaison id\u00e9ale de saveurs qui satisfait les sens.\" \/>\n<meta property=\"og:url\" content=\"https:\/\/staging.pitenis.eu\/fr\/produit\/variete-de-fruits-de-mer\/\" \/>\n<meta property=\"og:site_name\" content=\"Pitenis Shop | &#039;\u0395\u03c4\u03bf\u03b9\u03bc\u03b5\u03c2 \u03c3\u03b1\u03bb\u03ac\u03c4\u03b5\u03c2\" \/>\n<meta property=\"article:modified_time\" content=\"2025-08-14T09:57:24+00:00\" \/>\n<meta property=\"og:image\" content=\"https:\/\/staging.pitenis.eu\/wp-content\/uploads\/2025\/06\/\u03a0\u039f\u0399\u039a\u0399\u039b\u0399\u0391_\u0398\u0391\u039b\u0391\u03a3\u03a3\u0399\u039d\u03a9\u039d.png\" \/>\n\t<meta property=\"og:image:width\" content=\"1000\" \/>\n\t<meta property=\"og:image:height\" content=\"1000\" \/>\n\t<meta property=\"og:image:type\" content=\"image\/png\" \/>\n<meta name=\"twitter:card\" content=\"summary_large_image\" \/>\n<meta name=\"twitter:label1\" content=\"Dur\u00e9e de lecture estim\u00e9e\" \/>\n\t<meta name=\"twitter:data1\" content=\"3 minutes\" \/>\n<script type=\"application\/ld+json\" class=\"yoast-schema-graph\">{\"@context\":\"https:\\\/\\\/schema.org\",\"@graph\":[{\"@type\":\"WebPage\",\"@id\":\"https:\\\/\\\/staging.pitenis.eu\\\/fr\\\/produit\\\/variete-de-fruits-de-mer\\\/\",\"url\":\"https:\\\/\\\/staging.pitenis.eu\\\/fr\\\/produit\\\/variete-de-fruits-de-mer\\\/\",\"name\":\"Vari\u00e9t\u00e9 de fruits de mer - Pitenis Shop | &#039;\u0395\u03c4\u03bf\u03b9\u03bc\u03b5\u03c2 \u03c3\u03b1\u03bb\u03ac\u03c4\u03b5\u03c2\",\"isPartOf\":{\"@id\":\"https:\\\/\\\/staging.pitenis.eu\\\/fr\\\/#website\"},\"primaryImageOfPage\":{\"@id\":\"https:\\\/\\\/staging.pitenis.eu\\\/fr\\\/produit\\\/variete-de-fruits-de-mer\\\/#primaryimage\"},\"image\":{\"@id\":\"https:\\\/\\\/staging.pitenis.eu\\\/fr\\\/produit\\\/variete-de-fruits-de-mer\\\/#primaryimage\"},\"thumbnailUrl\":\"https:\\\/\\\/staging.pitenis.eu\\\/wp-content\\\/uploads\\\/2025\\\/06\\\/\u03a0\u039f\u0399\u039a\u0399\u039b\u0399\u0391_\u0398\u0391\u039b\u0391\u03a3\u03a3\u0399\u039d\u03a9\u039d.png\",\"datePublished\":\"2025-06-03T22:13:32+00:00\",\"dateModified\":\"2025-08-14T09:57:24+00:00\",\"breadcrumb\":{\"@id\":\"https:\\\/\\\/staging.pitenis.eu\\\/fr\\\/produit\\\/variete-de-fruits-de-mer\\\/#breadcrumb\"},\"inLanguage\":\"fr-FR\",\"potentialAction\":[{\"@type\":\"ReadAction\",\"target\":[\"https:\\\/\\\/staging.pitenis.eu\\\/fr\\\/produit\\\/variete-de-fruits-de-mer\\\/\"]}]},{\"@type\":\"ImageObject\",\"inLanguage\":\"fr-FR\",\"@id\":\"https:\\\/\\\/staging.pitenis.eu\\\/fr\\\/produit\\\/variete-de-fruits-de-mer\\\/#primaryimage\",\"url\":\"https:\\\/\\\/staging.pitenis.eu\\\/wp-content\\\/uploads\\\/2025\\\/06\\\/\u03a0\u039f\u0399\u039a\u0399\u039b\u0399\u0391_\u0398\u0391\u039b\u0391\u03a3\u03a3\u0399\u039d\u03a9\u039d.png\",\"contentUrl\":\"https:\\\/\\\/staging.pitenis.eu\\\/wp-content\\\/uploads\\\/2025\\\/06\\\/\u03a0\u039f\u0399\u039a\u0399\u039b\u0399\u0391_\u0398\u0391\u039b\u0391\u03a3\u03a3\u0399\u039d\u03a9\u039d.png\",\"width\":1000,\"height\":1000},{\"@type\":\"BreadcrumbList\",\"@id\":\"https:\\\/\\\/staging.pitenis.eu\\\/fr\\\/produit\\\/variete-de-fruits-de-mer\\\/#breadcrumb\",\"itemListElement\":[{\"@type\":\"ListItem\",\"position\":1,\"name\":\"Home\",\"item\":\"https:\\\/\\\/staging.pitenis.eu\\\/fr\\\/\"},{\"@type\":\"ListItem\",\"position\":2,\"name\":\"Boutique\",\"item\":\"https:\\\/\\\/staging.pitenis.eu\\\/%ce%ba%ce%b1%cf%84%ce%ac%cf%83%cf%84%ce%b7%ce%bc%ce%b1\\\/\"},{\"@type\":\"ListItem\",\"position\":3,\"name\":\"Vari\u00e9t\u00e9 de fruits de mer\"}]},{\"@type\":\"WebSite\",\"@id\":\"https:\\\/\\\/staging.pitenis.eu\\\/fr\\\/#website\",\"url\":\"https:\\\/\\\/staging.pitenis.eu\\\/fr\\\/\",\"name\":\"Pitenis Shop | &#039;\u0395\u03c4\u03bf\u03b9\u03bc\u03b5\u03c2 \u03c3\u03b1\u03bb\u03ac\u03c4\u03b5\u03c2\",\"description\":\"\u03b1\u03bb\u03bf\u03b9\u03c6\u03ad\u03c2, \u03c8\u03b1\u03c1\u03b9\u03ba\u03ac, \u03c4\u03bf\u03c5\u03c1\u03c3\u03ac\u03ba\u03b9\u03b1\",\"publisher\":{\"@id\":\"https:\\\/\\\/staging.pitenis.eu\\\/fr\\\/#organization\"},\"potentialAction\":[{\"@type\":\"SearchAction\",\"target\":{\"@type\":\"EntryPoint\",\"urlTemplate\":\"https:\\\/\\\/staging.pitenis.eu\\\/fr\\\/?s={search_term_string}\"},\"query-input\":{\"@type\":\"PropertyValueSpecification\",\"valueRequired\":true,\"valueName\":\"search_term_string\"}}],\"inLanguage\":\"fr-FR\"},{\"@type\":\"Organization\",\"@id\":\"https:\\\/\\\/staging.pitenis.eu\\\/fr\\\/#organization\",\"name\":\"Pitenis Shop | &#039;\u0395\u03c4\u03bf\u03b9\u03bc\u03b5\u03c2 \u03c3\u03b1\u03bb\u03ac\u03c4\u03b5\u03c2\",\"url\":\"https:\\\/\\\/staging.pitenis.eu\\\/fr\\\/\",\"logo\":{\"@type\":\"ImageObject\",\"inLanguage\":\"fr-FR\",\"@id\":\"https:\\\/\\\/staging.pitenis.eu\\\/fr\\\/#\\\/schema\\\/logo\\\/image\\\/\",\"url\":\"https:\\\/\\\/staging.pitenis.eu\\\/wp-content\\\/uploads\\\/2025\\\/04\\\/cropped-pitenis_logo.png\",\"contentUrl\":\"https:\\\/\\\/staging.pitenis.eu\\\/wp-content\\\/uploads\\\/2025\\\/04\\\/cropped-pitenis_logo.png\",\"width\":172,\"height\":74,\"caption\":\"Pitenis Shop | &#039;\u0395\u03c4\u03bf\u03b9\u03bc\u03b5\u03c2 \u03c3\u03b1\u03bb\u03ac\u03c4\u03b5\u03c2\"},\"image\":{\"@id\":\"https:\\\/\\\/staging.pitenis.eu\\\/fr\\\/#\\\/schema\\\/logo\\\/image\\\/\"}}]}<\/script>\n<!-- \/ Yoast SEO plugin. -->","yoast_head_json":{"title":"Vari\u00e9t\u00e9 de fruits de mer - Pitenis Shop | &#039;\u0395\u03c4\u03bf\u03b9\u03bc\u03b5\u03c2 \u03c3\u03b1\u03bb\u03ac\u03c4\u03b5\u03c2","robots":{"index":"index","follow":"follow","max-snippet":"max-snippet:-1","max-image-preview":"max-image-preview:large","max-video-preview":"max-video-preview:-1"},"canonical":"https:\/\/staging.pitenis.eu\/fr\/produit\/variete-de-fruits-de-mer\/","og_locale":"fr_FR","og_type":"article","og_title":"Vari\u00e9t\u00e9 de fruits de mer - Pitenis Shop | &#039;\u0395\u03c4\u03bf\u03b9\u03bc\u03b5\u03c2 \u03c3\u03b1\u03bb\u03ac\u03c4\u03b5\u03c2","og_description":"La vari\u00e9t\u00e9 unique des fruits de mer offre une exp\u00e9rience gastronomique unique. Le poulpe et le calmar sont bouillis et marin\u00e9s dans du vinaigre de vin, des cornichons et du surimi de crabe, tandis que le homard et les crevettes sont marin\u00e9s dans des \u00e9pices. Le r\u00e9sultat est une combinaison id\u00e9ale de saveurs qui satisfait les sens.","og_url":"https:\/\/staging.pitenis.eu\/fr\/produit\/variete-de-fruits-de-mer\/","og_site_name":"Pitenis Shop | &#039;\u0395\u03c4\u03bf\u03b9\u03bc\u03b5\u03c2 \u03c3\u03b1\u03bb\u03ac\u03c4\u03b5\u03c2","article_modified_time":"2025-08-14T09:57:24+00:00","og_image":[{"width":1000,"height":1000,"url":"https:\/\/staging.pitenis.eu\/wp-content\/uploads\/2025\/06\/\u03a0\u039f\u0399\u039a\u0399\u039b\u0399\u0391_\u0398\u0391\u039b\u0391\u03a3\u03a3\u0399\u039d\u03a9\u039d.png","type":"image\/png"}],"twitter_card":"summary_large_image","twitter_misc":{"Dur\u00e9e de lecture estim\u00e9e":"3 minutes"},"schema":{"@context":"https:\/\/schema.org","@graph":[{"@type":"WebPage","@id":"https:\/\/staging.pitenis.eu\/fr\/produit\/variete-de-fruits-de-mer\/","url":"https:\/\/staging.pitenis.eu\/fr\/produit\/variete-de-fruits-de-mer\/","name":"Vari\u00e9t\u00e9 de fruits de mer - Pitenis Shop | &#039;\u0395\u03c4\u03bf\u03b9\u03bc\u03b5\u03c2 \u03c3\u03b1\u03bb\u03ac\u03c4\u03b5\u03c2","isPartOf":{"@id":"https:\/\/staging.pitenis.eu\/fr\/#website"},"primaryImageOfPage":{"@id":"https:\/\/staging.pitenis.eu\/fr\/produit\/variete-de-fruits-de-mer\/#primaryimage"},"image":{"@id":"https:\/\/staging.pitenis.eu\/fr\/produit\/variete-de-fruits-de-mer\/#primaryimage"},"thumbnailUrl":"https:\/\/staging.pitenis.eu\/wp-content\/uploads\/2025\/06\/\u03a0\u039f\u0399\u039a\u0399\u039b\u0399\u0391_\u0398\u0391\u039b\u0391\u03a3\u03a3\u0399\u039d\u03a9\u039d.png","datePublished":"2025-06-03T22:13:32+00:00","dateModified":"2025-08-14T09:57:24+00:00","breadcrumb":{"@id":"https:\/\/staging.pitenis.eu\/fr\/produit\/variete-de-fruits-de-mer\/#breadcrumb"},"inLanguage":"fr-FR","potentialAction":[{"@type":"ReadAction","target":["https:\/\/staging.pitenis.eu\/fr\/produit\/variete-de-fruits-de-mer\/"]}]},{"@type":"ImageObject","inLanguage":"fr-FR","@id":"https:\/\/staging.pitenis.eu\/fr\/produit\/variete-de-fruits-de-mer\/#primaryimage","url":"https:\/\/staging.pitenis.eu\/wp-content\/uploads\/2025\/06\/\u03a0\u039f\u0399\u039a\u0399\u039b\u0399\u0391_\u0398\u0391\u039b\u0391\u03a3\u03a3\u0399\u039d\u03a9\u039d.png","contentUrl":"https:\/\/staging.pitenis.eu\/wp-content\/uploads\/2025\/06\/\u03a0\u039f\u0399\u039a\u0399\u039b\u0399\u0391_\u0398\u0391\u039b\u0391\u03a3\u03a3\u0399\u039d\u03a9\u039d.png","width":1000,"height":1000},{"@type":"BreadcrumbList","@id":"https:\/\/staging.pitenis.eu\/fr\/produit\/variete-de-fruits-de-mer\/#breadcrumb","itemListElement":[{"@type":"ListItem","position":1,"name":"Home","item":"https:\/\/staging.pitenis.eu\/fr\/"},{"@type":"ListItem","position":2,"name":"Boutique","item":"https:\/\/staging.pitenis.eu\/%ce%ba%ce%b1%cf%84%ce%ac%cf%83%cf%84%ce%b7%ce%bc%ce%b1\/"},{"@type":"ListItem","position":3,"name":"Vari\u00e9t\u00e9 de fruits de mer"}]},{"@type":"WebSite","@id":"https:\/\/staging.pitenis.eu\/fr\/#website","url":"https:\/\/staging.pitenis.eu\/fr\/","name":"Pitenis Shop | &#039;\u0395\u03c4\u03bf\u03b9\u03bc\u03b5\u03c2 \u03c3\u03b1\u03bb\u03ac\u03c4\u03b5\u03c2","description":"\u03b1\u03bb\u03bf\u03b9\u03c6\u03ad\u03c2, \u03c8\u03b1\u03c1\u03b9\u03ba\u03ac, \u03c4\u03bf\u03c5\u03c1\u03c3\u03ac\u03ba\u03b9\u03b1","publisher":{"@id":"https:\/\/staging.pitenis.eu\/fr\/#organization"},"potentialAction":[{"@type":"SearchAction","target":{"@type":"EntryPoint","urlTemplate":"https:\/\/staging.pitenis.eu\/fr\/?s={search_term_string}"},"query-input":{"@type":"PropertyValueSpecification","valueRequired":true,"valueName":"search_term_string"}}],"inLanguage":"fr-FR"},{"@type":"Organization","@id":"https:\/\/staging.pitenis.eu\/fr\/#organization","name":"Pitenis Shop | &#039;\u0395\u03c4\u03bf\u03b9\u03bc\u03b5\u03c2 \u03c3\u03b1\u03bb\u03ac\u03c4\u03b5\u03c2","url":"https:\/\/staging.pitenis.eu\/fr\/","logo":{"@type":"ImageObject","inLanguage":"fr-FR","@id":"https:\/\/staging.pitenis.eu\/fr\/#\/schema\/logo\/image\/","url":"https:\/\/staging.pitenis.eu\/wp-content\/uploads\/2025\/04\/cropped-pitenis_logo.png","contentUrl":"https:\/\/staging.pitenis.eu\/wp-content\/uploads\/2025\/04\/cropped-pitenis_logo.png","width":172,"height":74,"caption":"Pitenis Shop | &#039;\u0395\u03c4\u03bf\u03b9\u03bc\u03b5\u03c2 \u03c3\u03b1\u03bb\u03ac\u03c4\u03b5\u03c2"},"image":{"@id":"https:\/\/staging.pitenis.eu\/fr\/#\/schema\/logo\/image\/"}}]}},"_links":{"self":[{"href":"https:\/\/staging.pitenis.eu\/fr\/wp-json\/wp\/v2\/product\/12188","targetHints":{"allow":["GET"]}}],"collection":[{"href":"https:\/\/staging.pitenis.eu\/fr\/wp-json\/wp\/v2\/product"}],"about":[{"href":"https:\/\/staging.pitenis.eu\/fr\/wp-json\/wp\/v2\/types\/product"}],"replies":[{"embeddable":true,"href":"https:\/\/staging.pitenis.eu\/fr\/wp-json\/wp\/v2\/comments?post=12188"}],"wp:featuredmedia":[{"embeddable":true,"href":"https:\/\/staging.pitenis.eu\/fr\/wp-json\/wp\/v2\/media\/15127"}],"wp:attachment":[{"href":"https:\/\/staging.pitenis.eu\/fr\/wp-json\/wp\/v2\/media?parent=12188"}],"wp:term":[{"taxonomy":"product_cat","embeddable":true,"href":"https:\/\/staging.pitenis.eu\/fr\/wp-json\/wp\/v2\/product_cat?post=12188"},{"taxonomy":"product_tag","embeddable":true,"href":"https:\/\/staging.pitenis.eu\/fr\/wp-json\/wp\/v2\/product_tag?post=12188"}],"curies":[{"name":"wp","href":"https:\/\/api.w.org\/{rel}","templated":true}]}}