{"id":12184,"date":"2025-06-03T22:13:32","date_gmt":"2025-06-03T22:13:32","guid":{"rendered":"https:\/\/e-shop.advonpitenis.eu\/product\/viande-de-crabe\/"},"modified":"2025-08-14T09:57:23","modified_gmt":"2025-08-14T09:57:23","slug":"viande-de-crabe","status":"publish","type":"product","link":"https:\/\/staging.pitenis.eu\/fr\/produit\/viande-de-crabe\/","title":{"rendered":"Viande de crabe"},"content":{"rendered":"<p><span style=\"font-weight: bold;\">Ingr\u00e9dients<\/span><br \/><span style='font-weight: bold; '>Ingr\u00e9dients :<\/span> Surimi de <span style='font-weight: bold; '>crabe<\/span> [ <span style='font-weight: bold; '>poisson <\/span> blanc (Nemipterus bleekeri), amidon de <span style='font-weight: bold; '>bl\u00e9,<\/span> amidon de ma\u00efs, de pomme de terre et de tapioca, prot\u00e9ine de <span style='font-weight: bold; '>soja<\/span>, sel, sucre, ar\u00f4me et extrait de <span style='font-weight: bold; '>crabe<\/span>, vin de riz, huile de soja, blanc d&rsquo;<span style='font-weight: bold; '>\u0153uf<\/span>, colorant E120, E160c], huile de tournesol, vinaigre, poivre de <span style='font-weight: bold; '>Mac\u00e9doine<\/span>, \u00e9pices : E120, E160c], huile de tournesol, vinaigre, poivre de Mac\u00e9doine, \u00e9pices<br class=\"new-line\">.Zone de capture : FAO 61 NW PacificCaptur\u00e9<br class=\"new-line\">par chalutier<br class=\"new-line\"><\/p>\n<p><span style=\"font-weight: bold;\">Combinaisons &#8211; suggestions d&rsquo;utilisation-<\/span><br \/>La chair de crabe est servie en entr\u00e9e, accompagn\u00e9e de citron frais et d&rsquo;un rafra\u00eechissement.<br \/>&#8211; Ajoutez-la aux salades pour ajouter une note \u00e9pic\u00e9e et de fruits de mer.<br \/>&#8211; Utilisez-le sur les pizzas, en l&rsquo;associant \u00e0 d&rsquo;autres fruits de mer et \u00e0 des l\u00e9gumes frais.<br \/>&#8211; Ajoutez-le aux p\u00e2tes pour cr\u00e9er une d\u00e9licieuse sauce au go\u00fbt de fruits de mer.<br \/>&#8211; Associez-le \u00e0 des calamars grill\u00e9s et \u00e0 de l&rsquo;ail aromatique pour un repas d\u00e9licieux.                                                                                                                                 Recette : <\/span>Spaghetti \u00e0 la chair de crabe<br \/><\/span>Ingr\u00e9dients<br \/><\/span>&#8211; 250 g de spaghetti<br \/>&#8211; 2 cubes de l\u00e9gumes<br \/>&#8211; 1 oignon s\u00e9ch\u00e9<br \/>&#8211; 2 cuill\u00e8res \u00e0 soupe. Huile d&rsquo;olive extra vierge Erotokritos <br \/>&#8211; 1 cuill\u00e8re \u00e0 soupe de sucre <br \/>&#8211; 1 poivron vert<br \/>&#8211; 1 poivron rouge<br \/>&#8211; 2 gousses d&rsquo;ail<br \/>&#8211; 2 tomates<br \/>&#8211; 200 g. d&rsquo;eau<br \/>&#8211; 250 g. chair de crabe<br \/>&#8211; jus d&rsquo;un citron vert<br \/>&#8211; sel, poivre <br \/>Pr\u00e9paration<br \/><\/span>Dans une po\u00eale \u00e0 feu vif, mettez l&rsquo;huile d&rsquo;olive, l&rsquo;oignon coup\u00e9 en gros morceaux et le sucre.<br \/>Coupez les poivrons et mettez-les dans la po\u00eale.<br \/>Ajouter les tomates coup\u00e9es en gros morceaux, l&rsquo;ail hach\u00e9, l&rsquo;eau et remuer.<br \/>R\u00e9duire le feu, ajouter les d\u00e9s de l\u00e9gumes et laisser mijoter la sauce pendant 3-4 minutes.<br \/>Fendez la chair de crabe en fines lamelles, ajoutez le jus de citron vert et transf\u00e9rez le tout dans la casserole.<br \/>Faites bouillir les p\u00e2tes pendant 8-9 minutes, \u00e9gouttez-les, ajoutez-les \u00e0 la casserole avec la sauce et remuez.<\/p>\n","protected":false},"excerpt":{"rendered":"<p>Le surimi de crabe marin\u00e9 au vinaigre de vin est un d\u00e9licieux go\u00fbt de la mer. La chair de crabe peut \u00eatre d\u00e9gust\u00e9e en entr\u00e9e ou ajout\u00e9e aux salades, pizzas et p\u00e2tes pour apporter une note \u00e9pic\u00e9e et aromatique.<\/p>\n","protected":false},"featured_media":15130,"comment_status":"closed","ping_status":"closed","template":"","meta":{"_acf_changed":false},"product_cat":[307],"product_tag":[],"class_list":{"0":"post-12184","1":"product","2":"type-product","3":"status-publish","4":"has-post-thumbnail","6":"product_cat-fruits-de-mer","8":"first","9":"instock","10":"taxable","11":"shipping-taxable","12":"purchasable","13":"product-type-variable"},"acf":[],"yoast_head":"<!-- This site is optimized with the Yoast SEO plugin v27.4 - https:\/\/yoast.com\/product\/yoast-seo-wordpress\/ -->\n<title>Viande de crabe - Pitenis Shop | &#039;\u0395\u03c4\u03bf\u03b9\u03bc\u03b5\u03c2 \u03c3\u03b1\u03bb\u03ac\u03c4\u03b5\u03c2<\/title>\n<meta name=\"robots\" content=\"index, follow, max-snippet:-1, max-image-preview:large, max-video-preview:-1\" \/>\n<link rel=\"canonical\" href=\"https:\/\/staging.pitenis.eu\/fr\/produit\/viande-de-crabe\/\" \/>\n<meta property=\"og:locale\" content=\"fr_FR\" \/>\n<meta property=\"og:type\" content=\"article\" \/>\n<meta property=\"og:title\" content=\"Viande de crabe - Pitenis Shop | &#039;\u0395\u03c4\u03bf\u03b9\u03bc\u03b5\u03c2 \u03c3\u03b1\u03bb\u03ac\u03c4\u03b5\u03c2\" \/>\n<meta property=\"og:description\" content=\"Le surimi de crabe marin\u00e9 au vinaigre de vin est un d\u00e9licieux go\u00fbt de la mer. La chair de crabe peut \u00eatre d\u00e9gust\u00e9e en entr\u00e9e ou ajout\u00e9e aux salades, pizzas et p\u00e2tes pour apporter une note \u00e9pic\u00e9e et aromatique.\" \/>\n<meta property=\"og:url\" content=\"https:\/\/staging.pitenis.eu\/fr\/produit\/viande-de-crabe\/\" \/>\n<meta property=\"og:site_name\" content=\"Pitenis Shop | &#039;\u0395\u03c4\u03bf\u03b9\u03bc\u03b5\u03c2 \u03c3\u03b1\u03bb\u03ac\u03c4\u03b5\u03c2\" \/>\n<meta property=\"article:modified_time\" content=\"2025-08-14T09:57:23+00:00\" \/>\n<meta property=\"og:image\" content=\"https:\/\/staging.pitenis.eu\/wp-content\/uploads\/2025\/06\/\u039a\u0391\u0392\u039f\u03a5\u03a1\u039f\u03a8\u03a5\u03a7\u0391.png\" \/>\n\t<meta property=\"og:image:width\" content=\"1000\" \/>\n\t<meta property=\"og:image:height\" content=\"1000\" \/>\n\t<meta property=\"og:image:type\" content=\"image\/png\" \/>\n<meta name=\"twitter:card\" content=\"summary_large_image\" \/>\n<meta name=\"twitter:label1\" content=\"Dur\u00e9e de lecture estim\u00e9e\" \/>\n\t<meta name=\"twitter:data1\" content=\"2 minutes\" \/>\n<script type=\"application\/ld+json\" class=\"yoast-schema-graph\">{\"@context\":\"https:\\\/\\\/schema.org\",\"@graph\":[{\"@type\":\"WebPage\",\"@id\":\"https:\\\/\\\/staging.pitenis.eu\\\/fr\\\/produit\\\/viande-de-crabe\\\/\",\"url\":\"https:\\\/\\\/staging.pitenis.eu\\\/fr\\\/produit\\\/viande-de-crabe\\\/\",\"name\":\"Viande de crabe - Pitenis Shop | &#039;\u0395\u03c4\u03bf\u03b9\u03bc\u03b5\u03c2 \u03c3\u03b1\u03bb\u03ac\u03c4\u03b5\u03c2\",\"isPartOf\":{\"@id\":\"https:\\\/\\\/staging.pitenis.eu\\\/fr\\\/#website\"},\"primaryImageOfPage\":{\"@id\":\"https:\\\/\\\/staging.pitenis.eu\\\/fr\\\/produit\\\/viande-de-crabe\\\/#primaryimage\"},\"image\":{\"@id\":\"https:\\\/\\\/staging.pitenis.eu\\\/fr\\\/produit\\\/viande-de-crabe\\\/#primaryimage\"},\"thumbnailUrl\":\"https:\\\/\\\/staging.pitenis.eu\\\/wp-content\\\/uploads\\\/2025\\\/06\\\/\u039a\u0391\u0392\u039f\u03a5\u03a1\u039f\u03a8\u03a5\u03a7\u0391.png\",\"datePublished\":\"2025-06-03T22:13:32+00:00\",\"dateModified\":\"2025-08-14T09:57:23+00:00\",\"breadcrumb\":{\"@id\":\"https:\\\/\\\/staging.pitenis.eu\\\/fr\\\/produit\\\/viande-de-crabe\\\/#breadcrumb\"},\"inLanguage\":\"fr-FR\",\"potentialAction\":[{\"@type\":\"ReadAction\",\"target\":[\"https:\\\/\\\/staging.pitenis.eu\\\/fr\\\/produit\\\/viande-de-crabe\\\/\"]}]},{\"@type\":\"ImageObject\",\"inLanguage\":\"fr-FR\",\"@id\":\"https:\\\/\\\/staging.pitenis.eu\\\/fr\\\/produit\\\/viande-de-crabe\\\/#primaryimage\",\"url\":\"https:\\\/\\\/staging.pitenis.eu\\\/wp-content\\\/uploads\\\/2025\\\/06\\\/\u039a\u0391\u0392\u039f\u03a5\u03a1\u039f\u03a8\u03a5\u03a7\u0391.png\",\"contentUrl\":\"https:\\\/\\\/staging.pitenis.eu\\\/wp-content\\\/uploads\\\/2025\\\/06\\\/\u039a\u0391\u0392\u039f\u03a5\u03a1\u039f\u03a8\u03a5\u03a7\u0391.png\",\"width\":1000,\"height\":1000},{\"@type\":\"BreadcrumbList\",\"@id\":\"https:\\\/\\\/staging.pitenis.eu\\\/fr\\\/produit\\\/viande-de-crabe\\\/#breadcrumb\",\"itemListElement\":[{\"@type\":\"ListItem\",\"position\":1,\"name\":\"Home\",\"item\":\"https:\\\/\\\/staging.pitenis.eu\\\/fr\\\/\"},{\"@type\":\"ListItem\",\"position\":2,\"name\":\"Boutique\",\"item\":\"https:\\\/\\\/staging.pitenis.eu\\\/%ce%ba%ce%b1%cf%84%ce%ac%cf%83%cf%84%ce%b7%ce%bc%ce%b1\\\/\"},{\"@type\":\"ListItem\",\"position\":3,\"name\":\"Viande de crabe\"}]},{\"@type\":\"WebSite\",\"@id\":\"https:\\\/\\\/staging.pitenis.eu\\\/fr\\\/#website\",\"url\":\"https:\\\/\\\/staging.pitenis.eu\\\/fr\\\/\",\"name\":\"Pitenis Shop | &#039;\u0395\u03c4\u03bf\u03b9\u03bc\u03b5\u03c2 \u03c3\u03b1\u03bb\u03ac\u03c4\u03b5\u03c2\",\"description\":\"\u03b1\u03bb\u03bf\u03b9\u03c6\u03ad\u03c2, \u03c8\u03b1\u03c1\u03b9\u03ba\u03ac, \u03c4\u03bf\u03c5\u03c1\u03c3\u03ac\u03ba\u03b9\u03b1\",\"publisher\":{\"@id\":\"https:\\\/\\\/staging.pitenis.eu\\\/fr\\\/#organization\"},\"potentialAction\":[{\"@type\":\"SearchAction\",\"target\":{\"@type\":\"EntryPoint\",\"urlTemplate\":\"https:\\\/\\\/staging.pitenis.eu\\\/fr\\\/?s={search_term_string}\"},\"query-input\":{\"@type\":\"PropertyValueSpecification\",\"valueRequired\":true,\"valueName\":\"search_term_string\"}}],\"inLanguage\":\"fr-FR\"},{\"@type\":\"Organization\",\"@id\":\"https:\\\/\\\/staging.pitenis.eu\\\/fr\\\/#organization\",\"name\":\"Pitenis Shop | &#039;\u0395\u03c4\u03bf\u03b9\u03bc\u03b5\u03c2 \u03c3\u03b1\u03bb\u03ac\u03c4\u03b5\u03c2\",\"url\":\"https:\\\/\\\/staging.pitenis.eu\\\/fr\\\/\",\"logo\":{\"@type\":\"ImageObject\",\"inLanguage\":\"fr-FR\",\"@id\":\"https:\\\/\\\/staging.pitenis.eu\\\/fr\\\/#\\\/schema\\\/logo\\\/image\\\/\",\"url\":\"https:\\\/\\\/staging.pitenis.eu\\\/wp-content\\\/uploads\\\/2025\\\/04\\\/cropped-pitenis_logo.png\",\"contentUrl\":\"https:\\\/\\\/staging.pitenis.eu\\\/wp-content\\\/uploads\\\/2025\\\/04\\\/cropped-pitenis_logo.png\",\"width\":172,\"height\":74,\"caption\":\"Pitenis Shop | &#039;\u0395\u03c4\u03bf\u03b9\u03bc\u03b5\u03c2 \u03c3\u03b1\u03bb\u03ac\u03c4\u03b5\u03c2\"},\"image\":{\"@id\":\"https:\\\/\\\/staging.pitenis.eu\\\/fr\\\/#\\\/schema\\\/logo\\\/image\\\/\"}}]}<\/script>\n<!-- \/ Yoast SEO plugin. -->","yoast_head_json":{"title":"Viande de crabe - Pitenis Shop | &#039;\u0395\u03c4\u03bf\u03b9\u03bc\u03b5\u03c2 \u03c3\u03b1\u03bb\u03ac\u03c4\u03b5\u03c2","robots":{"index":"index","follow":"follow","max-snippet":"max-snippet:-1","max-image-preview":"max-image-preview:large","max-video-preview":"max-video-preview:-1"},"canonical":"https:\/\/staging.pitenis.eu\/fr\/produit\/viande-de-crabe\/","og_locale":"fr_FR","og_type":"article","og_title":"Viande de crabe - Pitenis Shop | &#039;\u0395\u03c4\u03bf\u03b9\u03bc\u03b5\u03c2 \u03c3\u03b1\u03bb\u03ac\u03c4\u03b5\u03c2","og_description":"Le surimi de crabe marin\u00e9 au vinaigre de vin est un d\u00e9licieux go\u00fbt de la mer. La chair de crabe peut \u00eatre d\u00e9gust\u00e9e en entr\u00e9e ou ajout\u00e9e aux salades, pizzas et p\u00e2tes pour apporter une note \u00e9pic\u00e9e et aromatique.","og_url":"https:\/\/staging.pitenis.eu\/fr\/produit\/viande-de-crabe\/","og_site_name":"Pitenis Shop | &#039;\u0395\u03c4\u03bf\u03b9\u03bc\u03b5\u03c2 \u03c3\u03b1\u03bb\u03ac\u03c4\u03b5\u03c2","article_modified_time":"2025-08-14T09:57:23+00:00","og_image":[{"width":1000,"height":1000,"url":"https:\/\/staging.pitenis.eu\/wp-content\/uploads\/2025\/06\/\u039a\u0391\u0392\u039f\u03a5\u03a1\u039f\u03a8\u03a5\u03a7\u0391.png","type":"image\/png"}],"twitter_card":"summary_large_image","twitter_misc":{"Dur\u00e9e de lecture estim\u00e9e":"2 minutes"},"schema":{"@context":"https:\/\/schema.org","@graph":[{"@type":"WebPage","@id":"https:\/\/staging.pitenis.eu\/fr\/produit\/viande-de-crabe\/","url":"https:\/\/staging.pitenis.eu\/fr\/produit\/viande-de-crabe\/","name":"Viande de crabe - Pitenis Shop | &#039;\u0395\u03c4\u03bf\u03b9\u03bc\u03b5\u03c2 \u03c3\u03b1\u03bb\u03ac\u03c4\u03b5\u03c2","isPartOf":{"@id":"https:\/\/staging.pitenis.eu\/fr\/#website"},"primaryImageOfPage":{"@id":"https:\/\/staging.pitenis.eu\/fr\/produit\/viande-de-crabe\/#primaryimage"},"image":{"@id":"https:\/\/staging.pitenis.eu\/fr\/produit\/viande-de-crabe\/#primaryimage"},"thumbnailUrl":"https:\/\/staging.pitenis.eu\/wp-content\/uploads\/2025\/06\/\u039a\u0391\u0392\u039f\u03a5\u03a1\u039f\u03a8\u03a5\u03a7\u0391.png","datePublished":"2025-06-03T22:13:32+00:00","dateModified":"2025-08-14T09:57:23+00:00","breadcrumb":{"@id":"https:\/\/staging.pitenis.eu\/fr\/produit\/viande-de-crabe\/#breadcrumb"},"inLanguage":"fr-FR","potentialAction":[{"@type":"ReadAction","target":["https:\/\/staging.pitenis.eu\/fr\/produit\/viande-de-crabe\/"]}]},{"@type":"ImageObject","inLanguage":"fr-FR","@id":"https:\/\/staging.pitenis.eu\/fr\/produit\/viande-de-crabe\/#primaryimage","url":"https:\/\/staging.pitenis.eu\/wp-content\/uploads\/2025\/06\/\u039a\u0391\u0392\u039f\u03a5\u03a1\u039f\u03a8\u03a5\u03a7\u0391.png","contentUrl":"https:\/\/staging.pitenis.eu\/wp-content\/uploads\/2025\/06\/\u039a\u0391\u0392\u039f\u03a5\u03a1\u039f\u03a8\u03a5\u03a7\u0391.png","width":1000,"height":1000},{"@type":"BreadcrumbList","@id":"https:\/\/staging.pitenis.eu\/fr\/produit\/viande-de-crabe\/#breadcrumb","itemListElement":[{"@type":"ListItem","position":1,"name":"Home","item":"https:\/\/staging.pitenis.eu\/fr\/"},{"@type":"ListItem","position":2,"name":"Boutique","item":"https:\/\/staging.pitenis.eu\/%ce%ba%ce%b1%cf%84%ce%ac%cf%83%cf%84%ce%b7%ce%bc%ce%b1\/"},{"@type":"ListItem","position":3,"name":"Viande de crabe"}]},{"@type":"WebSite","@id":"https:\/\/staging.pitenis.eu\/fr\/#website","url":"https:\/\/staging.pitenis.eu\/fr\/","name":"Pitenis Shop | &#039;\u0395\u03c4\u03bf\u03b9\u03bc\u03b5\u03c2 \u03c3\u03b1\u03bb\u03ac\u03c4\u03b5\u03c2","description":"\u03b1\u03bb\u03bf\u03b9\u03c6\u03ad\u03c2, \u03c8\u03b1\u03c1\u03b9\u03ba\u03ac, \u03c4\u03bf\u03c5\u03c1\u03c3\u03ac\u03ba\u03b9\u03b1","publisher":{"@id":"https:\/\/staging.pitenis.eu\/fr\/#organization"},"potentialAction":[{"@type":"SearchAction","target":{"@type":"EntryPoint","urlTemplate":"https:\/\/staging.pitenis.eu\/fr\/?s={search_term_string}"},"query-input":{"@type":"PropertyValueSpecification","valueRequired":true,"valueName":"search_term_string"}}],"inLanguage":"fr-FR"},{"@type":"Organization","@id":"https:\/\/staging.pitenis.eu\/fr\/#organization","name":"Pitenis Shop | &#039;\u0395\u03c4\u03bf\u03b9\u03bc\u03b5\u03c2 \u03c3\u03b1\u03bb\u03ac\u03c4\u03b5\u03c2","url":"https:\/\/staging.pitenis.eu\/fr\/","logo":{"@type":"ImageObject","inLanguage":"fr-FR","@id":"https:\/\/staging.pitenis.eu\/fr\/#\/schema\/logo\/image\/","url":"https:\/\/staging.pitenis.eu\/wp-content\/uploads\/2025\/04\/cropped-pitenis_logo.png","contentUrl":"https:\/\/staging.pitenis.eu\/wp-content\/uploads\/2025\/04\/cropped-pitenis_logo.png","width":172,"height":74,"caption":"Pitenis Shop | &#039;\u0395\u03c4\u03bf\u03b9\u03bc\u03b5\u03c2 \u03c3\u03b1\u03bb\u03ac\u03c4\u03b5\u03c2"},"image":{"@id":"https:\/\/staging.pitenis.eu\/fr\/#\/schema\/logo\/image\/"}}]}},"_links":{"self":[{"href":"https:\/\/staging.pitenis.eu\/fr\/wp-json\/wp\/v2\/product\/12184","targetHints":{"allow":["GET"]}}],"collection":[{"href":"https:\/\/staging.pitenis.eu\/fr\/wp-json\/wp\/v2\/product"}],"about":[{"href":"https:\/\/staging.pitenis.eu\/fr\/wp-json\/wp\/v2\/types\/product"}],"replies":[{"embeddable":true,"href":"https:\/\/staging.pitenis.eu\/fr\/wp-json\/wp\/v2\/comments?post=12184"}],"wp:featuredmedia":[{"embeddable":true,"href":"https:\/\/staging.pitenis.eu\/fr\/wp-json\/wp\/v2\/media\/15130"}],"wp:attachment":[{"href":"https:\/\/staging.pitenis.eu\/fr\/wp-json\/wp\/v2\/media?parent=12184"}],"wp:term":[{"taxonomy":"product_cat","embeddable":true,"href":"https:\/\/staging.pitenis.eu\/fr\/wp-json\/wp\/v2\/product_cat?post=12184"},{"taxonomy":"product_tag","embeddable":true,"href":"https:\/\/staging.pitenis.eu\/fr\/wp-json\/wp\/v2\/product_tag?post=12184"}],"curies":[{"name":"wp","href":"https:\/\/api.w.org\/{rel}","templated":true}]}}