{"id":12179,"date":"2025-06-03T22:13:32","date_gmt":"2025-06-03T22:13:32","guid":{"rendered":"https:\/\/e-shop.advonpitenis.eu\/product\/filet-danchois-marine-et-epice\/"},"modified":"2025-08-14T09:57:21","modified_gmt":"2025-08-14T09:57:21","slug":"filet-danchois-marine-et-epice","status":"publish","type":"product","link":"https:\/\/staging.pitenis.eu\/fr\/produit\/filet-danchois-marine-et-epice\/","title":{"rendered":"Filet d&rsquo;anchois marin\u00e9 et \u00e9pic\u00e9"},"content":{"rendered":"<p><span style=\"font-weight: bold;\">Ingr\u00e9dients<\/span><br \/><span style='font-weight: bold; '> Ingr\u00e9dients :<\/span> Filet d&rsquo;<span style='font-weight: bold; '>anchois <\/span>marin\u00e9 (Engraulis encrasicolus), huile de tournesol, vinaigre, sel, ail, poivre de Florine (poivre de Florine, eau, sel, vinaigre, sucre), \u00e9pices, r\u00e9gulateur d&rsquo;acidit\u00e9 : acide citrique<br class=\"new-line\">.Zone de capture : FAO 37.<br \/>3.<br class=\"new-line\">1 AegeanCatched<br class=\"new-line\">with grilled<br \/> fish<br class=\"new-line\"><br class=\"new-line\"><\/p>\n<p><span style=\"font-weight: bold;\">Accords &#8211; suggestions d&rsquo;utilisation-<\/span><br \/>Les filets d&rsquo;anchois frais \u00e9pic\u00e9s sont servis en entr\u00e9e, garnis de romarin frais et de tranches de citron frais.<br \/>\n&#8211; Ajoutez-les aux salades pour une touche \u00e9pic\u00e9e et savoureuse.<br \/>\n&#8211; Utilisez-les dans des sandwichs, en les associant \u00e0 des l\u00e9gumes frais et \u00e0 de la moutarde aromatique.<br \/>\n&#8211; Ajoutez-les \u00e0 une pizza pour lui donner une saveur unique de fruits de mer \u00e9pic\u00e9s.<br \/>\n&#8211; Associez-les \u00e0 des calamars grill\u00e9s et \u00e0 une sauce tomate fra\u00eeche pour un repas d\u00e9lectable.<\/p>\n","protected":false},"excerpt":{"rendered":"<p>Les filets d&rsquo;anchois frais marin\u00e9s offrent un go\u00fbt et un ar\u00f4me explosifs. Les filets d&rsquo;anchois frais marin\u00e9s dans du vinaigre de vin, de l&rsquo;huile de tournesol, de l&rsquo;ail, du poivre de Florine et des \u00e9pices cr\u00e9ent une combinaison \u00e9quilibr\u00e9e de saveurs. D\u00e9gustez-les en meze, servis avec du citron et accompagn\u00e9s de calamars et d&rsquo;olives.<\/p>\n","protected":false},"featured_media":15133,"comment_status":"closed","ping_status":"closed","template":"","meta":{"_acf_changed":false},"product_cat":[307],"product_tag":[],"class_list":{"0":"post-12179","1":"product","2":"type-product","3":"status-publish","4":"has-post-thumbnail","6":"product_cat-fruits-de-mer","8":"first","9":"instock","10":"taxable","11":"shipping-taxable","12":"purchasable","13":"product-type-variable"},"acf":[],"yoast_head":"<!-- This site is optimized with the Yoast SEO plugin v27.4 - https:\/\/yoast.com\/product\/yoast-seo-wordpress\/ -->\n<title>Filet d&#039;anchois marin\u00e9 et \u00e9pic\u00e9 - Pitenis Shop | &#039;\u0395\u03c4\u03bf\u03b9\u03bc\u03b5\u03c2 \u03c3\u03b1\u03bb\u03ac\u03c4\u03b5\u03c2<\/title>\n<meta name=\"robots\" content=\"index, follow, max-snippet:-1, max-image-preview:large, max-video-preview:-1\" \/>\n<link rel=\"canonical\" href=\"https:\/\/staging.pitenis.eu\/fr\/produit\/filet-danchois-marine-et-epice\/\" \/>\n<meta property=\"og:locale\" content=\"fr_FR\" \/>\n<meta property=\"og:type\" content=\"article\" \/>\n<meta property=\"og:title\" content=\"Filet d&#039;anchois marin\u00e9 et \u00e9pic\u00e9 - Pitenis Shop | &#039;\u0395\u03c4\u03bf\u03b9\u03bc\u03b5\u03c2 \u03c3\u03b1\u03bb\u03ac\u03c4\u03b5\u03c2\" \/>\n<meta property=\"og:description\" content=\"Les filets d&#039;anchois frais marin\u00e9s offrent un go\u00fbt et un ar\u00f4me explosifs. Les filets d&#039;anchois frais marin\u00e9s dans du vinaigre de vin, de l&#039;huile de tournesol, de l&#039;ail, du poivre de Florine et des \u00e9pices cr\u00e9ent une combinaison \u00e9quilibr\u00e9e de saveurs. D\u00e9gustez-les en meze, servis avec du citron et accompagn\u00e9s de calamars et d&#039;olives.\" \/>\n<meta property=\"og:url\" content=\"https:\/\/staging.pitenis.eu\/fr\/produit\/filet-danchois-marine-et-epice\/\" \/>\n<meta property=\"og:site_name\" content=\"Pitenis Shop | &#039;\u0395\u03c4\u03bf\u03b9\u03bc\u03b5\u03c2 \u03c3\u03b1\u03bb\u03ac\u03c4\u03b5\u03c2\" \/>\n<meta property=\"article:modified_time\" content=\"2025-08-14T09:57:21+00:00\" \/>\n<meta property=\"og:image\" content=\"https:\/\/staging.pitenis.eu\/wp-content\/uploads\/2025\/06\/\u0393\u0391\u03a5\u03a1\u039f\u03a3_\u03a6\u0399\u039b\u0395\u03a4\u039f_\u039c\u0391\u03a1\u0399\u039d\u0391\u03a1\u0399\u03a3\u039c\u0395\u039d\u039f\u03a3_\u03a0\u0399\u039a\u0391\u039d\u03a4\u0399\u039a\u039f\u03a3.png\" \/>\n\t<meta property=\"og:image:width\" content=\"1000\" \/>\n\t<meta property=\"og:image:height\" content=\"1000\" \/>\n\t<meta property=\"og:image:type\" content=\"image\/png\" \/>\n<meta name=\"twitter:card\" content=\"summary_large_image\" \/>\n<meta name=\"twitter:label1\" content=\"Dur\u00e9e de lecture estim\u00e9e\" \/>\n\t<meta name=\"twitter:data1\" content=\"1 minute\" \/>\n<script type=\"application\/ld+json\" class=\"yoast-schema-graph\">{\"@context\":\"https:\\\/\\\/schema.org\",\"@graph\":[{\"@type\":\"WebPage\",\"@id\":\"https:\\\/\\\/staging.pitenis.eu\\\/fr\\\/produit\\\/filet-danchois-marine-et-epice\\\/\",\"url\":\"https:\\\/\\\/staging.pitenis.eu\\\/fr\\\/produit\\\/filet-danchois-marine-et-epice\\\/\",\"name\":\"Filet d'anchois marin\u00e9 et \u00e9pic\u00e9 - Pitenis Shop | &#039;\u0395\u03c4\u03bf\u03b9\u03bc\u03b5\u03c2 \u03c3\u03b1\u03bb\u03ac\u03c4\u03b5\u03c2\",\"isPartOf\":{\"@id\":\"https:\\\/\\\/staging.pitenis.eu\\\/fr\\\/#website\"},\"primaryImageOfPage\":{\"@id\":\"https:\\\/\\\/staging.pitenis.eu\\\/fr\\\/produit\\\/filet-danchois-marine-et-epice\\\/#primaryimage\"},\"image\":{\"@id\":\"https:\\\/\\\/staging.pitenis.eu\\\/fr\\\/produit\\\/filet-danchois-marine-et-epice\\\/#primaryimage\"},\"thumbnailUrl\":\"https:\\\/\\\/staging.pitenis.eu\\\/wp-content\\\/uploads\\\/2025\\\/06\\\/\u0393\u0391\u03a5\u03a1\u039f\u03a3_\u03a6\u0399\u039b\u0395\u03a4\u039f_\u039c\u0391\u03a1\u0399\u039d\u0391\u03a1\u0399\u03a3\u039c\u0395\u039d\u039f\u03a3_\u03a0\u0399\u039a\u0391\u039d\u03a4\u0399\u039a\u039f\u03a3.png\",\"datePublished\":\"2025-06-03T22:13:32+00:00\",\"dateModified\":\"2025-08-14T09:57:21+00:00\",\"breadcrumb\":{\"@id\":\"https:\\\/\\\/staging.pitenis.eu\\\/fr\\\/produit\\\/filet-danchois-marine-et-epice\\\/#breadcrumb\"},\"inLanguage\":\"fr-FR\",\"potentialAction\":[{\"@type\":\"ReadAction\",\"target\":[\"https:\\\/\\\/staging.pitenis.eu\\\/fr\\\/produit\\\/filet-danchois-marine-et-epice\\\/\"]}]},{\"@type\":\"ImageObject\",\"inLanguage\":\"fr-FR\",\"@id\":\"https:\\\/\\\/staging.pitenis.eu\\\/fr\\\/produit\\\/filet-danchois-marine-et-epice\\\/#primaryimage\",\"url\":\"https:\\\/\\\/staging.pitenis.eu\\\/wp-content\\\/uploads\\\/2025\\\/06\\\/\u0393\u0391\u03a5\u03a1\u039f\u03a3_\u03a6\u0399\u039b\u0395\u03a4\u039f_\u039c\u0391\u03a1\u0399\u039d\u0391\u03a1\u0399\u03a3\u039c\u0395\u039d\u039f\u03a3_\u03a0\u0399\u039a\u0391\u039d\u03a4\u0399\u039a\u039f\u03a3.png\",\"contentUrl\":\"https:\\\/\\\/staging.pitenis.eu\\\/wp-content\\\/uploads\\\/2025\\\/06\\\/\u0393\u0391\u03a5\u03a1\u039f\u03a3_\u03a6\u0399\u039b\u0395\u03a4\u039f_\u039c\u0391\u03a1\u0399\u039d\u0391\u03a1\u0399\u03a3\u039c\u0395\u039d\u039f\u03a3_\u03a0\u0399\u039a\u0391\u039d\u03a4\u0399\u039a\u039f\u03a3.png\",\"width\":1000,\"height\":1000},{\"@type\":\"BreadcrumbList\",\"@id\":\"https:\\\/\\\/staging.pitenis.eu\\\/fr\\\/produit\\\/filet-danchois-marine-et-epice\\\/#breadcrumb\",\"itemListElement\":[{\"@type\":\"ListItem\",\"position\":1,\"name\":\"Home\",\"item\":\"https:\\\/\\\/staging.pitenis.eu\\\/fr\\\/\"},{\"@type\":\"ListItem\",\"position\":2,\"name\":\"Boutique\",\"item\":\"https:\\\/\\\/staging.pitenis.eu\\\/%ce%ba%ce%b1%cf%84%ce%ac%cf%83%cf%84%ce%b7%ce%bc%ce%b1\\\/\"},{\"@type\":\"ListItem\",\"position\":3,\"name\":\"Filet d&#8217;anchois marin\u00e9 et \u00e9pic\u00e9\"}]},{\"@type\":\"WebSite\",\"@id\":\"https:\\\/\\\/staging.pitenis.eu\\\/fr\\\/#website\",\"url\":\"https:\\\/\\\/staging.pitenis.eu\\\/fr\\\/\",\"name\":\"Pitenis Shop | &#039;\u0395\u03c4\u03bf\u03b9\u03bc\u03b5\u03c2 \u03c3\u03b1\u03bb\u03ac\u03c4\u03b5\u03c2\",\"description\":\"\u03b1\u03bb\u03bf\u03b9\u03c6\u03ad\u03c2, \u03c8\u03b1\u03c1\u03b9\u03ba\u03ac, \u03c4\u03bf\u03c5\u03c1\u03c3\u03ac\u03ba\u03b9\u03b1\",\"publisher\":{\"@id\":\"https:\\\/\\\/staging.pitenis.eu\\\/fr\\\/#organization\"},\"potentialAction\":[{\"@type\":\"SearchAction\",\"target\":{\"@type\":\"EntryPoint\",\"urlTemplate\":\"https:\\\/\\\/staging.pitenis.eu\\\/fr\\\/?s={search_term_string}\"},\"query-input\":{\"@type\":\"PropertyValueSpecification\",\"valueRequired\":true,\"valueName\":\"search_term_string\"}}],\"inLanguage\":\"fr-FR\"},{\"@type\":\"Organization\",\"@id\":\"https:\\\/\\\/staging.pitenis.eu\\\/fr\\\/#organization\",\"name\":\"Pitenis Shop | &#039;\u0395\u03c4\u03bf\u03b9\u03bc\u03b5\u03c2 \u03c3\u03b1\u03bb\u03ac\u03c4\u03b5\u03c2\",\"url\":\"https:\\\/\\\/staging.pitenis.eu\\\/fr\\\/\",\"logo\":{\"@type\":\"ImageObject\",\"inLanguage\":\"fr-FR\",\"@id\":\"https:\\\/\\\/staging.pitenis.eu\\\/fr\\\/#\\\/schema\\\/logo\\\/image\\\/\",\"url\":\"https:\\\/\\\/staging.pitenis.eu\\\/wp-content\\\/uploads\\\/2025\\\/04\\\/cropped-pitenis_logo.png\",\"contentUrl\":\"https:\\\/\\\/staging.pitenis.eu\\\/wp-content\\\/uploads\\\/2025\\\/04\\\/cropped-pitenis_logo.png\",\"width\":172,\"height\":74,\"caption\":\"Pitenis Shop | &#039;\u0395\u03c4\u03bf\u03b9\u03bc\u03b5\u03c2 \u03c3\u03b1\u03bb\u03ac\u03c4\u03b5\u03c2\"},\"image\":{\"@id\":\"https:\\\/\\\/staging.pitenis.eu\\\/fr\\\/#\\\/schema\\\/logo\\\/image\\\/\"}}]}<\/script>\n<!-- \/ Yoast SEO plugin. -->","yoast_head_json":{"title":"Filet d'anchois marin\u00e9 et \u00e9pic\u00e9 - Pitenis Shop | &#039;\u0395\u03c4\u03bf\u03b9\u03bc\u03b5\u03c2 \u03c3\u03b1\u03bb\u03ac\u03c4\u03b5\u03c2","robots":{"index":"index","follow":"follow","max-snippet":"max-snippet:-1","max-image-preview":"max-image-preview:large","max-video-preview":"max-video-preview:-1"},"canonical":"https:\/\/staging.pitenis.eu\/fr\/produit\/filet-danchois-marine-et-epice\/","og_locale":"fr_FR","og_type":"article","og_title":"Filet d'anchois marin\u00e9 et \u00e9pic\u00e9 - Pitenis Shop | &#039;\u0395\u03c4\u03bf\u03b9\u03bc\u03b5\u03c2 \u03c3\u03b1\u03bb\u03ac\u03c4\u03b5\u03c2","og_description":"Les filets d'anchois frais marin\u00e9s offrent un go\u00fbt et un ar\u00f4me explosifs. Les filets d'anchois frais marin\u00e9s dans du vinaigre de vin, de l'huile de tournesol, de l'ail, du poivre de Florine et des \u00e9pices cr\u00e9ent une combinaison \u00e9quilibr\u00e9e de saveurs. D\u00e9gustez-les en meze, servis avec du citron et accompagn\u00e9s de calamars et d'olives.","og_url":"https:\/\/staging.pitenis.eu\/fr\/produit\/filet-danchois-marine-et-epice\/","og_site_name":"Pitenis Shop | &#039;\u0395\u03c4\u03bf\u03b9\u03bc\u03b5\u03c2 \u03c3\u03b1\u03bb\u03ac\u03c4\u03b5\u03c2","article_modified_time":"2025-08-14T09:57:21+00:00","og_image":[{"width":1000,"height":1000,"url":"https:\/\/staging.pitenis.eu\/wp-content\/uploads\/2025\/06\/\u0393\u0391\u03a5\u03a1\u039f\u03a3_\u03a6\u0399\u039b\u0395\u03a4\u039f_\u039c\u0391\u03a1\u0399\u039d\u0391\u03a1\u0399\u03a3\u039c\u0395\u039d\u039f\u03a3_\u03a0\u0399\u039a\u0391\u039d\u03a4\u0399\u039a\u039f\u03a3.png","type":"image\/png"}],"twitter_card":"summary_large_image","twitter_misc":{"Dur\u00e9e de lecture estim\u00e9e":"1 minute"},"schema":{"@context":"https:\/\/schema.org","@graph":[{"@type":"WebPage","@id":"https:\/\/staging.pitenis.eu\/fr\/produit\/filet-danchois-marine-et-epice\/","url":"https:\/\/staging.pitenis.eu\/fr\/produit\/filet-danchois-marine-et-epice\/","name":"Filet d'anchois marin\u00e9 et \u00e9pic\u00e9 - Pitenis Shop | &#039;\u0395\u03c4\u03bf\u03b9\u03bc\u03b5\u03c2 \u03c3\u03b1\u03bb\u03ac\u03c4\u03b5\u03c2","isPartOf":{"@id":"https:\/\/staging.pitenis.eu\/fr\/#website"},"primaryImageOfPage":{"@id":"https:\/\/staging.pitenis.eu\/fr\/produit\/filet-danchois-marine-et-epice\/#primaryimage"},"image":{"@id":"https:\/\/staging.pitenis.eu\/fr\/produit\/filet-danchois-marine-et-epice\/#primaryimage"},"thumbnailUrl":"https:\/\/staging.pitenis.eu\/wp-content\/uploads\/2025\/06\/\u0393\u0391\u03a5\u03a1\u039f\u03a3_\u03a6\u0399\u039b\u0395\u03a4\u039f_\u039c\u0391\u03a1\u0399\u039d\u0391\u03a1\u0399\u03a3\u039c\u0395\u039d\u039f\u03a3_\u03a0\u0399\u039a\u0391\u039d\u03a4\u0399\u039a\u039f\u03a3.png","datePublished":"2025-06-03T22:13:32+00:00","dateModified":"2025-08-14T09:57:21+00:00","breadcrumb":{"@id":"https:\/\/staging.pitenis.eu\/fr\/produit\/filet-danchois-marine-et-epice\/#breadcrumb"},"inLanguage":"fr-FR","potentialAction":[{"@type":"ReadAction","target":["https:\/\/staging.pitenis.eu\/fr\/produit\/filet-danchois-marine-et-epice\/"]}]},{"@type":"ImageObject","inLanguage":"fr-FR","@id":"https:\/\/staging.pitenis.eu\/fr\/produit\/filet-danchois-marine-et-epice\/#primaryimage","url":"https:\/\/staging.pitenis.eu\/wp-content\/uploads\/2025\/06\/\u0393\u0391\u03a5\u03a1\u039f\u03a3_\u03a6\u0399\u039b\u0395\u03a4\u039f_\u039c\u0391\u03a1\u0399\u039d\u0391\u03a1\u0399\u03a3\u039c\u0395\u039d\u039f\u03a3_\u03a0\u0399\u039a\u0391\u039d\u03a4\u0399\u039a\u039f\u03a3.png","contentUrl":"https:\/\/staging.pitenis.eu\/wp-content\/uploads\/2025\/06\/\u0393\u0391\u03a5\u03a1\u039f\u03a3_\u03a6\u0399\u039b\u0395\u03a4\u039f_\u039c\u0391\u03a1\u0399\u039d\u0391\u03a1\u0399\u03a3\u039c\u0395\u039d\u039f\u03a3_\u03a0\u0399\u039a\u0391\u039d\u03a4\u0399\u039a\u039f\u03a3.png","width":1000,"height":1000},{"@type":"BreadcrumbList","@id":"https:\/\/staging.pitenis.eu\/fr\/produit\/filet-danchois-marine-et-epice\/#breadcrumb","itemListElement":[{"@type":"ListItem","position":1,"name":"Home","item":"https:\/\/staging.pitenis.eu\/fr\/"},{"@type":"ListItem","position":2,"name":"Boutique","item":"https:\/\/staging.pitenis.eu\/%ce%ba%ce%b1%cf%84%ce%ac%cf%83%cf%84%ce%b7%ce%bc%ce%b1\/"},{"@type":"ListItem","position":3,"name":"Filet d&#8217;anchois marin\u00e9 et \u00e9pic\u00e9"}]},{"@type":"WebSite","@id":"https:\/\/staging.pitenis.eu\/fr\/#website","url":"https:\/\/staging.pitenis.eu\/fr\/","name":"Pitenis Shop | &#039;\u0395\u03c4\u03bf\u03b9\u03bc\u03b5\u03c2 \u03c3\u03b1\u03bb\u03ac\u03c4\u03b5\u03c2","description":"\u03b1\u03bb\u03bf\u03b9\u03c6\u03ad\u03c2, \u03c8\u03b1\u03c1\u03b9\u03ba\u03ac, \u03c4\u03bf\u03c5\u03c1\u03c3\u03ac\u03ba\u03b9\u03b1","publisher":{"@id":"https:\/\/staging.pitenis.eu\/fr\/#organization"},"potentialAction":[{"@type":"SearchAction","target":{"@type":"EntryPoint","urlTemplate":"https:\/\/staging.pitenis.eu\/fr\/?s={search_term_string}"},"query-input":{"@type":"PropertyValueSpecification","valueRequired":true,"valueName":"search_term_string"}}],"inLanguage":"fr-FR"},{"@type":"Organization","@id":"https:\/\/staging.pitenis.eu\/fr\/#organization","name":"Pitenis Shop | &#039;\u0395\u03c4\u03bf\u03b9\u03bc\u03b5\u03c2 \u03c3\u03b1\u03bb\u03ac\u03c4\u03b5\u03c2","url":"https:\/\/staging.pitenis.eu\/fr\/","logo":{"@type":"ImageObject","inLanguage":"fr-FR","@id":"https:\/\/staging.pitenis.eu\/fr\/#\/schema\/logo\/image\/","url":"https:\/\/staging.pitenis.eu\/wp-content\/uploads\/2025\/04\/cropped-pitenis_logo.png","contentUrl":"https:\/\/staging.pitenis.eu\/wp-content\/uploads\/2025\/04\/cropped-pitenis_logo.png","width":172,"height":74,"caption":"Pitenis Shop | &#039;\u0395\u03c4\u03bf\u03b9\u03bc\u03b5\u03c2 \u03c3\u03b1\u03bb\u03ac\u03c4\u03b5\u03c2"},"image":{"@id":"https:\/\/staging.pitenis.eu\/fr\/#\/schema\/logo\/image\/"}}]}},"_links":{"self":[{"href":"https:\/\/staging.pitenis.eu\/fr\/wp-json\/wp\/v2\/product\/12179","targetHints":{"allow":["GET"]}}],"collection":[{"href":"https:\/\/staging.pitenis.eu\/fr\/wp-json\/wp\/v2\/product"}],"about":[{"href":"https:\/\/staging.pitenis.eu\/fr\/wp-json\/wp\/v2\/types\/product"}],"replies":[{"embeddable":true,"href":"https:\/\/staging.pitenis.eu\/fr\/wp-json\/wp\/v2\/comments?post=12179"}],"wp:featuredmedia":[{"embeddable":true,"href":"https:\/\/staging.pitenis.eu\/fr\/wp-json\/wp\/v2\/media\/15133"}],"wp:attachment":[{"href":"https:\/\/staging.pitenis.eu\/fr\/wp-json\/wp\/v2\/media?parent=12179"}],"wp:term":[{"taxonomy":"product_cat","embeddable":true,"href":"https:\/\/staging.pitenis.eu\/fr\/wp-json\/wp\/v2\/product_cat?post=12179"},{"taxonomy":"product_tag","embeddable":true,"href":"https:\/\/staging.pitenis.eu\/fr\/wp-json\/wp\/v2\/product_tag?post=12179"}],"curies":[{"name":"wp","href":"https:\/\/api.w.org\/{rel}","templated":true}]}}