{"id":12174,"date":"2025-06-03T22:13:32","date_gmt":"2025-06-03T22:13:32","guid":{"rendered":"https:\/\/e-shop.advonpitenis.eu\/product\/filet-marine-aux-anchois\/"},"modified":"2025-08-14T09:57:19","modified_gmt":"2025-08-14T09:57:19","slug":"filet-marine-aux-anchois","status":"publish","type":"product","link":"https:\/\/staging.pitenis.eu\/fr\/produit\/filet-marine-aux-anchois\/","title":{"rendered":"Filet marin\u00e9 aux anchois"},"content":{"rendered":"<p><span style=\"font-weight: bold;\">Ingr\u00e9dients<\/span><br \/><span style='font-weight: bold; '>Ingr\u00e9dients :<\/span> Filet d&rsquo;<span style='font-weight: bold; '>anchois<\/span> marin\u00e9 (Engraulis encrasicolus), huile de tournesol, vinaigre, sel, poivre de Mac\u00e9doine, ail, c\u00e2pres, \u00e9pices, r\u00e9gulateur d&rsquo;acidit\u00e9 : acide citrique<br class=\"new-line\">.Zone de capture : FAO 37.3.1 AegeanSal\u00e9<br class=\"new-line\">avec des<\/p>\n<p>anchois<br class=\"new-line\"><br class=\"new-line\">grill\u00e9s<br class=\"new-line\"><\/p>\n<p><span style=\"font-weight: bold;\">Combinaisons &#8211; suggestions d&rsquo;utilisationLe<\/span><br \/>filet d&rsquo;anchois<br class=\"new-line\"><span style=\"font-weight: bold;\">marin\u00e9<\/span><br \/>peut \u00eatre utilis\u00e9 de diff\u00e9rentes mani\u00e8res :<br \/>&#8211; Servez-le comme en-cas avec de l&rsquo;ouzo ou du tsipouro.<br \/>&#8211; Ajoutez-le \u00e0 des tartes ou \u00e0 des croissants pour cr\u00e9er de d\u00e9licieux sandwichs.<br \/>&#8211; Utilisez-le comme garniture sur les plats de riz ou la pur\u00e9e de pommes de terre.<br \/>&#8211; Ajoutez-le aux pizzas ou aux tartes pour une combinaison de saveurs unique.<br \/>&#8211; Utilisez-le dans les salades, comme la salade de tomates ou de pommes de terre, pour ajouter des prot\u00e9ines et de la saveur.<br \/>&#8211; Ajoutez-le aux p\u00e2tes, comme les spaghettis ou les pennes, pour cr\u00e9er une sauce d\u00e9licieuse.<br \/>&#8211; Voici quelques id\u00e9es pour utiliser le filet d&rsquo;anchois marin\u00e9 et profiter de sa riche saveur dans une vari\u00e9t\u00e9 de recettes.                                                                                                                         Recette : <\/span>Poivrons Florina grill\u00e9s aux anchois marin\u00e9s<br \/>Ingr\u00e9dients<br \/><\/span>&#8211; 5 poivrons Florina<br \/>&#8211; 200 g de filet d&rsquo;anchois marin\u00e9 Pitenis<br \/>&#8211; 2 oignons de printemps finement hach\u00e9s<br \/>&#8211; 3 tomates<br \/>&#8211; 100 g d&rsquo;anchois hach\u00e9s &#8211; 100 g de tomates cerises &#8211; 2 oignons de printemps hach\u00e9s &#8211; 3 tomates &#8211; 100 g de tomates cerises &#8211; 2 oignons de printemps hach\u00e9s &#8211; 2 oignons de printemps hach\u00e9s &#8211; 3 tomates &#8211; 100 g de tomates cerises &#8211; 100 g de tomates cerises &#8211; 2 tomates cerises &#8211; 2 oignons de printemps hach\u00e9s  100 biscottes r\u00e2p\u00e9es<br \/>&#8211; 2 cuill\u00e8res \u00e0 soupe d&rsquo;huile d&rsquo;olive<br \/>&#8211; sel, poivre<br \/>Ex\u00e9cution<br \/><\/span>Badigeonnez les poivrons Florina d&rsquo;huile et faites-les cuire au four \u00e0 200o C pendant environ 20 minutes. Retournez-les de tous les c\u00f4t\u00e9s jusqu&rsquo;\u00e0 ce que la peau soit bien cuite.<br \/>Lorsqu&rsquo;ils sont bien cuits, retirez-les du four et enveloppez-les dans du film alimentaire pour les ramollir. Une fois refroidies, retirez soigneusement la peau. Coupez la tige et retirez les graines \u00e0 l&rsquo;int\u00e9rieur.<br \/>Coupez les tomates en d\u00e9s et \u00e9gouttez-les. M\u00e9langez les anchois avec les tomates, les oignons, la noix de muscade, l&rsquo;huile, le sel et le poivre.<br \/>Farcissez les poivrons avec ce m\u00e9lange et servez-les dans un plat.<\/p>\n","protected":false},"excerpt":{"rendered":"<p>Le filet d&rsquo;anchois marin\u00e9 est un filet d&rsquo;anchois frais marin\u00e9 dans du vinaigre de vin, de l&rsquo;ail, du romarin et du laurier. Cette marinade conf\u00e8re \u00e0 l&rsquo;anchois un caract\u00e8re et une saveur aromatiques riches, ce qui en fait un d\u00e9licieux meze \u00e0 d\u00e9guster avec de l&rsquo;ouzo ou du tsipouro.<\/p>\n","protected":false},"featured_media":15136,"comment_status":"closed","ping_status":"closed","template":"","meta":{"_acf_changed":false},"product_cat":[307],"product_tag":[345],"class_list":{"0":"post-12174","1":"product","2":"type-product","3":"status-publish","4":"has-post-thumbnail","6":"product_cat-fruits-de-mer","7":"product_tag-featured-home-fr","9":"first","10":"instock","11":"taxable","12":"shipping-taxable","13":"purchasable","14":"product-type-variable"},"acf":[],"yoast_head":"<!-- This site is optimized with the Yoast SEO plugin v27.4 - https:\/\/yoast.com\/product\/yoast-seo-wordpress\/ -->\n<title>Filet marin\u00e9 aux anchois - Pitenis Shop | &#039;\u0395\u03c4\u03bf\u03b9\u03bc\u03b5\u03c2 \u03c3\u03b1\u03bb\u03ac\u03c4\u03b5\u03c2<\/title>\n<meta name=\"robots\" content=\"index, follow, max-snippet:-1, max-image-preview:large, max-video-preview:-1\" \/>\n<link rel=\"canonical\" href=\"https:\/\/staging.pitenis.eu\/fr\/produit\/filet-marine-aux-anchois\/\" \/>\n<meta property=\"og:locale\" content=\"fr_FR\" \/>\n<meta property=\"og:type\" content=\"article\" \/>\n<meta property=\"og:title\" content=\"Filet marin\u00e9 aux anchois - Pitenis Shop | &#039;\u0395\u03c4\u03bf\u03b9\u03bc\u03b5\u03c2 \u03c3\u03b1\u03bb\u03ac\u03c4\u03b5\u03c2\" \/>\n<meta property=\"og:description\" content=\"Le filet d&#039;anchois marin\u00e9 est un filet d&#039;anchois frais marin\u00e9 dans du vinaigre de vin, de l&#039;ail, du romarin et du laurier. Cette marinade conf\u00e8re \u00e0 l&#039;anchois un caract\u00e8re et une saveur aromatiques riches, ce qui en fait un d\u00e9licieux meze \u00e0 d\u00e9guster avec de l&#039;ouzo ou du tsipouro.\" \/>\n<meta property=\"og:url\" content=\"https:\/\/staging.pitenis.eu\/fr\/produit\/filet-marine-aux-anchois\/\" \/>\n<meta property=\"og:site_name\" content=\"Pitenis Shop | &#039;\u0395\u03c4\u03bf\u03b9\u03bc\u03b5\u03c2 \u03c3\u03b1\u03bb\u03ac\u03c4\u03b5\u03c2\" \/>\n<meta property=\"article:modified_time\" content=\"2025-08-14T09:57:19+00:00\" \/>\n<meta property=\"og:image\" content=\"https:\/\/staging.pitenis.eu\/wp-content\/uploads\/2025\/06\/\u0393\u0391\u03a5\u03a1\u039f\u03a3_\u03a6\u0399\u039b\u0395\u03a4_\u039c\u0391\u03a1\u0399\u039d\u0391\u03a1\u0399\u03a3\u039c\u0395\u039d\u039f\u03a3.png\" \/>\n\t<meta property=\"og:image:width\" content=\"1000\" \/>\n\t<meta property=\"og:image:height\" content=\"1000\" \/>\n\t<meta property=\"og:image:type\" content=\"image\/png\" \/>\n<meta name=\"twitter:card\" content=\"summary_large_image\" \/>\n<meta name=\"twitter:label1\" content=\"Dur\u00e9e de lecture estim\u00e9e\" \/>\n\t<meta name=\"twitter:data1\" content=\"2 minutes\" \/>\n<script type=\"application\/ld+json\" class=\"yoast-schema-graph\">{\"@context\":\"https:\\\/\\\/schema.org\",\"@graph\":[{\"@type\":\"WebPage\",\"@id\":\"https:\\\/\\\/staging.pitenis.eu\\\/fr\\\/produit\\\/filet-marine-aux-anchois\\\/\",\"url\":\"https:\\\/\\\/staging.pitenis.eu\\\/fr\\\/produit\\\/filet-marine-aux-anchois\\\/\",\"name\":\"Filet marin\u00e9 aux anchois - Pitenis Shop | &#039;\u0395\u03c4\u03bf\u03b9\u03bc\u03b5\u03c2 \u03c3\u03b1\u03bb\u03ac\u03c4\u03b5\u03c2\",\"isPartOf\":{\"@id\":\"https:\\\/\\\/staging.pitenis.eu\\\/fr\\\/#website\"},\"primaryImageOfPage\":{\"@id\":\"https:\\\/\\\/staging.pitenis.eu\\\/fr\\\/produit\\\/filet-marine-aux-anchois\\\/#primaryimage\"},\"image\":{\"@id\":\"https:\\\/\\\/staging.pitenis.eu\\\/fr\\\/produit\\\/filet-marine-aux-anchois\\\/#primaryimage\"},\"thumbnailUrl\":\"https:\\\/\\\/staging.pitenis.eu\\\/wp-content\\\/uploads\\\/2025\\\/06\\\/\u0393\u0391\u03a5\u03a1\u039f\u03a3_\u03a6\u0399\u039b\u0395\u03a4_\u039c\u0391\u03a1\u0399\u039d\u0391\u03a1\u0399\u03a3\u039c\u0395\u039d\u039f\u03a3.png\",\"datePublished\":\"2025-06-03T22:13:32+00:00\",\"dateModified\":\"2025-08-14T09:57:19+00:00\",\"breadcrumb\":{\"@id\":\"https:\\\/\\\/staging.pitenis.eu\\\/fr\\\/produit\\\/filet-marine-aux-anchois\\\/#breadcrumb\"},\"inLanguage\":\"fr-FR\",\"potentialAction\":[{\"@type\":\"ReadAction\",\"target\":[\"https:\\\/\\\/staging.pitenis.eu\\\/fr\\\/produit\\\/filet-marine-aux-anchois\\\/\"]}]},{\"@type\":\"ImageObject\",\"inLanguage\":\"fr-FR\",\"@id\":\"https:\\\/\\\/staging.pitenis.eu\\\/fr\\\/produit\\\/filet-marine-aux-anchois\\\/#primaryimage\",\"url\":\"https:\\\/\\\/staging.pitenis.eu\\\/wp-content\\\/uploads\\\/2025\\\/06\\\/\u0393\u0391\u03a5\u03a1\u039f\u03a3_\u03a6\u0399\u039b\u0395\u03a4_\u039c\u0391\u03a1\u0399\u039d\u0391\u03a1\u0399\u03a3\u039c\u0395\u039d\u039f\u03a3.png\",\"contentUrl\":\"https:\\\/\\\/staging.pitenis.eu\\\/wp-content\\\/uploads\\\/2025\\\/06\\\/\u0393\u0391\u03a5\u03a1\u039f\u03a3_\u03a6\u0399\u039b\u0395\u03a4_\u039c\u0391\u03a1\u0399\u039d\u0391\u03a1\u0399\u03a3\u039c\u0395\u039d\u039f\u03a3.png\",\"width\":1000,\"height\":1000},{\"@type\":\"BreadcrumbList\",\"@id\":\"https:\\\/\\\/staging.pitenis.eu\\\/fr\\\/produit\\\/filet-marine-aux-anchois\\\/#breadcrumb\",\"itemListElement\":[{\"@type\":\"ListItem\",\"position\":1,\"name\":\"Home\",\"item\":\"https:\\\/\\\/staging.pitenis.eu\\\/fr\\\/\"},{\"@type\":\"ListItem\",\"position\":2,\"name\":\"Boutique\",\"item\":\"https:\\\/\\\/staging.pitenis.eu\\\/%ce%ba%ce%b1%cf%84%ce%ac%cf%83%cf%84%ce%b7%ce%bc%ce%b1\\\/\"},{\"@type\":\"ListItem\",\"position\":3,\"name\":\"Filet marin\u00e9 aux anchois\"}]},{\"@type\":\"WebSite\",\"@id\":\"https:\\\/\\\/staging.pitenis.eu\\\/fr\\\/#website\",\"url\":\"https:\\\/\\\/staging.pitenis.eu\\\/fr\\\/\",\"name\":\"Pitenis Shop | &#039;\u0395\u03c4\u03bf\u03b9\u03bc\u03b5\u03c2 \u03c3\u03b1\u03bb\u03ac\u03c4\u03b5\u03c2\",\"description\":\"\u03b1\u03bb\u03bf\u03b9\u03c6\u03ad\u03c2, \u03c8\u03b1\u03c1\u03b9\u03ba\u03ac, \u03c4\u03bf\u03c5\u03c1\u03c3\u03ac\u03ba\u03b9\u03b1\",\"publisher\":{\"@id\":\"https:\\\/\\\/staging.pitenis.eu\\\/fr\\\/#organization\"},\"potentialAction\":[{\"@type\":\"SearchAction\",\"target\":{\"@type\":\"EntryPoint\",\"urlTemplate\":\"https:\\\/\\\/staging.pitenis.eu\\\/fr\\\/?s={search_term_string}\"},\"query-input\":{\"@type\":\"PropertyValueSpecification\",\"valueRequired\":true,\"valueName\":\"search_term_string\"}}],\"inLanguage\":\"fr-FR\"},{\"@type\":\"Organization\",\"@id\":\"https:\\\/\\\/staging.pitenis.eu\\\/fr\\\/#organization\",\"name\":\"Pitenis Shop | &#039;\u0395\u03c4\u03bf\u03b9\u03bc\u03b5\u03c2 \u03c3\u03b1\u03bb\u03ac\u03c4\u03b5\u03c2\",\"url\":\"https:\\\/\\\/staging.pitenis.eu\\\/fr\\\/\",\"logo\":{\"@type\":\"ImageObject\",\"inLanguage\":\"fr-FR\",\"@id\":\"https:\\\/\\\/staging.pitenis.eu\\\/fr\\\/#\\\/schema\\\/logo\\\/image\\\/\",\"url\":\"https:\\\/\\\/staging.pitenis.eu\\\/wp-content\\\/uploads\\\/2025\\\/04\\\/cropped-pitenis_logo.png\",\"contentUrl\":\"https:\\\/\\\/staging.pitenis.eu\\\/wp-content\\\/uploads\\\/2025\\\/04\\\/cropped-pitenis_logo.png\",\"width\":172,\"height\":74,\"caption\":\"Pitenis Shop | &#039;\u0395\u03c4\u03bf\u03b9\u03bc\u03b5\u03c2 \u03c3\u03b1\u03bb\u03ac\u03c4\u03b5\u03c2\"},\"image\":{\"@id\":\"https:\\\/\\\/staging.pitenis.eu\\\/fr\\\/#\\\/schema\\\/logo\\\/image\\\/\"}}]}<\/script>\n<!-- \/ Yoast SEO plugin. -->","yoast_head_json":{"title":"Filet marin\u00e9 aux anchois - Pitenis Shop | &#039;\u0395\u03c4\u03bf\u03b9\u03bc\u03b5\u03c2 \u03c3\u03b1\u03bb\u03ac\u03c4\u03b5\u03c2","robots":{"index":"index","follow":"follow","max-snippet":"max-snippet:-1","max-image-preview":"max-image-preview:large","max-video-preview":"max-video-preview:-1"},"canonical":"https:\/\/staging.pitenis.eu\/fr\/produit\/filet-marine-aux-anchois\/","og_locale":"fr_FR","og_type":"article","og_title":"Filet marin\u00e9 aux anchois - Pitenis Shop | &#039;\u0395\u03c4\u03bf\u03b9\u03bc\u03b5\u03c2 \u03c3\u03b1\u03bb\u03ac\u03c4\u03b5\u03c2","og_description":"Le filet d'anchois marin\u00e9 est un filet d'anchois frais marin\u00e9 dans du vinaigre de vin, de l'ail, du romarin et du laurier. Cette marinade conf\u00e8re \u00e0 l'anchois un caract\u00e8re et une saveur aromatiques riches, ce qui en fait un d\u00e9licieux meze \u00e0 d\u00e9guster avec de l'ouzo ou du tsipouro.","og_url":"https:\/\/staging.pitenis.eu\/fr\/produit\/filet-marine-aux-anchois\/","og_site_name":"Pitenis Shop | &#039;\u0395\u03c4\u03bf\u03b9\u03bc\u03b5\u03c2 \u03c3\u03b1\u03bb\u03ac\u03c4\u03b5\u03c2","article_modified_time":"2025-08-14T09:57:19+00:00","og_image":[{"width":1000,"height":1000,"url":"https:\/\/staging.pitenis.eu\/wp-content\/uploads\/2025\/06\/\u0393\u0391\u03a5\u03a1\u039f\u03a3_\u03a6\u0399\u039b\u0395\u03a4_\u039c\u0391\u03a1\u0399\u039d\u0391\u03a1\u0399\u03a3\u039c\u0395\u039d\u039f\u03a3.png","type":"image\/png"}],"twitter_card":"summary_large_image","twitter_misc":{"Dur\u00e9e de lecture estim\u00e9e":"2 minutes"},"schema":{"@context":"https:\/\/schema.org","@graph":[{"@type":"WebPage","@id":"https:\/\/staging.pitenis.eu\/fr\/produit\/filet-marine-aux-anchois\/","url":"https:\/\/staging.pitenis.eu\/fr\/produit\/filet-marine-aux-anchois\/","name":"Filet marin\u00e9 aux anchois - Pitenis Shop | &#039;\u0395\u03c4\u03bf\u03b9\u03bc\u03b5\u03c2 \u03c3\u03b1\u03bb\u03ac\u03c4\u03b5\u03c2","isPartOf":{"@id":"https:\/\/staging.pitenis.eu\/fr\/#website"},"primaryImageOfPage":{"@id":"https:\/\/staging.pitenis.eu\/fr\/produit\/filet-marine-aux-anchois\/#primaryimage"},"image":{"@id":"https:\/\/staging.pitenis.eu\/fr\/produit\/filet-marine-aux-anchois\/#primaryimage"},"thumbnailUrl":"https:\/\/staging.pitenis.eu\/wp-content\/uploads\/2025\/06\/\u0393\u0391\u03a5\u03a1\u039f\u03a3_\u03a6\u0399\u039b\u0395\u03a4_\u039c\u0391\u03a1\u0399\u039d\u0391\u03a1\u0399\u03a3\u039c\u0395\u039d\u039f\u03a3.png","datePublished":"2025-06-03T22:13:32+00:00","dateModified":"2025-08-14T09:57:19+00:00","breadcrumb":{"@id":"https:\/\/staging.pitenis.eu\/fr\/produit\/filet-marine-aux-anchois\/#breadcrumb"},"inLanguage":"fr-FR","potentialAction":[{"@type":"ReadAction","target":["https:\/\/staging.pitenis.eu\/fr\/produit\/filet-marine-aux-anchois\/"]}]},{"@type":"ImageObject","inLanguage":"fr-FR","@id":"https:\/\/staging.pitenis.eu\/fr\/produit\/filet-marine-aux-anchois\/#primaryimage","url":"https:\/\/staging.pitenis.eu\/wp-content\/uploads\/2025\/06\/\u0393\u0391\u03a5\u03a1\u039f\u03a3_\u03a6\u0399\u039b\u0395\u03a4_\u039c\u0391\u03a1\u0399\u039d\u0391\u03a1\u0399\u03a3\u039c\u0395\u039d\u039f\u03a3.png","contentUrl":"https:\/\/staging.pitenis.eu\/wp-content\/uploads\/2025\/06\/\u0393\u0391\u03a5\u03a1\u039f\u03a3_\u03a6\u0399\u039b\u0395\u03a4_\u039c\u0391\u03a1\u0399\u039d\u0391\u03a1\u0399\u03a3\u039c\u0395\u039d\u039f\u03a3.png","width":1000,"height":1000},{"@type":"BreadcrumbList","@id":"https:\/\/staging.pitenis.eu\/fr\/produit\/filet-marine-aux-anchois\/#breadcrumb","itemListElement":[{"@type":"ListItem","position":1,"name":"Home","item":"https:\/\/staging.pitenis.eu\/fr\/"},{"@type":"ListItem","position":2,"name":"Boutique","item":"https:\/\/staging.pitenis.eu\/%ce%ba%ce%b1%cf%84%ce%ac%cf%83%cf%84%ce%b7%ce%bc%ce%b1\/"},{"@type":"ListItem","position":3,"name":"Filet marin\u00e9 aux anchois"}]},{"@type":"WebSite","@id":"https:\/\/staging.pitenis.eu\/fr\/#website","url":"https:\/\/staging.pitenis.eu\/fr\/","name":"Pitenis Shop | &#039;\u0395\u03c4\u03bf\u03b9\u03bc\u03b5\u03c2 \u03c3\u03b1\u03bb\u03ac\u03c4\u03b5\u03c2","description":"\u03b1\u03bb\u03bf\u03b9\u03c6\u03ad\u03c2, \u03c8\u03b1\u03c1\u03b9\u03ba\u03ac, \u03c4\u03bf\u03c5\u03c1\u03c3\u03ac\u03ba\u03b9\u03b1","publisher":{"@id":"https:\/\/staging.pitenis.eu\/fr\/#organization"},"potentialAction":[{"@type":"SearchAction","target":{"@type":"EntryPoint","urlTemplate":"https:\/\/staging.pitenis.eu\/fr\/?s={search_term_string}"},"query-input":{"@type":"PropertyValueSpecification","valueRequired":true,"valueName":"search_term_string"}}],"inLanguage":"fr-FR"},{"@type":"Organization","@id":"https:\/\/staging.pitenis.eu\/fr\/#organization","name":"Pitenis Shop | &#039;\u0395\u03c4\u03bf\u03b9\u03bc\u03b5\u03c2 \u03c3\u03b1\u03bb\u03ac\u03c4\u03b5\u03c2","url":"https:\/\/staging.pitenis.eu\/fr\/","logo":{"@type":"ImageObject","inLanguage":"fr-FR","@id":"https:\/\/staging.pitenis.eu\/fr\/#\/schema\/logo\/image\/","url":"https:\/\/staging.pitenis.eu\/wp-content\/uploads\/2025\/04\/cropped-pitenis_logo.png","contentUrl":"https:\/\/staging.pitenis.eu\/wp-content\/uploads\/2025\/04\/cropped-pitenis_logo.png","width":172,"height":74,"caption":"Pitenis Shop | &#039;\u0395\u03c4\u03bf\u03b9\u03bc\u03b5\u03c2 \u03c3\u03b1\u03bb\u03ac\u03c4\u03b5\u03c2"},"image":{"@id":"https:\/\/staging.pitenis.eu\/fr\/#\/schema\/logo\/image\/"}}]}},"_links":{"self":[{"href":"https:\/\/staging.pitenis.eu\/fr\/wp-json\/wp\/v2\/product\/12174","targetHints":{"allow":["GET"]}}],"collection":[{"href":"https:\/\/staging.pitenis.eu\/fr\/wp-json\/wp\/v2\/product"}],"about":[{"href":"https:\/\/staging.pitenis.eu\/fr\/wp-json\/wp\/v2\/types\/product"}],"replies":[{"embeddable":true,"href":"https:\/\/staging.pitenis.eu\/fr\/wp-json\/wp\/v2\/comments?post=12174"}],"wp:featuredmedia":[{"embeddable":true,"href":"https:\/\/staging.pitenis.eu\/fr\/wp-json\/wp\/v2\/media\/15136"}],"wp:attachment":[{"href":"https:\/\/staging.pitenis.eu\/fr\/wp-json\/wp\/v2\/media?parent=12174"}],"wp:term":[{"taxonomy":"product_cat","embeddable":true,"href":"https:\/\/staging.pitenis.eu\/fr\/wp-json\/wp\/v2\/product_cat?post=12174"},{"taxonomy":"product_tag","embeddable":true,"href":"https:\/\/staging.pitenis.eu\/fr\/wp-json\/wp\/v2\/product_tag?post=12174"}],"curies":[{"name":"wp","href":"https:\/\/api.w.org\/{rel}","templated":true}]}}