{"id":12169,"date":"2025-06-03T22:13:32","date_gmt":"2025-06-03T22:13:32","guid":{"rendered":"https:\/\/e-shop.advonpitenis.eu\/product\/filet-de-sardine\/"},"modified":"2025-08-14T09:57:17","modified_gmt":"2025-08-14T09:57:17","slug":"filet-de-sardine","status":"publish","type":"product","link":"https:\/\/staging.pitenis.eu\/fr\/produit\/filet-de-sardine\/","title":{"rendered":"Filet de sardine"},"content":{"rendered":"<p><span style=\"font-weight: bold;\">Ingr\u00e9dients<\/span><br \/><span style='font-weight: bold; '> Ingr\u00e9dients :<\/span> Filet de <span style='font-weight: bold; '>sardine<\/span> saumur\u00e9<span style='font-weight: bold; '>[ <\/span>Sardines pilchardus, huile de tournesol, sel, r\u00e9gulateur d&rsquo;acidit\u00e9 : acide citrique. Contient probablement des traces de <span style='font-weight: bold; '>mollusques, soja, lait, c\u00e9leri, sulfite<\/span>], huile de tournesol, sel, poivre de Mac\u00e9doine, \u00e9pices<br class=\"new-line\">.Zone de capture : FAO 27 NE Atlantic &amp; 37.3.1 Eg\u00e9eP\u00each\u00e9<br class=\"new-line\">au chalut p\u00e9lagique avec des bateaux jumel\u00e9s ou \u00e0 la senne coulissante<br class=\"new-line\"><\/p>\n<p><span style=\"font-weight: bold;\">Combinaisons &#8211; suggestions d&rsquo;utilisation-<\/span><br \/>Savourez le filet de sardine marin\u00e9 dans du vinaigre de vin en entr\u00e9e, servi avec beaucoup de citron et des gressins.<br \/>&#8211; Ajoutez-la \u00e0 une pizza, avec des tranches de tomates, d&rsquo;oignons et d&rsquo;olives, pour un go\u00fbt unique de la mer.<br \/>&#8211; Utilisez-la dans un risotto aux fruits de mer, pour ajouter un ar\u00f4me et une saveur riches au plat.<br \/>&#8211; Accompagnez-la de l\u00e9gumes frais grill\u00e9s tels que courgettes, poivrons et aubergines pour un repas d\u00e9licieux et sain.<br \/>&#8211; Ajoutez-la aux salades avec des pommes de terre, des concombres, des tomates et des herbes fra\u00eeches pour un r\u00e9gal \u00e9pic\u00e9 et frais.                                                                                             Recette :<\/span> \u03a6\u03b9\u03bb\u03b5\u03c4\u03ac\u03ba\u03b9\u03b1 \u03c3\u03b1\u03c1\u03b4\u03ad\u03bb\u03b1\u03c2 \u03bc\u03b5 \u03c3\u03ac\u03bb\u03c4\u03c3\u03b1 \u03b1\u03c0\u03cc \u03c0\u03b5\u03c4\u03b9\u03bc\u03ad\u03b6\u03b9 &amp; lime<br \/>\u03a5\u03bb\u03b9\u03ba\u03ac<br \/><\/span>&#8211; 250 \u03b3\u03c1. \u03c3\u03b1\u03c1\u03b4\u03ad\u03bb\u03b5\u03c2<br \/>&#8211; 1 \u03ba.\u03c4.\u03b3.\u03c0\u03ac\u03c0\u03c1\u03b9\u03ba\u03b1<br \/>&#8211; 1 \u03ba.\u03c4.\u03b3. \u03ba\u03cd\u03bc\u03b9\u03bd\u03bf<br \/>&#8211; 1 \u03ba.\u03c4.\u03b3. \u03ba\u03ac\u03c1\u03c5<br \/>&#8211; 50 \u03b3\u03c1.\u03c3\u03bf\u03c5\u03c3\u03ac\u03bc\u03b9<br \/>&#8211; 50 \u03b3\u03c1.\u03bc\u03b1\u03c5\u03c1\u03bf\u03c3\u03bf\u03cd\u03c3\u03b1\u03bc\u03bf<br \/>&#8211; 250 \u03b3\u03c1. \u03b1\u03bb\u03b5\u03cd\u03c1\u03b9<br \/>&#8211; \u03b1\u03bb\u03ac\u03c4\u03b9<br \/>&#8211; \u03c0\u03b9\u03c0\u03ad\u03c1\u03b9<br \/>&#8211; 2 \u03b1\u03c3\u03c0\u03c1\u03ac\u03b4\u03b9\u03b1 \u03b1\u03b2\u03b3\u03bf\u03cd<br \/>&#8211; \u03bb\u03ac\u03b4\u03b9 \u03b3\u03b9\u03b1 \u03c4\u03bf \u03c4\u03b7\u03b3\u03ac\u03bd\u03b9\u03c3\u03bc\u03b1<br \/>(\u03b3\u03b9\u03b1 \u03c4\u03b7 \u03c3\u03ac\u03bb\u03c4\u03c3\u03b1)<br \/>&#8211; 100 \u03b3\u03c1. <br \/> &#8211; 4 figues fra\u00eeches<br \/>&#8211; 1 citron en jus<br \/>&#8211; 2 citrons verts<br \/>Ex\u00e9cution<br \/><\/span>Laver et nettoyer les sardines des \u00e9cailles et des ar\u00eates et les faire s\u00e9cher sur du papier absorbant. M\u00e9langer les \u00e9pices avec les graines de s\u00e9same et la farine. Battre les blancs d&rsquo;\u0153ufs dans un bol. Tremper les sardines dans le blanc d&rsquo;\u0153uf puis dans le m\u00e9lange de farine et les faire frire dans l&rsquo;huile chaude. Pour la sauce, peler les figues, les \u00e9craser \u00e0 la fourchette et les mettre dans une petite casserole avec le jus de citron et le petimezi pour porter \u00e0 \u00e9bullition. Couper les citrons verts en tranches tr\u00e8s fines et servir.<\/p>\n","protected":false},"excerpt":{"rendered":"<p>Le filet de sardine marin\u00e9 au vinaigre de vin est un d\u00e9lice pour les amateurs de fruits de mer. Le vinaigre de vin donne une acidit\u00e9 harmonieuse et un go\u00fbt raffin\u00e9 aux filets de sardines. Parfait pour des entr\u00e9es l\u00e9g\u00e8res et savoureuses ou pour agr\u00e9menter vos salades.<\/p>\n","protected":false},"featured_media":15139,"comment_status":"closed","ping_status":"closed","template":"","meta":{"_acf_changed":false},"product_cat":[307],"product_tag":[],"class_list":{"0":"post-12169","1":"product","2":"type-product","3":"status-publish","4":"has-post-thumbnail","6":"product_cat-fruits-de-mer","8":"first","9":"instock","10":"taxable","11":"shipping-taxable","12":"purchasable","13":"product-type-variable"},"acf":[],"yoast_head":"<!-- This site is optimized with the Yoast SEO plugin v27.4 - https:\/\/yoast.com\/product\/yoast-seo-wordpress\/ -->\n<title>Filet de sardine - Pitenis Shop | &#039;\u0395\u03c4\u03bf\u03b9\u03bc\u03b5\u03c2 \u03c3\u03b1\u03bb\u03ac\u03c4\u03b5\u03c2<\/title>\n<meta name=\"robots\" content=\"index, follow, max-snippet:-1, max-image-preview:large, max-video-preview:-1\" \/>\n<link rel=\"canonical\" href=\"https:\/\/staging.pitenis.eu\/fr\/produit\/filet-de-sardine\/\" \/>\n<meta property=\"og:locale\" content=\"fr_FR\" \/>\n<meta property=\"og:type\" content=\"article\" \/>\n<meta property=\"og:title\" content=\"Filet de sardine - Pitenis Shop | &#039;\u0395\u03c4\u03bf\u03b9\u03bc\u03b5\u03c2 \u03c3\u03b1\u03bb\u03ac\u03c4\u03b5\u03c2\" \/>\n<meta property=\"og:description\" content=\"Le filet de sardine marin\u00e9 au vinaigre de vin est un d\u00e9lice pour les amateurs de fruits de mer. Le vinaigre de vin donne une acidit\u00e9 harmonieuse et un go\u00fbt raffin\u00e9 aux filets de sardines. Parfait pour des entr\u00e9es l\u00e9g\u00e8res et savoureuses ou pour agr\u00e9menter vos salades.\" \/>\n<meta property=\"og:url\" content=\"https:\/\/staging.pitenis.eu\/fr\/produit\/filet-de-sardine\/\" \/>\n<meta property=\"og:site_name\" content=\"Pitenis Shop | &#039;\u0395\u03c4\u03bf\u03b9\u03bc\u03b5\u03c2 \u03c3\u03b1\u03bb\u03ac\u03c4\u03b5\u03c2\" \/>\n<meta property=\"article:modified_time\" content=\"2025-08-14T09:57:17+00:00\" \/>\n<meta property=\"og:image\" content=\"https:\/\/staging.pitenis.eu\/wp-content\/uploads\/2025\/06\/\u03a3\u0391\u03a1\u0394\u0395\u039b\u0391_\u03a6\u0399\u039b\u0395\u03a4\u039f.png\" \/>\n\t<meta property=\"og:image:width\" content=\"1000\" \/>\n\t<meta property=\"og:image:height\" content=\"1000\" \/>\n\t<meta property=\"og:image:type\" content=\"image\/png\" \/>\n<meta name=\"twitter:card\" content=\"summary_large_image\" \/>\n<meta name=\"twitter:label1\" content=\"Dur\u00e9e de lecture estim\u00e9e\" \/>\n\t<meta name=\"twitter:data1\" content=\"1 minute\" \/>\n<script type=\"application\/ld+json\" class=\"yoast-schema-graph\">{\"@context\":\"https:\\\/\\\/schema.org\",\"@graph\":[{\"@type\":\"WebPage\",\"@id\":\"https:\\\/\\\/staging.pitenis.eu\\\/fr\\\/produit\\\/filet-de-sardine\\\/\",\"url\":\"https:\\\/\\\/staging.pitenis.eu\\\/fr\\\/produit\\\/filet-de-sardine\\\/\",\"name\":\"Filet de sardine - Pitenis Shop | &#039;\u0395\u03c4\u03bf\u03b9\u03bc\u03b5\u03c2 \u03c3\u03b1\u03bb\u03ac\u03c4\u03b5\u03c2\",\"isPartOf\":{\"@id\":\"https:\\\/\\\/staging.pitenis.eu\\\/fr\\\/#website\"},\"primaryImageOfPage\":{\"@id\":\"https:\\\/\\\/staging.pitenis.eu\\\/fr\\\/produit\\\/filet-de-sardine\\\/#primaryimage\"},\"image\":{\"@id\":\"https:\\\/\\\/staging.pitenis.eu\\\/fr\\\/produit\\\/filet-de-sardine\\\/#primaryimage\"},\"thumbnailUrl\":\"https:\\\/\\\/staging.pitenis.eu\\\/wp-content\\\/uploads\\\/2025\\\/06\\\/\u03a3\u0391\u03a1\u0394\u0395\u039b\u0391_\u03a6\u0399\u039b\u0395\u03a4\u039f.png\",\"datePublished\":\"2025-06-03T22:13:32+00:00\",\"dateModified\":\"2025-08-14T09:57:17+00:00\",\"breadcrumb\":{\"@id\":\"https:\\\/\\\/staging.pitenis.eu\\\/fr\\\/produit\\\/filet-de-sardine\\\/#breadcrumb\"},\"inLanguage\":\"fr-FR\",\"potentialAction\":[{\"@type\":\"ReadAction\",\"target\":[\"https:\\\/\\\/staging.pitenis.eu\\\/fr\\\/produit\\\/filet-de-sardine\\\/\"]}]},{\"@type\":\"ImageObject\",\"inLanguage\":\"fr-FR\",\"@id\":\"https:\\\/\\\/staging.pitenis.eu\\\/fr\\\/produit\\\/filet-de-sardine\\\/#primaryimage\",\"url\":\"https:\\\/\\\/staging.pitenis.eu\\\/wp-content\\\/uploads\\\/2025\\\/06\\\/\u03a3\u0391\u03a1\u0394\u0395\u039b\u0391_\u03a6\u0399\u039b\u0395\u03a4\u039f.png\",\"contentUrl\":\"https:\\\/\\\/staging.pitenis.eu\\\/wp-content\\\/uploads\\\/2025\\\/06\\\/\u03a3\u0391\u03a1\u0394\u0395\u039b\u0391_\u03a6\u0399\u039b\u0395\u03a4\u039f.png\",\"width\":1000,\"height\":1000},{\"@type\":\"BreadcrumbList\",\"@id\":\"https:\\\/\\\/staging.pitenis.eu\\\/fr\\\/produit\\\/filet-de-sardine\\\/#breadcrumb\",\"itemListElement\":[{\"@type\":\"ListItem\",\"position\":1,\"name\":\"Home\",\"item\":\"https:\\\/\\\/staging.pitenis.eu\\\/fr\\\/\"},{\"@type\":\"ListItem\",\"position\":2,\"name\":\"Boutique\",\"item\":\"https:\\\/\\\/staging.pitenis.eu\\\/%ce%ba%ce%b1%cf%84%ce%ac%cf%83%cf%84%ce%b7%ce%bc%ce%b1\\\/\"},{\"@type\":\"ListItem\",\"position\":3,\"name\":\"Filet de sardine\"}]},{\"@type\":\"WebSite\",\"@id\":\"https:\\\/\\\/staging.pitenis.eu\\\/fr\\\/#website\",\"url\":\"https:\\\/\\\/staging.pitenis.eu\\\/fr\\\/\",\"name\":\"Pitenis Shop | &#039;\u0395\u03c4\u03bf\u03b9\u03bc\u03b5\u03c2 \u03c3\u03b1\u03bb\u03ac\u03c4\u03b5\u03c2\",\"description\":\"\u03b1\u03bb\u03bf\u03b9\u03c6\u03ad\u03c2, \u03c8\u03b1\u03c1\u03b9\u03ba\u03ac, \u03c4\u03bf\u03c5\u03c1\u03c3\u03ac\u03ba\u03b9\u03b1\",\"publisher\":{\"@id\":\"https:\\\/\\\/staging.pitenis.eu\\\/fr\\\/#organization\"},\"potentialAction\":[{\"@type\":\"SearchAction\",\"target\":{\"@type\":\"EntryPoint\",\"urlTemplate\":\"https:\\\/\\\/staging.pitenis.eu\\\/fr\\\/?s={search_term_string}\"},\"query-input\":{\"@type\":\"PropertyValueSpecification\",\"valueRequired\":true,\"valueName\":\"search_term_string\"}}],\"inLanguage\":\"fr-FR\"},{\"@type\":\"Organization\",\"@id\":\"https:\\\/\\\/staging.pitenis.eu\\\/fr\\\/#organization\",\"name\":\"Pitenis Shop | &#039;\u0395\u03c4\u03bf\u03b9\u03bc\u03b5\u03c2 \u03c3\u03b1\u03bb\u03ac\u03c4\u03b5\u03c2\",\"url\":\"https:\\\/\\\/staging.pitenis.eu\\\/fr\\\/\",\"logo\":{\"@type\":\"ImageObject\",\"inLanguage\":\"fr-FR\",\"@id\":\"https:\\\/\\\/staging.pitenis.eu\\\/fr\\\/#\\\/schema\\\/logo\\\/image\\\/\",\"url\":\"https:\\\/\\\/staging.pitenis.eu\\\/wp-content\\\/uploads\\\/2025\\\/04\\\/cropped-pitenis_logo.png\",\"contentUrl\":\"https:\\\/\\\/staging.pitenis.eu\\\/wp-content\\\/uploads\\\/2025\\\/04\\\/cropped-pitenis_logo.png\",\"width\":172,\"height\":74,\"caption\":\"Pitenis Shop | &#039;\u0395\u03c4\u03bf\u03b9\u03bc\u03b5\u03c2 \u03c3\u03b1\u03bb\u03ac\u03c4\u03b5\u03c2\"},\"image\":{\"@id\":\"https:\\\/\\\/staging.pitenis.eu\\\/fr\\\/#\\\/schema\\\/logo\\\/image\\\/\"}}]}<\/script>\n<!-- \/ Yoast SEO plugin. -->","yoast_head_json":{"title":"Filet de sardine - Pitenis Shop | &#039;\u0395\u03c4\u03bf\u03b9\u03bc\u03b5\u03c2 \u03c3\u03b1\u03bb\u03ac\u03c4\u03b5\u03c2","robots":{"index":"index","follow":"follow","max-snippet":"max-snippet:-1","max-image-preview":"max-image-preview:large","max-video-preview":"max-video-preview:-1"},"canonical":"https:\/\/staging.pitenis.eu\/fr\/produit\/filet-de-sardine\/","og_locale":"fr_FR","og_type":"article","og_title":"Filet de sardine - Pitenis Shop | &#039;\u0395\u03c4\u03bf\u03b9\u03bc\u03b5\u03c2 \u03c3\u03b1\u03bb\u03ac\u03c4\u03b5\u03c2","og_description":"Le filet de sardine marin\u00e9 au vinaigre de vin est un d\u00e9lice pour les amateurs de fruits de mer. Le vinaigre de vin donne une acidit\u00e9 harmonieuse et un go\u00fbt raffin\u00e9 aux filets de sardines. Parfait pour des entr\u00e9es l\u00e9g\u00e8res et savoureuses ou pour agr\u00e9menter vos salades.","og_url":"https:\/\/staging.pitenis.eu\/fr\/produit\/filet-de-sardine\/","og_site_name":"Pitenis Shop | &#039;\u0395\u03c4\u03bf\u03b9\u03bc\u03b5\u03c2 \u03c3\u03b1\u03bb\u03ac\u03c4\u03b5\u03c2","article_modified_time":"2025-08-14T09:57:17+00:00","og_image":[{"width":1000,"height":1000,"url":"https:\/\/staging.pitenis.eu\/wp-content\/uploads\/2025\/06\/\u03a3\u0391\u03a1\u0394\u0395\u039b\u0391_\u03a6\u0399\u039b\u0395\u03a4\u039f.png","type":"image\/png"}],"twitter_card":"summary_large_image","twitter_misc":{"Dur\u00e9e de lecture estim\u00e9e":"1 minute"},"schema":{"@context":"https:\/\/schema.org","@graph":[{"@type":"WebPage","@id":"https:\/\/staging.pitenis.eu\/fr\/produit\/filet-de-sardine\/","url":"https:\/\/staging.pitenis.eu\/fr\/produit\/filet-de-sardine\/","name":"Filet de sardine - Pitenis Shop | &#039;\u0395\u03c4\u03bf\u03b9\u03bc\u03b5\u03c2 \u03c3\u03b1\u03bb\u03ac\u03c4\u03b5\u03c2","isPartOf":{"@id":"https:\/\/staging.pitenis.eu\/fr\/#website"},"primaryImageOfPage":{"@id":"https:\/\/staging.pitenis.eu\/fr\/produit\/filet-de-sardine\/#primaryimage"},"image":{"@id":"https:\/\/staging.pitenis.eu\/fr\/produit\/filet-de-sardine\/#primaryimage"},"thumbnailUrl":"https:\/\/staging.pitenis.eu\/wp-content\/uploads\/2025\/06\/\u03a3\u0391\u03a1\u0394\u0395\u039b\u0391_\u03a6\u0399\u039b\u0395\u03a4\u039f.png","datePublished":"2025-06-03T22:13:32+00:00","dateModified":"2025-08-14T09:57:17+00:00","breadcrumb":{"@id":"https:\/\/staging.pitenis.eu\/fr\/produit\/filet-de-sardine\/#breadcrumb"},"inLanguage":"fr-FR","potentialAction":[{"@type":"ReadAction","target":["https:\/\/staging.pitenis.eu\/fr\/produit\/filet-de-sardine\/"]}]},{"@type":"ImageObject","inLanguage":"fr-FR","@id":"https:\/\/staging.pitenis.eu\/fr\/produit\/filet-de-sardine\/#primaryimage","url":"https:\/\/staging.pitenis.eu\/wp-content\/uploads\/2025\/06\/\u03a3\u0391\u03a1\u0394\u0395\u039b\u0391_\u03a6\u0399\u039b\u0395\u03a4\u039f.png","contentUrl":"https:\/\/staging.pitenis.eu\/wp-content\/uploads\/2025\/06\/\u03a3\u0391\u03a1\u0394\u0395\u039b\u0391_\u03a6\u0399\u039b\u0395\u03a4\u039f.png","width":1000,"height":1000},{"@type":"BreadcrumbList","@id":"https:\/\/staging.pitenis.eu\/fr\/produit\/filet-de-sardine\/#breadcrumb","itemListElement":[{"@type":"ListItem","position":1,"name":"Home","item":"https:\/\/staging.pitenis.eu\/fr\/"},{"@type":"ListItem","position":2,"name":"Boutique","item":"https:\/\/staging.pitenis.eu\/%ce%ba%ce%b1%cf%84%ce%ac%cf%83%cf%84%ce%b7%ce%bc%ce%b1\/"},{"@type":"ListItem","position":3,"name":"Filet de sardine"}]},{"@type":"WebSite","@id":"https:\/\/staging.pitenis.eu\/fr\/#website","url":"https:\/\/staging.pitenis.eu\/fr\/","name":"Pitenis Shop | &#039;\u0395\u03c4\u03bf\u03b9\u03bc\u03b5\u03c2 \u03c3\u03b1\u03bb\u03ac\u03c4\u03b5\u03c2","description":"\u03b1\u03bb\u03bf\u03b9\u03c6\u03ad\u03c2, \u03c8\u03b1\u03c1\u03b9\u03ba\u03ac, \u03c4\u03bf\u03c5\u03c1\u03c3\u03ac\u03ba\u03b9\u03b1","publisher":{"@id":"https:\/\/staging.pitenis.eu\/fr\/#organization"},"potentialAction":[{"@type":"SearchAction","target":{"@type":"EntryPoint","urlTemplate":"https:\/\/staging.pitenis.eu\/fr\/?s={search_term_string}"},"query-input":{"@type":"PropertyValueSpecification","valueRequired":true,"valueName":"search_term_string"}}],"inLanguage":"fr-FR"},{"@type":"Organization","@id":"https:\/\/staging.pitenis.eu\/fr\/#organization","name":"Pitenis Shop | &#039;\u0395\u03c4\u03bf\u03b9\u03bc\u03b5\u03c2 \u03c3\u03b1\u03bb\u03ac\u03c4\u03b5\u03c2","url":"https:\/\/staging.pitenis.eu\/fr\/","logo":{"@type":"ImageObject","inLanguage":"fr-FR","@id":"https:\/\/staging.pitenis.eu\/fr\/#\/schema\/logo\/image\/","url":"https:\/\/staging.pitenis.eu\/wp-content\/uploads\/2025\/04\/cropped-pitenis_logo.png","contentUrl":"https:\/\/staging.pitenis.eu\/wp-content\/uploads\/2025\/04\/cropped-pitenis_logo.png","width":172,"height":74,"caption":"Pitenis Shop | &#039;\u0395\u03c4\u03bf\u03b9\u03bc\u03b5\u03c2 \u03c3\u03b1\u03bb\u03ac\u03c4\u03b5\u03c2"},"image":{"@id":"https:\/\/staging.pitenis.eu\/fr\/#\/schema\/logo\/image\/"}}]}},"_links":{"self":[{"href":"https:\/\/staging.pitenis.eu\/fr\/wp-json\/wp\/v2\/product\/12169","targetHints":{"allow":["GET"]}}],"collection":[{"href":"https:\/\/staging.pitenis.eu\/fr\/wp-json\/wp\/v2\/product"}],"about":[{"href":"https:\/\/staging.pitenis.eu\/fr\/wp-json\/wp\/v2\/types\/product"}],"replies":[{"embeddable":true,"href":"https:\/\/staging.pitenis.eu\/fr\/wp-json\/wp\/v2\/comments?post=12169"}],"wp:featuredmedia":[{"embeddable":true,"href":"https:\/\/staging.pitenis.eu\/fr\/wp-json\/wp\/v2\/media\/15139"}],"wp:attachment":[{"href":"https:\/\/staging.pitenis.eu\/fr\/wp-json\/wp\/v2\/media?parent=12169"}],"wp:term":[{"taxonomy":"product_cat","embeddable":true,"href":"https:\/\/staging.pitenis.eu\/fr\/wp-json\/wp\/v2\/product_cat?post=12169"},{"taxonomy":"product_tag","embeddable":true,"href":"https:\/\/staging.pitenis.eu\/fr\/wp-json\/wp\/v2\/product_tag?post=12169"}],"curies":[{"name":"wp","href":"https:\/\/api.w.org\/{rel}","templated":true}]}}