{"id":12167,"date":"2025-06-03T22:13:40","date_gmt":"2025-06-03T22:13:40","guid":{"rendered":"https:\/\/e-shop.advonpitenis.eu\/product\/maquereau-fume-entier\/"},"modified":"2025-08-14T09:58:59","modified_gmt":"2025-08-14T09:58:59","slug":"maquereau-fume-entier","status":"publish","type":"product","link":"https:\/\/staging.pitenis.eu\/fr\/produit\/maquereau-fume-entier\/","title":{"rendered":"Maquereau fum\u00e9 entier"},"content":{"rendered":"<p><span style=\"font-weight: bold;\">Ingr\u00e9dients<\/span><br \/>\n<span style=\"font-weight: bold;\">Ingr\u00e9dients :<\/span> <span style=\"font-weight: bold;\">Maquereau<\/span> entier fum\u00e9 (Scomber scombrus), sel, \u00e9pices.&lt;br class=\u00a0\u00bbnew-line\u00a0\u00bb&gt;Zone de capture : FAO 27 Irlande&lt;br class=\u00a0\u00bbnew-line\u00a0\u00bb&gt;<\/p>\n<p><span style=\"font-weight: bold;\">Combinaisons &#8211; suggestions d&rsquo;utilisation<\/span><br \/>\n&#8211; D\u00e9gustez le maquereau entier fum\u00e9 comme plat principal, accompagn\u00e9 de citron et d&rsquo;huile d&rsquo;olive.<br \/>\n&#8211; Utilisez-le pour ajouter une riche saveur aux salades, aux tartes ou aux omelettes.<br \/>\n&#8211; Pr\u00e9parez des sandwichs avec le maquereau fum\u00e9, du fromage et des l\u00e9gumes frais.<br \/>\n&#8211; Ajoutez-le aux p\u00e2tes, au risotto ou aux soupes aromatis\u00e9es pour une saveur plus riche.<br \/>\n&#8211; Servez le maquereau entier fum\u00e9 comme en-cas accompagn\u00e9 de tsipouro ou de raki.<br \/>\n&#8211; Farcir avec du maquereau fum\u00e9 et des feuilles d&rsquo;oignon aux herbes fra\u00eeches pour une variante int\u00e9ressante.<br \/>\n&#8211; Servez le maquereau fum\u00e9 dans le cadre d&rsquo;un meze froid, accompagn\u00e9 de fromage, d&rsquo;olives et de poivrons.<br \/>\n&#8211; Utilisez-le pour relever le go\u00fbt d&rsquo;un risotto aux fruits de mer.<br \/>\nRecette : Plaque de maquereau<br \/>\nIngr\u00e9dients<br \/>\n&#8211; Maquereau brouill\u00e9 avec une sauce \u00e9pic\u00e9e<br \/>\n&#8211; 1 morceau de maquereau fum\u00e9 Pitenis<br \/>\n&#8211; 6-7 tomates cerises<br \/>\n&#8211; 1 petit oignon sec<br \/>\n&#8211; 1 sf. 1 cuill\u00e8re \u00e0 caf\u00e9 1 cuill\u00e8re \u00e0 caf\u00e9<br \/>\n&#8211; Jus d&rsquo;un demi-citron<br \/>\nPr\u00e9paration<br \/>\nHacher finement l&rsquo;oignon. Dans une po\u00eale, faire revenir les oignons puis les tomates cerises. Ajouter le tsipouro et le jus de citron. Mettre le maquereau \u00e0 chauffer, pour adoucir la saveur et d\u00e9velopper les ar\u00f4mes. Servir le maquereau avec les l\u00e9gumes et le persil frais.<\/p>\n","protected":false},"excerpt":{"rendered":"<p>Le maquereau entier fum\u00e9 est un poisson au go\u00fbt intense, pr\u00e9par\u00e9 par la m\u00e9thode du fumage, riche en saveurs et en ar\u00f4mes. Id\u00e9al pour de d\u00e9licieuses entr\u00e9es ou pour accompagner des salades et des plats de fruits de mer.<\/p>\n","protected":false},"featured_media":15145,"comment_status":"closed","ping_status":"closed","template":"","meta":{"_acf_changed":false},"product_cat":[307],"product_tag":[],"class_list":{"0":"post-12167","1":"product","2":"type-product","3":"status-publish","4":"has-post-thumbnail","6":"product_cat-fruits-de-mer","8":"first","9":"instock","10":"taxable","11":"shipping-taxable","12":"purchasable","13":"product-type-variable"},"acf":[],"yoast_head":"<!-- This site is optimized with the Yoast SEO plugin v27.4 - https:\/\/yoast.com\/product\/yoast-seo-wordpress\/ -->\n<title>Maquereau fum\u00e9 entier - Pitenis Shop | &#039;\u0395\u03c4\u03bf\u03b9\u03bc\u03b5\u03c2 \u03c3\u03b1\u03bb\u03ac\u03c4\u03b5\u03c2<\/title>\n<meta name=\"robots\" content=\"index, follow, max-snippet:-1, max-image-preview:large, max-video-preview:-1\" \/>\n<link rel=\"canonical\" href=\"https:\/\/staging.pitenis.eu\/fr\/produit\/maquereau-fume-entier\/\" \/>\n<meta property=\"og:locale\" content=\"fr_FR\" \/>\n<meta property=\"og:type\" content=\"article\" \/>\n<meta property=\"og:title\" content=\"Maquereau fum\u00e9 entier - Pitenis Shop | &#039;\u0395\u03c4\u03bf\u03b9\u03bc\u03b5\u03c2 \u03c3\u03b1\u03bb\u03ac\u03c4\u03b5\u03c2\" \/>\n<meta property=\"og:description\" content=\"Le maquereau entier fum\u00e9 est un poisson au go\u00fbt intense, pr\u00e9par\u00e9 par la m\u00e9thode du fumage, riche en saveurs et en ar\u00f4mes. Id\u00e9al pour de d\u00e9licieuses entr\u00e9es ou pour accompagner des salades et des plats de fruits de mer.\" \/>\n<meta property=\"og:url\" content=\"https:\/\/staging.pitenis.eu\/fr\/produit\/maquereau-fume-entier\/\" \/>\n<meta property=\"og:site_name\" content=\"Pitenis Shop | &#039;\u0395\u03c4\u03bf\u03b9\u03bc\u03b5\u03c2 \u03c3\u03b1\u03bb\u03ac\u03c4\u03b5\u03c2\" \/>\n<meta property=\"article:modified_time\" content=\"2025-08-14T09:58:59+00:00\" \/>\n<meta property=\"og:image\" content=\"https:\/\/staging.pitenis.eu\/wp-content\/uploads\/2025\/06\/\u03a3\u039a\u039f\u03a5\u039c\u03a0\u03a1\u0399_\u039a\u0391\u03a0\u039d\u0399\u03a3\u03a4\u039f_\u039f\u039b\u039f\u039a\u039b\u0397\u03a1\u039f.png\" \/>\n\t<meta property=\"og:image:width\" content=\"1000\" \/>\n\t<meta property=\"og:image:height\" content=\"1000\" \/>\n\t<meta property=\"og:image:type\" content=\"image\/png\" \/>\n<meta name=\"twitter:card\" content=\"summary_large_image\" \/>\n<meta name=\"twitter:label1\" content=\"Dur\u00e9e de lecture estim\u00e9e\" \/>\n\t<meta name=\"twitter:data1\" content=\"1 minute\" \/>\n<script type=\"application\/ld+json\" class=\"yoast-schema-graph\">{\"@context\":\"https:\\\/\\\/schema.org\",\"@graph\":[{\"@type\":\"WebPage\",\"@id\":\"https:\\\/\\\/staging.pitenis.eu\\\/fr\\\/produit\\\/maquereau-fume-entier\\\/\",\"url\":\"https:\\\/\\\/staging.pitenis.eu\\\/fr\\\/produit\\\/maquereau-fume-entier\\\/\",\"name\":\"Maquereau fum\u00e9 entier - Pitenis Shop | &#039;\u0395\u03c4\u03bf\u03b9\u03bc\u03b5\u03c2 \u03c3\u03b1\u03bb\u03ac\u03c4\u03b5\u03c2\",\"isPartOf\":{\"@id\":\"https:\\\/\\\/staging.pitenis.eu\\\/fr\\\/#website\"},\"primaryImageOfPage\":{\"@id\":\"https:\\\/\\\/staging.pitenis.eu\\\/fr\\\/produit\\\/maquereau-fume-entier\\\/#primaryimage\"},\"image\":{\"@id\":\"https:\\\/\\\/staging.pitenis.eu\\\/fr\\\/produit\\\/maquereau-fume-entier\\\/#primaryimage\"},\"thumbnailUrl\":\"https:\\\/\\\/staging.pitenis.eu\\\/wp-content\\\/uploads\\\/2025\\\/06\\\/\u03a3\u039a\u039f\u03a5\u039c\u03a0\u03a1\u0399_\u039a\u0391\u03a0\u039d\u0399\u03a3\u03a4\u039f_\u039f\u039b\u039f\u039a\u039b\u0397\u03a1\u039f.png\",\"datePublished\":\"2025-06-03T22:13:40+00:00\",\"dateModified\":\"2025-08-14T09:58:59+00:00\",\"breadcrumb\":{\"@id\":\"https:\\\/\\\/staging.pitenis.eu\\\/fr\\\/produit\\\/maquereau-fume-entier\\\/#breadcrumb\"},\"inLanguage\":\"fr-FR\",\"potentialAction\":[{\"@type\":\"ReadAction\",\"target\":[\"https:\\\/\\\/staging.pitenis.eu\\\/fr\\\/produit\\\/maquereau-fume-entier\\\/\"]}]},{\"@type\":\"ImageObject\",\"inLanguage\":\"fr-FR\",\"@id\":\"https:\\\/\\\/staging.pitenis.eu\\\/fr\\\/produit\\\/maquereau-fume-entier\\\/#primaryimage\",\"url\":\"https:\\\/\\\/staging.pitenis.eu\\\/wp-content\\\/uploads\\\/2025\\\/06\\\/\u03a3\u039a\u039f\u03a5\u039c\u03a0\u03a1\u0399_\u039a\u0391\u03a0\u039d\u0399\u03a3\u03a4\u039f_\u039f\u039b\u039f\u039a\u039b\u0397\u03a1\u039f.png\",\"contentUrl\":\"https:\\\/\\\/staging.pitenis.eu\\\/wp-content\\\/uploads\\\/2025\\\/06\\\/\u03a3\u039a\u039f\u03a5\u039c\u03a0\u03a1\u0399_\u039a\u0391\u03a0\u039d\u0399\u03a3\u03a4\u039f_\u039f\u039b\u039f\u039a\u039b\u0397\u03a1\u039f.png\",\"width\":1000,\"height\":1000},{\"@type\":\"BreadcrumbList\",\"@id\":\"https:\\\/\\\/staging.pitenis.eu\\\/fr\\\/produit\\\/maquereau-fume-entier\\\/#breadcrumb\",\"itemListElement\":[{\"@type\":\"ListItem\",\"position\":1,\"name\":\"Home\",\"item\":\"https:\\\/\\\/staging.pitenis.eu\\\/fr\\\/\"},{\"@type\":\"ListItem\",\"position\":2,\"name\":\"Boutique\",\"item\":\"https:\\\/\\\/staging.pitenis.eu\\\/%ce%ba%ce%b1%cf%84%ce%ac%cf%83%cf%84%ce%b7%ce%bc%ce%b1\\\/\"},{\"@type\":\"ListItem\",\"position\":3,\"name\":\"Maquereau fum\u00e9 entier\"}]},{\"@type\":\"WebSite\",\"@id\":\"https:\\\/\\\/staging.pitenis.eu\\\/fr\\\/#website\",\"url\":\"https:\\\/\\\/staging.pitenis.eu\\\/fr\\\/\",\"name\":\"Pitenis Shop | &#039;\u0395\u03c4\u03bf\u03b9\u03bc\u03b5\u03c2 \u03c3\u03b1\u03bb\u03ac\u03c4\u03b5\u03c2\",\"description\":\"\u03b1\u03bb\u03bf\u03b9\u03c6\u03ad\u03c2, \u03c8\u03b1\u03c1\u03b9\u03ba\u03ac, \u03c4\u03bf\u03c5\u03c1\u03c3\u03ac\u03ba\u03b9\u03b1\",\"publisher\":{\"@id\":\"https:\\\/\\\/staging.pitenis.eu\\\/fr\\\/#organization\"},\"potentialAction\":[{\"@type\":\"SearchAction\",\"target\":{\"@type\":\"EntryPoint\",\"urlTemplate\":\"https:\\\/\\\/staging.pitenis.eu\\\/fr\\\/?s={search_term_string}\"},\"query-input\":{\"@type\":\"PropertyValueSpecification\",\"valueRequired\":true,\"valueName\":\"search_term_string\"}}],\"inLanguage\":\"fr-FR\"},{\"@type\":\"Organization\",\"@id\":\"https:\\\/\\\/staging.pitenis.eu\\\/fr\\\/#organization\",\"name\":\"Pitenis Shop | &#039;\u0395\u03c4\u03bf\u03b9\u03bc\u03b5\u03c2 \u03c3\u03b1\u03bb\u03ac\u03c4\u03b5\u03c2\",\"url\":\"https:\\\/\\\/staging.pitenis.eu\\\/fr\\\/\",\"logo\":{\"@type\":\"ImageObject\",\"inLanguage\":\"fr-FR\",\"@id\":\"https:\\\/\\\/staging.pitenis.eu\\\/fr\\\/#\\\/schema\\\/logo\\\/image\\\/\",\"url\":\"https:\\\/\\\/staging.pitenis.eu\\\/wp-content\\\/uploads\\\/2025\\\/04\\\/cropped-pitenis_logo.png\",\"contentUrl\":\"https:\\\/\\\/staging.pitenis.eu\\\/wp-content\\\/uploads\\\/2025\\\/04\\\/cropped-pitenis_logo.png\",\"width\":172,\"height\":74,\"caption\":\"Pitenis Shop | &#039;\u0395\u03c4\u03bf\u03b9\u03bc\u03b5\u03c2 \u03c3\u03b1\u03bb\u03ac\u03c4\u03b5\u03c2\"},\"image\":{\"@id\":\"https:\\\/\\\/staging.pitenis.eu\\\/fr\\\/#\\\/schema\\\/logo\\\/image\\\/\"}}]}<\/script>\n<!-- \/ Yoast SEO plugin. -->","yoast_head_json":{"title":"Maquereau fum\u00e9 entier - Pitenis Shop | &#039;\u0395\u03c4\u03bf\u03b9\u03bc\u03b5\u03c2 \u03c3\u03b1\u03bb\u03ac\u03c4\u03b5\u03c2","robots":{"index":"index","follow":"follow","max-snippet":"max-snippet:-1","max-image-preview":"max-image-preview:large","max-video-preview":"max-video-preview:-1"},"canonical":"https:\/\/staging.pitenis.eu\/fr\/produit\/maquereau-fume-entier\/","og_locale":"fr_FR","og_type":"article","og_title":"Maquereau fum\u00e9 entier - Pitenis Shop | &#039;\u0395\u03c4\u03bf\u03b9\u03bc\u03b5\u03c2 \u03c3\u03b1\u03bb\u03ac\u03c4\u03b5\u03c2","og_description":"Le maquereau entier fum\u00e9 est un poisson au go\u00fbt intense, pr\u00e9par\u00e9 par la m\u00e9thode du fumage, riche en saveurs et en ar\u00f4mes. Id\u00e9al pour de d\u00e9licieuses entr\u00e9es ou pour accompagner des salades et des plats de fruits de mer.","og_url":"https:\/\/staging.pitenis.eu\/fr\/produit\/maquereau-fume-entier\/","og_site_name":"Pitenis Shop | &#039;\u0395\u03c4\u03bf\u03b9\u03bc\u03b5\u03c2 \u03c3\u03b1\u03bb\u03ac\u03c4\u03b5\u03c2","article_modified_time":"2025-08-14T09:58:59+00:00","og_image":[{"width":1000,"height":1000,"url":"https:\/\/staging.pitenis.eu\/wp-content\/uploads\/2025\/06\/\u03a3\u039a\u039f\u03a5\u039c\u03a0\u03a1\u0399_\u039a\u0391\u03a0\u039d\u0399\u03a3\u03a4\u039f_\u039f\u039b\u039f\u039a\u039b\u0397\u03a1\u039f.png","type":"image\/png"}],"twitter_card":"summary_large_image","twitter_misc":{"Dur\u00e9e de lecture estim\u00e9e":"1 minute"},"schema":{"@context":"https:\/\/schema.org","@graph":[{"@type":"WebPage","@id":"https:\/\/staging.pitenis.eu\/fr\/produit\/maquereau-fume-entier\/","url":"https:\/\/staging.pitenis.eu\/fr\/produit\/maquereau-fume-entier\/","name":"Maquereau fum\u00e9 entier - Pitenis Shop | &#039;\u0395\u03c4\u03bf\u03b9\u03bc\u03b5\u03c2 \u03c3\u03b1\u03bb\u03ac\u03c4\u03b5\u03c2","isPartOf":{"@id":"https:\/\/staging.pitenis.eu\/fr\/#website"},"primaryImageOfPage":{"@id":"https:\/\/staging.pitenis.eu\/fr\/produit\/maquereau-fume-entier\/#primaryimage"},"image":{"@id":"https:\/\/staging.pitenis.eu\/fr\/produit\/maquereau-fume-entier\/#primaryimage"},"thumbnailUrl":"https:\/\/staging.pitenis.eu\/wp-content\/uploads\/2025\/06\/\u03a3\u039a\u039f\u03a5\u039c\u03a0\u03a1\u0399_\u039a\u0391\u03a0\u039d\u0399\u03a3\u03a4\u039f_\u039f\u039b\u039f\u039a\u039b\u0397\u03a1\u039f.png","datePublished":"2025-06-03T22:13:40+00:00","dateModified":"2025-08-14T09:58:59+00:00","breadcrumb":{"@id":"https:\/\/staging.pitenis.eu\/fr\/produit\/maquereau-fume-entier\/#breadcrumb"},"inLanguage":"fr-FR","potentialAction":[{"@type":"ReadAction","target":["https:\/\/staging.pitenis.eu\/fr\/produit\/maquereau-fume-entier\/"]}]},{"@type":"ImageObject","inLanguage":"fr-FR","@id":"https:\/\/staging.pitenis.eu\/fr\/produit\/maquereau-fume-entier\/#primaryimage","url":"https:\/\/staging.pitenis.eu\/wp-content\/uploads\/2025\/06\/\u03a3\u039a\u039f\u03a5\u039c\u03a0\u03a1\u0399_\u039a\u0391\u03a0\u039d\u0399\u03a3\u03a4\u039f_\u039f\u039b\u039f\u039a\u039b\u0397\u03a1\u039f.png","contentUrl":"https:\/\/staging.pitenis.eu\/wp-content\/uploads\/2025\/06\/\u03a3\u039a\u039f\u03a5\u039c\u03a0\u03a1\u0399_\u039a\u0391\u03a0\u039d\u0399\u03a3\u03a4\u039f_\u039f\u039b\u039f\u039a\u039b\u0397\u03a1\u039f.png","width":1000,"height":1000},{"@type":"BreadcrumbList","@id":"https:\/\/staging.pitenis.eu\/fr\/produit\/maquereau-fume-entier\/#breadcrumb","itemListElement":[{"@type":"ListItem","position":1,"name":"Home","item":"https:\/\/staging.pitenis.eu\/fr\/"},{"@type":"ListItem","position":2,"name":"Boutique","item":"https:\/\/staging.pitenis.eu\/%ce%ba%ce%b1%cf%84%ce%ac%cf%83%cf%84%ce%b7%ce%bc%ce%b1\/"},{"@type":"ListItem","position":3,"name":"Maquereau fum\u00e9 entier"}]},{"@type":"WebSite","@id":"https:\/\/staging.pitenis.eu\/fr\/#website","url":"https:\/\/staging.pitenis.eu\/fr\/","name":"Pitenis Shop | &#039;\u0395\u03c4\u03bf\u03b9\u03bc\u03b5\u03c2 \u03c3\u03b1\u03bb\u03ac\u03c4\u03b5\u03c2","description":"\u03b1\u03bb\u03bf\u03b9\u03c6\u03ad\u03c2, \u03c8\u03b1\u03c1\u03b9\u03ba\u03ac, \u03c4\u03bf\u03c5\u03c1\u03c3\u03ac\u03ba\u03b9\u03b1","publisher":{"@id":"https:\/\/staging.pitenis.eu\/fr\/#organization"},"potentialAction":[{"@type":"SearchAction","target":{"@type":"EntryPoint","urlTemplate":"https:\/\/staging.pitenis.eu\/fr\/?s={search_term_string}"},"query-input":{"@type":"PropertyValueSpecification","valueRequired":true,"valueName":"search_term_string"}}],"inLanguage":"fr-FR"},{"@type":"Organization","@id":"https:\/\/staging.pitenis.eu\/fr\/#organization","name":"Pitenis Shop | &#039;\u0395\u03c4\u03bf\u03b9\u03bc\u03b5\u03c2 \u03c3\u03b1\u03bb\u03ac\u03c4\u03b5\u03c2","url":"https:\/\/staging.pitenis.eu\/fr\/","logo":{"@type":"ImageObject","inLanguage":"fr-FR","@id":"https:\/\/staging.pitenis.eu\/fr\/#\/schema\/logo\/image\/","url":"https:\/\/staging.pitenis.eu\/wp-content\/uploads\/2025\/04\/cropped-pitenis_logo.png","contentUrl":"https:\/\/staging.pitenis.eu\/wp-content\/uploads\/2025\/04\/cropped-pitenis_logo.png","width":172,"height":74,"caption":"Pitenis Shop | &#039;\u0395\u03c4\u03bf\u03b9\u03bc\u03b5\u03c2 \u03c3\u03b1\u03bb\u03ac\u03c4\u03b5\u03c2"},"image":{"@id":"https:\/\/staging.pitenis.eu\/fr\/#\/schema\/logo\/image\/"}}]}},"_links":{"self":[{"href":"https:\/\/staging.pitenis.eu\/fr\/wp-json\/wp\/v2\/product\/12167","targetHints":{"allow":["GET"]}}],"collection":[{"href":"https:\/\/staging.pitenis.eu\/fr\/wp-json\/wp\/v2\/product"}],"about":[{"href":"https:\/\/staging.pitenis.eu\/fr\/wp-json\/wp\/v2\/types\/product"}],"replies":[{"embeddable":true,"href":"https:\/\/staging.pitenis.eu\/fr\/wp-json\/wp\/v2\/comments?post=12167"}],"wp:featuredmedia":[{"embeddable":true,"href":"https:\/\/staging.pitenis.eu\/fr\/wp-json\/wp\/v2\/media\/15145"}],"wp:attachment":[{"href":"https:\/\/staging.pitenis.eu\/fr\/wp-json\/wp\/v2\/media?parent=12167"}],"wp:term":[{"taxonomy":"product_cat","embeddable":true,"href":"https:\/\/staging.pitenis.eu\/fr\/wp-json\/wp\/v2\/product_cat?post=12167"},{"taxonomy":"product_tag","embeddable":true,"href":"https:\/\/staging.pitenis.eu\/fr\/wp-json\/wp\/v2\/product_tag?post=12167"}],"curies":[{"name":"wp","href":"https:\/\/api.w.org\/{rel}","templated":true}]}}