{"id":12091,"date":"2025-06-03T22:14:09","date_gmt":"2025-06-03T22:14:09","guid":{"rendered":"https:\/\/e-shop.advonpitenis.eu\/product\/cloche-farcie-2\/"},"modified":"2025-08-14T10:00:17","modified_gmt":"2025-08-14T10:00:17","slug":"cloche-farcie-2","status":"publish","type":"product","link":"https:\/\/staging.pitenis.eu\/fr\/produit\/cloche-farcie-2\/","title":{"rendered":"Cloche farcie"},"content":{"rendered":"<p><span style=\"font-weight: bold;\">Ingr\u00e9dients<\/span><br \/><span style='font-weight: bold; '>Ingr\u00e9dients :<\/span> Poivron rouge 50% (eau, sel, r\u00e9gulateurs d&rsquo;acidit\u00e9 : acide citrique, E509), garniture au<span style='font-weight: bold; '> fromage <\/span>46%<span style='font-weight: bold; '>[<\/span> garniture au<span style='font-weight: bold; '>fromage<\/span><span style='font-weight: bold; '>(lait de fromage<\/span>, sel), \u00e9pices, ail, r\u00e9gulateur d&rsquo;acidit\u00e9 : acide lactique], huile de tournesol, poivre vert, conservateurs : E202, E211. (Les pourcentages sont calcul\u00e9s sur le poids \u00e9goutt\u00e9)<\/p>\n<p><span style=\"font-weight: bold;\">Combinaisons &#8211; suggestions d&rsquo;utilisation<\/span><br \/>Voici quelques suggestions de service pour le poivron farci, un en-cas id\u00e9al pour les amateurs de saveurs \u00e9pic\u00e9es :<br \/>\n&#8211; Servir les poivrons farcis sur une assiette en guise d&rsquo;amuse-bouche ou de mezz\u00e9 lors d&rsquo;un repas de soci\u00e9t\u00e9.<br \/>\n&#8211; Servez-les avec du citron frais pour rehausser la saveur et \u00e9quilibrer la touche \u00e9pic\u00e9e.<br \/>\n&#8211; Servez les cloches farcies dans le cadre d&rsquo;un mezze m\u00e9diterran\u00e9en avec du tzatziki, du fromage en grains et des olives.<br \/>\n&#8211; Servez le mezze avec de l&rsquo;ouzo ou de la bi\u00e8re fra\u00eeche.<br \/>\n&#8211; Ajoutez-les \u00e0 des tartes ou \u00e0 des tartelettes pour un repas \u00e9pic\u00e9 et savoureux.<br \/>\n&#8211; Utilisez-les comme garniture de salade pour ajouter une touche \u00e9pic\u00e9e et une saveur riche.<br \/>\n&#8211; Servez-les \u00e0 un buffet ou \u00e0 une table d&rsquo;en-cas pour impressionner vos invit\u00e9s avec votre s\u00e9lection \u00e9pic\u00e9e.<\/p>\n","protected":false},"excerpt":{"rendered":"<p>Le poivron farci est un poivron rouge rempli d&rsquo;un d\u00e9licieux m\u00e9lange de myzithra, de feta, de poivrons verts et d&rsquo;\u00e9pices. Cela lui conf\u00e8re une saveur particuli\u00e8rement \u00e9pic\u00e9e. Le poivron farci est un plat riche et d\u00e9licieux ou une entr\u00e9e qui impressionne par sa saveur \u00e9pic\u00e9e et sa texture sensuelle.<\/p>\n","protected":false},"featured_media":15184,"comment_status":"closed","ping_status":"closed","template":"","meta":{"_acf_changed":false},"product_cat":[285],"product_tag":[],"class_list":{"0":"post-12091","1":"product","2":"type-product","3":"status-publish","4":"has-post-thumbnail","6":"product_cat-cornichons-farcis-pickles","8":"first","9":"instock","10":"taxable","11":"shipping-taxable","12":"purchasable","13":"product-type-variable"},"acf":[],"yoast_head":"<!-- This site is optimized with the Yoast SEO plugin v27.4 - https:\/\/yoast.com\/product\/yoast-seo-wordpress\/ -->\n<title>Cloche farcie - Pitenis Shop | &#039;\u0395\u03c4\u03bf\u03b9\u03bc\u03b5\u03c2 \u03c3\u03b1\u03bb\u03ac\u03c4\u03b5\u03c2<\/title>\n<meta name=\"robots\" content=\"index, follow, max-snippet:-1, max-image-preview:large, max-video-preview:-1\" \/>\n<link rel=\"canonical\" href=\"https:\/\/staging.pitenis.eu\/fr\/produit\/cloche-farcie-2\/\" \/>\n<meta property=\"og:locale\" content=\"fr_FR\" \/>\n<meta property=\"og:type\" content=\"article\" \/>\n<meta property=\"og:title\" content=\"Cloche farcie - Pitenis Shop | &#039;\u0395\u03c4\u03bf\u03b9\u03bc\u03b5\u03c2 \u03c3\u03b1\u03bb\u03ac\u03c4\u03b5\u03c2\" \/>\n<meta property=\"og:description\" content=\"Le poivron farci est un poivron rouge rempli d&#039;un d\u00e9licieux m\u00e9lange de myzithra, de feta, de poivrons verts et d&#039;\u00e9pices. Cela lui conf\u00e8re une saveur particuli\u00e8rement \u00e9pic\u00e9e. Le poivron farci est un plat riche et d\u00e9licieux ou une entr\u00e9e qui impressionne par sa saveur \u00e9pic\u00e9e et sa texture sensuelle.\" \/>\n<meta property=\"og:url\" content=\"https:\/\/staging.pitenis.eu\/fr\/produit\/cloche-farcie-2\/\" \/>\n<meta property=\"og:site_name\" content=\"Pitenis Shop | &#039;\u0395\u03c4\u03bf\u03b9\u03bc\u03b5\u03c2 \u03c3\u03b1\u03bb\u03ac\u03c4\u03b5\u03c2\" \/>\n<meta property=\"article:modified_time\" content=\"2025-08-14T10:00:17+00:00\" \/>\n<meta property=\"og:image\" content=\"https:\/\/staging.pitenis.eu\/wp-content\/uploads\/2025\/06\/\u039a\u0391\u039c\u03a0\u0391\u039d\u0391\u039a\u0399_\u039a\u039f\u039a\u039a\u0399\u039d\u039f.png\" \/>\n\t<meta property=\"og:image:width\" content=\"1000\" \/>\n\t<meta property=\"og:image:height\" content=\"1000\" \/>\n\t<meta property=\"og:image:type\" content=\"image\/png\" \/>\n<meta name=\"twitter:card\" content=\"summary_large_image\" \/>\n<meta name=\"twitter:label1\" content=\"Dur\u00e9e de lecture estim\u00e9e\" \/>\n\t<meta name=\"twitter:data1\" content=\"1 minute\" \/>\n<script type=\"application\/ld+json\" class=\"yoast-schema-graph\">{\"@context\":\"https:\\\/\\\/schema.org\",\"@graph\":[{\"@type\":\"WebPage\",\"@id\":\"https:\\\/\\\/staging.pitenis.eu\\\/fr\\\/produit\\\/cloche-farcie-2\\\/\",\"url\":\"https:\\\/\\\/staging.pitenis.eu\\\/fr\\\/produit\\\/cloche-farcie-2\\\/\",\"name\":\"Cloche farcie - Pitenis Shop | &#039;\u0395\u03c4\u03bf\u03b9\u03bc\u03b5\u03c2 \u03c3\u03b1\u03bb\u03ac\u03c4\u03b5\u03c2\",\"isPartOf\":{\"@id\":\"https:\\\/\\\/staging.pitenis.eu\\\/fr\\\/#website\"},\"primaryImageOfPage\":{\"@id\":\"https:\\\/\\\/staging.pitenis.eu\\\/fr\\\/produit\\\/cloche-farcie-2\\\/#primaryimage\"},\"image\":{\"@id\":\"https:\\\/\\\/staging.pitenis.eu\\\/fr\\\/produit\\\/cloche-farcie-2\\\/#primaryimage\"},\"thumbnailUrl\":\"https:\\\/\\\/staging.pitenis.eu\\\/wp-content\\\/uploads\\\/2025\\\/06\\\/\u039a\u0391\u039c\u03a0\u0391\u039d\u0391\u039a\u0399_\u039a\u039f\u039a\u039a\u0399\u039d\u039f.png\",\"datePublished\":\"2025-06-03T22:14:09+00:00\",\"dateModified\":\"2025-08-14T10:00:17+00:00\",\"breadcrumb\":{\"@id\":\"https:\\\/\\\/staging.pitenis.eu\\\/fr\\\/produit\\\/cloche-farcie-2\\\/#breadcrumb\"},\"inLanguage\":\"fr-FR\",\"potentialAction\":[{\"@type\":\"ReadAction\",\"target\":[\"https:\\\/\\\/staging.pitenis.eu\\\/fr\\\/produit\\\/cloche-farcie-2\\\/\"]}]},{\"@type\":\"ImageObject\",\"inLanguage\":\"fr-FR\",\"@id\":\"https:\\\/\\\/staging.pitenis.eu\\\/fr\\\/produit\\\/cloche-farcie-2\\\/#primaryimage\",\"url\":\"https:\\\/\\\/staging.pitenis.eu\\\/wp-content\\\/uploads\\\/2025\\\/06\\\/\u039a\u0391\u039c\u03a0\u0391\u039d\u0391\u039a\u0399_\u039a\u039f\u039a\u039a\u0399\u039d\u039f.png\",\"contentUrl\":\"https:\\\/\\\/staging.pitenis.eu\\\/wp-content\\\/uploads\\\/2025\\\/06\\\/\u039a\u0391\u039c\u03a0\u0391\u039d\u0391\u039a\u0399_\u039a\u039f\u039a\u039a\u0399\u039d\u039f.png\",\"width\":1000,\"height\":1000},{\"@type\":\"BreadcrumbList\",\"@id\":\"https:\\\/\\\/staging.pitenis.eu\\\/fr\\\/produit\\\/cloche-farcie-2\\\/#breadcrumb\",\"itemListElement\":[{\"@type\":\"ListItem\",\"position\":1,\"name\":\"Home\",\"item\":\"https:\\\/\\\/staging.pitenis.eu\\\/fr\\\/\"},{\"@type\":\"ListItem\",\"position\":2,\"name\":\"Boutique\",\"item\":\"https:\\\/\\\/staging.pitenis.eu\\\/%ce%ba%ce%b1%cf%84%ce%ac%cf%83%cf%84%ce%b7%ce%bc%ce%b1\\\/\"},{\"@type\":\"ListItem\",\"position\":3,\"name\":\"Cloche farcie\"}]},{\"@type\":\"WebSite\",\"@id\":\"https:\\\/\\\/staging.pitenis.eu\\\/fr\\\/#website\",\"url\":\"https:\\\/\\\/staging.pitenis.eu\\\/fr\\\/\",\"name\":\"Pitenis Shop | &#039;\u0395\u03c4\u03bf\u03b9\u03bc\u03b5\u03c2 \u03c3\u03b1\u03bb\u03ac\u03c4\u03b5\u03c2\",\"description\":\"\u03b1\u03bb\u03bf\u03b9\u03c6\u03ad\u03c2, \u03c8\u03b1\u03c1\u03b9\u03ba\u03ac, \u03c4\u03bf\u03c5\u03c1\u03c3\u03ac\u03ba\u03b9\u03b1\",\"publisher\":{\"@id\":\"https:\\\/\\\/staging.pitenis.eu\\\/fr\\\/#organization\"},\"potentialAction\":[{\"@type\":\"SearchAction\",\"target\":{\"@type\":\"EntryPoint\",\"urlTemplate\":\"https:\\\/\\\/staging.pitenis.eu\\\/fr\\\/?s={search_term_string}\"},\"query-input\":{\"@type\":\"PropertyValueSpecification\",\"valueRequired\":true,\"valueName\":\"search_term_string\"}}],\"inLanguage\":\"fr-FR\"},{\"@type\":\"Organization\",\"@id\":\"https:\\\/\\\/staging.pitenis.eu\\\/fr\\\/#organization\",\"name\":\"Pitenis Shop | &#039;\u0395\u03c4\u03bf\u03b9\u03bc\u03b5\u03c2 \u03c3\u03b1\u03bb\u03ac\u03c4\u03b5\u03c2\",\"url\":\"https:\\\/\\\/staging.pitenis.eu\\\/fr\\\/\",\"logo\":{\"@type\":\"ImageObject\",\"inLanguage\":\"fr-FR\",\"@id\":\"https:\\\/\\\/staging.pitenis.eu\\\/fr\\\/#\\\/schema\\\/logo\\\/image\\\/\",\"url\":\"https:\\\/\\\/staging.pitenis.eu\\\/wp-content\\\/uploads\\\/2025\\\/04\\\/cropped-pitenis_logo.png\",\"contentUrl\":\"https:\\\/\\\/staging.pitenis.eu\\\/wp-content\\\/uploads\\\/2025\\\/04\\\/cropped-pitenis_logo.png\",\"width\":172,\"height\":74,\"caption\":\"Pitenis Shop | &#039;\u0395\u03c4\u03bf\u03b9\u03bc\u03b5\u03c2 \u03c3\u03b1\u03bb\u03ac\u03c4\u03b5\u03c2\"},\"image\":{\"@id\":\"https:\\\/\\\/staging.pitenis.eu\\\/fr\\\/#\\\/schema\\\/logo\\\/image\\\/\"}}]}<\/script>\n<!-- \/ Yoast SEO plugin. -->","yoast_head_json":{"title":"Cloche farcie - Pitenis Shop | &#039;\u0395\u03c4\u03bf\u03b9\u03bc\u03b5\u03c2 \u03c3\u03b1\u03bb\u03ac\u03c4\u03b5\u03c2","robots":{"index":"index","follow":"follow","max-snippet":"max-snippet:-1","max-image-preview":"max-image-preview:large","max-video-preview":"max-video-preview:-1"},"canonical":"https:\/\/staging.pitenis.eu\/fr\/produit\/cloche-farcie-2\/","og_locale":"fr_FR","og_type":"article","og_title":"Cloche farcie - Pitenis Shop | &#039;\u0395\u03c4\u03bf\u03b9\u03bc\u03b5\u03c2 \u03c3\u03b1\u03bb\u03ac\u03c4\u03b5\u03c2","og_description":"Le poivron farci est un poivron rouge rempli d'un d\u00e9licieux m\u00e9lange de myzithra, de feta, de poivrons verts et d'\u00e9pices. Cela lui conf\u00e8re une saveur particuli\u00e8rement \u00e9pic\u00e9e. Le poivron farci est un plat riche et d\u00e9licieux ou une entr\u00e9e qui impressionne par sa saveur \u00e9pic\u00e9e et sa texture sensuelle.","og_url":"https:\/\/staging.pitenis.eu\/fr\/produit\/cloche-farcie-2\/","og_site_name":"Pitenis Shop | &#039;\u0395\u03c4\u03bf\u03b9\u03bc\u03b5\u03c2 \u03c3\u03b1\u03bb\u03ac\u03c4\u03b5\u03c2","article_modified_time":"2025-08-14T10:00:17+00:00","og_image":[{"width":1000,"height":1000,"url":"https:\/\/staging.pitenis.eu\/wp-content\/uploads\/2025\/06\/\u039a\u0391\u039c\u03a0\u0391\u039d\u0391\u039a\u0399_\u039a\u039f\u039a\u039a\u0399\u039d\u039f.png","type":"image\/png"}],"twitter_card":"summary_large_image","twitter_misc":{"Dur\u00e9e de lecture estim\u00e9e":"1 minute"},"schema":{"@context":"https:\/\/schema.org","@graph":[{"@type":"WebPage","@id":"https:\/\/staging.pitenis.eu\/fr\/produit\/cloche-farcie-2\/","url":"https:\/\/staging.pitenis.eu\/fr\/produit\/cloche-farcie-2\/","name":"Cloche farcie - Pitenis Shop | &#039;\u0395\u03c4\u03bf\u03b9\u03bc\u03b5\u03c2 \u03c3\u03b1\u03bb\u03ac\u03c4\u03b5\u03c2","isPartOf":{"@id":"https:\/\/staging.pitenis.eu\/fr\/#website"},"primaryImageOfPage":{"@id":"https:\/\/staging.pitenis.eu\/fr\/produit\/cloche-farcie-2\/#primaryimage"},"image":{"@id":"https:\/\/staging.pitenis.eu\/fr\/produit\/cloche-farcie-2\/#primaryimage"},"thumbnailUrl":"https:\/\/staging.pitenis.eu\/wp-content\/uploads\/2025\/06\/\u039a\u0391\u039c\u03a0\u0391\u039d\u0391\u039a\u0399_\u039a\u039f\u039a\u039a\u0399\u039d\u039f.png","datePublished":"2025-06-03T22:14:09+00:00","dateModified":"2025-08-14T10:00:17+00:00","breadcrumb":{"@id":"https:\/\/staging.pitenis.eu\/fr\/produit\/cloche-farcie-2\/#breadcrumb"},"inLanguage":"fr-FR","potentialAction":[{"@type":"ReadAction","target":["https:\/\/staging.pitenis.eu\/fr\/produit\/cloche-farcie-2\/"]}]},{"@type":"ImageObject","inLanguage":"fr-FR","@id":"https:\/\/staging.pitenis.eu\/fr\/produit\/cloche-farcie-2\/#primaryimage","url":"https:\/\/staging.pitenis.eu\/wp-content\/uploads\/2025\/06\/\u039a\u0391\u039c\u03a0\u0391\u039d\u0391\u039a\u0399_\u039a\u039f\u039a\u039a\u0399\u039d\u039f.png","contentUrl":"https:\/\/staging.pitenis.eu\/wp-content\/uploads\/2025\/06\/\u039a\u0391\u039c\u03a0\u0391\u039d\u0391\u039a\u0399_\u039a\u039f\u039a\u039a\u0399\u039d\u039f.png","width":1000,"height":1000},{"@type":"BreadcrumbList","@id":"https:\/\/staging.pitenis.eu\/fr\/produit\/cloche-farcie-2\/#breadcrumb","itemListElement":[{"@type":"ListItem","position":1,"name":"Home","item":"https:\/\/staging.pitenis.eu\/fr\/"},{"@type":"ListItem","position":2,"name":"Boutique","item":"https:\/\/staging.pitenis.eu\/%ce%ba%ce%b1%cf%84%ce%ac%cf%83%cf%84%ce%b7%ce%bc%ce%b1\/"},{"@type":"ListItem","position":3,"name":"Cloche farcie"}]},{"@type":"WebSite","@id":"https:\/\/staging.pitenis.eu\/fr\/#website","url":"https:\/\/staging.pitenis.eu\/fr\/","name":"Pitenis Shop | &#039;\u0395\u03c4\u03bf\u03b9\u03bc\u03b5\u03c2 \u03c3\u03b1\u03bb\u03ac\u03c4\u03b5\u03c2","description":"\u03b1\u03bb\u03bf\u03b9\u03c6\u03ad\u03c2, \u03c8\u03b1\u03c1\u03b9\u03ba\u03ac, \u03c4\u03bf\u03c5\u03c1\u03c3\u03ac\u03ba\u03b9\u03b1","publisher":{"@id":"https:\/\/staging.pitenis.eu\/fr\/#organization"},"potentialAction":[{"@type":"SearchAction","target":{"@type":"EntryPoint","urlTemplate":"https:\/\/staging.pitenis.eu\/fr\/?s={search_term_string}"},"query-input":{"@type":"PropertyValueSpecification","valueRequired":true,"valueName":"search_term_string"}}],"inLanguage":"fr-FR"},{"@type":"Organization","@id":"https:\/\/staging.pitenis.eu\/fr\/#organization","name":"Pitenis Shop | &#039;\u0395\u03c4\u03bf\u03b9\u03bc\u03b5\u03c2 \u03c3\u03b1\u03bb\u03ac\u03c4\u03b5\u03c2","url":"https:\/\/staging.pitenis.eu\/fr\/","logo":{"@type":"ImageObject","inLanguage":"fr-FR","@id":"https:\/\/staging.pitenis.eu\/fr\/#\/schema\/logo\/image\/","url":"https:\/\/staging.pitenis.eu\/wp-content\/uploads\/2025\/04\/cropped-pitenis_logo.png","contentUrl":"https:\/\/staging.pitenis.eu\/wp-content\/uploads\/2025\/04\/cropped-pitenis_logo.png","width":172,"height":74,"caption":"Pitenis Shop | &#039;\u0395\u03c4\u03bf\u03b9\u03bc\u03b5\u03c2 \u03c3\u03b1\u03bb\u03ac\u03c4\u03b5\u03c2"},"image":{"@id":"https:\/\/staging.pitenis.eu\/fr\/#\/schema\/logo\/image\/"}}]}},"_links":{"self":[{"href":"https:\/\/staging.pitenis.eu\/fr\/wp-json\/wp\/v2\/product\/12091","targetHints":{"allow":["GET"]}}],"collection":[{"href":"https:\/\/staging.pitenis.eu\/fr\/wp-json\/wp\/v2\/product"}],"about":[{"href":"https:\/\/staging.pitenis.eu\/fr\/wp-json\/wp\/v2\/types\/product"}],"replies":[{"embeddable":true,"href":"https:\/\/staging.pitenis.eu\/fr\/wp-json\/wp\/v2\/comments?post=12091"}],"wp:featuredmedia":[{"embeddable":true,"href":"https:\/\/staging.pitenis.eu\/fr\/wp-json\/wp\/v2\/media\/15184"}],"wp:attachment":[{"href":"https:\/\/staging.pitenis.eu\/fr\/wp-json\/wp\/v2\/media?parent=12091"}],"wp:term":[{"taxonomy":"product_cat","embeddable":true,"href":"https:\/\/staging.pitenis.eu\/fr\/wp-json\/wp\/v2\/product_cat?post=12091"},{"taxonomy":"product_tag","embeddable":true,"href":"https:\/\/staging.pitenis.eu\/fr\/wp-json\/wp\/v2\/product_tag?post=12091"}],"curies":[{"name":"wp","href":"https:\/\/api.w.org\/{rel}","templated":true}]}}