{"id":12086,"date":"2025-06-03T22:14:09","date_gmt":"2025-06-03T22:14:09","guid":{"rendered":"https:\/\/e-shop.advonpitenis.eu\/product\/pepperoni-farcis-a-la-macedonienne\/"},"modified":"2025-08-14T10:00:16","modified_gmt":"2025-08-14T10:00:16","slug":"pepperoni-farcis-a-la-macedonienne","status":"publish","type":"product","link":"https:\/\/staging.pitenis.eu\/fr\/produit\/pepperoni-farcis-a-la-macedonienne\/","title":{"rendered":"Pepperoni farcis \u00e0 la mac\u00e9donienne"},"content":{"rendered":"<p><span style=\"font-weight: bold;\">Ingr\u00e9dients<\/span><br \/><span style='font-weight: bold; '>Ingr\u00e9dients :<\/span> Poivre vert 57% (eau, sel, conservateurs : E211, <span style='font-weight: bold; '>m\u00e9tabisulfite de sodium<\/span>, r\u00e9gulateur d&rsquo;acidit\u00e9 : acide citrique), garniture au <span style='font-weight: bold; '>fromage <\/span>40%<span style='font-weight: bold; '>[garniture au fromage<\/span><span style='font-weight: bold; '>(lait de fromage<\/span>, sel), \u00e9pices, ail, conservateur : E202, r\u00e9gulateur d&rsquo;acidit\u00e9 : acide lactique], huile de tournesol, poivre rouge. (Les pourcentages sont calcul\u00e9s sur le poids \u00e9goutt\u00e9)<\/p>\n<p><span style=\"font-weight: bold;\">Combinaisons &#8211; suggestions d&rsquo;utilisation<\/span><br \/>Le poivron mac\u00e9donien farci est id\u00e9al pour de nombreuses utilisations. Quelques suggestions :<br \/>\n&#8211; L&rsquo;ajouter aux salades pour relever le go\u00fbt.<br \/>\n&#8211; L&rsquo;utiliser comme garniture pour les plats de viande ou de poisson.<br \/>\n&#8211; L&rsquo;ajouter \u00e0 des tartes ou \u00e0 des tourtes pour leur donner une saveur riche.<br \/>\n&#8211; D\u00e9gustez-le avec un verre de vin, une cigarette ou votre bi\u00e8re, en guise d&rsquo;en-cas ou d&rsquo;accompagnement.<br \/>\n&#8211; Utilisez-le dans les sandwichs pour une touche \u00e9pic\u00e9e.<br \/>\n&#8211; Ajoutez-le aux \u0153ufs au plat ou aux \u0153ufs brouill\u00e9s pour un repas diff\u00e9rent.<br \/>\n&#8211; Utilisez-le dans les plats de p\u00e2tes pour un go\u00fbt original.<br \/>\n&#8211; Ajoutez-le au risotto pour une touche \u00e9pic\u00e9e.<br \/>\n&#8211; Proposez-le \u00e0 vos invit\u00e9s lors d&rsquo;un buffet.<br \/>\nCes suggestions vous permettront d&rsquo;appr\u00e9cier le poivre de macadamia de diff\u00e9rentes mani\u00e8res et d&rsquo;impressionner vos invit\u00e9s.<\/p>\n","protected":false},"excerpt":{"rendered":"<p>Le c\u00e9l\u00e8bre poivron mac\u00e9donien farci d&rsquo;un m\u00e9lange de myzithra, de feta, de poivron vert et d&rsquo;\u00e9pices est une authentique sp\u00e9cialit\u00e9 gastronomique. Sa recette unique lui conf\u00e8re un go\u00fbt l\u00e9ger et \u00e9pic\u00e9 qui s\u00e9duit le palais. C&rsquo;est un excellent choix d&rsquo;entr\u00e9e ou d&rsquo;accompagnement, offrant une combinaison explosive de saveurs qui satisfera les amateurs d&rsquo;\u00e9pices.<\/p>\n","protected":false},"featured_media":15187,"comment_status":"closed","ping_status":"closed","template":"","meta":{"_acf_changed":false},"product_cat":[285],"product_tag":[],"class_list":{"0":"post-12086","1":"product","2":"type-product","3":"status-publish","4":"has-post-thumbnail","6":"product_cat-cornichons-farcis-pickles","8":"first","9":"instock","10":"taxable","11":"shipping-taxable","12":"purchasable","13":"product-type-variable"},"acf":[],"yoast_head":"<!-- This site is optimized with the Yoast SEO plugin v27.4 - https:\/\/yoast.com\/product\/yoast-seo-wordpress\/ -->\n<title>Pepperoni farcis \u00e0 la mac\u00e9donienne - Pitenis Shop | &#039;\u0395\u03c4\u03bf\u03b9\u03bc\u03b5\u03c2 \u03c3\u03b1\u03bb\u03ac\u03c4\u03b5\u03c2<\/title>\n<meta name=\"robots\" content=\"index, follow, max-snippet:-1, max-image-preview:large, max-video-preview:-1\" \/>\n<link rel=\"canonical\" href=\"https:\/\/staging.pitenis.eu\/fr\/produit\/pepperoni-farcis-a-la-macedonienne\/\" \/>\n<meta property=\"og:locale\" content=\"fr_FR\" \/>\n<meta property=\"og:type\" content=\"article\" \/>\n<meta property=\"og:title\" content=\"Pepperoni farcis \u00e0 la mac\u00e9donienne - Pitenis Shop | &#039;\u0395\u03c4\u03bf\u03b9\u03bc\u03b5\u03c2 \u03c3\u03b1\u03bb\u03ac\u03c4\u03b5\u03c2\" \/>\n<meta property=\"og:description\" content=\"Le c\u00e9l\u00e8bre poivron mac\u00e9donien farci d&#039;un m\u00e9lange de myzithra, de feta, de poivron vert et d&#039;\u00e9pices est une authentique sp\u00e9cialit\u00e9 gastronomique. Sa recette unique lui conf\u00e8re un go\u00fbt l\u00e9ger et \u00e9pic\u00e9 qui s\u00e9duit le palais. C&#039;est un excellent choix d&#039;entr\u00e9e ou d&#039;accompagnement, offrant une combinaison explosive de saveurs qui satisfera les amateurs d&#039;\u00e9pices.\" \/>\n<meta property=\"og:url\" content=\"https:\/\/staging.pitenis.eu\/fr\/produit\/pepperoni-farcis-a-la-macedonienne\/\" \/>\n<meta property=\"og:site_name\" content=\"Pitenis Shop | &#039;\u0395\u03c4\u03bf\u03b9\u03bc\u03b5\u03c2 \u03c3\u03b1\u03bb\u03ac\u03c4\u03b5\u03c2\" \/>\n<meta property=\"article:modified_time\" content=\"2025-08-14T10:00:16+00:00\" \/>\n<meta property=\"og:image\" content=\"https:\/\/staging.pitenis.eu\/wp-content\/uploads\/2025\/06\/\u039c\u0391\u039a\u0395\u0394\u039f\u039d\u0399\u039a\u039f_\u03a0\u0399\u03a0\u0395\u03a1\u0391\u039a\u0399.png\" \/>\n\t<meta property=\"og:image:width\" content=\"1000\" \/>\n\t<meta property=\"og:image:height\" content=\"1000\" \/>\n\t<meta property=\"og:image:type\" content=\"image\/png\" \/>\n<meta name=\"twitter:card\" content=\"summary_large_image\" \/>\n<meta name=\"twitter:label1\" content=\"Dur\u00e9e de lecture estim\u00e9e\" \/>\n\t<meta name=\"twitter:data1\" content=\"1 minute\" \/>\n<script type=\"application\/ld+json\" class=\"yoast-schema-graph\">{\"@context\":\"https:\\\/\\\/schema.org\",\"@graph\":[{\"@type\":\"WebPage\",\"@id\":\"https:\\\/\\\/staging.pitenis.eu\\\/fr\\\/produit\\\/pepperoni-farcis-a-la-macedonienne\\\/\",\"url\":\"https:\\\/\\\/staging.pitenis.eu\\\/fr\\\/produit\\\/pepperoni-farcis-a-la-macedonienne\\\/\",\"name\":\"Pepperoni farcis \u00e0 la mac\u00e9donienne - Pitenis Shop | &#039;\u0395\u03c4\u03bf\u03b9\u03bc\u03b5\u03c2 \u03c3\u03b1\u03bb\u03ac\u03c4\u03b5\u03c2\",\"isPartOf\":{\"@id\":\"https:\\\/\\\/staging.pitenis.eu\\\/fr\\\/#website\"},\"primaryImageOfPage\":{\"@id\":\"https:\\\/\\\/staging.pitenis.eu\\\/fr\\\/produit\\\/pepperoni-farcis-a-la-macedonienne\\\/#primaryimage\"},\"image\":{\"@id\":\"https:\\\/\\\/staging.pitenis.eu\\\/fr\\\/produit\\\/pepperoni-farcis-a-la-macedonienne\\\/#primaryimage\"},\"thumbnailUrl\":\"https:\\\/\\\/staging.pitenis.eu\\\/wp-content\\\/uploads\\\/2025\\\/06\\\/\u039c\u0391\u039a\u0395\u0394\u039f\u039d\u0399\u039a\u039f_\u03a0\u0399\u03a0\u0395\u03a1\u0391\u039a\u0399.png\",\"datePublished\":\"2025-06-03T22:14:09+00:00\",\"dateModified\":\"2025-08-14T10:00:16+00:00\",\"breadcrumb\":{\"@id\":\"https:\\\/\\\/staging.pitenis.eu\\\/fr\\\/produit\\\/pepperoni-farcis-a-la-macedonienne\\\/#breadcrumb\"},\"inLanguage\":\"fr-FR\",\"potentialAction\":[{\"@type\":\"ReadAction\",\"target\":[\"https:\\\/\\\/staging.pitenis.eu\\\/fr\\\/produit\\\/pepperoni-farcis-a-la-macedonienne\\\/\"]}]},{\"@type\":\"ImageObject\",\"inLanguage\":\"fr-FR\",\"@id\":\"https:\\\/\\\/staging.pitenis.eu\\\/fr\\\/produit\\\/pepperoni-farcis-a-la-macedonienne\\\/#primaryimage\",\"url\":\"https:\\\/\\\/staging.pitenis.eu\\\/wp-content\\\/uploads\\\/2025\\\/06\\\/\u039c\u0391\u039a\u0395\u0394\u039f\u039d\u0399\u039a\u039f_\u03a0\u0399\u03a0\u0395\u03a1\u0391\u039a\u0399.png\",\"contentUrl\":\"https:\\\/\\\/staging.pitenis.eu\\\/wp-content\\\/uploads\\\/2025\\\/06\\\/\u039c\u0391\u039a\u0395\u0394\u039f\u039d\u0399\u039a\u039f_\u03a0\u0399\u03a0\u0395\u03a1\u0391\u039a\u0399.png\",\"width\":1000,\"height\":1000},{\"@type\":\"BreadcrumbList\",\"@id\":\"https:\\\/\\\/staging.pitenis.eu\\\/fr\\\/produit\\\/pepperoni-farcis-a-la-macedonienne\\\/#breadcrumb\",\"itemListElement\":[{\"@type\":\"ListItem\",\"position\":1,\"name\":\"Home\",\"item\":\"https:\\\/\\\/staging.pitenis.eu\\\/fr\\\/\"},{\"@type\":\"ListItem\",\"position\":2,\"name\":\"Boutique\",\"item\":\"https:\\\/\\\/staging.pitenis.eu\\\/%ce%ba%ce%b1%cf%84%ce%ac%cf%83%cf%84%ce%b7%ce%bc%ce%b1\\\/\"},{\"@type\":\"ListItem\",\"position\":3,\"name\":\"Pepperoni farcis \u00e0 la mac\u00e9donienne\"}]},{\"@type\":\"WebSite\",\"@id\":\"https:\\\/\\\/staging.pitenis.eu\\\/fr\\\/#website\",\"url\":\"https:\\\/\\\/staging.pitenis.eu\\\/fr\\\/\",\"name\":\"Pitenis Shop | &#039;\u0395\u03c4\u03bf\u03b9\u03bc\u03b5\u03c2 \u03c3\u03b1\u03bb\u03ac\u03c4\u03b5\u03c2\",\"description\":\"\u03b1\u03bb\u03bf\u03b9\u03c6\u03ad\u03c2, \u03c8\u03b1\u03c1\u03b9\u03ba\u03ac, \u03c4\u03bf\u03c5\u03c1\u03c3\u03ac\u03ba\u03b9\u03b1\",\"publisher\":{\"@id\":\"https:\\\/\\\/staging.pitenis.eu\\\/fr\\\/#organization\"},\"potentialAction\":[{\"@type\":\"SearchAction\",\"target\":{\"@type\":\"EntryPoint\",\"urlTemplate\":\"https:\\\/\\\/staging.pitenis.eu\\\/fr\\\/?s={search_term_string}\"},\"query-input\":{\"@type\":\"PropertyValueSpecification\",\"valueRequired\":true,\"valueName\":\"search_term_string\"}}],\"inLanguage\":\"fr-FR\"},{\"@type\":\"Organization\",\"@id\":\"https:\\\/\\\/staging.pitenis.eu\\\/fr\\\/#organization\",\"name\":\"Pitenis Shop | &#039;\u0395\u03c4\u03bf\u03b9\u03bc\u03b5\u03c2 \u03c3\u03b1\u03bb\u03ac\u03c4\u03b5\u03c2\",\"url\":\"https:\\\/\\\/staging.pitenis.eu\\\/fr\\\/\",\"logo\":{\"@type\":\"ImageObject\",\"inLanguage\":\"fr-FR\",\"@id\":\"https:\\\/\\\/staging.pitenis.eu\\\/fr\\\/#\\\/schema\\\/logo\\\/image\\\/\",\"url\":\"https:\\\/\\\/staging.pitenis.eu\\\/wp-content\\\/uploads\\\/2025\\\/04\\\/cropped-pitenis_logo.png\",\"contentUrl\":\"https:\\\/\\\/staging.pitenis.eu\\\/wp-content\\\/uploads\\\/2025\\\/04\\\/cropped-pitenis_logo.png\",\"width\":172,\"height\":74,\"caption\":\"Pitenis Shop | &#039;\u0395\u03c4\u03bf\u03b9\u03bc\u03b5\u03c2 \u03c3\u03b1\u03bb\u03ac\u03c4\u03b5\u03c2\"},\"image\":{\"@id\":\"https:\\\/\\\/staging.pitenis.eu\\\/fr\\\/#\\\/schema\\\/logo\\\/image\\\/\"}}]}<\/script>\n<!-- \/ Yoast SEO plugin. -->","yoast_head_json":{"title":"Pepperoni farcis \u00e0 la mac\u00e9donienne - Pitenis Shop | &#039;\u0395\u03c4\u03bf\u03b9\u03bc\u03b5\u03c2 \u03c3\u03b1\u03bb\u03ac\u03c4\u03b5\u03c2","robots":{"index":"index","follow":"follow","max-snippet":"max-snippet:-1","max-image-preview":"max-image-preview:large","max-video-preview":"max-video-preview:-1"},"canonical":"https:\/\/staging.pitenis.eu\/fr\/produit\/pepperoni-farcis-a-la-macedonienne\/","og_locale":"fr_FR","og_type":"article","og_title":"Pepperoni farcis \u00e0 la mac\u00e9donienne - Pitenis Shop | &#039;\u0395\u03c4\u03bf\u03b9\u03bc\u03b5\u03c2 \u03c3\u03b1\u03bb\u03ac\u03c4\u03b5\u03c2","og_description":"Le c\u00e9l\u00e8bre poivron mac\u00e9donien farci d'un m\u00e9lange de myzithra, de feta, de poivron vert et d'\u00e9pices est une authentique sp\u00e9cialit\u00e9 gastronomique. Sa recette unique lui conf\u00e8re un go\u00fbt l\u00e9ger et \u00e9pic\u00e9 qui s\u00e9duit le palais. C'est un excellent choix d'entr\u00e9e ou d'accompagnement, offrant une combinaison explosive de saveurs qui satisfera les amateurs d'\u00e9pices.","og_url":"https:\/\/staging.pitenis.eu\/fr\/produit\/pepperoni-farcis-a-la-macedonienne\/","og_site_name":"Pitenis Shop | &#039;\u0395\u03c4\u03bf\u03b9\u03bc\u03b5\u03c2 \u03c3\u03b1\u03bb\u03ac\u03c4\u03b5\u03c2","article_modified_time":"2025-08-14T10:00:16+00:00","og_image":[{"width":1000,"height":1000,"url":"https:\/\/staging.pitenis.eu\/wp-content\/uploads\/2025\/06\/\u039c\u0391\u039a\u0395\u0394\u039f\u039d\u0399\u039a\u039f_\u03a0\u0399\u03a0\u0395\u03a1\u0391\u039a\u0399.png","type":"image\/png"}],"twitter_card":"summary_large_image","twitter_misc":{"Dur\u00e9e de lecture estim\u00e9e":"1 minute"},"schema":{"@context":"https:\/\/schema.org","@graph":[{"@type":"WebPage","@id":"https:\/\/staging.pitenis.eu\/fr\/produit\/pepperoni-farcis-a-la-macedonienne\/","url":"https:\/\/staging.pitenis.eu\/fr\/produit\/pepperoni-farcis-a-la-macedonienne\/","name":"Pepperoni farcis \u00e0 la mac\u00e9donienne - Pitenis Shop | &#039;\u0395\u03c4\u03bf\u03b9\u03bc\u03b5\u03c2 \u03c3\u03b1\u03bb\u03ac\u03c4\u03b5\u03c2","isPartOf":{"@id":"https:\/\/staging.pitenis.eu\/fr\/#website"},"primaryImageOfPage":{"@id":"https:\/\/staging.pitenis.eu\/fr\/produit\/pepperoni-farcis-a-la-macedonienne\/#primaryimage"},"image":{"@id":"https:\/\/staging.pitenis.eu\/fr\/produit\/pepperoni-farcis-a-la-macedonienne\/#primaryimage"},"thumbnailUrl":"https:\/\/staging.pitenis.eu\/wp-content\/uploads\/2025\/06\/\u039c\u0391\u039a\u0395\u0394\u039f\u039d\u0399\u039a\u039f_\u03a0\u0399\u03a0\u0395\u03a1\u0391\u039a\u0399.png","datePublished":"2025-06-03T22:14:09+00:00","dateModified":"2025-08-14T10:00:16+00:00","breadcrumb":{"@id":"https:\/\/staging.pitenis.eu\/fr\/produit\/pepperoni-farcis-a-la-macedonienne\/#breadcrumb"},"inLanguage":"fr-FR","potentialAction":[{"@type":"ReadAction","target":["https:\/\/staging.pitenis.eu\/fr\/produit\/pepperoni-farcis-a-la-macedonienne\/"]}]},{"@type":"ImageObject","inLanguage":"fr-FR","@id":"https:\/\/staging.pitenis.eu\/fr\/produit\/pepperoni-farcis-a-la-macedonienne\/#primaryimage","url":"https:\/\/staging.pitenis.eu\/wp-content\/uploads\/2025\/06\/\u039c\u0391\u039a\u0395\u0394\u039f\u039d\u0399\u039a\u039f_\u03a0\u0399\u03a0\u0395\u03a1\u0391\u039a\u0399.png","contentUrl":"https:\/\/staging.pitenis.eu\/wp-content\/uploads\/2025\/06\/\u039c\u0391\u039a\u0395\u0394\u039f\u039d\u0399\u039a\u039f_\u03a0\u0399\u03a0\u0395\u03a1\u0391\u039a\u0399.png","width":1000,"height":1000},{"@type":"BreadcrumbList","@id":"https:\/\/staging.pitenis.eu\/fr\/produit\/pepperoni-farcis-a-la-macedonienne\/#breadcrumb","itemListElement":[{"@type":"ListItem","position":1,"name":"Home","item":"https:\/\/staging.pitenis.eu\/fr\/"},{"@type":"ListItem","position":2,"name":"Boutique","item":"https:\/\/staging.pitenis.eu\/%ce%ba%ce%b1%cf%84%ce%ac%cf%83%cf%84%ce%b7%ce%bc%ce%b1\/"},{"@type":"ListItem","position":3,"name":"Pepperoni farcis \u00e0 la mac\u00e9donienne"}]},{"@type":"WebSite","@id":"https:\/\/staging.pitenis.eu\/fr\/#website","url":"https:\/\/staging.pitenis.eu\/fr\/","name":"Pitenis Shop | &#039;\u0395\u03c4\u03bf\u03b9\u03bc\u03b5\u03c2 \u03c3\u03b1\u03bb\u03ac\u03c4\u03b5\u03c2","description":"\u03b1\u03bb\u03bf\u03b9\u03c6\u03ad\u03c2, \u03c8\u03b1\u03c1\u03b9\u03ba\u03ac, \u03c4\u03bf\u03c5\u03c1\u03c3\u03ac\u03ba\u03b9\u03b1","publisher":{"@id":"https:\/\/staging.pitenis.eu\/fr\/#organization"},"potentialAction":[{"@type":"SearchAction","target":{"@type":"EntryPoint","urlTemplate":"https:\/\/staging.pitenis.eu\/fr\/?s={search_term_string}"},"query-input":{"@type":"PropertyValueSpecification","valueRequired":true,"valueName":"search_term_string"}}],"inLanguage":"fr-FR"},{"@type":"Organization","@id":"https:\/\/staging.pitenis.eu\/fr\/#organization","name":"Pitenis Shop | &#039;\u0395\u03c4\u03bf\u03b9\u03bc\u03b5\u03c2 \u03c3\u03b1\u03bb\u03ac\u03c4\u03b5\u03c2","url":"https:\/\/staging.pitenis.eu\/fr\/","logo":{"@type":"ImageObject","inLanguage":"fr-FR","@id":"https:\/\/staging.pitenis.eu\/fr\/#\/schema\/logo\/image\/","url":"https:\/\/staging.pitenis.eu\/wp-content\/uploads\/2025\/04\/cropped-pitenis_logo.png","contentUrl":"https:\/\/staging.pitenis.eu\/wp-content\/uploads\/2025\/04\/cropped-pitenis_logo.png","width":172,"height":74,"caption":"Pitenis Shop | &#039;\u0395\u03c4\u03bf\u03b9\u03bc\u03b5\u03c2 \u03c3\u03b1\u03bb\u03ac\u03c4\u03b5\u03c2"},"image":{"@id":"https:\/\/staging.pitenis.eu\/fr\/#\/schema\/logo\/image\/"}}]}},"_links":{"self":[{"href":"https:\/\/staging.pitenis.eu\/fr\/wp-json\/wp\/v2\/product\/12086","targetHints":{"allow":["GET"]}}],"collection":[{"href":"https:\/\/staging.pitenis.eu\/fr\/wp-json\/wp\/v2\/product"}],"about":[{"href":"https:\/\/staging.pitenis.eu\/fr\/wp-json\/wp\/v2\/types\/product"}],"replies":[{"embeddable":true,"href":"https:\/\/staging.pitenis.eu\/fr\/wp-json\/wp\/v2\/comments?post=12086"}],"wp:featuredmedia":[{"embeddable":true,"href":"https:\/\/staging.pitenis.eu\/fr\/wp-json\/wp\/v2\/media\/15187"}],"wp:attachment":[{"href":"https:\/\/staging.pitenis.eu\/fr\/wp-json\/wp\/v2\/media?parent=12086"}],"wp:term":[{"taxonomy":"product_cat","embeddable":true,"href":"https:\/\/staging.pitenis.eu\/fr\/wp-json\/wp\/v2\/product_cat?post=12086"},{"taxonomy":"product_tag","embeddable":true,"href":"https:\/\/staging.pitenis.eu\/fr\/wp-json\/wp\/v2\/product_tag?post=12086"}],"curies":[{"name":"wp","href":"https:\/\/api.w.org\/{rel}","templated":true}]}}