{"id":12066,"date":"2025-06-03T22:14:16","date_gmt":"2025-06-03T22:14:16","guid":{"rendered":"https:\/\/e-shop.advonpitenis.eu\/product\/feuilles-de-chou-mache\/"},"modified":"2025-08-14T10:00:21","modified_gmt":"2025-08-14T10:00:21","slug":"feuilles-de-chou-mache","status":"publish","type":"product","link":"https:\/\/staging.pitenis.eu\/fr\/produit\/feuilles-de-chou-mache\/","title":{"rendered":"Feuilles de chou (m\u00e2che)"},"content":{"rendered":"<p><span style=\"font-weight: bold;\">Ingr\u00e9dients<\/span><br \/>\n<span style=\"font-weight: bold;\">Ingr\u00e9dients : <\/span>Chou, eau, sel, vinaigre blanc, acidifiants : acide ac\u00e9tique, acide citrique, acide lactique, solidifiant : E509, conservateurs : E202, E211, antioxydant : acide ascorbique.<\/p>\n<p><span style=\"font-weight: bold;\">Combinaisons &#8211; suggestions d&rsquo;utilisation<\/span><br \/>\n&#8211; Utilisez les feuilles de chou marin\u00e9es comme base pour pr\u00e9parer de savoureuses salades de l\u00e9gumes.<br \/>\n&#8211; Pr\u00e9parez des rouleaux de chou, les fameux rouleaux de chou, en les remplissant de vos ingr\u00e9dients pr\u00e9f\u00e9r\u00e9s tels que de la viande hach\u00e9e, du riz, des l\u00e9gumes ou des fruits de mer.<br \/>\n&#8211; Utilisez les feuilles de chou marin\u00e9es pour envelopper et griller des morceaux de viande ou de poisson, cr\u00e9ant ainsi un d\u00e9licieux \u00ab\u00a0paquet\u00a0\u00bb.<br \/>\n&#8211; Ajoutez-les aux soupes pour leur donner une texture et une saveur riches et saines.<br \/>\n&#8211; Faites cuire les feuilles de chou marin\u00e9es pour pr\u00e9parer la traditionnelle yaraprakia de Kozani.<br \/>\n&#8211; Utilisez-les pour farcir des cr\u00eapes ou des tartes en les ajoutant \u00e0 un m\u00e9lange d&rsquo;\u0153ufs, de fromage et de l\u00e9gumes.<br \/>\nRecette : Dolmades au chou et \u00e0 la choucroute<br \/>\nIngr\u00e9dients<br \/>\nPour les boulettes de chou<br \/>\n&#8211; 16-18 feuilles de chou Pitenis<br \/>\n&#8211; \u00bd kg de porc hach\u00e9<br \/>\n&#8211; 1 tasse de riz brun<br \/>\n&#8211; Un petit bouquet d&rsquo;aneth<br \/>\n&#8211; Un petit bouquet de persil<br \/>\n&#8211; 3-4 oignons nouveaux, finement hach\u00e9s<br \/>\n&#8211; 1 carotte r\u00e2p\u00e9e<br \/>\n&#8211; \u00bd tasse d&rsquo;huile d&rsquo;olive<br \/>\nPour la sauce aux \u0153ufs et au citron<br \/>\n&#8211; 70 g de beurre<br \/>\n&#8211; 2 cuill\u00e8res \u00e0 soupe de farine<br \/>\n&#8211; 500 ml de bouillon restant dans la casserole apr\u00e8s \u00e9bullition<br \/>\n&#8211; 1 citron press\u00e9<br \/>\nPr\u00e9paration<br \/>\nM\u00e9langer tous les ingr\u00e9dients dans un bol. Bien rincer les feuilles de chou. Envelopper les feuilles de chou avec la farce. Couvrir le fond de la marmite avec les feuilles de chou et disposer les feuilles de chou en couches. Couvrir d&rsquo;une assiette, ajouter de l&rsquo;huile et de l&rsquo;eau (pour couvrir les nouilles de chou) et faire cuire pendant environ 45 minutes \u00e0 feu moyen. Pour la sauce \u0153uf-citron, fouetter s\u00e9par\u00e9ment les blancs et les jaunes d&rsquo;\u0153uf dans une assiette. Faire fondre le beurre dans une petite casserole, ajouter la farine et remuer constamment. Ajouter le bouillon et le jus de citron et continuer \u00e0 remuer jusqu&rsquo;\u00e0 \u00e9paississement.<\/p>\n","protected":false},"excerpt":{"rendered":"<p>Feuilles de chou marin\u00e9es produites localement, pr\u00e9par\u00e9es et emball\u00e9es dans une saumure pour une utilisation facile et rapide. Pr\u00eates \u00e0 ajouter une saveur authentique et des bienfaits nutritionnels aux salades, aux sandwichs, ou pour agr\u00e9menter vos rouleaux de chou ou vos yaraprakia de Kozani !<\/p>\n","protected":false},"featured_media":12067,"comment_status":"closed","ping_status":"closed","template":"","meta":{"_acf_changed":false},"product_cat":[285,340],"product_tag":[],"class_list":{"0":"post-12066","1":"product","2":"type-product","3":"status-publish","4":"has-post-thumbnail","6":"product_cat-cornichons-farcis-pickles","7":"product_cat-lenten-dishes-fr","9":"first","10":"instock","11":"taxable","12":"shipping-taxable","13":"purchasable","14":"product-type-variable"},"acf":[],"yoast_head":"<!-- This site is optimized with the Yoast SEO plugin v27.4 - https:\/\/yoast.com\/product\/yoast-seo-wordpress\/ -->\n<title>Feuilles de chou (m\u00e2che) - Pitenis Shop | &#039;\u0395\u03c4\u03bf\u03b9\u03bc\u03b5\u03c2 \u03c3\u03b1\u03bb\u03ac\u03c4\u03b5\u03c2<\/title>\n<meta name=\"robots\" content=\"index, follow, max-snippet:-1, max-image-preview:large, max-video-preview:-1\" \/>\n<link rel=\"canonical\" href=\"https:\/\/staging.pitenis.eu\/fr\/produit\/feuilles-de-chou-mache\/\" \/>\n<meta property=\"og:locale\" content=\"fr_FR\" \/>\n<meta property=\"og:type\" content=\"article\" \/>\n<meta property=\"og:title\" content=\"Feuilles de chou (m\u00e2che) - Pitenis Shop | &#039;\u0395\u03c4\u03bf\u03b9\u03bc\u03b5\u03c2 \u03c3\u03b1\u03bb\u03ac\u03c4\u03b5\u03c2\" \/>\n<meta property=\"og:description\" content=\"Feuilles de chou marin\u00e9es produites localement, pr\u00e9par\u00e9es et emball\u00e9es dans une saumure pour une utilisation facile et rapide. Pr\u00eates \u00e0 ajouter une saveur authentique et des bienfaits nutritionnels aux salades, aux sandwichs, ou pour agr\u00e9menter vos rouleaux de chou ou vos yaraprakia de Kozani !\" \/>\n<meta property=\"og:url\" content=\"https:\/\/staging.pitenis.eu\/fr\/produit\/feuilles-de-chou-mache\/\" \/>\n<meta property=\"og:site_name\" content=\"Pitenis Shop | &#039;\u0395\u03c4\u03bf\u03b9\u03bc\u03b5\u03c2 \u03c3\u03b1\u03bb\u03ac\u03c4\u03b5\u03c2\" \/>\n<meta property=\"article:modified_time\" content=\"2025-08-14T10:00:21+00:00\" \/>\n<meta property=\"og:image\" content=\"https:\/\/staging.pitenis.eu\/wp-content\/uploads\/2025\/06\/203860.png\" \/>\n\t<meta property=\"og:image:width\" content=\"1000\" \/>\n\t<meta property=\"og:image:height\" content=\"1000\" \/>\n\t<meta property=\"og:image:type\" content=\"image\/png\" \/>\n<meta name=\"twitter:card\" content=\"summary_large_image\" \/>\n<meta name=\"twitter:label1\" content=\"Dur\u00e9e de lecture estim\u00e9e\" \/>\n\t<meta name=\"twitter:data1\" content=\"2 minutes\" \/>\n<script type=\"application\/ld+json\" class=\"yoast-schema-graph\">{\"@context\":\"https:\\\/\\\/schema.org\",\"@graph\":[{\"@type\":\"WebPage\",\"@id\":\"https:\\\/\\\/staging.pitenis.eu\\\/fr\\\/produit\\\/feuilles-de-chou-mache\\\/\",\"url\":\"https:\\\/\\\/staging.pitenis.eu\\\/fr\\\/produit\\\/feuilles-de-chou-mache\\\/\",\"name\":\"Feuilles de chou (m\u00e2che) - Pitenis Shop | &#039;\u0395\u03c4\u03bf\u03b9\u03bc\u03b5\u03c2 \u03c3\u03b1\u03bb\u03ac\u03c4\u03b5\u03c2\",\"isPartOf\":{\"@id\":\"https:\\\/\\\/staging.pitenis.eu\\\/fr\\\/#website\"},\"primaryImageOfPage\":{\"@id\":\"https:\\\/\\\/staging.pitenis.eu\\\/fr\\\/produit\\\/feuilles-de-chou-mache\\\/#primaryimage\"},\"image\":{\"@id\":\"https:\\\/\\\/staging.pitenis.eu\\\/fr\\\/produit\\\/feuilles-de-chou-mache\\\/#primaryimage\"},\"thumbnailUrl\":\"https:\\\/\\\/staging.pitenis.eu\\\/wp-content\\\/uploads\\\/2025\\\/06\\\/203860.png\",\"datePublished\":\"2025-06-03T22:14:16+00:00\",\"dateModified\":\"2025-08-14T10:00:21+00:00\",\"breadcrumb\":{\"@id\":\"https:\\\/\\\/staging.pitenis.eu\\\/fr\\\/produit\\\/feuilles-de-chou-mache\\\/#breadcrumb\"},\"inLanguage\":\"fr-FR\",\"potentialAction\":[{\"@type\":\"ReadAction\",\"target\":[\"https:\\\/\\\/staging.pitenis.eu\\\/fr\\\/produit\\\/feuilles-de-chou-mache\\\/\"]}]},{\"@type\":\"ImageObject\",\"inLanguage\":\"fr-FR\",\"@id\":\"https:\\\/\\\/staging.pitenis.eu\\\/fr\\\/produit\\\/feuilles-de-chou-mache\\\/#primaryimage\",\"url\":\"https:\\\/\\\/staging.pitenis.eu\\\/wp-content\\\/uploads\\\/2025\\\/06\\\/203860.png\",\"contentUrl\":\"https:\\\/\\\/staging.pitenis.eu\\\/wp-content\\\/uploads\\\/2025\\\/06\\\/203860.png\",\"width\":1000,\"height\":1000,\"caption\":\"203860\"},{\"@type\":\"BreadcrumbList\",\"@id\":\"https:\\\/\\\/staging.pitenis.eu\\\/fr\\\/produit\\\/feuilles-de-chou-mache\\\/#breadcrumb\",\"itemListElement\":[{\"@type\":\"ListItem\",\"position\":1,\"name\":\"Home\",\"item\":\"https:\\\/\\\/staging.pitenis.eu\\\/fr\\\/\"},{\"@type\":\"ListItem\",\"position\":2,\"name\":\"Boutique\",\"item\":\"https:\\\/\\\/staging.pitenis.eu\\\/%ce%ba%ce%b1%cf%84%ce%ac%cf%83%cf%84%ce%b7%ce%bc%ce%b1\\\/\"},{\"@type\":\"ListItem\",\"position\":3,\"name\":\"Feuilles de chou (m\u00e2che)\"}]},{\"@type\":\"WebSite\",\"@id\":\"https:\\\/\\\/staging.pitenis.eu\\\/fr\\\/#website\",\"url\":\"https:\\\/\\\/staging.pitenis.eu\\\/fr\\\/\",\"name\":\"Pitenis Shop | &#039;\u0395\u03c4\u03bf\u03b9\u03bc\u03b5\u03c2 \u03c3\u03b1\u03bb\u03ac\u03c4\u03b5\u03c2\",\"description\":\"\u03b1\u03bb\u03bf\u03b9\u03c6\u03ad\u03c2, \u03c8\u03b1\u03c1\u03b9\u03ba\u03ac, \u03c4\u03bf\u03c5\u03c1\u03c3\u03ac\u03ba\u03b9\u03b1\",\"publisher\":{\"@id\":\"https:\\\/\\\/staging.pitenis.eu\\\/fr\\\/#organization\"},\"potentialAction\":[{\"@type\":\"SearchAction\",\"target\":{\"@type\":\"EntryPoint\",\"urlTemplate\":\"https:\\\/\\\/staging.pitenis.eu\\\/fr\\\/?s={search_term_string}\"},\"query-input\":{\"@type\":\"PropertyValueSpecification\",\"valueRequired\":true,\"valueName\":\"search_term_string\"}}],\"inLanguage\":\"fr-FR\"},{\"@type\":\"Organization\",\"@id\":\"https:\\\/\\\/staging.pitenis.eu\\\/fr\\\/#organization\",\"name\":\"Pitenis Shop | &#039;\u0395\u03c4\u03bf\u03b9\u03bc\u03b5\u03c2 \u03c3\u03b1\u03bb\u03ac\u03c4\u03b5\u03c2\",\"url\":\"https:\\\/\\\/staging.pitenis.eu\\\/fr\\\/\",\"logo\":{\"@type\":\"ImageObject\",\"inLanguage\":\"fr-FR\",\"@id\":\"https:\\\/\\\/staging.pitenis.eu\\\/fr\\\/#\\\/schema\\\/logo\\\/image\\\/\",\"url\":\"https:\\\/\\\/staging.pitenis.eu\\\/wp-content\\\/uploads\\\/2025\\\/04\\\/cropped-pitenis_logo.png\",\"contentUrl\":\"https:\\\/\\\/staging.pitenis.eu\\\/wp-content\\\/uploads\\\/2025\\\/04\\\/cropped-pitenis_logo.png\",\"width\":172,\"height\":74,\"caption\":\"Pitenis Shop | &#039;\u0395\u03c4\u03bf\u03b9\u03bc\u03b5\u03c2 \u03c3\u03b1\u03bb\u03ac\u03c4\u03b5\u03c2\"},\"image\":{\"@id\":\"https:\\\/\\\/staging.pitenis.eu\\\/fr\\\/#\\\/schema\\\/logo\\\/image\\\/\"}}]}<\/script>\n<!-- \/ Yoast SEO plugin. -->","yoast_head_json":{"title":"Feuilles de chou (m\u00e2che) - Pitenis Shop | &#039;\u0395\u03c4\u03bf\u03b9\u03bc\u03b5\u03c2 \u03c3\u03b1\u03bb\u03ac\u03c4\u03b5\u03c2","robots":{"index":"index","follow":"follow","max-snippet":"max-snippet:-1","max-image-preview":"max-image-preview:large","max-video-preview":"max-video-preview:-1"},"canonical":"https:\/\/staging.pitenis.eu\/fr\/produit\/feuilles-de-chou-mache\/","og_locale":"fr_FR","og_type":"article","og_title":"Feuilles de chou (m\u00e2che) - Pitenis Shop | &#039;\u0395\u03c4\u03bf\u03b9\u03bc\u03b5\u03c2 \u03c3\u03b1\u03bb\u03ac\u03c4\u03b5\u03c2","og_description":"Feuilles de chou marin\u00e9es produites localement, pr\u00e9par\u00e9es et emball\u00e9es dans une saumure pour une utilisation facile et rapide. Pr\u00eates \u00e0 ajouter une saveur authentique et des bienfaits nutritionnels aux salades, aux sandwichs, ou pour agr\u00e9menter vos rouleaux de chou ou vos yaraprakia de Kozani !","og_url":"https:\/\/staging.pitenis.eu\/fr\/produit\/feuilles-de-chou-mache\/","og_site_name":"Pitenis Shop | &#039;\u0395\u03c4\u03bf\u03b9\u03bc\u03b5\u03c2 \u03c3\u03b1\u03bb\u03ac\u03c4\u03b5\u03c2","article_modified_time":"2025-08-14T10:00:21+00:00","og_image":[{"width":1000,"height":1000,"url":"https:\/\/staging.pitenis.eu\/wp-content\/uploads\/2025\/06\/203860.png","type":"image\/png"}],"twitter_card":"summary_large_image","twitter_misc":{"Dur\u00e9e de lecture estim\u00e9e":"2 minutes"},"schema":{"@context":"https:\/\/schema.org","@graph":[{"@type":"WebPage","@id":"https:\/\/staging.pitenis.eu\/fr\/produit\/feuilles-de-chou-mache\/","url":"https:\/\/staging.pitenis.eu\/fr\/produit\/feuilles-de-chou-mache\/","name":"Feuilles de chou (m\u00e2che) - Pitenis Shop | &#039;\u0395\u03c4\u03bf\u03b9\u03bc\u03b5\u03c2 \u03c3\u03b1\u03bb\u03ac\u03c4\u03b5\u03c2","isPartOf":{"@id":"https:\/\/staging.pitenis.eu\/fr\/#website"},"primaryImageOfPage":{"@id":"https:\/\/staging.pitenis.eu\/fr\/produit\/feuilles-de-chou-mache\/#primaryimage"},"image":{"@id":"https:\/\/staging.pitenis.eu\/fr\/produit\/feuilles-de-chou-mache\/#primaryimage"},"thumbnailUrl":"https:\/\/staging.pitenis.eu\/wp-content\/uploads\/2025\/06\/203860.png","datePublished":"2025-06-03T22:14:16+00:00","dateModified":"2025-08-14T10:00:21+00:00","breadcrumb":{"@id":"https:\/\/staging.pitenis.eu\/fr\/produit\/feuilles-de-chou-mache\/#breadcrumb"},"inLanguage":"fr-FR","potentialAction":[{"@type":"ReadAction","target":["https:\/\/staging.pitenis.eu\/fr\/produit\/feuilles-de-chou-mache\/"]}]},{"@type":"ImageObject","inLanguage":"fr-FR","@id":"https:\/\/staging.pitenis.eu\/fr\/produit\/feuilles-de-chou-mache\/#primaryimage","url":"https:\/\/staging.pitenis.eu\/wp-content\/uploads\/2025\/06\/203860.png","contentUrl":"https:\/\/staging.pitenis.eu\/wp-content\/uploads\/2025\/06\/203860.png","width":1000,"height":1000,"caption":"203860"},{"@type":"BreadcrumbList","@id":"https:\/\/staging.pitenis.eu\/fr\/produit\/feuilles-de-chou-mache\/#breadcrumb","itemListElement":[{"@type":"ListItem","position":1,"name":"Home","item":"https:\/\/staging.pitenis.eu\/fr\/"},{"@type":"ListItem","position":2,"name":"Boutique","item":"https:\/\/staging.pitenis.eu\/%ce%ba%ce%b1%cf%84%ce%ac%cf%83%cf%84%ce%b7%ce%bc%ce%b1\/"},{"@type":"ListItem","position":3,"name":"Feuilles de chou (m\u00e2che)"}]},{"@type":"WebSite","@id":"https:\/\/staging.pitenis.eu\/fr\/#website","url":"https:\/\/staging.pitenis.eu\/fr\/","name":"Pitenis Shop | &#039;\u0395\u03c4\u03bf\u03b9\u03bc\u03b5\u03c2 \u03c3\u03b1\u03bb\u03ac\u03c4\u03b5\u03c2","description":"\u03b1\u03bb\u03bf\u03b9\u03c6\u03ad\u03c2, \u03c8\u03b1\u03c1\u03b9\u03ba\u03ac, \u03c4\u03bf\u03c5\u03c1\u03c3\u03ac\u03ba\u03b9\u03b1","publisher":{"@id":"https:\/\/staging.pitenis.eu\/fr\/#organization"},"potentialAction":[{"@type":"SearchAction","target":{"@type":"EntryPoint","urlTemplate":"https:\/\/staging.pitenis.eu\/fr\/?s={search_term_string}"},"query-input":{"@type":"PropertyValueSpecification","valueRequired":true,"valueName":"search_term_string"}}],"inLanguage":"fr-FR"},{"@type":"Organization","@id":"https:\/\/staging.pitenis.eu\/fr\/#organization","name":"Pitenis Shop | &#039;\u0395\u03c4\u03bf\u03b9\u03bc\u03b5\u03c2 \u03c3\u03b1\u03bb\u03ac\u03c4\u03b5\u03c2","url":"https:\/\/staging.pitenis.eu\/fr\/","logo":{"@type":"ImageObject","inLanguage":"fr-FR","@id":"https:\/\/staging.pitenis.eu\/fr\/#\/schema\/logo\/image\/","url":"https:\/\/staging.pitenis.eu\/wp-content\/uploads\/2025\/04\/cropped-pitenis_logo.png","contentUrl":"https:\/\/staging.pitenis.eu\/wp-content\/uploads\/2025\/04\/cropped-pitenis_logo.png","width":172,"height":74,"caption":"Pitenis Shop | &#039;\u0395\u03c4\u03bf\u03b9\u03bc\u03b5\u03c2 \u03c3\u03b1\u03bb\u03ac\u03c4\u03b5\u03c2"},"image":{"@id":"https:\/\/staging.pitenis.eu\/fr\/#\/schema\/logo\/image\/"}}]}},"_links":{"self":[{"href":"https:\/\/staging.pitenis.eu\/fr\/wp-json\/wp\/v2\/product\/12066","targetHints":{"allow":["GET"]}}],"collection":[{"href":"https:\/\/staging.pitenis.eu\/fr\/wp-json\/wp\/v2\/product"}],"about":[{"href":"https:\/\/staging.pitenis.eu\/fr\/wp-json\/wp\/v2\/types\/product"}],"replies":[{"embeddable":true,"href":"https:\/\/staging.pitenis.eu\/fr\/wp-json\/wp\/v2\/comments?post=12066"}],"wp:featuredmedia":[{"embeddable":true,"href":"https:\/\/staging.pitenis.eu\/fr\/wp-json\/wp\/v2\/media\/12067"}],"wp:attachment":[{"href":"https:\/\/staging.pitenis.eu\/fr\/wp-json\/wp\/v2\/media?parent=12066"}],"wp:term":[{"taxonomy":"product_cat","embeddable":true,"href":"https:\/\/staging.pitenis.eu\/fr\/wp-json\/wp\/v2\/product_cat?post=12066"},{"taxonomy":"product_tag","embeddable":true,"href":"https:\/\/staging.pitenis.eu\/fr\/wp-json\/wp\/v2\/product_tag?post=12066"}],"curies":[{"name":"wp","href":"https:\/\/api.w.org\/{rel}","templated":true}]}}