{"id":12056,"date":"2025-06-03T22:14:16","date_gmt":"2025-06-03T22:14:16","guid":{"rendered":"https:\/\/e-shop.advonpitenis.eu\/product\/pepperoni-farcis-aigre-doux-2\/"},"modified":"2025-08-14T10:00:19","modified_gmt":"2025-08-14T10:00:19","slug":"pepperoni-farcis-aigre-doux-2","status":"publish","type":"product","link":"https:\/\/staging.pitenis.eu\/fr\/produit\/pepperoni-farcis-aigre-doux-2\/","title":{"rendered":"Pepperoni farcis aigre-doux"},"content":{"rendered":"<p><span style=\"font-weight: bold;\">Ingr\u00e9dients<\/span><br \/><span style='font-weight: bold; '>Ingr\u00e9dients :<\/span> Poivron rouge aigre-doux 57% (eau, sucre, sel, vinaigre, r\u00e9gulateurs d&rsquo;acidit\u00e9 : acide citrique, E509), garniture au<span style='font-weight: bold; '> fromage <\/span>40%<span style='font-weight: bold; '>[garniture au fromage<\/span><span style='font-weight: bold; '>(lait de fromage<\/span>, sel), \u00e9pices, ail, r\u00e9gulateur d&rsquo;acidit\u00e9 : acide lactique], huile de tournesol, poivre vert, conservateurs : E202, E211, <span style='font-weight: bold; '>m\u00e9tabisulfite de sodium<\/span>. (Les pourcentages sont calcul\u00e9s sur le poids \u00e9goutt\u00e9)<\/p>\n<p><span style=\"font-weight: bold;\">Combinaisons &#8211; suggestions d&rsquo;utilisation<\/span><br \/>&#8211; Les poivrons farcis \u00e0 l&rsquo;aigre-doux peuvent \u00eatre servis comme une entr\u00e9e impressionnante ou un plat d&rsquo;accompagnement. <br \/>&#8211; Vous pouvez disposer les poivrons sur une assiette, en ajoutant de la couleur et des \u00e9pices pour une pr\u00e9sentation \u00e9l\u00e9gante. <br \/>&#8211; Vous pouvez \u00e9galement ajouter du persil ou du basilic frais sur le dessus pour ajouter de la couleur et de la fra\u00eecheur. <br \/>&#8211; Servez les poivrons sur une assiette avec des calamars frits ou avec un cocktail rafra\u00eechissant pour une exp\u00e9rience de d\u00e9gustation int\u00e9ressante.         <br \/>Recette : <\/span>Pancetta farcie au gruy\u00e8re et au poivron aigre-doux<br \/>Ingr\u00e9dients<br \/><\/span>Pour la pancetta :<br \/>&#8211; 1kg de pancetta de porc<br \/>&#8211; 300g de gruy\u00e8re <br \/>&#8211; 400g de pitenis farcis au poivron aigre-doux<br \/>&#8211; 3 cuill\u00e8res \u00e0 soupe de moutarde au miel Pitenis<br \/>&#8211; 2 cuill\u00e8res \u00e0 soupe de miel<br \/>&#8211; 3 cuill\u00e8res \u00e0 soupe de sauce barbecue Pitenis Pour les pancetta : &#8211; 1kg de pancetta de porc &#8211; 300g de gruy\u00e8re &#8211; 400g de pancetta farcie au poivron aigre-doux Pitenis <\/p>\n<p><\/span>Sauce barbecue Pitenis<br \/>Pour les patates douces. Retourner la face sup\u00e9rieure et entailler la partie grasse. Tartiner l\u00e9g\u00e8rement l&rsquo;int\u00e9rieur de moutarde au miel Pitenis. Disposer les poivrons Pitenis aigre-doux et le gruy\u00e8re en gros b\u00e2tonnets. Former un rouleau et commencer \u00e0 le ficeler. Cuire au four \u00e0 180\u00b0C pendant environ une heure, dans du papier d&rsquo;aluminium et du papier sulfuris\u00e9. Les retourner et les badigeonner de sauce BBQ Pitenis et de miel, puis les faire cuire encore 15 minutes. Couper les pommes de terre en forme de c\u00f4ne. Les faire bouillir jusqu&rsquo;\u00e0 ce qu&rsquo;elles soient bien ramollies et qu&rsquo;elles tiennent l\u00e9g\u00e8rement au centre. Mettre le beurre, les herbes et le sel dans une po\u00eale. Faire sauter les patates douces jusqu&rsquo;\u00e0 ce qu&rsquo;elles soient bien dor\u00e9es. R\u00e2per le gruy\u00e8re et couvrir pendant 4&prime;-5&prime; jusqu&rsquo;\u00e0 ce que le fromage fonde.<\/p>\n","protected":false},"excerpt":{"rendered":"<p>Les piments doux et acides sont remplis d&rsquo;un d\u00e9licieux m\u00e9lange de fromage, de feta, de poivrons verts et d&rsquo;\u00e9pices. Cette combinaison cr\u00e9e une saveur qui allie la douceur \u00e0 l&rsquo;acidit\u00e9 et \u00e0 une l\u00e9g\u00e8re note piquante. Les poivrons farcis aigre-doux sont un choix d\u00e9licieux pour les amateurs de saveurs \u00e9pic\u00e9es et \u00e9quilibr\u00e9es.<\/p>\n","protected":false},"featured_media":15181,"comment_status":"closed","ping_status":"closed","template":"","meta":{"_acf_changed":false},"product_cat":[285],"product_tag":[],"class_list":{"0":"post-12056","1":"product","2":"type-product","3":"status-publish","4":"has-post-thumbnail","6":"product_cat-cornichons-farcis-pickles","8":"first","9":"instock","10":"taxable","11":"shipping-taxable","12":"purchasable","13":"product-type-variable"},"acf":[],"yoast_head":"<!-- This site is optimized with the Yoast SEO plugin v27.4 - https:\/\/yoast.com\/product\/yoast-seo-wordpress\/ -->\n<title>Pepperoni farcis aigre-doux - Pitenis Shop | &#039;\u0395\u03c4\u03bf\u03b9\u03bc\u03b5\u03c2 \u03c3\u03b1\u03bb\u03ac\u03c4\u03b5\u03c2<\/title>\n<meta name=\"robots\" content=\"index, follow, max-snippet:-1, max-image-preview:large, max-video-preview:-1\" \/>\n<link rel=\"canonical\" href=\"https:\/\/staging.pitenis.eu\/fr\/produit\/pepperoni-farcis-aigre-doux-2\/\" \/>\n<meta property=\"og:locale\" content=\"fr_FR\" \/>\n<meta property=\"og:type\" content=\"article\" \/>\n<meta property=\"og:title\" content=\"Pepperoni farcis aigre-doux - Pitenis Shop | &#039;\u0395\u03c4\u03bf\u03b9\u03bc\u03b5\u03c2 \u03c3\u03b1\u03bb\u03ac\u03c4\u03b5\u03c2\" \/>\n<meta property=\"og:description\" content=\"Les piments doux et acides sont remplis d&#039;un d\u00e9licieux m\u00e9lange de fromage, de feta, de poivrons verts et d&#039;\u00e9pices. Cette combinaison cr\u00e9e une saveur qui allie la douceur \u00e0 l&#039;acidit\u00e9 et \u00e0 une l\u00e9g\u00e8re note piquante. Les poivrons farcis aigre-doux sont un choix d\u00e9licieux pour les amateurs de saveurs \u00e9pic\u00e9es et \u00e9quilibr\u00e9es.\" \/>\n<meta property=\"og:url\" content=\"https:\/\/staging.pitenis.eu\/fr\/produit\/pepperoni-farcis-aigre-doux-2\/\" \/>\n<meta property=\"og:site_name\" content=\"Pitenis Shop | &#039;\u0395\u03c4\u03bf\u03b9\u03bc\u03b5\u03c2 \u03c3\u03b1\u03bb\u03ac\u03c4\u03b5\u03c2\" \/>\n<meta property=\"article:modified_time\" content=\"2025-08-14T10:00:19+00:00\" \/>\n<meta property=\"og:image\" content=\"https:\/\/staging.pitenis.eu\/wp-content\/uploads\/2025\/06\/\u0393\u039b\u03a5\u039a\u039f\u039e\u0399\u039d\u039f_\u03a0\u0399\u03a0\u0395\u03a1\u0391\u039a\u0399_\u0393\u0395\u039c\u0399\u03a3\u03a4\u039f.png\" \/>\n\t<meta property=\"og:image:width\" content=\"1000\" \/>\n\t<meta property=\"og:image:height\" content=\"1000\" \/>\n\t<meta property=\"og:image:type\" content=\"image\/png\" \/>\n<meta name=\"twitter:card\" content=\"summary_large_image\" \/>\n<meta name=\"twitter:label1\" content=\"Dur\u00e9e de lecture estim\u00e9e\" \/>\n\t<meta name=\"twitter:data1\" content=\"2 minutes\" \/>\n<script type=\"application\/ld+json\" class=\"yoast-schema-graph\">{\"@context\":\"https:\\\/\\\/schema.org\",\"@graph\":[{\"@type\":\"WebPage\",\"@id\":\"https:\\\/\\\/staging.pitenis.eu\\\/fr\\\/produit\\\/pepperoni-farcis-aigre-doux-2\\\/\",\"url\":\"https:\\\/\\\/staging.pitenis.eu\\\/fr\\\/produit\\\/pepperoni-farcis-aigre-doux-2\\\/\",\"name\":\"Pepperoni farcis aigre-doux - Pitenis Shop | &#039;\u0395\u03c4\u03bf\u03b9\u03bc\u03b5\u03c2 \u03c3\u03b1\u03bb\u03ac\u03c4\u03b5\u03c2\",\"isPartOf\":{\"@id\":\"https:\\\/\\\/staging.pitenis.eu\\\/fr\\\/#website\"},\"primaryImageOfPage\":{\"@id\":\"https:\\\/\\\/staging.pitenis.eu\\\/fr\\\/produit\\\/pepperoni-farcis-aigre-doux-2\\\/#primaryimage\"},\"image\":{\"@id\":\"https:\\\/\\\/staging.pitenis.eu\\\/fr\\\/produit\\\/pepperoni-farcis-aigre-doux-2\\\/#primaryimage\"},\"thumbnailUrl\":\"https:\\\/\\\/staging.pitenis.eu\\\/wp-content\\\/uploads\\\/2025\\\/06\\\/\u0393\u039b\u03a5\u039a\u039f\u039e\u0399\u039d\u039f_\u03a0\u0399\u03a0\u0395\u03a1\u0391\u039a\u0399_\u0393\u0395\u039c\u0399\u03a3\u03a4\u039f.png\",\"datePublished\":\"2025-06-03T22:14:16+00:00\",\"dateModified\":\"2025-08-14T10:00:19+00:00\",\"breadcrumb\":{\"@id\":\"https:\\\/\\\/staging.pitenis.eu\\\/fr\\\/produit\\\/pepperoni-farcis-aigre-doux-2\\\/#breadcrumb\"},\"inLanguage\":\"fr-FR\",\"potentialAction\":[{\"@type\":\"ReadAction\",\"target\":[\"https:\\\/\\\/staging.pitenis.eu\\\/fr\\\/produit\\\/pepperoni-farcis-aigre-doux-2\\\/\"]}]},{\"@type\":\"ImageObject\",\"inLanguage\":\"fr-FR\",\"@id\":\"https:\\\/\\\/staging.pitenis.eu\\\/fr\\\/produit\\\/pepperoni-farcis-aigre-doux-2\\\/#primaryimage\",\"url\":\"https:\\\/\\\/staging.pitenis.eu\\\/wp-content\\\/uploads\\\/2025\\\/06\\\/\u0393\u039b\u03a5\u039a\u039f\u039e\u0399\u039d\u039f_\u03a0\u0399\u03a0\u0395\u03a1\u0391\u039a\u0399_\u0393\u0395\u039c\u0399\u03a3\u03a4\u039f.png\",\"contentUrl\":\"https:\\\/\\\/staging.pitenis.eu\\\/wp-content\\\/uploads\\\/2025\\\/06\\\/\u0393\u039b\u03a5\u039a\u039f\u039e\u0399\u039d\u039f_\u03a0\u0399\u03a0\u0395\u03a1\u0391\u039a\u0399_\u0393\u0395\u039c\u0399\u03a3\u03a4\u039f.png\",\"width\":1000,\"height\":1000},{\"@type\":\"BreadcrumbList\",\"@id\":\"https:\\\/\\\/staging.pitenis.eu\\\/fr\\\/produit\\\/pepperoni-farcis-aigre-doux-2\\\/#breadcrumb\",\"itemListElement\":[{\"@type\":\"ListItem\",\"position\":1,\"name\":\"Home\",\"item\":\"https:\\\/\\\/staging.pitenis.eu\\\/fr\\\/\"},{\"@type\":\"ListItem\",\"position\":2,\"name\":\"Boutique\",\"item\":\"https:\\\/\\\/staging.pitenis.eu\\\/%ce%ba%ce%b1%cf%84%ce%ac%cf%83%cf%84%ce%b7%ce%bc%ce%b1\\\/\"},{\"@type\":\"ListItem\",\"position\":3,\"name\":\"Pepperoni farcis aigre-doux\"}]},{\"@type\":\"WebSite\",\"@id\":\"https:\\\/\\\/staging.pitenis.eu\\\/fr\\\/#website\",\"url\":\"https:\\\/\\\/staging.pitenis.eu\\\/fr\\\/\",\"name\":\"Pitenis Shop | &#039;\u0395\u03c4\u03bf\u03b9\u03bc\u03b5\u03c2 \u03c3\u03b1\u03bb\u03ac\u03c4\u03b5\u03c2\",\"description\":\"\u03b1\u03bb\u03bf\u03b9\u03c6\u03ad\u03c2, \u03c8\u03b1\u03c1\u03b9\u03ba\u03ac, \u03c4\u03bf\u03c5\u03c1\u03c3\u03ac\u03ba\u03b9\u03b1\",\"publisher\":{\"@id\":\"https:\\\/\\\/staging.pitenis.eu\\\/fr\\\/#organization\"},\"potentialAction\":[{\"@type\":\"SearchAction\",\"target\":{\"@type\":\"EntryPoint\",\"urlTemplate\":\"https:\\\/\\\/staging.pitenis.eu\\\/fr\\\/?s={search_term_string}\"},\"query-input\":{\"@type\":\"PropertyValueSpecification\",\"valueRequired\":true,\"valueName\":\"search_term_string\"}}],\"inLanguage\":\"fr-FR\"},{\"@type\":\"Organization\",\"@id\":\"https:\\\/\\\/staging.pitenis.eu\\\/fr\\\/#organization\",\"name\":\"Pitenis Shop | &#039;\u0395\u03c4\u03bf\u03b9\u03bc\u03b5\u03c2 \u03c3\u03b1\u03bb\u03ac\u03c4\u03b5\u03c2\",\"url\":\"https:\\\/\\\/staging.pitenis.eu\\\/fr\\\/\",\"logo\":{\"@type\":\"ImageObject\",\"inLanguage\":\"fr-FR\",\"@id\":\"https:\\\/\\\/staging.pitenis.eu\\\/fr\\\/#\\\/schema\\\/logo\\\/image\\\/\",\"url\":\"https:\\\/\\\/staging.pitenis.eu\\\/wp-content\\\/uploads\\\/2025\\\/04\\\/cropped-pitenis_logo.png\",\"contentUrl\":\"https:\\\/\\\/staging.pitenis.eu\\\/wp-content\\\/uploads\\\/2025\\\/04\\\/cropped-pitenis_logo.png\",\"width\":172,\"height\":74,\"caption\":\"Pitenis Shop | &#039;\u0395\u03c4\u03bf\u03b9\u03bc\u03b5\u03c2 \u03c3\u03b1\u03bb\u03ac\u03c4\u03b5\u03c2\"},\"image\":{\"@id\":\"https:\\\/\\\/staging.pitenis.eu\\\/fr\\\/#\\\/schema\\\/logo\\\/image\\\/\"}}]}<\/script>\n<!-- \/ Yoast SEO plugin. -->","yoast_head_json":{"title":"Pepperoni farcis aigre-doux - Pitenis Shop | &#039;\u0395\u03c4\u03bf\u03b9\u03bc\u03b5\u03c2 \u03c3\u03b1\u03bb\u03ac\u03c4\u03b5\u03c2","robots":{"index":"index","follow":"follow","max-snippet":"max-snippet:-1","max-image-preview":"max-image-preview:large","max-video-preview":"max-video-preview:-1"},"canonical":"https:\/\/staging.pitenis.eu\/fr\/produit\/pepperoni-farcis-aigre-doux-2\/","og_locale":"fr_FR","og_type":"article","og_title":"Pepperoni farcis aigre-doux - Pitenis Shop | &#039;\u0395\u03c4\u03bf\u03b9\u03bc\u03b5\u03c2 \u03c3\u03b1\u03bb\u03ac\u03c4\u03b5\u03c2","og_description":"Les piments doux et acides sont remplis d'un d\u00e9licieux m\u00e9lange de fromage, de feta, de poivrons verts et d'\u00e9pices. Cette combinaison cr\u00e9e une saveur qui allie la douceur \u00e0 l'acidit\u00e9 et \u00e0 une l\u00e9g\u00e8re note piquante. Les poivrons farcis aigre-doux sont un choix d\u00e9licieux pour les amateurs de saveurs \u00e9pic\u00e9es et \u00e9quilibr\u00e9es.","og_url":"https:\/\/staging.pitenis.eu\/fr\/produit\/pepperoni-farcis-aigre-doux-2\/","og_site_name":"Pitenis Shop | &#039;\u0395\u03c4\u03bf\u03b9\u03bc\u03b5\u03c2 \u03c3\u03b1\u03bb\u03ac\u03c4\u03b5\u03c2","article_modified_time":"2025-08-14T10:00:19+00:00","og_image":[{"width":1000,"height":1000,"url":"https:\/\/staging.pitenis.eu\/wp-content\/uploads\/2025\/06\/\u0393\u039b\u03a5\u039a\u039f\u039e\u0399\u039d\u039f_\u03a0\u0399\u03a0\u0395\u03a1\u0391\u039a\u0399_\u0393\u0395\u039c\u0399\u03a3\u03a4\u039f.png","type":"image\/png"}],"twitter_card":"summary_large_image","twitter_misc":{"Dur\u00e9e de lecture estim\u00e9e":"2 minutes"},"schema":{"@context":"https:\/\/schema.org","@graph":[{"@type":"WebPage","@id":"https:\/\/staging.pitenis.eu\/fr\/produit\/pepperoni-farcis-aigre-doux-2\/","url":"https:\/\/staging.pitenis.eu\/fr\/produit\/pepperoni-farcis-aigre-doux-2\/","name":"Pepperoni farcis aigre-doux - Pitenis Shop | &#039;\u0395\u03c4\u03bf\u03b9\u03bc\u03b5\u03c2 \u03c3\u03b1\u03bb\u03ac\u03c4\u03b5\u03c2","isPartOf":{"@id":"https:\/\/staging.pitenis.eu\/fr\/#website"},"primaryImageOfPage":{"@id":"https:\/\/staging.pitenis.eu\/fr\/produit\/pepperoni-farcis-aigre-doux-2\/#primaryimage"},"image":{"@id":"https:\/\/staging.pitenis.eu\/fr\/produit\/pepperoni-farcis-aigre-doux-2\/#primaryimage"},"thumbnailUrl":"https:\/\/staging.pitenis.eu\/wp-content\/uploads\/2025\/06\/\u0393\u039b\u03a5\u039a\u039f\u039e\u0399\u039d\u039f_\u03a0\u0399\u03a0\u0395\u03a1\u0391\u039a\u0399_\u0393\u0395\u039c\u0399\u03a3\u03a4\u039f.png","datePublished":"2025-06-03T22:14:16+00:00","dateModified":"2025-08-14T10:00:19+00:00","breadcrumb":{"@id":"https:\/\/staging.pitenis.eu\/fr\/produit\/pepperoni-farcis-aigre-doux-2\/#breadcrumb"},"inLanguage":"fr-FR","potentialAction":[{"@type":"ReadAction","target":["https:\/\/staging.pitenis.eu\/fr\/produit\/pepperoni-farcis-aigre-doux-2\/"]}]},{"@type":"ImageObject","inLanguage":"fr-FR","@id":"https:\/\/staging.pitenis.eu\/fr\/produit\/pepperoni-farcis-aigre-doux-2\/#primaryimage","url":"https:\/\/staging.pitenis.eu\/wp-content\/uploads\/2025\/06\/\u0393\u039b\u03a5\u039a\u039f\u039e\u0399\u039d\u039f_\u03a0\u0399\u03a0\u0395\u03a1\u0391\u039a\u0399_\u0393\u0395\u039c\u0399\u03a3\u03a4\u039f.png","contentUrl":"https:\/\/staging.pitenis.eu\/wp-content\/uploads\/2025\/06\/\u0393\u039b\u03a5\u039a\u039f\u039e\u0399\u039d\u039f_\u03a0\u0399\u03a0\u0395\u03a1\u0391\u039a\u0399_\u0393\u0395\u039c\u0399\u03a3\u03a4\u039f.png","width":1000,"height":1000},{"@type":"BreadcrumbList","@id":"https:\/\/staging.pitenis.eu\/fr\/produit\/pepperoni-farcis-aigre-doux-2\/#breadcrumb","itemListElement":[{"@type":"ListItem","position":1,"name":"Home","item":"https:\/\/staging.pitenis.eu\/fr\/"},{"@type":"ListItem","position":2,"name":"Boutique","item":"https:\/\/staging.pitenis.eu\/%ce%ba%ce%b1%cf%84%ce%ac%cf%83%cf%84%ce%b7%ce%bc%ce%b1\/"},{"@type":"ListItem","position":3,"name":"Pepperoni farcis aigre-doux"}]},{"@type":"WebSite","@id":"https:\/\/staging.pitenis.eu\/fr\/#website","url":"https:\/\/staging.pitenis.eu\/fr\/","name":"Pitenis Shop | &#039;\u0395\u03c4\u03bf\u03b9\u03bc\u03b5\u03c2 \u03c3\u03b1\u03bb\u03ac\u03c4\u03b5\u03c2","description":"\u03b1\u03bb\u03bf\u03b9\u03c6\u03ad\u03c2, \u03c8\u03b1\u03c1\u03b9\u03ba\u03ac, \u03c4\u03bf\u03c5\u03c1\u03c3\u03ac\u03ba\u03b9\u03b1","publisher":{"@id":"https:\/\/staging.pitenis.eu\/fr\/#organization"},"potentialAction":[{"@type":"SearchAction","target":{"@type":"EntryPoint","urlTemplate":"https:\/\/staging.pitenis.eu\/fr\/?s={search_term_string}"},"query-input":{"@type":"PropertyValueSpecification","valueRequired":true,"valueName":"search_term_string"}}],"inLanguage":"fr-FR"},{"@type":"Organization","@id":"https:\/\/staging.pitenis.eu\/fr\/#organization","name":"Pitenis Shop | &#039;\u0395\u03c4\u03bf\u03b9\u03bc\u03b5\u03c2 \u03c3\u03b1\u03bb\u03ac\u03c4\u03b5\u03c2","url":"https:\/\/staging.pitenis.eu\/fr\/","logo":{"@type":"ImageObject","inLanguage":"fr-FR","@id":"https:\/\/staging.pitenis.eu\/fr\/#\/schema\/logo\/image\/","url":"https:\/\/staging.pitenis.eu\/wp-content\/uploads\/2025\/04\/cropped-pitenis_logo.png","contentUrl":"https:\/\/staging.pitenis.eu\/wp-content\/uploads\/2025\/04\/cropped-pitenis_logo.png","width":172,"height":74,"caption":"Pitenis Shop | &#039;\u0395\u03c4\u03bf\u03b9\u03bc\u03b5\u03c2 \u03c3\u03b1\u03bb\u03ac\u03c4\u03b5\u03c2"},"image":{"@id":"https:\/\/staging.pitenis.eu\/fr\/#\/schema\/logo\/image\/"}}]}},"_links":{"self":[{"href":"https:\/\/staging.pitenis.eu\/fr\/wp-json\/wp\/v2\/product\/12056","targetHints":{"allow":["GET"]}}],"collection":[{"href":"https:\/\/staging.pitenis.eu\/fr\/wp-json\/wp\/v2\/product"}],"about":[{"href":"https:\/\/staging.pitenis.eu\/fr\/wp-json\/wp\/v2\/types\/product"}],"replies":[{"embeddable":true,"href":"https:\/\/staging.pitenis.eu\/fr\/wp-json\/wp\/v2\/comments?post=12056"}],"wp:featuredmedia":[{"embeddable":true,"href":"https:\/\/staging.pitenis.eu\/fr\/wp-json\/wp\/v2\/media\/15181"}],"wp:attachment":[{"href":"https:\/\/staging.pitenis.eu\/fr\/wp-json\/wp\/v2\/media?parent=12056"}],"wp:term":[{"taxonomy":"product_cat","embeddable":true,"href":"https:\/\/staging.pitenis.eu\/fr\/wp-json\/wp\/v2\/product_cat?post=12056"},{"taxonomy":"product_tag","embeddable":true,"href":"https:\/\/staging.pitenis.eu\/fr\/wp-json\/wp\/v2\/product_tag?post=12056"}],"curies":[{"name":"wp","href":"https:\/\/api.w.org\/{rel}","templated":true}]}}