{"id":12046,"date":"2025-06-03T22:14:29","date_gmt":"2025-06-03T22:14:29","guid":{"rendered":"https:\/\/e-shop.advonpitenis.eu\/product\/miel-de-moutarde-origan-thym\/"},"modified":"2025-08-14T10:01:48","modified_gmt":"2025-08-14T10:01:48","slug":"miel-de-moutarde-origan-thym","status":"publish","type":"product","link":"https:\/\/staging.pitenis.eu\/fr\/produit\/miel-de-moutarde-origan-thym\/","title":{"rendered":"Miel de moutarde &#8211; Origan &#8211; Thym"},"content":{"rendered":"<p><span style=\"font-weight: bold;\">Ingr\u00e9dients<\/span><br \/>\n<span style=\"font-weight: bold;\">Ingr\u00e9dients : <\/span>eau, vinaigre, <span style=\"font-weight: bold;\">moutarde<\/span> 10%, amidon naturel de ma\u00efs, sel, glucose, HUILE D&rsquo;ORIGINE EXTRAORDINAIRE 2%, vinaigre balsamique (mo\u00fbt concentr\u00e9, conservateur : m\u00e9tabisulfite de potassium 0,01%), anthomyl 1%, colorant naturel : carot\u00e8ne, origan 0,2%, thym 0,1%, conservateur : E211, ar\u00f4me de moutarde.<\/p>\n<p><span style=\"font-weight: bold;\">Combinaisons &#8211; suggestions d&rsquo;utilisation<\/span><br \/>\nLa moutarde au vinaigre balsamique, au miel, \u00e0 l&rsquo;origan et au thym est id\u00e9ale pour de nombreuses utilisations en cuisine. Vous pouvez l&rsquo;utiliser comme<br \/>\n&#8211; En accompagnement de sandwichs, de hamburgers et de hot-dogs.<br \/>\n&#8211; Sauce pour les frites et les l\u00e9gumes.<br \/>\n&#8211; Marinade pour la viande, la volaille et les fruits de mer.<br \/>\n&#8211; Ingr\u00e9dient dans les salades, comme la salade de poulet ou la salade de pommes de terre.<br \/>\n&#8211; Ajout \u00e9pic\u00e9 aux boissons, telles que les smoothies et les jus de fruits.<br \/>\n&#8211; Aromatise les sauces et les soupes.<br \/>\nSavourez la moutarde avec du vinaigre balsamique, du miel, de l&rsquo;origan et du thym pour ajouter une touche de saveur et d&rsquo;ar\u00f4me, ainsi que les propri\u00e9t\u00e9s b\u00e9n\u00e9fiques des herbes \u00e0 chaque repas !<br \/>\nRecette : Porc au miel et \u00e0 la moutarde Miel-Orange-Orange-Thyme Pitenis<br \/>\nIngr\u00e9dients<br \/>\n&#8211; 800 g d&rsquo;\u00e9paule de porc<br \/>\n&#8211; 1 oignon<br \/>\n&#8211; 800 c\u00f4telettes de porc grill\u00e9es 800 c\u00f4telettes de porc grill\u00e9es 1 petit morceau de porc<br \/>\n&#8211; Huile d&rsquo;olive<br \/>\n&#8211; Moutarde au miel, origan et thym Pitenis<br \/>\n&#8211; Sel, poivre<br \/>\nPr\u00e9paration<br \/>\nCouper 800 g d&rsquo;\u00e9paule de porc en petits morceaux. Faire chauffer l&rsquo;huile dans une po\u00eale et y faire revenir la viande jusqu&rsquo;\u00e0 ce qu&rsquo;elle soit dor\u00e9e. Ajouter un oignon et de l&rsquo;ail. Assaisonner avec du sel et du poivre et ajouter une tasse d&rsquo;eau chaude pour faire mijoter la viande. Ajouter deux cuill\u00e8res \u00e0 soupe de moutarde Pitenis, remuer pour \u00e9paissir la sauce et servir garni de frites ou de riz.<\/p>\n","protected":false},"excerpt":{"rendered":"<p>La moutarde au vinaigre balsamique, au miel, \u00e0 l&rsquo;origan et au thym combine les propri\u00e9t\u00e9s b\u00e9n\u00e9fiques des herbes pour un choix sain et d\u00e9licieux. La moutarde est riche en antioxydants, tandis que le vinaigre balsamique poss\u00e8de des propri\u00e9t\u00e9s antimicrobiennes et facilite la digestion. Le miel apporte une douceur naturelle et est connu pour ses propri\u00e9t\u00e9s antibact\u00e9riennes. L&rsquo;origan et le thym offrent une vari\u00e9t\u00e9 aromatique et sont connus pour leurs propri\u00e9t\u00e9s anti-inflammatoires et antibact\u00e9riennes. Savourez la moutarde au vinaigre balsamique, au miel, \u00e0 l&rsquo;origan et au thym et renforcez votre sant\u00e9 gr\u00e2ce aux herbes b\u00e9n\u00e9fiques !<\/p>\n","protected":false},"featured_media":12047,"comment_status":"closed","ping_status":"closed","template":"","meta":{"_acf_changed":false},"product_cat":[340,273],"product_tag":[],"class_list":{"0":"post-12046","1":"product","2":"type-product","3":"status-publish","4":"has-post-thumbnail","6":"product_cat-lenten-dishes-fr","7":"product_cat-produits-de-qualite-superieure","9":"first","10":"instock","11":"taxable","12":"shipping-taxable","13":"purchasable","14":"product-type-variable"},"acf":[],"yoast_head":"<!-- This site is optimized with the Yoast SEO plugin v27.4 - https:\/\/yoast.com\/product\/yoast-seo-wordpress\/ -->\n<title>Miel de moutarde - Origan - Thym - Pitenis Shop | &#039;\u0395\u03c4\u03bf\u03b9\u03bc\u03b5\u03c2 \u03c3\u03b1\u03bb\u03ac\u03c4\u03b5\u03c2<\/title>\n<meta name=\"robots\" content=\"index, follow, max-snippet:-1, max-image-preview:large, max-video-preview:-1\" \/>\n<link rel=\"canonical\" href=\"https:\/\/staging.pitenis.eu\/fr\/produit\/miel-de-moutarde-origan-thym\/\" \/>\n<meta property=\"og:locale\" content=\"fr_FR\" \/>\n<meta property=\"og:type\" content=\"article\" \/>\n<meta property=\"og:title\" content=\"Miel de moutarde - Origan - Thym - Pitenis Shop | &#039;\u0395\u03c4\u03bf\u03b9\u03bc\u03b5\u03c2 \u03c3\u03b1\u03bb\u03ac\u03c4\u03b5\u03c2\" \/>\n<meta property=\"og:description\" content=\"La moutarde au vinaigre balsamique, au miel, \u00e0 l&#039;origan et au thym combine les propri\u00e9t\u00e9s b\u00e9n\u00e9fiques des herbes pour un choix sain et d\u00e9licieux. La moutarde est riche en antioxydants, tandis que le vinaigre balsamique poss\u00e8de des propri\u00e9t\u00e9s antimicrobiennes et facilite la digestion. Le miel apporte une douceur naturelle et est connu pour ses propri\u00e9t\u00e9s antibact\u00e9riennes. L&#039;origan et le thym offrent une vari\u00e9t\u00e9 aromatique et sont connus pour leurs propri\u00e9t\u00e9s anti-inflammatoires et antibact\u00e9riennes. Savourez la moutarde au vinaigre balsamique, au miel, \u00e0 l&#039;origan et au thym et renforcez votre sant\u00e9 gr\u00e2ce aux herbes b\u00e9n\u00e9fiques !\" \/>\n<meta property=\"og:url\" content=\"https:\/\/staging.pitenis.eu\/fr\/produit\/miel-de-moutarde-origan-thym\/\" \/>\n<meta property=\"og:site_name\" content=\"Pitenis Shop | &#039;\u0395\u03c4\u03bf\u03b9\u03bc\u03b5\u03c2 \u03c3\u03b1\u03bb\u03ac\u03c4\u03b5\u03c2\" \/>\n<meta property=\"article:modified_time\" content=\"2025-08-14T10:01:48+00:00\" \/>\n<meta property=\"og:image\" content=\"https:\/\/staging.pitenis.eu\/wp-content\/uploads\/2025\/05\/\u039c\u03bf\u03c5\u03c3\u03c4\u03ac\u03c1\u03b4\u03b1-\u039c\u03ad\u03bb\u03b9-\u03a1\u03af\u03b3\u03b1\u03bd\u03b7-\u0398\u03c5\u03bc\u03ac\u03c1\u03b9-500x500-1.png\" \/>\n\t<meta property=\"og:image:width\" content=\"500\" \/>\n\t<meta property=\"og:image:height\" content=\"500\" \/>\n\t<meta property=\"og:image:type\" content=\"image\/png\" \/>\n<meta name=\"twitter:card\" content=\"summary_large_image\" \/>\n<meta name=\"twitter:label1\" content=\"Dur\u00e9e de lecture estim\u00e9e\" \/>\n\t<meta name=\"twitter:data1\" content=\"1 minute\" \/>\n<script type=\"application\/ld+json\" class=\"yoast-schema-graph\">{\"@context\":\"https:\\\/\\\/schema.org\",\"@graph\":[{\"@type\":\"WebPage\",\"@id\":\"https:\\\/\\\/staging.pitenis.eu\\\/fr\\\/produit\\\/miel-de-moutarde-origan-thym\\\/\",\"url\":\"https:\\\/\\\/staging.pitenis.eu\\\/fr\\\/produit\\\/miel-de-moutarde-origan-thym\\\/\",\"name\":\"Miel de moutarde - Origan - Thym - Pitenis Shop | &#039;\u0395\u03c4\u03bf\u03b9\u03bc\u03b5\u03c2 \u03c3\u03b1\u03bb\u03ac\u03c4\u03b5\u03c2\",\"isPartOf\":{\"@id\":\"https:\\\/\\\/staging.pitenis.eu\\\/fr\\\/#website\"},\"primaryImageOfPage\":{\"@id\":\"https:\\\/\\\/staging.pitenis.eu\\\/fr\\\/produit\\\/miel-de-moutarde-origan-thym\\\/#primaryimage\"},\"image\":{\"@id\":\"https:\\\/\\\/staging.pitenis.eu\\\/fr\\\/produit\\\/miel-de-moutarde-origan-thym\\\/#primaryimage\"},\"thumbnailUrl\":\"https:\\\/\\\/staging.pitenis.eu\\\/wp-content\\\/uploads\\\/2025\\\/05\\\/\u039c\u03bf\u03c5\u03c3\u03c4\u03ac\u03c1\u03b4\u03b1-\u039c\u03ad\u03bb\u03b9-\u03a1\u03af\u03b3\u03b1\u03bd\u03b7-\u0398\u03c5\u03bc\u03ac\u03c1\u03b9-500x500-1.png\",\"datePublished\":\"2025-06-03T22:14:29+00:00\",\"dateModified\":\"2025-08-14T10:01:48+00:00\",\"breadcrumb\":{\"@id\":\"https:\\\/\\\/staging.pitenis.eu\\\/fr\\\/produit\\\/miel-de-moutarde-origan-thym\\\/#breadcrumb\"},\"inLanguage\":\"fr-FR\",\"potentialAction\":[{\"@type\":\"ReadAction\",\"target\":[\"https:\\\/\\\/staging.pitenis.eu\\\/fr\\\/produit\\\/miel-de-moutarde-origan-thym\\\/\"]}]},{\"@type\":\"ImageObject\",\"inLanguage\":\"fr-FR\",\"@id\":\"https:\\\/\\\/staging.pitenis.eu\\\/fr\\\/produit\\\/miel-de-moutarde-origan-thym\\\/#primaryimage\",\"url\":\"https:\\\/\\\/staging.pitenis.eu\\\/wp-content\\\/uploads\\\/2025\\\/05\\\/\u039c\u03bf\u03c5\u03c3\u03c4\u03ac\u03c1\u03b4\u03b1-\u039c\u03ad\u03bb\u03b9-\u03a1\u03af\u03b3\u03b1\u03bd\u03b7-\u0398\u03c5\u03bc\u03ac\u03c1\u03b9-500x500-1.png\",\"contentUrl\":\"https:\\\/\\\/staging.pitenis.eu\\\/wp-content\\\/uploads\\\/2025\\\/05\\\/\u039c\u03bf\u03c5\u03c3\u03c4\u03ac\u03c1\u03b4\u03b1-\u039c\u03ad\u03bb\u03b9-\u03a1\u03af\u03b3\u03b1\u03bd\u03b7-\u0398\u03c5\u03bc\u03ac\u03c1\u03b9-500x500-1.png\",\"width\":500,\"height\":500,\"caption\":\"Miel de moutarde &#8211; Origan &#8211; Thym-500&#215;500\"},{\"@type\":\"BreadcrumbList\",\"@id\":\"https:\\\/\\\/staging.pitenis.eu\\\/fr\\\/produit\\\/miel-de-moutarde-origan-thym\\\/#breadcrumb\",\"itemListElement\":[{\"@type\":\"ListItem\",\"position\":1,\"name\":\"Home\",\"item\":\"https:\\\/\\\/staging.pitenis.eu\\\/fr\\\/\"},{\"@type\":\"ListItem\",\"position\":2,\"name\":\"Boutique\",\"item\":\"https:\\\/\\\/staging.pitenis.eu\\\/%ce%ba%ce%b1%cf%84%ce%ac%cf%83%cf%84%ce%b7%ce%bc%ce%b1\\\/\"},{\"@type\":\"ListItem\",\"position\":3,\"name\":\"Miel de moutarde &#8211; Origan &#8211; Thym\"}]},{\"@type\":\"WebSite\",\"@id\":\"https:\\\/\\\/staging.pitenis.eu\\\/fr\\\/#website\",\"url\":\"https:\\\/\\\/staging.pitenis.eu\\\/fr\\\/\",\"name\":\"Pitenis Shop | &#039;\u0395\u03c4\u03bf\u03b9\u03bc\u03b5\u03c2 \u03c3\u03b1\u03bb\u03ac\u03c4\u03b5\u03c2\",\"description\":\"\u03b1\u03bb\u03bf\u03b9\u03c6\u03ad\u03c2, \u03c8\u03b1\u03c1\u03b9\u03ba\u03ac, \u03c4\u03bf\u03c5\u03c1\u03c3\u03ac\u03ba\u03b9\u03b1\",\"publisher\":{\"@id\":\"https:\\\/\\\/staging.pitenis.eu\\\/fr\\\/#organization\"},\"potentialAction\":[{\"@type\":\"SearchAction\",\"target\":{\"@type\":\"EntryPoint\",\"urlTemplate\":\"https:\\\/\\\/staging.pitenis.eu\\\/fr\\\/?s={search_term_string}\"},\"query-input\":{\"@type\":\"PropertyValueSpecification\",\"valueRequired\":true,\"valueName\":\"search_term_string\"}}],\"inLanguage\":\"fr-FR\"},{\"@type\":\"Organization\",\"@id\":\"https:\\\/\\\/staging.pitenis.eu\\\/fr\\\/#organization\",\"name\":\"Pitenis Shop | &#039;\u0395\u03c4\u03bf\u03b9\u03bc\u03b5\u03c2 \u03c3\u03b1\u03bb\u03ac\u03c4\u03b5\u03c2\",\"url\":\"https:\\\/\\\/staging.pitenis.eu\\\/fr\\\/\",\"logo\":{\"@type\":\"ImageObject\",\"inLanguage\":\"fr-FR\",\"@id\":\"https:\\\/\\\/staging.pitenis.eu\\\/fr\\\/#\\\/schema\\\/logo\\\/image\\\/\",\"url\":\"https:\\\/\\\/staging.pitenis.eu\\\/wp-content\\\/uploads\\\/2025\\\/04\\\/cropped-pitenis_logo.png\",\"contentUrl\":\"https:\\\/\\\/staging.pitenis.eu\\\/wp-content\\\/uploads\\\/2025\\\/04\\\/cropped-pitenis_logo.png\",\"width\":172,\"height\":74,\"caption\":\"Pitenis Shop | &#039;\u0395\u03c4\u03bf\u03b9\u03bc\u03b5\u03c2 \u03c3\u03b1\u03bb\u03ac\u03c4\u03b5\u03c2\"},\"image\":{\"@id\":\"https:\\\/\\\/staging.pitenis.eu\\\/fr\\\/#\\\/schema\\\/logo\\\/image\\\/\"}}]}<\/script>\n<!-- \/ Yoast SEO plugin. -->","yoast_head_json":{"title":"Miel de moutarde - Origan - Thym - Pitenis Shop | &#039;\u0395\u03c4\u03bf\u03b9\u03bc\u03b5\u03c2 \u03c3\u03b1\u03bb\u03ac\u03c4\u03b5\u03c2","robots":{"index":"index","follow":"follow","max-snippet":"max-snippet:-1","max-image-preview":"max-image-preview:large","max-video-preview":"max-video-preview:-1"},"canonical":"https:\/\/staging.pitenis.eu\/fr\/produit\/miel-de-moutarde-origan-thym\/","og_locale":"fr_FR","og_type":"article","og_title":"Miel de moutarde - Origan - Thym - Pitenis Shop | &#039;\u0395\u03c4\u03bf\u03b9\u03bc\u03b5\u03c2 \u03c3\u03b1\u03bb\u03ac\u03c4\u03b5\u03c2","og_description":"La moutarde au vinaigre balsamique, au miel, \u00e0 l'origan et au thym combine les propri\u00e9t\u00e9s b\u00e9n\u00e9fiques des herbes pour un choix sain et d\u00e9licieux. La moutarde est riche en antioxydants, tandis que le vinaigre balsamique poss\u00e8de des propri\u00e9t\u00e9s antimicrobiennes et facilite la digestion. Le miel apporte une douceur naturelle et est connu pour ses propri\u00e9t\u00e9s antibact\u00e9riennes. L'origan et le thym offrent une vari\u00e9t\u00e9 aromatique et sont connus pour leurs propri\u00e9t\u00e9s anti-inflammatoires et antibact\u00e9riennes. Savourez la moutarde au vinaigre balsamique, au miel, \u00e0 l'origan et au thym et renforcez votre sant\u00e9 gr\u00e2ce aux herbes b\u00e9n\u00e9fiques !","og_url":"https:\/\/staging.pitenis.eu\/fr\/produit\/miel-de-moutarde-origan-thym\/","og_site_name":"Pitenis Shop | &#039;\u0395\u03c4\u03bf\u03b9\u03bc\u03b5\u03c2 \u03c3\u03b1\u03bb\u03ac\u03c4\u03b5\u03c2","article_modified_time":"2025-08-14T10:01:48+00:00","og_image":[{"width":500,"height":500,"url":"https:\/\/staging.pitenis.eu\/wp-content\/uploads\/2025\/05\/\u039c\u03bf\u03c5\u03c3\u03c4\u03ac\u03c1\u03b4\u03b1-\u039c\u03ad\u03bb\u03b9-\u03a1\u03af\u03b3\u03b1\u03bd\u03b7-\u0398\u03c5\u03bc\u03ac\u03c1\u03b9-500x500-1.png","type":"image\/png"}],"twitter_card":"summary_large_image","twitter_misc":{"Dur\u00e9e de lecture estim\u00e9e":"1 minute"},"schema":{"@context":"https:\/\/schema.org","@graph":[{"@type":"WebPage","@id":"https:\/\/staging.pitenis.eu\/fr\/produit\/miel-de-moutarde-origan-thym\/","url":"https:\/\/staging.pitenis.eu\/fr\/produit\/miel-de-moutarde-origan-thym\/","name":"Miel de moutarde - Origan - Thym - Pitenis Shop | &#039;\u0395\u03c4\u03bf\u03b9\u03bc\u03b5\u03c2 \u03c3\u03b1\u03bb\u03ac\u03c4\u03b5\u03c2","isPartOf":{"@id":"https:\/\/staging.pitenis.eu\/fr\/#website"},"primaryImageOfPage":{"@id":"https:\/\/staging.pitenis.eu\/fr\/produit\/miel-de-moutarde-origan-thym\/#primaryimage"},"image":{"@id":"https:\/\/staging.pitenis.eu\/fr\/produit\/miel-de-moutarde-origan-thym\/#primaryimage"},"thumbnailUrl":"https:\/\/staging.pitenis.eu\/wp-content\/uploads\/2025\/05\/\u039c\u03bf\u03c5\u03c3\u03c4\u03ac\u03c1\u03b4\u03b1-\u039c\u03ad\u03bb\u03b9-\u03a1\u03af\u03b3\u03b1\u03bd\u03b7-\u0398\u03c5\u03bc\u03ac\u03c1\u03b9-500x500-1.png","datePublished":"2025-06-03T22:14:29+00:00","dateModified":"2025-08-14T10:01:48+00:00","breadcrumb":{"@id":"https:\/\/staging.pitenis.eu\/fr\/produit\/miel-de-moutarde-origan-thym\/#breadcrumb"},"inLanguage":"fr-FR","potentialAction":[{"@type":"ReadAction","target":["https:\/\/staging.pitenis.eu\/fr\/produit\/miel-de-moutarde-origan-thym\/"]}]},{"@type":"ImageObject","inLanguage":"fr-FR","@id":"https:\/\/staging.pitenis.eu\/fr\/produit\/miel-de-moutarde-origan-thym\/#primaryimage","url":"https:\/\/staging.pitenis.eu\/wp-content\/uploads\/2025\/05\/\u039c\u03bf\u03c5\u03c3\u03c4\u03ac\u03c1\u03b4\u03b1-\u039c\u03ad\u03bb\u03b9-\u03a1\u03af\u03b3\u03b1\u03bd\u03b7-\u0398\u03c5\u03bc\u03ac\u03c1\u03b9-500x500-1.png","contentUrl":"https:\/\/staging.pitenis.eu\/wp-content\/uploads\/2025\/05\/\u039c\u03bf\u03c5\u03c3\u03c4\u03ac\u03c1\u03b4\u03b1-\u039c\u03ad\u03bb\u03b9-\u03a1\u03af\u03b3\u03b1\u03bd\u03b7-\u0398\u03c5\u03bc\u03ac\u03c1\u03b9-500x500-1.png","width":500,"height":500,"caption":"Miel de moutarde &#8211; Origan &#8211; Thym-500&#215;500"},{"@type":"BreadcrumbList","@id":"https:\/\/staging.pitenis.eu\/fr\/produit\/miel-de-moutarde-origan-thym\/#breadcrumb","itemListElement":[{"@type":"ListItem","position":1,"name":"Home","item":"https:\/\/staging.pitenis.eu\/fr\/"},{"@type":"ListItem","position":2,"name":"Boutique","item":"https:\/\/staging.pitenis.eu\/%ce%ba%ce%b1%cf%84%ce%ac%cf%83%cf%84%ce%b7%ce%bc%ce%b1\/"},{"@type":"ListItem","position":3,"name":"Miel de moutarde &#8211; Origan &#8211; Thym"}]},{"@type":"WebSite","@id":"https:\/\/staging.pitenis.eu\/fr\/#website","url":"https:\/\/staging.pitenis.eu\/fr\/","name":"Pitenis Shop | &#039;\u0395\u03c4\u03bf\u03b9\u03bc\u03b5\u03c2 \u03c3\u03b1\u03bb\u03ac\u03c4\u03b5\u03c2","description":"\u03b1\u03bb\u03bf\u03b9\u03c6\u03ad\u03c2, \u03c8\u03b1\u03c1\u03b9\u03ba\u03ac, \u03c4\u03bf\u03c5\u03c1\u03c3\u03ac\u03ba\u03b9\u03b1","publisher":{"@id":"https:\/\/staging.pitenis.eu\/fr\/#organization"},"potentialAction":[{"@type":"SearchAction","target":{"@type":"EntryPoint","urlTemplate":"https:\/\/staging.pitenis.eu\/fr\/?s={search_term_string}"},"query-input":{"@type":"PropertyValueSpecification","valueRequired":true,"valueName":"search_term_string"}}],"inLanguage":"fr-FR"},{"@type":"Organization","@id":"https:\/\/staging.pitenis.eu\/fr\/#organization","name":"Pitenis Shop | &#039;\u0395\u03c4\u03bf\u03b9\u03bc\u03b5\u03c2 \u03c3\u03b1\u03bb\u03ac\u03c4\u03b5\u03c2","url":"https:\/\/staging.pitenis.eu\/fr\/","logo":{"@type":"ImageObject","inLanguage":"fr-FR","@id":"https:\/\/staging.pitenis.eu\/fr\/#\/schema\/logo\/image\/","url":"https:\/\/staging.pitenis.eu\/wp-content\/uploads\/2025\/04\/cropped-pitenis_logo.png","contentUrl":"https:\/\/staging.pitenis.eu\/wp-content\/uploads\/2025\/04\/cropped-pitenis_logo.png","width":172,"height":74,"caption":"Pitenis Shop | &#039;\u0395\u03c4\u03bf\u03b9\u03bc\u03b5\u03c2 \u03c3\u03b1\u03bb\u03ac\u03c4\u03b5\u03c2"},"image":{"@id":"https:\/\/staging.pitenis.eu\/fr\/#\/schema\/logo\/image\/"}}]}},"_links":{"self":[{"href":"https:\/\/staging.pitenis.eu\/fr\/wp-json\/wp\/v2\/product\/12046","targetHints":{"allow":["GET"]}}],"collection":[{"href":"https:\/\/staging.pitenis.eu\/fr\/wp-json\/wp\/v2\/product"}],"about":[{"href":"https:\/\/staging.pitenis.eu\/fr\/wp-json\/wp\/v2\/types\/product"}],"replies":[{"embeddable":true,"href":"https:\/\/staging.pitenis.eu\/fr\/wp-json\/wp\/v2\/comments?post=12046"}],"wp:featuredmedia":[{"embeddable":true,"href":"https:\/\/staging.pitenis.eu\/fr\/wp-json\/wp\/v2\/media\/12047"}],"wp:attachment":[{"href":"https:\/\/staging.pitenis.eu\/fr\/wp-json\/wp\/v2\/media?parent=12046"}],"wp:term":[{"taxonomy":"product_cat","embeddable":true,"href":"https:\/\/staging.pitenis.eu\/fr\/wp-json\/wp\/v2\/product_cat?post=12046"},{"taxonomy":"product_tag","embeddable":true,"href":"https:\/\/staging.pitenis.eu\/fr\/wp-json\/wp\/v2\/product_tag?post=12046"}],"curies":[{"name":"wp","href":"https:\/\/api.w.org\/{rel}","templated":true}]}}