{"id":12001,"date":"2025-06-03T22:14:58","date_gmt":"2025-06-03T22:14:58","guid":{"rendered":"https:\/\/e-shop.advonpitenis.eu\/product\/pepperoni-farcis-aigre-doux\/"},"modified":"2025-08-14T10:01:56","modified_gmt":"2025-08-14T10:01:56","slug":"pepperoni-farcis-aigre-doux","status":"publish","type":"product","link":"https:\/\/staging.pitenis.eu\/fr\/produit\/pepperoni-farcis-aigre-doux\/","title":{"rendered":"Pepperoni farcis aigre-doux"},"content":{"rendered":"<p><span style=\"font-weight: bold;\">Ingr\u00e9dients<\/span><br \/>\n<span style=\"font-weight: bold;\">Ingr\u00e9dients : <\/span>Poivron rouge aigre-doux 57% (eau, sucre, sel, vinaigre, r\u00e9gulateurs d&rsquo;acidit\u00e9 : acide citrique, E509), garniture au<span style=\"font-weight: bold;\"> fromage<\/span> 40%<span style=\"font-weight: bold;\">[garniture au fromage (lait de fromage<\/span>, sel), \u00e9pices, ail, r\u00e9gulateur d&rsquo;acidit\u00e9 : acide lactique], huile de tournesol, poivre vert, conservateurs : E202, E211, <span style=\"font-weight: bold;\">m\u00e9tabisulfite de sodium<\/span>. (Les pourcentages sont calcul\u00e9s sur le poids \u00e9goutt\u00e9)<\/p>\n<p><span style=\"font-weight: bold;\">Combinaisons &#8211; suggestions d&rsquo;utilisation<\/span><br \/>\nSavourez le d\u00e9licieux go\u00fbt aigre-doux des poivrons farcis et ravissez votre palais ! Cet amuse-bouche est parfait pour accompagner votre table et impressionner vos invit\u00e9s.<br \/>\n&#8211; Le pepperoni aigre-doux devient le choix ultime pour accompagner les viandes et les plats de fruits de mer.<br \/>\n&#8211; Vous pouvez le servir comme amuse-gueule sur une assiette avec d&rsquo;autres amuse-gueule assortis, ou m\u00eame l&rsquo;ajouter \u00e0 un plateau avec diverses charcuteries et fromages.<br \/>\nCe plat d\u00e9licieux fera sensation et vos invit\u00e9s en redemanderont !<\/p>\n","protected":false},"excerpt":{"rendered":"<p>Les poivrons aigre-doux farcis d&rsquo;un m\u00e9lange de myzithra, de feta, de poivrons verts et d&rsquo;\u00e9pices sont un choix d\u00e9licieux pour une entr\u00e9e. La saveur intense des poivrons est combin\u00e9e \u00e0 la note aigre-douce, cr\u00e9ant un profil de saveur harmonieux. La garniture compos\u00e9e d&rsquo;un m\u00e9lange de myzithra et de feta donne une texture riche et savoureuse, tandis que les \u00e9pices ajoutent un ar\u00f4me sophistiqu\u00e9. Ces poivrons sont id\u00e9aux pour \u00eatre offerts lors de r\u00e9unions sociales et de f\u00eates, car ils ravissent les papilles par leur saveur \u00e9pic\u00e9e et cors\u00e9e. Savourez cette friandise et d\u00e9couvrez la joie des contrastes gustatifs !<\/p>\n","protected":false},"featured_media":12002,"comment_status":"closed","ping_status":"closed","template":"","meta":{"_acf_changed":false},"product_cat":[273],"product_tag":[],"class_list":{"0":"post-12001","1":"product","2":"type-product","3":"status-publish","4":"has-post-thumbnail","6":"product_cat-produits-de-qualite-superieure","8":"first","9":"instock","10":"taxable","11":"shipping-taxable","12":"purchasable","13":"product-type-variable"},"acf":[],"yoast_head":"<!-- This site is optimized with the Yoast SEO plugin v27.4 - https:\/\/yoast.com\/product\/yoast-seo-wordpress\/ -->\n<title>Pepperoni farcis aigre-doux - Pitenis Shop | &#039;\u0395\u03c4\u03bf\u03b9\u03bc\u03b5\u03c2 \u03c3\u03b1\u03bb\u03ac\u03c4\u03b5\u03c2<\/title>\n<meta name=\"robots\" content=\"index, follow, max-snippet:-1, max-image-preview:large, max-video-preview:-1\" \/>\n<link rel=\"canonical\" href=\"https:\/\/staging.pitenis.eu\/fr\/produit\/pepperoni-farcis-aigre-doux\/\" \/>\n<meta property=\"og:locale\" content=\"fr_FR\" \/>\n<meta property=\"og:type\" content=\"article\" \/>\n<meta property=\"og:title\" content=\"Pepperoni farcis aigre-doux - Pitenis Shop | &#039;\u0395\u03c4\u03bf\u03b9\u03bc\u03b5\u03c2 \u03c3\u03b1\u03bb\u03ac\u03c4\u03b5\u03c2\" \/>\n<meta property=\"og:description\" content=\"Les poivrons aigre-doux farcis d&#039;un m\u00e9lange de myzithra, de feta, de poivrons verts et d&#039;\u00e9pices sont un choix d\u00e9licieux pour une entr\u00e9e. La saveur intense des poivrons est combin\u00e9e \u00e0 la note aigre-douce, cr\u00e9ant un profil de saveur harmonieux. La garniture compos\u00e9e d&#039;un m\u00e9lange de myzithra et de feta donne une texture riche et savoureuse, tandis que les \u00e9pices ajoutent un ar\u00f4me sophistiqu\u00e9. Ces poivrons sont id\u00e9aux pour \u00eatre offerts lors de r\u00e9unions sociales et de f\u00eates, car ils ravissent les papilles par leur saveur \u00e9pic\u00e9e et cors\u00e9e. Savourez cette friandise et d\u00e9couvrez la joie des contrastes gustatifs !\" \/>\n<meta property=\"og:url\" content=\"https:\/\/staging.pitenis.eu\/fr\/produit\/pepperoni-farcis-aigre-doux\/\" \/>\n<meta property=\"og:site_name\" content=\"Pitenis Shop | &#039;\u0395\u03c4\u03bf\u03b9\u03bc\u03b5\u03c2 \u03c3\u03b1\u03bb\u03ac\u03c4\u03b5\u03c2\" \/>\n<meta property=\"article:modified_time\" content=\"2025-08-14T10:01:56+00:00\" \/>\n<meta property=\"og:image\" content=\"https:\/\/staging.pitenis.eu\/wp-content\/uploads\/2025\/06\/306010.png\" \/>\n\t<meta property=\"og:image:width\" content=\"1000\" \/>\n\t<meta property=\"og:image:height\" content=\"1000\" \/>\n\t<meta property=\"og:image:type\" content=\"image\/png\" \/>\n<meta name=\"twitter:card\" content=\"summary_large_image\" \/>\n<meta name=\"twitter:label1\" content=\"Dur\u00e9e de lecture estim\u00e9e\" \/>\n\t<meta name=\"twitter:data1\" content=\"1 minute\" \/>\n<script type=\"application\/ld+json\" class=\"yoast-schema-graph\">{\"@context\":\"https:\\\/\\\/schema.org\",\"@graph\":[{\"@type\":\"WebPage\",\"@id\":\"https:\\\/\\\/staging.pitenis.eu\\\/fr\\\/produit\\\/pepperoni-farcis-aigre-doux\\\/\",\"url\":\"https:\\\/\\\/staging.pitenis.eu\\\/fr\\\/produit\\\/pepperoni-farcis-aigre-doux\\\/\",\"name\":\"Pepperoni farcis aigre-doux - Pitenis Shop | &#039;\u0395\u03c4\u03bf\u03b9\u03bc\u03b5\u03c2 \u03c3\u03b1\u03bb\u03ac\u03c4\u03b5\u03c2\",\"isPartOf\":{\"@id\":\"https:\\\/\\\/staging.pitenis.eu\\\/fr\\\/#website\"},\"primaryImageOfPage\":{\"@id\":\"https:\\\/\\\/staging.pitenis.eu\\\/fr\\\/produit\\\/pepperoni-farcis-aigre-doux\\\/#primaryimage\"},\"image\":{\"@id\":\"https:\\\/\\\/staging.pitenis.eu\\\/fr\\\/produit\\\/pepperoni-farcis-aigre-doux\\\/#primaryimage\"},\"thumbnailUrl\":\"https:\\\/\\\/staging.pitenis.eu\\\/wp-content\\\/uploads\\\/2025\\\/06\\\/306010.png\",\"datePublished\":\"2025-06-03T22:14:58+00:00\",\"dateModified\":\"2025-08-14T10:01:56+00:00\",\"breadcrumb\":{\"@id\":\"https:\\\/\\\/staging.pitenis.eu\\\/fr\\\/produit\\\/pepperoni-farcis-aigre-doux\\\/#breadcrumb\"},\"inLanguage\":\"fr-FR\",\"potentialAction\":[{\"@type\":\"ReadAction\",\"target\":[\"https:\\\/\\\/staging.pitenis.eu\\\/fr\\\/produit\\\/pepperoni-farcis-aigre-doux\\\/\"]}]},{\"@type\":\"ImageObject\",\"inLanguage\":\"fr-FR\",\"@id\":\"https:\\\/\\\/staging.pitenis.eu\\\/fr\\\/produit\\\/pepperoni-farcis-aigre-doux\\\/#primaryimage\",\"url\":\"https:\\\/\\\/staging.pitenis.eu\\\/wp-content\\\/uploads\\\/2025\\\/06\\\/306010.png\",\"contentUrl\":\"https:\\\/\\\/staging.pitenis.eu\\\/wp-content\\\/uploads\\\/2025\\\/06\\\/306010.png\",\"width\":1000,\"height\":1000,\"caption\":\"306010\"},{\"@type\":\"BreadcrumbList\",\"@id\":\"https:\\\/\\\/staging.pitenis.eu\\\/fr\\\/produit\\\/pepperoni-farcis-aigre-doux\\\/#breadcrumb\",\"itemListElement\":[{\"@type\":\"ListItem\",\"position\":1,\"name\":\"Home\",\"item\":\"https:\\\/\\\/staging.pitenis.eu\\\/fr\\\/\"},{\"@type\":\"ListItem\",\"position\":2,\"name\":\"Boutique\",\"item\":\"https:\\\/\\\/staging.pitenis.eu\\\/%ce%ba%ce%b1%cf%84%ce%ac%cf%83%cf%84%ce%b7%ce%bc%ce%b1\\\/\"},{\"@type\":\"ListItem\",\"position\":3,\"name\":\"Pepperoni farcis aigre-doux\"}]},{\"@type\":\"WebSite\",\"@id\":\"https:\\\/\\\/staging.pitenis.eu\\\/fr\\\/#website\",\"url\":\"https:\\\/\\\/staging.pitenis.eu\\\/fr\\\/\",\"name\":\"Pitenis Shop | &#039;\u0395\u03c4\u03bf\u03b9\u03bc\u03b5\u03c2 \u03c3\u03b1\u03bb\u03ac\u03c4\u03b5\u03c2\",\"description\":\"\u03b1\u03bb\u03bf\u03b9\u03c6\u03ad\u03c2, \u03c8\u03b1\u03c1\u03b9\u03ba\u03ac, \u03c4\u03bf\u03c5\u03c1\u03c3\u03ac\u03ba\u03b9\u03b1\",\"publisher\":{\"@id\":\"https:\\\/\\\/staging.pitenis.eu\\\/fr\\\/#organization\"},\"potentialAction\":[{\"@type\":\"SearchAction\",\"target\":{\"@type\":\"EntryPoint\",\"urlTemplate\":\"https:\\\/\\\/staging.pitenis.eu\\\/fr\\\/?s={search_term_string}\"},\"query-input\":{\"@type\":\"PropertyValueSpecification\",\"valueRequired\":true,\"valueName\":\"search_term_string\"}}],\"inLanguage\":\"fr-FR\"},{\"@type\":\"Organization\",\"@id\":\"https:\\\/\\\/staging.pitenis.eu\\\/fr\\\/#organization\",\"name\":\"Pitenis Shop | &#039;\u0395\u03c4\u03bf\u03b9\u03bc\u03b5\u03c2 \u03c3\u03b1\u03bb\u03ac\u03c4\u03b5\u03c2\",\"url\":\"https:\\\/\\\/staging.pitenis.eu\\\/fr\\\/\",\"logo\":{\"@type\":\"ImageObject\",\"inLanguage\":\"fr-FR\",\"@id\":\"https:\\\/\\\/staging.pitenis.eu\\\/fr\\\/#\\\/schema\\\/logo\\\/image\\\/\",\"url\":\"https:\\\/\\\/staging.pitenis.eu\\\/wp-content\\\/uploads\\\/2025\\\/04\\\/cropped-pitenis_logo.png\",\"contentUrl\":\"https:\\\/\\\/staging.pitenis.eu\\\/wp-content\\\/uploads\\\/2025\\\/04\\\/cropped-pitenis_logo.png\",\"width\":172,\"height\":74,\"caption\":\"Pitenis Shop | &#039;\u0395\u03c4\u03bf\u03b9\u03bc\u03b5\u03c2 \u03c3\u03b1\u03bb\u03ac\u03c4\u03b5\u03c2\"},\"image\":{\"@id\":\"https:\\\/\\\/staging.pitenis.eu\\\/fr\\\/#\\\/schema\\\/logo\\\/image\\\/\"}}]}<\/script>\n<!-- \/ Yoast SEO plugin. -->","yoast_head_json":{"title":"Pepperoni farcis aigre-doux - Pitenis Shop | &#039;\u0395\u03c4\u03bf\u03b9\u03bc\u03b5\u03c2 \u03c3\u03b1\u03bb\u03ac\u03c4\u03b5\u03c2","robots":{"index":"index","follow":"follow","max-snippet":"max-snippet:-1","max-image-preview":"max-image-preview:large","max-video-preview":"max-video-preview:-1"},"canonical":"https:\/\/staging.pitenis.eu\/fr\/produit\/pepperoni-farcis-aigre-doux\/","og_locale":"fr_FR","og_type":"article","og_title":"Pepperoni farcis aigre-doux - Pitenis Shop | &#039;\u0395\u03c4\u03bf\u03b9\u03bc\u03b5\u03c2 \u03c3\u03b1\u03bb\u03ac\u03c4\u03b5\u03c2","og_description":"Les poivrons aigre-doux farcis d'un m\u00e9lange de myzithra, de feta, de poivrons verts et d'\u00e9pices sont un choix d\u00e9licieux pour une entr\u00e9e. La saveur intense des poivrons est combin\u00e9e \u00e0 la note aigre-douce, cr\u00e9ant un profil de saveur harmonieux. La garniture compos\u00e9e d'un m\u00e9lange de myzithra et de feta donne une texture riche et savoureuse, tandis que les \u00e9pices ajoutent un ar\u00f4me sophistiqu\u00e9. Ces poivrons sont id\u00e9aux pour \u00eatre offerts lors de r\u00e9unions sociales et de f\u00eates, car ils ravissent les papilles par leur saveur \u00e9pic\u00e9e et cors\u00e9e. Savourez cette friandise et d\u00e9couvrez la joie des contrastes gustatifs !","og_url":"https:\/\/staging.pitenis.eu\/fr\/produit\/pepperoni-farcis-aigre-doux\/","og_site_name":"Pitenis Shop | &#039;\u0395\u03c4\u03bf\u03b9\u03bc\u03b5\u03c2 \u03c3\u03b1\u03bb\u03ac\u03c4\u03b5\u03c2","article_modified_time":"2025-08-14T10:01:56+00:00","og_image":[{"width":1000,"height":1000,"url":"https:\/\/staging.pitenis.eu\/wp-content\/uploads\/2025\/06\/306010.png","type":"image\/png"}],"twitter_card":"summary_large_image","twitter_misc":{"Dur\u00e9e de lecture estim\u00e9e":"1 minute"},"schema":{"@context":"https:\/\/schema.org","@graph":[{"@type":"WebPage","@id":"https:\/\/staging.pitenis.eu\/fr\/produit\/pepperoni-farcis-aigre-doux\/","url":"https:\/\/staging.pitenis.eu\/fr\/produit\/pepperoni-farcis-aigre-doux\/","name":"Pepperoni farcis aigre-doux - Pitenis Shop | &#039;\u0395\u03c4\u03bf\u03b9\u03bc\u03b5\u03c2 \u03c3\u03b1\u03bb\u03ac\u03c4\u03b5\u03c2","isPartOf":{"@id":"https:\/\/staging.pitenis.eu\/fr\/#website"},"primaryImageOfPage":{"@id":"https:\/\/staging.pitenis.eu\/fr\/produit\/pepperoni-farcis-aigre-doux\/#primaryimage"},"image":{"@id":"https:\/\/staging.pitenis.eu\/fr\/produit\/pepperoni-farcis-aigre-doux\/#primaryimage"},"thumbnailUrl":"https:\/\/staging.pitenis.eu\/wp-content\/uploads\/2025\/06\/306010.png","datePublished":"2025-06-03T22:14:58+00:00","dateModified":"2025-08-14T10:01:56+00:00","breadcrumb":{"@id":"https:\/\/staging.pitenis.eu\/fr\/produit\/pepperoni-farcis-aigre-doux\/#breadcrumb"},"inLanguage":"fr-FR","potentialAction":[{"@type":"ReadAction","target":["https:\/\/staging.pitenis.eu\/fr\/produit\/pepperoni-farcis-aigre-doux\/"]}]},{"@type":"ImageObject","inLanguage":"fr-FR","@id":"https:\/\/staging.pitenis.eu\/fr\/produit\/pepperoni-farcis-aigre-doux\/#primaryimage","url":"https:\/\/staging.pitenis.eu\/wp-content\/uploads\/2025\/06\/306010.png","contentUrl":"https:\/\/staging.pitenis.eu\/wp-content\/uploads\/2025\/06\/306010.png","width":1000,"height":1000,"caption":"306010"},{"@type":"BreadcrumbList","@id":"https:\/\/staging.pitenis.eu\/fr\/produit\/pepperoni-farcis-aigre-doux\/#breadcrumb","itemListElement":[{"@type":"ListItem","position":1,"name":"Home","item":"https:\/\/staging.pitenis.eu\/fr\/"},{"@type":"ListItem","position":2,"name":"Boutique","item":"https:\/\/staging.pitenis.eu\/%ce%ba%ce%b1%cf%84%ce%ac%cf%83%cf%84%ce%b7%ce%bc%ce%b1\/"},{"@type":"ListItem","position":3,"name":"Pepperoni farcis aigre-doux"}]},{"@type":"WebSite","@id":"https:\/\/staging.pitenis.eu\/fr\/#website","url":"https:\/\/staging.pitenis.eu\/fr\/","name":"Pitenis Shop | &#039;\u0395\u03c4\u03bf\u03b9\u03bc\u03b5\u03c2 \u03c3\u03b1\u03bb\u03ac\u03c4\u03b5\u03c2","description":"\u03b1\u03bb\u03bf\u03b9\u03c6\u03ad\u03c2, \u03c8\u03b1\u03c1\u03b9\u03ba\u03ac, \u03c4\u03bf\u03c5\u03c1\u03c3\u03ac\u03ba\u03b9\u03b1","publisher":{"@id":"https:\/\/staging.pitenis.eu\/fr\/#organization"},"potentialAction":[{"@type":"SearchAction","target":{"@type":"EntryPoint","urlTemplate":"https:\/\/staging.pitenis.eu\/fr\/?s={search_term_string}"},"query-input":{"@type":"PropertyValueSpecification","valueRequired":true,"valueName":"search_term_string"}}],"inLanguage":"fr-FR"},{"@type":"Organization","@id":"https:\/\/staging.pitenis.eu\/fr\/#organization","name":"Pitenis Shop | &#039;\u0395\u03c4\u03bf\u03b9\u03bc\u03b5\u03c2 \u03c3\u03b1\u03bb\u03ac\u03c4\u03b5\u03c2","url":"https:\/\/staging.pitenis.eu\/fr\/","logo":{"@type":"ImageObject","inLanguage":"fr-FR","@id":"https:\/\/staging.pitenis.eu\/fr\/#\/schema\/logo\/image\/","url":"https:\/\/staging.pitenis.eu\/wp-content\/uploads\/2025\/04\/cropped-pitenis_logo.png","contentUrl":"https:\/\/staging.pitenis.eu\/wp-content\/uploads\/2025\/04\/cropped-pitenis_logo.png","width":172,"height":74,"caption":"Pitenis Shop | &#039;\u0395\u03c4\u03bf\u03b9\u03bc\u03b5\u03c2 \u03c3\u03b1\u03bb\u03ac\u03c4\u03b5\u03c2"},"image":{"@id":"https:\/\/staging.pitenis.eu\/fr\/#\/schema\/logo\/image\/"}}]}},"_links":{"self":[{"href":"https:\/\/staging.pitenis.eu\/fr\/wp-json\/wp\/v2\/product\/12001","targetHints":{"allow":["GET"]}}],"collection":[{"href":"https:\/\/staging.pitenis.eu\/fr\/wp-json\/wp\/v2\/product"}],"about":[{"href":"https:\/\/staging.pitenis.eu\/fr\/wp-json\/wp\/v2\/types\/product"}],"replies":[{"embeddable":true,"href":"https:\/\/staging.pitenis.eu\/fr\/wp-json\/wp\/v2\/comments?post=12001"}],"wp:featuredmedia":[{"embeddable":true,"href":"https:\/\/staging.pitenis.eu\/fr\/wp-json\/wp\/v2\/media\/12002"}],"wp:attachment":[{"href":"https:\/\/staging.pitenis.eu\/fr\/wp-json\/wp\/v2\/media?parent=12001"}],"wp:term":[{"taxonomy":"product_cat","embeddable":true,"href":"https:\/\/staging.pitenis.eu\/fr\/wp-json\/wp\/v2\/product_cat?post=12001"},{"taxonomy":"product_tag","embeddable":true,"href":"https:\/\/staging.pitenis.eu\/fr\/wp-json\/wp\/v2\/product_tag?post=12001"}],"curies":[{"name":"wp","href":"https:\/\/api.w.org\/{rel}","templated":true}]}}