{"id":11994,"date":"2025-06-03T22:14:58","date_gmt":"2025-06-03T22:14:58","guid":{"rendered":"https:\/\/e-shop.advonpitenis.eu\/product\/mayonnaise-au-jaune-doeuf-de-kozani\/"},"modified":"2025-08-14T10:01:54","modified_gmt":"2025-08-14T10:01:54","slug":"mayonnaise-au-jaune-doeuf-de-kozani","status":"publish","type":"product","link":"https:\/\/staging.pitenis.eu\/fr\/produit\/mayonnaise-au-jaune-doeuf-de-kozani\/","title":{"rendered":"Mayonnaise au jaune d&rsquo;\u0153uf de Kozani"},"content":{"rendered":"<p><span style=\"font-weight: bold;\">Ingr\u00e9dients<\/span><br \/>\n<span style=\"font-weight: bold;\">Ingr\u00e9dients :<\/span> huile v\u00e9g\u00e9tale (huile de soja ou de tournesol), eau, <span style=\"font-weight: bold;\">moutarde<\/span> 12% (eau, vinaigre, moutarde <span style=\"font-weight: bold;\">, mout<\/span> arde <span style=\"font-weight: bold;\">,<\/span> amidon naturel de ma\u00efs, sel, sucre, colorant naturel : curcumine, ar\u00f4me de moutarde), jaune d&rsquo;<span style=\"font-weight: bold;\">\u0153uf<\/span> pasteuris\u00e9, HUILE PARATHETIQUE EXTRAORDINAIRE 5%, vinaigre, sucre, sel, \u00e9pices<span style=\"font-weight: bold;\">(c\u00e9leri<\/span>), r\u00e9gulateur d&rsquo;acidit\u00e9 : acide citrique, antioxydants : extrait de romarin, EDTA, <span style=\"font-weight: bold;\">safran de Kozani (AOP)<\/span> 0,006%.<\/p>\n<p><span style=\"font-weight: bold;\">Combinaisons &#8211; suggestions d&rsquo;utilisation<\/span><br \/>\nLe safran de Kozani offre ses propri\u00e9t\u00e9s b\u00e9n\u00e9fiques et rehausse le go\u00fbt de cette sauce.<br \/>\n&#8211; La mayonnaise Pitenis au safran de Kozani est id\u00e9ale pour accompagner les poissons, les viandes et les sandwichs.<br \/>\n&#8211; Utilisez-la pour rehausser vos filets de poisson, vos steaks et vos hamburgers, en leur donnant un go\u00fbt riche et d\u00e9licieux.<br \/>\n&#8211; Vous pouvez \u00e9galement l&rsquo;utiliser comme sauce d&rsquo;accompagnement pour les sandwichs et les hamburgers.<br \/>\nAppr\u00e9ciez le go\u00fbt unique de la mayonnaise Pitenis au safran de Kozani et am\u00e9liorez vos plats pr\u00e9f\u00e9r\u00e9s.<\/p>\n","protected":false},"excerpt":{"rendered":"<p>La mayonnaise Pitenis au safran de Kozani offre une alternative parfum\u00e9e et d\u00e9licieuse aux sauces. Le safran de Kozani, connu pour ses propri\u00e9t\u00e9s b\u00e9n\u00e9fiques, donne \u00e0 la mayonnaise un go\u00fbt riche et une valeur nutritionnelle. Cette combinaison de saveurs peut \u00eatre utilis\u00e9e \u00e0 de nombreuses occasions : des sandwichs et des hamburgers \u00e0 l&rsquo;accompagnement de l\u00e9gumes et de pizzas. Savourez la mayonnaise Pitenis au safran de Kozani pour rehausser le go\u00fbt de vos plats et profitez des propri\u00e9t\u00e9s b\u00e9n\u00e9fiques du safran dans votre r\u00e9gime alimentaire.<\/p>\n","protected":false},"featured_media":11995,"comment_status":"closed","ping_status":"closed","template":"","meta":{"_acf_changed":false},"product_cat":[273],"product_tag":[],"class_list":{"0":"post-11994","1":"product","2":"type-product","3":"status-publish","4":"has-post-thumbnail","6":"product_cat-produits-de-qualite-superieure","8":"first","9":"instock","10":"taxable","11":"shipping-taxable","12":"purchasable","13":"product-type-variable"},"acf":[],"yoast_head":"<!-- This site is optimized with the Yoast SEO plugin v27.4 - https:\/\/yoast.com\/product\/yoast-seo-wordpress\/ -->\n<title>Mayonnaise au jaune d&#039;\u0153uf de Kozani - Pitenis Shop | &#039;\u0395\u03c4\u03bf\u03b9\u03bc\u03b5\u03c2 \u03c3\u03b1\u03bb\u03ac\u03c4\u03b5\u03c2<\/title>\n<meta name=\"robots\" content=\"index, follow, max-snippet:-1, max-image-preview:large, max-video-preview:-1\" \/>\n<link rel=\"canonical\" href=\"https:\/\/staging.pitenis.eu\/fr\/produit\/mayonnaise-au-jaune-doeuf-de-kozani\/\" \/>\n<meta property=\"og:locale\" content=\"fr_FR\" \/>\n<meta property=\"og:type\" content=\"article\" \/>\n<meta property=\"og:title\" content=\"Mayonnaise au jaune d&#039;\u0153uf de Kozani - Pitenis Shop | &#039;\u0395\u03c4\u03bf\u03b9\u03bc\u03b5\u03c2 \u03c3\u03b1\u03bb\u03ac\u03c4\u03b5\u03c2\" \/>\n<meta property=\"og:description\" content=\"La mayonnaise Pitenis au safran de Kozani offre une alternative parfum\u00e9e et d\u00e9licieuse aux sauces. Le safran de Kozani, connu pour ses propri\u00e9t\u00e9s b\u00e9n\u00e9fiques, donne \u00e0 la mayonnaise un go\u00fbt riche et une valeur nutritionnelle. Cette combinaison de saveurs peut \u00eatre utilis\u00e9e \u00e0 de nombreuses occasions : des sandwichs et des hamburgers \u00e0 l&#039;accompagnement de l\u00e9gumes et de pizzas. Savourez la mayonnaise Pitenis au safran de Kozani pour rehausser le go\u00fbt de vos plats et profitez des propri\u00e9t\u00e9s b\u00e9n\u00e9fiques du safran dans votre r\u00e9gime alimentaire.\" \/>\n<meta property=\"og:url\" content=\"https:\/\/staging.pitenis.eu\/fr\/produit\/mayonnaise-au-jaune-doeuf-de-kozani\/\" \/>\n<meta property=\"og:site_name\" content=\"Pitenis Shop | &#039;\u0395\u03c4\u03bf\u03b9\u03bc\u03b5\u03c2 \u03c3\u03b1\u03bb\u03ac\u03c4\u03b5\u03c2\" \/>\n<meta property=\"article:modified_time\" content=\"2025-08-14T10:01:54+00:00\" \/>\n<meta property=\"og:image\" content=\"https:\/\/staging.pitenis.eu\/wp-content\/uploads\/2025\/06\/\u039c\u03b1\u03b3\u03b9\u03bf\u03bd\u03ad\u03b6\u03b1-\u03bc\u03b5-\u03ba\u03c1\u03cc\u03ba\u03bf-\u039a\u03bf\u03b6\u03ac\u03bd\u03b7\u03c2-500x500-1.png\" \/>\n\t<meta property=\"og:image:width\" content=\"500\" \/>\n\t<meta property=\"og:image:height\" content=\"500\" \/>\n\t<meta property=\"og:image:type\" content=\"image\/png\" \/>\n<meta name=\"twitter:card\" content=\"summary_large_image\" \/>\n<meta name=\"twitter:label1\" content=\"Dur\u00e9e de lecture estim\u00e9e\" \/>\n\t<meta name=\"twitter:data1\" content=\"1 minute\" \/>\n<script type=\"application\/ld+json\" class=\"yoast-schema-graph\">{\"@context\":\"https:\\\/\\\/schema.org\",\"@graph\":[{\"@type\":\"WebPage\",\"@id\":\"https:\\\/\\\/staging.pitenis.eu\\\/fr\\\/produit\\\/mayonnaise-au-jaune-doeuf-de-kozani\\\/\",\"url\":\"https:\\\/\\\/staging.pitenis.eu\\\/fr\\\/produit\\\/mayonnaise-au-jaune-doeuf-de-kozani\\\/\",\"name\":\"Mayonnaise au jaune d'\u0153uf de Kozani - Pitenis Shop | &#039;\u0395\u03c4\u03bf\u03b9\u03bc\u03b5\u03c2 \u03c3\u03b1\u03bb\u03ac\u03c4\u03b5\u03c2\",\"isPartOf\":{\"@id\":\"https:\\\/\\\/staging.pitenis.eu\\\/fr\\\/#website\"},\"primaryImageOfPage\":{\"@id\":\"https:\\\/\\\/staging.pitenis.eu\\\/fr\\\/produit\\\/mayonnaise-au-jaune-doeuf-de-kozani\\\/#primaryimage\"},\"image\":{\"@id\":\"https:\\\/\\\/staging.pitenis.eu\\\/fr\\\/produit\\\/mayonnaise-au-jaune-doeuf-de-kozani\\\/#primaryimage\"},\"thumbnailUrl\":\"https:\\\/\\\/staging.pitenis.eu\\\/wp-content\\\/uploads\\\/2025\\\/06\\\/\u039c\u03b1\u03b3\u03b9\u03bf\u03bd\u03ad\u03b6\u03b1-\u03bc\u03b5-\u03ba\u03c1\u03cc\u03ba\u03bf-\u039a\u03bf\u03b6\u03ac\u03bd\u03b7\u03c2-500x500-1.png\",\"datePublished\":\"2025-06-03T22:14:58+00:00\",\"dateModified\":\"2025-08-14T10:01:54+00:00\",\"breadcrumb\":{\"@id\":\"https:\\\/\\\/staging.pitenis.eu\\\/fr\\\/produit\\\/mayonnaise-au-jaune-doeuf-de-kozani\\\/#breadcrumb\"},\"inLanguage\":\"fr-FR\",\"potentialAction\":[{\"@type\":\"ReadAction\",\"target\":[\"https:\\\/\\\/staging.pitenis.eu\\\/fr\\\/produit\\\/mayonnaise-au-jaune-doeuf-de-kozani\\\/\"]}]},{\"@type\":\"ImageObject\",\"inLanguage\":\"fr-FR\",\"@id\":\"https:\\\/\\\/staging.pitenis.eu\\\/fr\\\/produit\\\/mayonnaise-au-jaune-doeuf-de-kozani\\\/#primaryimage\",\"url\":\"https:\\\/\\\/staging.pitenis.eu\\\/wp-content\\\/uploads\\\/2025\\\/06\\\/\u039c\u03b1\u03b3\u03b9\u03bf\u03bd\u03ad\u03b6\u03b1-\u03bc\u03b5-\u03ba\u03c1\u03cc\u03ba\u03bf-\u039a\u03bf\u03b6\u03ac\u03bd\u03b7\u03c2-500x500-1.png\",\"contentUrl\":\"https:\\\/\\\/staging.pitenis.eu\\\/wp-content\\\/uploads\\\/2025\\\/06\\\/\u039c\u03b1\u03b3\u03b9\u03bf\u03bd\u03ad\u03b6\u03b1-\u03bc\u03b5-\u03ba\u03c1\u03cc\u03ba\u03bf-\u039a\u03bf\u03b6\u03ac\u03bd\u03b7\u03c2-500x500-1.png\",\"width\":500,\"height\":500,\"caption\":\"Mayonnaise au safran de Kozani-500&#215;500\"},{\"@type\":\"BreadcrumbList\",\"@id\":\"https:\\\/\\\/staging.pitenis.eu\\\/fr\\\/produit\\\/mayonnaise-au-jaune-doeuf-de-kozani\\\/#breadcrumb\",\"itemListElement\":[{\"@type\":\"ListItem\",\"position\":1,\"name\":\"Home\",\"item\":\"https:\\\/\\\/staging.pitenis.eu\\\/fr\\\/\"},{\"@type\":\"ListItem\",\"position\":2,\"name\":\"Boutique\",\"item\":\"https:\\\/\\\/staging.pitenis.eu\\\/%ce%ba%ce%b1%cf%84%ce%ac%cf%83%cf%84%ce%b7%ce%bc%ce%b1\\\/\"},{\"@type\":\"ListItem\",\"position\":3,\"name\":\"Mayonnaise au jaune d&#8217;\u0153uf de Kozani\"}]},{\"@type\":\"WebSite\",\"@id\":\"https:\\\/\\\/staging.pitenis.eu\\\/fr\\\/#website\",\"url\":\"https:\\\/\\\/staging.pitenis.eu\\\/fr\\\/\",\"name\":\"Pitenis Shop | &#039;\u0395\u03c4\u03bf\u03b9\u03bc\u03b5\u03c2 \u03c3\u03b1\u03bb\u03ac\u03c4\u03b5\u03c2\",\"description\":\"\u03b1\u03bb\u03bf\u03b9\u03c6\u03ad\u03c2, \u03c8\u03b1\u03c1\u03b9\u03ba\u03ac, \u03c4\u03bf\u03c5\u03c1\u03c3\u03ac\u03ba\u03b9\u03b1\",\"publisher\":{\"@id\":\"https:\\\/\\\/staging.pitenis.eu\\\/fr\\\/#organization\"},\"potentialAction\":[{\"@type\":\"SearchAction\",\"target\":{\"@type\":\"EntryPoint\",\"urlTemplate\":\"https:\\\/\\\/staging.pitenis.eu\\\/fr\\\/?s={search_term_string}\"},\"query-input\":{\"@type\":\"PropertyValueSpecification\",\"valueRequired\":true,\"valueName\":\"search_term_string\"}}],\"inLanguage\":\"fr-FR\"},{\"@type\":\"Organization\",\"@id\":\"https:\\\/\\\/staging.pitenis.eu\\\/fr\\\/#organization\",\"name\":\"Pitenis Shop | &#039;\u0395\u03c4\u03bf\u03b9\u03bc\u03b5\u03c2 \u03c3\u03b1\u03bb\u03ac\u03c4\u03b5\u03c2\",\"url\":\"https:\\\/\\\/staging.pitenis.eu\\\/fr\\\/\",\"logo\":{\"@type\":\"ImageObject\",\"inLanguage\":\"fr-FR\",\"@id\":\"https:\\\/\\\/staging.pitenis.eu\\\/fr\\\/#\\\/schema\\\/logo\\\/image\\\/\",\"url\":\"https:\\\/\\\/staging.pitenis.eu\\\/wp-content\\\/uploads\\\/2025\\\/04\\\/cropped-pitenis_logo.png\",\"contentUrl\":\"https:\\\/\\\/staging.pitenis.eu\\\/wp-content\\\/uploads\\\/2025\\\/04\\\/cropped-pitenis_logo.png\",\"width\":172,\"height\":74,\"caption\":\"Pitenis Shop | &#039;\u0395\u03c4\u03bf\u03b9\u03bc\u03b5\u03c2 \u03c3\u03b1\u03bb\u03ac\u03c4\u03b5\u03c2\"},\"image\":{\"@id\":\"https:\\\/\\\/staging.pitenis.eu\\\/fr\\\/#\\\/schema\\\/logo\\\/image\\\/\"}}]}<\/script>\n<!-- \/ Yoast SEO plugin. -->","yoast_head_json":{"title":"Mayonnaise au jaune d'\u0153uf de Kozani - Pitenis Shop | &#039;\u0395\u03c4\u03bf\u03b9\u03bc\u03b5\u03c2 \u03c3\u03b1\u03bb\u03ac\u03c4\u03b5\u03c2","robots":{"index":"index","follow":"follow","max-snippet":"max-snippet:-1","max-image-preview":"max-image-preview:large","max-video-preview":"max-video-preview:-1"},"canonical":"https:\/\/staging.pitenis.eu\/fr\/produit\/mayonnaise-au-jaune-doeuf-de-kozani\/","og_locale":"fr_FR","og_type":"article","og_title":"Mayonnaise au jaune d'\u0153uf de Kozani - Pitenis Shop | &#039;\u0395\u03c4\u03bf\u03b9\u03bc\u03b5\u03c2 \u03c3\u03b1\u03bb\u03ac\u03c4\u03b5\u03c2","og_description":"La mayonnaise Pitenis au safran de Kozani offre une alternative parfum\u00e9e et d\u00e9licieuse aux sauces. Le safran de Kozani, connu pour ses propri\u00e9t\u00e9s b\u00e9n\u00e9fiques, donne \u00e0 la mayonnaise un go\u00fbt riche et une valeur nutritionnelle. Cette combinaison de saveurs peut \u00eatre utilis\u00e9e \u00e0 de nombreuses occasions : des sandwichs et des hamburgers \u00e0 l'accompagnement de l\u00e9gumes et de pizzas. Savourez la mayonnaise Pitenis au safran de Kozani pour rehausser le go\u00fbt de vos plats et profitez des propri\u00e9t\u00e9s b\u00e9n\u00e9fiques du safran dans votre r\u00e9gime alimentaire.","og_url":"https:\/\/staging.pitenis.eu\/fr\/produit\/mayonnaise-au-jaune-doeuf-de-kozani\/","og_site_name":"Pitenis Shop | &#039;\u0395\u03c4\u03bf\u03b9\u03bc\u03b5\u03c2 \u03c3\u03b1\u03bb\u03ac\u03c4\u03b5\u03c2","article_modified_time":"2025-08-14T10:01:54+00:00","og_image":[{"width":500,"height":500,"url":"https:\/\/staging.pitenis.eu\/wp-content\/uploads\/2025\/06\/\u039c\u03b1\u03b3\u03b9\u03bf\u03bd\u03ad\u03b6\u03b1-\u03bc\u03b5-\u03ba\u03c1\u03cc\u03ba\u03bf-\u039a\u03bf\u03b6\u03ac\u03bd\u03b7\u03c2-500x500-1.png","type":"image\/png"}],"twitter_card":"summary_large_image","twitter_misc":{"Dur\u00e9e de lecture estim\u00e9e":"1 minute"},"schema":{"@context":"https:\/\/schema.org","@graph":[{"@type":"WebPage","@id":"https:\/\/staging.pitenis.eu\/fr\/produit\/mayonnaise-au-jaune-doeuf-de-kozani\/","url":"https:\/\/staging.pitenis.eu\/fr\/produit\/mayonnaise-au-jaune-doeuf-de-kozani\/","name":"Mayonnaise au jaune d'\u0153uf de Kozani - Pitenis Shop | &#039;\u0395\u03c4\u03bf\u03b9\u03bc\u03b5\u03c2 \u03c3\u03b1\u03bb\u03ac\u03c4\u03b5\u03c2","isPartOf":{"@id":"https:\/\/staging.pitenis.eu\/fr\/#website"},"primaryImageOfPage":{"@id":"https:\/\/staging.pitenis.eu\/fr\/produit\/mayonnaise-au-jaune-doeuf-de-kozani\/#primaryimage"},"image":{"@id":"https:\/\/staging.pitenis.eu\/fr\/produit\/mayonnaise-au-jaune-doeuf-de-kozani\/#primaryimage"},"thumbnailUrl":"https:\/\/staging.pitenis.eu\/wp-content\/uploads\/2025\/06\/\u039c\u03b1\u03b3\u03b9\u03bf\u03bd\u03ad\u03b6\u03b1-\u03bc\u03b5-\u03ba\u03c1\u03cc\u03ba\u03bf-\u039a\u03bf\u03b6\u03ac\u03bd\u03b7\u03c2-500x500-1.png","datePublished":"2025-06-03T22:14:58+00:00","dateModified":"2025-08-14T10:01:54+00:00","breadcrumb":{"@id":"https:\/\/staging.pitenis.eu\/fr\/produit\/mayonnaise-au-jaune-doeuf-de-kozani\/#breadcrumb"},"inLanguage":"fr-FR","potentialAction":[{"@type":"ReadAction","target":["https:\/\/staging.pitenis.eu\/fr\/produit\/mayonnaise-au-jaune-doeuf-de-kozani\/"]}]},{"@type":"ImageObject","inLanguage":"fr-FR","@id":"https:\/\/staging.pitenis.eu\/fr\/produit\/mayonnaise-au-jaune-doeuf-de-kozani\/#primaryimage","url":"https:\/\/staging.pitenis.eu\/wp-content\/uploads\/2025\/06\/\u039c\u03b1\u03b3\u03b9\u03bf\u03bd\u03ad\u03b6\u03b1-\u03bc\u03b5-\u03ba\u03c1\u03cc\u03ba\u03bf-\u039a\u03bf\u03b6\u03ac\u03bd\u03b7\u03c2-500x500-1.png","contentUrl":"https:\/\/staging.pitenis.eu\/wp-content\/uploads\/2025\/06\/\u039c\u03b1\u03b3\u03b9\u03bf\u03bd\u03ad\u03b6\u03b1-\u03bc\u03b5-\u03ba\u03c1\u03cc\u03ba\u03bf-\u039a\u03bf\u03b6\u03ac\u03bd\u03b7\u03c2-500x500-1.png","width":500,"height":500,"caption":"Mayonnaise au safran de Kozani-500&#215;500"},{"@type":"BreadcrumbList","@id":"https:\/\/staging.pitenis.eu\/fr\/produit\/mayonnaise-au-jaune-doeuf-de-kozani\/#breadcrumb","itemListElement":[{"@type":"ListItem","position":1,"name":"Home","item":"https:\/\/staging.pitenis.eu\/fr\/"},{"@type":"ListItem","position":2,"name":"Boutique","item":"https:\/\/staging.pitenis.eu\/%ce%ba%ce%b1%cf%84%ce%ac%cf%83%cf%84%ce%b7%ce%bc%ce%b1\/"},{"@type":"ListItem","position":3,"name":"Mayonnaise au jaune d&#8217;\u0153uf de Kozani"}]},{"@type":"WebSite","@id":"https:\/\/staging.pitenis.eu\/fr\/#website","url":"https:\/\/staging.pitenis.eu\/fr\/","name":"Pitenis Shop | &#039;\u0395\u03c4\u03bf\u03b9\u03bc\u03b5\u03c2 \u03c3\u03b1\u03bb\u03ac\u03c4\u03b5\u03c2","description":"\u03b1\u03bb\u03bf\u03b9\u03c6\u03ad\u03c2, \u03c8\u03b1\u03c1\u03b9\u03ba\u03ac, \u03c4\u03bf\u03c5\u03c1\u03c3\u03ac\u03ba\u03b9\u03b1","publisher":{"@id":"https:\/\/staging.pitenis.eu\/fr\/#organization"},"potentialAction":[{"@type":"SearchAction","target":{"@type":"EntryPoint","urlTemplate":"https:\/\/staging.pitenis.eu\/fr\/?s={search_term_string}"},"query-input":{"@type":"PropertyValueSpecification","valueRequired":true,"valueName":"search_term_string"}}],"inLanguage":"fr-FR"},{"@type":"Organization","@id":"https:\/\/staging.pitenis.eu\/fr\/#organization","name":"Pitenis Shop | &#039;\u0395\u03c4\u03bf\u03b9\u03bc\u03b5\u03c2 \u03c3\u03b1\u03bb\u03ac\u03c4\u03b5\u03c2","url":"https:\/\/staging.pitenis.eu\/fr\/","logo":{"@type":"ImageObject","inLanguage":"fr-FR","@id":"https:\/\/staging.pitenis.eu\/fr\/#\/schema\/logo\/image\/","url":"https:\/\/staging.pitenis.eu\/wp-content\/uploads\/2025\/04\/cropped-pitenis_logo.png","contentUrl":"https:\/\/staging.pitenis.eu\/wp-content\/uploads\/2025\/04\/cropped-pitenis_logo.png","width":172,"height":74,"caption":"Pitenis Shop | &#039;\u0395\u03c4\u03bf\u03b9\u03bc\u03b5\u03c2 \u03c3\u03b1\u03bb\u03ac\u03c4\u03b5\u03c2"},"image":{"@id":"https:\/\/staging.pitenis.eu\/fr\/#\/schema\/logo\/image\/"}}]}},"_links":{"self":[{"href":"https:\/\/staging.pitenis.eu\/fr\/wp-json\/wp\/v2\/product\/11994","targetHints":{"allow":["GET"]}}],"collection":[{"href":"https:\/\/staging.pitenis.eu\/fr\/wp-json\/wp\/v2\/product"}],"about":[{"href":"https:\/\/staging.pitenis.eu\/fr\/wp-json\/wp\/v2\/types\/product"}],"replies":[{"embeddable":true,"href":"https:\/\/staging.pitenis.eu\/fr\/wp-json\/wp\/v2\/comments?post=11994"}],"wp:featuredmedia":[{"embeddable":true,"href":"https:\/\/staging.pitenis.eu\/fr\/wp-json\/wp\/v2\/media\/11995"}],"wp:attachment":[{"href":"https:\/\/staging.pitenis.eu\/fr\/wp-json\/wp\/v2\/media?parent=11994"}],"wp:term":[{"taxonomy":"product_cat","embeddable":true,"href":"https:\/\/staging.pitenis.eu\/fr\/wp-json\/wp\/v2\/product_cat?post=11994"},{"taxonomy":"product_tag","embeddable":true,"href":"https:\/\/staging.pitenis.eu\/fr\/wp-json\/wp\/v2\/product_tag?post=11994"}],"curies":[{"name":"wp","href":"https:\/\/api.w.org\/{rel}","templated":true}]}}