{"id":11991,"date":"2025-06-03T22:14:58","date_gmt":"2025-06-03T22:14:58","guid":{"rendered":"https:\/\/e-shop.advonpitenis.eu\/product\/moutarde-au-safran-de-kozani\/"},"modified":"2025-08-14T10:01:53","modified_gmt":"2025-08-14T10:01:53","slug":"moutarde-au-safran-de-kozani","status":"publish","type":"product","link":"https:\/\/staging.pitenis.eu\/fr\/produit\/moutarde-au-safran-de-kozani\/","title":{"rendered":"Moutarde au safran de Kozani"},"content":{"rendered":"<p><span style=\"font-weight: bold;\">Ingr\u00e9dients<\/span><br \/>\n<span style=\"font-weight: bold;\">Ingr\u00e9dients :<\/span> eau, vinaigre,<span style=\"font-weight: bold;\"> moutarde <\/span>9,4%, amidon naturel de ma\u00efs, sel, glucose, HUILE PARATHETIQUE EXTRAORDINAIRE 2%, <span style=\"font-weight: bold;\">vinaigre balsamique <\/span>(vinaigre, mo\u00fbt concentr\u00e9, conservateur : <span style=\"font-weight: bold;\">m\u00e9tabisulfite de potassium<\/span>), anthomyl, colorant naturel : carot\u00e8ne, conservateur : E211, ar\u00f4me de moutarde, <span style=\"font-weight: bold;\">Krokos Kozani (AOP <\/span>) 0,007%.<\/p>\n<p><span style=\"font-weight: bold;\">Combinaisons &#8211; suggestions d&rsquo;utilisation<\/span><br \/>\n&#8211; La moutarde au safran est une sauce id\u00e9ale pour les viandes. Le safran de Kozani, aux propri\u00e9t\u00e9s b\u00e9n\u00e9fiques, conf\u00e8re \u00e0 la moutarde Pitenis sa complexit\u00e9 gustative et sa valeur nutritionnelle.<br \/>\n&#8211; Elle permet d&rsquo;aromatiser et de relever les viandes grill\u00e9es telles que les steaks, les hamburgers, le poulet ou encore l&rsquo;agneau.<br \/>\nLa moutarde au safran apportera une exp\u00e9rience gustative unique et am\u00e9liorera le plaisir de vos plats de viande.<\/p>\n","protected":false},"excerpt":{"rendered":"<p>La moutarde Pitenis \u00e0 l&rsquo;huile d&rsquo;olive extra vierge additionn\u00e9e d&rsquo;extrait de safran de Kozani allie le plaisir du go\u00fbt aux propri\u00e9t\u00e9s b\u00e9n\u00e9fiques du safran. Le safran de Kozani, connu pour sa teneur \u00e9lev\u00e9e en antioxydants et en ingr\u00e9dients anti-inflammatoires, offre une protection de la sant\u00e9. Cette moutarde additionn\u00e9e de safran de Kozani est id\u00e9ale pour rehausser vos plats. Utilisez-la dans les sandwichs, les hamburgers, les salades et les r\u00f4tis, et profitez de sa saveur unique et de ses bienfaits pour la sant\u00e9.<\/p>\n","protected":false},"featured_media":11992,"comment_status":"closed","ping_status":"closed","template":"","meta":{"_acf_changed":false},"product_cat":[340,273],"product_tag":[],"class_list":{"0":"post-11991","1":"product","2":"type-product","3":"status-publish","4":"has-post-thumbnail","6":"product_cat-lenten-dishes-fr","7":"product_cat-produits-de-qualite-superieure","9":"first","10":"instock","11":"taxable","12":"shipping-taxable","13":"purchasable","14":"product-type-variable"},"acf":[],"yoast_head":"<!-- This site is optimized with the Yoast SEO plugin v27.4 - https:\/\/yoast.com\/product\/yoast-seo-wordpress\/ -->\n<title>Moutarde au safran de Kozani - Pitenis Shop | &#039;\u0395\u03c4\u03bf\u03b9\u03bc\u03b5\u03c2 \u03c3\u03b1\u03bb\u03ac\u03c4\u03b5\u03c2<\/title>\n<meta name=\"robots\" content=\"index, follow, max-snippet:-1, max-image-preview:large, max-video-preview:-1\" \/>\n<link rel=\"canonical\" href=\"https:\/\/staging.pitenis.eu\/fr\/produit\/moutarde-au-safran-de-kozani\/\" \/>\n<meta property=\"og:locale\" content=\"fr_FR\" \/>\n<meta property=\"og:type\" content=\"article\" \/>\n<meta property=\"og:title\" content=\"Moutarde au safran de Kozani - Pitenis Shop | &#039;\u0395\u03c4\u03bf\u03b9\u03bc\u03b5\u03c2 \u03c3\u03b1\u03bb\u03ac\u03c4\u03b5\u03c2\" \/>\n<meta property=\"og:description\" content=\"La moutarde Pitenis \u00e0 l&#039;huile d&#039;olive extra vierge additionn\u00e9e d&#039;extrait de safran de Kozani allie le plaisir du go\u00fbt aux propri\u00e9t\u00e9s b\u00e9n\u00e9fiques du safran. Le safran de Kozani, connu pour sa teneur \u00e9lev\u00e9e en antioxydants et en ingr\u00e9dients anti-inflammatoires, offre une protection de la sant\u00e9. Cette moutarde additionn\u00e9e de safran de Kozani est id\u00e9ale pour rehausser vos plats. Utilisez-la dans les sandwichs, les hamburgers, les salades et les r\u00f4tis, et profitez de sa saveur unique et de ses bienfaits pour la sant\u00e9.\" \/>\n<meta property=\"og:url\" content=\"https:\/\/staging.pitenis.eu\/fr\/produit\/moutarde-au-safran-de-kozani\/\" \/>\n<meta property=\"og:site_name\" content=\"Pitenis Shop | &#039;\u0395\u03c4\u03bf\u03b9\u03bc\u03b5\u03c2 \u03c3\u03b1\u03bb\u03ac\u03c4\u03b5\u03c2\" \/>\n<meta property=\"article:modified_time\" content=\"2025-08-14T10:01:53+00:00\" \/>\n<meta property=\"og:image\" content=\"https:\/\/staging.pitenis.eu\/wp-content\/uploads\/2025\/06\/\u039c\u03bf\u03c5\u03c3\u03c4\u03ac\u03c1\u03b4\u03b1-\u03bc\u03b5-\u03ba\u03c1\u03cc\u03ba\u03bf-\u039a\u03bf\u03b6\u03ac\u03bd\u03b7\u03c2-500x500-1.png\" \/>\n\t<meta property=\"og:image:width\" content=\"500\" \/>\n\t<meta property=\"og:image:height\" content=\"500\" \/>\n\t<meta property=\"og:image:type\" content=\"image\/png\" \/>\n<meta name=\"twitter:card\" content=\"summary_large_image\" \/>\n<meta name=\"twitter:label1\" content=\"Dur\u00e9e de lecture estim\u00e9e\" \/>\n\t<meta name=\"twitter:data1\" content=\"1 minute\" \/>\n<script type=\"application\/ld+json\" class=\"yoast-schema-graph\">{\"@context\":\"https:\\\/\\\/schema.org\",\"@graph\":[{\"@type\":\"WebPage\",\"@id\":\"https:\\\/\\\/staging.pitenis.eu\\\/fr\\\/produit\\\/moutarde-au-safran-de-kozani\\\/\",\"url\":\"https:\\\/\\\/staging.pitenis.eu\\\/fr\\\/produit\\\/moutarde-au-safran-de-kozani\\\/\",\"name\":\"Moutarde au safran de Kozani - Pitenis Shop | &#039;\u0395\u03c4\u03bf\u03b9\u03bc\u03b5\u03c2 \u03c3\u03b1\u03bb\u03ac\u03c4\u03b5\u03c2\",\"isPartOf\":{\"@id\":\"https:\\\/\\\/staging.pitenis.eu\\\/fr\\\/#website\"},\"primaryImageOfPage\":{\"@id\":\"https:\\\/\\\/staging.pitenis.eu\\\/fr\\\/produit\\\/moutarde-au-safran-de-kozani\\\/#primaryimage\"},\"image\":{\"@id\":\"https:\\\/\\\/staging.pitenis.eu\\\/fr\\\/produit\\\/moutarde-au-safran-de-kozani\\\/#primaryimage\"},\"thumbnailUrl\":\"https:\\\/\\\/staging.pitenis.eu\\\/wp-content\\\/uploads\\\/2025\\\/06\\\/\u039c\u03bf\u03c5\u03c3\u03c4\u03ac\u03c1\u03b4\u03b1-\u03bc\u03b5-\u03ba\u03c1\u03cc\u03ba\u03bf-\u039a\u03bf\u03b6\u03ac\u03bd\u03b7\u03c2-500x500-1.png\",\"datePublished\":\"2025-06-03T22:14:58+00:00\",\"dateModified\":\"2025-08-14T10:01:53+00:00\",\"breadcrumb\":{\"@id\":\"https:\\\/\\\/staging.pitenis.eu\\\/fr\\\/produit\\\/moutarde-au-safran-de-kozani\\\/#breadcrumb\"},\"inLanguage\":\"fr-FR\",\"potentialAction\":[{\"@type\":\"ReadAction\",\"target\":[\"https:\\\/\\\/staging.pitenis.eu\\\/fr\\\/produit\\\/moutarde-au-safran-de-kozani\\\/\"]}]},{\"@type\":\"ImageObject\",\"inLanguage\":\"fr-FR\",\"@id\":\"https:\\\/\\\/staging.pitenis.eu\\\/fr\\\/produit\\\/moutarde-au-safran-de-kozani\\\/#primaryimage\",\"url\":\"https:\\\/\\\/staging.pitenis.eu\\\/wp-content\\\/uploads\\\/2025\\\/06\\\/\u039c\u03bf\u03c5\u03c3\u03c4\u03ac\u03c1\u03b4\u03b1-\u03bc\u03b5-\u03ba\u03c1\u03cc\u03ba\u03bf-\u039a\u03bf\u03b6\u03ac\u03bd\u03b7\u03c2-500x500-1.png\",\"contentUrl\":\"https:\\\/\\\/staging.pitenis.eu\\\/wp-content\\\/uploads\\\/2025\\\/06\\\/\u039c\u03bf\u03c5\u03c3\u03c4\u03ac\u03c1\u03b4\u03b1-\u03bc\u03b5-\u03ba\u03c1\u03cc\u03ba\u03bf-\u039a\u03bf\u03b6\u03ac\u03bd\u03b7\u03c2-500x500-1.png\",\"width\":500,\"height\":500,\"caption\":\"Moutarde au safran de Kozani-500&#215;500\"},{\"@type\":\"BreadcrumbList\",\"@id\":\"https:\\\/\\\/staging.pitenis.eu\\\/fr\\\/produit\\\/moutarde-au-safran-de-kozani\\\/#breadcrumb\",\"itemListElement\":[{\"@type\":\"ListItem\",\"position\":1,\"name\":\"Home\",\"item\":\"https:\\\/\\\/staging.pitenis.eu\\\/fr\\\/\"},{\"@type\":\"ListItem\",\"position\":2,\"name\":\"Boutique\",\"item\":\"https:\\\/\\\/staging.pitenis.eu\\\/%ce%ba%ce%b1%cf%84%ce%ac%cf%83%cf%84%ce%b7%ce%bc%ce%b1\\\/\"},{\"@type\":\"ListItem\",\"position\":3,\"name\":\"Moutarde au safran de Kozani\"}]},{\"@type\":\"WebSite\",\"@id\":\"https:\\\/\\\/staging.pitenis.eu\\\/fr\\\/#website\",\"url\":\"https:\\\/\\\/staging.pitenis.eu\\\/fr\\\/\",\"name\":\"Pitenis Shop | &#039;\u0395\u03c4\u03bf\u03b9\u03bc\u03b5\u03c2 \u03c3\u03b1\u03bb\u03ac\u03c4\u03b5\u03c2\",\"description\":\"\u03b1\u03bb\u03bf\u03b9\u03c6\u03ad\u03c2, \u03c8\u03b1\u03c1\u03b9\u03ba\u03ac, \u03c4\u03bf\u03c5\u03c1\u03c3\u03ac\u03ba\u03b9\u03b1\",\"publisher\":{\"@id\":\"https:\\\/\\\/staging.pitenis.eu\\\/fr\\\/#organization\"},\"potentialAction\":[{\"@type\":\"SearchAction\",\"target\":{\"@type\":\"EntryPoint\",\"urlTemplate\":\"https:\\\/\\\/staging.pitenis.eu\\\/fr\\\/?s={search_term_string}\"},\"query-input\":{\"@type\":\"PropertyValueSpecification\",\"valueRequired\":true,\"valueName\":\"search_term_string\"}}],\"inLanguage\":\"fr-FR\"},{\"@type\":\"Organization\",\"@id\":\"https:\\\/\\\/staging.pitenis.eu\\\/fr\\\/#organization\",\"name\":\"Pitenis Shop | &#039;\u0395\u03c4\u03bf\u03b9\u03bc\u03b5\u03c2 \u03c3\u03b1\u03bb\u03ac\u03c4\u03b5\u03c2\",\"url\":\"https:\\\/\\\/staging.pitenis.eu\\\/fr\\\/\",\"logo\":{\"@type\":\"ImageObject\",\"inLanguage\":\"fr-FR\",\"@id\":\"https:\\\/\\\/staging.pitenis.eu\\\/fr\\\/#\\\/schema\\\/logo\\\/image\\\/\",\"url\":\"https:\\\/\\\/staging.pitenis.eu\\\/wp-content\\\/uploads\\\/2025\\\/04\\\/cropped-pitenis_logo.png\",\"contentUrl\":\"https:\\\/\\\/staging.pitenis.eu\\\/wp-content\\\/uploads\\\/2025\\\/04\\\/cropped-pitenis_logo.png\",\"width\":172,\"height\":74,\"caption\":\"Pitenis Shop | &#039;\u0395\u03c4\u03bf\u03b9\u03bc\u03b5\u03c2 \u03c3\u03b1\u03bb\u03ac\u03c4\u03b5\u03c2\"},\"image\":{\"@id\":\"https:\\\/\\\/staging.pitenis.eu\\\/fr\\\/#\\\/schema\\\/logo\\\/image\\\/\"}}]}<\/script>\n<!-- \/ Yoast SEO plugin. -->","yoast_head_json":{"title":"Moutarde au safran de Kozani - Pitenis Shop | &#039;\u0395\u03c4\u03bf\u03b9\u03bc\u03b5\u03c2 \u03c3\u03b1\u03bb\u03ac\u03c4\u03b5\u03c2","robots":{"index":"index","follow":"follow","max-snippet":"max-snippet:-1","max-image-preview":"max-image-preview:large","max-video-preview":"max-video-preview:-1"},"canonical":"https:\/\/staging.pitenis.eu\/fr\/produit\/moutarde-au-safran-de-kozani\/","og_locale":"fr_FR","og_type":"article","og_title":"Moutarde au safran de Kozani - Pitenis Shop | &#039;\u0395\u03c4\u03bf\u03b9\u03bc\u03b5\u03c2 \u03c3\u03b1\u03bb\u03ac\u03c4\u03b5\u03c2","og_description":"La moutarde Pitenis \u00e0 l'huile d'olive extra vierge additionn\u00e9e d'extrait de safran de Kozani allie le plaisir du go\u00fbt aux propri\u00e9t\u00e9s b\u00e9n\u00e9fiques du safran. Le safran de Kozani, connu pour sa teneur \u00e9lev\u00e9e en antioxydants et en ingr\u00e9dients anti-inflammatoires, offre une protection de la sant\u00e9. Cette moutarde additionn\u00e9e de safran de Kozani est id\u00e9ale pour rehausser vos plats. Utilisez-la dans les sandwichs, les hamburgers, les salades et les r\u00f4tis, et profitez de sa saveur unique et de ses bienfaits pour la sant\u00e9.","og_url":"https:\/\/staging.pitenis.eu\/fr\/produit\/moutarde-au-safran-de-kozani\/","og_site_name":"Pitenis Shop | &#039;\u0395\u03c4\u03bf\u03b9\u03bc\u03b5\u03c2 \u03c3\u03b1\u03bb\u03ac\u03c4\u03b5\u03c2","article_modified_time":"2025-08-14T10:01:53+00:00","og_image":[{"width":500,"height":500,"url":"https:\/\/staging.pitenis.eu\/wp-content\/uploads\/2025\/06\/\u039c\u03bf\u03c5\u03c3\u03c4\u03ac\u03c1\u03b4\u03b1-\u03bc\u03b5-\u03ba\u03c1\u03cc\u03ba\u03bf-\u039a\u03bf\u03b6\u03ac\u03bd\u03b7\u03c2-500x500-1.png","type":"image\/png"}],"twitter_card":"summary_large_image","twitter_misc":{"Dur\u00e9e de lecture estim\u00e9e":"1 minute"},"schema":{"@context":"https:\/\/schema.org","@graph":[{"@type":"WebPage","@id":"https:\/\/staging.pitenis.eu\/fr\/produit\/moutarde-au-safran-de-kozani\/","url":"https:\/\/staging.pitenis.eu\/fr\/produit\/moutarde-au-safran-de-kozani\/","name":"Moutarde au safran de Kozani - Pitenis Shop | &#039;\u0395\u03c4\u03bf\u03b9\u03bc\u03b5\u03c2 \u03c3\u03b1\u03bb\u03ac\u03c4\u03b5\u03c2","isPartOf":{"@id":"https:\/\/staging.pitenis.eu\/fr\/#website"},"primaryImageOfPage":{"@id":"https:\/\/staging.pitenis.eu\/fr\/produit\/moutarde-au-safran-de-kozani\/#primaryimage"},"image":{"@id":"https:\/\/staging.pitenis.eu\/fr\/produit\/moutarde-au-safran-de-kozani\/#primaryimage"},"thumbnailUrl":"https:\/\/staging.pitenis.eu\/wp-content\/uploads\/2025\/06\/\u039c\u03bf\u03c5\u03c3\u03c4\u03ac\u03c1\u03b4\u03b1-\u03bc\u03b5-\u03ba\u03c1\u03cc\u03ba\u03bf-\u039a\u03bf\u03b6\u03ac\u03bd\u03b7\u03c2-500x500-1.png","datePublished":"2025-06-03T22:14:58+00:00","dateModified":"2025-08-14T10:01:53+00:00","breadcrumb":{"@id":"https:\/\/staging.pitenis.eu\/fr\/produit\/moutarde-au-safran-de-kozani\/#breadcrumb"},"inLanguage":"fr-FR","potentialAction":[{"@type":"ReadAction","target":["https:\/\/staging.pitenis.eu\/fr\/produit\/moutarde-au-safran-de-kozani\/"]}]},{"@type":"ImageObject","inLanguage":"fr-FR","@id":"https:\/\/staging.pitenis.eu\/fr\/produit\/moutarde-au-safran-de-kozani\/#primaryimage","url":"https:\/\/staging.pitenis.eu\/wp-content\/uploads\/2025\/06\/\u039c\u03bf\u03c5\u03c3\u03c4\u03ac\u03c1\u03b4\u03b1-\u03bc\u03b5-\u03ba\u03c1\u03cc\u03ba\u03bf-\u039a\u03bf\u03b6\u03ac\u03bd\u03b7\u03c2-500x500-1.png","contentUrl":"https:\/\/staging.pitenis.eu\/wp-content\/uploads\/2025\/06\/\u039c\u03bf\u03c5\u03c3\u03c4\u03ac\u03c1\u03b4\u03b1-\u03bc\u03b5-\u03ba\u03c1\u03cc\u03ba\u03bf-\u039a\u03bf\u03b6\u03ac\u03bd\u03b7\u03c2-500x500-1.png","width":500,"height":500,"caption":"Moutarde au safran de Kozani-500&#215;500"},{"@type":"BreadcrumbList","@id":"https:\/\/staging.pitenis.eu\/fr\/produit\/moutarde-au-safran-de-kozani\/#breadcrumb","itemListElement":[{"@type":"ListItem","position":1,"name":"Home","item":"https:\/\/staging.pitenis.eu\/fr\/"},{"@type":"ListItem","position":2,"name":"Boutique","item":"https:\/\/staging.pitenis.eu\/%ce%ba%ce%b1%cf%84%ce%ac%cf%83%cf%84%ce%b7%ce%bc%ce%b1\/"},{"@type":"ListItem","position":3,"name":"Moutarde au safran de Kozani"}]},{"@type":"WebSite","@id":"https:\/\/staging.pitenis.eu\/fr\/#website","url":"https:\/\/staging.pitenis.eu\/fr\/","name":"Pitenis Shop | &#039;\u0395\u03c4\u03bf\u03b9\u03bc\u03b5\u03c2 \u03c3\u03b1\u03bb\u03ac\u03c4\u03b5\u03c2","description":"\u03b1\u03bb\u03bf\u03b9\u03c6\u03ad\u03c2, \u03c8\u03b1\u03c1\u03b9\u03ba\u03ac, \u03c4\u03bf\u03c5\u03c1\u03c3\u03ac\u03ba\u03b9\u03b1","publisher":{"@id":"https:\/\/staging.pitenis.eu\/fr\/#organization"},"potentialAction":[{"@type":"SearchAction","target":{"@type":"EntryPoint","urlTemplate":"https:\/\/staging.pitenis.eu\/fr\/?s={search_term_string}"},"query-input":{"@type":"PropertyValueSpecification","valueRequired":true,"valueName":"search_term_string"}}],"inLanguage":"fr-FR"},{"@type":"Organization","@id":"https:\/\/staging.pitenis.eu\/fr\/#organization","name":"Pitenis Shop | &#039;\u0395\u03c4\u03bf\u03b9\u03bc\u03b5\u03c2 \u03c3\u03b1\u03bb\u03ac\u03c4\u03b5\u03c2","url":"https:\/\/staging.pitenis.eu\/fr\/","logo":{"@type":"ImageObject","inLanguage":"fr-FR","@id":"https:\/\/staging.pitenis.eu\/fr\/#\/schema\/logo\/image\/","url":"https:\/\/staging.pitenis.eu\/wp-content\/uploads\/2025\/04\/cropped-pitenis_logo.png","contentUrl":"https:\/\/staging.pitenis.eu\/wp-content\/uploads\/2025\/04\/cropped-pitenis_logo.png","width":172,"height":74,"caption":"Pitenis Shop | &#039;\u0395\u03c4\u03bf\u03b9\u03bc\u03b5\u03c2 \u03c3\u03b1\u03bb\u03ac\u03c4\u03b5\u03c2"},"image":{"@id":"https:\/\/staging.pitenis.eu\/fr\/#\/schema\/logo\/image\/"}}]}},"_links":{"self":[{"href":"https:\/\/staging.pitenis.eu\/fr\/wp-json\/wp\/v2\/product\/11991","targetHints":{"allow":["GET"]}}],"collection":[{"href":"https:\/\/staging.pitenis.eu\/fr\/wp-json\/wp\/v2\/product"}],"about":[{"href":"https:\/\/staging.pitenis.eu\/fr\/wp-json\/wp\/v2\/types\/product"}],"replies":[{"embeddable":true,"href":"https:\/\/staging.pitenis.eu\/fr\/wp-json\/wp\/v2\/comments?post=11991"}],"wp:featuredmedia":[{"embeddable":true,"href":"https:\/\/staging.pitenis.eu\/fr\/wp-json\/wp\/v2\/media\/11992"}],"wp:attachment":[{"href":"https:\/\/staging.pitenis.eu\/fr\/wp-json\/wp\/v2\/media?parent=11991"}],"wp:term":[{"taxonomy":"product_cat","embeddable":true,"href":"https:\/\/staging.pitenis.eu\/fr\/wp-json\/wp\/v2\/product_cat?post=11991"},{"taxonomy":"product_tag","embeddable":true,"href":"https:\/\/staging.pitenis.eu\/fr\/wp-json\/wp\/v2\/product_tag?post=11991"}],"curies":[{"name":"wp","href":"https:\/\/api.w.org\/{rel}","templated":true}]}}