{"id":11988,"date":"2025-06-03T22:14:58","date_gmt":"2025-06-03T22:14:58","guid":{"rendered":"https:\/\/e-shop.advonpitenis.eu\/product\/ketchup-au-safran-de-kozani\/"},"modified":"2025-08-14T10:01:52","modified_gmt":"2025-08-14T10:01:52","slug":"ketchup-au-safran-de-kozani","status":"publish","type":"product","link":"https:\/\/staging.pitenis.eu\/fr\/produit\/ketchup-au-safran-de-kozani\/","title":{"rendered":"Ketchup au safran de Kozani"},"content":{"rendered":"<p><span style=\"font-weight: bold;\">Ingr\u00e9dients<\/span><br \/>\n<span style=\"font-weight: bold;\">Ingr\u00e9dients :<\/span> P\u00e2te de tomate doublement concentr\u00e9e 35%, glucose, eau, vinaigre, sucre, sel, fibres, \u00e9pices (exhausteurs de go\u00fbt : E621, E635), extrait de romarin, r\u00e9gulateur d&rsquo;acidit\u00e9 : acide citrique, conservateurs : \u0395202 &amp; E202, E211, <span style=\"font-weight: bold;\">Krokos Kozani (AOP<\/span> ) 0,007%. Contient probablement des traces de <span style=\"font-weight: bold;\">moutarde<\/span>.<\/p>\n<p><span style=\"font-weight: bold;\">Combinaisons &#8211; suggestions d&rsquo;utilisation<\/span><br \/>\nLe ketchup au safran de Kozani, connaissant ses propri\u00e9t\u00e9s b\u00e9n\u00e9fiques pour la sant\u00e9, est id\u00e9al pour de nombreuses utilisations en cuisine.<br \/>\n&#8211; Vous pouvez l&rsquo;utiliser comme sauce d&rsquo;accompagnement pour les hamburgers, les sandwichs et les r\u00f4tis.<br \/>\n&#8211; Elle est \u00e9galement id\u00e9ale pour arroser les p\u00e2tes, les pizzas et pour ajouter une touche \u00e9pic\u00e9e aux \u0153ufs au plat.<br \/>\n&#8211; Vos petits amis adoreront que vous la serviez sur leurs frites, ajoutant ainsi une touche savoureuse \u00e0 leur en-cas pr\u00e9f\u00e9r\u00e9.<br \/>\n&#8211; N&rsquo;oubliez pas de l&rsquo;essayer sur des sandwichs \u00e0 la viande, aux l\u00e9gumes et au fromage pour une exp\u00e9rience riche et d\u00e9licieuse.<\/p>\n","protected":false},"excerpt":{"rendered":"<p>Le ketchup \u00e0 base de concentr\u00e9 de tomates double, d&rsquo;huile d&rsquo;olive extra vierge et d&rsquo;extrait de safran de Kozani est un produit qui allie go\u00fbt et propri\u00e9t\u00e9s b\u00e9n\u00e9fiques. Le safran de Kozani est connu pour ses propri\u00e9t\u00e9s antioxydantes et anti-inflammatoires, qui peuvent contribuer \u00e0 la sant\u00e9 de l&rsquo;organisme. La combinaison du go\u00fbt du ketchup et de la riche saveur du safran cr\u00e9e un produit qui offre \u00e0 la fois un plaisir gustatif et une valeur nutritionnelle.<\/p>\n","protected":false},"featured_media":11989,"comment_status":"closed","ping_status":"closed","template":"","meta":{"_acf_changed":false},"product_cat":[340,273],"product_tag":[],"class_list":{"0":"post-11988","1":"product","2":"type-product","3":"status-publish","4":"has-post-thumbnail","6":"product_cat-lenten-dishes-fr","7":"product_cat-produits-de-qualite-superieure","9":"first","10":"instock","11":"taxable","12":"shipping-taxable","13":"purchasable","14":"product-type-variable"},"acf":[],"yoast_head":"<!-- This site is optimized with the Yoast SEO plugin v27.4 - https:\/\/yoast.com\/product\/yoast-seo-wordpress\/ -->\n<title>Ketchup au safran de Kozani - Pitenis Shop | &#039;\u0395\u03c4\u03bf\u03b9\u03bc\u03b5\u03c2 \u03c3\u03b1\u03bb\u03ac\u03c4\u03b5\u03c2<\/title>\n<meta name=\"robots\" content=\"index, follow, max-snippet:-1, max-image-preview:large, max-video-preview:-1\" \/>\n<link rel=\"canonical\" href=\"https:\/\/staging.pitenis.eu\/fr\/produit\/ketchup-au-safran-de-kozani\/\" \/>\n<meta property=\"og:locale\" content=\"fr_FR\" \/>\n<meta property=\"og:type\" content=\"article\" \/>\n<meta property=\"og:title\" content=\"Ketchup au safran de Kozani - Pitenis Shop | &#039;\u0395\u03c4\u03bf\u03b9\u03bc\u03b5\u03c2 \u03c3\u03b1\u03bb\u03ac\u03c4\u03b5\u03c2\" \/>\n<meta property=\"og:description\" content=\"Le ketchup \u00e0 base de concentr\u00e9 de tomates double, d&#039;huile d&#039;olive extra vierge et d&#039;extrait de safran de Kozani est un produit qui allie go\u00fbt et propri\u00e9t\u00e9s b\u00e9n\u00e9fiques. Le safran de Kozani est connu pour ses propri\u00e9t\u00e9s antioxydantes et anti-inflammatoires, qui peuvent contribuer \u00e0 la sant\u00e9 de l&#039;organisme. La combinaison du go\u00fbt du ketchup et de la riche saveur du safran cr\u00e9e un produit qui offre \u00e0 la fois un plaisir gustatif et une valeur nutritionnelle.\" \/>\n<meta property=\"og:url\" content=\"https:\/\/staging.pitenis.eu\/fr\/produit\/ketchup-au-safran-de-kozani\/\" \/>\n<meta property=\"og:site_name\" content=\"Pitenis Shop | &#039;\u0395\u03c4\u03bf\u03b9\u03bc\u03b5\u03c2 \u03c3\u03b1\u03bb\u03ac\u03c4\u03b5\u03c2\" \/>\n<meta property=\"article:modified_time\" content=\"2025-08-14T10:01:52+00:00\" \/>\n<meta property=\"og:image\" content=\"https:\/\/staging.pitenis.eu\/wp-content\/uploads\/2025\/05\/\u039a\u03ad\u03c4\u03c3\u03b1\u03c0-\u03bc\u03b5-\u03ba\u03c1\u03cc\u03ba\u03bf-\u039a\u03bf\u03b6\u03ac\u03bd\u03b7\u03c2-500x500-1.png\" \/>\n\t<meta property=\"og:image:width\" content=\"500\" \/>\n\t<meta property=\"og:image:height\" content=\"500\" \/>\n\t<meta property=\"og:image:type\" content=\"image\/png\" \/>\n<meta name=\"twitter:card\" content=\"summary_large_image\" \/>\n<meta name=\"twitter:label1\" content=\"Dur\u00e9e de lecture estim\u00e9e\" \/>\n\t<meta name=\"twitter:data1\" content=\"1 minute\" \/>\n<script type=\"application\/ld+json\" class=\"yoast-schema-graph\">{\"@context\":\"https:\\\/\\\/schema.org\",\"@graph\":[{\"@type\":\"WebPage\",\"@id\":\"https:\\\/\\\/staging.pitenis.eu\\\/fr\\\/produit\\\/ketchup-au-safran-de-kozani\\\/\",\"url\":\"https:\\\/\\\/staging.pitenis.eu\\\/fr\\\/produit\\\/ketchup-au-safran-de-kozani\\\/\",\"name\":\"Ketchup au safran de Kozani - Pitenis Shop | &#039;\u0395\u03c4\u03bf\u03b9\u03bc\u03b5\u03c2 \u03c3\u03b1\u03bb\u03ac\u03c4\u03b5\u03c2\",\"isPartOf\":{\"@id\":\"https:\\\/\\\/staging.pitenis.eu\\\/fr\\\/#website\"},\"primaryImageOfPage\":{\"@id\":\"https:\\\/\\\/staging.pitenis.eu\\\/fr\\\/produit\\\/ketchup-au-safran-de-kozani\\\/#primaryimage\"},\"image\":{\"@id\":\"https:\\\/\\\/staging.pitenis.eu\\\/fr\\\/produit\\\/ketchup-au-safran-de-kozani\\\/#primaryimage\"},\"thumbnailUrl\":\"https:\\\/\\\/staging.pitenis.eu\\\/wp-content\\\/uploads\\\/2025\\\/05\\\/\u039a\u03ad\u03c4\u03c3\u03b1\u03c0-\u03bc\u03b5-\u03ba\u03c1\u03cc\u03ba\u03bf-\u039a\u03bf\u03b6\u03ac\u03bd\u03b7\u03c2-500x500-1.png\",\"datePublished\":\"2025-06-03T22:14:58+00:00\",\"dateModified\":\"2025-08-14T10:01:52+00:00\",\"breadcrumb\":{\"@id\":\"https:\\\/\\\/staging.pitenis.eu\\\/fr\\\/produit\\\/ketchup-au-safran-de-kozani\\\/#breadcrumb\"},\"inLanguage\":\"fr-FR\",\"potentialAction\":[{\"@type\":\"ReadAction\",\"target\":[\"https:\\\/\\\/staging.pitenis.eu\\\/fr\\\/produit\\\/ketchup-au-safran-de-kozani\\\/\"]}]},{\"@type\":\"ImageObject\",\"inLanguage\":\"fr-FR\",\"@id\":\"https:\\\/\\\/staging.pitenis.eu\\\/fr\\\/produit\\\/ketchup-au-safran-de-kozani\\\/#primaryimage\",\"url\":\"https:\\\/\\\/staging.pitenis.eu\\\/wp-content\\\/uploads\\\/2025\\\/05\\\/\u039a\u03ad\u03c4\u03c3\u03b1\u03c0-\u03bc\u03b5-\u03ba\u03c1\u03cc\u03ba\u03bf-\u039a\u03bf\u03b6\u03ac\u03bd\u03b7\u03c2-500x500-1.png\",\"contentUrl\":\"https:\\\/\\\/staging.pitenis.eu\\\/wp-content\\\/uploads\\\/2025\\\/05\\\/\u039a\u03ad\u03c4\u03c3\u03b1\u03c0-\u03bc\u03b5-\u03ba\u03c1\u03cc\u03ba\u03bf-\u039a\u03bf\u03b6\u03ac\u03bd\u03b7\u03c2-500x500-1.png\",\"width\":500,\"height\":500,\"caption\":\"Ketchup au safran de Kozani-500&#215;500\"},{\"@type\":\"BreadcrumbList\",\"@id\":\"https:\\\/\\\/staging.pitenis.eu\\\/fr\\\/produit\\\/ketchup-au-safran-de-kozani\\\/#breadcrumb\",\"itemListElement\":[{\"@type\":\"ListItem\",\"position\":1,\"name\":\"Home\",\"item\":\"https:\\\/\\\/staging.pitenis.eu\\\/fr\\\/\"},{\"@type\":\"ListItem\",\"position\":2,\"name\":\"Boutique\",\"item\":\"https:\\\/\\\/staging.pitenis.eu\\\/%ce%ba%ce%b1%cf%84%ce%ac%cf%83%cf%84%ce%b7%ce%bc%ce%b1\\\/\"},{\"@type\":\"ListItem\",\"position\":3,\"name\":\"Ketchup au safran de Kozani\"}]},{\"@type\":\"WebSite\",\"@id\":\"https:\\\/\\\/staging.pitenis.eu\\\/fr\\\/#website\",\"url\":\"https:\\\/\\\/staging.pitenis.eu\\\/fr\\\/\",\"name\":\"Pitenis Shop | &#039;\u0395\u03c4\u03bf\u03b9\u03bc\u03b5\u03c2 \u03c3\u03b1\u03bb\u03ac\u03c4\u03b5\u03c2\",\"description\":\"\u03b1\u03bb\u03bf\u03b9\u03c6\u03ad\u03c2, \u03c8\u03b1\u03c1\u03b9\u03ba\u03ac, \u03c4\u03bf\u03c5\u03c1\u03c3\u03ac\u03ba\u03b9\u03b1\",\"publisher\":{\"@id\":\"https:\\\/\\\/staging.pitenis.eu\\\/fr\\\/#organization\"},\"potentialAction\":[{\"@type\":\"SearchAction\",\"target\":{\"@type\":\"EntryPoint\",\"urlTemplate\":\"https:\\\/\\\/staging.pitenis.eu\\\/fr\\\/?s={search_term_string}\"},\"query-input\":{\"@type\":\"PropertyValueSpecification\",\"valueRequired\":true,\"valueName\":\"search_term_string\"}}],\"inLanguage\":\"fr-FR\"},{\"@type\":\"Organization\",\"@id\":\"https:\\\/\\\/staging.pitenis.eu\\\/fr\\\/#organization\",\"name\":\"Pitenis Shop | &#039;\u0395\u03c4\u03bf\u03b9\u03bc\u03b5\u03c2 \u03c3\u03b1\u03bb\u03ac\u03c4\u03b5\u03c2\",\"url\":\"https:\\\/\\\/staging.pitenis.eu\\\/fr\\\/\",\"logo\":{\"@type\":\"ImageObject\",\"inLanguage\":\"fr-FR\",\"@id\":\"https:\\\/\\\/staging.pitenis.eu\\\/fr\\\/#\\\/schema\\\/logo\\\/image\\\/\",\"url\":\"https:\\\/\\\/staging.pitenis.eu\\\/wp-content\\\/uploads\\\/2025\\\/04\\\/cropped-pitenis_logo.png\",\"contentUrl\":\"https:\\\/\\\/staging.pitenis.eu\\\/wp-content\\\/uploads\\\/2025\\\/04\\\/cropped-pitenis_logo.png\",\"width\":172,\"height\":74,\"caption\":\"Pitenis Shop | &#039;\u0395\u03c4\u03bf\u03b9\u03bc\u03b5\u03c2 \u03c3\u03b1\u03bb\u03ac\u03c4\u03b5\u03c2\"},\"image\":{\"@id\":\"https:\\\/\\\/staging.pitenis.eu\\\/fr\\\/#\\\/schema\\\/logo\\\/image\\\/\"}}]}<\/script>\n<!-- \/ Yoast SEO plugin. -->","yoast_head_json":{"title":"Ketchup au safran de Kozani - Pitenis Shop | &#039;\u0395\u03c4\u03bf\u03b9\u03bc\u03b5\u03c2 \u03c3\u03b1\u03bb\u03ac\u03c4\u03b5\u03c2","robots":{"index":"index","follow":"follow","max-snippet":"max-snippet:-1","max-image-preview":"max-image-preview:large","max-video-preview":"max-video-preview:-1"},"canonical":"https:\/\/staging.pitenis.eu\/fr\/produit\/ketchup-au-safran-de-kozani\/","og_locale":"fr_FR","og_type":"article","og_title":"Ketchup au safran de Kozani - Pitenis Shop | &#039;\u0395\u03c4\u03bf\u03b9\u03bc\u03b5\u03c2 \u03c3\u03b1\u03bb\u03ac\u03c4\u03b5\u03c2","og_description":"Le ketchup \u00e0 base de concentr\u00e9 de tomates double, d'huile d'olive extra vierge et d'extrait de safran de Kozani est un produit qui allie go\u00fbt et propri\u00e9t\u00e9s b\u00e9n\u00e9fiques. Le safran de Kozani est connu pour ses propri\u00e9t\u00e9s antioxydantes et anti-inflammatoires, qui peuvent contribuer \u00e0 la sant\u00e9 de l'organisme. La combinaison du go\u00fbt du ketchup et de la riche saveur du safran cr\u00e9e un produit qui offre \u00e0 la fois un plaisir gustatif et une valeur nutritionnelle.","og_url":"https:\/\/staging.pitenis.eu\/fr\/produit\/ketchup-au-safran-de-kozani\/","og_site_name":"Pitenis Shop | &#039;\u0395\u03c4\u03bf\u03b9\u03bc\u03b5\u03c2 \u03c3\u03b1\u03bb\u03ac\u03c4\u03b5\u03c2","article_modified_time":"2025-08-14T10:01:52+00:00","og_image":[{"width":500,"height":500,"url":"https:\/\/staging.pitenis.eu\/wp-content\/uploads\/2025\/05\/\u039a\u03ad\u03c4\u03c3\u03b1\u03c0-\u03bc\u03b5-\u03ba\u03c1\u03cc\u03ba\u03bf-\u039a\u03bf\u03b6\u03ac\u03bd\u03b7\u03c2-500x500-1.png","type":"image\/png"}],"twitter_card":"summary_large_image","twitter_misc":{"Dur\u00e9e de lecture estim\u00e9e":"1 minute"},"schema":{"@context":"https:\/\/schema.org","@graph":[{"@type":"WebPage","@id":"https:\/\/staging.pitenis.eu\/fr\/produit\/ketchup-au-safran-de-kozani\/","url":"https:\/\/staging.pitenis.eu\/fr\/produit\/ketchup-au-safran-de-kozani\/","name":"Ketchup au safran de Kozani - Pitenis Shop | &#039;\u0395\u03c4\u03bf\u03b9\u03bc\u03b5\u03c2 \u03c3\u03b1\u03bb\u03ac\u03c4\u03b5\u03c2","isPartOf":{"@id":"https:\/\/staging.pitenis.eu\/fr\/#website"},"primaryImageOfPage":{"@id":"https:\/\/staging.pitenis.eu\/fr\/produit\/ketchup-au-safran-de-kozani\/#primaryimage"},"image":{"@id":"https:\/\/staging.pitenis.eu\/fr\/produit\/ketchup-au-safran-de-kozani\/#primaryimage"},"thumbnailUrl":"https:\/\/staging.pitenis.eu\/wp-content\/uploads\/2025\/05\/\u039a\u03ad\u03c4\u03c3\u03b1\u03c0-\u03bc\u03b5-\u03ba\u03c1\u03cc\u03ba\u03bf-\u039a\u03bf\u03b6\u03ac\u03bd\u03b7\u03c2-500x500-1.png","datePublished":"2025-06-03T22:14:58+00:00","dateModified":"2025-08-14T10:01:52+00:00","breadcrumb":{"@id":"https:\/\/staging.pitenis.eu\/fr\/produit\/ketchup-au-safran-de-kozani\/#breadcrumb"},"inLanguage":"fr-FR","potentialAction":[{"@type":"ReadAction","target":["https:\/\/staging.pitenis.eu\/fr\/produit\/ketchup-au-safran-de-kozani\/"]}]},{"@type":"ImageObject","inLanguage":"fr-FR","@id":"https:\/\/staging.pitenis.eu\/fr\/produit\/ketchup-au-safran-de-kozani\/#primaryimage","url":"https:\/\/staging.pitenis.eu\/wp-content\/uploads\/2025\/05\/\u039a\u03ad\u03c4\u03c3\u03b1\u03c0-\u03bc\u03b5-\u03ba\u03c1\u03cc\u03ba\u03bf-\u039a\u03bf\u03b6\u03ac\u03bd\u03b7\u03c2-500x500-1.png","contentUrl":"https:\/\/staging.pitenis.eu\/wp-content\/uploads\/2025\/05\/\u039a\u03ad\u03c4\u03c3\u03b1\u03c0-\u03bc\u03b5-\u03ba\u03c1\u03cc\u03ba\u03bf-\u039a\u03bf\u03b6\u03ac\u03bd\u03b7\u03c2-500x500-1.png","width":500,"height":500,"caption":"Ketchup au safran de Kozani-500&#215;500"},{"@type":"BreadcrumbList","@id":"https:\/\/staging.pitenis.eu\/fr\/produit\/ketchup-au-safran-de-kozani\/#breadcrumb","itemListElement":[{"@type":"ListItem","position":1,"name":"Home","item":"https:\/\/staging.pitenis.eu\/fr\/"},{"@type":"ListItem","position":2,"name":"Boutique","item":"https:\/\/staging.pitenis.eu\/%ce%ba%ce%b1%cf%84%ce%ac%cf%83%cf%84%ce%b7%ce%bc%ce%b1\/"},{"@type":"ListItem","position":3,"name":"Ketchup au safran de Kozani"}]},{"@type":"WebSite","@id":"https:\/\/staging.pitenis.eu\/fr\/#website","url":"https:\/\/staging.pitenis.eu\/fr\/","name":"Pitenis Shop | &#039;\u0395\u03c4\u03bf\u03b9\u03bc\u03b5\u03c2 \u03c3\u03b1\u03bb\u03ac\u03c4\u03b5\u03c2","description":"\u03b1\u03bb\u03bf\u03b9\u03c6\u03ad\u03c2, \u03c8\u03b1\u03c1\u03b9\u03ba\u03ac, \u03c4\u03bf\u03c5\u03c1\u03c3\u03ac\u03ba\u03b9\u03b1","publisher":{"@id":"https:\/\/staging.pitenis.eu\/fr\/#organization"},"potentialAction":[{"@type":"SearchAction","target":{"@type":"EntryPoint","urlTemplate":"https:\/\/staging.pitenis.eu\/fr\/?s={search_term_string}"},"query-input":{"@type":"PropertyValueSpecification","valueRequired":true,"valueName":"search_term_string"}}],"inLanguage":"fr-FR"},{"@type":"Organization","@id":"https:\/\/staging.pitenis.eu\/fr\/#organization","name":"Pitenis Shop | &#039;\u0395\u03c4\u03bf\u03b9\u03bc\u03b5\u03c2 \u03c3\u03b1\u03bb\u03ac\u03c4\u03b5\u03c2","url":"https:\/\/staging.pitenis.eu\/fr\/","logo":{"@type":"ImageObject","inLanguage":"fr-FR","@id":"https:\/\/staging.pitenis.eu\/fr\/#\/schema\/logo\/image\/","url":"https:\/\/staging.pitenis.eu\/wp-content\/uploads\/2025\/04\/cropped-pitenis_logo.png","contentUrl":"https:\/\/staging.pitenis.eu\/wp-content\/uploads\/2025\/04\/cropped-pitenis_logo.png","width":172,"height":74,"caption":"Pitenis Shop | &#039;\u0395\u03c4\u03bf\u03b9\u03bc\u03b5\u03c2 \u03c3\u03b1\u03bb\u03ac\u03c4\u03b5\u03c2"},"image":{"@id":"https:\/\/staging.pitenis.eu\/fr\/#\/schema\/logo\/image\/"}}]}},"_links":{"self":[{"href":"https:\/\/staging.pitenis.eu\/fr\/wp-json\/wp\/v2\/product\/11988","targetHints":{"allow":["GET"]}}],"collection":[{"href":"https:\/\/staging.pitenis.eu\/fr\/wp-json\/wp\/v2\/product"}],"about":[{"href":"https:\/\/staging.pitenis.eu\/fr\/wp-json\/wp\/v2\/types\/product"}],"replies":[{"embeddable":true,"href":"https:\/\/staging.pitenis.eu\/fr\/wp-json\/wp\/v2\/comments?post=11988"}],"wp:featuredmedia":[{"embeddable":true,"href":"https:\/\/staging.pitenis.eu\/fr\/wp-json\/wp\/v2\/media\/11989"}],"wp:attachment":[{"href":"https:\/\/staging.pitenis.eu\/fr\/wp-json\/wp\/v2\/media?parent=11988"}],"wp:term":[{"taxonomy":"product_cat","embeddable":true,"href":"https:\/\/staging.pitenis.eu\/fr\/wp-json\/wp\/v2\/product_cat?post=11988"},{"taxonomy":"product_tag","embeddable":true,"href":"https:\/\/staging.pitenis.eu\/fr\/wp-json\/wp\/v2\/product_tag?post=11988"}],"curies":[{"name":"wp","href":"https:\/\/api.w.org\/{rel}","templated":true}]}}