{"id":11985,"date":"2025-06-03T22:14:58","date_gmt":"2025-06-03T22:14:58","guid":{"rendered":"https:\/\/e-shop.advonpitenis.eu\/product\/moutarde-epicee-au-miel\/"},"modified":"2025-08-14T10:01:51","modified_gmt":"2025-08-14T10:01:51","slug":"moutarde-epicee-au-miel","status":"publish","type":"product","link":"https:\/\/staging.pitenis.eu\/fr\/produit\/moutarde-epicee-au-miel\/","title":{"rendered":"Moutarde \u00e9pic\u00e9e au miel"},"content":{"rendered":"<p><span style=\"font-weight: bold;\">Ingr\u00e9dients<\/span><br \/>\n<span style=\"font-weight: bold;\">Ingr\u00e9dients :<\/span> eau, vinaigre, <span style=\"font-weight: bold;\">moutarde<\/span> 10%, amidon naturel de ma\u00efs, sel, glucose, HUILE DE COTON EXTRAORDINAIRE 2%, vinaigre balsamique 2% (vinaigre de vin, mo\u00fbt concentr\u00e9, conservateur : m\u00e9tabisulfite de potassium 0.01%), anthomel 1%, colorant naturel : carot\u00e8ne, sauce piquante (eau, sel, extraits d&rsquo;\u00e9pices), conservateur : E211, ar\u00f4me de moutarde.<\/p>\n<p><span style=\"font-weight: bold;\">Combinaisons &#8211; suggestions d&rsquo;utilisation<\/span><br \/>\nLa moutarde Pitenis au vinaigre balsamique et au miel peut \u00eatre utilis\u00e9e de multiples fa\u00e7ons.<br \/>\n&#8211; Vous pouvez la d\u00e9guster comme trempette pour vos viandes, pizzas et fritures.<br \/>\n&#8211; Elle peut \u00e9galement \u00eatre utilis\u00e9e comme garniture pour les sandwichs, les hamburgers et les hot-dogs, en ajoutant une note sucr\u00e9e et \u00e9pic\u00e9e.<br \/>\n&#8211; De plus, vous pouvez l&rsquo;utiliser pour assaisonner vos salades et leur donner un go\u00fbt particulier.<br \/>\nD\u00e9couvrez la vari\u00e9t\u00e9 de saveurs que vous pouvez cr\u00e9er avec la moutarde Pitenis au vinaigre balsamique et au miel !<\/p>\n","protected":false},"excerpt":{"rendered":"<p>La moutarde Pitenis au vinaigre balsamique et au miel offre une combinaison unique de go\u00fbt \u00e9pic\u00e9 et de douceur. Cette sauce conf\u00e8re un caract\u00e8re aromatique particulier \u00e0 vos plats. Vous pouvez l&rsquo;utiliser comme trempette pour les fromages et les l\u00e9gumes, donnant une touche inoubliable \u00e0 chaque bouch\u00e9e. Elle accompagne \u00e9galement parfaitement les viandes grill\u00e9es et les sandwiches, offrant un go\u00fbt \u00e9pic\u00e9 qui ravira votre palais. D\u00e9gustez la moutarde Pitenis avec du vinaigre balsamique et du miel pour une exp\u00e9rience gustative authentique !<\/p>\n","protected":false},"featured_media":11986,"comment_status":"closed","ping_status":"closed","template":"","meta":{"_acf_changed":false},"product_cat":[340,273],"product_tag":[],"class_list":{"0":"post-11985","1":"product","2":"type-product","3":"status-publish","4":"has-post-thumbnail","6":"product_cat-lenten-dishes-fr","7":"product_cat-produits-de-qualite-superieure","9":"first","10":"instock","11":"taxable","12":"shipping-taxable","13":"purchasable","14":"product-type-variable"},"acf":[],"yoast_head":"<!-- This site is optimized with the Yoast SEO plugin v27.4 - https:\/\/yoast.com\/product\/yoast-seo-wordpress\/ -->\n<title>Moutarde \u00e9pic\u00e9e au miel - Pitenis Shop | &#039;\u0395\u03c4\u03bf\u03b9\u03bc\u03b5\u03c2 \u03c3\u03b1\u03bb\u03ac\u03c4\u03b5\u03c2<\/title>\n<meta name=\"robots\" content=\"index, follow, max-snippet:-1, max-image-preview:large, max-video-preview:-1\" \/>\n<link rel=\"canonical\" href=\"https:\/\/staging.pitenis.eu\/fr\/produit\/moutarde-epicee-au-miel\/\" \/>\n<meta property=\"og:locale\" content=\"fr_FR\" \/>\n<meta property=\"og:type\" content=\"article\" \/>\n<meta property=\"og:title\" content=\"Moutarde \u00e9pic\u00e9e au miel - Pitenis Shop | &#039;\u0395\u03c4\u03bf\u03b9\u03bc\u03b5\u03c2 \u03c3\u03b1\u03bb\u03ac\u03c4\u03b5\u03c2\" \/>\n<meta property=\"og:description\" content=\"La moutarde Pitenis au vinaigre balsamique et au miel offre une combinaison unique de go\u00fbt \u00e9pic\u00e9 et de douceur. Cette sauce conf\u00e8re un caract\u00e8re aromatique particulier \u00e0 vos plats. Vous pouvez l&#039;utiliser comme trempette pour les fromages et les l\u00e9gumes, donnant une touche inoubliable \u00e0 chaque bouch\u00e9e. Elle accompagne \u00e9galement parfaitement les viandes grill\u00e9es et les sandwiches, offrant un go\u00fbt \u00e9pic\u00e9 qui ravira votre palais. D\u00e9gustez la moutarde Pitenis avec du vinaigre balsamique et du miel pour une exp\u00e9rience gustative authentique !\" \/>\n<meta property=\"og:url\" content=\"https:\/\/staging.pitenis.eu\/fr\/produit\/moutarde-epicee-au-miel\/\" \/>\n<meta property=\"og:site_name\" content=\"Pitenis Shop | &#039;\u0395\u03c4\u03bf\u03b9\u03bc\u03b5\u03c2 \u03c3\u03b1\u03bb\u03ac\u03c4\u03b5\u03c2\" \/>\n<meta property=\"article:modified_time\" content=\"2025-08-14T10:01:51+00:00\" \/>\n<meta property=\"og:image\" content=\"https:\/\/staging.pitenis.eu\/wp-content\/uploads\/2025\/05\/\u039c\u03bf\u03c5\u03c3\u03c4\u03ac\u03c1\u03b4\u03b1-\u03c0\u03b9\u03ba\u03ac\u03bd\u03c4\u03b9\u03ba\u03b7-\u03bc\u03b5-\u03bc\u03ad\u03bb\u03b9-500x500-1.png\" \/>\n\t<meta property=\"og:image:width\" content=\"500\" \/>\n\t<meta property=\"og:image:height\" content=\"500\" \/>\n\t<meta property=\"og:image:type\" content=\"image\/png\" \/>\n<meta name=\"twitter:card\" content=\"summary_large_image\" \/>\n<meta name=\"twitter:label1\" content=\"Dur\u00e9e de lecture estim\u00e9e\" \/>\n\t<meta name=\"twitter:data1\" content=\"1 minute\" \/>\n<script type=\"application\/ld+json\" class=\"yoast-schema-graph\">{\"@context\":\"https:\\\/\\\/schema.org\",\"@graph\":[{\"@type\":\"WebPage\",\"@id\":\"https:\\\/\\\/staging.pitenis.eu\\\/fr\\\/produit\\\/moutarde-epicee-au-miel\\\/\",\"url\":\"https:\\\/\\\/staging.pitenis.eu\\\/fr\\\/produit\\\/moutarde-epicee-au-miel\\\/\",\"name\":\"Moutarde \u00e9pic\u00e9e au miel - Pitenis Shop | &#039;\u0395\u03c4\u03bf\u03b9\u03bc\u03b5\u03c2 \u03c3\u03b1\u03bb\u03ac\u03c4\u03b5\u03c2\",\"isPartOf\":{\"@id\":\"https:\\\/\\\/staging.pitenis.eu\\\/fr\\\/#website\"},\"primaryImageOfPage\":{\"@id\":\"https:\\\/\\\/staging.pitenis.eu\\\/fr\\\/produit\\\/moutarde-epicee-au-miel\\\/#primaryimage\"},\"image\":{\"@id\":\"https:\\\/\\\/staging.pitenis.eu\\\/fr\\\/produit\\\/moutarde-epicee-au-miel\\\/#primaryimage\"},\"thumbnailUrl\":\"https:\\\/\\\/staging.pitenis.eu\\\/wp-content\\\/uploads\\\/2025\\\/05\\\/\u039c\u03bf\u03c5\u03c3\u03c4\u03ac\u03c1\u03b4\u03b1-\u03c0\u03b9\u03ba\u03ac\u03bd\u03c4\u03b9\u03ba\u03b7-\u03bc\u03b5-\u03bc\u03ad\u03bb\u03b9-500x500-1.png\",\"datePublished\":\"2025-06-03T22:14:58+00:00\",\"dateModified\":\"2025-08-14T10:01:51+00:00\",\"breadcrumb\":{\"@id\":\"https:\\\/\\\/staging.pitenis.eu\\\/fr\\\/produit\\\/moutarde-epicee-au-miel\\\/#breadcrumb\"},\"inLanguage\":\"fr-FR\",\"potentialAction\":[{\"@type\":\"ReadAction\",\"target\":[\"https:\\\/\\\/staging.pitenis.eu\\\/fr\\\/produit\\\/moutarde-epicee-au-miel\\\/\"]}]},{\"@type\":\"ImageObject\",\"inLanguage\":\"fr-FR\",\"@id\":\"https:\\\/\\\/staging.pitenis.eu\\\/fr\\\/produit\\\/moutarde-epicee-au-miel\\\/#primaryimage\",\"url\":\"https:\\\/\\\/staging.pitenis.eu\\\/wp-content\\\/uploads\\\/2025\\\/05\\\/\u039c\u03bf\u03c5\u03c3\u03c4\u03ac\u03c1\u03b4\u03b1-\u03c0\u03b9\u03ba\u03ac\u03bd\u03c4\u03b9\u03ba\u03b7-\u03bc\u03b5-\u03bc\u03ad\u03bb\u03b9-500x500-1.png\",\"contentUrl\":\"https:\\\/\\\/staging.pitenis.eu\\\/wp-content\\\/uploads\\\/2025\\\/05\\\/\u039c\u03bf\u03c5\u03c3\u03c4\u03ac\u03c1\u03b4\u03b1-\u03c0\u03b9\u03ba\u03ac\u03bd\u03c4\u03b9\u03ba\u03b7-\u03bc\u03b5-\u03bc\u03ad\u03bb\u03b9-500x500-1.png\",\"width\":500,\"height\":500,\"caption\":\"Moutarde \u00e9pic\u00e9e au miel-500&#215;500\"},{\"@type\":\"BreadcrumbList\",\"@id\":\"https:\\\/\\\/staging.pitenis.eu\\\/fr\\\/produit\\\/moutarde-epicee-au-miel\\\/#breadcrumb\",\"itemListElement\":[{\"@type\":\"ListItem\",\"position\":1,\"name\":\"Home\",\"item\":\"https:\\\/\\\/staging.pitenis.eu\\\/fr\\\/\"},{\"@type\":\"ListItem\",\"position\":2,\"name\":\"Boutique\",\"item\":\"https:\\\/\\\/staging.pitenis.eu\\\/%ce%ba%ce%b1%cf%84%ce%ac%cf%83%cf%84%ce%b7%ce%bc%ce%b1\\\/\"},{\"@type\":\"ListItem\",\"position\":3,\"name\":\"Moutarde \u00e9pic\u00e9e au miel\"}]},{\"@type\":\"WebSite\",\"@id\":\"https:\\\/\\\/staging.pitenis.eu\\\/fr\\\/#website\",\"url\":\"https:\\\/\\\/staging.pitenis.eu\\\/fr\\\/\",\"name\":\"Pitenis Shop | &#039;\u0395\u03c4\u03bf\u03b9\u03bc\u03b5\u03c2 \u03c3\u03b1\u03bb\u03ac\u03c4\u03b5\u03c2\",\"description\":\"\u03b1\u03bb\u03bf\u03b9\u03c6\u03ad\u03c2, \u03c8\u03b1\u03c1\u03b9\u03ba\u03ac, \u03c4\u03bf\u03c5\u03c1\u03c3\u03ac\u03ba\u03b9\u03b1\",\"publisher\":{\"@id\":\"https:\\\/\\\/staging.pitenis.eu\\\/fr\\\/#organization\"},\"potentialAction\":[{\"@type\":\"SearchAction\",\"target\":{\"@type\":\"EntryPoint\",\"urlTemplate\":\"https:\\\/\\\/staging.pitenis.eu\\\/fr\\\/?s={search_term_string}\"},\"query-input\":{\"@type\":\"PropertyValueSpecification\",\"valueRequired\":true,\"valueName\":\"search_term_string\"}}],\"inLanguage\":\"fr-FR\"},{\"@type\":\"Organization\",\"@id\":\"https:\\\/\\\/staging.pitenis.eu\\\/fr\\\/#organization\",\"name\":\"Pitenis Shop | &#039;\u0395\u03c4\u03bf\u03b9\u03bc\u03b5\u03c2 \u03c3\u03b1\u03bb\u03ac\u03c4\u03b5\u03c2\",\"url\":\"https:\\\/\\\/staging.pitenis.eu\\\/fr\\\/\",\"logo\":{\"@type\":\"ImageObject\",\"inLanguage\":\"fr-FR\",\"@id\":\"https:\\\/\\\/staging.pitenis.eu\\\/fr\\\/#\\\/schema\\\/logo\\\/image\\\/\",\"url\":\"https:\\\/\\\/staging.pitenis.eu\\\/wp-content\\\/uploads\\\/2025\\\/04\\\/cropped-pitenis_logo.png\",\"contentUrl\":\"https:\\\/\\\/staging.pitenis.eu\\\/wp-content\\\/uploads\\\/2025\\\/04\\\/cropped-pitenis_logo.png\",\"width\":172,\"height\":74,\"caption\":\"Pitenis Shop | &#039;\u0395\u03c4\u03bf\u03b9\u03bc\u03b5\u03c2 \u03c3\u03b1\u03bb\u03ac\u03c4\u03b5\u03c2\"},\"image\":{\"@id\":\"https:\\\/\\\/staging.pitenis.eu\\\/fr\\\/#\\\/schema\\\/logo\\\/image\\\/\"}}]}<\/script>\n<!-- \/ Yoast SEO plugin. -->","yoast_head_json":{"title":"Moutarde \u00e9pic\u00e9e au miel - Pitenis Shop | &#039;\u0395\u03c4\u03bf\u03b9\u03bc\u03b5\u03c2 \u03c3\u03b1\u03bb\u03ac\u03c4\u03b5\u03c2","robots":{"index":"index","follow":"follow","max-snippet":"max-snippet:-1","max-image-preview":"max-image-preview:large","max-video-preview":"max-video-preview:-1"},"canonical":"https:\/\/staging.pitenis.eu\/fr\/produit\/moutarde-epicee-au-miel\/","og_locale":"fr_FR","og_type":"article","og_title":"Moutarde \u00e9pic\u00e9e au miel - Pitenis Shop | &#039;\u0395\u03c4\u03bf\u03b9\u03bc\u03b5\u03c2 \u03c3\u03b1\u03bb\u03ac\u03c4\u03b5\u03c2","og_description":"La moutarde Pitenis au vinaigre balsamique et au miel offre une combinaison unique de go\u00fbt \u00e9pic\u00e9 et de douceur. Cette sauce conf\u00e8re un caract\u00e8re aromatique particulier \u00e0 vos plats. Vous pouvez l'utiliser comme trempette pour les fromages et les l\u00e9gumes, donnant une touche inoubliable \u00e0 chaque bouch\u00e9e. Elle accompagne \u00e9galement parfaitement les viandes grill\u00e9es et les sandwiches, offrant un go\u00fbt \u00e9pic\u00e9 qui ravira votre palais. D\u00e9gustez la moutarde Pitenis avec du vinaigre balsamique et du miel pour une exp\u00e9rience gustative authentique !","og_url":"https:\/\/staging.pitenis.eu\/fr\/produit\/moutarde-epicee-au-miel\/","og_site_name":"Pitenis Shop | &#039;\u0395\u03c4\u03bf\u03b9\u03bc\u03b5\u03c2 \u03c3\u03b1\u03bb\u03ac\u03c4\u03b5\u03c2","article_modified_time":"2025-08-14T10:01:51+00:00","og_image":[{"width":500,"height":500,"url":"https:\/\/staging.pitenis.eu\/wp-content\/uploads\/2025\/05\/\u039c\u03bf\u03c5\u03c3\u03c4\u03ac\u03c1\u03b4\u03b1-\u03c0\u03b9\u03ba\u03ac\u03bd\u03c4\u03b9\u03ba\u03b7-\u03bc\u03b5-\u03bc\u03ad\u03bb\u03b9-500x500-1.png","type":"image\/png"}],"twitter_card":"summary_large_image","twitter_misc":{"Dur\u00e9e de lecture estim\u00e9e":"1 minute"},"schema":{"@context":"https:\/\/schema.org","@graph":[{"@type":"WebPage","@id":"https:\/\/staging.pitenis.eu\/fr\/produit\/moutarde-epicee-au-miel\/","url":"https:\/\/staging.pitenis.eu\/fr\/produit\/moutarde-epicee-au-miel\/","name":"Moutarde \u00e9pic\u00e9e au miel - Pitenis Shop | &#039;\u0395\u03c4\u03bf\u03b9\u03bc\u03b5\u03c2 \u03c3\u03b1\u03bb\u03ac\u03c4\u03b5\u03c2","isPartOf":{"@id":"https:\/\/staging.pitenis.eu\/fr\/#website"},"primaryImageOfPage":{"@id":"https:\/\/staging.pitenis.eu\/fr\/produit\/moutarde-epicee-au-miel\/#primaryimage"},"image":{"@id":"https:\/\/staging.pitenis.eu\/fr\/produit\/moutarde-epicee-au-miel\/#primaryimage"},"thumbnailUrl":"https:\/\/staging.pitenis.eu\/wp-content\/uploads\/2025\/05\/\u039c\u03bf\u03c5\u03c3\u03c4\u03ac\u03c1\u03b4\u03b1-\u03c0\u03b9\u03ba\u03ac\u03bd\u03c4\u03b9\u03ba\u03b7-\u03bc\u03b5-\u03bc\u03ad\u03bb\u03b9-500x500-1.png","datePublished":"2025-06-03T22:14:58+00:00","dateModified":"2025-08-14T10:01:51+00:00","breadcrumb":{"@id":"https:\/\/staging.pitenis.eu\/fr\/produit\/moutarde-epicee-au-miel\/#breadcrumb"},"inLanguage":"fr-FR","potentialAction":[{"@type":"ReadAction","target":["https:\/\/staging.pitenis.eu\/fr\/produit\/moutarde-epicee-au-miel\/"]}]},{"@type":"ImageObject","inLanguage":"fr-FR","@id":"https:\/\/staging.pitenis.eu\/fr\/produit\/moutarde-epicee-au-miel\/#primaryimage","url":"https:\/\/staging.pitenis.eu\/wp-content\/uploads\/2025\/05\/\u039c\u03bf\u03c5\u03c3\u03c4\u03ac\u03c1\u03b4\u03b1-\u03c0\u03b9\u03ba\u03ac\u03bd\u03c4\u03b9\u03ba\u03b7-\u03bc\u03b5-\u03bc\u03ad\u03bb\u03b9-500x500-1.png","contentUrl":"https:\/\/staging.pitenis.eu\/wp-content\/uploads\/2025\/05\/\u039c\u03bf\u03c5\u03c3\u03c4\u03ac\u03c1\u03b4\u03b1-\u03c0\u03b9\u03ba\u03ac\u03bd\u03c4\u03b9\u03ba\u03b7-\u03bc\u03b5-\u03bc\u03ad\u03bb\u03b9-500x500-1.png","width":500,"height":500,"caption":"Moutarde \u00e9pic\u00e9e au miel-500&#215;500"},{"@type":"BreadcrumbList","@id":"https:\/\/staging.pitenis.eu\/fr\/produit\/moutarde-epicee-au-miel\/#breadcrumb","itemListElement":[{"@type":"ListItem","position":1,"name":"Home","item":"https:\/\/staging.pitenis.eu\/fr\/"},{"@type":"ListItem","position":2,"name":"Boutique","item":"https:\/\/staging.pitenis.eu\/%ce%ba%ce%b1%cf%84%ce%ac%cf%83%cf%84%ce%b7%ce%bc%ce%b1\/"},{"@type":"ListItem","position":3,"name":"Moutarde \u00e9pic\u00e9e au miel"}]},{"@type":"WebSite","@id":"https:\/\/staging.pitenis.eu\/fr\/#website","url":"https:\/\/staging.pitenis.eu\/fr\/","name":"Pitenis Shop | &#039;\u0395\u03c4\u03bf\u03b9\u03bc\u03b5\u03c2 \u03c3\u03b1\u03bb\u03ac\u03c4\u03b5\u03c2","description":"\u03b1\u03bb\u03bf\u03b9\u03c6\u03ad\u03c2, \u03c8\u03b1\u03c1\u03b9\u03ba\u03ac, \u03c4\u03bf\u03c5\u03c1\u03c3\u03ac\u03ba\u03b9\u03b1","publisher":{"@id":"https:\/\/staging.pitenis.eu\/fr\/#organization"},"potentialAction":[{"@type":"SearchAction","target":{"@type":"EntryPoint","urlTemplate":"https:\/\/staging.pitenis.eu\/fr\/?s={search_term_string}"},"query-input":{"@type":"PropertyValueSpecification","valueRequired":true,"valueName":"search_term_string"}}],"inLanguage":"fr-FR"},{"@type":"Organization","@id":"https:\/\/staging.pitenis.eu\/fr\/#organization","name":"Pitenis Shop | &#039;\u0395\u03c4\u03bf\u03b9\u03bc\u03b5\u03c2 \u03c3\u03b1\u03bb\u03ac\u03c4\u03b5\u03c2","url":"https:\/\/staging.pitenis.eu\/fr\/","logo":{"@type":"ImageObject","inLanguage":"fr-FR","@id":"https:\/\/staging.pitenis.eu\/fr\/#\/schema\/logo\/image\/","url":"https:\/\/staging.pitenis.eu\/wp-content\/uploads\/2025\/04\/cropped-pitenis_logo.png","contentUrl":"https:\/\/staging.pitenis.eu\/wp-content\/uploads\/2025\/04\/cropped-pitenis_logo.png","width":172,"height":74,"caption":"Pitenis Shop | &#039;\u0395\u03c4\u03bf\u03b9\u03bc\u03b5\u03c2 \u03c3\u03b1\u03bb\u03ac\u03c4\u03b5\u03c2"},"image":{"@id":"https:\/\/staging.pitenis.eu\/fr\/#\/schema\/logo\/image\/"}}]}},"_links":{"self":[{"href":"https:\/\/staging.pitenis.eu\/fr\/wp-json\/wp\/v2\/product\/11985","targetHints":{"allow":["GET"]}}],"collection":[{"href":"https:\/\/staging.pitenis.eu\/fr\/wp-json\/wp\/v2\/product"}],"about":[{"href":"https:\/\/staging.pitenis.eu\/fr\/wp-json\/wp\/v2\/types\/product"}],"replies":[{"embeddable":true,"href":"https:\/\/staging.pitenis.eu\/fr\/wp-json\/wp\/v2\/comments?post=11985"}],"wp:featuredmedia":[{"embeddable":true,"href":"https:\/\/staging.pitenis.eu\/fr\/wp-json\/wp\/v2\/media\/11986"}],"wp:attachment":[{"href":"https:\/\/staging.pitenis.eu\/fr\/wp-json\/wp\/v2\/media?parent=11985"}],"wp:term":[{"taxonomy":"product_cat","embeddable":true,"href":"https:\/\/staging.pitenis.eu\/fr\/wp-json\/wp\/v2\/product_cat?post=11985"},{"taxonomy":"product_tag","embeddable":true,"href":"https:\/\/staging.pitenis.eu\/fr\/wp-json\/wp\/v2\/product_tag?post=11985"}],"curies":[{"name":"wp","href":"https:\/\/api.w.org\/{rel}","templated":true}]}}