{"id":11982,"date":"2025-06-03T22:14:58","date_gmt":"2025-06-03T22:14:58","guid":{"rendered":"https:\/\/e-shop.advonpitenis.eu\/product\/moutarde-miel-tomate-olive\/"},"modified":"2025-08-14T10:01:49","modified_gmt":"2025-08-14T10:01:49","slug":"moutarde-miel-tomate-olive","status":"publish","type":"product","link":"https:\/\/staging.pitenis.eu\/fr\/produit\/moutarde-miel-tomate-olive\/","title":{"rendered":"Moutarde Miel &#8211; Tomate &#8211; Olive"},"content":{"rendered":"<p><span style=\"font-weight: bold;\">Ingr\u00e9dients<\/span><br \/>\n<span style=\"font-weight: bold;\">Ingr\u00e9dients<\/span>: eau, vinaigre, <span style=\"font-weight: bold;\">moutarde<\/span> 9%, concentr\u00e9 de tomates 5%, amidon naturel de ma\u00efs, sel, glucose, pulpe d&rsquo;olive 2% (p\u00e2te d&rsquo;olive Kalamata, vinaigre, \u00e9pices), HUILE PARATH\u00c9TIQUE EXTRAORDINAIRE 2%, vinaigre balsamique (vinaigre de vin, mo\u00fbt concentr\u00e9, conservateur : m\u00e9tabisulfite de potassium 0.01%), anthomel 1%, colorant naturel : carot\u00e8ne, conservateur : E211, ar\u00f4me de moutarde.<\/p>\n<p><span style=\"font-weight: bold;\">Combinaisons &#8211; suggestions d&rsquo;utilisation<\/span><br \/>\nLa moutarde Pitenis au vinaigre balsamique, au miel, \u00e0 la tomate et \u00e0 la p\u00e2te d&rsquo;olives Kalamata est id\u00e9ale pour de nombreuses utilisations en cuisine.<br \/>\n&#8211; Vous pouvez l&rsquo;utiliser comme marinade pour les viandes, ce qui leur donnera un go\u00fbt doux-amer.<br \/>\n&#8211; Elle constitue \u00e9galement un excellent accompagnement pour les sandwichs et les hamburgers, auxquels elle apporte une touche de saveur particuli\u00e8re.<br \/>\n&#8211; Vous pouvez \u00e9galement en ajouter une cuiller\u00e9e \u00e0 vos salades pour leur donner une personnalit\u00e9 \u00e9pic\u00e9e.<br \/>\n&#8211; Enfin, vous pouvez l&rsquo;utiliser comme trempette pour les snacks ou comme sauce d&rsquo;accompagnement pour les plats de fromage et de charcuterie.<\/p>\n","protected":false},"excerpt":{"rendered":"<p>La moutarde Pitenis au vinaigre balsamique, au miel, \u00e0 la tomate et \u00e0 la p\u00e2te d&rsquo;olive Kalamata est une recette originale qui rehaussera vos go\u00fbts. La combinaison du go\u00fbt \u00e9pic\u00e9 de la moutarde avec la note l\u00e9g\u00e8rement sucr\u00e9e du miel, le go\u00fbt piquant de la tomate et la texture riche de la p\u00e2te d&rsquo;olives Kalamata cr\u00e9ent un r\u00e9sultat unique. Savourez la moutarde Pitenis dans vos sandwichs, faites mariner vos viandes ou ajoutez-la \u00e0 vos salades pour une exp\u00e9rience gustative in\u00e9gal\u00e9e.<\/p>\n","protected":false},"featured_media":11983,"comment_status":"closed","ping_status":"closed","template":"","meta":{"_acf_changed":false},"product_cat":[340,273],"product_tag":[],"class_list":{"0":"post-11982","1":"product","2":"type-product","3":"status-publish","4":"has-post-thumbnail","6":"product_cat-lenten-dishes-fr","7":"product_cat-produits-de-qualite-superieure","9":"first","10":"instock","11":"taxable","12":"shipping-taxable","13":"purchasable","14":"product-type-variable"},"acf":[],"yoast_head":"<!-- This site is optimized with the Yoast SEO plugin v27.4 - https:\/\/yoast.com\/product\/yoast-seo-wordpress\/ -->\n<title>Moutarde Miel - Tomate - Olive - Pitenis Shop | &#039;\u0395\u03c4\u03bf\u03b9\u03bc\u03b5\u03c2 \u03c3\u03b1\u03bb\u03ac\u03c4\u03b5\u03c2<\/title>\n<meta name=\"robots\" content=\"index, follow, max-snippet:-1, max-image-preview:large, max-video-preview:-1\" \/>\n<link rel=\"canonical\" href=\"https:\/\/staging.pitenis.eu\/fr\/produit\/moutarde-miel-tomate-olive\/\" \/>\n<meta property=\"og:locale\" content=\"fr_FR\" \/>\n<meta property=\"og:type\" content=\"article\" \/>\n<meta property=\"og:title\" content=\"Moutarde Miel - Tomate - Olive - Pitenis Shop | &#039;\u0395\u03c4\u03bf\u03b9\u03bc\u03b5\u03c2 \u03c3\u03b1\u03bb\u03ac\u03c4\u03b5\u03c2\" \/>\n<meta property=\"og:description\" content=\"La moutarde Pitenis au vinaigre balsamique, au miel, \u00e0 la tomate et \u00e0 la p\u00e2te d&#039;olive Kalamata est une recette originale qui rehaussera vos go\u00fbts. La combinaison du go\u00fbt \u00e9pic\u00e9 de la moutarde avec la note l\u00e9g\u00e8rement sucr\u00e9e du miel, le go\u00fbt piquant de la tomate et la texture riche de la p\u00e2te d&#039;olives Kalamata cr\u00e9ent un r\u00e9sultat unique. Savourez la moutarde Pitenis dans vos sandwichs, faites mariner vos viandes ou ajoutez-la \u00e0 vos salades pour une exp\u00e9rience gustative in\u00e9gal\u00e9e.\" \/>\n<meta property=\"og:url\" content=\"https:\/\/staging.pitenis.eu\/fr\/produit\/moutarde-miel-tomate-olive\/\" \/>\n<meta property=\"og:site_name\" content=\"Pitenis Shop | &#039;\u0395\u03c4\u03bf\u03b9\u03bc\u03b5\u03c2 \u03c3\u03b1\u03bb\u03ac\u03c4\u03b5\u03c2\" \/>\n<meta property=\"article:modified_time\" content=\"2025-08-14T10:01:49+00:00\" \/>\n<meta property=\"og:image\" content=\"https:\/\/staging.pitenis.eu\/wp-content\/uploads\/2025\/05\/\u039c\u03bf\u03c5\u03c3\u03c4\u03ac\u03c1\u03b4\u03b1-\u039c\u03ad\u03bb\u03b9-\u039d\u03c4\u03bf\u03bc\u03ac\u03c4\u03b1-\u0395\u03bb\u03b9\u03ac-500x500-1.png\" \/>\n\t<meta property=\"og:image:width\" content=\"500\" \/>\n\t<meta property=\"og:image:height\" content=\"500\" \/>\n\t<meta property=\"og:image:type\" content=\"image\/png\" \/>\n<meta name=\"twitter:card\" content=\"summary_large_image\" \/>\n<meta name=\"twitter:label1\" content=\"Dur\u00e9e de lecture estim\u00e9e\" \/>\n\t<meta name=\"twitter:data1\" content=\"1 minute\" \/>\n<script type=\"application\/ld+json\" class=\"yoast-schema-graph\">{\"@context\":\"https:\\\/\\\/schema.org\",\"@graph\":[{\"@type\":\"WebPage\",\"@id\":\"https:\\\/\\\/staging.pitenis.eu\\\/fr\\\/produit\\\/moutarde-miel-tomate-olive\\\/\",\"url\":\"https:\\\/\\\/staging.pitenis.eu\\\/fr\\\/produit\\\/moutarde-miel-tomate-olive\\\/\",\"name\":\"Moutarde Miel - Tomate - Olive - Pitenis Shop | &#039;\u0395\u03c4\u03bf\u03b9\u03bc\u03b5\u03c2 \u03c3\u03b1\u03bb\u03ac\u03c4\u03b5\u03c2\",\"isPartOf\":{\"@id\":\"https:\\\/\\\/staging.pitenis.eu\\\/fr\\\/#website\"},\"primaryImageOfPage\":{\"@id\":\"https:\\\/\\\/staging.pitenis.eu\\\/fr\\\/produit\\\/moutarde-miel-tomate-olive\\\/#primaryimage\"},\"image\":{\"@id\":\"https:\\\/\\\/staging.pitenis.eu\\\/fr\\\/produit\\\/moutarde-miel-tomate-olive\\\/#primaryimage\"},\"thumbnailUrl\":\"https:\\\/\\\/staging.pitenis.eu\\\/wp-content\\\/uploads\\\/2025\\\/05\\\/\u039c\u03bf\u03c5\u03c3\u03c4\u03ac\u03c1\u03b4\u03b1-\u039c\u03ad\u03bb\u03b9-\u039d\u03c4\u03bf\u03bc\u03ac\u03c4\u03b1-\u0395\u03bb\u03b9\u03ac-500x500-1.png\",\"datePublished\":\"2025-06-03T22:14:58+00:00\",\"dateModified\":\"2025-08-14T10:01:49+00:00\",\"breadcrumb\":{\"@id\":\"https:\\\/\\\/staging.pitenis.eu\\\/fr\\\/produit\\\/moutarde-miel-tomate-olive\\\/#breadcrumb\"},\"inLanguage\":\"fr-FR\",\"potentialAction\":[{\"@type\":\"ReadAction\",\"target\":[\"https:\\\/\\\/staging.pitenis.eu\\\/fr\\\/produit\\\/moutarde-miel-tomate-olive\\\/\"]}]},{\"@type\":\"ImageObject\",\"inLanguage\":\"fr-FR\",\"@id\":\"https:\\\/\\\/staging.pitenis.eu\\\/fr\\\/produit\\\/moutarde-miel-tomate-olive\\\/#primaryimage\",\"url\":\"https:\\\/\\\/staging.pitenis.eu\\\/wp-content\\\/uploads\\\/2025\\\/05\\\/\u039c\u03bf\u03c5\u03c3\u03c4\u03ac\u03c1\u03b4\u03b1-\u039c\u03ad\u03bb\u03b9-\u039d\u03c4\u03bf\u03bc\u03ac\u03c4\u03b1-\u0395\u03bb\u03b9\u03ac-500x500-1.png\",\"contentUrl\":\"https:\\\/\\\/staging.pitenis.eu\\\/wp-content\\\/uploads\\\/2025\\\/05\\\/\u039c\u03bf\u03c5\u03c3\u03c4\u03ac\u03c1\u03b4\u03b1-\u039c\u03ad\u03bb\u03b9-\u039d\u03c4\u03bf\u03bc\u03ac\u03c4\u03b1-\u0395\u03bb\u03b9\u03ac-500x500-1.png\",\"width\":500,\"height\":500,\"caption\":\"Moutarde Miel &#8211; Tomate &#8211; Olive-500&#215;500\"},{\"@type\":\"BreadcrumbList\",\"@id\":\"https:\\\/\\\/staging.pitenis.eu\\\/fr\\\/produit\\\/moutarde-miel-tomate-olive\\\/#breadcrumb\",\"itemListElement\":[{\"@type\":\"ListItem\",\"position\":1,\"name\":\"Home\",\"item\":\"https:\\\/\\\/staging.pitenis.eu\\\/fr\\\/\"},{\"@type\":\"ListItem\",\"position\":2,\"name\":\"Boutique\",\"item\":\"https:\\\/\\\/staging.pitenis.eu\\\/%ce%ba%ce%b1%cf%84%ce%ac%cf%83%cf%84%ce%b7%ce%bc%ce%b1\\\/\"},{\"@type\":\"ListItem\",\"position\":3,\"name\":\"Moutarde Miel &#8211; Tomate &#8211; Olive\"}]},{\"@type\":\"WebSite\",\"@id\":\"https:\\\/\\\/staging.pitenis.eu\\\/fr\\\/#website\",\"url\":\"https:\\\/\\\/staging.pitenis.eu\\\/fr\\\/\",\"name\":\"Pitenis Shop | &#039;\u0395\u03c4\u03bf\u03b9\u03bc\u03b5\u03c2 \u03c3\u03b1\u03bb\u03ac\u03c4\u03b5\u03c2\",\"description\":\"\u03b1\u03bb\u03bf\u03b9\u03c6\u03ad\u03c2, \u03c8\u03b1\u03c1\u03b9\u03ba\u03ac, \u03c4\u03bf\u03c5\u03c1\u03c3\u03ac\u03ba\u03b9\u03b1\",\"publisher\":{\"@id\":\"https:\\\/\\\/staging.pitenis.eu\\\/fr\\\/#organization\"},\"potentialAction\":[{\"@type\":\"SearchAction\",\"target\":{\"@type\":\"EntryPoint\",\"urlTemplate\":\"https:\\\/\\\/staging.pitenis.eu\\\/fr\\\/?s={search_term_string}\"},\"query-input\":{\"@type\":\"PropertyValueSpecification\",\"valueRequired\":true,\"valueName\":\"search_term_string\"}}],\"inLanguage\":\"fr-FR\"},{\"@type\":\"Organization\",\"@id\":\"https:\\\/\\\/staging.pitenis.eu\\\/fr\\\/#organization\",\"name\":\"Pitenis Shop | &#039;\u0395\u03c4\u03bf\u03b9\u03bc\u03b5\u03c2 \u03c3\u03b1\u03bb\u03ac\u03c4\u03b5\u03c2\",\"url\":\"https:\\\/\\\/staging.pitenis.eu\\\/fr\\\/\",\"logo\":{\"@type\":\"ImageObject\",\"inLanguage\":\"fr-FR\",\"@id\":\"https:\\\/\\\/staging.pitenis.eu\\\/fr\\\/#\\\/schema\\\/logo\\\/image\\\/\",\"url\":\"https:\\\/\\\/staging.pitenis.eu\\\/wp-content\\\/uploads\\\/2025\\\/04\\\/cropped-pitenis_logo.png\",\"contentUrl\":\"https:\\\/\\\/staging.pitenis.eu\\\/wp-content\\\/uploads\\\/2025\\\/04\\\/cropped-pitenis_logo.png\",\"width\":172,\"height\":74,\"caption\":\"Pitenis Shop | &#039;\u0395\u03c4\u03bf\u03b9\u03bc\u03b5\u03c2 \u03c3\u03b1\u03bb\u03ac\u03c4\u03b5\u03c2\"},\"image\":{\"@id\":\"https:\\\/\\\/staging.pitenis.eu\\\/fr\\\/#\\\/schema\\\/logo\\\/image\\\/\"}}]}<\/script>\n<!-- \/ Yoast SEO plugin. -->","yoast_head_json":{"title":"Moutarde Miel - Tomate - Olive - Pitenis Shop | &#039;\u0395\u03c4\u03bf\u03b9\u03bc\u03b5\u03c2 \u03c3\u03b1\u03bb\u03ac\u03c4\u03b5\u03c2","robots":{"index":"index","follow":"follow","max-snippet":"max-snippet:-1","max-image-preview":"max-image-preview:large","max-video-preview":"max-video-preview:-1"},"canonical":"https:\/\/staging.pitenis.eu\/fr\/produit\/moutarde-miel-tomate-olive\/","og_locale":"fr_FR","og_type":"article","og_title":"Moutarde Miel - Tomate - Olive - Pitenis Shop | &#039;\u0395\u03c4\u03bf\u03b9\u03bc\u03b5\u03c2 \u03c3\u03b1\u03bb\u03ac\u03c4\u03b5\u03c2","og_description":"La moutarde Pitenis au vinaigre balsamique, au miel, \u00e0 la tomate et \u00e0 la p\u00e2te d'olive Kalamata est une recette originale qui rehaussera vos go\u00fbts. La combinaison du go\u00fbt \u00e9pic\u00e9 de la moutarde avec la note l\u00e9g\u00e8rement sucr\u00e9e du miel, le go\u00fbt piquant de la tomate et la texture riche de la p\u00e2te d'olives Kalamata cr\u00e9ent un r\u00e9sultat unique. Savourez la moutarde Pitenis dans vos sandwichs, faites mariner vos viandes ou ajoutez-la \u00e0 vos salades pour une exp\u00e9rience gustative in\u00e9gal\u00e9e.","og_url":"https:\/\/staging.pitenis.eu\/fr\/produit\/moutarde-miel-tomate-olive\/","og_site_name":"Pitenis Shop | &#039;\u0395\u03c4\u03bf\u03b9\u03bc\u03b5\u03c2 \u03c3\u03b1\u03bb\u03ac\u03c4\u03b5\u03c2","article_modified_time":"2025-08-14T10:01:49+00:00","og_image":[{"width":500,"height":500,"url":"https:\/\/staging.pitenis.eu\/wp-content\/uploads\/2025\/05\/\u039c\u03bf\u03c5\u03c3\u03c4\u03ac\u03c1\u03b4\u03b1-\u039c\u03ad\u03bb\u03b9-\u039d\u03c4\u03bf\u03bc\u03ac\u03c4\u03b1-\u0395\u03bb\u03b9\u03ac-500x500-1.png","type":"image\/png"}],"twitter_card":"summary_large_image","twitter_misc":{"Dur\u00e9e de lecture estim\u00e9e":"1 minute"},"schema":{"@context":"https:\/\/schema.org","@graph":[{"@type":"WebPage","@id":"https:\/\/staging.pitenis.eu\/fr\/produit\/moutarde-miel-tomate-olive\/","url":"https:\/\/staging.pitenis.eu\/fr\/produit\/moutarde-miel-tomate-olive\/","name":"Moutarde Miel - Tomate - Olive - Pitenis Shop | &#039;\u0395\u03c4\u03bf\u03b9\u03bc\u03b5\u03c2 \u03c3\u03b1\u03bb\u03ac\u03c4\u03b5\u03c2","isPartOf":{"@id":"https:\/\/staging.pitenis.eu\/fr\/#website"},"primaryImageOfPage":{"@id":"https:\/\/staging.pitenis.eu\/fr\/produit\/moutarde-miel-tomate-olive\/#primaryimage"},"image":{"@id":"https:\/\/staging.pitenis.eu\/fr\/produit\/moutarde-miel-tomate-olive\/#primaryimage"},"thumbnailUrl":"https:\/\/staging.pitenis.eu\/wp-content\/uploads\/2025\/05\/\u039c\u03bf\u03c5\u03c3\u03c4\u03ac\u03c1\u03b4\u03b1-\u039c\u03ad\u03bb\u03b9-\u039d\u03c4\u03bf\u03bc\u03ac\u03c4\u03b1-\u0395\u03bb\u03b9\u03ac-500x500-1.png","datePublished":"2025-06-03T22:14:58+00:00","dateModified":"2025-08-14T10:01:49+00:00","breadcrumb":{"@id":"https:\/\/staging.pitenis.eu\/fr\/produit\/moutarde-miel-tomate-olive\/#breadcrumb"},"inLanguage":"fr-FR","potentialAction":[{"@type":"ReadAction","target":["https:\/\/staging.pitenis.eu\/fr\/produit\/moutarde-miel-tomate-olive\/"]}]},{"@type":"ImageObject","inLanguage":"fr-FR","@id":"https:\/\/staging.pitenis.eu\/fr\/produit\/moutarde-miel-tomate-olive\/#primaryimage","url":"https:\/\/staging.pitenis.eu\/wp-content\/uploads\/2025\/05\/\u039c\u03bf\u03c5\u03c3\u03c4\u03ac\u03c1\u03b4\u03b1-\u039c\u03ad\u03bb\u03b9-\u039d\u03c4\u03bf\u03bc\u03ac\u03c4\u03b1-\u0395\u03bb\u03b9\u03ac-500x500-1.png","contentUrl":"https:\/\/staging.pitenis.eu\/wp-content\/uploads\/2025\/05\/\u039c\u03bf\u03c5\u03c3\u03c4\u03ac\u03c1\u03b4\u03b1-\u039c\u03ad\u03bb\u03b9-\u039d\u03c4\u03bf\u03bc\u03ac\u03c4\u03b1-\u0395\u03bb\u03b9\u03ac-500x500-1.png","width":500,"height":500,"caption":"Moutarde Miel &#8211; Tomate &#8211; Olive-500&#215;500"},{"@type":"BreadcrumbList","@id":"https:\/\/staging.pitenis.eu\/fr\/produit\/moutarde-miel-tomate-olive\/#breadcrumb","itemListElement":[{"@type":"ListItem","position":1,"name":"Home","item":"https:\/\/staging.pitenis.eu\/fr\/"},{"@type":"ListItem","position":2,"name":"Boutique","item":"https:\/\/staging.pitenis.eu\/%ce%ba%ce%b1%cf%84%ce%ac%cf%83%cf%84%ce%b7%ce%bc%ce%b1\/"},{"@type":"ListItem","position":3,"name":"Moutarde Miel &#8211; Tomate &#8211; Olive"}]},{"@type":"WebSite","@id":"https:\/\/staging.pitenis.eu\/fr\/#website","url":"https:\/\/staging.pitenis.eu\/fr\/","name":"Pitenis Shop | &#039;\u0395\u03c4\u03bf\u03b9\u03bc\u03b5\u03c2 \u03c3\u03b1\u03bb\u03ac\u03c4\u03b5\u03c2","description":"\u03b1\u03bb\u03bf\u03b9\u03c6\u03ad\u03c2, \u03c8\u03b1\u03c1\u03b9\u03ba\u03ac, \u03c4\u03bf\u03c5\u03c1\u03c3\u03ac\u03ba\u03b9\u03b1","publisher":{"@id":"https:\/\/staging.pitenis.eu\/fr\/#organization"},"potentialAction":[{"@type":"SearchAction","target":{"@type":"EntryPoint","urlTemplate":"https:\/\/staging.pitenis.eu\/fr\/?s={search_term_string}"},"query-input":{"@type":"PropertyValueSpecification","valueRequired":true,"valueName":"search_term_string"}}],"inLanguage":"fr-FR"},{"@type":"Organization","@id":"https:\/\/staging.pitenis.eu\/fr\/#organization","name":"Pitenis Shop | &#039;\u0395\u03c4\u03bf\u03b9\u03bc\u03b5\u03c2 \u03c3\u03b1\u03bb\u03ac\u03c4\u03b5\u03c2","url":"https:\/\/staging.pitenis.eu\/fr\/","logo":{"@type":"ImageObject","inLanguage":"fr-FR","@id":"https:\/\/staging.pitenis.eu\/fr\/#\/schema\/logo\/image\/","url":"https:\/\/staging.pitenis.eu\/wp-content\/uploads\/2025\/04\/cropped-pitenis_logo.png","contentUrl":"https:\/\/staging.pitenis.eu\/wp-content\/uploads\/2025\/04\/cropped-pitenis_logo.png","width":172,"height":74,"caption":"Pitenis Shop | &#039;\u0395\u03c4\u03bf\u03b9\u03bc\u03b5\u03c2 \u03c3\u03b1\u03bb\u03ac\u03c4\u03b5\u03c2"},"image":{"@id":"https:\/\/staging.pitenis.eu\/fr\/#\/schema\/logo\/image\/"}}]}},"_links":{"self":[{"href":"https:\/\/staging.pitenis.eu\/fr\/wp-json\/wp\/v2\/product\/11982","targetHints":{"allow":["GET"]}}],"collection":[{"href":"https:\/\/staging.pitenis.eu\/fr\/wp-json\/wp\/v2\/product"}],"about":[{"href":"https:\/\/staging.pitenis.eu\/fr\/wp-json\/wp\/v2\/types\/product"}],"replies":[{"embeddable":true,"href":"https:\/\/staging.pitenis.eu\/fr\/wp-json\/wp\/v2\/comments?post=11982"}],"wp:featuredmedia":[{"embeddable":true,"href":"https:\/\/staging.pitenis.eu\/fr\/wp-json\/wp\/v2\/media\/11983"}],"wp:attachment":[{"href":"https:\/\/staging.pitenis.eu\/fr\/wp-json\/wp\/v2\/media?parent=11982"}],"wp:term":[{"taxonomy":"product_cat","embeddable":true,"href":"https:\/\/staging.pitenis.eu\/fr\/wp-json\/wp\/v2\/product_cat?post=11982"},{"taxonomy":"product_tag","embeddable":true,"href":"https:\/\/staging.pitenis.eu\/fr\/wp-json\/wp\/v2\/product_tag?post=11982"}],"curies":[{"name":"wp","href":"https:\/\/api.w.org\/{rel}","templated":true}]}}