{"id":11974,"date":"2025-06-03T22:15:34","date_gmt":"2025-06-03T22:15:34","guid":{"rendered":"https:\/\/e-shop.advonpitenis.eu\/product\/salade-de-pommes-de-terre-en-pate-vegan\/"},"modified":"2025-08-14T10:02:04","modified_gmt":"2025-08-14T10:02:04","slug":"salade-de-pommes-de-terre-en-pate-vegan","status":"publish","type":"product","link":"https:\/\/staging.pitenis.eu\/fr\/produit\/salade-de-pommes-de-terre-en-pate-vegan\/","title":{"rendered":"Salade de pommes de terre en p\u00e2te VEGAN"},"content":{"rendered":"<p><span style=\"font-weight: bold;\">Ingr\u00e9dients<\/span><br \/><span style='font-weight: bold; '>Ingr\u00e9dients :<\/span> pommes de terre fra\u00eeches 78%, carottes (carottes, sel, vinaigre, sucre), oignons s\u00e9ch\u00e9s, huile v\u00e9g\u00e9tale (huile de soja ou de tournesol), bouillon de l\u00e9gumes<span style='font-weight: bold; '> <\/span><span style='font-weight: bold; '>(soja<\/span>, <span style='font-weight: bold; '>c\u00e9leri<\/span>), saumure de citron (eau, jus de citron concentr\u00e9, r\u00e9gulateur d&rsquo;acidit\u00e9 : acide citrique), persil, sel, pur\u00e9e de pommes de terre 1% (pommes de terre d\u00e9shydrat\u00e9es 99%, conservateur : <span style='font-weight: bold; '>m\u00e9tabisulfite de sodium<\/span>), \u00e9pices, conservateurs : E202, E211<\/p>\n<p><span style=\"font-weight: bold;\">Combinaisons &#8211; suggestions d&rsquo;utilisation<\/span><br \/>La salade de pommes de terre \u00e0 jeun v\u00e9g\u00e9talienne peut \u00eatre utilis\u00e9e de diff\u00e9rentes mani\u00e8res.<br \/>\n&#8211; Savourez-la comme plat principal de votre repas, accompagn\u00e9e de l\u00e9gumes frais et de pain.<br \/>\n&#8211; Elle peut \u00e9galement \u00eatre utilis\u00e9e comme garniture de toast ou de sandwich, en ajoutant un peu de roquette pour un go\u00fbt plus aromatique.<br \/>\n&#8211; Vous pouvez \u00e9galement l&rsquo;accompagner de gressins pour cr\u00e9er un en-cas l\u00e9ger et savoureux.<br \/>\n&#8211; Enfin, vous pouvez ajouter la salade de pommes de terre \u00e0 une pizza ou l&rsquo;utiliser comme garniture pour des en-cas.<br \/>\nC&rsquo;est une suggestion id\u00e9ale pour les p\u00e9riodes de je\u00fbne ! Laissez libre cours \u00e0 votre imagination et d\u00e9couvrez de nouvelles fa\u00e7ons de d\u00e9guster la salade de pommes de terre v\u00e9g\u00e9talienne pour le je\u00fbne.<\/p>\n","protected":false},"excerpt":{"rendered":"<p>L&rsquo;authentique salade de pommes de terre v\u00e9g\u00e9talienne pour le je\u00fbne est un choix d\u00e9licieux pour ceux qui suivent un r\u00e9gime v\u00e9g\u00e9tarien. Compos\u00e9e de pommes de terre fra\u00eeches, d&rsquo;oignons secs grossi\u00e8rement hach\u00e9s, de carottes et de persil frais, elle offre une combinaison saine de saveurs et de nutriments. La note citronn\u00e9e distinctive ajoute un ar\u00f4me rafra\u00eechissant et de la fra\u00eecheur. Savourez-le en tant que repas complet ou comme salade d&rsquo;accompagnement lors de d\u00e9jeuners et de buffets dans une version v\u00e9g\u00e9talienne.<\/p>\n","protected":false},"featured_media":15175,"comment_status":"closed","ping_status":"closed","template":"","meta":{"_acf_changed":false},"product_cat":[264],"product_tag":[],"class_list":{"0":"post-11974","1":"product","2":"type-product","3":"status-publish","4":"has-post-thumbnail","6":"product_cat-vegetalien","8":"first","9":"instock","10":"taxable","11":"shipping-taxable","12":"purchasable","13":"product-type-variable"},"acf":[],"yoast_head":"<!-- This site is optimized with the Yoast SEO plugin v27.4 - https:\/\/yoast.com\/product\/yoast-seo-wordpress\/ -->\n<title>Salade de pommes de terre en p\u00e2te VEGAN - Pitenis Shop | &#039;\u0395\u03c4\u03bf\u03b9\u03bc\u03b5\u03c2 \u03c3\u03b1\u03bb\u03ac\u03c4\u03b5\u03c2<\/title>\n<meta name=\"robots\" content=\"index, follow, max-snippet:-1, max-image-preview:large, max-video-preview:-1\" \/>\n<link rel=\"canonical\" href=\"https:\/\/staging.pitenis.eu\/fr\/produit\/salade-de-pommes-de-terre-en-pate-vegan\/\" \/>\n<meta property=\"og:locale\" content=\"fr_FR\" \/>\n<meta property=\"og:type\" content=\"article\" \/>\n<meta property=\"og:title\" content=\"Salade de pommes de terre en p\u00e2te VEGAN - Pitenis Shop | &#039;\u0395\u03c4\u03bf\u03b9\u03bc\u03b5\u03c2 \u03c3\u03b1\u03bb\u03ac\u03c4\u03b5\u03c2\" \/>\n<meta property=\"og:description\" content=\"L&#039;authentique salade de pommes de terre v\u00e9g\u00e9talienne pour le je\u00fbne est un choix d\u00e9licieux pour ceux qui suivent un r\u00e9gime v\u00e9g\u00e9tarien. Compos\u00e9e de pommes de terre fra\u00eeches, d&#039;oignons secs grossi\u00e8rement hach\u00e9s, de carottes et de persil frais, elle offre une combinaison saine de saveurs et de nutriments. La note citronn\u00e9e distinctive ajoute un ar\u00f4me rafra\u00eechissant et de la fra\u00eecheur. Savourez-le en tant que repas complet ou comme salade d&#039;accompagnement lors de d\u00e9jeuners et de buffets dans une version v\u00e9g\u00e9talienne.\" \/>\n<meta property=\"og:url\" content=\"https:\/\/staging.pitenis.eu\/fr\/produit\/salade-de-pommes-de-terre-en-pate-vegan\/\" \/>\n<meta property=\"og:site_name\" content=\"Pitenis Shop | &#039;\u0395\u03c4\u03bf\u03b9\u03bc\u03b5\u03c2 \u03c3\u03b1\u03bb\u03ac\u03c4\u03b5\u03c2\" \/>\n<meta property=\"article:modified_time\" content=\"2025-08-14T10:02:04+00:00\" \/>\n<meta property=\"og:image\" content=\"https:\/\/staging.pitenis.eu\/wp-content\/uploads\/2025\/06\/VEGAN_\u03a0\u0391\u03a4\u0391\u03a4\u039f\u03a3\u0391\u039b\u0391\u03a4\u0391.png\" \/>\n\t<meta property=\"og:image:width\" content=\"1000\" \/>\n\t<meta property=\"og:image:height\" content=\"1000\" \/>\n\t<meta property=\"og:image:type\" content=\"image\/png\" \/>\n<meta name=\"twitter:card\" content=\"summary_large_image\" \/>\n<meta name=\"twitter:label1\" content=\"Dur\u00e9e de lecture estim\u00e9e\" \/>\n\t<meta name=\"twitter:data1\" content=\"1 minute\" \/>\n<script type=\"application\/ld+json\" class=\"yoast-schema-graph\">{\"@context\":\"https:\\\/\\\/schema.org\",\"@graph\":[{\"@type\":\"WebPage\",\"@id\":\"https:\\\/\\\/staging.pitenis.eu\\\/fr\\\/produit\\\/salade-de-pommes-de-terre-en-pate-vegan\\\/\",\"url\":\"https:\\\/\\\/staging.pitenis.eu\\\/fr\\\/produit\\\/salade-de-pommes-de-terre-en-pate-vegan\\\/\",\"name\":\"Salade de pommes de terre en p\u00e2te VEGAN - Pitenis Shop | &#039;\u0395\u03c4\u03bf\u03b9\u03bc\u03b5\u03c2 \u03c3\u03b1\u03bb\u03ac\u03c4\u03b5\u03c2\",\"isPartOf\":{\"@id\":\"https:\\\/\\\/staging.pitenis.eu\\\/fr\\\/#website\"},\"primaryImageOfPage\":{\"@id\":\"https:\\\/\\\/staging.pitenis.eu\\\/fr\\\/produit\\\/salade-de-pommes-de-terre-en-pate-vegan\\\/#primaryimage\"},\"image\":{\"@id\":\"https:\\\/\\\/staging.pitenis.eu\\\/fr\\\/produit\\\/salade-de-pommes-de-terre-en-pate-vegan\\\/#primaryimage\"},\"thumbnailUrl\":\"https:\\\/\\\/staging.pitenis.eu\\\/wp-content\\\/uploads\\\/2025\\\/06\\\/VEGAN_\u03a0\u0391\u03a4\u0391\u03a4\u039f\u03a3\u0391\u039b\u0391\u03a4\u0391.png\",\"datePublished\":\"2025-06-03T22:15:34+00:00\",\"dateModified\":\"2025-08-14T10:02:04+00:00\",\"breadcrumb\":{\"@id\":\"https:\\\/\\\/staging.pitenis.eu\\\/fr\\\/produit\\\/salade-de-pommes-de-terre-en-pate-vegan\\\/#breadcrumb\"},\"inLanguage\":\"fr-FR\",\"potentialAction\":[{\"@type\":\"ReadAction\",\"target\":[\"https:\\\/\\\/staging.pitenis.eu\\\/fr\\\/produit\\\/salade-de-pommes-de-terre-en-pate-vegan\\\/\"]}]},{\"@type\":\"ImageObject\",\"inLanguage\":\"fr-FR\",\"@id\":\"https:\\\/\\\/staging.pitenis.eu\\\/fr\\\/produit\\\/salade-de-pommes-de-terre-en-pate-vegan\\\/#primaryimage\",\"url\":\"https:\\\/\\\/staging.pitenis.eu\\\/wp-content\\\/uploads\\\/2025\\\/06\\\/VEGAN_\u03a0\u0391\u03a4\u0391\u03a4\u039f\u03a3\u0391\u039b\u0391\u03a4\u0391.png\",\"contentUrl\":\"https:\\\/\\\/staging.pitenis.eu\\\/wp-content\\\/uploads\\\/2025\\\/06\\\/VEGAN_\u03a0\u0391\u03a4\u0391\u03a4\u039f\u03a3\u0391\u039b\u0391\u03a4\u0391.png\",\"width\":1000,\"height\":1000},{\"@type\":\"BreadcrumbList\",\"@id\":\"https:\\\/\\\/staging.pitenis.eu\\\/fr\\\/produit\\\/salade-de-pommes-de-terre-en-pate-vegan\\\/#breadcrumb\",\"itemListElement\":[{\"@type\":\"ListItem\",\"position\":1,\"name\":\"Home\",\"item\":\"https:\\\/\\\/staging.pitenis.eu\\\/fr\\\/\"},{\"@type\":\"ListItem\",\"position\":2,\"name\":\"Boutique\",\"item\":\"https:\\\/\\\/staging.pitenis.eu\\\/%ce%ba%ce%b1%cf%84%ce%ac%cf%83%cf%84%ce%b7%ce%bc%ce%b1\\\/\"},{\"@type\":\"ListItem\",\"position\":3,\"name\":\"Salade de pommes de terre en p\u00e2te VEGAN\"}]},{\"@type\":\"WebSite\",\"@id\":\"https:\\\/\\\/staging.pitenis.eu\\\/fr\\\/#website\",\"url\":\"https:\\\/\\\/staging.pitenis.eu\\\/fr\\\/\",\"name\":\"Pitenis Shop | &#039;\u0395\u03c4\u03bf\u03b9\u03bc\u03b5\u03c2 \u03c3\u03b1\u03bb\u03ac\u03c4\u03b5\u03c2\",\"description\":\"\u03b1\u03bb\u03bf\u03b9\u03c6\u03ad\u03c2, \u03c8\u03b1\u03c1\u03b9\u03ba\u03ac, \u03c4\u03bf\u03c5\u03c1\u03c3\u03ac\u03ba\u03b9\u03b1\",\"publisher\":{\"@id\":\"https:\\\/\\\/staging.pitenis.eu\\\/fr\\\/#organization\"},\"potentialAction\":[{\"@type\":\"SearchAction\",\"target\":{\"@type\":\"EntryPoint\",\"urlTemplate\":\"https:\\\/\\\/staging.pitenis.eu\\\/fr\\\/?s={search_term_string}\"},\"query-input\":{\"@type\":\"PropertyValueSpecification\",\"valueRequired\":true,\"valueName\":\"search_term_string\"}}],\"inLanguage\":\"fr-FR\"},{\"@type\":\"Organization\",\"@id\":\"https:\\\/\\\/staging.pitenis.eu\\\/fr\\\/#organization\",\"name\":\"Pitenis Shop | &#039;\u0395\u03c4\u03bf\u03b9\u03bc\u03b5\u03c2 \u03c3\u03b1\u03bb\u03ac\u03c4\u03b5\u03c2\",\"url\":\"https:\\\/\\\/staging.pitenis.eu\\\/fr\\\/\",\"logo\":{\"@type\":\"ImageObject\",\"inLanguage\":\"fr-FR\",\"@id\":\"https:\\\/\\\/staging.pitenis.eu\\\/fr\\\/#\\\/schema\\\/logo\\\/image\\\/\",\"url\":\"https:\\\/\\\/staging.pitenis.eu\\\/wp-content\\\/uploads\\\/2025\\\/04\\\/cropped-pitenis_logo.png\",\"contentUrl\":\"https:\\\/\\\/staging.pitenis.eu\\\/wp-content\\\/uploads\\\/2025\\\/04\\\/cropped-pitenis_logo.png\",\"width\":172,\"height\":74,\"caption\":\"Pitenis Shop | &#039;\u0395\u03c4\u03bf\u03b9\u03bc\u03b5\u03c2 \u03c3\u03b1\u03bb\u03ac\u03c4\u03b5\u03c2\"},\"image\":{\"@id\":\"https:\\\/\\\/staging.pitenis.eu\\\/fr\\\/#\\\/schema\\\/logo\\\/image\\\/\"}}]}<\/script>\n<!-- \/ Yoast SEO plugin. -->","yoast_head_json":{"title":"Salade de pommes de terre en p\u00e2te VEGAN - Pitenis Shop | &#039;\u0395\u03c4\u03bf\u03b9\u03bc\u03b5\u03c2 \u03c3\u03b1\u03bb\u03ac\u03c4\u03b5\u03c2","robots":{"index":"index","follow":"follow","max-snippet":"max-snippet:-1","max-image-preview":"max-image-preview:large","max-video-preview":"max-video-preview:-1"},"canonical":"https:\/\/staging.pitenis.eu\/fr\/produit\/salade-de-pommes-de-terre-en-pate-vegan\/","og_locale":"fr_FR","og_type":"article","og_title":"Salade de pommes de terre en p\u00e2te VEGAN - Pitenis Shop | &#039;\u0395\u03c4\u03bf\u03b9\u03bc\u03b5\u03c2 \u03c3\u03b1\u03bb\u03ac\u03c4\u03b5\u03c2","og_description":"L'authentique salade de pommes de terre v\u00e9g\u00e9talienne pour le je\u00fbne est un choix d\u00e9licieux pour ceux qui suivent un r\u00e9gime v\u00e9g\u00e9tarien. Compos\u00e9e de pommes de terre fra\u00eeches, d'oignons secs grossi\u00e8rement hach\u00e9s, de carottes et de persil frais, elle offre une combinaison saine de saveurs et de nutriments. La note citronn\u00e9e distinctive ajoute un ar\u00f4me rafra\u00eechissant et de la fra\u00eecheur. Savourez-le en tant que repas complet ou comme salade d'accompagnement lors de d\u00e9jeuners et de buffets dans une version v\u00e9g\u00e9talienne.","og_url":"https:\/\/staging.pitenis.eu\/fr\/produit\/salade-de-pommes-de-terre-en-pate-vegan\/","og_site_name":"Pitenis Shop | &#039;\u0395\u03c4\u03bf\u03b9\u03bc\u03b5\u03c2 \u03c3\u03b1\u03bb\u03ac\u03c4\u03b5\u03c2","article_modified_time":"2025-08-14T10:02:04+00:00","og_image":[{"width":1000,"height":1000,"url":"https:\/\/staging.pitenis.eu\/wp-content\/uploads\/2025\/06\/VEGAN_\u03a0\u0391\u03a4\u0391\u03a4\u039f\u03a3\u0391\u039b\u0391\u03a4\u0391.png","type":"image\/png"}],"twitter_card":"summary_large_image","twitter_misc":{"Dur\u00e9e de lecture estim\u00e9e":"1 minute"},"schema":{"@context":"https:\/\/schema.org","@graph":[{"@type":"WebPage","@id":"https:\/\/staging.pitenis.eu\/fr\/produit\/salade-de-pommes-de-terre-en-pate-vegan\/","url":"https:\/\/staging.pitenis.eu\/fr\/produit\/salade-de-pommes-de-terre-en-pate-vegan\/","name":"Salade de pommes de terre en p\u00e2te VEGAN - Pitenis Shop | &#039;\u0395\u03c4\u03bf\u03b9\u03bc\u03b5\u03c2 \u03c3\u03b1\u03bb\u03ac\u03c4\u03b5\u03c2","isPartOf":{"@id":"https:\/\/staging.pitenis.eu\/fr\/#website"},"primaryImageOfPage":{"@id":"https:\/\/staging.pitenis.eu\/fr\/produit\/salade-de-pommes-de-terre-en-pate-vegan\/#primaryimage"},"image":{"@id":"https:\/\/staging.pitenis.eu\/fr\/produit\/salade-de-pommes-de-terre-en-pate-vegan\/#primaryimage"},"thumbnailUrl":"https:\/\/staging.pitenis.eu\/wp-content\/uploads\/2025\/06\/VEGAN_\u03a0\u0391\u03a4\u0391\u03a4\u039f\u03a3\u0391\u039b\u0391\u03a4\u0391.png","datePublished":"2025-06-03T22:15:34+00:00","dateModified":"2025-08-14T10:02:04+00:00","breadcrumb":{"@id":"https:\/\/staging.pitenis.eu\/fr\/produit\/salade-de-pommes-de-terre-en-pate-vegan\/#breadcrumb"},"inLanguage":"fr-FR","potentialAction":[{"@type":"ReadAction","target":["https:\/\/staging.pitenis.eu\/fr\/produit\/salade-de-pommes-de-terre-en-pate-vegan\/"]}]},{"@type":"ImageObject","inLanguage":"fr-FR","@id":"https:\/\/staging.pitenis.eu\/fr\/produit\/salade-de-pommes-de-terre-en-pate-vegan\/#primaryimage","url":"https:\/\/staging.pitenis.eu\/wp-content\/uploads\/2025\/06\/VEGAN_\u03a0\u0391\u03a4\u0391\u03a4\u039f\u03a3\u0391\u039b\u0391\u03a4\u0391.png","contentUrl":"https:\/\/staging.pitenis.eu\/wp-content\/uploads\/2025\/06\/VEGAN_\u03a0\u0391\u03a4\u0391\u03a4\u039f\u03a3\u0391\u039b\u0391\u03a4\u0391.png","width":1000,"height":1000},{"@type":"BreadcrumbList","@id":"https:\/\/staging.pitenis.eu\/fr\/produit\/salade-de-pommes-de-terre-en-pate-vegan\/#breadcrumb","itemListElement":[{"@type":"ListItem","position":1,"name":"Home","item":"https:\/\/staging.pitenis.eu\/fr\/"},{"@type":"ListItem","position":2,"name":"Boutique","item":"https:\/\/staging.pitenis.eu\/%ce%ba%ce%b1%cf%84%ce%ac%cf%83%cf%84%ce%b7%ce%bc%ce%b1\/"},{"@type":"ListItem","position":3,"name":"Salade de pommes de terre en p\u00e2te VEGAN"}]},{"@type":"WebSite","@id":"https:\/\/staging.pitenis.eu\/fr\/#website","url":"https:\/\/staging.pitenis.eu\/fr\/","name":"Pitenis Shop | &#039;\u0395\u03c4\u03bf\u03b9\u03bc\u03b5\u03c2 \u03c3\u03b1\u03bb\u03ac\u03c4\u03b5\u03c2","description":"\u03b1\u03bb\u03bf\u03b9\u03c6\u03ad\u03c2, \u03c8\u03b1\u03c1\u03b9\u03ba\u03ac, \u03c4\u03bf\u03c5\u03c1\u03c3\u03ac\u03ba\u03b9\u03b1","publisher":{"@id":"https:\/\/staging.pitenis.eu\/fr\/#organization"},"potentialAction":[{"@type":"SearchAction","target":{"@type":"EntryPoint","urlTemplate":"https:\/\/staging.pitenis.eu\/fr\/?s={search_term_string}"},"query-input":{"@type":"PropertyValueSpecification","valueRequired":true,"valueName":"search_term_string"}}],"inLanguage":"fr-FR"},{"@type":"Organization","@id":"https:\/\/staging.pitenis.eu\/fr\/#organization","name":"Pitenis Shop | &#039;\u0395\u03c4\u03bf\u03b9\u03bc\u03b5\u03c2 \u03c3\u03b1\u03bb\u03ac\u03c4\u03b5\u03c2","url":"https:\/\/staging.pitenis.eu\/fr\/","logo":{"@type":"ImageObject","inLanguage":"fr-FR","@id":"https:\/\/staging.pitenis.eu\/fr\/#\/schema\/logo\/image\/","url":"https:\/\/staging.pitenis.eu\/wp-content\/uploads\/2025\/04\/cropped-pitenis_logo.png","contentUrl":"https:\/\/staging.pitenis.eu\/wp-content\/uploads\/2025\/04\/cropped-pitenis_logo.png","width":172,"height":74,"caption":"Pitenis Shop | &#039;\u0395\u03c4\u03bf\u03b9\u03bc\u03b5\u03c2 \u03c3\u03b1\u03bb\u03ac\u03c4\u03b5\u03c2"},"image":{"@id":"https:\/\/staging.pitenis.eu\/fr\/#\/schema\/logo\/image\/"}}]}},"_links":{"self":[{"href":"https:\/\/staging.pitenis.eu\/fr\/wp-json\/wp\/v2\/product\/11974","targetHints":{"allow":["GET"]}}],"collection":[{"href":"https:\/\/staging.pitenis.eu\/fr\/wp-json\/wp\/v2\/product"}],"about":[{"href":"https:\/\/staging.pitenis.eu\/fr\/wp-json\/wp\/v2\/types\/product"}],"replies":[{"embeddable":true,"href":"https:\/\/staging.pitenis.eu\/fr\/wp-json\/wp\/v2\/comments?post=11974"}],"wp:featuredmedia":[{"embeddable":true,"href":"https:\/\/staging.pitenis.eu\/fr\/wp-json\/wp\/v2\/media\/15175"}],"wp:attachment":[{"href":"https:\/\/staging.pitenis.eu\/fr\/wp-json\/wp\/v2\/media?parent=11974"}],"wp:term":[{"taxonomy":"product_cat","embeddable":true,"href":"https:\/\/staging.pitenis.eu\/fr\/wp-json\/wp\/v2\/product_cat?post=11974"},{"taxonomy":"product_tag","embeddable":true,"href":"https:\/\/staging.pitenis.eu\/fr\/wp-json\/wp\/v2\/product_tag?post=11974"}],"curies":[{"name":"wp","href":"https:\/\/api.w.org\/{rel}","templated":true}]}}