{"id":11970,"date":"2025-06-03T22:15:34","date_gmt":"2025-06-03T22:15:34","guid":{"rendered":"https:\/\/e-shop.advonpitenis.eu\/product\/mont-athos-vegan\/"},"modified":"2025-08-14T10:02:03","modified_gmt":"2025-08-14T10:02:03","slug":"mont-athos-vegan","status":"publish","type":"product","link":"https:\/\/staging.pitenis.eu\/fr\/produit\/mont-athos-vegan\/","title":{"rendered":"Mont Athos VEGAN"},"content":{"rendered":"<p><span style=\"font-weight: bold;\">Ingr\u00e9dients<\/span><br \/><span style='font-weight: bold; '>Ingr\u00e9dients :<\/span> P\u00e2te d&rsquo;aubergine 61% (aubergine, sel, r\u00e9gulateur d&rsquo;acidit\u00e9 : acide lactique), poivre Florina (poivre Florina 14%, eau, sel, vinaigre, sucre), huile v\u00e9g\u00e9tale (huile de soja ou de tournesol), ail, vinaigre, sel, persil frais, \u00e9pices, r\u00e9gulateur d&rsquo;acidit\u00e9 : acide citrique, conservateurs : E202, E211. Contient \u00e9ventuellement des traces de <span style='font-weight: bold; '>c\u00e9leri<\/span>.<\/p>\n<p><span style=\"font-weight: bold;\">Combinaisons &#8211; suggestions d&rsquo;utilisation<\/span><br \/>&#8211; Vous pouvez utiliser Ayurvedic vegan comme option saine et savoureuse pour votre plat principal, en l&rsquo;accompagnant de riz, de pommes de terre ou de p\u00e2tes.<br \/>&#8211; Vous pouvez \u00e9galement l&rsquo;ajouter aux salades pour plus de saveur et de prot\u00e9ines.<br \/>&#8211; Vous pouvez \u00e9galement l&rsquo;utiliser comme garniture pour les tartes, les tartelettes ou les sandwiches. &#8211; Vous pouvez \u00e9galement l&rsquo;utiliser comme garniture pour les tartes, les tartelettes ou les sandwiches. <br \/>D\u00e9couvrez la vari\u00e9t\u00e9 de ses utilisations et cr\u00e9ez de d\u00e9licieux plats v\u00e9g\u00e9taliens avec une influence du Mont Athos.<br \/>Recette : Hunkiar de b\u0153uf aux pitenis du Mont Athos<br \/>Ingr\u00e9dients<br \/><\/span>Pour le b\u0153uf :<br \/>&#8211; 1 200 g. \u03bc\u03bf\u03c3\u03c7\u03ac\u03c1\u03b9 (\u03b5\u03bb\u03b9\u03ac \u03ae \u03c7\u03c4\u03ad\u03bd\u03b9 \u03c3\u03c0\u03ac\u03bb\u03b1\u03c2) \u03ba\u03bf\u03bc\u03bc\u03ad\u03bd\u03bf \u03c3\u03b5 \u03bc\u03ad\u03b3\u03b5\u03b8\u03bf\u03c2 \u03bc\u03b5\u03b3\u03ac\u03bb\u03b7\u03c2 \u03bc\u03c0\u03bf\u03c5\u03ba\u03b9\u03ac\u03c2<br \/>\u2022 \u00bc \u03ad\u03be\u03c4\u03c1\u03b1 \u03c0\u03b1\u03c1\u03b8\u03ad\u03bd\u03bf \u03b5\u03bb\u03b1\u03b9\u03cc\u03bb\u03b1\u03b4\u03bf \u00ab\u0395\u03c1\u03c9\u03c4\u03cc\u03ba\u03c1\u03b9\u03c4\u03bf\u03c2\u00bb<br \/>\u2022 2 \u03be\u03b5\u03c1\u03ac \u03ba\u03c1\u03b5\u03bc\u03bc\u03cd\u03b4\u03b9\u03b1 \u03c8\u03b9\u03bb\u03bf\u03ba\u03bf\u03bc\u03bc\u03ad\u03bd\u03b1<br \/>\u2022 1 \u03ba\u03b1\u03c1\u03cc\u03c4\u03bf \u03c8\u03b9\u03bb\u03bf\u03ba\u03bf\u03bc\u03bc\u03ad\u03bd\u03bf<br \/>\u2022 1 \u03c3\u03ba\u03b5\u03bb\u03af\u03b4\u03b1 \u03c3\u03ba\u03cc\u03c1\u03b4\u03bf<br \/>\u2022 1 \u03ba.\u03c3. \u03c0\u03b5\u03bb\u03c4\u03ad<br \/>\u2022 \u00be \u03c6\u03bb\u03c5\u03c4\u03b6.<br \/>Vin rouge<br \/>&#8211; 1 paquet de 500 ml de sauce tomate traditionnelle Pitenis<br \/>&#8211; 3 feuilles de laurier<br \/>&#8211; 5-6 \u00e9pices<br \/>&#8211; 1 morceau de b\u00e2ton de cannelle<br \/>&#8211; 2-3 brins de persil<br \/>&#8211; 1 lt de bouillon de poulet<br \/>&#8211; Sel et poivre<br \/>Pour la pur\u00e9e :<br \/>&#8211; 1 cuill\u00e8re \u00e0 caf\u00e9 de sel et de poivre. T\u03c5\u03c1\u03bf\u03ba\u03b1\u03c5\u03c4\u03b5\u03c1\u03ae Pitenis<br \/>E\u03ba\u03c4\u03ad\u03bb\u03b5\u03c3\u03b7<br \/><\/span>\u0393\u03b9\u03b1 \u03c4\u03bf \u03bc\u03bf\u03c3\u03c7\u03ac\u03c1\u03b9 :<br \/>&#8211; Dans une marmite, mettre l&rsquo;huile d&rsquo;olive extra vierge \u00ab\u00a0Erotokritos\u00a0\u00bb \u00e0 chauffer et placer le b\u0153uf de fa\u00e7on \u00e0 ce qu&rsquo;il prenne une tr\u00e8s belle couleur<br \/>&#8211; Hacher finement les oignons et la carotte et les ajouter dans la marmite<br \/>&#8211; Ajouter le concentr\u00e9 de tomates<br \/>&#8211; Ajouter le vin et attendre 1 minute2 minutes pour que l&rsquo;alcool s&rsquo;\u00e9vapore<br \/>&#8211; Ajouter la sauce tomate traditionnelle Pitenis et les \u00e9pices<br \/>&#8211; Ajouter le bouillon, saler et poivrer<br \/>&#8211; Mettre le couvercle sur la marmite et baisser le feu<br \/>&#8211; Cuire pendant 1 \u00bd &#8211; 2 heures jusqu&rsquo;\u00e0 ce que la viande soit bien attendrie et que la sauce \u00e9paississe<br \/>&#8211; Ajouter le persil grossi\u00e8rement hach\u00e9<br \/>Pour la pur\u00e9e :<br \/>&#8211; Dans une po\u00eale, ajouter un peu d&rsquo;huile d&rsquo;olive extra vierge \u00ab\u00a0Erotokritos\u00a0\u00bb<br \/>&#8211; Ajouter la salade de Pitenis du Mont Athos<br \/>&#8211; Faire revenir jusqu&rsquo;\u00e0 ce qu&rsquo;elle \u00ab\u00a0boive\u00a0\u00bb son liquide<br \/>&#8211; Ajouter un peu de persil et 2 cuill\u00e8res \u00e0 soupe de Pitenis Tyrokautytheri<\/p>\n","protected":false},"excerpt":{"rendered":"<p>Cette recette associe l&rsquo;aubergine douce r\u00f4tie au poivre de Florina grossi\u00e8rement hach\u00e9 et au persil frais, cr\u00e9ant ainsi un d\u00e9licieux plat traditionnel. La saveur intense de l&rsquo;ail et l&rsquo;ar\u00f4me subtil du poivre ajoutent des notes multidimensionnelles \u00e0 la recette. D\u00e9gustez-la en entr\u00e9e ou comme suggestion traditionnelle et saine pour un repas. Un plat plein de saveurs et d&rsquo;ar\u00f4mes !<\/p>\n","protected":false},"featured_media":15172,"comment_status":"closed","ping_status":"closed","template":"","meta":{"_acf_changed":false},"product_cat":[340,264],"product_tag":[],"class_list":{"0":"post-11970","1":"product","2":"type-product","3":"status-publish","4":"has-post-thumbnail","6":"product_cat-lenten-dishes-fr","7":"product_cat-vegetalien","9":"first","10":"instock","11":"taxable","12":"shipping-taxable","13":"purchasable","14":"product-type-variable"},"acf":[],"yoast_head":"<!-- This site is optimized with the Yoast SEO plugin v27.4 - https:\/\/yoast.com\/product\/yoast-seo-wordpress\/ -->\n<title>Mont Athos VEGAN - Pitenis Shop | &#039;\u0395\u03c4\u03bf\u03b9\u03bc\u03b5\u03c2 \u03c3\u03b1\u03bb\u03ac\u03c4\u03b5\u03c2<\/title>\n<meta name=\"robots\" content=\"index, follow, max-snippet:-1, max-image-preview:large, max-video-preview:-1\" \/>\n<link rel=\"canonical\" href=\"https:\/\/staging.pitenis.eu\/fr\/produit\/mont-athos-vegan\/\" \/>\n<meta property=\"og:locale\" content=\"fr_FR\" \/>\n<meta property=\"og:type\" content=\"article\" \/>\n<meta property=\"og:title\" content=\"Mont Athos VEGAN - Pitenis Shop | &#039;\u0395\u03c4\u03bf\u03b9\u03bc\u03b5\u03c2 \u03c3\u03b1\u03bb\u03ac\u03c4\u03b5\u03c2\" \/>\n<meta property=\"og:description\" content=\"Cette recette associe l&#039;aubergine douce r\u00f4tie au poivre de Florina grossi\u00e8rement hach\u00e9 et au persil frais, cr\u00e9ant ainsi un d\u00e9licieux plat traditionnel. La saveur intense de l&#039;ail et l&#039;ar\u00f4me subtil du poivre ajoutent des notes multidimensionnelles \u00e0 la recette. D\u00e9gustez-la en entr\u00e9e ou comme suggestion traditionnelle et saine pour un repas. Un plat plein de saveurs et d&#039;ar\u00f4mes !\" \/>\n<meta property=\"og:url\" content=\"https:\/\/staging.pitenis.eu\/fr\/produit\/mont-athos-vegan\/\" \/>\n<meta property=\"og:site_name\" content=\"Pitenis Shop | &#039;\u0395\u03c4\u03bf\u03b9\u03bc\u03b5\u03c2 \u03c3\u03b1\u03bb\u03ac\u03c4\u03b5\u03c2\" \/>\n<meta property=\"article:modified_time\" content=\"2025-08-14T10:02:03+00:00\" \/>\n<meta property=\"og:image\" content=\"https:\/\/staging.pitenis.eu\/wp-content\/uploads\/2025\/06\/VEGAN_\u0391\u0393\u0399\u039f\u03a1\u0395\u0399\u03a4\u0399\u039a\u0397.png\" \/>\n\t<meta property=\"og:image:width\" content=\"1000\" \/>\n\t<meta property=\"og:image:height\" content=\"1000\" \/>\n\t<meta property=\"og:image:type\" content=\"image\/png\" \/>\n<meta name=\"twitter:card\" content=\"summary_large_image\" \/>\n<meta name=\"twitter:label1\" content=\"Dur\u00e9e de lecture estim\u00e9e\" \/>\n\t<meta name=\"twitter:data1\" content=\"2 minutes\" \/>\n<script type=\"application\/ld+json\" class=\"yoast-schema-graph\">{\"@context\":\"https:\\\/\\\/schema.org\",\"@graph\":[{\"@type\":\"WebPage\",\"@id\":\"https:\\\/\\\/staging.pitenis.eu\\\/fr\\\/produit\\\/mont-athos-vegan\\\/\",\"url\":\"https:\\\/\\\/staging.pitenis.eu\\\/fr\\\/produit\\\/mont-athos-vegan\\\/\",\"name\":\"Mont Athos VEGAN - Pitenis Shop | &#039;\u0395\u03c4\u03bf\u03b9\u03bc\u03b5\u03c2 \u03c3\u03b1\u03bb\u03ac\u03c4\u03b5\u03c2\",\"isPartOf\":{\"@id\":\"https:\\\/\\\/staging.pitenis.eu\\\/fr\\\/#website\"},\"primaryImageOfPage\":{\"@id\":\"https:\\\/\\\/staging.pitenis.eu\\\/fr\\\/produit\\\/mont-athos-vegan\\\/#primaryimage\"},\"image\":{\"@id\":\"https:\\\/\\\/staging.pitenis.eu\\\/fr\\\/produit\\\/mont-athos-vegan\\\/#primaryimage\"},\"thumbnailUrl\":\"https:\\\/\\\/staging.pitenis.eu\\\/wp-content\\\/uploads\\\/2025\\\/06\\\/VEGAN_\u0391\u0393\u0399\u039f\u03a1\u0395\u0399\u03a4\u0399\u039a\u0397.png\",\"datePublished\":\"2025-06-03T22:15:34+00:00\",\"dateModified\":\"2025-08-14T10:02:03+00:00\",\"breadcrumb\":{\"@id\":\"https:\\\/\\\/staging.pitenis.eu\\\/fr\\\/produit\\\/mont-athos-vegan\\\/#breadcrumb\"},\"inLanguage\":\"fr-FR\",\"potentialAction\":[{\"@type\":\"ReadAction\",\"target\":[\"https:\\\/\\\/staging.pitenis.eu\\\/fr\\\/produit\\\/mont-athos-vegan\\\/\"]}]},{\"@type\":\"ImageObject\",\"inLanguage\":\"fr-FR\",\"@id\":\"https:\\\/\\\/staging.pitenis.eu\\\/fr\\\/produit\\\/mont-athos-vegan\\\/#primaryimage\",\"url\":\"https:\\\/\\\/staging.pitenis.eu\\\/wp-content\\\/uploads\\\/2025\\\/06\\\/VEGAN_\u0391\u0393\u0399\u039f\u03a1\u0395\u0399\u03a4\u0399\u039a\u0397.png\",\"contentUrl\":\"https:\\\/\\\/staging.pitenis.eu\\\/wp-content\\\/uploads\\\/2025\\\/06\\\/VEGAN_\u0391\u0393\u0399\u039f\u03a1\u0395\u0399\u03a4\u0399\u039a\u0397.png\",\"width\":1000,\"height\":1000},{\"@type\":\"BreadcrumbList\",\"@id\":\"https:\\\/\\\/staging.pitenis.eu\\\/fr\\\/produit\\\/mont-athos-vegan\\\/#breadcrumb\",\"itemListElement\":[{\"@type\":\"ListItem\",\"position\":1,\"name\":\"Home\",\"item\":\"https:\\\/\\\/staging.pitenis.eu\\\/fr\\\/\"},{\"@type\":\"ListItem\",\"position\":2,\"name\":\"Boutique\",\"item\":\"https:\\\/\\\/staging.pitenis.eu\\\/%ce%ba%ce%b1%cf%84%ce%ac%cf%83%cf%84%ce%b7%ce%bc%ce%b1\\\/\"},{\"@type\":\"ListItem\",\"position\":3,\"name\":\"Mont Athos VEGAN\"}]},{\"@type\":\"WebSite\",\"@id\":\"https:\\\/\\\/staging.pitenis.eu\\\/fr\\\/#website\",\"url\":\"https:\\\/\\\/staging.pitenis.eu\\\/fr\\\/\",\"name\":\"Pitenis Shop | &#039;\u0395\u03c4\u03bf\u03b9\u03bc\u03b5\u03c2 \u03c3\u03b1\u03bb\u03ac\u03c4\u03b5\u03c2\",\"description\":\"\u03b1\u03bb\u03bf\u03b9\u03c6\u03ad\u03c2, \u03c8\u03b1\u03c1\u03b9\u03ba\u03ac, \u03c4\u03bf\u03c5\u03c1\u03c3\u03ac\u03ba\u03b9\u03b1\",\"publisher\":{\"@id\":\"https:\\\/\\\/staging.pitenis.eu\\\/fr\\\/#organization\"},\"potentialAction\":[{\"@type\":\"SearchAction\",\"target\":{\"@type\":\"EntryPoint\",\"urlTemplate\":\"https:\\\/\\\/staging.pitenis.eu\\\/fr\\\/?s={search_term_string}\"},\"query-input\":{\"@type\":\"PropertyValueSpecification\",\"valueRequired\":true,\"valueName\":\"search_term_string\"}}],\"inLanguage\":\"fr-FR\"},{\"@type\":\"Organization\",\"@id\":\"https:\\\/\\\/staging.pitenis.eu\\\/fr\\\/#organization\",\"name\":\"Pitenis Shop | &#039;\u0395\u03c4\u03bf\u03b9\u03bc\u03b5\u03c2 \u03c3\u03b1\u03bb\u03ac\u03c4\u03b5\u03c2\",\"url\":\"https:\\\/\\\/staging.pitenis.eu\\\/fr\\\/\",\"logo\":{\"@type\":\"ImageObject\",\"inLanguage\":\"fr-FR\",\"@id\":\"https:\\\/\\\/staging.pitenis.eu\\\/fr\\\/#\\\/schema\\\/logo\\\/image\\\/\",\"url\":\"https:\\\/\\\/staging.pitenis.eu\\\/wp-content\\\/uploads\\\/2025\\\/04\\\/cropped-pitenis_logo.png\",\"contentUrl\":\"https:\\\/\\\/staging.pitenis.eu\\\/wp-content\\\/uploads\\\/2025\\\/04\\\/cropped-pitenis_logo.png\",\"width\":172,\"height\":74,\"caption\":\"Pitenis Shop | &#039;\u0395\u03c4\u03bf\u03b9\u03bc\u03b5\u03c2 \u03c3\u03b1\u03bb\u03ac\u03c4\u03b5\u03c2\"},\"image\":{\"@id\":\"https:\\\/\\\/staging.pitenis.eu\\\/fr\\\/#\\\/schema\\\/logo\\\/image\\\/\"}}]}<\/script>\n<!-- \/ Yoast SEO plugin. -->","yoast_head_json":{"title":"Mont Athos VEGAN - Pitenis Shop | &#039;\u0395\u03c4\u03bf\u03b9\u03bc\u03b5\u03c2 \u03c3\u03b1\u03bb\u03ac\u03c4\u03b5\u03c2","robots":{"index":"index","follow":"follow","max-snippet":"max-snippet:-1","max-image-preview":"max-image-preview:large","max-video-preview":"max-video-preview:-1"},"canonical":"https:\/\/staging.pitenis.eu\/fr\/produit\/mont-athos-vegan\/","og_locale":"fr_FR","og_type":"article","og_title":"Mont Athos VEGAN - Pitenis Shop | &#039;\u0395\u03c4\u03bf\u03b9\u03bc\u03b5\u03c2 \u03c3\u03b1\u03bb\u03ac\u03c4\u03b5\u03c2","og_description":"Cette recette associe l'aubergine douce r\u00f4tie au poivre de Florina grossi\u00e8rement hach\u00e9 et au persil frais, cr\u00e9ant ainsi un d\u00e9licieux plat traditionnel. La saveur intense de l'ail et l'ar\u00f4me subtil du poivre ajoutent des notes multidimensionnelles \u00e0 la recette. D\u00e9gustez-la en entr\u00e9e ou comme suggestion traditionnelle et saine pour un repas. Un plat plein de saveurs et d'ar\u00f4mes !","og_url":"https:\/\/staging.pitenis.eu\/fr\/produit\/mont-athos-vegan\/","og_site_name":"Pitenis Shop | &#039;\u0395\u03c4\u03bf\u03b9\u03bc\u03b5\u03c2 \u03c3\u03b1\u03bb\u03ac\u03c4\u03b5\u03c2","article_modified_time":"2025-08-14T10:02:03+00:00","og_image":[{"width":1000,"height":1000,"url":"https:\/\/staging.pitenis.eu\/wp-content\/uploads\/2025\/06\/VEGAN_\u0391\u0393\u0399\u039f\u03a1\u0395\u0399\u03a4\u0399\u039a\u0397.png","type":"image\/png"}],"twitter_card":"summary_large_image","twitter_misc":{"Dur\u00e9e de lecture estim\u00e9e":"2 minutes"},"schema":{"@context":"https:\/\/schema.org","@graph":[{"@type":"WebPage","@id":"https:\/\/staging.pitenis.eu\/fr\/produit\/mont-athos-vegan\/","url":"https:\/\/staging.pitenis.eu\/fr\/produit\/mont-athos-vegan\/","name":"Mont Athos VEGAN - Pitenis Shop | &#039;\u0395\u03c4\u03bf\u03b9\u03bc\u03b5\u03c2 \u03c3\u03b1\u03bb\u03ac\u03c4\u03b5\u03c2","isPartOf":{"@id":"https:\/\/staging.pitenis.eu\/fr\/#website"},"primaryImageOfPage":{"@id":"https:\/\/staging.pitenis.eu\/fr\/produit\/mont-athos-vegan\/#primaryimage"},"image":{"@id":"https:\/\/staging.pitenis.eu\/fr\/produit\/mont-athos-vegan\/#primaryimage"},"thumbnailUrl":"https:\/\/staging.pitenis.eu\/wp-content\/uploads\/2025\/06\/VEGAN_\u0391\u0393\u0399\u039f\u03a1\u0395\u0399\u03a4\u0399\u039a\u0397.png","datePublished":"2025-06-03T22:15:34+00:00","dateModified":"2025-08-14T10:02:03+00:00","breadcrumb":{"@id":"https:\/\/staging.pitenis.eu\/fr\/produit\/mont-athos-vegan\/#breadcrumb"},"inLanguage":"fr-FR","potentialAction":[{"@type":"ReadAction","target":["https:\/\/staging.pitenis.eu\/fr\/produit\/mont-athos-vegan\/"]}]},{"@type":"ImageObject","inLanguage":"fr-FR","@id":"https:\/\/staging.pitenis.eu\/fr\/produit\/mont-athos-vegan\/#primaryimage","url":"https:\/\/staging.pitenis.eu\/wp-content\/uploads\/2025\/06\/VEGAN_\u0391\u0393\u0399\u039f\u03a1\u0395\u0399\u03a4\u0399\u039a\u0397.png","contentUrl":"https:\/\/staging.pitenis.eu\/wp-content\/uploads\/2025\/06\/VEGAN_\u0391\u0393\u0399\u039f\u03a1\u0395\u0399\u03a4\u0399\u039a\u0397.png","width":1000,"height":1000},{"@type":"BreadcrumbList","@id":"https:\/\/staging.pitenis.eu\/fr\/produit\/mont-athos-vegan\/#breadcrumb","itemListElement":[{"@type":"ListItem","position":1,"name":"Home","item":"https:\/\/staging.pitenis.eu\/fr\/"},{"@type":"ListItem","position":2,"name":"Boutique","item":"https:\/\/staging.pitenis.eu\/%ce%ba%ce%b1%cf%84%ce%ac%cf%83%cf%84%ce%b7%ce%bc%ce%b1\/"},{"@type":"ListItem","position":3,"name":"Mont Athos VEGAN"}]},{"@type":"WebSite","@id":"https:\/\/staging.pitenis.eu\/fr\/#website","url":"https:\/\/staging.pitenis.eu\/fr\/","name":"Pitenis Shop | &#039;\u0395\u03c4\u03bf\u03b9\u03bc\u03b5\u03c2 \u03c3\u03b1\u03bb\u03ac\u03c4\u03b5\u03c2","description":"\u03b1\u03bb\u03bf\u03b9\u03c6\u03ad\u03c2, \u03c8\u03b1\u03c1\u03b9\u03ba\u03ac, \u03c4\u03bf\u03c5\u03c1\u03c3\u03ac\u03ba\u03b9\u03b1","publisher":{"@id":"https:\/\/staging.pitenis.eu\/fr\/#organization"},"potentialAction":[{"@type":"SearchAction","target":{"@type":"EntryPoint","urlTemplate":"https:\/\/staging.pitenis.eu\/fr\/?s={search_term_string}"},"query-input":{"@type":"PropertyValueSpecification","valueRequired":true,"valueName":"search_term_string"}}],"inLanguage":"fr-FR"},{"@type":"Organization","@id":"https:\/\/staging.pitenis.eu\/fr\/#organization","name":"Pitenis Shop | &#039;\u0395\u03c4\u03bf\u03b9\u03bc\u03b5\u03c2 \u03c3\u03b1\u03bb\u03ac\u03c4\u03b5\u03c2","url":"https:\/\/staging.pitenis.eu\/fr\/","logo":{"@type":"ImageObject","inLanguage":"fr-FR","@id":"https:\/\/staging.pitenis.eu\/fr\/#\/schema\/logo\/image\/","url":"https:\/\/staging.pitenis.eu\/wp-content\/uploads\/2025\/04\/cropped-pitenis_logo.png","contentUrl":"https:\/\/staging.pitenis.eu\/wp-content\/uploads\/2025\/04\/cropped-pitenis_logo.png","width":172,"height":74,"caption":"Pitenis Shop | &#039;\u0395\u03c4\u03bf\u03b9\u03bc\u03b5\u03c2 \u03c3\u03b1\u03bb\u03ac\u03c4\u03b5\u03c2"},"image":{"@id":"https:\/\/staging.pitenis.eu\/fr\/#\/schema\/logo\/image\/"}}]}},"_links":{"self":[{"href":"https:\/\/staging.pitenis.eu\/fr\/wp-json\/wp\/v2\/product\/11970","targetHints":{"allow":["GET"]}}],"collection":[{"href":"https:\/\/staging.pitenis.eu\/fr\/wp-json\/wp\/v2\/product"}],"about":[{"href":"https:\/\/staging.pitenis.eu\/fr\/wp-json\/wp\/v2\/types\/product"}],"replies":[{"embeddable":true,"href":"https:\/\/staging.pitenis.eu\/fr\/wp-json\/wp\/v2\/comments?post=11970"}],"wp:featuredmedia":[{"embeddable":true,"href":"https:\/\/staging.pitenis.eu\/fr\/wp-json\/wp\/v2\/media\/15172"}],"wp:attachment":[{"href":"https:\/\/staging.pitenis.eu\/fr\/wp-json\/wp\/v2\/media?parent=11970"}],"wp:term":[{"taxonomy":"product_cat","embeddable":true,"href":"https:\/\/staging.pitenis.eu\/fr\/wp-json\/wp\/v2\/product_cat?post=11970"},{"taxonomy":"product_tag","embeddable":true,"href":"https:\/\/staging.pitenis.eu\/fr\/wp-json\/wp\/v2\/product_tag?post=11970"}],"curies":[{"name":"wp","href":"https:\/\/api.w.org\/{rel}","templated":true}]}}