{"id":11955,"date":"2025-06-03T22:15:44","date_gmt":"2025-06-03T22:15:44","guid":{"rendered":"https:\/\/e-shop.advonpitenis.eu\/product\/tranches-de-fromage-a-pate-dure-tranches-de-saganaki-vide-sur-balance\/"},"modified":"2025-08-14T10:00:50","modified_gmt":"2025-08-14T10:00:50","slug":"tranches-de-fromage-a-pate-dure-tranches-de-saganaki-vide-sur-balance","status":"publish","type":"product","link":"https:\/\/staging.pitenis.eu\/fr\/produit\/tranches-de-fromage-a-pate-dure-tranches-de-saganaki-vide-sur-balance\/","title":{"rendered":"Tranches de fromage \u00e0 p\u00e2te dure Tranches de Saganaki &#8211; vide sur balance"},"content":{"rendered":"<p><span style=\"font-weight: bold;\">Ingr\u00e9dients<\/span><br \/>\n<span style=\"font-weight: bold;\"> Ingr\u00e9dients : Lait<\/span>, sel, pr\u00e9sure animale, agent solidifiant : E509, culture<\/p>\n<p><span style=\"font-weight: bold;\">Combinaisons &#8211; suggestions d&rsquo;utilisation<\/span><br \/>\nLe fromage jaune \u00e0 p\u00e2te dure pr\u00eat \u00e0 l&#8217;emploi en tranches est id\u00e9al pour pr\u00e9parer le saganaki pr\u00e9f\u00e9r\u00e9 de tous.<br \/>\n&#8211; Vous pouvez le faire cuire dans une po\u00eale ou sur un gril jusqu&rsquo;\u00e0 ce qu&rsquo;il devienne dor\u00e9 et qu&rsquo;il fonde \u00e0 l&rsquo;int\u00e9rieur.<br \/>\n&#8211; Servez le saganaki avec du citron et d\u00e9gustez-le en entr\u00e9e ou en accompagnement.<\/p>\n","protected":false},"excerpt":{"rendered":"<p>Le fromage jaune \u00e0 p\u00e2te dure pr\u00eat \u00e0 l&#8217;emploi pour saganaki est id\u00e9al pour la recette grecque traditionnelle. Il a un go\u00fbt riche et une texture croustillante, et est pr\u00eat \u00e0 l&#8217;emploi sans pr\u00e9paration. Il est id\u00e9al pour la cuisson et le service avec du citron.<\/p>\n","protected":false},"featured_media":11956,"comment_status":"closed","ping_status":"closed","template":"","meta":{"_acf_changed":false},"product_cat":[268],"product_tag":[],"class_list":{"0":"post-11955","1":"product","2":"type-product","3":"status-publish","4":"has-post-thumbnail","6":"product_cat-fromage","8":"first","9":"instock","10":"taxable","11":"shipping-taxable","12":"purchasable","13":"product-type-variable"},"acf":[],"yoast_head":"<!-- This site is optimized with the Yoast SEO plugin v27.4 - https:\/\/yoast.com\/product\/yoast-seo-wordpress\/ -->\n<title>Tranches de fromage \u00e0 p\u00e2te dure Tranches de Saganaki - vide sur balance - Pitenis Shop | &#039;\u0395\u03c4\u03bf\u03b9\u03bc\u03b5\u03c2 \u03c3\u03b1\u03bb\u03ac\u03c4\u03b5\u03c2<\/title>\n<meta name=\"robots\" content=\"index, follow, max-snippet:-1, max-image-preview:large, max-video-preview:-1\" \/>\n<link rel=\"canonical\" href=\"https:\/\/staging.pitenis.eu\/fr\/produit\/tranches-de-fromage-a-pate-dure-tranches-de-saganaki-vide-sur-balance\/\" \/>\n<meta property=\"og:locale\" content=\"fr_FR\" \/>\n<meta property=\"og:type\" content=\"article\" \/>\n<meta property=\"og:title\" content=\"Tranches de fromage \u00e0 p\u00e2te dure Tranches de Saganaki - vide sur balance - Pitenis Shop | &#039;\u0395\u03c4\u03bf\u03b9\u03bc\u03b5\u03c2 \u03c3\u03b1\u03bb\u03ac\u03c4\u03b5\u03c2\" \/>\n<meta property=\"og:description\" content=\"Le fromage jaune \u00e0 p\u00e2te dure pr\u00eat \u00e0 l&#039;emploi pour saganaki est id\u00e9al pour la recette grecque traditionnelle. Il a un go\u00fbt riche et une texture croustillante, et est pr\u00eat \u00e0 l&#039;emploi sans pr\u00e9paration. Il est id\u00e9al pour la cuisson et le service avec du citron.\" \/>\n<meta property=\"og:url\" content=\"https:\/\/staging.pitenis.eu\/fr\/produit\/tranches-de-fromage-a-pate-dure-tranches-de-saganaki-vide-sur-balance\/\" \/>\n<meta property=\"og:site_name\" content=\"Pitenis Shop | &#039;\u0395\u03c4\u03bf\u03b9\u03bc\u03b5\u03c2 \u03c3\u03b1\u03bb\u03ac\u03c4\u03b5\u03c2\" \/>\n<meta property=\"article:modified_time\" content=\"2025-08-14T10:00:50+00:00\" \/>\n<meta property=\"og:image\" content=\"https:\/\/staging.pitenis.eu\/wp-content\/uploads\/2025\/05\/601040_BOARDER-500x500-1.png\" \/>\n\t<meta property=\"og:image:width\" content=\"500\" \/>\n\t<meta property=\"og:image:height\" content=\"500\" \/>\n\t<meta property=\"og:image:type\" content=\"image\/png\" \/>\n<meta name=\"twitter:card\" content=\"summary_large_image\" \/>\n<script type=\"application\/ld+json\" class=\"yoast-schema-graph\">{\"@context\":\"https:\\\/\\\/schema.org\",\"@graph\":[{\"@type\":\"WebPage\",\"@id\":\"https:\\\/\\\/staging.pitenis.eu\\\/fr\\\/produit\\\/tranches-de-fromage-a-pate-dure-tranches-de-saganaki-vide-sur-balance\\\/\",\"url\":\"https:\\\/\\\/staging.pitenis.eu\\\/fr\\\/produit\\\/tranches-de-fromage-a-pate-dure-tranches-de-saganaki-vide-sur-balance\\\/\",\"name\":\"Tranches de fromage \u00e0 p\u00e2te dure Tranches de Saganaki - vide sur balance - Pitenis Shop | &#039;\u0395\u03c4\u03bf\u03b9\u03bc\u03b5\u03c2 \u03c3\u03b1\u03bb\u03ac\u03c4\u03b5\u03c2\",\"isPartOf\":{\"@id\":\"https:\\\/\\\/staging.pitenis.eu\\\/fr\\\/#website\"},\"primaryImageOfPage\":{\"@id\":\"https:\\\/\\\/staging.pitenis.eu\\\/fr\\\/produit\\\/tranches-de-fromage-a-pate-dure-tranches-de-saganaki-vide-sur-balance\\\/#primaryimage\"},\"image\":{\"@id\":\"https:\\\/\\\/staging.pitenis.eu\\\/fr\\\/produit\\\/tranches-de-fromage-a-pate-dure-tranches-de-saganaki-vide-sur-balance\\\/#primaryimage\"},\"thumbnailUrl\":\"https:\\\/\\\/staging.pitenis.eu\\\/wp-content\\\/uploads\\\/2025\\\/05\\\/601040_BOARDER-500x500-1.png\",\"datePublished\":\"2025-06-03T22:15:44+00:00\",\"dateModified\":\"2025-08-14T10:00:50+00:00\",\"breadcrumb\":{\"@id\":\"https:\\\/\\\/staging.pitenis.eu\\\/fr\\\/produit\\\/tranches-de-fromage-a-pate-dure-tranches-de-saganaki-vide-sur-balance\\\/#breadcrumb\"},\"inLanguage\":\"fr-FR\",\"potentialAction\":[{\"@type\":\"ReadAction\",\"target\":[\"https:\\\/\\\/staging.pitenis.eu\\\/fr\\\/produit\\\/tranches-de-fromage-a-pate-dure-tranches-de-saganaki-vide-sur-balance\\\/\"]}]},{\"@type\":\"ImageObject\",\"inLanguage\":\"fr-FR\",\"@id\":\"https:\\\/\\\/staging.pitenis.eu\\\/fr\\\/produit\\\/tranches-de-fromage-a-pate-dure-tranches-de-saganaki-vide-sur-balance\\\/#primaryimage\",\"url\":\"https:\\\/\\\/staging.pitenis.eu\\\/wp-content\\\/uploads\\\/2025\\\/05\\\/601040_BOARDER-500x500-1.png\",\"contentUrl\":\"https:\\\/\\\/staging.pitenis.eu\\\/wp-content\\\/uploads\\\/2025\\\/05\\\/601040_BOARDER-500x500-1.png\",\"width\":500,\"height\":500,\"caption\":\"601040_BOARDER-500&#215;500\"},{\"@type\":\"BreadcrumbList\",\"@id\":\"https:\\\/\\\/staging.pitenis.eu\\\/fr\\\/produit\\\/tranches-de-fromage-a-pate-dure-tranches-de-saganaki-vide-sur-balance\\\/#breadcrumb\",\"itemListElement\":[{\"@type\":\"ListItem\",\"position\":1,\"name\":\"Home\",\"item\":\"https:\\\/\\\/staging.pitenis.eu\\\/fr\\\/\"},{\"@type\":\"ListItem\",\"position\":2,\"name\":\"Boutique\",\"item\":\"https:\\\/\\\/staging.pitenis.eu\\\/%ce%ba%ce%b1%cf%84%ce%ac%cf%83%cf%84%ce%b7%ce%bc%ce%b1\\\/\"},{\"@type\":\"ListItem\",\"position\":3,\"name\":\"Tranches de fromage \u00e0 p\u00e2te dure Tranches de Saganaki &#8211; vide sur balance\"}]},{\"@type\":\"WebSite\",\"@id\":\"https:\\\/\\\/staging.pitenis.eu\\\/fr\\\/#website\",\"url\":\"https:\\\/\\\/staging.pitenis.eu\\\/fr\\\/\",\"name\":\"Pitenis Shop | &#039;\u0395\u03c4\u03bf\u03b9\u03bc\u03b5\u03c2 \u03c3\u03b1\u03bb\u03ac\u03c4\u03b5\u03c2\",\"description\":\"\u03b1\u03bb\u03bf\u03b9\u03c6\u03ad\u03c2, \u03c8\u03b1\u03c1\u03b9\u03ba\u03ac, \u03c4\u03bf\u03c5\u03c1\u03c3\u03ac\u03ba\u03b9\u03b1\",\"publisher\":{\"@id\":\"https:\\\/\\\/staging.pitenis.eu\\\/fr\\\/#organization\"},\"potentialAction\":[{\"@type\":\"SearchAction\",\"target\":{\"@type\":\"EntryPoint\",\"urlTemplate\":\"https:\\\/\\\/staging.pitenis.eu\\\/fr\\\/?s={search_term_string}\"},\"query-input\":{\"@type\":\"PropertyValueSpecification\",\"valueRequired\":true,\"valueName\":\"search_term_string\"}}],\"inLanguage\":\"fr-FR\"},{\"@type\":\"Organization\",\"@id\":\"https:\\\/\\\/staging.pitenis.eu\\\/fr\\\/#organization\",\"name\":\"Pitenis Shop | &#039;\u0395\u03c4\u03bf\u03b9\u03bc\u03b5\u03c2 \u03c3\u03b1\u03bb\u03ac\u03c4\u03b5\u03c2\",\"url\":\"https:\\\/\\\/staging.pitenis.eu\\\/fr\\\/\",\"logo\":{\"@type\":\"ImageObject\",\"inLanguage\":\"fr-FR\",\"@id\":\"https:\\\/\\\/staging.pitenis.eu\\\/fr\\\/#\\\/schema\\\/logo\\\/image\\\/\",\"url\":\"https:\\\/\\\/staging.pitenis.eu\\\/wp-content\\\/uploads\\\/2025\\\/04\\\/cropped-pitenis_logo.png\",\"contentUrl\":\"https:\\\/\\\/staging.pitenis.eu\\\/wp-content\\\/uploads\\\/2025\\\/04\\\/cropped-pitenis_logo.png\",\"width\":172,\"height\":74,\"caption\":\"Pitenis Shop | &#039;\u0395\u03c4\u03bf\u03b9\u03bc\u03b5\u03c2 \u03c3\u03b1\u03bb\u03ac\u03c4\u03b5\u03c2\"},\"image\":{\"@id\":\"https:\\\/\\\/staging.pitenis.eu\\\/fr\\\/#\\\/schema\\\/logo\\\/image\\\/\"}}]}<\/script>\n<!-- \/ Yoast SEO plugin. -->","yoast_head_json":{"title":"Tranches de fromage \u00e0 p\u00e2te dure Tranches de Saganaki - vide sur balance - Pitenis Shop | &#039;\u0395\u03c4\u03bf\u03b9\u03bc\u03b5\u03c2 \u03c3\u03b1\u03bb\u03ac\u03c4\u03b5\u03c2","robots":{"index":"index","follow":"follow","max-snippet":"max-snippet:-1","max-image-preview":"max-image-preview:large","max-video-preview":"max-video-preview:-1"},"canonical":"https:\/\/staging.pitenis.eu\/fr\/produit\/tranches-de-fromage-a-pate-dure-tranches-de-saganaki-vide-sur-balance\/","og_locale":"fr_FR","og_type":"article","og_title":"Tranches de fromage \u00e0 p\u00e2te dure Tranches de Saganaki - vide sur balance - Pitenis Shop | &#039;\u0395\u03c4\u03bf\u03b9\u03bc\u03b5\u03c2 \u03c3\u03b1\u03bb\u03ac\u03c4\u03b5\u03c2","og_description":"Le fromage jaune \u00e0 p\u00e2te dure pr\u00eat \u00e0 l'emploi pour saganaki est id\u00e9al pour la recette grecque traditionnelle. Il a un go\u00fbt riche et une texture croustillante, et est pr\u00eat \u00e0 l'emploi sans pr\u00e9paration. Il est id\u00e9al pour la cuisson et le service avec du citron.","og_url":"https:\/\/staging.pitenis.eu\/fr\/produit\/tranches-de-fromage-a-pate-dure-tranches-de-saganaki-vide-sur-balance\/","og_site_name":"Pitenis Shop | &#039;\u0395\u03c4\u03bf\u03b9\u03bc\u03b5\u03c2 \u03c3\u03b1\u03bb\u03ac\u03c4\u03b5\u03c2","article_modified_time":"2025-08-14T10:00:50+00:00","og_image":[{"width":500,"height":500,"url":"https:\/\/staging.pitenis.eu\/wp-content\/uploads\/2025\/05\/601040_BOARDER-500x500-1.png","type":"image\/png"}],"twitter_card":"summary_large_image","schema":{"@context":"https:\/\/schema.org","@graph":[{"@type":"WebPage","@id":"https:\/\/staging.pitenis.eu\/fr\/produit\/tranches-de-fromage-a-pate-dure-tranches-de-saganaki-vide-sur-balance\/","url":"https:\/\/staging.pitenis.eu\/fr\/produit\/tranches-de-fromage-a-pate-dure-tranches-de-saganaki-vide-sur-balance\/","name":"Tranches de fromage \u00e0 p\u00e2te dure Tranches de Saganaki - vide sur balance - Pitenis Shop | &#039;\u0395\u03c4\u03bf\u03b9\u03bc\u03b5\u03c2 \u03c3\u03b1\u03bb\u03ac\u03c4\u03b5\u03c2","isPartOf":{"@id":"https:\/\/staging.pitenis.eu\/fr\/#website"},"primaryImageOfPage":{"@id":"https:\/\/staging.pitenis.eu\/fr\/produit\/tranches-de-fromage-a-pate-dure-tranches-de-saganaki-vide-sur-balance\/#primaryimage"},"image":{"@id":"https:\/\/staging.pitenis.eu\/fr\/produit\/tranches-de-fromage-a-pate-dure-tranches-de-saganaki-vide-sur-balance\/#primaryimage"},"thumbnailUrl":"https:\/\/staging.pitenis.eu\/wp-content\/uploads\/2025\/05\/601040_BOARDER-500x500-1.png","datePublished":"2025-06-03T22:15:44+00:00","dateModified":"2025-08-14T10:00:50+00:00","breadcrumb":{"@id":"https:\/\/staging.pitenis.eu\/fr\/produit\/tranches-de-fromage-a-pate-dure-tranches-de-saganaki-vide-sur-balance\/#breadcrumb"},"inLanguage":"fr-FR","potentialAction":[{"@type":"ReadAction","target":["https:\/\/staging.pitenis.eu\/fr\/produit\/tranches-de-fromage-a-pate-dure-tranches-de-saganaki-vide-sur-balance\/"]}]},{"@type":"ImageObject","inLanguage":"fr-FR","@id":"https:\/\/staging.pitenis.eu\/fr\/produit\/tranches-de-fromage-a-pate-dure-tranches-de-saganaki-vide-sur-balance\/#primaryimage","url":"https:\/\/staging.pitenis.eu\/wp-content\/uploads\/2025\/05\/601040_BOARDER-500x500-1.png","contentUrl":"https:\/\/staging.pitenis.eu\/wp-content\/uploads\/2025\/05\/601040_BOARDER-500x500-1.png","width":500,"height":500,"caption":"601040_BOARDER-500&#215;500"},{"@type":"BreadcrumbList","@id":"https:\/\/staging.pitenis.eu\/fr\/produit\/tranches-de-fromage-a-pate-dure-tranches-de-saganaki-vide-sur-balance\/#breadcrumb","itemListElement":[{"@type":"ListItem","position":1,"name":"Home","item":"https:\/\/staging.pitenis.eu\/fr\/"},{"@type":"ListItem","position":2,"name":"Boutique","item":"https:\/\/staging.pitenis.eu\/%ce%ba%ce%b1%cf%84%ce%ac%cf%83%cf%84%ce%b7%ce%bc%ce%b1\/"},{"@type":"ListItem","position":3,"name":"Tranches de fromage \u00e0 p\u00e2te dure Tranches de Saganaki &#8211; vide sur balance"}]},{"@type":"WebSite","@id":"https:\/\/staging.pitenis.eu\/fr\/#website","url":"https:\/\/staging.pitenis.eu\/fr\/","name":"Pitenis Shop | &#039;\u0395\u03c4\u03bf\u03b9\u03bc\u03b5\u03c2 \u03c3\u03b1\u03bb\u03ac\u03c4\u03b5\u03c2","description":"\u03b1\u03bb\u03bf\u03b9\u03c6\u03ad\u03c2, \u03c8\u03b1\u03c1\u03b9\u03ba\u03ac, \u03c4\u03bf\u03c5\u03c1\u03c3\u03ac\u03ba\u03b9\u03b1","publisher":{"@id":"https:\/\/staging.pitenis.eu\/fr\/#organization"},"potentialAction":[{"@type":"SearchAction","target":{"@type":"EntryPoint","urlTemplate":"https:\/\/staging.pitenis.eu\/fr\/?s={search_term_string}"},"query-input":{"@type":"PropertyValueSpecification","valueRequired":true,"valueName":"search_term_string"}}],"inLanguage":"fr-FR"},{"@type":"Organization","@id":"https:\/\/staging.pitenis.eu\/fr\/#organization","name":"Pitenis Shop | &#039;\u0395\u03c4\u03bf\u03b9\u03bc\u03b5\u03c2 \u03c3\u03b1\u03bb\u03ac\u03c4\u03b5\u03c2","url":"https:\/\/staging.pitenis.eu\/fr\/","logo":{"@type":"ImageObject","inLanguage":"fr-FR","@id":"https:\/\/staging.pitenis.eu\/fr\/#\/schema\/logo\/image\/","url":"https:\/\/staging.pitenis.eu\/wp-content\/uploads\/2025\/04\/cropped-pitenis_logo.png","contentUrl":"https:\/\/staging.pitenis.eu\/wp-content\/uploads\/2025\/04\/cropped-pitenis_logo.png","width":172,"height":74,"caption":"Pitenis Shop | &#039;\u0395\u03c4\u03bf\u03b9\u03bc\u03b5\u03c2 \u03c3\u03b1\u03bb\u03ac\u03c4\u03b5\u03c2"},"image":{"@id":"https:\/\/staging.pitenis.eu\/fr\/#\/schema\/logo\/image\/"}}]}},"_links":{"self":[{"href":"https:\/\/staging.pitenis.eu\/fr\/wp-json\/wp\/v2\/product\/11955","targetHints":{"allow":["GET"]}}],"collection":[{"href":"https:\/\/staging.pitenis.eu\/fr\/wp-json\/wp\/v2\/product"}],"about":[{"href":"https:\/\/staging.pitenis.eu\/fr\/wp-json\/wp\/v2\/types\/product"}],"replies":[{"embeddable":true,"href":"https:\/\/staging.pitenis.eu\/fr\/wp-json\/wp\/v2\/comments?post=11955"}],"wp:featuredmedia":[{"embeddable":true,"href":"https:\/\/staging.pitenis.eu\/fr\/wp-json\/wp\/v2\/media\/11956"}],"wp:attachment":[{"href":"https:\/\/staging.pitenis.eu\/fr\/wp-json\/wp\/v2\/media?parent=11955"}],"wp:term":[{"taxonomy":"product_cat","embeddable":true,"href":"https:\/\/staging.pitenis.eu\/fr\/wp-json\/wp\/v2\/product_cat?post=11955"},{"taxonomy":"product_tag","embeddable":true,"href":"https:\/\/staging.pitenis.eu\/fr\/wp-json\/wp\/v2\/product_tag?post=11955"}],"curies":[{"name":"wp","href":"https:\/\/api.w.org\/{rel}","templated":true}]}}