{"id":11948,"date":"2025-06-03T22:15:44","date_gmt":"2025-06-03T22:15:44","guid":{"rendered":"https:\/\/e-shop.advonpitenis.eu\/product\/jardinier-vegan\/"},"modified":"2025-08-14T10:02:08","modified_gmt":"2025-08-14T10:02:08","slug":"jardinier-vegan","status":"publish","type":"product","link":"https:\/\/staging.pitenis.eu\/fr\/produit\/jardinier-vegan\/","title":{"rendered":"Jardinier VEGAN"},"content":{"rendered":"<p><span style=\"font-weight: bold;\">Ingr\u00e9dients<\/span><br \/><span style='font-weight: bold; '>Ingr\u00e9dients : Mayonnaise v\u00e9g\u00e9talienne <\/span>[Huile v\u00e9g\u00e9tale (huile de soja ou de tournesol), eau, <span style='font-weight: bold; '>moutarde <\/span>(eau, vinaigre, <span style='font-weight: bold; '>moutarde<\/span>, amidon naturel de ma\u00efs, sel, sucre, colorant naturel : curcumine, conservateur:E211, ar\u00f4me de moutarde), sucre, vinaigre, sel, agents \u00e9paississants : amidon de ma\u00efs modifi\u00e9, gomme de guar et gomme de xanthane, r\u00e9gulateur d&rsquo;acidit\u00e9 : E330, conservateur : E202, antioxydants : EDTA, extrait de romarin], l\u00e9gumes en proportions variables<span style='font-weight: bold; '>(c\u00e9leri, <\/span>carotte, concombre, sel, vinaigre, sucre, \u00e9pices, ar\u00f4mes, r\u00e9gulateur d&rsquo;acidit\u00e9 : E509), sucre, vinaigre, sel, r\u00e9gulateur d&rsquo;acidit\u00e9 : acide citrique, conservateurs : E202, E211. Peut contenir des traces de <span style='font-weight: bold; '>graines de s\u00e9same.<\/span><\/p>\n<p><span style=\"font-weight: bold;\">Combinaisons &#8211; suggestions d&rsquo;utilisation<\/span><br \/>Le jardinier v\u00e9g\u00e9talien peut \u00eatre utilis\u00e9 de nombreuses mani\u00e8res diff\u00e9rentes. Voici quelques suggestions d&rsquo;utilisation pour tirer le meilleur parti de cette d\u00e9licieuse recette :<br \/>\n&#8211; Savourez-la comme un repas l\u00e9ger ou un en-cas. Servez-la avec des toasts, des crackers ou des l\u00e9gumes frais en guise de trempette.<br \/>\n&#8211; Utilisez le vegan garden vegan comme garniture pour de la laitue, des tortillas fra\u00eeches ou m\u00eame pour farcir des champignons.<br \/>\n&#8211; Ajoutez-le aux sandwichs ou aux salades. C&rsquo;est un ajout d\u00e9licieux qui apportera fra\u00eecheur et saveur.<br \/>\n&#8211; Utilisez la sauce vegan garden comme sauce d&rsquo;accompagnement pour les pizzas, les nuggets ou les frites.<br \/>\n&#8211; Proposez-la dans une vari\u00e9t\u00e9 d&rsquo;amuse-gueule ou pr\u00e9sentez-la \u00e0 un buffet comme une option saine et d\u00e9licieuse.<br \/>\n&#8211; Utilisez la sauce jardini\u00e8re v\u00e9g\u00e9talienne comme garniture pour les hamburgers, les boulettes de viande ou les cr\u00eapes.<br \/>\nIl s&rsquo;agit l\u00e0 de quelques id\u00e9es pour tirer le meilleur parti des l\u00e9gumes verts v\u00e9g\u00e9taliens et ajouter une saveur saine et d\u00e9licieuse \u00e0 vos plats. Vous pouvez adapter ces id\u00e9es \u00e0 vos pr\u00e9f\u00e9rences et \u00e0 votre cr\u00e9ativit\u00e9.<\/p>\n","protected":false},"excerpt":{"rendered":"<p>Le jardinier v\u00e9g\u00e9talien est une combinaison savoureuse qui offre un go\u00fbt prononc\u00e9 de c\u00e9leri, de carottes fra\u00eeches et de concombres marin\u00e9s aromatiques. Ces ingr\u00e9dients sains sont accompagn\u00e9s d&rsquo;une mayonnaise VEGAN aigre-douce, qui ajoute une texture et une saveur riches \u00e0 la recette. Le Vegan Gardener&rsquo;s Vegan Gardener est id\u00e9al pour ceux qui veulent une option saine et agr\u00e9able \u00e0 leur table, en mettant l&rsquo;accent sur le go\u00fbt naturel et frais des l\u00e9gumes. Cette variante du l\u00e9gume de jardin classique est une option alternative pour ceux qui suivent un r\u00e9gime v\u00e9g\u00e9talien, qui je\u00fbnent ou qui veulent essayer quelque chose de diff\u00e9rent et de sain.<\/p>\n","protected":false},"featured_media":15163,"comment_status":"closed","ping_status":"closed","template":"","meta":{"_acf_changed":false},"product_cat":[340,264],"product_tag":[],"class_list":{"0":"post-11948","1":"product","2":"type-product","3":"status-publish","4":"has-post-thumbnail","6":"product_cat-lenten-dishes-fr","7":"product_cat-vegetalien","9":"first","10":"instock","11":"taxable","12":"shipping-taxable","13":"purchasable","14":"product-type-variable"},"acf":[],"yoast_head":"<!-- This site is optimized with the Yoast SEO plugin v27.4 - https:\/\/yoast.com\/product\/yoast-seo-wordpress\/ -->\n<title>Jardinier VEGAN - Pitenis Shop | &#039;\u0395\u03c4\u03bf\u03b9\u03bc\u03b5\u03c2 \u03c3\u03b1\u03bb\u03ac\u03c4\u03b5\u03c2<\/title>\n<meta name=\"robots\" content=\"index, follow, max-snippet:-1, max-image-preview:large, max-video-preview:-1\" \/>\n<link rel=\"canonical\" href=\"https:\/\/staging.pitenis.eu\/fr\/produit\/jardinier-vegan\/\" \/>\n<meta property=\"og:locale\" content=\"fr_FR\" \/>\n<meta property=\"og:type\" content=\"article\" \/>\n<meta property=\"og:title\" content=\"Jardinier VEGAN - Pitenis Shop | &#039;\u0395\u03c4\u03bf\u03b9\u03bc\u03b5\u03c2 \u03c3\u03b1\u03bb\u03ac\u03c4\u03b5\u03c2\" \/>\n<meta property=\"og:description\" content=\"Le jardinier v\u00e9g\u00e9talien est une combinaison savoureuse qui offre un go\u00fbt prononc\u00e9 de c\u00e9leri, de carottes fra\u00eeches et de concombres marin\u00e9s aromatiques. Ces ingr\u00e9dients sains sont accompagn\u00e9s d&#039;une mayonnaise VEGAN aigre-douce, qui ajoute une texture et une saveur riches \u00e0 la recette. Le Vegan Gardener&#039;s Vegan Gardener est id\u00e9al pour ceux qui veulent une option saine et agr\u00e9able \u00e0 leur table, en mettant l&#039;accent sur le go\u00fbt naturel et frais des l\u00e9gumes. Cette variante du l\u00e9gume de jardin classique est une option alternative pour ceux qui suivent un r\u00e9gime v\u00e9g\u00e9talien, qui je\u00fbnent ou qui veulent essayer quelque chose de diff\u00e9rent et de sain.\" \/>\n<meta property=\"og:url\" content=\"https:\/\/staging.pitenis.eu\/fr\/produit\/jardinier-vegan\/\" \/>\n<meta property=\"og:site_name\" content=\"Pitenis Shop | &#039;\u0395\u03c4\u03bf\u03b9\u03bc\u03b5\u03c2 \u03c3\u03b1\u03bb\u03ac\u03c4\u03b5\u03c2\" \/>\n<meta property=\"article:modified_time\" content=\"2025-08-14T10:02:08+00:00\" \/>\n<meta property=\"og:image\" content=\"https:\/\/staging.pitenis.eu\/wp-content\/uploads\/2025\/06\/VEGAN_\u039a\u0397\u03a0\u039f\u03a5\u03a1\u039f\u03a5.png\" \/>\n\t<meta property=\"og:image:width\" content=\"1000\" \/>\n\t<meta property=\"og:image:height\" content=\"1000\" \/>\n\t<meta property=\"og:image:type\" content=\"image\/png\" \/>\n<meta name=\"twitter:card\" content=\"summary_large_image\" \/>\n<meta name=\"twitter:label1\" content=\"Dur\u00e9e de lecture estim\u00e9e\" \/>\n\t<meta name=\"twitter:data1\" content=\"2 minutes\" \/>\n<script type=\"application\/ld+json\" class=\"yoast-schema-graph\">{\"@context\":\"https:\\\/\\\/schema.org\",\"@graph\":[{\"@type\":\"WebPage\",\"@id\":\"https:\\\/\\\/staging.pitenis.eu\\\/fr\\\/produit\\\/jardinier-vegan\\\/\",\"url\":\"https:\\\/\\\/staging.pitenis.eu\\\/fr\\\/produit\\\/jardinier-vegan\\\/\",\"name\":\"Jardinier VEGAN - Pitenis Shop | &#039;\u0395\u03c4\u03bf\u03b9\u03bc\u03b5\u03c2 \u03c3\u03b1\u03bb\u03ac\u03c4\u03b5\u03c2\",\"isPartOf\":{\"@id\":\"https:\\\/\\\/staging.pitenis.eu\\\/fr\\\/#website\"},\"primaryImageOfPage\":{\"@id\":\"https:\\\/\\\/staging.pitenis.eu\\\/fr\\\/produit\\\/jardinier-vegan\\\/#primaryimage\"},\"image\":{\"@id\":\"https:\\\/\\\/staging.pitenis.eu\\\/fr\\\/produit\\\/jardinier-vegan\\\/#primaryimage\"},\"thumbnailUrl\":\"https:\\\/\\\/staging.pitenis.eu\\\/wp-content\\\/uploads\\\/2025\\\/06\\\/VEGAN_\u039a\u0397\u03a0\u039f\u03a5\u03a1\u039f\u03a5.png\",\"datePublished\":\"2025-06-03T22:15:44+00:00\",\"dateModified\":\"2025-08-14T10:02:08+00:00\",\"breadcrumb\":{\"@id\":\"https:\\\/\\\/staging.pitenis.eu\\\/fr\\\/produit\\\/jardinier-vegan\\\/#breadcrumb\"},\"inLanguage\":\"fr-FR\",\"potentialAction\":[{\"@type\":\"ReadAction\",\"target\":[\"https:\\\/\\\/staging.pitenis.eu\\\/fr\\\/produit\\\/jardinier-vegan\\\/\"]}]},{\"@type\":\"ImageObject\",\"inLanguage\":\"fr-FR\",\"@id\":\"https:\\\/\\\/staging.pitenis.eu\\\/fr\\\/produit\\\/jardinier-vegan\\\/#primaryimage\",\"url\":\"https:\\\/\\\/staging.pitenis.eu\\\/wp-content\\\/uploads\\\/2025\\\/06\\\/VEGAN_\u039a\u0397\u03a0\u039f\u03a5\u03a1\u039f\u03a5.png\",\"contentUrl\":\"https:\\\/\\\/staging.pitenis.eu\\\/wp-content\\\/uploads\\\/2025\\\/06\\\/VEGAN_\u039a\u0397\u03a0\u039f\u03a5\u03a1\u039f\u03a5.png\",\"width\":1000,\"height\":1000},{\"@type\":\"BreadcrumbList\",\"@id\":\"https:\\\/\\\/staging.pitenis.eu\\\/fr\\\/produit\\\/jardinier-vegan\\\/#breadcrumb\",\"itemListElement\":[{\"@type\":\"ListItem\",\"position\":1,\"name\":\"Home\",\"item\":\"https:\\\/\\\/staging.pitenis.eu\\\/fr\\\/\"},{\"@type\":\"ListItem\",\"position\":2,\"name\":\"Boutique\",\"item\":\"https:\\\/\\\/staging.pitenis.eu\\\/%ce%ba%ce%b1%cf%84%ce%ac%cf%83%cf%84%ce%b7%ce%bc%ce%b1\\\/\"},{\"@type\":\"ListItem\",\"position\":3,\"name\":\"Jardinier VEGAN\"}]},{\"@type\":\"WebSite\",\"@id\":\"https:\\\/\\\/staging.pitenis.eu\\\/fr\\\/#website\",\"url\":\"https:\\\/\\\/staging.pitenis.eu\\\/fr\\\/\",\"name\":\"Pitenis Shop | &#039;\u0395\u03c4\u03bf\u03b9\u03bc\u03b5\u03c2 \u03c3\u03b1\u03bb\u03ac\u03c4\u03b5\u03c2\",\"description\":\"\u03b1\u03bb\u03bf\u03b9\u03c6\u03ad\u03c2, \u03c8\u03b1\u03c1\u03b9\u03ba\u03ac, \u03c4\u03bf\u03c5\u03c1\u03c3\u03ac\u03ba\u03b9\u03b1\",\"publisher\":{\"@id\":\"https:\\\/\\\/staging.pitenis.eu\\\/fr\\\/#organization\"},\"potentialAction\":[{\"@type\":\"SearchAction\",\"target\":{\"@type\":\"EntryPoint\",\"urlTemplate\":\"https:\\\/\\\/staging.pitenis.eu\\\/fr\\\/?s={search_term_string}\"},\"query-input\":{\"@type\":\"PropertyValueSpecification\",\"valueRequired\":true,\"valueName\":\"search_term_string\"}}],\"inLanguage\":\"fr-FR\"},{\"@type\":\"Organization\",\"@id\":\"https:\\\/\\\/staging.pitenis.eu\\\/fr\\\/#organization\",\"name\":\"Pitenis Shop | &#039;\u0395\u03c4\u03bf\u03b9\u03bc\u03b5\u03c2 \u03c3\u03b1\u03bb\u03ac\u03c4\u03b5\u03c2\",\"url\":\"https:\\\/\\\/staging.pitenis.eu\\\/fr\\\/\",\"logo\":{\"@type\":\"ImageObject\",\"inLanguage\":\"fr-FR\",\"@id\":\"https:\\\/\\\/staging.pitenis.eu\\\/fr\\\/#\\\/schema\\\/logo\\\/image\\\/\",\"url\":\"https:\\\/\\\/staging.pitenis.eu\\\/wp-content\\\/uploads\\\/2025\\\/04\\\/cropped-pitenis_logo.png\",\"contentUrl\":\"https:\\\/\\\/staging.pitenis.eu\\\/wp-content\\\/uploads\\\/2025\\\/04\\\/cropped-pitenis_logo.png\",\"width\":172,\"height\":74,\"caption\":\"Pitenis Shop | &#039;\u0395\u03c4\u03bf\u03b9\u03bc\u03b5\u03c2 \u03c3\u03b1\u03bb\u03ac\u03c4\u03b5\u03c2\"},\"image\":{\"@id\":\"https:\\\/\\\/staging.pitenis.eu\\\/fr\\\/#\\\/schema\\\/logo\\\/image\\\/\"}}]}<\/script>\n<!-- \/ Yoast SEO plugin. -->","yoast_head_json":{"title":"Jardinier VEGAN - Pitenis Shop | &#039;\u0395\u03c4\u03bf\u03b9\u03bc\u03b5\u03c2 \u03c3\u03b1\u03bb\u03ac\u03c4\u03b5\u03c2","robots":{"index":"index","follow":"follow","max-snippet":"max-snippet:-1","max-image-preview":"max-image-preview:large","max-video-preview":"max-video-preview:-1"},"canonical":"https:\/\/staging.pitenis.eu\/fr\/produit\/jardinier-vegan\/","og_locale":"fr_FR","og_type":"article","og_title":"Jardinier VEGAN - Pitenis Shop | &#039;\u0395\u03c4\u03bf\u03b9\u03bc\u03b5\u03c2 \u03c3\u03b1\u03bb\u03ac\u03c4\u03b5\u03c2","og_description":"Le jardinier v\u00e9g\u00e9talien est une combinaison savoureuse qui offre un go\u00fbt prononc\u00e9 de c\u00e9leri, de carottes fra\u00eeches et de concombres marin\u00e9s aromatiques. Ces ingr\u00e9dients sains sont accompagn\u00e9s d'une mayonnaise VEGAN aigre-douce, qui ajoute une texture et une saveur riches \u00e0 la recette. Le Vegan Gardener's Vegan Gardener est id\u00e9al pour ceux qui veulent une option saine et agr\u00e9able \u00e0 leur table, en mettant l'accent sur le go\u00fbt naturel et frais des l\u00e9gumes. Cette variante du l\u00e9gume de jardin classique est une option alternative pour ceux qui suivent un r\u00e9gime v\u00e9g\u00e9talien, qui je\u00fbnent ou qui veulent essayer quelque chose de diff\u00e9rent et de sain.","og_url":"https:\/\/staging.pitenis.eu\/fr\/produit\/jardinier-vegan\/","og_site_name":"Pitenis Shop | &#039;\u0395\u03c4\u03bf\u03b9\u03bc\u03b5\u03c2 \u03c3\u03b1\u03bb\u03ac\u03c4\u03b5\u03c2","article_modified_time":"2025-08-14T10:02:08+00:00","og_image":[{"width":1000,"height":1000,"url":"https:\/\/staging.pitenis.eu\/wp-content\/uploads\/2025\/06\/VEGAN_\u039a\u0397\u03a0\u039f\u03a5\u03a1\u039f\u03a5.png","type":"image\/png"}],"twitter_card":"summary_large_image","twitter_misc":{"Dur\u00e9e de lecture estim\u00e9e":"2 minutes"},"schema":{"@context":"https:\/\/schema.org","@graph":[{"@type":"WebPage","@id":"https:\/\/staging.pitenis.eu\/fr\/produit\/jardinier-vegan\/","url":"https:\/\/staging.pitenis.eu\/fr\/produit\/jardinier-vegan\/","name":"Jardinier VEGAN - Pitenis Shop | &#039;\u0395\u03c4\u03bf\u03b9\u03bc\u03b5\u03c2 \u03c3\u03b1\u03bb\u03ac\u03c4\u03b5\u03c2","isPartOf":{"@id":"https:\/\/staging.pitenis.eu\/fr\/#website"},"primaryImageOfPage":{"@id":"https:\/\/staging.pitenis.eu\/fr\/produit\/jardinier-vegan\/#primaryimage"},"image":{"@id":"https:\/\/staging.pitenis.eu\/fr\/produit\/jardinier-vegan\/#primaryimage"},"thumbnailUrl":"https:\/\/staging.pitenis.eu\/wp-content\/uploads\/2025\/06\/VEGAN_\u039a\u0397\u03a0\u039f\u03a5\u03a1\u039f\u03a5.png","datePublished":"2025-06-03T22:15:44+00:00","dateModified":"2025-08-14T10:02:08+00:00","breadcrumb":{"@id":"https:\/\/staging.pitenis.eu\/fr\/produit\/jardinier-vegan\/#breadcrumb"},"inLanguage":"fr-FR","potentialAction":[{"@type":"ReadAction","target":["https:\/\/staging.pitenis.eu\/fr\/produit\/jardinier-vegan\/"]}]},{"@type":"ImageObject","inLanguage":"fr-FR","@id":"https:\/\/staging.pitenis.eu\/fr\/produit\/jardinier-vegan\/#primaryimage","url":"https:\/\/staging.pitenis.eu\/wp-content\/uploads\/2025\/06\/VEGAN_\u039a\u0397\u03a0\u039f\u03a5\u03a1\u039f\u03a5.png","contentUrl":"https:\/\/staging.pitenis.eu\/wp-content\/uploads\/2025\/06\/VEGAN_\u039a\u0397\u03a0\u039f\u03a5\u03a1\u039f\u03a5.png","width":1000,"height":1000},{"@type":"BreadcrumbList","@id":"https:\/\/staging.pitenis.eu\/fr\/produit\/jardinier-vegan\/#breadcrumb","itemListElement":[{"@type":"ListItem","position":1,"name":"Home","item":"https:\/\/staging.pitenis.eu\/fr\/"},{"@type":"ListItem","position":2,"name":"Boutique","item":"https:\/\/staging.pitenis.eu\/%ce%ba%ce%b1%cf%84%ce%ac%cf%83%cf%84%ce%b7%ce%bc%ce%b1\/"},{"@type":"ListItem","position":3,"name":"Jardinier VEGAN"}]},{"@type":"WebSite","@id":"https:\/\/staging.pitenis.eu\/fr\/#website","url":"https:\/\/staging.pitenis.eu\/fr\/","name":"Pitenis Shop | &#039;\u0395\u03c4\u03bf\u03b9\u03bc\u03b5\u03c2 \u03c3\u03b1\u03bb\u03ac\u03c4\u03b5\u03c2","description":"\u03b1\u03bb\u03bf\u03b9\u03c6\u03ad\u03c2, \u03c8\u03b1\u03c1\u03b9\u03ba\u03ac, \u03c4\u03bf\u03c5\u03c1\u03c3\u03ac\u03ba\u03b9\u03b1","publisher":{"@id":"https:\/\/staging.pitenis.eu\/fr\/#organization"},"potentialAction":[{"@type":"SearchAction","target":{"@type":"EntryPoint","urlTemplate":"https:\/\/staging.pitenis.eu\/fr\/?s={search_term_string}"},"query-input":{"@type":"PropertyValueSpecification","valueRequired":true,"valueName":"search_term_string"}}],"inLanguage":"fr-FR"},{"@type":"Organization","@id":"https:\/\/staging.pitenis.eu\/fr\/#organization","name":"Pitenis Shop | &#039;\u0395\u03c4\u03bf\u03b9\u03bc\u03b5\u03c2 \u03c3\u03b1\u03bb\u03ac\u03c4\u03b5\u03c2","url":"https:\/\/staging.pitenis.eu\/fr\/","logo":{"@type":"ImageObject","inLanguage":"fr-FR","@id":"https:\/\/staging.pitenis.eu\/fr\/#\/schema\/logo\/image\/","url":"https:\/\/staging.pitenis.eu\/wp-content\/uploads\/2025\/04\/cropped-pitenis_logo.png","contentUrl":"https:\/\/staging.pitenis.eu\/wp-content\/uploads\/2025\/04\/cropped-pitenis_logo.png","width":172,"height":74,"caption":"Pitenis Shop | &#039;\u0395\u03c4\u03bf\u03b9\u03bc\u03b5\u03c2 \u03c3\u03b1\u03bb\u03ac\u03c4\u03b5\u03c2"},"image":{"@id":"https:\/\/staging.pitenis.eu\/fr\/#\/schema\/logo\/image\/"}}]}},"_links":{"self":[{"href":"https:\/\/staging.pitenis.eu\/fr\/wp-json\/wp\/v2\/product\/11948","targetHints":{"allow":["GET"]}}],"collection":[{"href":"https:\/\/staging.pitenis.eu\/fr\/wp-json\/wp\/v2\/product"}],"about":[{"href":"https:\/\/staging.pitenis.eu\/fr\/wp-json\/wp\/v2\/types\/product"}],"replies":[{"embeddable":true,"href":"https:\/\/staging.pitenis.eu\/fr\/wp-json\/wp\/v2\/comments?post=11948"}],"wp:featuredmedia":[{"embeddable":true,"href":"https:\/\/staging.pitenis.eu\/fr\/wp-json\/wp\/v2\/media\/15163"}],"wp:attachment":[{"href":"https:\/\/staging.pitenis.eu\/fr\/wp-json\/wp\/v2\/media?parent=11948"}],"wp:term":[{"taxonomy":"product_cat","embeddable":true,"href":"https:\/\/staging.pitenis.eu\/fr\/wp-json\/wp\/v2\/product_cat?post=11948"},{"taxonomy":"product_tag","embeddable":true,"href":"https:\/\/staging.pitenis.eu\/fr\/wp-json\/wp\/v2\/product_tag?post=11948"}],"curies":[{"name":"wp","href":"https:\/\/api.w.org\/{rel}","templated":true}]}}