{"id":11944,"date":"2025-06-03T22:15:44","date_gmt":"2025-06-03T22:15:44","guid":{"rendered":"https:\/\/e-shop.advonpitenis.eu\/product\/salade-daubergines-vegan\/"},"modified":"2025-08-14T10:02:06","modified_gmt":"2025-08-14T10:02:06","slug":"salade-daubergines-vegan","status":"publish","type":"product","link":"https:\/\/staging.pitenis.eu\/fr\/produit\/salade-daubergines-vegan\/","title":{"rendered":"Salade d&rsquo;aubergines VEGAN"},"content":{"rendered":"<p><span style=\"font-weight: bold;\">Ingr\u00e9dients<\/span><br \/><span style='font-weight: bold; '>Ingr\u00e9dients : <\/span>Aubergines 57%, <span style='font-weight: bold; '>Mayonnaise<\/span> <span style='font-weight: bold; '>v\u00e9g\u00e9talienne<\/span> 40% [Huile v\u00e9g\u00e9tale (huile de soja ou de tournesol), eau, <span style='font-weight: bold; '>Moutarde<\/span> 10% (eau, vinaigre, moutarde, <span style='font-weight: bold; '>moutarde<\/span>, amidon naturel de ma\u00efs, sel, sucre, colorant naturel : curcumine, conservateur : E211, ar\u00f4me de moutarde), sucre, vinaigre, sel, coagulants : amidon de ma\u00efs modifi\u00e9, gomme de guar et de xanthane, r\u00e9gulateur d&rsquo;acidit\u00e9 : E330, conservateur : E202, antioxydants : EDTA, extrait de romarin], <span style='font-weight: bold; '>chapelure<\/span> <span style='font-weight: bold; '>(<\/span>farine de <span style='font-weight: bold; '>bl\u00e9<\/span>, levure, sel), ail, sel, sucre, conservateurs : E202, E211. Contient \u00e9ventuellement des traces de <span style='font-weight: bold; '>c\u00e9leri<\/span>, de<span style='font-weight: bold; '> graines de s\u00e9same<\/span>.<\/p>\n<p><span style=\"font-weight: bold;\">Combinaisons &#8211; suggestions d&rsquo;utilisation<\/span><br \/>La salade d&rsquo;aubergines v\u00e9g\u00e9talienne est id\u00e9ale en tant qu&rsquo;entr\u00e9e ou plat d&rsquo;accompagnement dans le cadre d&rsquo;un r\u00e9gime v\u00e9g\u00e9talien.<br \/>&#8211; Ajoutez la salade d&rsquo;aubergines v\u00e9g\u00e9talienne aux wraps ou aux sandwichs pour leur donner une saveur et une texture riches.<br \/>&#8211; Utilisez-la comme garniture sur des pizzas, des tartes ou diverses salades et amuse-gueules v\u00e9g\u00e9taliens pour une touche savoureuse.<br \/>&#8211; Savourez la salade d&rsquo;aubergines v\u00e9g\u00e9talienne comme plat d&rsquo;accompagnement avec des l\u00e9gumes frais ou sur des crackers, des toasts, des petits pains ou des tapas. <br \/>&#8211; Elle peut \u00e9galement accompagner des plats chauds tels que le riz, les l\u00e9gumes r\u00f4tis ou les l\u00e9gumineuses.   <br \/>Recette :<\/p>\n<p>Filet de porc \u00ab\u00a0ballotina\u00a0\u00bb avec salade d&rsquo;aubergines Pitenis<br \/>Ingr\u00e9dients<br \/><\/span>Pour le filet de porc. <\/p>\n<p> &#8211; Moutarde au thym et \u00e0 l&rsquo;origan Pitenis<br \/>&#8211; 20 g de chapelure r\u00e2p\u00e9e<br \/>&#8211; 50 ml d&rsquo;huile d&rsquo;olive vierge pure \u00ab\u00a0Erotokritos\u00a0\u00bb Pour la sauce.10 g de miel<br \/>Pour la salade \u00e9pic\u00e9e Pitenis <br \/>&#8211; 600 g de salade \u00e9pic\u00e9e Pitenis<br \/>&#8211; sauce BBQ Pitenis<br \/>&#8211; 20 ml d&rsquo;huile d&rsquo;olive extra vierge \u00ab\u00a0Erotokritos\u00a0\u00bb<br \/>Ex\u00e9cution<br \/><\/span>Pour le filet : <br \/>Nettoyez les filets des parties grasses, de la queue et de la t\u00eate.<br \/>Ouvrez-les \u00e0 droite et \u00e0 gauche en forme de papillon. Badigeonner l&rsquo;int\u00e9rieur avec de la moutarde.  <br \/>Nettoyer et couper les champignons en d\u00e9s. Dans une po\u00eale, faire chauffer l&rsquo;huile d&rsquo;olive extra vierge \u00ab\u00a0Erotokritos\u00a0\u00bb et faire sauter les champignons. Dans un bol, mettre les fromages, la salade d&rsquo;aubergines Pitenis, la chapelure et les champignons. Farcir les filets et les rouler. Attacher fermement avec un film et faire la \u00ab\u00a0ballotina\u00a0\u00bb. Faire cuire la ballotina dans de l&rsquo;eau bouillante pendant 30 minutes.<br \/>Pour la salade \u00e9pic\u00e9e de Pitenis : <br \/>Dans une po\u00eale, mettre la salade \u00e9pic\u00e9e de Pitenis. Faire revenir jusqu&rsquo;\u00e0 ce qu&rsquo;elle devienne chaude gr\u00e2ce au liquide qu&rsquo;elle lib\u00e8re. Ajouter l&rsquo;huile d&rsquo;olive extra vierge \u00ab\u00a0Erotokritos\u00a0\u00bb et bien chauffer.         Terminer par un peu de sauce BBQ Pitenis. <br \/>Pour la sauce : <br \/>Apr\u00e8s avoir retir\u00e9 les ballotins de l&rsquo;eau, ouvrir les g\u00e9latines qui les maintiennent en place et recueillir les liquides qu&rsquo;ils ont retenus dans une casserole.                                                                     Ajouter le miel, la moutarde et un peu de poivre. Mettez la casserole sur le feu et faites-la bouillir jusqu&rsquo;\u00e0 ce qu&rsquo;elle soit glac\u00e9e.<br \/>Coupez les filets en deux, panez-les et servez-les avec la salade \u00e9pic\u00e9e de Pitenis.<\/p>\n","protected":false},"excerpt":{"rendered":"<p>Cette d\u00e9licieuse salade contient des aubergines Melenia grill\u00e9es, accompagn\u00e9es d&rsquo;une mayonnaise VEGAN douce et d&rsquo;ail frais. L&rsquo;aubergine au miel ajoute une saveur unique, tandis que la mayonnaise VEGAN apporte une texture cr\u00e9meuse et un go\u00fbt doux. L&rsquo;ail frais rehausse les saveurs et offre une subtile sensation d&rsquo;ar\u00f4me. Cette salade est id\u00e9ale comme entr\u00e9e ou comme plat d&rsquo;accompagnement, apportant une riche saveur et une grande vari\u00e9t\u00e9 \u00e0 votre repas.<\/p>\n","protected":false},"featured_media":15160,"comment_status":"closed","ping_status":"closed","template":"","meta":{"_acf_changed":false},"product_cat":[340,264],"product_tag":[],"class_list":{"0":"post-11944","1":"product","2":"type-product","3":"status-publish","4":"has-post-thumbnail","6":"product_cat-lenten-dishes-fr","7":"product_cat-vegetalien","9":"first","10":"instock","11":"taxable","12":"shipping-taxable","13":"purchasable","14":"product-type-variable"},"acf":[],"yoast_head":"<!-- This site is optimized with the Yoast SEO plugin v27.4 - https:\/\/yoast.com\/product\/yoast-seo-wordpress\/ -->\n<title>Salade d&#039;aubergines VEGAN - Pitenis Shop | &#039;\u0395\u03c4\u03bf\u03b9\u03bc\u03b5\u03c2 \u03c3\u03b1\u03bb\u03ac\u03c4\u03b5\u03c2<\/title>\n<meta name=\"robots\" content=\"index, follow, max-snippet:-1, max-image-preview:large, max-video-preview:-1\" \/>\n<link rel=\"canonical\" href=\"https:\/\/staging.pitenis.eu\/fr\/produit\/salade-daubergines-vegan\/\" \/>\n<meta property=\"og:locale\" content=\"fr_FR\" \/>\n<meta property=\"og:type\" content=\"article\" \/>\n<meta property=\"og:title\" content=\"Salade d&#039;aubergines VEGAN - Pitenis Shop | &#039;\u0395\u03c4\u03bf\u03b9\u03bc\u03b5\u03c2 \u03c3\u03b1\u03bb\u03ac\u03c4\u03b5\u03c2\" \/>\n<meta property=\"og:description\" content=\"Cette d\u00e9licieuse salade contient des aubergines Melenia grill\u00e9es, accompagn\u00e9es d&#039;une mayonnaise VEGAN douce et d&#039;ail frais. L&#039;aubergine au miel ajoute une saveur unique, tandis que la mayonnaise VEGAN apporte une texture cr\u00e9meuse et un go\u00fbt doux. L&#039;ail frais rehausse les saveurs et offre une subtile sensation d&#039;ar\u00f4me. Cette salade est id\u00e9ale comme entr\u00e9e ou comme plat d&#039;accompagnement, apportant une riche saveur et une grande vari\u00e9t\u00e9 \u00e0 votre repas.\" \/>\n<meta property=\"og:url\" content=\"https:\/\/staging.pitenis.eu\/fr\/produit\/salade-daubergines-vegan\/\" \/>\n<meta property=\"og:site_name\" content=\"Pitenis Shop | &#039;\u0395\u03c4\u03bf\u03b9\u03bc\u03b5\u03c2 \u03c3\u03b1\u03bb\u03ac\u03c4\u03b5\u03c2\" \/>\n<meta property=\"article:modified_time\" content=\"2025-08-14T10:02:06+00:00\" \/>\n<meta property=\"og:image\" content=\"https:\/\/staging.pitenis.eu\/wp-content\/uploads\/2025\/06\/VEGAN_\u039c\u0395\u039b\u0399\u03a4\u0396\u0391\u039d\u039f\u03a3\u0391\u039b\u0391\u03a4\u0391.png\" \/>\n\t<meta property=\"og:image:width\" content=\"1000\" \/>\n\t<meta property=\"og:image:height\" content=\"1000\" \/>\n\t<meta property=\"og:image:type\" content=\"image\/png\" \/>\n<meta name=\"twitter:card\" content=\"summary_large_image\" \/>\n<meta name=\"twitter:label1\" content=\"Dur\u00e9e de lecture estim\u00e9e\" \/>\n\t<meta name=\"twitter:data1\" content=\"2 minutes\" \/>\n<script type=\"application\/ld+json\" class=\"yoast-schema-graph\">{\"@context\":\"https:\\\/\\\/schema.org\",\"@graph\":[{\"@type\":\"WebPage\",\"@id\":\"https:\\\/\\\/staging.pitenis.eu\\\/fr\\\/produit\\\/salade-daubergines-vegan\\\/\",\"url\":\"https:\\\/\\\/staging.pitenis.eu\\\/fr\\\/produit\\\/salade-daubergines-vegan\\\/\",\"name\":\"Salade d'aubergines VEGAN - Pitenis Shop | &#039;\u0395\u03c4\u03bf\u03b9\u03bc\u03b5\u03c2 \u03c3\u03b1\u03bb\u03ac\u03c4\u03b5\u03c2\",\"isPartOf\":{\"@id\":\"https:\\\/\\\/staging.pitenis.eu\\\/fr\\\/#website\"},\"primaryImageOfPage\":{\"@id\":\"https:\\\/\\\/staging.pitenis.eu\\\/fr\\\/produit\\\/salade-daubergines-vegan\\\/#primaryimage\"},\"image\":{\"@id\":\"https:\\\/\\\/staging.pitenis.eu\\\/fr\\\/produit\\\/salade-daubergines-vegan\\\/#primaryimage\"},\"thumbnailUrl\":\"https:\\\/\\\/staging.pitenis.eu\\\/wp-content\\\/uploads\\\/2025\\\/06\\\/VEGAN_\u039c\u0395\u039b\u0399\u03a4\u0396\u0391\u039d\u039f\u03a3\u0391\u039b\u0391\u03a4\u0391.png\",\"datePublished\":\"2025-06-03T22:15:44+00:00\",\"dateModified\":\"2025-08-14T10:02:06+00:00\",\"breadcrumb\":{\"@id\":\"https:\\\/\\\/staging.pitenis.eu\\\/fr\\\/produit\\\/salade-daubergines-vegan\\\/#breadcrumb\"},\"inLanguage\":\"fr-FR\",\"potentialAction\":[{\"@type\":\"ReadAction\",\"target\":[\"https:\\\/\\\/staging.pitenis.eu\\\/fr\\\/produit\\\/salade-daubergines-vegan\\\/\"]}]},{\"@type\":\"ImageObject\",\"inLanguage\":\"fr-FR\",\"@id\":\"https:\\\/\\\/staging.pitenis.eu\\\/fr\\\/produit\\\/salade-daubergines-vegan\\\/#primaryimage\",\"url\":\"https:\\\/\\\/staging.pitenis.eu\\\/wp-content\\\/uploads\\\/2025\\\/06\\\/VEGAN_\u039c\u0395\u039b\u0399\u03a4\u0396\u0391\u039d\u039f\u03a3\u0391\u039b\u0391\u03a4\u0391.png\",\"contentUrl\":\"https:\\\/\\\/staging.pitenis.eu\\\/wp-content\\\/uploads\\\/2025\\\/06\\\/VEGAN_\u039c\u0395\u039b\u0399\u03a4\u0396\u0391\u039d\u039f\u03a3\u0391\u039b\u0391\u03a4\u0391.png\",\"width\":1000,\"height\":1000},{\"@type\":\"BreadcrumbList\",\"@id\":\"https:\\\/\\\/staging.pitenis.eu\\\/fr\\\/produit\\\/salade-daubergines-vegan\\\/#breadcrumb\",\"itemListElement\":[{\"@type\":\"ListItem\",\"position\":1,\"name\":\"Home\",\"item\":\"https:\\\/\\\/staging.pitenis.eu\\\/fr\\\/\"},{\"@type\":\"ListItem\",\"position\":2,\"name\":\"Boutique\",\"item\":\"https:\\\/\\\/staging.pitenis.eu\\\/%ce%ba%ce%b1%cf%84%ce%ac%cf%83%cf%84%ce%b7%ce%bc%ce%b1\\\/\"},{\"@type\":\"ListItem\",\"position\":3,\"name\":\"Salade d&#8217;aubergines VEGAN\"}]},{\"@type\":\"WebSite\",\"@id\":\"https:\\\/\\\/staging.pitenis.eu\\\/fr\\\/#website\",\"url\":\"https:\\\/\\\/staging.pitenis.eu\\\/fr\\\/\",\"name\":\"Pitenis Shop | &#039;\u0395\u03c4\u03bf\u03b9\u03bc\u03b5\u03c2 \u03c3\u03b1\u03bb\u03ac\u03c4\u03b5\u03c2\",\"description\":\"\u03b1\u03bb\u03bf\u03b9\u03c6\u03ad\u03c2, \u03c8\u03b1\u03c1\u03b9\u03ba\u03ac, \u03c4\u03bf\u03c5\u03c1\u03c3\u03ac\u03ba\u03b9\u03b1\",\"publisher\":{\"@id\":\"https:\\\/\\\/staging.pitenis.eu\\\/fr\\\/#organization\"},\"potentialAction\":[{\"@type\":\"SearchAction\",\"target\":{\"@type\":\"EntryPoint\",\"urlTemplate\":\"https:\\\/\\\/staging.pitenis.eu\\\/fr\\\/?s={search_term_string}\"},\"query-input\":{\"@type\":\"PropertyValueSpecification\",\"valueRequired\":true,\"valueName\":\"search_term_string\"}}],\"inLanguage\":\"fr-FR\"},{\"@type\":\"Organization\",\"@id\":\"https:\\\/\\\/staging.pitenis.eu\\\/fr\\\/#organization\",\"name\":\"Pitenis Shop | &#039;\u0395\u03c4\u03bf\u03b9\u03bc\u03b5\u03c2 \u03c3\u03b1\u03bb\u03ac\u03c4\u03b5\u03c2\",\"url\":\"https:\\\/\\\/staging.pitenis.eu\\\/fr\\\/\",\"logo\":{\"@type\":\"ImageObject\",\"inLanguage\":\"fr-FR\",\"@id\":\"https:\\\/\\\/staging.pitenis.eu\\\/fr\\\/#\\\/schema\\\/logo\\\/image\\\/\",\"url\":\"https:\\\/\\\/staging.pitenis.eu\\\/wp-content\\\/uploads\\\/2025\\\/04\\\/cropped-pitenis_logo.png\",\"contentUrl\":\"https:\\\/\\\/staging.pitenis.eu\\\/wp-content\\\/uploads\\\/2025\\\/04\\\/cropped-pitenis_logo.png\",\"width\":172,\"height\":74,\"caption\":\"Pitenis Shop | &#039;\u0395\u03c4\u03bf\u03b9\u03bc\u03b5\u03c2 \u03c3\u03b1\u03bb\u03ac\u03c4\u03b5\u03c2\"},\"image\":{\"@id\":\"https:\\\/\\\/staging.pitenis.eu\\\/fr\\\/#\\\/schema\\\/logo\\\/image\\\/\"}}]}<\/script>\n<!-- \/ Yoast SEO plugin. -->","yoast_head_json":{"title":"Salade d'aubergines VEGAN - Pitenis Shop | &#039;\u0395\u03c4\u03bf\u03b9\u03bc\u03b5\u03c2 \u03c3\u03b1\u03bb\u03ac\u03c4\u03b5\u03c2","robots":{"index":"index","follow":"follow","max-snippet":"max-snippet:-1","max-image-preview":"max-image-preview:large","max-video-preview":"max-video-preview:-1"},"canonical":"https:\/\/staging.pitenis.eu\/fr\/produit\/salade-daubergines-vegan\/","og_locale":"fr_FR","og_type":"article","og_title":"Salade d'aubergines VEGAN - Pitenis Shop | &#039;\u0395\u03c4\u03bf\u03b9\u03bc\u03b5\u03c2 \u03c3\u03b1\u03bb\u03ac\u03c4\u03b5\u03c2","og_description":"Cette d\u00e9licieuse salade contient des aubergines Melenia grill\u00e9es, accompagn\u00e9es d'une mayonnaise VEGAN douce et d'ail frais. L'aubergine au miel ajoute une saveur unique, tandis que la mayonnaise VEGAN apporte une texture cr\u00e9meuse et un go\u00fbt doux. L'ail frais rehausse les saveurs et offre une subtile sensation d'ar\u00f4me. Cette salade est id\u00e9ale comme entr\u00e9e ou comme plat d'accompagnement, apportant une riche saveur et une grande vari\u00e9t\u00e9 \u00e0 votre repas.","og_url":"https:\/\/staging.pitenis.eu\/fr\/produit\/salade-daubergines-vegan\/","og_site_name":"Pitenis Shop | &#039;\u0395\u03c4\u03bf\u03b9\u03bc\u03b5\u03c2 \u03c3\u03b1\u03bb\u03ac\u03c4\u03b5\u03c2","article_modified_time":"2025-08-14T10:02:06+00:00","og_image":[{"width":1000,"height":1000,"url":"https:\/\/staging.pitenis.eu\/wp-content\/uploads\/2025\/06\/VEGAN_\u039c\u0395\u039b\u0399\u03a4\u0396\u0391\u039d\u039f\u03a3\u0391\u039b\u0391\u03a4\u0391.png","type":"image\/png"}],"twitter_card":"summary_large_image","twitter_misc":{"Dur\u00e9e de lecture estim\u00e9e":"2 minutes"},"schema":{"@context":"https:\/\/schema.org","@graph":[{"@type":"WebPage","@id":"https:\/\/staging.pitenis.eu\/fr\/produit\/salade-daubergines-vegan\/","url":"https:\/\/staging.pitenis.eu\/fr\/produit\/salade-daubergines-vegan\/","name":"Salade d'aubergines VEGAN - Pitenis Shop | &#039;\u0395\u03c4\u03bf\u03b9\u03bc\u03b5\u03c2 \u03c3\u03b1\u03bb\u03ac\u03c4\u03b5\u03c2","isPartOf":{"@id":"https:\/\/staging.pitenis.eu\/fr\/#website"},"primaryImageOfPage":{"@id":"https:\/\/staging.pitenis.eu\/fr\/produit\/salade-daubergines-vegan\/#primaryimage"},"image":{"@id":"https:\/\/staging.pitenis.eu\/fr\/produit\/salade-daubergines-vegan\/#primaryimage"},"thumbnailUrl":"https:\/\/staging.pitenis.eu\/wp-content\/uploads\/2025\/06\/VEGAN_\u039c\u0395\u039b\u0399\u03a4\u0396\u0391\u039d\u039f\u03a3\u0391\u039b\u0391\u03a4\u0391.png","datePublished":"2025-06-03T22:15:44+00:00","dateModified":"2025-08-14T10:02:06+00:00","breadcrumb":{"@id":"https:\/\/staging.pitenis.eu\/fr\/produit\/salade-daubergines-vegan\/#breadcrumb"},"inLanguage":"fr-FR","potentialAction":[{"@type":"ReadAction","target":["https:\/\/staging.pitenis.eu\/fr\/produit\/salade-daubergines-vegan\/"]}]},{"@type":"ImageObject","inLanguage":"fr-FR","@id":"https:\/\/staging.pitenis.eu\/fr\/produit\/salade-daubergines-vegan\/#primaryimage","url":"https:\/\/staging.pitenis.eu\/wp-content\/uploads\/2025\/06\/VEGAN_\u039c\u0395\u039b\u0399\u03a4\u0396\u0391\u039d\u039f\u03a3\u0391\u039b\u0391\u03a4\u0391.png","contentUrl":"https:\/\/staging.pitenis.eu\/wp-content\/uploads\/2025\/06\/VEGAN_\u039c\u0395\u039b\u0399\u03a4\u0396\u0391\u039d\u039f\u03a3\u0391\u039b\u0391\u03a4\u0391.png","width":1000,"height":1000},{"@type":"BreadcrumbList","@id":"https:\/\/staging.pitenis.eu\/fr\/produit\/salade-daubergines-vegan\/#breadcrumb","itemListElement":[{"@type":"ListItem","position":1,"name":"Home","item":"https:\/\/staging.pitenis.eu\/fr\/"},{"@type":"ListItem","position":2,"name":"Boutique","item":"https:\/\/staging.pitenis.eu\/%ce%ba%ce%b1%cf%84%ce%ac%cf%83%cf%84%ce%b7%ce%bc%ce%b1\/"},{"@type":"ListItem","position":3,"name":"Salade d&#8217;aubergines VEGAN"}]},{"@type":"WebSite","@id":"https:\/\/staging.pitenis.eu\/fr\/#website","url":"https:\/\/staging.pitenis.eu\/fr\/","name":"Pitenis Shop | &#039;\u0395\u03c4\u03bf\u03b9\u03bc\u03b5\u03c2 \u03c3\u03b1\u03bb\u03ac\u03c4\u03b5\u03c2","description":"\u03b1\u03bb\u03bf\u03b9\u03c6\u03ad\u03c2, \u03c8\u03b1\u03c1\u03b9\u03ba\u03ac, \u03c4\u03bf\u03c5\u03c1\u03c3\u03ac\u03ba\u03b9\u03b1","publisher":{"@id":"https:\/\/staging.pitenis.eu\/fr\/#organization"},"potentialAction":[{"@type":"SearchAction","target":{"@type":"EntryPoint","urlTemplate":"https:\/\/staging.pitenis.eu\/fr\/?s={search_term_string}"},"query-input":{"@type":"PropertyValueSpecification","valueRequired":true,"valueName":"search_term_string"}}],"inLanguage":"fr-FR"},{"@type":"Organization","@id":"https:\/\/staging.pitenis.eu\/fr\/#organization","name":"Pitenis Shop | &#039;\u0395\u03c4\u03bf\u03b9\u03bc\u03b5\u03c2 \u03c3\u03b1\u03bb\u03ac\u03c4\u03b5\u03c2","url":"https:\/\/staging.pitenis.eu\/fr\/","logo":{"@type":"ImageObject","inLanguage":"fr-FR","@id":"https:\/\/staging.pitenis.eu\/fr\/#\/schema\/logo\/image\/","url":"https:\/\/staging.pitenis.eu\/wp-content\/uploads\/2025\/04\/cropped-pitenis_logo.png","contentUrl":"https:\/\/staging.pitenis.eu\/wp-content\/uploads\/2025\/04\/cropped-pitenis_logo.png","width":172,"height":74,"caption":"Pitenis Shop | &#039;\u0395\u03c4\u03bf\u03b9\u03bc\u03b5\u03c2 \u03c3\u03b1\u03bb\u03ac\u03c4\u03b5\u03c2"},"image":{"@id":"https:\/\/staging.pitenis.eu\/fr\/#\/schema\/logo\/image\/"}}]}},"_links":{"self":[{"href":"https:\/\/staging.pitenis.eu\/fr\/wp-json\/wp\/v2\/product\/11944","targetHints":{"allow":["GET"]}}],"collection":[{"href":"https:\/\/staging.pitenis.eu\/fr\/wp-json\/wp\/v2\/product"}],"about":[{"href":"https:\/\/staging.pitenis.eu\/fr\/wp-json\/wp\/v2\/types\/product"}],"replies":[{"embeddable":true,"href":"https:\/\/staging.pitenis.eu\/fr\/wp-json\/wp\/v2\/comments?post=11944"}],"wp:featuredmedia":[{"embeddable":true,"href":"https:\/\/staging.pitenis.eu\/fr\/wp-json\/wp\/v2\/media\/15160"}],"wp:attachment":[{"href":"https:\/\/staging.pitenis.eu\/fr\/wp-json\/wp\/v2\/media?parent=11944"}],"wp:term":[{"taxonomy":"product_cat","embeddable":true,"href":"https:\/\/staging.pitenis.eu\/fr\/wp-json\/wp\/v2\/product_cat?post=11944"},{"taxonomy":"product_tag","embeddable":true,"href":"https:\/\/staging.pitenis.eu\/fr\/wp-json\/wp\/v2\/product_tag?post=11944"}],"curies":[{"name":"wp","href":"https:\/\/api.w.org\/{rel}","templated":true}]}}