{"id":12394,"date":"2025-06-04T05:08:32","date_gmt":"2025-06-04T05:08:32","guid":{"rendered":"https:\/\/e-shop.advonpitenis.eu\/prix-de-la-qualite\/"},"modified":"2025-06-30T16:54:08","modified_gmt":"2025-06-30T16:54:08","slug":"prix-de-la-qualite","status":"publish","type":"page","link":"https:\/\/staging.pitenis.eu\/fr\/prix-de-la-qualite\/","title":{"rendered":"Prix de la qualit\u00e9"},"content":{"rendered":"\t\t<div data-elementor-type=\"wp-post\" data-elementor-id=\"12394\" class=\"elementor elementor-12394 elementor-7\" data-elementor-post-type=\"page\">\n\t\t\t\t<div class=\"e-con-top elementor-element elementor-element-568f65d e-flex e-con-boxed e-con e-parent\" data-id=\"568f65d\" data-element_type=\"container\" data-e-type=\"container\">\n\t\t\t\t\t<div class=\"e-con-inner\">\n\t\t\t\t<div class=\"elementor-element elementor-element-010b304 elementor-widget elementor-widget-heading\" data-id=\"010b304\" data-element_type=\"widget\" data-e-type=\"widget\" data-widget_type=\"heading.default\">\n\t\t\t\t<div class=\"elementor-widget-container\">\n\t\t\t\t\t<h2 class=\"elementor-heading-title elementor-size-default\">Prix de la qualit\u00e9<\/h2>\t\t\t\t<\/div>\n\t\t\t\t<\/div>\n\t\t\t\t\t<\/div>\n\t\t\t\t<\/div>\n\t\t<div class=\"e-con-top elementor-element elementor-element-69fb366c e-flex e-con-boxed e-con e-parent\" data-id=\"69fb366c\" data-element_type=\"container\" data-e-type=\"container\">\n\t\t\t\t\t<div class=\"e-con-inner\">\n\t\t\t\t<div class=\"elementor-element elementor-element-17d845da elementor-widget elementor-widget-timeline-widget-addon\" data-id=\"17d845da\" data-element_type=\"widget\" data-e-type=\"widget\" data-widget_type=\"timeline-widget-addon.default\">\n\t\t\t\t<div class=\"elementor-widget-container\">\n\t\t\t\t\t<!-- ========= Timeline Widget  Addon For Elementor 1.6.24 ========= -->\n<div id=\"twae-wrapper-17d845da\" class=\"twae-wrapper twae-horizontal-timeline\">\n<div class=\"twae-wrapper-inside\">\n <div id=\"twae-slider-container-17d845da\" data-dir=\"\" data-slidestoshow=\"5\" data-autoplay=\"false\" data-auto-height=\"false\" class=\"twae-slider-container swiper-container\">\n <div  class=\"twae-slider-wrapper swiper-wrapper auto-height\"><!-- Start of Story Repeater Content --><div id=\"twae-article-e1a307c\" class=\"twae-repeater-item twae-story swiper-slide twae-story-no-icon\"><!-- Story Label --><div class=\"twae-labels\"><div class=\"twae-label-big\">2021<\/div><\/div><!-- Story Icon --><div class=\"twae-icon\"><i aria-hidden=\"true\" class=\"far fa-clock\"><\/i><\/div><!-- Story Arrow --><div class=\"twae-arrow\"><\/div><!-- Start of Story Content --><div class=\"twae-content\"><!-- Story Image --><div class=\"twae-media full\"><img decoding=\"async\" width=\"137\" height=\"130\" src=\"https:\/\/staging.pitenis.eu\/wp-content\/uploads\/2025\/06\/2021-1.jpg\" class=\"attachment-full size-full\" alt=\"2021-1.jpg\" \/><\/div><!-- Story Title --><div class=\"twae-title\">Prix de l'exportation grecque<\/div><!-- Story Description --><div class=\"twae-description\"><p>Prix d'argent dans la cat\u00e9gorie \"Top Manufacturing Export Company<\/p>\n<\/div><\/div><\/div><!-- Start of Story Repeater Content --><div id=\"twae-article-9fb5c38\" class=\"twae-repeater-item twae-story swiper-slide twae-story-no-icon\"><!-- Story Label --><div class=\"twae-labels\"><div class=\"twae-label-big twae-label-big\">2020<\/div><\/div><!-- Story Icon --><div class=\"twae-icon\"><i aria-hidden=\"true\" class=\"far fa-clock\"><\/i><\/div><!-- Story Arrow --><div class=\"twae-arrow\"><\/div><!-- Start of Story Content --><div class=\"twae-content\"><!-- Story Image --><div class=\"twae-media full\"><img decoding=\"async\" width=\"292\" height=\"130\" src=\"https:\/\/staging.pitenis.eu\/wp-content\/uploads\/2025\/06\/2020-1-1.jpg\" class=\"attachment-full size-full\" alt=\"2020-1-1.jpg\" \/><\/div><!-- Story Title --><div class=\"twae-title twae-title\">MTA - Prix du go\u00fbt m\u00e9diterran\u00e9en<\/div><!-- Story Description --><div class=\"twae-description twae-description\"><p>2 qualit\u00e9s d'or pour les produits : Sauce moutarde \"Pitenis\" et Taramosalata traditionnelle \"Pitenis\",<\/p>\n<p>Qualit\u00e9 argent pour le fromage de tulipe \"Pandaisia\"<\/p>\n<p>dans le cadre du concours international MTA \"Mediterranean Taste Awards\", qui vise \u00e0 cr\u00e9er une r\u00e9f\u00e9rence impartiale et objective pour la qualit\u00e9 des produits m\u00e9diterran\u00e9ens gr\u00e2ce \u00e0 l'introduction d'un processus d'\u00e9valuation transparent et rigoureux, contribuant \u00e0 la promotion des produits qui font partie de la culture alimentaire m\u00e9diterran\u00e9enne<\/p>\n<\/div><\/div><\/div><!-- Start of Story Repeater Content --><div id=\"twae-article-6d34ff4\" class=\"twae-repeater-item twae-story swiper-slide twae-story-no-icon\"><!-- Story Label --><div class=\"twae-labels\"><div class=\"twae-label-big twae-label-big twae-label-big\">2019<\/div><\/div><!-- Story Icon --><div class=\"twae-icon\"><i aria-hidden=\"true\" class=\"far fa-clock\"><\/i><\/div><!-- Story Arrow --><div class=\"twae-arrow\"><\/div><!-- Start of Story Content --><div class=\"twae-content\"><!-- Story Image --><div class=\"twae-media large\"><img decoding=\"async\" width=\"171\" height=\"79\" src=\"https:\/\/staging.pitenis.eu\/wp-content\/uploads\/2025\/06\/2017-1-1.jpg\" class=\"attachment-large size-large\" alt=\"2017-1-1.jpg\" \/><\/div><!-- Story Title --><div class=\"twae-title twae-title twae-title\">Forum des supermarch\u00e9s<\/div><!-- Story Description --><div class=\"twae-description twae-description twae-description\"><p>Distinction honorifique d\u00e9cern\u00e9e \u00e0 \"A. Piteni Bros.\" pour son parcours r\u00e9ussi sur le march\u00e9 grec et mondial de l'alimentation lors du 6e SUPER MARKET FORUM - MEETING OF GREEK BUSINESS<\/p>\n<\/div><\/div><\/div><!-- Start of Story Repeater Content --><div id=\"twae-article-036b6fb\" class=\"twae-repeater-item twae-story swiper-slide twae-story-no-icon\"><!-- Story Label --><div class=\"twae-labels\"><div class=\"twae-label-big twae-label-big twae-label-big twae-label-big\">2019<\/div><\/div><!-- Story Icon --><div class=\"twae-icon\"><i aria-hidden=\"true\" class=\"far fa-clock\"><\/i><\/div><!-- Story Arrow --><div class=\"twae-arrow\"><\/div><!-- Start of Story Content --><div class=\"twae-content\"><!-- Story Image --><div class=\"twae-media large\"><img loading=\"lazy\" decoding=\"async\" width=\"130\" height=\"130\" src=\"https:\/\/staging.pitenis.eu\/wp-content\/uploads\/2025\/06\/2019-1-1.jpg\" class=\"attachment-large size-large\" alt=\"2019-1-1.jpg\" srcset=\"https:\/\/staging.pitenis.eu\/wp-content\/uploads\/2025\/06\/2019-1-1.jpg 130w, https:\/\/staging.pitenis.eu\/wp-content\/uploads\/2025\/06\/2019-1-1-100x100.jpg 100w\" sizes=\"(max-width: 130px) 100vw, 130px\" \/><\/div><!-- Story Title --><div class=\"twae-title twae-title twae-title twae-title\">iTQi<\/div><!-- Story Description --><div class=\"twae-description twae-description twae-description twae-description\"><p>2 \u00e9toiles d'or pour la mayonnaise Pitenis Premium au safran par l'iTQi International Taste &amp; Quality Institute, l'organisation leader qui met en valeur les aliments et les boissons de go\u00fbt et de qualit\u00e9 sup\u00e9rieurs sur le march\u00e9 international<\/p>\n<\/div><\/div><\/div><!-- Start of Story Repeater Content --><div id=\"twae-article-5302a02\" class=\"twae-repeater-item twae-story swiper-slide twae-story-no-icon\"><!-- Story Label --><div class=\"twae-labels\"><div class=\"twae-label-big twae-label-big twae-label-big twae-label-big twae-label-big\">2017<\/div><\/div><!-- Story Icon --><div class=\"twae-icon\"><i aria-hidden=\"true\" class=\"far fa-clock\"><\/i><\/div><!-- Story Arrow --><div class=\"twae-arrow\"><\/div><!-- Start of Story Content --><div class=\"twae-content\"><!-- Story Image --><div class=\"twae-media large\"><img loading=\"lazy\" decoding=\"async\" width=\"234\" height=\"130\" src=\"https:\/\/staging.pitenis.eu\/wp-content\/uploads\/2025\/06\/2017-3-1.jpg\" class=\"attachment-large size-large\" alt=\"2017-3-1.jpg\" \/><\/div><!-- Story Title --><div class=\"twae-title twae-title twae-title twae-title twae-title\">Zampple<\/div><!-- Story Description --><div class=\"twae-description twae-description twae-description twae-description twae-description\"><p>La mayonnaise au safran \"Pitenis Premium\" a remport\u00e9 le prix Top Product 2017 lors d'une d\u00e9gustation effectu\u00e9e par Zampple aupr\u00e8s de 3 500 consommateurs, qui place les consommateurs au centre, leur permettant de tester les produits, de les \u00e9valuer, d'am\u00e9liorer ceux qui en ont besoin et de promouvoir ceux qui le m\u00e9ritent<\/p>\n<\/div><\/div><\/div><!-- Start of Story Repeater Content --><div id=\"twae-article-2009e0c\" class=\"twae-repeater-item twae-story swiper-slide twae-story-no-icon\"><!-- Story Label --><div class=\"twae-labels\"><div class=\"twae-label-big twae-label-big twae-label-big twae-label-big twae-label-big twae-label-big\">2017<\/div><\/div><!-- Story Icon --><div class=\"twae-icon\"><i aria-hidden=\"true\" class=\"far fa-clock\"><\/i><\/div><!-- Story Arrow --><div class=\"twae-arrow\"><\/div><!-- Start of Story Content --><div class=\"twae-content\"><!-- Story Image --><div class=\"twae-media large\"><img loading=\"lazy\" decoding=\"async\" width=\"116\" height=\"130\" src=\"https:\/\/staging.pitenis.eu\/wp-content\/uploads\/2025\/06\/2017-2-1.jpg\" class=\"attachment-large size-large\" alt=\"2017-2-1.jpg\" \/><\/div><!-- Story Title --><div class=\"twae-title twae-title twae-title twae-title twae-title twae-title\">Prix Taste Olymp<\/div><!-- Story Description --><div class=\"twae-description twae-description twae-description twae-description twae-description twae-description\"><p>des Olymp Awards, le concours r\u00e9compensant les produits alimentaires, les vins et les boissons de qualit\u00e9 sup\u00e9rieure<\/p>\n<\/div><\/div><\/div><!-- Start of Story Repeater Content --><div id=\"twae-article-2118045\" class=\"twae-repeater-item twae-story swiper-slide twae-story-no-icon\"><!-- Story Label --><div class=\"twae-labels\"><div class=\"twae-label-big twae-label-big twae-label-big twae-label-big twae-label-big twae-label-big twae-label-big\">2017<\/div><\/div><!-- Story Icon --><div class=\"twae-icon\"><i aria-hidden=\"true\" class=\"far fa-clock\"><\/i><\/div><!-- Story Arrow --><div class=\"twae-arrow\"><\/div><!-- Start of Story Content --><div class=\"twae-content\"><!-- Story Image --><div class=\"twae-media large\"><img decoding=\"async\" width=\"171\" height=\"79\" src=\"https:\/\/staging.pitenis.eu\/wp-content\/uploads\/2025\/06\/2017-1-1.jpg\" class=\"attachment-large size-large\" alt=\"2017-1-1.jpg\" \/><\/div><!-- Story Title --><div class=\"twae-title twae-title twae-title twae-title twae-title twae-title twae-title\">Prix du Forum des supermarch\u00e9s<\/div><!-- Story Description --><div class=\"twae-description twae-description twae-description twae-description twae-description twae-description twae-description\"><p>Prix d\u00e9cern\u00e9 \u00e0 \"A. Piteni Bros.\" lors de l'\u00e9v\u00e9nement pour la communication directe du secteur de la vente au d\u00e9tail de produits alimentaires et de boissons avec le monde des fournisseurs, des producteurs et des services du secteur<\/p>\n<\/div><\/div><\/div><!-- Start of Story Repeater Content --><div id=\"twae-article-9c5103b\" class=\"twae-repeater-item twae-story swiper-slide twae-story-no-icon\"><!-- Story Label --><div class=\"twae-labels\"><div class=\"twae-label-big twae-label-big twae-label-big twae-label-big twae-label-big twae-label-big twae-label-big twae-label-big\">2003<\/div><\/div><!-- Story Icon --><div class=\"twae-icon\"><i aria-hidden=\"true\" class=\"far fa-clock\"><\/i><\/div><!-- Story Arrow --><div class=\"twae-arrow\"><\/div><!-- Start of Story Content --><div class=\"twae-content\"><!-- Story Image --><div class=\"twae-media large\"><img loading=\"lazy\" decoding=\"async\" width=\"137\" height=\"130\" src=\"https:\/\/staging.pitenis.eu\/wp-content\/uploads\/2025\/06\/2003-1.jpg\" class=\"attachment-large size-large\" alt=\"2003-1.jpg\" \/><\/div><!-- Story Title --><div class=\"twae-title twae-title twae-title twae-title twae-title twae-title twae-title twae-title\">Chambre de commerce et d'industrie de Kozani<\/div><!-- Story Description --><div class=\"twae-description twae-description twae-description twae-description twae-description twae-description twae-description twae-description\"><p>Prix de l'esprit d'entreprise chez les jeunes\" de la Chambre de commerce et d'industrie de Kozani<\/p>\n<\/div><\/div><\/div><!-- Start of Story Repeater Content --><div id=\"twae-article-85617c3\" class=\"twae-repeater-item twae-story swiper-slide twae-story-no-icon\"><!-- Story Label --><div class=\"twae-labels\"><div class=\"twae-label-big twae-label-big twae-label-big twae-label-big twae-label-big twae-label-big twae-label-big twae-label-big twae-label-big\">2000<\/div><\/div><!-- Story Icon --><div class=\"twae-icon\"><i aria-hidden=\"true\" class=\"far fa-clock\"><\/i><\/div><!-- Story Arrow --><div class=\"twae-arrow\"><\/div><!-- Start of Story Content --><div class=\"twae-content\"><!-- Story Image --><div class=\"twae-media large\"><img loading=\"lazy\" decoding=\"async\" width=\"256\" height=\"147\" src=\"https:\/\/staging.pitenis.eu\/wp-content\/uploads\/2025\/06\/2000-1.jpg\" class=\"attachment-large size-large\" alt=\"2000-1.jpg\" \/><\/div><!-- Story Title --><div class=\"twae-title twae-title twae-title twae-title twae-title twae-title twae-title twae-title twae-title\">1er prix panhell\u00e9nique et \u00e9loge de l'excellence commerciale<\/div><!-- Story Description --><div class=\"twae-description twae-description twae-description twae-description twae-description twae-description twae-description twae-description twae-description\"><p>de l'Organisation hell\u00e9nique des petites et moyennes entreprises et de l'artisanat<\/p>\n<\/div><\/div><\/div><!-- Start of Story Repeater Content --><div id=\"twae-article-fca6d71\" class=\"twae-repeater-item twae-story swiper-slide twae-story-no-icon\"><!-- Story Label --><div class=\"twae-labels\"><div class=\"twae-label-big twae-label-big twae-label-big twae-label-big twae-label-big twae-label-big twae-label-big twae-label-big twae-label-big twae-label-big\">1999<\/div><\/div><!-- Story Icon --><div class=\"twae-icon\"><i aria-hidden=\"true\" class=\"far fa-clock\"><\/i><\/div><!-- Story Arrow --><div class=\"twae-arrow\"><\/div><!-- Start of Story Content --><div class=\"twae-content\"><!-- Story Title --><div class=\"twae-title twae-title twae-title twae-title twae-title twae-title twae-title twae-title twae-title twae-title\">Prix europ\u00e9en de la qualit\u00e9 en or<\/div><!-- Story Description --><div class=\"twae-description twae-description twae-description twae-description twae-description twae-description twae-description twae-description twae-description twae-description\"><p>dans le cadre d'une comp\u00e9tition entre 15 000 entreprises de production alimentaire dans le monde entier<\/p>\n<\/div><\/div><\/div><\/div><\/div><\/div> <!-- Add Arrows -->\n       <div class=\"twae-button-prev\"><i class=\"fas fa-chevron-left\"><\/i><\/div>\n       <div class=\"twae-button-next\"><i class=\"fas fa-chevron-right\"><\/i><\/div>\n       <div class=\"twae-h-line\"><\/div>\n       <div class=\"twae-line-fill\"><\/div>\n    <\/div>\t\t\t\t<\/div>\n\t\t\t\t<\/div>\n\t\t\t\t\t<\/div>\n\t\t\t\t<\/div>\n\t\t\t\t<\/div>\n\t\t","protected":false},"excerpt":{"rendered":"<p>Prix de la qualit\u00e9 2021Prix de l&rsquo;exportation grecque Prix d&rsquo;argent dans la cat\u00e9gorie \u00ab\u00a0Top Manufacturing Export Company 2020MTA &#8211; Prix du go\u00fbt m\u00e9diterran\u00e9en 2 qualit\u00e9s d&rsquo;or pour les produits : Sauce moutarde \u00ab\u00a0Pitenis\u00a0\u00bb et Taramosalata traditionnelle \u00ab\u00a0Pitenis\u00a0\u00bb, Qualit\u00e9 argent pour le fromage de tulipe \u00ab\u00a0Pandaisia\u00a0\u00bb dans le cadre du concours international MTA \u00ab\u00a0Mediterranean Taste Awards\u00a0\u00bb, [&hellip;]<\/p>\n","protected":false},"author":1,"featured_media":0,"parent":0,"menu_order":0,"comment_status":"closed","ping_status":"closed","template":"","meta":{"_acf_changed":false,"footnotes":""},"class_list":["post-12394","page","type-page","status-publish","hentry"],"acf":[],"yoast_head":"<!-- This site is optimized with the Yoast SEO plugin v27.4 - https:\/\/yoast.com\/product\/yoast-seo-wordpress\/ -->\n<title>Prix de la qualit\u00e9 - Pitenis Shop | &#039;\u0395\u03c4\u03bf\u03b9\u03bc\u03b5\u03c2 \u03c3\u03b1\u03bb\u03ac\u03c4\u03b5\u03c2<\/title>\n<meta name=\"robots\" content=\"index, follow, max-snippet:-1, max-image-preview:large, max-video-preview:-1\" \/>\n<link rel=\"canonical\" href=\"https:\/\/staging.pitenis.eu\/fr\/prix-de-la-qualite\/\" \/>\n<meta property=\"og:locale\" content=\"fr_FR\" \/>\n<meta property=\"og:type\" content=\"article\" \/>\n<meta property=\"og:title\" content=\"Prix de la qualit\u00e9 - Pitenis Shop | &#039;\u0395\u03c4\u03bf\u03b9\u03bc\u03b5\u03c2 \u03c3\u03b1\u03bb\u03ac\u03c4\u03b5\u03c2\" \/>\n<meta property=\"og:description\" content=\"Prix de la qualit\u00e9 2021Prix de l&rsquo;exportation grecque Prix d&rsquo;argent dans la cat\u00e9gorie \u00ab\u00a0Top Manufacturing Export Company 2020MTA &#8211; Prix du go\u00fbt m\u00e9diterran\u00e9en 2 qualit\u00e9s d&rsquo;or pour les produits : Sauce moutarde \u00ab\u00a0Pitenis\u00a0\u00bb et Taramosalata traditionnelle \u00ab\u00a0Pitenis\u00a0\u00bb, Qualit\u00e9 argent pour le fromage de tulipe \u00ab\u00a0Pandaisia\u00a0\u00bb dans le cadre du concours international MTA \u00ab\u00a0Mediterranean Taste Awards\u00a0\u00bb, [&hellip;]\" \/>\n<meta property=\"og:url\" content=\"https:\/\/staging.pitenis.eu\/fr\/prix-de-la-qualite\/\" \/>\n<meta property=\"og:site_name\" content=\"Pitenis Shop | &#039;\u0395\u03c4\u03bf\u03b9\u03bc\u03b5\u03c2 \u03c3\u03b1\u03bb\u03ac\u03c4\u03b5\u03c2\" \/>\n<meta property=\"article:modified_time\" content=\"2025-06-30T16:54:08+00:00\" \/>\n<meta property=\"og:image\" content=\"https:\/\/eshop.pitenis.eu\/wp-content\/uploads\/2025\/06\/2021-1.jpg\" \/>\n<meta name=\"twitter:card\" content=\"summary_large_image\" \/>\n<meta name=\"twitter:label1\" content=\"Dur\u00e9e de lecture estim\u00e9e\" \/>\n\t<meta name=\"twitter:data1\" content=\"2 minutes\" \/>\n<script type=\"application\/ld+json\" class=\"yoast-schema-graph\">{\"@context\":\"https:\\\/\\\/schema.org\",\"@graph\":[{\"@type\":\"WebPage\",\"@id\":\"https:\\\/\\\/staging.pitenis.eu\\\/fr\\\/prix-de-la-qualite\\\/\",\"url\":\"https:\\\/\\\/staging.pitenis.eu\\\/fr\\\/prix-de-la-qualite\\\/\",\"name\":\"Prix de la qualit\u00e9 - Pitenis Shop | &#039;\u0395\u03c4\u03bf\u03b9\u03bc\u03b5\u03c2 \u03c3\u03b1\u03bb\u03ac\u03c4\u03b5\u03c2\",\"isPartOf\":{\"@id\":\"https:\\\/\\\/staging.pitenis.eu\\\/fr\\\/#website\"},\"primaryImageOfPage\":{\"@id\":\"https:\\\/\\\/staging.pitenis.eu\\\/fr\\\/prix-de-la-qualite\\\/#primaryimage\"},\"image\":{\"@id\":\"https:\\\/\\\/staging.pitenis.eu\\\/fr\\\/prix-de-la-qualite\\\/#primaryimage\"},\"thumbnailUrl\":\"https:\\\/\\\/eshop.pitenis.eu\\\/wp-content\\\/uploads\\\/2025\\\/06\\\/2021-1.jpg\",\"datePublished\":\"2025-06-04T05:08:32+00:00\",\"dateModified\":\"2025-06-30T16:54:08+00:00\",\"breadcrumb\":{\"@id\":\"https:\\\/\\\/staging.pitenis.eu\\\/fr\\\/prix-de-la-qualite\\\/#breadcrumb\"},\"inLanguage\":\"fr-FR\",\"potentialAction\":[{\"@type\":\"ReadAction\",\"target\":[\"https:\\\/\\\/staging.pitenis.eu\\\/fr\\\/prix-de-la-qualite\\\/\"]}]},{\"@type\":\"ImageObject\",\"inLanguage\":\"fr-FR\",\"@id\":\"https:\\\/\\\/staging.pitenis.eu\\\/fr\\\/prix-de-la-qualite\\\/#primaryimage\",\"url\":\"https:\\\/\\\/eshop.pitenis.eu\\\/wp-content\\\/uploads\\\/2025\\\/06\\\/2021-1.jpg\",\"contentUrl\":\"https:\\\/\\\/eshop.pitenis.eu\\\/wp-content\\\/uploads\\\/2025\\\/06\\\/2021-1.jpg\"},{\"@type\":\"BreadcrumbList\",\"@id\":\"https:\\\/\\\/staging.pitenis.eu\\\/fr\\\/prix-de-la-qualite\\\/#breadcrumb\",\"itemListElement\":[{\"@type\":\"ListItem\",\"position\":1,\"name\":\"Home\",\"item\":\"https:\\\/\\\/staging.pitenis.eu\\\/fr\\\/\"},{\"@type\":\"ListItem\",\"position\":2,\"name\":\"Prix de la qualit\u00e9\"}]},{\"@type\":\"WebSite\",\"@id\":\"https:\\\/\\\/staging.pitenis.eu\\\/fr\\\/#website\",\"url\":\"https:\\\/\\\/staging.pitenis.eu\\\/fr\\\/\",\"name\":\"Pitenis Shop | &#039;\u0395\u03c4\u03bf\u03b9\u03bc\u03b5\u03c2 \u03c3\u03b1\u03bb\u03ac\u03c4\u03b5\u03c2\",\"description\":\"\u03b1\u03bb\u03bf\u03b9\u03c6\u03ad\u03c2, \u03c8\u03b1\u03c1\u03b9\u03ba\u03ac, \u03c4\u03bf\u03c5\u03c1\u03c3\u03ac\u03ba\u03b9\u03b1\",\"publisher\":{\"@id\":\"https:\\\/\\\/staging.pitenis.eu\\\/fr\\\/#organization\"},\"potentialAction\":[{\"@type\":\"SearchAction\",\"target\":{\"@type\":\"EntryPoint\",\"urlTemplate\":\"https:\\\/\\\/staging.pitenis.eu\\\/fr\\\/?s={search_term_string}\"},\"query-input\":{\"@type\":\"PropertyValueSpecification\",\"valueRequired\":true,\"valueName\":\"search_term_string\"}}],\"inLanguage\":\"fr-FR\"},{\"@type\":\"Organization\",\"@id\":\"https:\\\/\\\/staging.pitenis.eu\\\/fr\\\/#organization\",\"name\":\"Pitenis Shop | &#039;\u0395\u03c4\u03bf\u03b9\u03bc\u03b5\u03c2 \u03c3\u03b1\u03bb\u03ac\u03c4\u03b5\u03c2\",\"url\":\"https:\\\/\\\/staging.pitenis.eu\\\/fr\\\/\",\"logo\":{\"@type\":\"ImageObject\",\"inLanguage\":\"fr-FR\",\"@id\":\"https:\\\/\\\/staging.pitenis.eu\\\/fr\\\/#\\\/schema\\\/logo\\\/image\\\/\",\"url\":\"https:\\\/\\\/staging.pitenis.eu\\\/wp-content\\\/uploads\\\/2025\\\/04\\\/cropped-pitenis_logo.png\",\"contentUrl\":\"https:\\\/\\\/staging.pitenis.eu\\\/wp-content\\\/uploads\\\/2025\\\/04\\\/cropped-pitenis_logo.png\",\"width\":172,\"height\":74,\"caption\":\"Pitenis Shop | &#039;\u0395\u03c4\u03bf\u03b9\u03bc\u03b5\u03c2 \u03c3\u03b1\u03bb\u03ac\u03c4\u03b5\u03c2\"},\"image\":{\"@id\":\"https:\\\/\\\/staging.pitenis.eu\\\/fr\\\/#\\\/schema\\\/logo\\\/image\\\/\"}}]}<\/script>\n<!-- \/ Yoast SEO plugin. -->","yoast_head_json":{"title":"Prix de la qualit\u00e9 - Pitenis Shop | &#039;\u0395\u03c4\u03bf\u03b9\u03bc\u03b5\u03c2 \u03c3\u03b1\u03bb\u03ac\u03c4\u03b5\u03c2","robots":{"index":"index","follow":"follow","max-snippet":"max-snippet:-1","max-image-preview":"max-image-preview:large","max-video-preview":"max-video-preview:-1"},"canonical":"https:\/\/staging.pitenis.eu\/fr\/prix-de-la-qualite\/","og_locale":"fr_FR","og_type":"article","og_title":"Prix de la qualit\u00e9 - Pitenis Shop | &#039;\u0395\u03c4\u03bf\u03b9\u03bc\u03b5\u03c2 \u03c3\u03b1\u03bb\u03ac\u03c4\u03b5\u03c2","og_description":"Prix de la qualit\u00e9 2021Prix de l&rsquo;exportation grecque Prix d&rsquo;argent dans la cat\u00e9gorie \u00ab\u00a0Top Manufacturing Export Company 2020MTA &#8211; Prix du go\u00fbt m\u00e9diterran\u00e9en 2 qualit\u00e9s d&rsquo;or pour les produits : Sauce moutarde \u00ab\u00a0Pitenis\u00a0\u00bb et Taramosalata traditionnelle \u00ab\u00a0Pitenis\u00a0\u00bb, Qualit\u00e9 argent pour le fromage de tulipe \u00ab\u00a0Pandaisia\u00a0\u00bb dans le cadre du concours international MTA \u00ab\u00a0Mediterranean Taste Awards\u00a0\u00bb, [&hellip;]","og_url":"https:\/\/staging.pitenis.eu\/fr\/prix-de-la-qualite\/","og_site_name":"Pitenis Shop | &#039;\u0395\u03c4\u03bf\u03b9\u03bc\u03b5\u03c2 \u03c3\u03b1\u03bb\u03ac\u03c4\u03b5\u03c2","article_modified_time":"2025-06-30T16:54:08+00:00","og_image":[{"url":"https:\/\/eshop.pitenis.eu\/wp-content\/uploads\/2025\/06\/2021-1.jpg","type":"","width":"","height":""}],"twitter_card":"summary_large_image","twitter_misc":{"Dur\u00e9e de lecture estim\u00e9e":"2 minutes"},"schema":{"@context":"https:\/\/schema.org","@graph":[{"@type":"WebPage","@id":"https:\/\/staging.pitenis.eu\/fr\/prix-de-la-qualite\/","url":"https:\/\/staging.pitenis.eu\/fr\/prix-de-la-qualite\/","name":"Prix de la qualit\u00e9 - Pitenis Shop | &#039;\u0395\u03c4\u03bf\u03b9\u03bc\u03b5\u03c2 \u03c3\u03b1\u03bb\u03ac\u03c4\u03b5\u03c2","isPartOf":{"@id":"https:\/\/staging.pitenis.eu\/fr\/#website"},"primaryImageOfPage":{"@id":"https:\/\/staging.pitenis.eu\/fr\/prix-de-la-qualite\/#primaryimage"},"image":{"@id":"https:\/\/staging.pitenis.eu\/fr\/prix-de-la-qualite\/#primaryimage"},"thumbnailUrl":"https:\/\/eshop.pitenis.eu\/wp-content\/uploads\/2025\/06\/2021-1.jpg","datePublished":"2025-06-04T05:08:32+00:00","dateModified":"2025-06-30T16:54:08+00:00","breadcrumb":{"@id":"https:\/\/staging.pitenis.eu\/fr\/prix-de-la-qualite\/#breadcrumb"},"inLanguage":"fr-FR","potentialAction":[{"@type":"ReadAction","target":["https:\/\/staging.pitenis.eu\/fr\/prix-de-la-qualite\/"]}]},{"@type":"ImageObject","inLanguage":"fr-FR","@id":"https:\/\/staging.pitenis.eu\/fr\/prix-de-la-qualite\/#primaryimage","url":"https:\/\/eshop.pitenis.eu\/wp-content\/uploads\/2025\/06\/2021-1.jpg","contentUrl":"https:\/\/eshop.pitenis.eu\/wp-content\/uploads\/2025\/06\/2021-1.jpg"},{"@type":"BreadcrumbList","@id":"https:\/\/staging.pitenis.eu\/fr\/prix-de-la-qualite\/#breadcrumb","itemListElement":[{"@type":"ListItem","position":1,"name":"Home","item":"https:\/\/staging.pitenis.eu\/fr\/"},{"@type":"ListItem","position":2,"name":"Prix de la qualit\u00e9"}]},{"@type":"WebSite","@id":"https:\/\/staging.pitenis.eu\/fr\/#website","url":"https:\/\/staging.pitenis.eu\/fr\/","name":"Pitenis Shop | &#039;\u0395\u03c4\u03bf\u03b9\u03bc\u03b5\u03c2 \u03c3\u03b1\u03bb\u03ac\u03c4\u03b5\u03c2","description":"\u03b1\u03bb\u03bf\u03b9\u03c6\u03ad\u03c2, \u03c8\u03b1\u03c1\u03b9\u03ba\u03ac, \u03c4\u03bf\u03c5\u03c1\u03c3\u03ac\u03ba\u03b9\u03b1","publisher":{"@id":"https:\/\/staging.pitenis.eu\/fr\/#organization"},"potentialAction":[{"@type":"SearchAction","target":{"@type":"EntryPoint","urlTemplate":"https:\/\/staging.pitenis.eu\/fr\/?s={search_term_string}"},"query-input":{"@type":"PropertyValueSpecification","valueRequired":true,"valueName":"search_term_string"}}],"inLanguage":"fr-FR"},{"@type":"Organization","@id":"https:\/\/staging.pitenis.eu\/fr\/#organization","name":"Pitenis Shop | &#039;\u0395\u03c4\u03bf\u03b9\u03bc\u03b5\u03c2 \u03c3\u03b1\u03bb\u03ac\u03c4\u03b5\u03c2","url":"https:\/\/staging.pitenis.eu\/fr\/","logo":{"@type":"ImageObject","inLanguage":"fr-FR","@id":"https:\/\/staging.pitenis.eu\/fr\/#\/schema\/logo\/image\/","url":"https:\/\/staging.pitenis.eu\/wp-content\/uploads\/2025\/04\/cropped-pitenis_logo.png","contentUrl":"https:\/\/staging.pitenis.eu\/wp-content\/uploads\/2025\/04\/cropped-pitenis_logo.png","width":172,"height":74,"caption":"Pitenis Shop | &#039;\u0395\u03c4\u03bf\u03b9\u03bc\u03b5\u03c2 \u03c3\u03b1\u03bb\u03ac\u03c4\u03b5\u03c2"},"image":{"@id":"https:\/\/staging.pitenis.eu\/fr\/#\/schema\/logo\/image\/"}}]}},"_links":{"self":[{"href":"https:\/\/staging.pitenis.eu\/fr\/wp-json\/wp\/v2\/pages\/12394","targetHints":{"allow":["GET"]}}],"collection":[{"href":"https:\/\/staging.pitenis.eu\/fr\/wp-json\/wp\/v2\/pages"}],"about":[{"href":"https:\/\/staging.pitenis.eu\/fr\/wp-json\/wp\/v2\/types\/page"}],"author":[{"embeddable":true,"href":"https:\/\/staging.pitenis.eu\/fr\/wp-json\/wp\/v2\/users\/1"}],"replies":[{"embeddable":true,"href":"https:\/\/staging.pitenis.eu\/fr\/wp-json\/wp\/v2\/comments?post=12394"}],"version-history":[{"count":3,"href":"https:\/\/staging.pitenis.eu\/fr\/wp-json\/wp\/v2\/pages\/12394\/revisions"}],"predecessor-version":[{"id":12397,"href":"https:\/\/staging.pitenis.eu\/fr\/wp-json\/wp\/v2\/pages\/12394\/revisions\/12397"}],"wp:attachment":[{"href":"https:\/\/staging.pitenis.eu\/fr\/wp-json\/wp\/v2\/media?parent=12394"}],"curies":[{"name":"wp","href":"https:\/\/api.w.org\/{rel}","templated":true}]}}