{"id":12392,"date":"2025-06-04T04:33:24","date_gmt":"2025-06-04T04:33:24","guid":{"rendered":"https:\/\/e-shop.advonpitenis.eu\/toutes-les-categories\/"},"modified":"2025-07-09T12:00:21","modified_gmt":"2025-07-09T12:00:21","slug":"toutes-les-categories","status":"publish","type":"page","link":"https:\/\/staging.pitenis.eu\/fr\/toutes-les-categories\/","title":{"rendered":"Toutes les cat\u00e9gories"},"content":{"rendered":"\t\t<div data-elementor-type=\"wp-page\" data-elementor-id=\"12392\" class=\"elementor elementor-12392 elementor-11391\" data-elementor-post-type=\"page\">\n\t\t\t\t<div class=\"e-con-top elementor-element elementor-element-f20eb77 e-con-full e-flex e-con e-parent\" data-id=\"f20eb77\" data-element_type=\"container\" data-e-type=\"container\">\n\t\t\t\t<div class=\"elementor-element elementor-element-f53180b elementor-grid-mobile-1 elementor-product-loop-item--align-center elementor-grid-4 elementor-grid-tablet-3 elementor-products-grid elementor-wc-products elementor-widget elementor-widget-wc-categories\" data-id=\"f53180b\" data-element_type=\"widget\" data-e-type=\"widget\" data-widget_type=\"wc-categories.default\">\n\t\t\t\t<div class=\"elementor-widget-container\">\n\t\t\t\t\t<div class=\"woocommerce columns-4\"><div class=\"rey-loopHeader --has-filter-btn --active-pos-above_grid\">\n<div class=\" rey-viewSelector rey-loopInlineList\">\n\n\t<span class=\"rey-loopInlineList__label\">VIEW<\/span>\n\n\t<ul class=\"rey-loopInlineList-list rey-viewSelector-list-dk\">\n\t\t<li data-count=\"2\">2<\/li><li data-count=\"3\">3<\/li><li data-count=\"4\">4<\/li>\t<\/ul>\n\n\t\n\t<div class=\"__loop-separator --dnone-md --dnone-sm\"><\/div>\n\n<\/div>\n\n<div class=\"rey-filterBtn rey-filterBtn--pos-right  \" data-target=\"filters-sidebar\">\n\n\t<div class=\"__loop-separator --dnone-md --dnone-sm\"><\/div>\n\n\t<button class=\"btn btn-line rey-filterBtn__label js-rey-filterBtn-open\" aria-label=\"Open filters\">\n\n\t\t<svg aria-hidden=\"true\" role=\"img\" id=\"rey-icon-sliders-69fa50dbdec8f\" class=\"rey-icon rey-icon-sliders \" viewbox=\"0 0 32 32\"><path d=\"M24.4766968,14.7761548 L24.4766968,9.88088774 L31.8197368,9.88088774 L31.8197368,4.98552774 L24.4766968,4.98552774 L24.4766968,0.0901677419 L19.5814297,0.0901677419 L19.5814297,4.98552774 L1.03225807e-05,4.98552774 L1.03225807e-05,9.88088774 L19.5814297,9.88088774 L19.5814297,14.7761548 L24.4766968,14.7761548 Z M12.2408258,31.9098839 L12.2408258,27.0145239 L31.8197677,27.0145239 L31.8197677,22.1191639 L12.2408258,22.1191639 L12.2408258,17.2238968 L7.34304,17.2238968 L7.34304,22.1191639 L2.84217094e-14,22.1191639 L2.84217094e-14,27.0145239 L7.34304,27.0145239 L7.34304,31.9098839 L12.2408258,31.9098839 Z\" id=\"Shape\" fill-rule=\"nonzero\"><\/path><\/svg>\n\t\t<span>FILTER<\/span>\n\n\t\t\n\t<\/button>\n\n\t\n<\/div>\n<div class=\"woocommerce reyajfilter-ajax-term-filter reyajfilter-widget-hidden widget widget_reyajfilter-active-filters\"><\/div><\/div><ul class=\"products elementor-grid --skin-proto rey-wcGap-default rey-wcGrid-default columns-4\" data-cols=\"4\" data-cols-tablet=\"2\" data-cols-mobile=\"2\" data-skin=\"proto\" data-discount-mobile-top=\"yes\" data-params=\"[]\" >\n<li class=\"product-category product first --shadow- --shadow-h-1\">\n\t<div class=\"rey-productInner \"><a aria-label=\"Acc\u00e9der \u00e0 la cat\u00e9gorie de produits Lenten Dishes\" href=\"https:\/\/staging.pitenis.eu\/fr\/product-category\/lenten-dishes-fr\/\"><img decoding=\"async\" src=\"https:\/\/staging.pitenis.eu\/wp-content\/uploads\/2025\/06\/101100-330x330.png\" alt=\"Lenten Dishes\" width=\"330\" height=\"\" srcset=\"https:\/\/staging.pitenis.eu\/wp-content\/uploads\/2025\/06\/101100-330x330.png 330w, https:\/\/staging.pitenis.eu\/wp-content\/uploads\/2025\/06\/101100-300x300.png 300w, https:\/\/staging.pitenis.eu\/wp-content\/uploads\/2025\/06\/101100-150x150.png 150w, https:\/\/staging.pitenis.eu\/wp-content\/uploads\/2025\/06\/101100-768x768.png 768w, https:\/\/staging.pitenis.eu\/wp-content\/uploads\/2025\/06\/101100-600x600.png 600w, https:\/\/staging.pitenis.eu\/wp-content\/uploads\/2025\/06\/101100-100x100.png 100w, https:\/\/staging.pitenis.eu\/wp-content\/uploads\/2025\/06\/101100.png 1000w\" sizes=\"(max-width: 330px) 100vw, 330px\" \/>\t\t<div class=\"rey-loopDetails --padded\">\n\t\t\t\t<h2 class=\"woocommerce-loop-category__title\">\n\t\t\tLenten Dishes <mark class=\"count\">(37)<\/mark>\t\t<\/h2>\n\t\t\t\t<\/div>\n\t<\/a>\t\t<\/div>\n\t<\/li>\n<li class=\"product-category product --shadow- --shadow-h-1\">\n\t<div class=\"rey-productInner \"><a aria-label=\"Acc\u00e9der \u00e0 la cat\u00e9gorie de produits Salades\" href=\"https:\/\/staging.pitenis.eu\/fr\/product-category\/salades\/\"><img decoding=\"async\" src=\"https:\/\/staging.pitenis.eu\/wp-content\/uploads\/2025\/03\/278_\u03a3\u0391\u039b\u0391\u03a4\u0395\u03a3.png\" alt=\"Salades\" width=\"330\" height=\"\" srcset=\"https:\/\/staging.pitenis.eu\/wp-content\/uploads\/2025\/03\/278_\u03a3\u0391\u039b\u0391\u03a4\u0395\u03a3.png 278w, https:\/\/staging.pitenis.eu\/wp-content\/uploads\/2025\/03\/278_\u03a3\u0391\u039b\u0391\u03a4\u0395\u03a3-100x100.png 100w, https:\/\/staging.pitenis.eu\/wp-content\/uploads\/2025\/03\/278_\u03a3\u0391\u039b\u0391\u03a4\u0395\u03a3-150x150.png 150w\" sizes=\"(max-width: 278px) 100vw, 278px\" \/>\t\t<div class=\"rey-loopDetails --padded\">\n\t\t\t\t<h2 class=\"woocommerce-loop-category__title\">\n\t\t\tSalades <mark class=\"count\">(27)<\/mark>\t\t<\/h2>\n\t\t\t\t<\/div>\n\t<\/a>\t\t<\/div>\n\t<\/li>\n<li class=\"product-category product --shadow- --shadow-h-1\">\n\t<div class=\"rey-productInner \"><a aria-label=\"Acc\u00e9der \u00e0 la cat\u00e9gorie de produits Fruits de mer\" href=\"https:\/\/staging.pitenis.eu\/fr\/product-category\/fruits-de-mer\/\"><img decoding=\"async\" src=\"https:\/\/staging.pitenis.eu\/wp-content\/uploads\/2025\/03\/278_\u0398\u0391\u039b\u0391\u03a3\u03a3\u0399\u039d\u0391.png\" alt=\"Fruits de mer\" width=\"330\" height=\"\" srcset=\"https:\/\/staging.pitenis.eu\/wp-content\/uploads\/2025\/03\/278_\u0398\u0391\u039b\u0391\u03a3\u03a3\u0399\u039d\u0391.png 278w, https:\/\/staging.pitenis.eu\/wp-content\/uploads\/2025\/03\/278_\u0398\u0391\u039b\u0391\u03a3\u03a3\u0399\u039d\u0391-100x100.png 100w, https:\/\/staging.pitenis.eu\/wp-content\/uploads\/2025\/03\/278_\u0398\u0391\u039b\u0391\u03a3\u03a3\u0399\u039d\u0391-150x150.png 150w\" sizes=\"(max-width: 278px) 100vw, 278px\" \/>\t\t<div class=\"rey-loopDetails --padded\">\n\t\t\t\t<h2 class=\"woocommerce-loop-category__title\">\n\t\t\tFruits de mer <mark class=\"count\">(19)<\/mark>\t\t<\/h2>\n\t\t\t\t<\/div>\n\t<\/a>\t\t<\/div>\n\t<\/li>\n<li class=\"product-category product last --shadow- --shadow-h-1\">\n\t<div class=\"rey-productInner \"><a aria-label=\"Acc\u00e9der \u00e0 la cat\u00e9gorie de produits Produits de qualit\u00e9 sup\u00e9rieure\" href=\"https:\/\/staging.pitenis.eu\/fr\/product-category\/produits-de-qualite-superieure\/\"><img decoding=\"async\" src=\"https:\/\/staging.pitenis.eu\/wp-content\/uploads\/2025\/03\/278_PREMIUM.png\" alt=\"Produits de qualit\u00e9 sup\u00e9rieure\" width=\"330\" height=\"\" srcset=\"https:\/\/staging.pitenis.eu\/wp-content\/uploads\/2025\/03\/278_PREMIUM.png 278w, https:\/\/staging.pitenis.eu\/wp-content\/uploads\/2025\/03\/278_PREMIUM-100x100.png 100w, https:\/\/staging.pitenis.eu\/wp-content\/uploads\/2025\/03\/278_PREMIUM-150x150.png 150w\" sizes=\"(max-width: 278px) 100vw, 278px\" \/>\t\t<div class=\"rey-loopDetails --padded\">\n\t\t\t\t<h2 class=\"woocommerce-loop-category__title\">\n\t\t\tProduits de qualit\u00e9 sup\u00e9rieure <mark class=\"count\">(18)<\/mark>\t\t<\/h2>\n\t\t\t\t<\/div>\n\t<\/a>\t\t<\/div>\n\t<\/li>\n<li class=\"product-category product first --shadow- --shadow-h-1\">\n\t<div class=\"rey-productInner \"><a aria-label=\"Acc\u00e9der \u00e0 la cat\u00e9gorie de produits Sauces vinaigrettes\" href=\"https:\/\/staging.pitenis.eu\/fr\/product-category\/sauces-vinaigrettes\/\"><img decoding=\"async\" src=\"https:\/\/staging.pitenis.eu\/wp-content\/uploads\/2025\/03\/278_DRESSINGS.png\" alt=\"Sauces vinaigrettes\" width=\"330\" height=\"\" srcset=\"https:\/\/staging.pitenis.eu\/wp-content\/uploads\/2025\/03\/278_DRESSINGS.png 278w, https:\/\/staging.pitenis.eu\/wp-content\/uploads\/2025\/03\/278_DRESSINGS-100x100.png 100w, https:\/\/staging.pitenis.eu\/wp-content\/uploads\/2025\/03\/278_DRESSINGS-150x150.png 150w\" sizes=\"(max-width: 278px) 100vw, 278px\" \/>\t\t<div class=\"rey-loopDetails --padded\">\n\t\t\t\t<h2 class=\"woocommerce-loop-category__title\">\n\t\t\tSauces vinaigrettes <mark class=\"count\">(12)<\/mark>\t\t<\/h2>\n\t\t\t\t<\/div>\n\t<\/a>\t\t<\/div>\n\t<\/li>\n<li class=\"product-category product --shadow- --shadow-h-1\">\n\t<div class=\"rey-productInner \"><a aria-label=\"Acc\u00e9der \u00e0 la cat\u00e9gorie de produits Cornichons farcis &amp; Pickles\" href=\"https:\/\/staging.pitenis.eu\/fr\/product-category\/cornichons-farcis-pickles\/\"><img decoding=\"async\" src=\"https:\/\/staging.pitenis.eu\/wp-content\/uploads\/2025\/03\/278_ANTIPASTI.png\" alt=\"Cornichons farcis &amp; Pickles\" width=\"330\" height=\"\" srcset=\"https:\/\/staging.pitenis.eu\/wp-content\/uploads\/2025\/03\/278_ANTIPASTI.png 278w, https:\/\/staging.pitenis.eu\/wp-content\/uploads\/2025\/03\/278_ANTIPASTI-100x100.png 100w, https:\/\/staging.pitenis.eu\/wp-content\/uploads\/2025\/03\/278_ANTIPASTI-150x150.png 150w\" sizes=\"(max-width: 278px) 100vw, 278px\" \/>\t\t<div class=\"rey-loopDetails --padded\">\n\t\t\t\t<h2 class=\"woocommerce-loop-category__title\">\n\t\t\tCornichons farcis &amp; Pickles <mark class=\"count\">(10)<\/mark>\t\t<\/h2>\n\t\t\t\t<\/div>\n\t<\/a>\t\t<\/div>\n\t<\/li>\n<li class=\"product-category product --shadow- --shadow-h-1\">\n\t<div class=\"rey-productInner \"><a aria-label=\"Acc\u00e9der \u00e0 la cat\u00e9gorie de produits Offrir des forfaits\" href=\"https:\/\/staging.pitenis.eu\/fr\/product-category\/offrir-des-forfaits\/\"><img decoding=\"async\" src=\"https:\/\/staging.pitenis.eu\/wp-content\/uploads\/woocommerce-placeholder-330x330.png\" alt=\"Offrir des forfaits\" width=\"330\" height=\"\" \/>\t\t<div class=\"rey-loopDetails --padded\">\n\t\t\t\t<h2 class=\"woocommerce-loop-category__title\">\n\t\t\tOffrir des forfaits <mark class=\"count\">(10)<\/mark>\t\t<\/h2>\n\t\t\t\t<\/div>\n\t<\/a>\t\t<\/div>\n\t<\/li>\n<li class=\"product-category product last --shadow- --shadow-h-1\">\n\t<div class=\"rey-productInner \"><a aria-label=\"Acc\u00e9der \u00e0 la cat\u00e9gorie de produits V\u00e9g\u00e9talien\" href=\"https:\/\/staging.pitenis.eu\/fr\/product-category\/vegetalien\/\"><img decoding=\"async\" src=\"https:\/\/staging.pitenis.eu\/wp-content\/uploads\/2025\/03\/278-VEGAN.png\" alt=\"V\u00e9g\u00e9talien\" width=\"330\" height=\"\" srcset=\"https:\/\/staging.pitenis.eu\/wp-content\/uploads\/2025\/03\/278-VEGAN.png 278w, https:\/\/staging.pitenis.eu\/wp-content\/uploads\/2025\/03\/278-VEGAN-100x100.png 100w\" sizes=\"(max-width: 278px) 100vw, 278px\" \/>\t\t<div class=\"rey-loopDetails --padded\">\n\t\t\t\t<h2 class=\"woocommerce-loop-category__title\">\n\t\t\tV\u00e9g\u00e9talien <mark class=\"count\">(7)<\/mark>\t\t<\/h2>\n\t\t\t\t<\/div>\n\t<\/a>\t\t<\/div>\n\t<\/li>\n<\/ul>\n<\/div>\t\t\t\t<\/div>\n\t\t\t\t<\/div>\n\t\t\t\t<\/div>\n\t\t\t\t<\/div>\n\t\t","protected":false},"excerpt":{"rendered":"","protected":false},"author":1,"featured_media":0,"parent":0,"menu_order":0,"comment_status":"closed","ping_status":"closed","template":"","meta":{"_acf_changed":false,"footnotes":""},"class_list":["post-12392","page","type-page","status-publish","hentry"],"acf":[],"yoast_head":"<!-- This site is optimized with the Yoast SEO plugin v27.4 - https:\/\/yoast.com\/product\/yoast-seo-wordpress\/ -->\n<title>Toutes les cat\u00e9gories - Pitenis Shop | &#039;\u0395\u03c4\u03bf\u03b9\u03bc\u03b5\u03c2 \u03c3\u03b1\u03bb\u03ac\u03c4\u03b5\u03c2<\/title>\n<meta name=\"robots\" content=\"index, follow, max-snippet:-1, max-image-preview:large, max-video-preview:-1\" \/>\n<link rel=\"canonical\" href=\"https:\/\/staging.pitenis.eu\/fr\/toutes-les-categories\/\" \/>\n<meta property=\"og:locale\" content=\"fr_FR\" \/>\n<meta property=\"og:type\" content=\"article\" \/>\n<meta property=\"og:title\" content=\"Toutes les cat\u00e9gories - Pitenis Shop | &#039;\u0395\u03c4\u03bf\u03b9\u03bc\u03b5\u03c2 \u03c3\u03b1\u03bb\u03ac\u03c4\u03b5\u03c2\" \/>\n<meta property=\"og:url\" content=\"https:\/\/staging.pitenis.eu\/fr\/toutes-les-categories\/\" \/>\n<meta property=\"og:site_name\" content=\"Pitenis Shop | &#039;\u0395\u03c4\u03bf\u03b9\u03bc\u03b5\u03c2 \u03c3\u03b1\u03bb\u03ac\u03c4\u03b5\u03c2\" \/>\n<meta property=\"article:modified_time\" content=\"2025-07-09T12:00:21+00:00\" \/>\n<meta property=\"og:image\" content=\"https:\/\/staging.pitenis.eu\/wp-content\/uploads\/2025\/10\/Screenshot-2025-10-16-132624.png\" \/>\n\t<meta property=\"og:image:width\" content=\"1891\" \/>\n\t<meta property=\"og:image:height\" content=\"869\" \/>\n\t<meta property=\"og:image:type\" content=\"image\/png\" \/>\n<meta name=\"twitter:card\" content=\"summary_large_image\" \/>\n<script type=\"application\/ld+json\" class=\"yoast-schema-graph\">{\"@context\":\"https:\\\/\\\/schema.org\",\"@graph\":[{\"@type\":\"WebPage\",\"@id\":\"https:\\\/\\\/staging.pitenis.eu\\\/fr\\\/toutes-les-categories\\\/\",\"url\":\"https:\\\/\\\/staging.pitenis.eu\\\/fr\\\/toutes-les-categories\\\/\",\"name\":\"Toutes les cat\u00e9gories - Pitenis Shop | &#039;\u0395\u03c4\u03bf\u03b9\u03bc\u03b5\u03c2 \u03c3\u03b1\u03bb\u03ac\u03c4\u03b5\u03c2\",\"isPartOf\":{\"@id\":\"https:\\\/\\\/staging.pitenis.eu\\\/fr\\\/#website\"},\"datePublished\":\"2025-06-04T04:33:24+00:00\",\"dateModified\":\"2025-07-09T12:00:21+00:00\",\"breadcrumb\":{\"@id\":\"https:\\\/\\\/staging.pitenis.eu\\\/fr\\\/toutes-les-categories\\\/#breadcrumb\"},\"inLanguage\":\"fr-FR\",\"potentialAction\":[{\"@type\":\"ReadAction\",\"target\":[\"https:\\\/\\\/staging.pitenis.eu\\\/fr\\\/toutes-les-categories\\\/\"]}]},{\"@type\":\"BreadcrumbList\",\"@id\":\"https:\\\/\\\/staging.pitenis.eu\\\/fr\\\/toutes-les-categories\\\/#breadcrumb\",\"itemListElement\":[{\"@type\":\"ListItem\",\"position\":1,\"name\":\"Home\",\"item\":\"https:\\\/\\\/staging.pitenis.eu\\\/fr\\\/\"},{\"@type\":\"ListItem\",\"position\":2,\"name\":\"Toutes les cat\u00e9gories\"}]},{\"@type\":\"WebSite\",\"@id\":\"https:\\\/\\\/staging.pitenis.eu\\\/fr\\\/#website\",\"url\":\"https:\\\/\\\/staging.pitenis.eu\\\/fr\\\/\",\"name\":\"Pitenis Shop | &#039;\u0395\u03c4\u03bf\u03b9\u03bc\u03b5\u03c2 \u03c3\u03b1\u03bb\u03ac\u03c4\u03b5\u03c2\",\"description\":\"\u03b1\u03bb\u03bf\u03b9\u03c6\u03ad\u03c2, \u03c8\u03b1\u03c1\u03b9\u03ba\u03ac, \u03c4\u03bf\u03c5\u03c1\u03c3\u03ac\u03ba\u03b9\u03b1\",\"publisher\":{\"@id\":\"https:\\\/\\\/staging.pitenis.eu\\\/fr\\\/#organization\"},\"potentialAction\":[{\"@type\":\"SearchAction\",\"target\":{\"@type\":\"EntryPoint\",\"urlTemplate\":\"https:\\\/\\\/staging.pitenis.eu\\\/fr\\\/?s={search_term_string}\"},\"query-input\":{\"@type\":\"PropertyValueSpecification\",\"valueRequired\":true,\"valueName\":\"search_term_string\"}}],\"inLanguage\":\"fr-FR\"},{\"@type\":\"Organization\",\"@id\":\"https:\\\/\\\/staging.pitenis.eu\\\/fr\\\/#organization\",\"name\":\"Pitenis Shop | &#039;\u0395\u03c4\u03bf\u03b9\u03bc\u03b5\u03c2 \u03c3\u03b1\u03bb\u03ac\u03c4\u03b5\u03c2\",\"url\":\"https:\\\/\\\/staging.pitenis.eu\\\/fr\\\/\",\"logo\":{\"@type\":\"ImageObject\",\"inLanguage\":\"fr-FR\",\"@id\":\"https:\\\/\\\/staging.pitenis.eu\\\/fr\\\/#\\\/schema\\\/logo\\\/image\\\/\",\"url\":\"https:\\\/\\\/staging.pitenis.eu\\\/wp-content\\\/uploads\\\/2025\\\/04\\\/cropped-pitenis_logo.png\",\"contentUrl\":\"https:\\\/\\\/staging.pitenis.eu\\\/wp-content\\\/uploads\\\/2025\\\/04\\\/cropped-pitenis_logo.png\",\"width\":172,\"height\":74,\"caption\":\"Pitenis Shop | &#039;\u0395\u03c4\u03bf\u03b9\u03bc\u03b5\u03c2 \u03c3\u03b1\u03bb\u03ac\u03c4\u03b5\u03c2\"},\"image\":{\"@id\":\"https:\\\/\\\/staging.pitenis.eu\\\/fr\\\/#\\\/schema\\\/logo\\\/image\\\/\"}}]}<\/script>\n<!-- \/ Yoast SEO plugin. -->","yoast_head_json":{"title":"Toutes les cat\u00e9gories - Pitenis Shop | &#039;\u0395\u03c4\u03bf\u03b9\u03bc\u03b5\u03c2 \u03c3\u03b1\u03bb\u03ac\u03c4\u03b5\u03c2","robots":{"index":"index","follow":"follow","max-snippet":"max-snippet:-1","max-image-preview":"max-image-preview:large","max-video-preview":"max-video-preview:-1"},"canonical":"https:\/\/staging.pitenis.eu\/fr\/toutes-les-categories\/","og_locale":"fr_FR","og_type":"article","og_title":"Toutes les cat\u00e9gories - Pitenis Shop | &#039;\u0395\u03c4\u03bf\u03b9\u03bc\u03b5\u03c2 \u03c3\u03b1\u03bb\u03ac\u03c4\u03b5\u03c2","og_url":"https:\/\/staging.pitenis.eu\/fr\/toutes-les-categories\/","og_site_name":"Pitenis Shop | &#039;\u0395\u03c4\u03bf\u03b9\u03bc\u03b5\u03c2 \u03c3\u03b1\u03bb\u03ac\u03c4\u03b5\u03c2","article_modified_time":"2025-07-09T12:00:21+00:00","og_image":[{"width":1891,"height":869,"url":"https:\/\/staging.pitenis.eu\/wp-content\/uploads\/2025\/10\/Screenshot-2025-10-16-132624.png","type":"image\/png"}],"twitter_card":"summary_large_image","schema":{"@context":"https:\/\/schema.org","@graph":[{"@type":"WebPage","@id":"https:\/\/staging.pitenis.eu\/fr\/toutes-les-categories\/","url":"https:\/\/staging.pitenis.eu\/fr\/toutes-les-categories\/","name":"Toutes les cat\u00e9gories - Pitenis Shop | &#039;\u0395\u03c4\u03bf\u03b9\u03bc\u03b5\u03c2 \u03c3\u03b1\u03bb\u03ac\u03c4\u03b5\u03c2","isPartOf":{"@id":"https:\/\/staging.pitenis.eu\/fr\/#website"},"datePublished":"2025-06-04T04:33:24+00:00","dateModified":"2025-07-09T12:00:21+00:00","breadcrumb":{"@id":"https:\/\/staging.pitenis.eu\/fr\/toutes-les-categories\/#breadcrumb"},"inLanguage":"fr-FR","potentialAction":[{"@type":"ReadAction","target":["https:\/\/staging.pitenis.eu\/fr\/toutes-les-categories\/"]}]},{"@type":"BreadcrumbList","@id":"https:\/\/staging.pitenis.eu\/fr\/toutes-les-categories\/#breadcrumb","itemListElement":[{"@type":"ListItem","position":1,"name":"Home","item":"https:\/\/staging.pitenis.eu\/fr\/"},{"@type":"ListItem","position":2,"name":"Toutes les cat\u00e9gories"}]},{"@type":"WebSite","@id":"https:\/\/staging.pitenis.eu\/fr\/#website","url":"https:\/\/staging.pitenis.eu\/fr\/","name":"Pitenis Shop | &#039;\u0395\u03c4\u03bf\u03b9\u03bc\u03b5\u03c2 \u03c3\u03b1\u03bb\u03ac\u03c4\u03b5\u03c2","description":"\u03b1\u03bb\u03bf\u03b9\u03c6\u03ad\u03c2, \u03c8\u03b1\u03c1\u03b9\u03ba\u03ac, \u03c4\u03bf\u03c5\u03c1\u03c3\u03ac\u03ba\u03b9\u03b1","publisher":{"@id":"https:\/\/staging.pitenis.eu\/fr\/#organization"},"potentialAction":[{"@type":"SearchAction","target":{"@type":"EntryPoint","urlTemplate":"https:\/\/staging.pitenis.eu\/fr\/?s={search_term_string}"},"query-input":{"@type":"PropertyValueSpecification","valueRequired":true,"valueName":"search_term_string"}}],"inLanguage":"fr-FR"},{"@type":"Organization","@id":"https:\/\/staging.pitenis.eu\/fr\/#organization","name":"Pitenis Shop | &#039;\u0395\u03c4\u03bf\u03b9\u03bc\u03b5\u03c2 \u03c3\u03b1\u03bb\u03ac\u03c4\u03b5\u03c2","url":"https:\/\/staging.pitenis.eu\/fr\/","logo":{"@type":"ImageObject","inLanguage":"fr-FR","@id":"https:\/\/staging.pitenis.eu\/fr\/#\/schema\/logo\/image\/","url":"https:\/\/staging.pitenis.eu\/wp-content\/uploads\/2025\/04\/cropped-pitenis_logo.png","contentUrl":"https:\/\/staging.pitenis.eu\/wp-content\/uploads\/2025\/04\/cropped-pitenis_logo.png","width":172,"height":74,"caption":"Pitenis Shop | &#039;\u0395\u03c4\u03bf\u03b9\u03bc\u03b5\u03c2 \u03c3\u03b1\u03bb\u03ac\u03c4\u03b5\u03c2"},"image":{"@id":"https:\/\/staging.pitenis.eu\/fr\/#\/schema\/logo\/image\/"}}]}},"_links":{"self":[{"href":"https:\/\/staging.pitenis.eu\/fr\/wp-json\/wp\/v2\/pages\/12392","targetHints":{"allow":["GET"]}}],"collection":[{"href":"https:\/\/staging.pitenis.eu\/fr\/wp-json\/wp\/v2\/pages"}],"about":[{"href":"https:\/\/staging.pitenis.eu\/fr\/wp-json\/wp\/v2\/types\/page"}],"author":[{"embeddable":true,"href":"https:\/\/staging.pitenis.eu\/fr\/wp-json\/wp\/v2\/users\/1"}],"replies":[{"embeddable":true,"href":"https:\/\/staging.pitenis.eu\/fr\/wp-json\/wp\/v2\/comments?post=12392"}],"version-history":[{"count":4,"href":"https:\/\/staging.pitenis.eu\/fr\/wp-json\/wp\/v2\/pages\/12392\/revisions"}],"predecessor-version":[{"id":12584,"href":"https:\/\/staging.pitenis.eu\/fr\/wp-json\/wp\/v2\/pages\/12392\/revisions\/12584"}],"wp:attachment":[{"href":"https:\/\/staging.pitenis.eu\/fr\/wp-json\/wp\/v2\/media?parent=12392"}],"curies":[{"name":"wp","href":"https:\/\/api.w.org\/{rel}","templated":true}]}}