{"id":12378,"date":"2025-04-08T10:27:45","date_gmt":"2025-04-08T10:27:45","guid":{"rendered":"https:\/\/e-shop.advonpitenis.eu\/assurance-qualite\/"},"modified":"2025-06-30T16:53:42","modified_gmt":"2025-06-30T16:53:42","slug":"assurance-qualite","status":"publish","type":"page","link":"https:\/\/staging.pitenis.eu\/fr\/assurance-qualite\/","title":{"rendered":"Assurance qualit\u00e9"},"content":{"rendered":"\t\t<div data-elementor-type=\"wp-page\" data-elementor-id=\"12378\" class=\"elementor elementor-12378 elementor-703\" data-elementor-post-type=\"page\">\n\t\t\t\t<div class=\"e-con-top elementor-element elementor-element-5d9a891 e-flex e-con-boxed e-con e-parent\" data-id=\"5d9a891\" data-element_type=\"container\" data-e-type=\"container\">\n\t\t\t\t\t<div class=\"e-con-inner\">\n\t\t\t\t<div class=\"elementor-element elementor-element-7da8a4d elementor-widget elementor-widget-spacer\" data-id=\"7da8a4d\" data-element_type=\"widget\" data-e-type=\"widget\" data-widget_type=\"spacer.default\">\n\t\t\t\t<div class=\"elementor-widget-container\">\n\t\t\t\t\t\t\t<div class=\"elementor-spacer\">\n\t\t\t<div class=\"elementor-spacer-inner\"><\/div>\n\t\t<\/div>\n\t\t\t\t\t\t<\/div>\n\t\t\t\t<\/div>\n\t\t\t\t<div class=\"elementor-element elementor-element-bd413d9 elementor-widget elementor-widget-video\" data-id=\"bd413d9\" data-element_type=\"widget\" data-e-type=\"widget\" data-settings=\"{&quot;youtube_url&quot;:&quot;https:\\\/\\\/www.youtube.com\\\/watch?v=1QoEfMzravQ&amp;t=22s&quot;,&quot;autoplay&quot;:&quot;yes&quot;,&quot;play_on_mobile&quot;:&quot;yes&quot;,&quot;mute&quot;:&quot;yes&quot;,&quot;loop&quot;:&quot;yes&quot;,&quot;video_type&quot;:&quot;youtube&quot;}\" data-widget_type=\"video.default\">\n\t\t\t\t<div class=\"elementor-widget-container\">\n\t\t\t\t\t\t\t<div class=\"elementor-wrapper elementor-open-inline\">\n\t\t\t<div class=\"elementor-video\"><\/div>\t\t<\/div>\n\t\t\t\t\t\t<\/div>\n\t\t\t\t<\/div>\n\t\t\t\t<div class=\"elementor-element elementor-element-e44c2eb elementor-widget elementor-widget-spacer\" data-id=\"e44c2eb\" data-element_type=\"widget\" data-e-type=\"widget\" data-widget_type=\"spacer.default\">\n\t\t\t\t<div class=\"elementor-widget-container\">\n\t\t\t\t\t\t\t<div class=\"elementor-spacer\">\n\t\t\t<div class=\"elementor-spacer-inner\"><\/div>\n\t\t<\/div>\n\t\t\t\t\t\t<\/div>\n\t\t\t\t<\/div>\n\t\t\t\t<div class=\"elementor-element elementor-element-d76267f elementor-widget elementor-widget-text-editor\" data-id=\"d76267f\" data-element_type=\"widget\" data-e-type=\"widget\" data-widget_type=\"text-editor.default\">\n\t\t\t\t<div class=\"elementor-widget-container\">\n\t\t\t\t\t\t\t\t\t<div class=\"row\"><div class=\"col-12\"><h1>Assurance qualit\u00e9<\/h1><\/div><\/div><div class=\"row pt-5\"><div class=\"col-12\"><div class=\"thecontent\"><p>Comment nous assurons la qualit\u00e9 de nos produits<\/p><p>Les <b>mati\u00e8res premi\u00e8res<\/b> utilis\u00e9es pour nos produits proviennent de <b>cultures certifi\u00e9es<\/b>, avec tous les <b>syst\u00e8mes de gestion int\u00e9gr\u00e9e<\/b>, o\u00f9 elles sont strictement contr\u00f4l\u00e9es \u00e0 la fois pendant le processus de production et pendant la transformation.<\/p><p>Elles sont produites par des <b>producteurs s\u00e9lectionn\u00e9s<\/b> et <b>exclusivement<\/b> pour nous, sous notre supervision. Ces produits sont transform\u00e9s \u00e0 l&rsquo;aide de m\u00e9thodes naturelles et s\u00fbres qui garantissent toutes les caract\u00e9ristiques de qualit\u00e9 et de s\u00e9curit\u00e9 du produit final.<\/p><p>Avant de <b>recevoir les<\/b> mati\u00e8res premi\u00e8res, celles-ci <b>sont soumises \u00e0 des tests microbiologiques et chimiques<\/b>, et il en va de m\u00eame pour le <b>produit final<\/b>, dont nous conservons \u00e9galement 3 <b>\u00e9chantillons<\/b> de chaque lot de production, qui sont \u00e9galement test\u00e9s tout au long de la p\u00e9riode de commercialisation des produits, jusqu&rsquo;\u00e0 leur date de p\u00e9remption, afin que nous soyons toujours s\u00fbrs de l&rsquo;ad\u00e9quation de nos produits.<\/p><p><b>A. Piteni Bros.<\/b> a \u00e9t\u00e9 certifi\u00e9e <b>ISO pour la premi\u00e8re fois en 2000.<\/b> Depuis lors et jusqu&rsquo;\u00e0 aujourd&rsquo;hui, <b>elle renouvelle et enrichit<\/b> <b>ses<\/b> <b>certifications<\/b> en fonction de chaque nouvelle <b>norme de certification<\/b> afin d&rsquo;offrir \u00e0 son public des <b>produits de qualit\u00e9<\/b> toujours <b>plus \u00e9lev\u00e9e<\/b>! R\u00e9cemment, elle a \u00e9galement obtenu la norme <b>HALAL<\/b>.<\/p><\/div><\/div><\/div>\t\t\t\t\t\t\t\t<\/div>\n\t\t\t\t<\/div>\n\t\t\t\t\t<\/div>\n\t\t\t\t<\/div>\n\t\t\t\t<\/div>\n\t\t","protected":false},"excerpt":{"rendered":"<p>Assurance qualit\u00e9 Comment nous assurons la qualit\u00e9 de nos produits Les mati\u00e8res premi\u00e8res utilis\u00e9es pour nos produits proviennent de cultures certifi\u00e9es, avec tous les syst\u00e8mes de gestion int\u00e9gr\u00e9e, o\u00f9 elles sont strictement contr\u00f4l\u00e9es \u00e0 la fois pendant le processus de production et pendant la transformation. Elles sont produites par des producteurs s\u00e9lectionn\u00e9s et exclusivement pour [&hellip;]<\/p>\n","protected":false},"author":1,"featured_media":0,"parent":0,"menu_order":0,"comment_status":"closed","ping_status":"closed","template":"elementor_header_footer","meta":{"_acf_changed":false,"footnotes":""},"class_list":["post-12378","page","type-page","status-publish","hentry"],"acf":[],"yoast_head":"<!-- This site is optimized with the Yoast SEO plugin v27.4 - https:\/\/yoast.com\/product\/yoast-seo-wordpress\/ -->\n<title>Assurance qualit\u00e9 - Pitenis Shop | &#039;\u0395\u03c4\u03bf\u03b9\u03bc\u03b5\u03c2 \u03c3\u03b1\u03bb\u03ac\u03c4\u03b5\u03c2<\/title>\n<meta name=\"robots\" content=\"index, follow, max-snippet:-1, max-image-preview:large, max-video-preview:-1\" \/>\n<link rel=\"canonical\" href=\"https:\/\/staging.pitenis.eu\/fr\/assurance-qualite\/\" \/>\n<meta property=\"og:locale\" content=\"fr_FR\" \/>\n<meta property=\"og:type\" content=\"article\" \/>\n<meta property=\"og:title\" content=\"Assurance qualit\u00e9 - Pitenis Shop | &#039;\u0395\u03c4\u03bf\u03b9\u03bc\u03b5\u03c2 \u03c3\u03b1\u03bb\u03ac\u03c4\u03b5\u03c2\" \/>\n<meta property=\"og:description\" content=\"Assurance qualit\u00e9 Comment nous assurons la qualit\u00e9 de nos produits Les mati\u00e8res premi\u00e8res utilis\u00e9es pour nos produits proviennent de cultures certifi\u00e9es, avec tous les syst\u00e8mes de gestion int\u00e9gr\u00e9e, o\u00f9 elles sont strictement contr\u00f4l\u00e9es \u00e0 la fois pendant le processus de production et pendant la transformation. Elles sont produites par des producteurs s\u00e9lectionn\u00e9s et exclusivement pour [&hellip;]\" \/>\n<meta property=\"og:url\" content=\"https:\/\/staging.pitenis.eu\/fr\/assurance-qualite\/\" \/>\n<meta property=\"og:site_name\" content=\"Pitenis Shop | &#039;\u0395\u03c4\u03bf\u03b9\u03bc\u03b5\u03c2 \u03c3\u03b1\u03bb\u03ac\u03c4\u03b5\u03c2\" \/>\n<meta property=\"article:modified_time\" content=\"2025-06-30T16:53:42+00:00\" \/>\n<meta property=\"og:image\" content=\"https:\/\/staging.pitenis.eu\/wp-content\/uploads\/2025\/10\/Screenshot-2025-10-16-132624.png\" \/>\n\t<meta property=\"og:image:width\" content=\"1891\" \/>\n\t<meta property=\"og:image:height\" content=\"869\" \/>\n\t<meta property=\"og:image:type\" content=\"image\/png\" \/>\n<meta name=\"twitter:card\" content=\"summary_large_image\" \/>\n<meta name=\"twitter:label1\" content=\"Dur\u00e9e de lecture estim\u00e9e\" \/>\n\t<meta name=\"twitter:data1\" content=\"1 minute\" \/>\n<script type=\"application\/ld+json\" class=\"yoast-schema-graph\">{\"@context\":\"https:\\\/\\\/schema.org\",\"@graph\":[{\"@type\":\"WebPage\",\"@id\":\"https:\\\/\\\/staging.pitenis.eu\\\/fr\\\/assurance-qualite\\\/\",\"url\":\"https:\\\/\\\/staging.pitenis.eu\\\/fr\\\/assurance-qualite\\\/\",\"name\":\"Assurance qualit\u00e9 - Pitenis Shop | &#039;\u0395\u03c4\u03bf\u03b9\u03bc\u03b5\u03c2 \u03c3\u03b1\u03bb\u03ac\u03c4\u03b5\u03c2\",\"isPartOf\":{\"@id\":\"https:\\\/\\\/staging.pitenis.eu\\\/fr\\\/#website\"},\"datePublished\":\"2025-04-08T10:27:45+00:00\",\"dateModified\":\"2025-06-30T16:53:42+00:00\",\"breadcrumb\":{\"@id\":\"https:\\\/\\\/staging.pitenis.eu\\\/fr\\\/assurance-qualite\\\/#breadcrumb\"},\"inLanguage\":\"fr-FR\",\"potentialAction\":[{\"@type\":\"ReadAction\",\"target\":[\"https:\\\/\\\/staging.pitenis.eu\\\/fr\\\/assurance-qualite\\\/\"]}]},{\"@type\":\"BreadcrumbList\",\"@id\":\"https:\\\/\\\/staging.pitenis.eu\\\/fr\\\/assurance-qualite\\\/#breadcrumb\",\"itemListElement\":[{\"@type\":\"ListItem\",\"position\":1,\"name\":\"Home\",\"item\":\"https:\\\/\\\/staging.pitenis.eu\\\/fr\\\/\"},{\"@type\":\"ListItem\",\"position\":2,\"name\":\"Assurance qualit\u00e9\"}]},{\"@type\":\"WebSite\",\"@id\":\"https:\\\/\\\/staging.pitenis.eu\\\/fr\\\/#website\",\"url\":\"https:\\\/\\\/staging.pitenis.eu\\\/fr\\\/\",\"name\":\"Pitenis Shop | &#039;\u0395\u03c4\u03bf\u03b9\u03bc\u03b5\u03c2 \u03c3\u03b1\u03bb\u03ac\u03c4\u03b5\u03c2\",\"description\":\"\u03b1\u03bb\u03bf\u03b9\u03c6\u03ad\u03c2, \u03c8\u03b1\u03c1\u03b9\u03ba\u03ac, \u03c4\u03bf\u03c5\u03c1\u03c3\u03ac\u03ba\u03b9\u03b1\",\"publisher\":{\"@id\":\"https:\\\/\\\/staging.pitenis.eu\\\/fr\\\/#organization\"},\"potentialAction\":[{\"@type\":\"SearchAction\",\"target\":{\"@type\":\"EntryPoint\",\"urlTemplate\":\"https:\\\/\\\/staging.pitenis.eu\\\/fr\\\/?s={search_term_string}\"},\"query-input\":{\"@type\":\"PropertyValueSpecification\",\"valueRequired\":true,\"valueName\":\"search_term_string\"}}],\"inLanguage\":\"fr-FR\"},{\"@type\":\"Organization\",\"@id\":\"https:\\\/\\\/staging.pitenis.eu\\\/fr\\\/#organization\",\"name\":\"Pitenis Shop | &#039;\u0395\u03c4\u03bf\u03b9\u03bc\u03b5\u03c2 \u03c3\u03b1\u03bb\u03ac\u03c4\u03b5\u03c2\",\"url\":\"https:\\\/\\\/staging.pitenis.eu\\\/fr\\\/\",\"logo\":{\"@type\":\"ImageObject\",\"inLanguage\":\"fr-FR\",\"@id\":\"https:\\\/\\\/staging.pitenis.eu\\\/fr\\\/#\\\/schema\\\/logo\\\/image\\\/\",\"url\":\"https:\\\/\\\/staging.pitenis.eu\\\/wp-content\\\/uploads\\\/2025\\\/04\\\/cropped-pitenis_logo.png\",\"contentUrl\":\"https:\\\/\\\/staging.pitenis.eu\\\/wp-content\\\/uploads\\\/2025\\\/04\\\/cropped-pitenis_logo.png\",\"width\":172,\"height\":74,\"caption\":\"Pitenis Shop | &#039;\u0395\u03c4\u03bf\u03b9\u03bc\u03b5\u03c2 \u03c3\u03b1\u03bb\u03ac\u03c4\u03b5\u03c2\"},\"image\":{\"@id\":\"https:\\\/\\\/staging.pitenis.eu\\\/fr\\\/#\\\/schema\\\/logo\\\/image\\\/\"}}]}<\/script>\n<!-- \/ Yoast SEO plugin. -->","yoast_head_json":{"title":"Assurance qualit\u00e9 - Pitenis Shop | &#039;\u0395\u03c4\u03bf\u03b9\u03bc\u03b5\u03c2 \u03c3\u03b1\u03bb\u03ac\u03c4\u03b5\u03c2","robots":{"index":"index","follow":"follow","max-snippet":"max-snippet:-1","max-image-preview":"max-image-preview:large","max-video-preview":"max-video-preview:-1"},"canonical":"https:\/\/staging.pitenis.eu\/fr\/assurance-qualite\/","og_locale":"fr_FR","og_type":"article","og_title":"Assurance qualit\u00e9 - Pitenis Shop | &#039;\u0395\u03c4\u03bf\u03b9\u03bc\u03b5\u03c2 \u03c3\u03b1\u03bb\u03ac\u03c4\u03b5\u03c2","og_description":"Assurance qualit\u00e9 Comment nous assurons la qualit\u00e9 de nos produits Les mati\u00e8res premi\u00e8res utilis\u00e9es pour nos produits proviennent de cultures certifi\u00e9es, avec tous les syst\u00e8mes de gestion int\u00e9gr\u00e9e, o\u00f9 elles sont strictement contr\u00f4l\u00e9es \u00e0 la fois pendant le processus de production et pendant la transformation. Elles sont produites par des producteurs s\u00e9lectionn\u00e9s et exclusivement pour [&hellip;]","og_url":"https:\/\/staging.pitenis.eu\/fr\/assurance-qualite\/","og_site_name":"Pitenis Shop | &#039;\u0395\u03c4\u03bf\u03b9\u03bc\u03b5\u03c2 \u03c3\u03b1\u03bb\u03ac\u03c4\u03b5\u03c2","article_modified_time":"2025-06-30T16:53:42+00:00","og_image":[{"width":1891,"height":869,"url":"https:\/\/staging.pitenis.eu\/wp-content\/uploads\/2025\/10\/Screenshot-2025-10-16-132624.png","type":"image\/png"}],"twitter_card":"summary_large_image","twitter_misc":{"Dur\u00e9e de lecture estim\u00e9e":"1 minute"},"schema":{"@context":"https:\/\/schema.org","@graph":[{"@type":"WebPage","@id":"https:\/\/staging.pitenis.eu\/fr\/assurance-qualite\/","url":"https:\/\/staging.pitenis.eu\/fr\/assurance-qualite\/","name":"Assurance qualit\u00e9 - Pitenis Shop | &#039;\u0395\u03c4\u03bf\u03b9\u03bc\u03b5\u03c2 \u03c3\u03b1\u03bb\u03ac\u03c4\u03b5\u03c2","isPartOf":{"@id":"https:\/\/staging.pitenis.eu\/fr\/#website"},"datePublished":"2025-04-08T10:27:45+00:00","dateModified":"2025-06-30T16:53:42+00:00","breadcrumb":{"@id":"https:\/\/staging.pitenis.eu\/fr\/assurance-qualite\/#breadcrumb"},"inLanguage":"fr-FR","potentialAction":[{"@type":"ReadAction","target":["https:\/\/staging.pitenis.eu\/fr\/assurance-qualite\/"]}]},{"@type":"BreadcrumbList","@id":"https:\/\/staging.pitenis.eu\/fr\/assurance-qualite\/#breadcrumb","itemListElement":[{"@type":"ListItem","position":1,"name":"Home","item":"https:\/\/staging.pitenis.eu\/fr\/"},{"@type":"ListItem","position":2,"name":"Assurance qualit\u00e9"}]},{"@type":"WebSite","@id":"https:\/\/staging.pitenis.eu\/fr\/#website","url":"https:\/\/staging.pitenis.eu\/fr\/","name":"Pitenis Shop | &#039;\u0395\u03c4\u03bf\u03b9\u03bc\u03b5\u03c2 \u03c3\u03b1\u03bb\u03ac\u03c4\u03b5\u03c2","description":"\u03b1\u03bb\u03bf\u03b9\u03c6\u03ad\u03c2, \u03c8\u03b1\u03c1\u03b9\u03ba\u03ac, \u03c4\u03bf\u03c5\u03c1\u03c3\u03ac\u03ba\u03b9\u03b1","publisher":{"@id":"https:\/\/staging.pitenis.eu\/fr\/#organization"},"potentialAction":[{"@type":"SearchAction","target":{"@type":"EntryPoint","urlTemplate":"https:\/\/staging.pitenis.eu\/fr\/?s={search_term_string}"},"query-input":{"@type":"PropertyValueSpecification","valueRequired":true,"valueName":"search_term_string"}}],"inLanguage":"fr-FR"},{"@type":"Organization","@id":"https:\/\/staging.pitenis.eu\/fr\/#organization","name":"Pitenis Shop | &#039;\u0395\u03c4\u03bf\u03b9\u03bc\u03b5\u03c2 \u03c3\u03b1\u03bb\u03ac\u03c4\u03b5\u03c2","url":"https:\/\/staging.pitenis.eu\/fr\/","logo":{"@type":"ImageObject","inLanguage":"fr-FR","@id":"https:\/\/staging.pitenis.eu\/fr\/#\/schema\/logo\/image\/","url":"https:\/\/staging.pitenis.eu\/wp-content\/uploads\/2025\/04\/cropped-pitenis_logo.png","contentUrl":"https:\/\/staging.pitenis.eu\/wp-content\/uploads\/2025\/04\/cropped-pitenis_logo.png","width":172,"height":74,"caption":"Pitenis Shop | &#039;\u0395\u03c4\u03bf\u03b9\u03bc\u03b5\u03c2 \u03c3\u03b1\u03bb\u03ac\u03c4\u03b5\u03c2"},"image":{"@id":"https:\/\/staging.pitenis.eu\/fr\/#\/schema\/logo\/image\/"}}]}},"_links":{"self":[{"href":"https:\/\/staging.pitenis.eu\/fr\/wp-json\/wp\/v2\/pages\/12378","targetHints":{"allow":["GET"]}}],"collection":[{"href":"https:\/\/staging.pitenis.eu\/fr\/wp-json\/wp\/v2\/pages"}],"about":[{"href":"https:\/\/staging.pitenis.eu\/fr\/wp-json\/wp\/v2\/types\/page"}],"author":[{"embeddable":true,"href":"https:\/\/staging.pitenis.eu\/fr\/wp-json\/wp\/v2\/users\/1"}],"replies":[{"embeddable":true,"href":"https:\/\/staging.pitenis.eu\/fr\/wp-json\/wp\/v2\/comments?post=12378"}],"version-history":[{"count":3,"href":"https:\/\/staging.pitenis.eu\/fr\/wp-json\/wp\/v2\/pages\/12378\/revisions"}],"predecessor-version":[{"id":12383,"href":"https:\/\/staging.pitenis.eu\/fr\/wp-json\/wp\/v2\/pages\/12378\/revisions\/12383"}],"wp:attachment":[{"href":"https:\/\/staging.pitenis.eu\/fr\/wp-json\/wp\/v2\/media?parent=12378"}],"curies":[{"name":"wp","href":"https:\/\/api.w.org\/{rel}","templated":true}]}}