{"id":12374,"date":"2025-04-08T10:20:31","date_gmt":"2025-04-08T10:20:31","guid":{"rendered":"https:\/\/e-shop.advonpitenis.eu\/recherche-et-developpement-rd-et-innovation\/"},"modified":"2025-06-30T16:53:20","modified_gmt":"2025-06-30T16:53:20","slug":"recherche-et-developpement-rd-et-innovation","status":"publish","type":"page","link":"https:\/\/staging.pitenis.eu\/fr\/recherche-et-developpement-rd-et-innovation\/","title":{"rendered":"Recherche et d\u00e9veloppement (R&#038;D) et innovation"},"content":{"rendered":"\t\t<div data-elementor-type=\"wp-page\" data-elementor-id=\"12374\" class=\"elementor elementor-12374 elementor-688\" data-elementor-post-type=\"page\">\n\t\t\t\t<div class=\"e-con-top elementor-element elementor-element-f90060a e-flex e-con-boxed e-con e-parent\" data-id=\"f90060a\" data-element_type=\"container\" data-e-type=\"container\">\n\t\t\t\t\t<div class=\"e-con-inner\">\n\t\t\t\t<div class=\"elementor-element elementor-element-720fb34 elementor-widget elementor-widget-text-editor\" data-id=\"720fb34\" data-element_type=\"widget\" data-e-type=\"widget\" data-widget_type=\"text-editor.default\">\n\t\t\t\t<div class=\"elementor-widget-container\">\n\t\t\t\t\t\t\t\t\t<div class=\"row\"><div class=\"col-12\"><h1>Recherche et innovation R&amp;D et innovation<\/h1><\/div><\/div><div class=\"row pt-5\"><div class=\"col-12\"><div class=\"thecontent\"><h4>Produits biofonctionnels<\/h4><p>Les nombreux contacts avec les consommateurs, ainsi que la reconnaissance de la haute qualit\u00e9 des produits de l&rsquo;entreprise, ont fait na\u00eetre le besoin de nouveaux produits innovants de <b>meilleure qualit\u00e9, plus s\u00fbrs et de meilleure valeur nutritionnelle<\/b>.<\/p><p>Depuis 2004, l&rsquo;entreprise a progressivement commenc\u00e9 \u00e0 se concentrer sur le d\u00e9veloppement de produits biofonctionnels. Elle a ainsi fond\u00e9 <b>HEBT \u00ab\u00a0Hellenic Hepirus Biotechnology R&amp;D\u00a0\u00bb<\/b>, avec d&rsquo;<b>\u00e9minents biologistes<\/b> du domaine, un centre de <b>recherche et de d\u00e9veloppement en biotechnologie<\/b>, qui intensifie la <b>recherche<\/b> sur les produits <b>biofonctionnels. D\u00e9veloppement<\/b> en biotechnologie, intensifiant la recherche sur la biofonctionnalit\u00e9 de ses produits. En f\u00e9vrier 2011, il a acquis le deuxi\u00e8me brevet qui concerne <b>une solution de Krokos Kozani avec de l&rsquo;huile d&rsquo;olive extra vierge<\/b>, de mani\u00e8re \u00e0 non seulement <b>multiplier les<\/b> propri\u00e9t\u00e9s de l&rsquo;huile d&rsquo;olive que nous connaissons tous, mais aussi \u00e0 ajouter, dans le m\u00e9lange final, de nombreuses <b>propri\u00e9t\u00e9s du Krokos \u00ab\u00a0m\u00e9dicinal\u00a0\u00bb<\/b>. Il cr\u00e9e ainsi la nouvelle gamme <b>brevet\u00e9e<\/b> <b>\u00ab\u00a0Pitenis Premium Quality\u00a0\u00bb<\/b> compos\u00e9e de <b>7 salades, 3 vinaigrettes<\/b> et une <b>huile d&rsquo;olive vierge extra biofonctionnelle au crocus.<\/b><\/p><p>Enfin, l&rsquo;ajout d&rsquo;<b>huile d&rsquo;olive extra vierge<\/b> \u00e0 presque tous <b>ses produits en libre-service<\/b> les diff\u00e9rencie directement de la concurrence, ce qui les rend particuli\u00e8rement attrayants pour le consommateur moderne, non seulement en Gr\u00e8ce mais aussi \u00e0 l&rsquo;\u00e9tranger.<\/p><h4>Brevet avec KROKOS KOZANIS et HUILE D&rsquo;OLIVE EXTRAORDINAIRE PR\u00c9SERV\u00c9E (AOP) de Sitia, en Cr\u00e8te, avec 22 r\u00e9compenses dans le monde entier<\/h4><p>Notre entreprise, qui utilise deux <b>produits grecs AOP<\/b>, a \u00e9t\u00e9 r\u00e9compens\u00e9e par le prix <b>Extraordinaire<\/b>.<\/p><p>Avec l&rsquo;excellente \u00e9quipe de biologistes du d\u00e9partement R&amp;D, elle est parvenue \u00e0 inventer et \u00e0 breveter au niveau international une solution qui fait plus que doubler les propri\u00e9t\u00e9s antioxydantes de l&rsquo;<b>huile d&rsquo;<\/b> olive. C&rsquo;est ainsi qu&rsquo;est n\u00e9e la <b>nouvelle gamme de produits PREMIUM Pitenis<\/b>, compos\u00e9e de sept d\u00e9licieuses salades et de trois vinaigrettes, gr\u00e2ce \u00e0 cette solution \u00e0 <b>haute valeur nutritionnelle<\/b>.<\/p><p><b><br \/>Krokos (safran grec AOP Kozani)<\/b><\/p><p>Le Krokos Kozani (safran) poss\u00e8de de nombreuses propri\u00e9t\u00e9s traditionnellement reconnues, telles que l&rsquo;aphrodisiaque, l&rsquo;antiseptique de la cavit\u00e9 buccale, l&rsquo;antispasmodique et le digestif. Il contribue au bien-\u00eatre et \u00e0 la bonne sant\u00e9 de l&rsquo;organisme. Il a une action antioxydante et antithrombotique et prot\u00e8ge contre les radicaux libres. <\/p><p>Des \u00e9tudes r\u00e9centes convergent vers la conclusion qu&rsquo;elles am\u00e9liorent la circulation sanguine ainsi que les fonctions c\u00e9r\u00e9brales et notamment la m\u00e9moire.<\/p><p><b>Huile d&rsquo;olive extra vierge (AOP Sitia Crete)<\/b><\/p><p>Dans le r\u00e9gime m\u00e9diterran\u00e9en, l&rsquo;huile d&rsquo;olive est l&rsquo;\u00e9l\u00e9ment principal de la sant\u00e9 et de la long\u00e9vit\u00e9, car elle est une riche source d&rsquo;\u00e9nergie. La recherche confirme son effet th\u00e9rapeutique sur les ulc\u00e8res duod\u00e9naux. Elle am\u00e9liore la motilit\u00e9 du c\u00f4lon et contribue \u00e0 maintenir un bon \u00e9quilibre entre le bon et le mauvais cholest\u00e9rol. Les graisses mono-insatur\u00e9es et les antioxydants pr\u00e9sents dans l&rsquo;huile d&rsquo;olive contribuent \u00e0 pr\u00e9venir l&rsquo;obstruction des art\u00e8res et \u00e0 r\u00e9duire le risque de maladies cardiaques ou de nouvelles crises cardiaques.<\/p><\/div><\/div><\/div>\t\t\t\t\t\t\t\t<\/div>\n\t\t\t\t<\/div>\n\t\t\t\t\t<\/div>\n\t\t\t\t<\/div>\n\t\t\t\t<\/div>\n\t\t","protected":false},"excerpt":{"rendered":"<p>Recherche et innovation R&amp;D et innovation Produits biofonctionnels Les nombreux contacts avec les consommateurs, ainsi que la reconnaissance de la haute qualit\u00e9 des produits de l&rsquo;entreprise, ont fait na\u00eetre le besoin de nouveaux produits innovants de meilleure qualit\u00e9, plus s\u00fbrs et de meilleure valeur nutritionnelle. Depuis 2004, l&rsquo;entreprise a progressivement commenc\u00e9 \u00e0 se concentrer sur [&hellip;]<\/p>\n","protected":false},"author":1,"featured_media":0,"parent":0,"menu_order":0,"comment_status":"closed","ping_status":"closed","template":"elementor_header_footer","meta":{"_acf_changed":false,"footnotes":""},"class_list":["post-12374","page","type-page","status-publish","hentry"],"acf":[],"yoast_head":"<!-- This site is optimized with the Yoast SEO plugin v27.4 - https:\/\/yoast.com\/product\/yoast-seo-wordpress\/ -->\n<title>Recherche et d\u00e9veloppement (R&amp;D) et innovation - Pitenis Shop | &#039;\u0395\u03c4\u03bf\u03b9\u03bc\u03b5\u03c2 \u03c3\u03b1\u03bb\u03ac\u03c4\u03b5\u03c2<\/title>\n<meta name=\"robots\" content=\"index, follow, max-snippet:-1, max-image-preview:large, max-video-preview:-1\" \/>\n<link rel=\"canonical\" href=\"https:\/\/staging.pitenis.eu\/fr\/recherche-et-developpement-rd-et-innovation\/\" \/>\n<meta property=\"og:locale\" content=\"fr_FR\" \/>\n<meta property=\"og:type\" content=\"article\" \/>\n<meta property=\"og:title\" content=\"Recherche et d\u00e9veloppement (R&amp;D) et innovation - Pitenis Shop | &#039;\u0395\u03c4\u03bf\u03b9\u03bc\u03b5\u03c2 \u03c3\u03b1\u03bb\u03ac\u03c4\u03b5\u03c2\" \/>\n<meta property=\"og:description\" content=\"Recherche et innovation R&amp;D et innovation Produits biofonctionnels Les nombreux contacts avec les consommateurs, ainsi que la reconnaissance de la haute qualit\u00e9 des produits de l&rsquo;entreprise, ont fait na\u00eetre le besoin de nouveaux produits innovants de meilleure qualit\u00e9, plus s\u00fbrs et de meilleure valeur nutritionnelle. Depuis 2004, l&rsquo;entreprise a progressivement commenc\u00e9 \u00e0 se concentrer sur [&hellip;]\" \/>\n<meta property=\"og:url\" content=\"https:\/\/staging.pitenis.eu\/fr\/recherche-et-developpement-rd-et-innovation\/\" \/>\n<meta property=\"og:site_name\" content=\"Pitenis Shop | &#039;\u0395\u03c4\u03bf\u03b9\u03bc\u03b5\u03c2 \u03c3\u03b1\u03bb\u03ac\u03c4\u03b5\u03c2\" \/>\n<meta property=\"article:modified_time\" content=\"2025-06-30T16:53:20+00:00\" \/>\n<meta property=\"og:image\" content=\"https:\/\/staging.pitenis.eu\/wp-content\/uploads\/2025\/10\/Screenshot-2025-10-16-132624.png\" \/>\n\t<meta property=\"og:image:width\" content=\"1891\" \/>\n\t<meta property=\"og:image:height\" content=\"869\" \/>\n\t<meta property=\"og:image:type\" content=\"image\/png\" \/>\n<meta name=\"twitter:card\" content=\"summary_large_image\" \/>\n<meta name=\"twitter:label1\" content=\"Dur\u00e9e de lecture estim\u00e9e\" \/>\n\t<meta name=\"twitter:data1\" content=\"3 minutes\" \/>\n<script type=\"application\/ld+json\" class=\"yoast-schema-graph\">{\"@context\":\"https:\\\/\\\/schema.org\",\"@graph\":[{\"@type\":\"WebPage\",\"@id\":\"https:\\\/\\\/staging.pitenis.eu\\\/fr\\\/recherche-et-developpement-rd-et-innovation\\\/\",\"url\":\"https:\\\/\\\/staging.pitenis.eu\\\/fr\\\/recherche-et-developpement-rd-et-innovation\\\/\",\"name\":\"Recherche et d\u00e9veloppement (R&D) et innovation - Pitenis Shop | &#039;\u0395\u03c4\u03bf\u03b9\u03bc\u03b5\u03c2 \u03c3\u03b1\u03bb\u03ac\u03c4\u03b5\u03c2\",\"isPartOf\":{\"@id\":\"https:\\\/\\\/staging.pitenis.eu\\\/fr\\\/#website\"},\"datePublished\":\"2025-04-08T10:20:31+00:00\",\"dateModified\":\"2025-06-30T16:53:20+00:00\",\"breadcrumb\":{\"@id\":\"https:\\\/\\\/staging.pitenis.eu\\\/fr\\\/recherche-et-developpement-rd-et-innovation\\\/#breadcrumb\"},\"inLanguage\":\"fr-FR\",\"potentialAction\":[{\"@type\":\"ReadAction\",\"target\":[\"https:\\\/\\\/staging.pitenis.eu\\\/fr\\\/recherche-et-developpement-rd-et-innovation\\\/\"]}]},{\"@type\":\"BreadcrumbList\",\"@id\":\"https:\\\/\\\/staging.pitenis.eu\\\/fr\\\/recherche-et-developpement-rd-et-innovation\\\/#breadcrumb\",\"itemListElement\":[{\"@type\":\"ListItem\",\"position\":1,\"name\":\"Home\",\"item\":\"https:\\\/\\\/staging.pitenis.eu\\\/fr\\\/\"},{\"@type\":\"ListItem\",\"position\":2,\"name\":\"Recherche et d\u00e9veloppement (R&#038;D) et innovation\"}]},{\"@type\":\"WebSite\",\"@id\":\"https:\\\/\\\/staging.pitenis.eu\\\/fr\\\/#website\",\"url\":\"https:\\\/\\\/staging.pitenis.eu\\\/fr\\\/\",\"name\":\"Pitenis Shop | &#039;\u0395\u03c4\u03bf\u03b9\u03bc\u03b5\u03c2 \u03c3\u03b1\u03bb\u03ac\u03c4\u03b5\u03c2\",\"description\":\"\u03b1\u03bb\u03bf\u03b9\u03c6\u03ad\u03c2, \u03c8\u03b1\u03c1\u03b9\u03ba\u03ac, \u03c4\u03bf\u03c5\u03c1\u03c3\u03ac\u03ba\u03b9\u03b1\",\"publisher\":{\"@id\":\"https:\\\/\\\/staging.pitenis.eu\\\/fr\\\/#organization\"},\"potentialAction\":[{\"@type\":\"SearchAction\",\"target\":{\"@type\":\"EntryPoint\",\"urlTemplate\":\"https:\\\/\\\/staging.pitenis.eu\\\/fr\\\/?s={search_term_string}\"},\"query-input\":{\"@type\":\"PropertyValueSpecification\",\"valueRequired\":true,\"valueName\":\"search_term_string\"}}],\"inLanguage\":\"fr-FR\"},{\"@type\":\"Organization\",\"@id\":\"https:\\\/\\\/staging.pitenis.eu\\\/fr\\\/#organization\",\"name\":\"Pitenis Shop | &#039;\u0395\u03c4\u03bf\u03b9\u03bc\u03b5\u03c2 \u03c3\u03b1\u03bb\u03ac\u03c4\u03b5\u03c2\",\"url\":\"https:\\\/\\\/staging.pitenis.eu\\\/fr\\\/\",\"logo\":{\"@type\":\"ImageObject\",\"inLanguage\":\"fr-FR\",\"@id\":\"https:\\\/\\\/staging.pitenis.eu\\\/fr\\\/#\\\/schema\\\/logo\\\/image\\\/\",\"url\":\"https:\\\/\\\/staging.pitenis.eu\\\/wp-content\\\/uploads\\\/2025\\\/04\\\/cropped-pitenis_logo.png\",\"contentUrl\":\"https:\\\/\\\/staging.pitenis.eu\\\/wp-content\\\/uploads\\\/2025\\\/04\\\/cropped-pitenis_logo.png\",\"width\":172,\"height\":74,\"caption\":\"Pitenis Shop | &#039;\u0395\u03c4\u03bf\u03b9\u03bc\u03b5\u03c2 \u03c3\u03b1\u03bb\u03ac\u03c4\u03b5\u03c2\"},\"image\":{\"@id\":\"https:\\\/\\\/staging.pitenis.eu\\\/fr\\\/#\\\/schema\\\/logo\\\/image\\\/\"}}]}<\/script>\n<!-- \/ Yoast SEO plugin. -->","yoast_head_json":{"title":"Recherche et d\u00e9veloppement (R&D) et innovation - Pitenis Shop | &#039;\u0395\u03c4\u03bf\u03b9\u03bc\u03b5\u03c2 \u03c3\u03b1\u03bb\u03ac\u03c4\u03b5\u03c2","robots":{"index":"index","follow":"follow","max-snippet":"max-snippet:-1","max-image-preview":"max-image-preview:large","max-video-preview":"max-video-preview:-1"},"canonical":"https:\/\/staging.pitenis.eu\/fr\/recherche-et-developpement-rd-et-innovation\/","og_locale":"fr_FR","og_type":"article","og_title":"Recherche et d\u00e9veloppement (R&D) et innovation - Pitenis Shop | &#039;\u0395\u03c4\u03bf\u03b9\u03bc\u03b5\u03c2 \u03c3\u03b1\u03bb\u03ac\u03c4\u03b5\u03c2","og_description":"Recherche et innovation R&amp;D et innovation Produits biofonctionnels Les nombreux contacts avec les consommateurs, ainsi que la reconnaissance de la haute qualit\u00e9 des produits de l&rsquo;entreprise, ont fait na\u00eetre le besoin de nouveaux produits innovants de meilleure qualit\u00e9, plus s\u00fbrs et de meilleure valeur nutritionnelle. Depuis 2004, l&rsquo;entreprise a progressivement commenc\u00e9 \u00e0 se concentrer sur [&hellip;]","og_url":"https:\/\/staging.pitenis.eu\/fr\/recherche-et-developpement-rd-et-innovation\/","og_site_name":"Pitenis Shop | &#039;\u0395\u03c4\u03bf\u03b9\u03bc\u03b5\u03c2 \u03c3\u03b1\u03bb\u03ac\u03c4\u03b5\u03c2","article_modified_time":"2025-06-30T16:53:20+00:00","og_image":[{"width":1891,"height":869,"url":"https:\/\/staging.pitenis.eu\/wp-content\/uploads\/2025\/10\/Screenshot-2025-10-16-132624.png","type":"image\/png"}],"twitter_card":"summary_large_image","twitter_misc":{"Dur\u00e9e de lecture estim\u00e9e":"3 minutes"},"schema":{"@context":"https:\/\/schema.org","@graph":[{"@type":"WebPage","@id":"https:\/\/staging.pitenis.eu\/fr\/recherche-et-developpement-rd-et-innovation\/","url":"https:\/\/staging.pitenis.eu\/fr\/recherche-et-developpement-rd-et-innovation\/","name":"Recherche et d\u00e9veloppement (R&D) et innovation - Pitenis Shop | &#039;\u0395\u03c4\u03bf\u03b9\u03bc\u03b5\u03c2 \u03c3\u03b1\u03bb\u03ac\u03c4\u03b5\u03c2","isPartOf":{"@id":"https:\/\/staging.pitenis.eu\/fr\/#website"},"datePublished":"2025-04-08T10:20:31+00:00","dateModified":"2025-06-30T16:53:20+00:00","breadcrumb":{"@id":"https:\/\/staging.pitenis.eu\/fr\/recherche-et-developpement-rd-et-innovation\/#breadcrumb"},"inLanguage":"fr-FR","potentialAction":[{"@type":"ReadAction","target":["https:\/\/staging.pitenis.eu\/fr\/recherche-et-developpement-rd-et-innovation\/"]}]},{"@type":"BreadcrumbList","@id":"https:\/\/staging.pitenis.eu\/fr\/recherche-et-developpement-rd-et-innovation\/#breadcrumb","itemListElement":[{"@type":"ListItem","position":1,"name":"Home","item":"https:\/\/staging.pitenis.eu\/fr\/"},{"@type":"ListItem","position":2,"name":"Recherche et d\u00e9veloppement (R&#038;D) et innovation"}]},{"@type":"WebSite","@id":"https:\/\/staging.pitenis.eu\/fr\/#website","url":"https:\/\/staging.pitenis.eu\/fr\/","name":"Pitenis Shop | &#039;\u0395\u03c4\u03bf\u03b9\u03bc\u03b5\u03c2 \u03c3\u03b1\u03bb\u03ac\u03c4\u03b5\u03c2","description":"\u03b1\u03bb\u03bf\u03b9\u03c6\u03ad\u03c2, \u03c8\u03b1\u03c1\u03b9\u03ba\u03ac, \u03c4\u03bf\u03c5\u03c1\u03c3\u03ac\u03ba\u03b9\u03b1","publisher":{"@id":"https:\/\/staging.pitenis.eu\/fr\/#organization"},"potentialAction":[{"@type":"SearchAction","target":{"@type":"EntryPoint","urlTemplate":"https:\/\/staging.pitenis.eu\/fr\/?s={search_term_string}"},"query-input":{"@type":"PropertyValueSpecification","valueRequired":true,"valueName":"search_term_string"}}],"inLanguage":"fr-FR"},{"@type":"Organization","@id":"https:\/\/staging.pitenis.eu\/fr\/#organization","name":"Pitenis Shop | &#039;\u0395\u03c4\u03bf\u03b9\u03bc\u03b5\u03c2 \u03c3\u03b1\u03bb\u03ac\u03c4\u03b5\u03c2","url":"https:\/\/staging.pitenis.eu\/fr\/","logo":{"@type":"ImageObject","inLanguage":"fr-FR","@id":"https:\/\/staging.pitenis.eu\/fr\/#\/schema\/logo\/image\/","url":"https:\/\/staging.pitenis.eu\/wp-content\/uploads\/2025\/04\/cropped-pitenis_logo.png","contentUrl":"https:\/\/staging.pitenis.eu\/wp-content\/uploads\/2025\/04\/cropped-pitenis_logo.png","width":172,"height":74,"caption":"Pitenis Shop | &#039;\u0395\u03c4\u03bf\u03b9\u03bc\u03b5\u03c2 \u03c3\u03b1\u03bb\u03ac\u03c4\u03b5\u03c2"},"image":{"@id":"https:\/\/staging.pitenis.eu\/fr\/#\/schema\/logo\/image\/"}}]}},"_links":{"self":[{"href":"https:\/\/staging.pitenis.eu\/fr\/wp-json\/wp\/v2\/pages\/12374","targetHints":{"allow":["GET"]}}],"collection":[{"href":"https:\/\/staging.pitenis.eu\/fr\/wp-json\/wp\/v2\/pages"}],"about":[{"href":"https:\/\/staging.pitenis.eu\/fr\/wp-json\/wp\/v2\/types\/page"}],"author":[{"embeddable":true,"href":"https:\/\/staging.pitenis.eu\/fr\/wp-json\/wp\/v2\/users\/1"}],"replies":[{"embeddable":true,"href":"https:\/\/staging.pitenis.eu\/fr\/wp-json\/wp\/v2\/comments?post=12374"}],"version-history":[{"count":1,"href":"https:\/\/staging.pitenis.eu\/fr\/wp-json\/wp\/v2\/pages\/12374\/revisions"}],"predecessor-version":[{"id":12375,"href":"https:\/\/staging.pitenis.eu\/fr\/wp-json\/wp\/v2\/pages\/12374\/revisions\/12375"}],"wp:attachment":[{"href":"https:\/\/staging.pitenis.eu\/fr\/wp-json\/wp\/v2\/media?parent=12374"}],"curies":[{"name":"wp","href":"https:\/\/api.w.org\/{rel}","templated":true}]}}