{"id":12370,"date":"2025-04-08T07:06:34","date_gmt":"2025-04-08T07:06:34","guid":{"rendered":"https:\/\/e-shop.advonpitenis.eu\/lentreprise\/"},"modified":"2025-08-13T09:45:23","modified_gmt":"2025-08-13T09:45:23","slug":"lentreprise","status":"publish","type":"page","link":"https:\/\/staging.pitenis.eu\/fr\/lentreprise\/","title":{"rendered":"L&rsquo;entreprise"},"content":{"rendered":"\t\t<div data-elementor-type=\"wp-page\" data-elementor-id=\"12370\" class=\"elementor elementor-12370 elementor-627\" data-elementor-post-type=\"page\">\n\t\t\t\t<div class=\"e-con-top elementor-element elementor-element-17c3284 e-flex e-con-boxed e-con e-parent\" data-id=\"17c3284\" data-element_type=\"container\" data-e-type=\"container\">\n\t\t\t\t\t<div class=\"e-con-inner\">\n\t\t\t\t<div class=\"elementor-element elementor-element-62ed1d4 elementor-widget elementor-widget-spacer\" data-id=\"62ed1d4\" data-element_type=\"widget\" data-e-type=\"widget\" data-widget_type=\"spacer.default\">\n\t\t\t\t<div class=\"elementor-widget-container\">\n\t\t\t\t\t\t\t<div class=\"elementor-spacer\">\n\t\t\t<div class=\"elementor-spacer-inner\"><\/div>\n\t\t<\/div>\n\t\t\t\t\t\t<\/div>\n\t\t\t\t<\/div>\n\t\t\t\t<div class=\"elementor-element elementor-element-fab8790 elementor-widget elementor-widget-video\" data-id=\"fab8790\" data-element_type=\"widget\" data-e-type=\"widget\" data-settings=\"{&quot;youtube_url&quot;:&quot;https:\\\/\\\/www.youtube.com\\\/watch?v=K7MNLeMOZz4&quot;,&quot;autoplay&quot;:&quot;yes&quot;,&quot;play_on_mobile&quot;:&quot;yes&quot;,&quot;mute&quot;:&quot;yes&quot;,&quot;loop&quot;:&quot;yes&quot;,&quot;video_type&quot;:&quot;youtube&quot;}\" data-widget_type=\"video.default\">\n\t\t\t\t<div class=\"elementor-widget-container\">\n\t\t\t\t\t\t\t<div class=\"elementor-wrapper elementor-open-inline\">\n\t\t\t<div class=\"elementor-video\"><\/div>\t\t<\/div>\n\t\t\t\t\t\t<\/div>\n\t\t\t\t<\/div>\n\t\t<div class=\"elementor-element elementor-element-c66d22f e-con-full e-flex e-con e-child\" data-id=\"c66d22f\" data-element_type=\"container\" data-e-type=\"container\">\n\t\t\t\t<div class=\"elementor-element elementor-element-44df6bc elementor-widget elementor-widget-text-editor\" data-id=\"44df6bc\" data-element_type=\"widget\" data-e-type=\"widget\" data-widget_type=\"text-editor.default\">\n\t\t\t\t<div class=\"elementor-widget-container\">\n\t\t\t\t\t\t\t\t\t<div class=\"row\"><div class=\"col-12\"><h1>L&rsquo;entreprise<\/h1><\/div><\/div><div class=\"row pt-5\"><div class=\"col-12\"><div class=\"thecontent\"><p><b>Le personnel<\/b><\/p><p>Tous les <b>employ\u00e9s de<\/b> l&rsquo;entreprise jouent <b>un r\u00f4le important dans sa r\u00e9ussite<\/b>. Nous encourageons l&rsquo;<b>initiative personnelle<\/b> en responsabilisant nos employ\u00e9s. Chacun est motiv\u00e9 par la r\u00e9ussite \u00e0 tous les niveaux d&#8217;emploi. Nous voulons que <b>nos valeurs <\/b>nous caract\u00e9risent dans notre fa\u00e7on de travailler. Pour atteindre ce r\u00e9sultat, les employ\u00e9s de l&rsquo;entreprise <b>sont recrut\u00e9s<\/b>, <b>form\u00e9s<\/b> <b>et r\u00e9compens\u00e9s<\/b> sur la base de ces m\u00eames valeurs.<\/p><p><b>Produits &#8211; Innovation<\/b><\/p><p>Nos produits se caract\u00e9risent par des <b>saveurs<\/b> et des <b>techniques<\/b> <b>traditionnelles<\/b>, ainsi que par une <b>valeur nutritionnelle<\/b> et une <b>qualit\u00e9<\/b> <b>\u00e9lev\u00e9es<\/b>. Nous relevons toujours de nouveaux d\u00e9fis dans notre domaine en recherchant des moyens novateurs d&rsquo;am\u00e9liorer nos produits et nos services.<\/p><p><b>Nos clients<\/b><\/p><p>Nous visons \u00e0 fournir un <b>service de haute qualit\u00e9 <\/b>et \u00e0 assurer <b>la qualit\u00e9 de nos produits<\/b>, sans oublier que cette relation est l&rsquo;un des ingr\u00e9dients cl\u00e9s de notre succ\u00e8s. Notre <b>flexibilit\u00e9<\/b>, notre <b>innovation<\/b> et notre <b>exp\u00e9rience<\/b> nous permettent de cr\u00e9er des liens solides avec nos clients.<\/p><p><b>Les fournisseurs<\/b><\/p><p>Notre s\u00e9lection de fournisseurs est toujours bas\u00e9e sur des crit\u00e8res stricts de normes de qualit\u00e9, de capacit\u00e9 \u00e0 r\u00e9pondre \u00e0 nos besoins \u00e0 long terme et de caract\u00e9ristiques g\u00e9ographiques locales. \u00ab\u00a0<b>L&rsquo;objectif principal de<\/b> notre entreprise est d&rsquo;<b>imposer<\/b> ses produits en particulier, mais aussi les <b>produits grecs<\/b> en g\u00e9n\u00e9ral, dans l&rsquo;esprit des consommateurs <b>comme des produits de haute qualit\u00e9 et de grande valeur nutritionnelle<\/b>, avec un \u00ab\u00a0rapport qualit\u00e9-prix\u00a0\u00bb tr\u00e8s \u00e9lev\u00e9. Les mati\u00e8res premi\u00e8res pures de la terre grecque, associ\u00e9es \u00e0 la passion, au savoir-faire et aux techniques de marketing modernes, forment une combinaison imbattable !<\/p><p><b>Pitenis Dimitrios<\/b><\/p><p><b>Pr\u00e9sident du conseil d&rsquo;administration<\/b><\/p><\/div><\/div><\/div>\t\t\t\t\t\t\t\t<\/div>\n\t\t\t\t<\/div>\n\t\t\t\t<\/div>\n\t\t\t\t\t<\/div>\n\t\t\t\t<\/div>\n\t\t\t\t<\/div>\n\t\t","protected":false},"excerpt":{"rendered":"<p>https:\/\/www.youtube.com\/watch?v=K7MNLeMOZz4 L&rsquo;entreprise Le personnel Tous les employ\u00e9s de l&rsquo;entreprise jouent un r\u00f4le important dans sa r\u00e9ussite. Nous encourageons l&rsquo;initiative personnelle en responsabilisant nos employ\u00e9s. Chacun est motiv\u00e9 par la r\u00e9ussite \u00e0 tous les niveaux d&#8217;emploi. Nous voulons que nos valeurs nous caract\u00e9risent dans notre fa\u00e7on de travailler. Pour atteindre ce r\u00e9sultat, les employ\u00e9s de l&rsquo;entreprise [&hellip;]<\/p>\n","protected":false},"author":1,"featured_media":0,"parent":0,"menu_order":0,"comment_status":"closed","ping_status":"closed","template":"template-builder.php","meta":{"_acf_changed":false,"footnotes":""},"class_list":["post-12370","page","type-page","status-publish","hentry"],"acf":[],"yoast_head":"<!-- This site is optimized with the Yoast SEO plugin v27.4 - https:\/\/yoast.com\/product\/yoast-seo-wordpress\/ -->\n<title>L&#039;entreprise - Pitenis Shop | &#039;\u0395\u03c4\u03bf\u03b9\u03bc\u03b5\u03c2 \u03c3\u03b1\u03bb\u03ac\u03c4\u03b5\u03c2<\/title>\n<meta name=\"robots\" content=\"index, follow, max-snippet:-1, max-image-preview:large, max-video-preview:-1\" \/>\n<link rel=\"canonical\" href=\"https:\/\/staging.pitenis.eu\/fr\/lentreprise\/\" \/>\n<meta property=\"og:locale\" content=\"fr_FR\" \/>\n<meta property=\"og:type\" content=\"article\" \/>\n<meta property=\"og:title\" content=\"L&#039;entreprise - Pitenis Shop | &#039;\u0395\u03c4\u03bf\u03b9\u03bc\u03b5\u03c2 \u03c3\u03b1\u03bb\u03ac\u03c4\u03b5\u03c2\" \/>\n<meta property=\"og:description\" content=\"https:\/\/www.youtube.com\/watch?v=K7MNLeMOZz4 L&rsquo;entreprise Le personnel Tous les employ\u00e9s de l&rsquo;entreprise jouent un r\u00f4le important dans sa r\u00e9ussite. Nous encourageons l&rsquo;initiative personnelle en responsabilisant nos employ\u00e9s. Chacun est motiv\u00e9 par la r\u00e9ussite \u00e0 tous les niveaux d&#8217;emploi. Nous voulons que nos valeurs nous caract\u00e9risent dans notre fa\u00e7on de travailler. Pour atteindre ce r\u00e9sultat, les employ\u00e9s de l&rsquo;entreprise [&hellip;]\" \/>\n<meta property=\"og:url\" content=\"https:\/\/staging.pitenis.eu\/fr\/lentreprise\/\" \/>\n<meta property=\"og:site_name\" content=\"Pitenis Shop | &#039;\u0395\u03c4\u03bf\u03b9\u03bc\u03b5\u03c2 \u03c3\u03b1\u03bb\u03ac\u03c4\u03b5\u03c2\" \/>\n<meta property=\"article:modified_time\" content=\"2025-08-13T09:45:23+00:00\" \/>\n<meta property=\"og:image\" content=\"https:\/\/staging.pitenis.eu\/wp-content\/uploads\/2025\/10\/Screenshot-2025-10-16-132624.png\" \/>\n\t<meta property=\"og:image:width\" content=\"1891\" \/>\n\t<meta property=\"og:image:height\" content=\"869\" \/>\n\t<meta property=\"og:image:type\" content=\"image\/png\" \/>\n<meta name=\"twitter:card\" content=\"summary_large_image\" \/>\n<meta name=\"twitter:label1\" content=\"Dur\u00e9e de lecture estim\u00e9e\" \/>\n\t<meta name=\"twitter:data1\" content=\"1 minute\" \/>\n<script type=\"application\/ld+json\" class=\"yoast-schema-graph\">{\"@context\":\"https:\\\/\\\/schema.org\",\"@graph\":[{\"@type\":\"WebPage\",\"@id\":\"https:\\\/\\\/staging.pitenis.eu\\\/fr\\\/lentreprise\\\/\",\"url\":\"https:\\\/\\\/staging.pitenis.eu\\\/fr\\\/lentreprise\\\/\",\"name\":\"L'entreprise - Pitenis Shop | &#039;\u0395\u03c4\u03bf\u03b9\u03bc\u03b5\u03c2 \u03c3\u03b1\u03bb\u03ac\u03c4\u03b5\u03c2\",\"isPartOf\":{\"@id\":\"https:\\\/\\\/staging.pitenis.eu\\\/fr\\\/#website\"},\"datePublished\":\"2025-04-08T07:06:34+00:00\",\"dateModified\":\"2025-08-13T09:45:23+00:00\",\"breadcrumb\":{\"@id\":\"https:\\\/\\\/staging.pitenis.eu\\\/fr\\\/lentreprise\\\/#breadcrumb\"},\"inLanguage\":\"fr-FR\",\"potentialAction\":[{\"@type\":\"ReadAction\",\"target\":[\"https:\\\/\\\/staging.pitenis.eu\\\/fr\\\/lentreprise\\\/\"]}]},{\"@type\":\"BreadcrumbList\",\"@id\":\"https:\\\/\\\/staging.pitenis.eu\\\/fr\\\/lentreprise\\\/#breadcrumb\",\"itemListElement\":[{\"@type\":\"ListItem\",\"position\":1,\"name\":\"Home\",\"item\":\"https:\\\/\\\/staging.pitenis.eu\\\/fr\\\/\"},{\"@type\":\"ListItem\",\"position\":2,\"name\":\"L&#8217;entreprise\"}]},{\"@type\":\"WebSite\",\"@id\":\"https:\\\/\\\/staging.pitenis.eu\\\/fr\\\/#website\",\"url\":\"https:\\\/\\\/staging.pitenis.eu\\\/fr\\\/\",\"name\":\"Pitenis Shop | &#039;\u0395\u03c4\u03bf\u03b9\u03bc\u03b5\u03c2 \u03c3\u03b1\u03bb\u03ac\u03c4\u03b5\u03c2\",\"description\":\"\u03b1\u03bb\u03bf\u03b9\u03c6\u03ad\u03c2, \u03c8\u03b1\u03c1\u03b9\u03ba\u03ac, \u03c4\u03bf\u03c5\u03c1\u03c3\u03ac\u03ba\u03b9\u03b1\",\"publisher\":{\"@id\":\"https:\\\/\\\/staging.pitenis.eu\\\/fr\\\/#organization\"},\"potentialAction\":[{\"@type\":\"SearchAction\",\"target\":{\"@type\":\"EntryPoint\",\"urlTemplate\":\"https:\\\/\\\/staging.pitenis.eu\\\/fr\\\/?s={search_term_string}\"},\"query-input\":{\"@type\":\"PropertyValueSpecification\",\"valueRequired\":true,\"valueName\":\"search_term_string\"}}],\"inLanguage\":\"fr-FR\"},{\"@type\":\"Organization\",\"@id\":\"https:\\\/\\\/staging.pitenis.eu\\\/fr\\\/#organization\",\"name\":\"Pitenis Shop | &#039;\u0395\u03c4\u03bf\u03b9\u03bc\u03b5\u03c2 \u03c3\u03b1\u03bb\u03ac\u03c4\u03b5\u03c2\",\"url\":\"https:\\\/\\\/staging.pitenis.eu\\\/fr\\\/\",\"logo\":{\"@type\":\"ImageObject\",\"inLanguage\":\"fr-FR\",\"@id\":\"https:\\\/\\\/staging.pitenis.eu\\\/fr\\\/#\\\/schema\\\/logo\\\/image\\\/\",\"url\":\"https:\\\/\\\/staging.pitenis.eu\\\/wp-content\\\/uploads\\\/2025\\\/04\\\/cropped-pitenis_logo.png\",\"contentUrl\":\"https:\\\/\\\/staging.pitenis.eu\\\/wp-content\\\/uploads\\\/2025\\\/04\\\/cropped-pitenis_logo.png\",\"width\":172,\"height\":74,\"caption\":\"Pitenis Shop | &#039;\u0395\u03c4\u03bf\u03b9\u03bc\u03b5\u03c2 \u03c3\u03b1\u03bb\u03ac\u03c4\u03b5\u03c2\"},\"image\":{\"@id\":\"https:\\\/\\\/staging.pitenis.eu\\\/fr\\\/#\\\/schema\\\/logo\\\/image\\\/\"}}]}<\/script>\n<!-- \/ Yoast SEO plugin. -->","yoast_head_json":{"title":"L'entreprise - Pitenis Shop | &#039;\u0395\u03c4\u03bf\u03b9\u03bc\u03b5\u03c2 \u03c3\u03b1\u03bb\u03ac\u03c4\u03b5\u03c2","robots":{"index":"index","follow":"follow","max-snippet":"max-snippet:-1","max-image-preview":"max-image-preview:large","max-video-preview":"max-video-preview:-1"},"canonical":"https:\/\/staging.pitenis.eu\/fr\/lentreprise\/","og_locale":"fr_FR","og_type":"article","og_title":"L'entreprise - Pitenis Shop | &#039;\u0395\u03c4\u03bf\u03b9\u03bc\u03b5\u03c2 \u03c3\u03b1\u03bb\u03ac\u03c4\u03b5\u03c2","og_description":"https:\/\/www.youtube.com\/watch?v=K7MNLeMOZz4 L&rsquo;entreprise Le personnel Tous les employ\u00e9s de l&rsquo;entreprise jouent un r\u00f4le important dans sa r\u00e9ussite. Nous encourageons l&rsquo;initiative personnelle en responsabilisant nos employ\u00e9s. Chacun est motiv\u00e9 par la r\u00e9ussite \u00e0 tous les niveaux d&#8217;emploi. Nous voulons que nos valeurs nous caract\u00e9risent dans notre fa\u00e7on de travailler. Pour atteindre ce r\u00e9sultat, les employ\u00e9s de l&rsquo;entreprise [&hellip;]","og_url":"https:\/\/staging.pitenis.eu\/fr\/lentreprise\/","og_site_name":"Pitenis Shop | &#039;\u0395\u03c4\u03bf\u03b9\u03bc\u03b5\u03c2 \u03c3\u03b1\u03bb\u03ac\u03c4\u03b5\u03c2","article_modified_time":"2025-08-13T09:45:23+00:00","og_image":[{"width":1891,"height":869,"url":"https:\/\/staging.pitenis.eu\/wp-content\/uploads\/2025\/10\/Screenshot-2025-10-16-132624.png","type":"image\/png"}],"twitter_card":"summary_large_image","twitter_misc":{"Dur\u00e9e de lecture estim\u00e9e":"1 minute"},"schema":{"@context":"https:\/\/schema.org","@graph":[{"@type":"WebPage","@id":"https:\/\/staging.pitenis.eu\/fr\/lentreprise\/","url":"https:\/\/staging.pitenis.eu\/fr\/lentreprise\/","name":"L'entreprise - Pitenis Shop | &#039;\u0395\u03c4\u03bf\u03b9\u03bc\u03b5\u03c2 \u03c3\u03b1\u03bb\u03ac\u03c4\u03b5\u03c2","isPartOf":{"@id":"https:\/\/staging.pitenis.eu\/fr\/#website"},"datePublished":"2025-04-08T07:06:34+00:00","dateModified":"2025-08-13T09:45:23+00:00","breadcrumb":{"@id":"https:\/\/staging.pitenis.eu\/fr\/lentreprise\/#breadcrumb"},"inLanguage":"fr-FR","potentialAction":[{"@type":"ReadAction","target":["https:\/\/staging.pitenis.eu\/fr\/lentreprise\/"]}]},{"@type":"BreadcrumbList","@id":"https:\/\/staging.pitenis.eu\/fr\/lentreprise\/#breadcrumb","itemListElement":[{"@type":"ListItem","position":1,"name":"Home","item":"https:\/\/staging.pitenis.eu\/fr\/"},{"@type":"ListItem","position":2,"name":"L&#8217;entreprise"}]},{"@type":"WebSite","@id":"https:\/\/staging.pitenis.eu\/fr\/#website","url":"https:\/\/staging.pitenis.eu\/fr\/","name":"Pitenis Shop | &#039;\u0395\u03c4\u03bf\u03b9\u03bc\u03b5\u03c2 \u03c3\u03b1\u03bb\u03ac\u03c4\u03b5\u03c2","description":"\u03b1\u03bb\u03bf\u03b9\u03c6\u03ad\u03c2, \u03c8\u03b1\u03c1\u03b9\u03ba\u03ac, \u03c4\u03bf\u03c5\u03c1\u03c3\u03ac\u03ba\u03b9\u03b1","publisher":{"@id":"https:\/\/staging.pitenis.eu\/fr\/#organization"},"potentialAction":[{"@type":"SearchAction","target":{"@type":"EntryPoint","urlTemplate":"https:\/\/staging.pitenis.eu\/fr\/?s={search_term_string}"},"query-input":{"@type":"PropertyValueSpecification","valueRequired":true,"valueName":"search_term_string"}}],"inLanguage":"fr-FR"},{"@type":"Organization","@id":"https:\/\/staging.pitenis.eu\/fr\/#organization","name":"Pitenis Shop | &#039;\u0395\u03c4\u03bf\u03b9\u03bc\u03b5\u03c2 \u03c3\u03b1\u03bb\u03ac\u03c4\u03b5\u03c2","url":"https:\/\/staging.pitenis.eu\/fr\/","logo":{"@type":"ImageObject","inLanguage":"fr-FR","@id":"https:\/\/staging.pitenis.eu\/fr\/#\/schema\/logo\/image\/","url":"https:\/\/staging.pitenis.eu\/wp-content\/uploads\/2025\/04\/cropped-pitenis_logo.png","contentUrl":"https:\/\/staging.pitenis.eu\/wp-content\/uploads\/2025\/04\/cropped-pitenis_logo.png","width":172,"height":74,"caption":"Pitenis Shop | &#039;\u0395\u03c4\u03bf\u03b9\u03bc\u03b5\u03c2 \u03c3\u03b1\u03bb\u03ac\u03c4\u03b5\u03c2"},"image":{"@id":"https:\/\/staging.pitenis.eu\/fr\/#\/schema\/logo\/image\/"}}]}},"_links":{"self":[{"href":"https:\/\/staging.pitenis.eu\/fr\/wp-json\/wp\/v2\/pages\/12370","targetHints":{"allow":["GET"]}}],"collection":[{"href":"https:\/\/staging.pitenis.eu\/fr\/wp-json\/wp\/v2\/pages"}],"about":[{"href":"https:\/\/staging.pitenis.eu\/fr\/wp-json\/wp\/v2\/types\/page"}],"author":[{"embeddable":true,"href":"https:\/\/staging.pitenis.eu\/fr\/wp-json\/wp\/v2\/users\/1"}],"replies":[{"embeddable":true,"href":"https:\/\/staging.pitenis.eu\/fr\/wp-json\/wp\/v2\/comments?post=12370"}],"version-history":[{"count":2,"href":"https:\/\/staging.pitenis.eu\/fr\/wp-json\/wp\/v2\/pages\/12370\/revisions"}],"predecessor-version":[{"id":13059,"href":"https:\/\/staging.pitenis.eu\/fr\/wp-json\/wp\/v2\/pages\/12370\/revisions\/13059"}],"wp:attachment":[{"href":"https:\/\/staging.pitenis.eu\/fr\/wp-json\/wp\/v2\/media?parent=12370"}],"curies":[{"name":"wp","href":"https:\/\/api.w.org\/{rel}","templated":true}]}}