{"id":12368,"date":"2025-04-07T19:12:59","date_gmt":"2025-04-07T19:12:59","guid":{"rendered":"https:\/\/e-shop.advonpitenis.eu\/contexte\/"},"modified":"2025-10-24T14:46:26","modified_gmt":"2025-10-24T14:46:26","slug":"contexte","status":"publish","type":"page","link":"https:\/\/staging.pitenis.eu\/fr\/contexte\/","title":{"rendered":"Contexte"},"content":{"rendered":"\t\t<div data-elementor-type=\"wp-page\" data-elementor-id=\"12368\" class=\"elementor elementor-12368 elementor-622\" data-elementor-post-type=\"page\">\n\t\t\t\t\t\t<section class=\"elementor-section elementor-top-section elementor-element elementor-element-4cbde78 rey-section-bg--classic elementor-section-full_width elementor-section-height-default elementor-section-height-default\" data-id=\"4cbde78\" data-element_type=\"section\" data-e-type=\"section\" data-settings=\"{&quot;background_background&quot;:&quot;classic&quot;}\">\n\t\t\t\t\t\t<div class=\"elementor-container elementor-column-gap-custom\">\n\t\t\t\t\t<div class=\"elementor-column elementor-col-100 elementor-top-column elementor-element elementor-element-a6dd583\" data-id=\"a6dd583\" data-element_type=\"column\" data-e-type=\"column\">\n\t\t\t<div class=\"elementor-column-wrap--a6dd583 elementor-widget-wrap elementor-element-populated\">\n\t\t\t\t\t\t<div class=\"elementor-element elementor-element-054cac1 elementor-widget elementor-widget-video\" data-id=\"054cac1\" data-element_type=\"widget\" data-e-type=\"widget\" data-settings=\"{&quot;youtube_url&quot;:&quot;https:\\\/\\\/www.youtube.com\\\/watch?v=K7MNLeMOZz4&quot;,&quot;autoplay&quot;:&quot;yes&quot;,&quot;play_on_mobile&quot;:&quot;yes&quot;,&quot;mute&quot;:&quot;yes&quot;,&quot;loop&quot;:&quot;yes&quot;,&quot;video_type&quot;:&quot;youtube&quot;}\" data-widget_type=\"video.default\">\n\t\t\t\t<div class=\"elementor-widget-container\">\n\t\t\t\t\t\t\t<div class=\"elementor-wrapper elementor-open-inline\">\n\t\t\t<div class=\"elementor-video\"><\/div>\t\t<\/div>\n\t\t\t\t\t\t<\/div>\n\t\t\t\t<\/div>\n\t\t\t\t<div class=\"elementor-element elementor-element-906be70 elementor-widget elementor-widget-heading\" data-id=\"906be70\" data-element_type=\"widget\" data-e-type=\"widget\" data-widget_type=\"heading.default\">\n\t\t\t\t<div class=\"elementor-widget-container\">\n\t\t\t\t\t<h1 class=\"elementor-heading-title elementor-size-default\">Contexte<\/h1>\t\t\t\t<\/div>\n\t\t\t\t<\/div>\n\t\t\t\t<div class=\"elementor-element elementor-element-682dc46 elementor-widget elementor-widget-heading\" data-id=\"682dc46\" data-element_type=\"widget\" data-e-type=\"widget\" data-widget_type=\"heading.default\">\n\t\t\t\t<div class=\"elementor-widget-container\">\n\t\t\t\t\t<h2 class=\"elementor-heading-title elementor-size-default\">Apprenez l\u2019histoire de notre entreprise<\/h2>\t\t\t\t<\/div>\n\t\t\t\t<\/div>\n\t\t\t\t<div class=\"elementor-element elementor-element-855eb76 elementor-widget elementor-widget-text-editor\" data-id=\"855eb76\" data-element_type=\"widget\" data-e-type=\"widget\" data-widget_type=\"text-editor.default\">\n\t\t\t\t<div class=\"elementor-widget-container\">\n\t\t\t\t\t\t\t\t\t<p><b style=\"font-family: inherit; color: #484f56; font-size: 1.125rem;\">Afoi A. Pitenis ABEE <\/b><span style=\"font-family: inherit; color: #484f56; font-size: 1.125rem; font-weight: 400;\"> est l\u2019une des plus grandes entreprises de production et de commerce de produits alimentaires en Gr\u00e8ce.  <\/span><b style=\"font-family: inherit; color: #484f56; font-size: 1.125rem;\">1973<\/b><span style=\"font-family: inherit; color: #484f56; font-size: 1.125rem; font-weight: 400;\"> Elle a \u00e9t\u00e9 fond\u00e9e sous le nom \u00ab Agamemnon Pitenis \u00bb. En d\u00e9cembre de la m\u00eame ann\u00e9e,  <\/span><b style=\"font-family: inherit; color: #484f56; font-size: 1.125rem;\">1997<\/b>,<span style=\"font-family: inherit; color: #484f56; font-size: 1.125rem; font-weight: 400;\"> elle a achev\u00e9 la cr\u00e9ation d\u2019une nouvelle unit\u00e9 de production ultramoderne d\u2019aliments pr\u00e9par\u00e9s,<br>d\u2019une superficie totale de<\/span> <b style=\"font-family: inherit; color: #484f56; font-size: 1.125rem;\">14 000 m\u00b2<\/b><span style=\"font-family: inherit; color: #484f56; font-size: 1.125rem; font-weight: 400;\"> et de b\u00e2timents de<\/span> <b style=\"font-family: inherit; color: #484f56; font-size: 1.125rem;\">3 000 m\u00b2,<\/b><br><span style=\"font-family: inherit; color: #484f56; font-size: 1.125rem; font-weight: 400;\">afin de r\u00e9pondre aux nouvelles conditions de la concurrence nationale et internationale.<\/span><\/p><div class=\"row pt-5\"><div class=\"col-12\"><div class=\"thecontent\"><p>Ainsi, gr\u00e2ce \u00e0 la confiance de longue date des consommateurs envers les produits de l\u2019entreprise<br>et \u00e0 sa structure entrepreneuriale familiale, elle est parvenue en 2003 \u00e0 <b>produire<br>plus de 100 types de produits diff\u00e9rents<\/b>, en utilisant les m\u00e9thodes de production les plus modernes<br>et conform\u00e9ment \u00e0 toutes les r\u00e8gles d\u2019hygi\u00e8ne et de s\u00e9curit\u00e9,<br>tout en restant fid\u00e8le aux saveurs grecques traditionnelles.<\/p><p>Depuis 2004, l\u2019entreprise a progressivement concentr\u00e9 ses activit\u00e9s sur le d\u00e9veloppement de produits fonctionnels. <b>Ainsi, elle a fond\u00e9 la soci\u00e9t\u00e9 Hellenic Hepirus Bio-Technology R&amp;D \u2013 Afoi A. Pitenis &amp; SIA OE. <\/b><b>Avec des biologistes \u00e9minents du secteur<\/b>, une<b> entreprise de Recherche et D\u00e9veloppement en biotechnologie<\/b> intensifie ses recherches sur la bio-fonctionnalit\u00e9 de ses produits.<br>En 2009, elle modernise la distribution de ses produits <b>en Mac\u00e9doine centrale <\/b>en cr\u00e9ant<b> une succursale \u00e0 Thessalonique<\/b>, tandis qu\u2019en 2010 elle s\u2019\u00e9tend dans la r\u00e9gion de l\u2019Attique.<br>Au total, en incluant son r\u00e9seau autonome de distribution en Mac\u00e9doine occidentale, Afoi A. Pitenis ABEE collabore avec plus de <b>80 repr\u00e9sentants <\/b>pour approvisionner plus de <b>11 000 points de vente dans le monde entier.<\/b>   <\/p><p>Depuis 2011, l\u2019entreprise \u00e9largit ses activit\u00e9s avec de nouvelles gamme<b>s de produits alimentaires \u00ab Gourmet \u00bb<\/b>, lan\u00e7ant sur le march\u00e9 des produits d\u2019une qualit\u00e9 et d\u2019une valeur nutritive encore sup\u00e9rieures, tels que les gammes <b>Pitenis Premium, Okeanos EXCLUSIVE <\/b>et d\u2019autres.<br>En f\u00e9vrier, elle obtient <b>son deuxi\u00e8me brevet<\/b>, portant sur une solution<b> de safran de Kozani <\/b>associ\u00e9e \u00e0 de l\u2019huile d\u2019olive vierge extra.<br>Enfin, elle <b>est certifi\u00e9e <\/b>et applique<b> le Syst\u00e8me d\u2019Assurance et de Gestion de la Qualit\u00e9 \u00ab ISO 22000:2005 <\/b>\u00bb, qui inclut le syst\u00e8me d\u2019analyse des dangers et des points critiques pour leur ma\u00eetrise (HACCP), ainsi que les Syst\u00e8mes de Gestion de la S\u00e9curit\u00e9 et de la Qualit\u00e9 Alimentaire \u2014<b> The Certification Plan for Food Safety Management (FSMS) et Quality Management Systems (QMS) FSSC 22000 Global Food Safety System.<\/b><br>Elle d\u00e9tient \u00e9galement la certificatio<b>n \u00ab HALAL \u00bb<\/b> pour les pays du Moyen-Orient et a re\u00e7u la certification de la<b> FDA (Food &amp; Drug Administration des \u00c9tats-Unis)<\/b> \u00e0 la suite d\u2019inspections sur site. <\/p><\/div><\/div><\/div>\t\t\t\t\t\t\t\t<\/div>\n\t\t\t\t<\/div>\n\t\t\t\t\t<\/div>\n\t\t<\/div>\n\t\t\t\t\t<\/div>\n\t\t<\/section>\n\t\t\t\t<\/div>\n\t\t","protected":false},"excerpt":{"rendered":"<p>Contexte Apprenez l\u2019histoire de notre entreprise Afoi A. Pitenis ABEE est l\u2019une des plus grandes entreprises de production et de commerce de produits alimentaires en Gr\u00e8ce. 1973 Elle a \u00e9t\u00e9 fond\u00e9e sous le nom \u00ab Agamemnon Pitenis \u00bb. En d\u00e9cembre de la m\u00eame ann\u00e9e, 1997, elle a achev\u00e9 la cr\u00e9ation d\u2019une nouvelle unit\u00e9 de production [&hellip;]<\/p>\n","protected":false},"author":1,"featured_media":0,"parent":0,"menu_order":0,"comment_status":"closed","ping_status":"closed","template":"template-builder.php","meta":{"_acf_changed":false,"footnotes":""},"class_list":["post-12368","page","type-page","status-publish","hentry"],"acf":[],"yoast_head":"<!-- This site is optimized with the Yoast SEO plugin v27.4 - https:\/\/yoast.com\/product\/yoast-seo-wordpress\/ -->\n<title>Contexte - Pitenis Shop | &#039;\u0395\u03c4\u03bf\u03b9\u03bc\u03b5\u03c2 \u03c3\u03b1\u03bb\u03ac\u03c4\u03b5\u03c2<\/title>\n<meta name=\"robots\" content=\"index, follow, max-snippet:-1, max-image-preview:large, max-video-preview:-1\" \/>\n<link rel=\"canonical\" href=\"https:\/\/staging.pitenis.eu\/fr\/contexte\/\" \/>\n<meta property=\"og:locale\" content=\"fr_FR\" \/>\n<meta property=\"og:type\" content=\"article\" \/>\n<meta property=\"og:title\" content=\"Contexte - Pitenis Shop | &#039;\u0395\u03c4\u03bf\u03b9\u03bc\u03b5\u03c2 \u03c3\u03b1\u03bb\u03ac\u03c4\u03b5\u03c2\" \/>\n<meta property=\"og:description\" content=\"Contexte Apprenez l\u2019histoire de notre entreprise Afoi A. Pitenis ABEE est l\u2019une des plus grandes entreprises de production et de commerce de produits alimentaires en Gr\u00e8ce. 1973 Elle a \u00e9t\u00e9 fond\u00e9e sous le nom \u00ab Agamemnon Pitenis \u00bb. En d\u00e9cembre de la m\u00eame ann\u00e9e, 1997, elle a achev\u00e9 la cr\u00e9ation d\u2019une nouvelle unit\u00e9 de production [&hellip;]\" \/>\n<meta property=\"og:url\" content=\"https:\/\/staging.pitenis.eu\/fr\/contexte\/\" \/>\n<meta property=\"og:site_name\" content=\"Pitenis Shop | &#039;\u0395\u03c4\u03bf\u03b9\u03bc\u03b5\u03c2 \u03c3\u03b1\u03bb\u03ac\u03c4\u03b5\u03c2\" \/>\n<meta property=\"article:modified_time\" content=\"2025-10-24T14:46:26+00:00\" \/>\n<meta property=\"og:image\" content=\"https:\/\/staging.pitenis.eu\/wp-content\/uploads\/2025\/10\/Screenshot-2025-10-16-132624.png\" \/>\n\t<meta property=\"og:image:width\" content=\"1891\" \/>\n\t<meta property=\"og:image:height\" content=\"869\" \/>\n\t<meta property=\"og:image:type\" content=\"image\/png\" \/>\n<meta name=\"twitter:card\" content=\"summary_large_image\" \/>\n<meta name=\"twitter:label1\" content=\"Dur\u00e9e de lecture estim\u00e9e\" \/>\n\t<meta name=\"twitter:data1\" content=\"2 minutes\" \/>\n<script type=\"application\/ld+json\" class=\"yoast-schema-graph\">{\"@context\":\"https:\\\/\\\/schema.org\",\"@graph\":[{\"@type\":\"WebPage\",\"@id\":\"https:\\\/\\\/staging.pitenis.eu\\\/fr\\\/contexte\\\/\",\"url\":\"https:\\\/\\\/staging.pitenis.eu\\\/fr\\\/contexte\\\/\",\"name\":\"Contexte - Pitenis Shop | &#039;\u0395\u03c4\u03bf\u03b9\u03bc\u03b5\u03c2 \u03c3\u03b1\u03bb\u03ac\u03c4\u03b5\u03c2\",\"isPartOf\":{\"@id\":\"https:\\\/\\\/staging.pitenis.eu\\\/fr\\\/#website\"},\"datePublished\":\"2025-04-07T19:12:59+00:00\",\"dateModified\":\"2025-10-24T14:46:26+00:00\",\"breadcrumb\":{\"@id\":\"https:\\\/\\\/staging.pitenis.eu\\\/fr\\\/contexte\\\/#breadcrumb\"},\"inLanguage\":\"fr-FR\",\"potentialAction\":[{\"@type\":\"ReadAction\",\"target\":[\"https:\\\/\\\/staging.pitenis.eu\\\/fr\\\/contexte\\\/\"]}]},{\"@type\":\"BreadcrumbList\",\"@id\":\"https:\\\/\\\/staging.pitenis.eu\\\/fr\\\/contexte\\\/#breadcrumb\",\"itemListElement\":[{\"@type\":\"ListItem\",\"position\":1,\"name\":\"Home\",\"item\":\"https:\\\/\\\/staging.pitenis.eu\\\/fr\\\/\"},{\"@type\":\"ListItem\",\"position\":2,\"name\":\"Contexte\"}]},{\"@type\":\"WebSite\",\"@id\":\"https:\\\/\\\/staging.pitenis.eu\\\/fr\\\/#website\",\"url\":\"https:\\\/\\\/staging.pitenis.eu\\\/fr\\\/\",\"name\":\"Pitenis Shop | &#039;\u0395\u03c4\u03bf\u03b9\u03bc\u03b5\u03c2 \u03c3\u03b1\u03bb\u03ac\u03c4\u03b5\u03c2\",\"description\":\"\u03b1\u03bb\u03bf\u03b9\u03c6\u03ad\u03c2, \u03c8\u03b1\u03c1\u03b9\u03ba\u03ac, \u03c4\u03bf\u03c5\u03c1\u03c3\u03ac\u03ba\u03b9\u03b1\",\"publisher\":{\"@id\":\"https:\\\/\\\/staging.pitenis.eu\\\/fr\\\/#organization\"},\"potentialAction\":[{\"@type\":\"SearchAction\",\"target\":{\"@type\":\"EntryPoint\",\"urlTemplate\":\"https:\\\/\\\/staging.pitenis.eu\\\/fr\\\/?s={search_term_string}\"},\"query-input\":{\"@type\":\"PropertyValueSpecification\",\"valueRequired\":true,\"valueName\":\"search_term_string\"}}],\"inLanguage\":\"fr-FR\"},{\"@type\":\"Organization\",\"@id\":\"https:\\\/\\\/staging.pitenis.eu\\\/fr\\\/#organization\",\"name\":\"Pitenis Shop | &#039;\u0395\u03c4\u03bf\u03b9\u03bc\u03b5\u03c2 \u03c3\u03b1\u03bb\u03ac\u03c4\u03b5\u03c2\",\"url\":\"https:\\\/\\\/staging.pitenis.eu\\\/fr\\\/\",\"logo\":{\"@type\":\"ImageObject\",\"inLanguage\":\"fr-FR\",\"@id\":\"https:\\\/\\\/staging.pitenis.eu\\\/fr\\\/#\\\/schema\\\/logo\\\/image\\\/\",\"url\":\"https:\\\/\\\/staging.pitenis.eu\\\/wp-content\\\/uploads\\\/2025\\\/04\\\/cropped-pitenis_logo.png\",\"contentUrl\":\"https:\\\/\\\/staging.pitenis.eu\\\/wp-content\\\/uploads\\\/2025\\\/04\\\/cropped-pitenis_logo.png\",\"width\":172,\"height\":74,\"caption\":\"Pitenis Shop | &#039;\u0395\u03c4\u03bf\u03b9\u03bc\u03b5\u03c2 \u03c3\u03b1\u03bb\u03ac\u03c4\u03b5\u03c2\"},\"image\":{\"@id\":\"https:\\\/\\\/staging.pitenis.eu\\\/fr\\\/#\\\/schema\\\/logo\\\/image\\\/\"}}]}<\/script>\n<!-- \/ Yoast SEO plugin. -->","yoast_head_json":{"title":"Contexte - Pitenis Shop | &#039;\u0395\u03c4\u03bf\u03b9\u03bc\u03b5\u03c2 \u03c3\u03b1\u03bb\u03ac\u03c4\u03b5\u03c2","robots":{"index":"index","follow":"follow","max-snippet":"max-snippet:-1","max-image-preview":"max-image-preview:large","max-video-preview":"max-video-preview:-1"},"canonical":"https:\/\/staging.pitenis.eu\/fr\/contexte\/","og_locale":"fr_FR","og_type":"article","og_title":"Contexte - Pitenis Shop | &#039;\u0395\u03c4\u03bf\u03b9\u03bc\u03b5\u03c2 \u03c3\u03b1\u03bb\u03ac\u03c4\u03b5\u03c2","og_description":"Contexte Apprenez l\u2019histoire de notre entreprise Afoi A. Pitenis ABEE est l\u2019une des plus grandes entreprises de production et de commerce de produits alimentaires en Gr\u00e8ce. 1973 Elle a \u00e9t\u00e9 fond\u00e9e sous le nom \u00ab Agamemnon Pitenis \u00bb. En d\u00e9cembre de la m\u00eame ann\u00e9e, 1997, elle a achev\u00e9 la cr\u00e9ation d\u2019une nouvelle unit\u00e9 de production [&hellip;]","og_url":"https:\/\/staging.pitenis.eu\/fr\/contexte\/","og_site_name":"Pitenis Shop | &#039;\u0395\u03c4\u03bf\u03b9\u03bc\u03b5\u03c2 \u03c3\u03b1\u03bb\u03ac\u03c4\u03b5\u03c2","article_modified_time":"2025-10-24T14:46:26+00:00","og_image":[{"width":1891,"height":869,"url":"https:\/\/staging.pitenis.eu\/wp-content\/uploads\/2025\/10\/Screenshot-2025-10-16-132624.png","type":"image\/png"}],"twitter_card":"summary_large_image","twitter_misc":{"Dur\u00e9e de lecture estim\u00e9e":"2 minutes"},"schema":{"@context":"https:\/\/schema.org","@graph":[{"@type":"WebPage","@id":"https:\/\/staging.pitenis.eu\/fr\/contexte\/","url":"https:\/\/staging.pitenis.eu\/fr\/contexte\/","name":"Contexte - Pitenis Shop | &#039;\u0395\u03c4\u03bf\u03b9\u03bc\u03b5\u03c2 \u03c3\u03b1\u03bb\u03ac\u03c4\u03b5\u03c2","isPartOf":{"@id":"https:\/\/staging.pitenis.eu\/fr\/#website"},"datePublished":"2025-04-07T19:12:59+00:00","dateModified":"2025-10-24T14:46:26+00:00","breadcrumb":{"@id":"https:\/\/staging.pitenis.eu\/fr\/contexte\/#breadcrumb"},"inLanguage":"fr-FR","potentialAction":[{"@type":"ReadAction","target":["https:\/\/staging.pitenis.eu\/fr\/contexte\/"]}]},{"@type":"BreadcrumbList","@id":"https:\/\/staging.pitenis.eu\/fr\/contexte\/#breadcrumb","itemListElement":[{"@type":"ListItem","position":1,"name":"Home","item":"https:\/\/staging.pitenis.eu\/fr\/"},{"@type":"ListItem","position":2,"name":"Contexte"}]},{"@type":"WebSite","@id":"https:\/\/staging.pitenis.eu\/fr\/#website","url":"https:\/\/staging.pitenis.eu\/fr\/","name":"Pitenis Shop | &#039;\u0395\u03c4\u03bf\u03b9\u03bc\u03b5\u03c2 \u03c3\u03b1\u03bb\u03ac\u03c4\u03b5\u03c2","description":"\u03b1\u03bb\u03bf\u03b9\u03c6\u03ad\u03c2, \u03c8\u03b1\u03c1\u03b9\u03ba\u03ac, \u03c4\u03bf\u03c5\u03c1\u03c3\u03ac\u03ba\u03b9\u03b1","publisher":{"@id":"https:\/\/staging.pitenis.eu\/fr\/#organization"},"potentialAction":[{"@type":"SearchAction","target":{"@type":"EntryPoint","urlTemplate":"https:\/\/staging.pitenis.eu\/fr\/?s={search_term_string}"},"query-input":{"@type":"PropertyValueSpecification","valueRequired":true,"valueName":"search_term_string"}}],"inLanguage":"fr-FR"},{"@type":"Organization","@id":"https:\/\/staging.pitenis.eu\/fr\/#organization","name":"Pitenis Shop | &#039;\u0395\u03c4\u03bf\u03b9\u03bc\u03b5\u03c2 \u03c3\u03b1\u03bb\u03ac\u03c4\u03b5\u03c2","url":"https:\/\/staging.pitenis.eu\/fr\/","logo":{"@type":"ImageObject","inLanguage":"fr-FR","@id":"https:\/\/staging.pitenis.eu\/fr\/#\/schema\/logo\/image\/","url":"https:\/\/staging.pitenis.eu\/wp-content\/uploads\/2025\/04\/cropped-pitenis_logo.png","contentUrl":"https:\/\/staging.pitenis.eu\/wp-content\/uploads\/2025\/04\/cropped-pitenis_logo.png","width":172,"height":74,"caption":"Pitenis Shop | &#039;\u0395\u03c4\u03bf\u03b9\u03bc\u03b5\u03c2 \u03c3\u03b1\u03bb\u03ac\u03c4\u03b5\u03c2"},"image":{"@id":"https:\/\/staging.pitenis.eu\/fr\/#\/schema\/logo\/image\/"}}]}},"_links":{"self":[{"href":"https:\/\/staging.pitenis.eu\/fr\/wp-json\/wp\/v2\/pages\/12368","targetHints":{"allow":["GET"]}}],"collection":[{"href":"https:\/\/staging.pitenis.eu\/fr\/wp-json\/wp\/v2\/pages"}],"about":[{"href":"https:\/\/staging.pitenis.eu\/fr\/wp-json\/wp\/v2\/types\/page"}],"author":[{"embeddable":true,"href":"https:\/\/staging.pitenis.eu\/fr\/wp-json\/wp\/v2\/users\/1"}],"replies":[{"embeddable":true,"href":"https:\/\/staging.pitenis.eu\/fr\/wp-json\/wp\/v2\/comments?post=12368"}],"version-history":[{"count":2,"href":"https:\/\/staging.pitenis.eu\/fr\/wp-json\/wp\/v2\/pages\/12368\/revisions"}],"predecessor-version":[{"id":13674,"href":"https:\/\/staging.pitenis.eu\/fr\/wp-json\/wp\/v2\/pages\/12368\/revisions\/13674"}],"wp:attachment":[{"href":"https:\/\/staging.pitenis.eu\/fr\/wp-json\/wp\/v2\/media?parent=12368"}],"curies":[{"name":"wp","href":"https:\/\/api.w.org\/{rel}","templated":true}]}}